{"id":65623,"date":"2021-02-27T20:50:32","date_gmt":"2021-02-27T19:50:32","guid":{"rendered":"https:\/\/liberatorshop.eu\/informationen-fuer-kunden\/"},"modified":"2024-06-30T17:19:28","modified_gmt":"2024-06-30T16:19:28","slug":"informationen-fuer-kunden","status":"publish","type":"page","link":"https:\/\/liberatorshop.eu\/de\/informationen-fuer-kunden\/","title":{"rendered":"Informationen f\u00fcr Kunden"},"content":{"rendered":"<div class=\"fusion-fullwidth fullwidth-box fusion-builder-row-1 fusion-flex-container nonhundred-percent-fullwidth non-hundred-percent-height-scrolling\" style=\"--awb-border-radius-top-left:0px;--awb-border-radius-top-right:0px;--awb-border-radius-bottom-right:0px;--awb-border-radius-bottom-left:0px;--awb-flex-wrap:wrap;\" ><div class=\"fusion-builder-row fusion-row fusion-flex-align-items-flex-start fusion-flex-content-wrap\" style=\"max-width:calc( 1375px + );margin-left: calc(- \/ 2 );margin-right: calc(- \/ 2 );\"><div class=\"fusion-layout-column fusion_builder_column fusion-builder-column-0 fusion_builder_column_1_1 1_1 fusion-flex-column\" style=\"--awb-bg-size:cover;--awb-width-large:100%;--awb-margin-top-large:0px;--awb-margin-bottom-large:0px;--awb-width-medium:100%;--awb-width-small:100%;\"><div class=\"fusion-column-wrapper fusion-flex-justify-content-flex-start fusion-content-layout-column\"><nav class=\"fusion-breadcrumbs awb-yoast-breadcrumbs fusion-breadcrumbs-1\" style=\"--awb-margin-top:20px;--awb-margin-right:0px;--awb-margin-bottom:20px;--awb-margin-left:0px;--awb-breadcrumb-sep:&#039;\/&#039;;\" aria-label=\"Breadcrumb\"><span><span><a href=\"https:\/\/liberatorshop.eu\/de\/\">Home<\/a><\/span><\/span><\/nav><div class=\"fusion-title title fusion-title-1 fusion-sep-none fusion-title-text fusion-title-size-one\" style=\"--awb-margin-top-small:10px;--awb-margin-right-small:0px;--awb-margin-bottom-small:10px;--awb-margin-left-small:0px;\"><h1 class=\"fusion-title-heading title-heading-left\" style=\"font-family:var(--awb-typography1-font-family);font-weight:var(--awb-typography1-font-weight);font-style:var(--awb-typography1-font-style);margin:0;\">Informationen f\u00fcr Kunden<\/h1><\/div><div class=\"fusion-text fusion-text-1\"><p>Liberatorshop.eu f\u00e4llt unter SixtyNine bv. SixtyNine bv ist Gro\u00dfh\u00e4ndler und Vertreiber von Liberator-Produkten. Wir verkaufen auch Spielzeug, Latex Dessous, Boudoir und K\u00f6rperpflegeprodukte im Webshop liberatorshop.eu.<\/p>\n<p>Bei Fragen, Kommentaren, Vorschl\u00e4gen oder Terminen senden Sie bitte eine E-Mail an: info@liberatorshop.eu <\/p>\n<p><strong>Versand weltweit.<br \/><\/strong>Alle Zahlungen m\u00fcssen im Voraus erfolgen, es sei denn, Klarna wurde f\u00fcr die Zahlung ausgew\u00e4hlt. Die Lieferung der Ware erfolgt erst nach Zahlungseingang. Die Versandkosten sind l\u00e4nderspezifisch und h\u00e4ngen von Gr\u00f6\u00dfe und Gewicht ab. In der Regel werden Bestellungen innerhalb von 2-4 Werktagen geliefert. <\/p>\n<p>Bitte beachten Sie, dass f\u00fcr Sendungen au\u00dferhalb der Europ\u00e4ischen Union (EU) m\u00f6glicherweise zus\u00e4tzliche Z\u00f6lle erhoben werden. Bitte wenden Sie sich vorab an Ihr \u00f6rtliches Zollamt.<\/p>\n<p>Machen Sie Ihre Einzahlung innerhalb einer Woche nach der Bestellung auf das folgende Konto und vergessen Sie nicht, Ihre Bestellnummer anzugeben:<\/p>\n<p><strong>Bankdaten<br \/><\/strong>Bank: ABN-AMRO BANK (Hoorn)<br \/>IBAN: NL98 ABNA 0568 6115 35<br \/>BIC: ABNANL2A<\/p>\n<p><strong>\u00dcber Liberator<br \/><\/strong> Die Marke Liberator existiert in einem Umfeld, in dem sich Liebe, Kunst und Entdeckung treffen. Das Sortiment ist nicht exotisch genug, um in die Kategorie &#8222;Sexprodukte f\u00fcr Erwachsene&#8220; eingestuft zu werden, aber es ist zu sexy, um als durchschnittlich angesehen zu werden. Liberators Produkte im Liebesstil wurden in der Welt des Sex und der Erotik noch nie gesehen und bringen ihre eigene Dynamik mit. Ziel ist es, den Partnern gemeinsam und individuell die bestm\u00f6gliche Liebeserfahrung zu erm\u00f6glichen. <\/p>\n<p>Liberator Bedroom Adventure Gear gibt es seit 2004. Das Unternehmen wurde von zwei Frauen und ihren Ehem\u00e4nnern gegr\u00fcndet, die in den USA und Kanada leben. Aus pers\u00f6nlicher Erfahrung haben sie verstanden, dass Monogamie ohne die M\u00f6glichkeit der Entdeckung und neue sexuelle Perspektiven unglaublich langweilig sein kann. Inspiriert von einem Zeitschriftenartikel, der die Verwendung von Kissen beim Liebesspiel beschreibt, begaben sich die vier auf eine Reise der Forschung und Entdeckung. Dies f\u00fchrte zu einer neuen Sicht auf Sex und die aktuelle Produktlinie Liberator.<\/p>\n<p><strong>Jetzt &amp; Zukunft<br \/><\/strong> Die Produkte verwandeln gew\u00f6hnliche Schlafzimmer in eine kreative Sexlandschaft. Die Verwendung von Liberator Shapes mit verschiedenen Winkeln, Formen, Kurven, Farben und Gr\u00f6\u00dfen ist ein gro\u00dfartiges Stimulans! Befreier helfen Menschen jeder Gr\u00f6\u00dfe und jedes Gewichts, mit R\u00fcckenproblemen oder anderen Erkrankungen, bequem n\u00e4her und zusammen zu kommen, um sich zu entspannen, intim zu sein und \/ oder Sex zu haben. Jetzt und in Zukunft werden weitere Produkte mit dem Liberator-Label erscheinen.<\/p>\n<p><strong>\u00dcber SixtyNine bv<br \/><\/strong> SixtyNine bv ist Lizenznehmer f\u00fcr die Produktion und den Verkauf von Liberator Bedroom Adventure Gear-Produkten, einer Marke im Liebesstil. Seit Mai 2008 hat SixtyNine bv, die Muttergesellschaft von liberatorshop.eu, die Rechte zur Herstellung und zum Verkauf von Liberator-Produkten in den Niederlanden, Deutschland, Frankreich und Belgien. SixtyNine bv hat sein B\u00fcro in Hoorn in Nordholland. SixtyNine bv versteht sich als mehr als ein Anbieter von Produkten, die die sexuelle Erfahrung zwischen Partnern f\u00fcr den Einzelnen unterst\u00fctzen. In naher Zukunft werden separate Standorte mit Produkten f\u00fcr den orthop\u00e4dischen Einsatz speziell f\u00fcr Behinderte entwickelt. Es wird auch eine Website mit M\u00f6beln speziell zum Spielen und Entspannen entwickelt.<\/p>\n<p>SixtyNine z<br \/>Postbus 4046<br \/>1620 HA HOORN<br \/>Die Niederlande<\/p>\n<p>E-mail: info@ liberatorshop.eu<br \/>Internet: liberatorshop.eu<\/p>\n<p>KvK: 62 922 122<br \/>BTW nr: NL.8550.15.627.B01<\/p>\n<p style=\"text-align: left;\">Kreieren Sie Ihren eigenen Liebesstil!<\/p>\n<p><img decoding=\"async\" class=\"wp-image-31755 aligncenter\" src=\"https:\/\/liberatorshop.eu\/wp-content\/uploads\/2020\/07\/Liberatorshop-Logo-2020.png\" alt=\"Liberatorshop Logo\" width=\"152\" height=\"62\"><\/p>\n<p>&nbsp;<\/p>\n<\/div><\/div><\/div><\/div><\/div>\n","protected":false},"excerpt":{"rendered":"","protected":false},"author":1,"featured_media":0,"parent":0,"menu_order":0,"comment_status":"closed","ping_status":"closed","template":"","meta":{"footnotes":""},"class_list":["post-65623","page","type-page","status-publish","hentry"],"yoast_head":"<!-- This site is optimized with the Yoast SEO plugin v27.3 - https:\/\/yoast.com\/product\/yoast-seo-wordpress\/ -->\n<title>Informationen f\u00fcr Kunden - Liberatorshop \u2013 Sexm\u00f6bel und Sexkissen zum Entdecken<\/title>\n<meta name=\"robots\" content=\"index, follow, max-snippet:-1, max-image-preview:large, max-video-preview:-1\" \/>\n<link rel=\"canonical\" href=\"https:\/\/liberatorshop.eu\/de\/informationen-fuer-kunden\/\" \/>\n<meta property=\"og:locale\" content=\"de_DE\" \/>\n<meta property=\"og:type\" content=\"article\" \/>\n<meta property=\"og:title\" content=\"Informationen f\u00fcr Kunden - Liberatorshop \u2013 Sexm\u00f6bel und Sexkissen zum Entdecken\" \/>\n<meta property=\"og:url\" content=\"https:\/\/liberatorshop.eu\/de\/informationen-fuer-kunden\/\" \/>\n<meta property=\"og:site_name\" content=\"Liberatorshop \u2013 Sexm\u00f6bel und Sexkissen zum Entdecken\" \/>\n<meta property=\"article:modified_time\" content=\"2024-06-30T16:19:28+00:00\" \/>\n<meta property=\"og:image\" content=\"https:\/\/liberatorshop.eu\/wp-content\/uploads\/2020\/07\/Liberatorshop-Logo-2020.png\" \/>\n<meta name=\"twitter:card\" content=\"summary_large_image\" \/>\n<meta name=\"twitter:label1\" content=\"Gesch\u00e4tzte Lesezeit\" \/>\n\t<meta name=\"twitter:data1\" content=\"5\u00a0Minuten\" \/>\n<script type=\"application\/ld+json\" class=\"yoast-schema-graph\">{\"@context\":\"https:\\\/\\\/schema.org\",\"@graph\":[{\"@type\":\"WebPage\",\"@id\":\"https:\\\/\\\/liberatorshop.eu\\\/de\\\/informationen-fuer-kunden\\\/\",\"url\":\"https:\\\/\\\/liberatorshop.eu\\\/de\\\/informationen-fuer-kunden\\\/\",\"name\":\"Informationen f\u00fcr Kunden - Liberatorshop \u2013 Sexm\u00f6bel und Sexkissen zum Entdecken\",\"isPartOf\":{\"@id\":\"https:\\\/\\\/liberatorshop.eu\\\/de\\\/#website\"},\"primaryImageOfPage\":{\"@id\":\"https:\\\/\\\/liberatorshop.eu\\\/de\\\/informationen-fuer-kunden\\\/#primaryimage\"},\"image\":{\"@id\":\"https:\\\/\\\/liberatorshop.eu\\\/de\\\/informationen-fuer-kunden\\\/#primaryimage\"},\"thumbnailUrl\":\"https:\\\/\\\/liberatorshop.eu\\\/wp-content\\\/uploads\\\/2020\\\/07\\\/Liberatorshop-Logo-2020.png\",\"datePublished\":\"2021-02-27T19:50:32+00:00\",\"dateModified\":\"2024-06-30T16:19:28+00:00\",\"breadcrumb\":{\"@id\":\"https:\\\/\\\/liberatorshop.eu\\\/de\\\/informationen-fuer-kunden\\\/#breadcrumb\"},\"inLanguage\":\"de\",\"potentialAction\":[{\"@type\":\"ReadAction\",\"target\":[\"https:\\\/\\\/liberatorshop.eu\\\/de\\\/informationen-fuer-kunden\\\/\"]}]},{\"@type\":\"ImageObject\",\"inLanguage\":\"de\",\"@id\":\"https:\\\/\\\/liberatorshop.eu\\\/de\\\/informationen-fuer-kunden\\\/#primaryimage\",\"url\":\"https:\\\/\\\/liberatorshop.eu\\\/wp-content\\\/uploads\\\/2020\\\/07\\\/Liberatorshop-Logo-2020.png\",\"contentUrl\":\"https:\\\/\\\/liberatorshop.eu\\\/wp-content\\\/uploads\\\/2020\\\/07\\\/Liberatorshop-Logo-2020.png\"},{\"@type\":\"BreadcrumbList\",\"@id\":\"https:\\\/\\\/liberatorshop.eu\\\/de\\\/informationen-fuer-kunden\\\/#breadcrumb\",\"itemListElement\":[{\"@type\":\"ListItem\",\"position\":1,\"name\":\"Home\",\"item\":\"https:\\\/\\\/liberatorshop.eu\\\/de\\\/\"},{\"@type\":\"ListItem\",\"position\":2,\"name\":\"Informationen f\u00fcr Kunden\"}]},{\"@type\":\"WebSite\",\"@id\":\"https:\\\/\\\/liberatorshop.eu\\\/de\\\/#website\",\"url\":\"https:\\\/\\\/liberatorshop.eu\\\/de\\\/\",\"name\":\"Liberatorshop.eu\",\"description\":\"Liberatorshop - Love All Ways\",\"publisher\":{\"@id\":\"https:\\\/\\\/liberatorshop.eu\\\/de\\\/#organization\"},\"potentialAction\":[{\"@type\":\"SearchAction\",\"target\":{\"@type\":\"EntryPoint\",\"urlTemplate\":\"https:\\\/\\\/liberatorshop.eu\\\/de\\\/?s={search_term_string}\"},\"query-input\":{\"@type\":\"PropertyValueSpecification\",\"valueRequired\":true,\"valueName\":\"search_term_string\"}}],\"inLanguage\":\"de\"},{\"@type\":\"Organization\",\"@id\":\"https:\\\/\\\/liberatorshop.eu\\\/de\\\/#organization\",\"name\":\"Liberatorshop\",\"url\":\"https:\\\/\\\/liberatorshop.eu\\\/de\\\/\",\"logo\":{\"@type\":\"ImageObject\",\"inLanguage\":\"de\",\"@id\":\"https:\\\/\\\/liberatorshop.eu\\\/de\\\/#\\\/schema\\\/logo\\\/image\\\/\",\"url\":\"https:\\\/\\\/liberatorshop.eu\\\/wp-content\\\/uploads\\\/2023\\\/09\\\/flip-ramp-EXAMPLES-1500-x-500-px.png\",\"contentUrl\":\"https:\\\/\\\/liberatorshop.eu\\\/wp-content\\\/uploads\\\/2023\\\/09\\\/flip-ramp-EXAMPLES-1500-x-500-px.png\",\"width\":2560,\"height\":854,\"caption\":\"Liberatorshop\"},\"image\":{\"@id\":\"https:\\\/\\\/liberatorshop.eu\\\/de\\\/#\\\/schema\\\/logo\\\/image\\\/\"}}]}<\/script>\n<!-- \/ Yoast SEO plugin. -->","yoast_head_json":{"title":"Informationen f\u00fcr Kunden - Liberatorshop \u2013 Sexm\u00f6bel und Sexkissen zum Entdecken","robots":{"index":"index","follow":"follow","max-snippet":"max-snippet:-1","max-image-preview":"max-image-preview:large","max-video-preview":"max-video-preview:-1"},"canonical":"https:\/\/liberatorshop.eu\/de\/informationen-fuer-kunden\/","og_locale":"de_DE","og_type":"article","og_title":"Informationen f\u00fcr Kunden - Liberatorshop \u2013 Sexm\u00f6bel und Sexkissen zum Entdecken","og_url":"https:\/\/liberatorshop.eu\/de\/informationen-fuer-kunden\/","og_site_name":"Liberatorshop \u2013 Sexm\u00f6bel und Sexkissen zum Entdecken","article_modified_time":"2024-06-30T16:19:28+00:00","og_image":[{"url":"https:\/\/liberatorshop.eu\/wp-content\/uploads\/2020\/07\/Liberatorshop-Logo-2020.png","type":"","width":"","height":""}],"twitter_card":"summary_large_image","twitter_misc":{"Gesch\u00e4tzte Lesezeit":"5\u00a0Minuten"},"schema":{"@context":"https:\/\/schema.org","@graph":[{"@type":"WebPage","@id":"https:\/\/liberatorshop.eu\/de\/informationen-fuer-kunden\/","url":"https:\/\/liberatorshop.eu\/de\/informationen-fuer-kunden\/","name":"Informationen f\u00fcr Kunden - Liberatorshop \u2013 Sexm\u00f6bel und Sexkissen zum Entdecken","isPartOf":{"@id":"https:\/\/liberatorshop.eu\/de\/#website"},"primaryImageOfPage":{"@id":"https:\/\/liberatorshop.eu\/de\/informationen-fuer-kunden\/#primaryimage"},"image":{"@id":"https:\/\/liberatorshop.eu\/de\/informationen-fuer-kunden\/#primaryimage"},"thumbnailUrl":"https:\/\/liberatorshop.eu\/wp-content\/uploads\/2020\/07\/Liberatorshop-Logo-2020.png","datePublished":"2021-02-27T19:50:32+00:00","dateModified":"2024-06-30T16:19:28+00:00","breadcrumb":{"@id":"https:\/\/liberatorshop.eu\/de\/informationen-fuer-kunden\/#breadcrumb"},"inLanguage":"de","potentialAction":[{"@type":"ReadAction","target":["https:\/\/liberatorshop.eu\/de\/informationen-fuer-kunden\/"]}]},{"@type":"ImageObject","inLanguage":"de","@id":"https:\/\/liberatorshop.eu\/de\/informationen-fuer-kunden\/#primaryimage","url":"https:\/\/liberatorshop.eu\/wp-content\/uploads\/2020\/07\/Liberatorshop-Logo-2020.png","contentUrl":"https:\/\/liberatorshop.eu\/wp-content\/uploads\/2020\/07\/Liberatorshop-Logo-2020.png"},{"@type":"BreadcrumbList","@id":"https:\/\/liberatorshop.eu\/de\/informationen-fuer-kunden\/#breadcrumb","itemListElement":[{"@type":"ListItem","position":1,"name":"Home","item":"https:\/\/liberatorshop.eu\/de\/"},{"@type":"ListItem","position":2,"name":"Informationen f\u00fcr Kunden"}]},{"@type":"WebSite","@id":"https:\/\/liberatorshop.eu\/de\/#website","url":"https:\/\/liberatorshop.eu\/de\/","name":"Liberatorshop.eu","description":"Liberatorshop - Love All Ways","publisher":{"@id":"https:\/\/liberatorshop.eu\/de\/#organization"},"potentialAction":[{"@type":"SearchAction","target":{"@type":"EntryPoint","urlTemplate":"https:\/\/liberatorshop.eu\/de\/?s={search_term_string}"},"query-input":{"@type":"PropertyValueSpecification","valueRequired":true,"valueName":"search_term_string"}}],"inLanguage":"de"},{"@type":"Organization","@id":"https:\/\/liberatorshop.eu\/de\/#organization","name":"Liberatorshop","url":"https:\/\/liberatorshop.eu\/de\/","logo":{"@type":"ImageObject","inLanguage":"de","@id":"https:\/\/liberatorshop.eu\/de\/#\/schema\/logo\/image\/","url":"https:\/\/liberatorshop.eu\/wp-content\/uploads\/2023\/09\/flip-ramp-EXAMPLES-1500-x-500-px.png","contentUrl":"https:\/\/liberatorshop.eu\/wp-content\/uploads\/2023\/09\/flip-ramp-EXAMPLES-1500-x-500-px.png","width":2560,"height":854,"caption":"Liberatorshop"},"image":{"@id":"https:\/\/liberatorshop.eu\/de\/#\/schema\/logo\/image\/"}}]}},"_links":{"self":[{"href":"https:\/\/liberatorshop.eu\/de\/wp-json\/wp\/v2\/pages\/65623","targetHints":{"allow":["GET"]}}],"collection":[{"href":"https:\/\/liberatorshop.eu\/de\/wp-json\/wp\/v2\/pages"}],"about":[{"href":"https:\/\/liberatorshop.eu\/de\/wp-json\/wp\/v2\/types\/page"}],"author":[{"embeddable":true,"href":"https:\/\/liberatorshop.eu\/de\/wp-json\/wp\/v2\/users\/1"}],"replies":[{"embeddable":true,"href":"https:\/\/liberatorshop.eu\/de\/wp-json\/wp\/v2\/comments?post=65623"}],"version-history":[{"count":19,"href":"https:\/\/liberatorshop.eu\/de\/wp-json\/wp\/v2\/pages\/65623\/revisions"}],"predecessor-version":[{"id":100455,"href":"https:\/\/liberatorshop.eu\/de\/wp-json\/wp\/v2\/pages\/65623\/revisions\/100455"}],"wp:attachment":[{"href":"https:\/\/liberatorshop.eu\/de\/wp-json\/wp\/v2\/media?parent=65623"}],"curies":[{"name":"wp","href":"https:\/\/api.w.org\/{rel}","templated":true}]}}