{"id":105534,"date":"2026-04-04T22:24:41","date_gmt":"2026-04-04T21:24:41","guid":{"rendered":"https:\/\/liberatorshop.eu\/?post_type=product&#038;p=105534"},"modified":"2026-05-02T16:04:06","modified_gmt":"2026-05-02T15:04:06","slug":"liberator-super-wedge","status":"publish","type":"product","link":"https:\/\/liberatorshop.eu\/de\/product\/liberator-de\/liberator-super-wedge\/","title":{"rendered":"Liberator Super Wedge"},"content":{"rendered":"<p>Entdecken Sie den <strong>Liberator Super Wedge<\/strong>, das Flaggschiff unter den Sexkissen, jetzt auch in einer gr\u00f6\u00dferen Gr\u00f6\u00dfe erh\u00e4ltlich. Dieses Kissen hebt Ihr Liebesleben im wahrsten Sinne des Wortes auf ein h\u00f6heres Niveau. Das ergonomische Design erm\u00f6glicht m\u00fchelos tiefe Penetration und G-Punkt-Stimulation. Perfekt f\u00fcr Missionar-, Doggystyle- und Solo-Spa\u00df.<\/p>\n<h3>Kompakt und vielseitig<\/h3>\n<p>De Super Wedge is handzaam maar krachtig, ideaal voor diverse seksposities. Es bietet auch zus\u00e4tzliche Unterst\u00fctzung und Solo-Spa\u00df.<\/p>\n<h3>Ultimativer Komfort<\/h3>\n<p>Mit einem weichen Mikrofaserbezug und einem festen Schaumkern bietet der Super Wedge sowohl Halt als auch Weichheit.<\/p>\n<h3>Spezifikationen:<\/h3>\n<ul>\n<li><strong>Abmessungen:<\/strong> 67,2 x 35,5 x 17,8 cm<\/li>\n<li>Farbe: schwarz<\/li>\n<li><strong>Material:<\/strong> Mikrofaser und Polyurethan<\/li>\n<li><strong>Wartung:<\/strong> Abnehmbarer, waschbarer Bezug<\/li>\n<li><strong>Verpackung:<\/strong> Diskreter, weltweiter Versand<\/li>\n<\/ul>\n<p>De Super Wedge is niet alleen een sekskussen; het is een revolutie in jouw slaapkamer. Ontdek, geniet, en experimenteer met de Liberator Super Wedge.<\/p>\n<p>Vergessen Sie nicht, <a href=\"https:\/\/liberatorshop.eu\/de\/produkt-kategorie-de\/liberator-de\/\" target=\"_new\" rel=\"noopener\">andere Liberator-Produkte<\/a> f\u00fcr ein umfassendes und umfassendes Erlebnis zu erkunden.<\/p>\n<p style=\"text-align: center;\"><strong>Positionen zum Ausprobieren<\/strong><\/p>\n<p><img decoding=\"async\" class=\"aligncenter size-full wp-image-105554\" src=\"https:\/\/liberatorshop.eu\/wp-content\/uploads\/2026\/04\/O50071780000_10.jpg\" alt=\"\" width=\"1000\" height=\"666\" srcset=\"https:\/\/liberatorshop.eu\/wp-content\/uploads\/2026\/04\/O50071780000_10-200x133.jpg 200w, https:\/\/liberatorshop.eu\/wp-content\/uploads\/2026\/04\/O50071780000_10-300x200.jpg 300w, https:\/\/liberatorshop.eu\/wp-content\/uploads\/2026\/04\/O50071780000_10-400x266.jpg 400w, https:\/\/liberatorshop.eu\/wp-content\/uploads\/2026\/04\/O50071780000_10-600x400.jpg 600w, https:\/\/liberatorshop.eu\/wp-content\/uploads\/2026\/04\/O50071780000_10-700x466.jpg 700w, https:\/\/liberatorshop.eu\/wp-content\/uploads\/2026\/04\/O50071780000_10-768x511.jpg 768w, https:\/\/liberatorshop.eu\/wp-content\/uploads\/2026\/04\/O50071780000_10-800x533.jpg 800w, https:\/\/liberatorshop.eu\/wp-content\/uploads\/2026\/04\/O50071780000_10.jpg 1000w\" sizes=\"(max-width: 1000px) 100vw, 1000px\" \/><img decoding=\"async\" class=\"aligncenter size-full wp-image-105549\" src=\"https:\/\/liberatorshop.eu\/wp-content\/uploads\/2026\/04\/O50071780000_11.jpg\" alt=\"\" width=\"1000\" height=\"562\" srcset=\"https:\/\/liberatorshop.eu\/wp-content\/uploads\/2026\/04\/O50071780000_11-200x112.jpg 200w, https:\/\/liberatorshop.eu\/wp-content\/uploads\/2026\/04\/O50071780000_11-300x169.jpg 300w, https:\/\/liberatorshop.eu\/wp-content\/uploads\/2026\/04\/O50071780000_11-400x225.jpg 400w, https:\/\/liberatorshop.eu\/wp-content\/uploads\/2026\/04\/O50071780000_11-600x337.jpg 600w, https:\/\/liberatorshop.eu\/wp-content\/uploads\/2026\/04\/O50071780000_11-700x393.jpg 700w, https:\/\/liberatorshop.eu\/wp-content\/uploads\/2026\/04\/O50071780000_11-768x432.jpg 768w, https:\/\/liberatorshop.eu\/wp-content\/uploads\/2026\/04\/O50071780000_11-800x450.jpg 800w, https:\/\/liberatorshop.eu\/wp-content\/uploads\/2026\/04\/O50071780000_11.jpg 1000w\" sizes=\"(max-width: 1000px) 100vw, 1000px\" \/><img decoding=\"async\" class=\"aligncenter size-full wp-image-105544\" src=\"https:\/\/liberatorshop.eu\/wp-content\/uploads\/2026\/04\/O50071780000_12.jpg\" alt=\"\" width=\"1000\" height=\"925\" srcset=\"https:\/\/liberatorshop.eu\/wp-content\/uploads\/2026\/04\/O50071780000_12-200x185.jpg 200w, https:\/\/liberatorshop.eu\/wp-content\/uploads\/2026\/04\/O50071780000_12-300x278.jpg 300w, https:\/\/liberatorshop.eu\/wp-content\/uploads\/2026\/04\/O50071780000_12-400x370.jpg 400w, https:\/\/liberatorshop.eu\/wp-content\/uploads\/2026\/04\/O50071780000_12-600x555.jpg 600w, https:\/\/liberatorshop.eu\/wp-content\/uploads\/2026\/04\/O50071780000_12-700x648.jpg 700w, https:\/\/liberatorshop.eu\/wp-content\/uploads\/2026\/04\/O50071780000_12-768x710.jpg 768w, https:\/\/liberatorshop.eu\/wp-content\/uploads\/2026\/04\/O50071780000_12-800x740.jpg 800w, https:\/\/liberatorshop.eu\/wp-content\/uploads\/2026\/04\/O50071780000_12.jpg 1000w\" sizes=\"(max-width: 1000px) 100vw, 1000px\" \/><img decoding=\"async\" class=\"aligncenter size-full wp-image-105539\" src=\"https:\/\/liberatorshop.eu\/wp-content\/uploads\/2026\/04\/O50071780000_13.jpg\" alt=\"\" width=\"485\" height=\"1000\" srcset=\"https:\/\/liberatorshop.eu\/wp-content\/uploads\/2026\/04\/O50071780000_13-146x300.jpg 146w, https:\/\/liberatorshop.eu\/wp-content\/uploads\/2026\/04\/O50071780000_13-200x412.jpg 200w, https:\/\/liberatorshop.eu\/wp-content\/uploads\/2026\/04\/O50071780000_13-291x600.jpg 291w, https:\/\/liberatorshop.eu\/wp-content\/uploads\/2026\/04\/O50071780000_13-400x825.jpg 400w, https:\/\/liberatorshop.eu\/wp-content\/uploads\/2026\/04\/O50071780000_13.jpg 485w\" sizes=\"(max-width: 485px) 100vw, 485px\" \/><\/p>\n","protected":false},"excerpt":{"rendered":"<p>Entdecken Sie den Liberator Super Wedge, das Flaggschiff unter den Sexkissen, jetzt auch in einer gr\u00f6\u00dferen Gr\u00f6\u00dfe erh\u00e4ltlich. Dieses Kissen hebt Ihr Liebesleben im wahrsten Sinne des Wortes auf ein h\u00f6heres Niveau. Das ergonomische Design erm\u00f6glicht m\u00fchelos tiefe Penetration und G-Punkt-Stimulation. Perfekt f\u00fcr Missionar-, Doggystyle- und Solo-Spa\u00df.<\/p>\n","protected":false},"featured_media":105564,"comment_status":"open","ping_status":"closed","template":"","meta":[],"product_brand":[],"product_cat":[16186,15761,20939],"product_tag":[15849,15791,15847,15774,15792,15845,15846,15848,15850,15851,15844],"class_list":{"0":"post-105534","1":"product","2":"type-product","3":"status-publish","4":"has-post-thumbnail","6":"product_cat-bestsellers-de","7":"product_cat-liberator-de","8":"product_cat-liberator-wedges-de","9":"product_tag-erotikladen","10":"product_tag-g-spot-de","11":"product_tag-kissen","12":"product_tag-liberator-de","13":"product_tag-liberatorshop-de","14":"product_tag-schwarz","15":"product_tag-sex-position","16":"product_tag-sexkissen","17":"product_tag-sexuelle-beziehung","18":"product_tag-sexvergnugen","19":"product_tag-wedge-de","20":"product_shipping_class-lieferzeit-1-2-werktage","22":"first","23":"instock","24":"sale","25":"featured","26":"taxable","27":"shipping-taxable","28":"purchasable","29":"product-type-simple"},"yoast_head":"<!-- This site is optimized with the Yoast SEO plugin v27.5 - https:\/\/yoast.com\/product\/yoast-seo-wordpress\/ -->\n<title>Liberator Super Wedge - Liberatorshop \u2013 Sexm\u00f6bel und Sexkissen zum Entdecken<\/title>\n<meta name=\"description\" content=\"Entdecken Sie den Liberator Wedge, die Spitze der Sexkissen. Dieses Kissen hebt Ihr Liebesleben im wahrsten Sinne des Wortes auf ein h\u00f6heres Niveau. Das ergonomische Design mit einem Winkel von 27 Grad erm\u00f6glicht ein tiefes Eindringen und eine m\u00fchelose G-Punkt-Stimulation. Perfekt f\u00fcr Missionar-, Doggystyle- und Solo-Spa\u00df.\" \/>\n<meta name=\"robots\" content=\"index, follow, max-snippet:-1, max-image-preview:large, max-video-preview:-1\" \/>\n<link rel=\"canonical\" href=\"https:\/\/liberatorshop.eu\/de\/product\/liberator-de\/liberator-super-wedge\/\" \/>\n<meta property=\"og:locale\" content=\"de_DE\" \/>\n<meta property=\"og:type\" content=\"article\" \/>\n<meta property=\"og:title\" content=\"Liberator Super Wedge - Liberatorshop \u2013 Sexm\u00f6bel und Sexkissen zum Entdecken\" \/>\n<meta property=\"og:description\" content=\"Entdecken Sie den Liberator Wedge, die Spitze der Sexkissen. Dieses Kissen hebt Ihr Liebesleben im wahrsten Sinne des Wortes auf ein h\u00f6heres Niveau. Das ergonomische Design mit einem Winkel von 27 Grad erm\u00f6glicht ein tiefes Eindringen und eine m\u00fchelose G-Punkt-Stimulation. Perfekt f\u00fcr Missionar-, Doggystyle- und Solo-Spa\u00df.\" \/>\n<meta property=\"og:url\" content=\"https:\/\/liberatorshop.eu\/de\/product\/liberator-de\/liberator-super-wedge\/\" \/>\n<meta property=\"og:site_name\" content=\"Liberatorshop \u2013 Sexm\u00f6bel und Sexkissen zum Entdecken\" \/>\n<meta property=\"article:modified_time\" content=\"2026-05-02T15:04:06+00:00\" \/>\n<meta property=\"og:image\" content=\"https:\/\/liberatorshop.eu\/wp-content\/uploads\/2026\/04\/O50071780000_10.jpg\" \/>\n\t<meta property=\"og:image:width\" content=\"1000\" \/>\n\t<meta property=\"og:image:height\" content=\"666\" \/>\n\t<meta property=\"og:image:type\" content=\"image\/jpeg\" \/>\n<meta name=\"twitter:card\" content=\"summary_large_image\" \/>\n<meta name=\"twitter:label1\" content=\"Gesch\u00e4tzte Lesezeit\" \/>\n\t<meta name=\"twitter:data1\" content=\"2\u00a0Minuten\" \/>\n<script type=\"application\/ld+json\" class=\"yoast-schema-graph\">{\"@context\":\"https:\\\/\\\/schema.org\",\"@graph\":[{\"@type\":\"WebPage\",\"@id\":\"https:\\\/\\\/liberatorshop.eu\\\/de\\\/product\\\/liberator-de\\\/liberator-super-wedge\\\/\",\"url\":\"https:\\\/\\\/liberatorshop.eu\\\/de\\\/product\\\/liberator-de\\\/liberator-super-wedge\\\/\",\"name\":\"Liberator Super Wedge - Liberatorshop \u2013 Sexm\u00f6bel und Sexkissen zum Entdecken\",\"isPartOf\":{\"@id\":\"https:\\\/\\\/liberatorshop.eu\\\/de\\\/#website\"},\"primaryImageOfPage\":{\"@id\":\"https:\\\/\\\/liberatorshop.eu\\\/de\\\/product\\\/liberator-de\\\/liberator-super-wedge\\\/#primaryimage\"},\"image\":{\"@id\":\"https:\\\/\\\/liberatorshop.eu\\\/de\\\/product\\\/liberator-de\\\/liberator-super-wedge\\\/#primaryimage\"},\"thumbnailUrl\":\"https:\\\/\\\/liberatorshop.eu\\\/wp-content\\\/uploads\\\/2026\\\/04\\\/O50071780000_07.jpg\",\"datePublished\":\"2026-04-04T21:24:41+00:00\",\"dateModified\":\"2026-05-02T15:04:06+00:00\",\"description\":\"Entdecken Sie den Liberator Wedge, die Spitze der Sexkissen. Dieses Kissen hebt Ihr Liebesleben im wahrsten Sinne des Wortes auf ein h\u00f6heres Niveau. Das ergonomische Design mit einem Winkel von 27 Grad erm\u00f6glicht ein tiefes Eindringen und eine m\u00fchelose G-Punkt-Stimulation. Perfekt f\u00fcr Missionar-, Doggystyle- und Solo-Spa\u00df.\",\"breadcrumb\":{\"@id\":\"https:\\\/\\\/liberatorshop.eu\\\/de\\\/product\\\/liberator-de\\\/liberator-super-wedge\\\/#breadcrumb\"},\"inLanguage\":\"de\",\"potentialAction\":[{\"@type\":\"ReadAction\",\"target\":[\"https:\\\/\\\/liberatorshop.eu\\\/de\\\/product\\\/liberator-de\\\/liberator-super-wedge\\\/\"]}]},{\"@type\":\"ImageObject\",\"inLanguage\":\"de\",\"@id\":\"https:\\\/\\\/liberatorshop.eu\\\/de\\\/product\\\/liberator-de\\\/liberator-super-wedge\\\/#primaryimage\",\"url\":\"https:\\\/\\\/liberatorshop.eu\\\/wp-content\\\/uploads\\\/2026\\\/04\\\/O50071780000_07.jpg\",\"contentUrl\":\"https:\\\/\\\/liberatorshop.eu\\\/wp-content\\\/uploads\\\/2026\\\/04\\\/O50071780000_07.jpg\",\"width\":1000,\"height\":1000},{\"@type\":\"BreadcrumbList\",\"@id\":\"https:\\\/\\\/liberatorshop.eu\\\/de\\\/product\\\/liberator-de\\\/liberator-super-wedge\\\/#breadcrumb\",\"itemListElement\":[{\"@type\":\"ListItem\",\"position\":1,\"name\":\"Home\",\"item\":\"https:\\\/\\\/liberatorshop.eu\\\/de\\\/\"},{\"@type\":\"ListItem\",\"position\":2,\"name\":\"Startseite\",\"item\":\"https:\\\/\\\/liberatorshop.eu\\\/de\\\/\"},{\"@type\":\"ListItem\",\"position\":3,\"name\":\"Liberator Super Wedge\"}]},{\"@type\":\"WebSite\",\"@id\":\"https:\\\/\\\/liberatorshop.eu\\\/de\\\/#website\",\"url\":\"https:\\\/\\\/liberatorshop.eu\\\/de\\\/\",\"name\":\"Liberatorshop.eu\",\"description\":\"Liberatorshop - Love All Ways\",\"publisher\":{\"@id\":\"https:\\\/\\\/liberatorshop.eu\\\/de\\\/#organization\"},\"potentialAction\":[{\"@type\":\"SearchAction\",\"target\":{\"@type\":\"EntryPoint\",\"urlTemplate\":\"https:\\\/\\\/liberatorshop.eu\\\/de\\\/?s={search_term_string}\"},\"query-input\":{\"@type\":\"PropertyValueSpecification\",\"valueRequired\":true,\"valueName\":\"search_term_string\"}}],\"inLanguage\":\"de\"},{\"@type\":\"Organization\",\"@id\":\"https:\\\/\\\/liberatorshop.eu\\\/de\\\/#organization\",\"name\":\"Liberatorshop\",\"url\":\"https:\\\/\\\/liberatorshop.eu\\\/de\\\/\",\"logo\":{\"@type\":\"ImageObject\",\"inLanguage\":\"de\",\"@id\":\"https:\\\/\\\/liberatorshop.eu\\\/de\\\/#\\\/schema\\\/logo\\\/image\\\/\",\"url\":\"https:\\\/\\\/liberatorshop.eu\\\/wp-content\\\/uploads\\\/2023\\\/09\\\/flip-ramp-EXAMPLES-1500-x-500-px.png\",\"contentUrl\":\"https:\\\/\\\/liberatorshop.eu\\\/wp-content\\\/uploads\\\/2023\\\/09\\\/flip-ramp-EXAMPLES-1500-x-500-px.png\",\"width\":2560,\"height\":854,\"caption\":\"Liberatorshop\"},\"image\":{\"@id\":\"https:\\\/\\\/liberatorshop.eu\\\/de\\\/#\\\/schema\\\/logo\\\/image\\\/\"}}]}<\/script>\n<!-- \/ Yoast SEO plugin. -->","yoast_head_json":{"title":"Liberator Super Wedge - Liberatorshop \u2013 Sexm\u00f6bel und Sexkissen zum Entdecken","description":"Entdecken Sie den Liberator Wedge, die Spitze der Sexkissen. Dieses Kissen hebt Ihr Liebesleben im wahrsten Sinne des Wortes auf ein h\u00f6heres Niveau. Das ergonomische Design mit einem Winkel von 27 Grad erm\u00f6glicht ein tiefes Eindringen und eine m\u00fchelose G-Punkt-Stimulation. Perfekt f\u00fcr Missionar-, Doggystyle- und Solo-Spa\u00df.","robots":{"index":"index","follow":"follow","max-snippet":"max-snippet:-1","max-image-preview":"max-image-preview:large","max-video-preview":"max-video-preview:-1"},"canonical":"https:\/\/liberatorshop.eu\/de\/product\/liberator-de\/liberator-super-wedge\/","og_locale":"de_DE","og_type":"article","og_title":"Liberator Super Wedge - Liberatorshop \u2013 Sexm\u00f6bel und Sexkissen zum Entdecken","og_description":"Entdecken Sie den Liberator Wedge, die Spitze der Sexkissen. Dieses Kissen hebt Ihr Liebesleben im wahrsten Sinne des Wortes auf ein h\u00f6heres Niveau. Das ergonomische Design mit einem Winkel von 27 Grad erm\u00f6glicht ein tiefes Eindringen und eine m\u00fchelose G-Punkt-Stimulation. Perfekt f\u00fcr Missionar-, Doggystyle- und Solo-Spa\u00df.","og_url":"https:\/\/liberatorshop.eu\/de\/product\/liberator-de\/liberator-super-wedge\/","og_site_name":"Liberatorshop \u2013 Sexm\u00f6bel und Sexkissen zum Entdecken","article_modified_time":"2026-05-02T15:04:06+00:00","og_image":[{"width":1000,"height":666,"url":"https:\/\/liberatorshop.eu\/wp-content\/uploads\/2026\/04\/O50071780000_10.jpg","type":"image\/jpeg"}],"twitter_card":"summary_large_image","twitter_misc":{"Gesch\u00e4tzte Lesezeit":"2\u00a0Minuten"},"schema":{"@context":"https:\/\/schema.org","@graph":[{"@type":"WebPage","@id":"https:\/\/liberatorshop.eu\/de\/product\/liberator-de\/liberator-super-wedge\/","url":"https:\/\/liberatorshop.eu\/de\/product\/liberator-de\/liberator-super-wedge\/","name":"Liberator Super Wedge - Liberatorshop \u2013 Sexm\u00f6bel und Sexkissen zum Entdecken","isPartOf":{"@id":"https:\/\/liberatorshop.eu\/de\/#website"},"primaryImageOfPage":{"@id":"https:\/\/liberatorshop.eu\/de\/product\/liberator-de\/liberator-super-wedge\/#primaryimage"},"image":{"@id":"https:\/\/liberatorshop.eu\/de\/product\/liberator-de\/liberator-super-wedge\/#primaryimage"},"thumbnailUrl":"https:\/\/liberatorshop.eu\/wp-content\/uploads\/2026\/04\/O50071780000_07.jpg","datePublished":"2026-04-04T21:24:41+00:00","dateModified":"2026-05-02T15:04:06+00:00","description":"Entdecken Sie den Liberator Wedge, die Spitze der Sexkissen. Dieses Kissen hebt Ihr Liebesleben im wahrsten Sinne des Wortes auf ein h\u00f6heres Niveau. Das ergonomische Design mit einem Winkel von 27 Grad erm\u00f6glicht ein tiefes Eindringen und eine m\u00fchelose G-Punkt-Stimulation. Perfekt f\u00fcr Missionar-, Doggystyle- und Solo-Spa\u00df.","breadcrumb":{"@id":"https:\/\/liberatorshop.eu\/de\/product\/liberator-de\/liberator-super-wedge\/#breadcrumb"},"inLanguage":"de","potentialAction":[{"@type":"ReadAction","target":["https:\/\/liberatorshop.eu\/de\/product\/liberator-de\/liberator-super-wedge\/"]}]},{"@type":"ImageObject","inLanguage":"de","@id":"https:\/\/liberatorshop.eu\/de\/product\/liberator-de\/liberator-super-wedge\/#primaryimage","url":"https:\/\/liberatorshop.eu\/wp-content\/uploads\/2026\/04\/O50071780000_07.jpg","contentUrl":"https:\/\/liberatorshop.eu\/wp-content\/uploads\/2026\/04\/O50071780000_07.jpg","width":1000,"height":1000},{"@type":"BreadcrumbList","@id":"https:\/\/liberatorshop.eu\/de\/product\/liberator-de\/liberator-super-wedge\/#breadcrumb","itemListElement":[{"@type":"ListItem","position":1,"name":"Home","item":"https:\/\/liberatorshop.eu\/de\/"},{"@type":"ListItem","position":2,"name":"Startseite","item":"https:\/\/liberatorshop.eu\/de\/"},{"@type":"ListItem","position":3,"name":"Liberator Super Wedge"}]},{"@type":"WebSite","@id":"https:\/\/liberatorshop.eu\/de\/#website","url":"https:\/\/liberatorshop.eu\/de\/","name":"Liberatorshop.eu","description":"Liberatorshop - Love All Ways","publisher":{"@id":"https:\/\/liberatorshop.eu\/de\/#organization"},"potentialAction":[{"@type":"SearchAction","target":{"@type":"EntryPoint","urlTemplate":"https:\/\/liberatorshop.eu\/de\/?s={search_term_string}"},"query-input":{"@type":"PropertyValueSpecification","valueRequired":true,"valueName":"search_term_string"}}],"inLanguage":"de"},{"@type":"Organization","@id":"https:\/\/liberatorshop.eu\/de\/#organization","name":"Liberatorshop","url":"https:\/\/liberatorshop.eu\/de\/","logo":{"@type":"ImageObject","inLanguage":"de","@id":"https:\/\/liberatorshop.eu\/de\/#\/schema\/logo\/image\/","url":"https:\/\/liberatorshop.eu\/wp-content\/uploads\/2023\/09\/flip-ramp-EXAMPLES-1500-x-500-px.png","contentUrl":"https:\/\/liberatorshop.eu\/wp-content\/uploads\/2023\/09\/flip-ramp-EXAMPLES-1500-x-500-px.png","width":2560,"height":854,"caption":"Liberatorshop"},"image":{"@id":"https:\/\/liberatorshop.eu\/de\/#\/schema\/logo\/image\/"}}]}},"_links":{"self":[{"href":"https:\/\/liberatorshop.eu\/de\/wp-json\/wp\/v2\/product\/105534","targetHints":{"allow":["GET"]}}],"collection":[{"href":"https:\/\/liberatorshop.eu\/de\/wp-json\/wp\/v2\/product"}],"about":[{"href":"https:\/\/liberatorshop.eu\/de\/wp-json\/wp\/v2\/types\/product"}],"replies":[{"embeddable":true,"href":"https:\/\/liberatorshop.eu\/de\/wp-json\/wp\/v2\/comments?post=105534"}],"wp:featuredmedia":[{"embeddable":true,"href":"https:\/\/liberatorshop.eu\/de\/wp-json\/wp\/v2\/media\/105564"}],"wp:attachment":[{"href":"https:\/\/liberatorshop.eu\/de\/wp-json\/wp\/v2\/media?parent=105534"}],"wp:term":[{"taxonomy":"product_brand","embeddable":true,"href":"https:\/\/liberatorshop.eu\/de\/wp-json\/wp\/v2\/product_brand?post=105534"},{"taxonomy":"product_cat","embeddable":true,"href":"https:\/\/liberatorshop.eu\/de\/wp-json\/wp\/v2\/product_cat?post=105534"},{"taxonomy":"product_tag","embeddable":true,"href":"https:\/\/liberatorshop.eu\/de\/wp-json\/wp\/v2\/product_tag?post=105534"}],"curies":[{"name":"wp","href":"https:\/\/api.w.org\/{rel}","templated":true}]}}