{"id":105663,"date":"2026-05-02T17:43:23","date_gmt":"2026-05-02T16:43:23","guid":{"rendered":"https:\/\/liberatorshop.eu\/?post_type=product&#038;p=105663"},"modified":"2026-05-02T20:49:28","modified_gmt":"2026-05-02T19:49:28","slug":"liberator-ravish-bondage-pillow","status":"publish","type":"product","link":"https:\/\/liberatorshop.eu\/de\/product\/liberator-de\/liberator-ravish-bondage-pillow\/","title":{"rendered":"Liberator Ravish Bondage Pillow"},"content":{"rendered":"<p data-start=\"642\" data-end=\"964\">Das <strong>Liberator Ravish Bondage-Kissen<\/strong> ist f\u00fcr Paare konzipiert, die mehr Komfort, Kontrolle und Leidenschaft in ihre intimen Momente bringen m\u00f6chten. Dank seiner l\u00e4nglichen, halbkreisf\u00f6rmigen Form st\u00fctzt das Kissen den K\u00f6rper genau dort, wo es ben\u00f6tigt wird, wodurch Stellungen bequemer und neue Positionen leichter beizubehalten sind.<\/p>\n<p data-start=\"966\" data-end=\"1196\">An beiden Seiten befinden sich lange Satinb\u00e4nder. Diese erm\u00f6glichen es, dezente Fesselspiele auf elegante und sinnliche Weise hinzuzuf\u00fcgen, ohne dass das Kissen seinen luxuri\u00f6sen Look verliert. Es wirkt verspielt, raffiniert und stilvoll zugleich.<\/p>\n<p data-start=\"1198\" data-end=\"1463\">Der weiche Mikrofaserbezug f\u00fchlt sich angenehm auf der Haut an und verleiht dem Kissen ein luxuri\u00f6ses Aussehen. Unter dem Bezug befindet sich ein fester, feuchtigkeitsbest\u00e4ndiger Schaumstoffkern, der f\u00fcr Stabilit\u00e4t w\u00e4hrend der Benutzung sorgt. Dadurch h\u00e4ngt das Kissen nicht so leicht durch und bietet dauerhaft guten Halt.<\/p>\n<p data-start=\"1465\" data-end=\"1625\">Nach Gebrauch l\u00e4sst sich der Bezug einfach vom Kissen abnehmen. Der Bezug ist maschinenwaschbar, sodass das Ravish Bondage Cushion w\u00e4hrend der Anwendung praktisch und hygienisch bleibt.<\/p>\n<p data-start=\"1627\" data-end=\"1709\">Ein elegantes Bondage-Kissen f\u00fcr alle, die Komfort, Verf\u00fchrung und Kontrolle miteinander verbinden m\u00f6chten.<\/p>\n<h2 data-section-id=\"im7d67\" data-start=\"1711\" data-end=\"1727\">Spezifikationen<\/h2>\n<ul>\n<li data-start=\"1729\" data-end=\"1968\">Abmessungen: 38,1 cm breit x 91,5 cm lang x 18 cm hoch<\/li>\n<li data-start=\"1729\" data-end=\"1968\">L\u00e4nge der Satinb\u00e4nder: 102 cm pro Band<\/li>\n<li data-start=\"1729\" data-end=\"1968\">Bezugsmaterial: Polyester-Mikrofaser<\/li>\n<li data-start=\"1729\" data-end=\"1968\">Kernmaterial: Polyurethanschaum<\/li>\n<li data-start=\"1729\" data-end=\"1968\">Bezug: abnehmbar und maschinenwaschbar<\/li>\n<li data-start=\"1729\" data-end=\"1968\">Innerer Kern: feuchtigkeitsbest\u00e4ndig<\/li>\n<\/ul>\n<p>Vergessen Sie nicht, <a href=\"https:\/\/liberatorshop.eu\/de\/produkt-kategorie-de\/liberator-de\/\" target=\"_new\" rel=\"noopener\">andere Liberator-Produkte<\/a> f\u00fcr ein umfassendes und umfassendes Erlebnis zu erkunden.<\/p>\n","protected":false},"excerpt":{"rendered":"<p>Das <strong>Liberator Ravish Bondage-Kissen<\/strong> ist f\u00fcr Paare konzipiert, die mehr Komfort, Kontrolle und Leidenschaft in ihre intimen Momente bringen m\u00f6chten. Dank seiner l\u00e4nglichen, halbkreisf\u00f6rmigen Form st\u00fctzt das Kissen den K\u00f6rper genau dort, wo es ben\u00f6tigt wird, wodurch Stellungen bequemer und neue Positionen leichter beizubehalten sind.<\/p>\n","protected":false},"featured_media":105682,"comment_status":"open","ping_status":"closed","template":"","meta":[],"product_brand":[],"product_cat":[16186,21036,15761,20939],"product_tag":[15849,15791,15847,15774,15792,15845,15846,15848,15850,15851,15844],"class_list":{"0":"post-105663","1":"product","2":"type-product","3":"status-publish","4":"has-post-thumbnail","6":"product_cat-bestsellers-de","7":"product_cat-bondage-de","8":"product_cat-liberator-de","9":"product_cat-liberator-wedges-de","10":"product_tag-erotikladen","11":"product_tag-g-spot-de","12":"product_tag-kissen","13":"product_tag-liberator-de","14":"product_tag-liberatorshop-de","15":"product_tag-schwarz","16":"product_tag-sex-position","17":"product_tag-sexkissen","18":"product_tag-sexuelle-beziehung","19":"product_tag-sexvergnugen","20":"product_tag-wedge-de","21":"product_shipping_class-lieferzeit-1-2-werktage","23":"first","24":"instock","25":"sale","26":"featured","27":"taxable","28":"shipping-taxable","29":"purchasable","30":"product-type-simple"},"yoast_head":"<!-- This site is optimized with the Yoast SEO plugin v27.5 - https:\/\/yoast.com\/product\/yoast-seo-wordpress\/ -->\n<title>Liberator Ravish Bondage Pillow - Liberatorshop \u2013 Sexm\u00f6bel und Sexkissen zum Entdecken<\/title>\n<meta name=\"description\" content=\"Entdecken Sie das Liberator Ravish Bondage-Kissen mit Satinb\u00e4ndern. Komfortabel, stilvoll und ideal f\u00fcr sinnliche Bondage und optimale Unterst\u00fctzung bei intimen Momenten.\" \/>\n<meta name=\"robots\" content=\"index, follow, max-snippet:-1, max-image-preview:large, max-video-preview:-1\" \/>\n<link rel=\"canonical\" href=\"https:\/\/liberatorshop.eu\/de\/product\/liberator-de\/liberator-ravish-bondage-pillow\/\" \/>\n<meta property=\"og:locale\" content=\"de_DE\" \/>\n<meta property=\"og:type\" content=\"article\" \/>\n<meta property=\"og:title\" content=\"Liberator Ravish Bondage Pillow - Liberatorshop \u2013 Sexm\u00f6bel und Sexkissen zum Entdecken\" \/>\n<meta property=\"og:description\" content=\"Entdecken Sie das Liberator Ravish Bondage-Kissen mit Satinb\u00e4ndern. Komfortabel, stilvoll und ideal f\u00fcr sinnliche Bondage und optimale Unterst\u00fctzung bei intimen Momenten.\" \/>\n<meta property=\"og:url\" content=\"https:\/\/liberatorshop.eu\/de\/product\/liberator-de\/liberator-ravish-bondage-pillow\/\" \/>\n<meta property=\"og:site_name\" content=\"Liberatorshop \u2013 Sexm\u00f6bel und Sexkissen zum Entdecken\" \/>\n<meta property=\"article:modified_time\" content=\"2026-05-02T19:49:28+00:00\" \/>\n<meta property=\"og:image\" content=\"https:\/\/liberatorshop.eu\/wp-content\/uploads\/2026\/05\/O50071860000_04.jpg\" \/>\n\t<meta property=\"og:image:width\" content=\"1000\" \/>\n\t<meta property=\"og:image:height\" content=\"1000\" \/>\n\t<meta property=\"og:image:type\" content=\"image\/jpeg\" \/>\n<meta name=\"twitter:card\" content=\"summary_large_image\" \/>\n<meta name=\"twitter:label1\" content=\"Gesch\u00e4tzte Lesezeit\" \/>\n\t<meta name=\"twitter:data1\" content=\"2\u00a0Minuten\" \/>\n<script type=\"application\/ld+json\" class=\"yoast-schema-graph\">{\"@context\":\"https:\\\/\\\/schema.org\",\"@graph\":[{\"@type\":\"WebPage\",\"@id\":\"https:\\\/\\\/liberatorshop.eu\\\/de\\\/product\\\/liberator-de\\\/liberator-ravish-bondage-pillow\\\/\",\"url\":\"https:\\\/\\\/liberatorshop.eu\\\/de\\\/product\\\/liberator-de\\\/liberator-ravish-bondage-pillow\\\/\",\"name\":\"Liberator Ravish Bondage Pillow - Liberatorshop \u2013 Sexm\u00f6bel und Sexkissen zum Entdecken\",\"isPartOf\":{\"@id\":\"https:\\\/\\\/liberatorshop.eu\\\/de\\\/#website\"},\"primaryImageOfPage\":{\"@id\":\"https:\\\/\\\/liberatorshop.eu\\\/de\\\/product\\\/liberator-de\\\/liberator-ravish-bondage-pillow\\\/#primaryimage\"},\"image\":{\"@id\":\"https:\\\/\\\/liberatorshop.eu\\\/de\\\/product\\\/liberator-de\\\/liberator-ravish-bondage-pillow\\\/#primaryimage\"},\"thumbnailUrl\":\"https:\\\/\\\/liberatorshop.eu\\\/wp-content\\\/uploads\\\/2026\\\/05\\\/O50071860000_04.jpg\",\"datePublished\":\"2026-05-02T16:43:23+00:00\",\"dateModified\":\"2026-05-02T19:49:28+00:00\",\"description\":\"Entdecken Sie das Liberator Ravish Bondage-Kissen mit Satinb\u00e4ndern. Komfortabel, stilvoll und ideal f\u00fcr sinnliche Bondage und optimale Unterst\u00fctzung bei intimen Momenten.\",\"breadcrumb\":{\"@id\":\"https:\\\/\\\/liberatorshop.eu\\\/de\\\/product\\\/liberator-de\\\/liberator-ravish-bondage-pillow\\\/#breadcrumb\"},\"inLanguage\":\"de\",\"potentialAction\":[{\"@type\":\"ReadAction\",\"target\":[\"https:\\\/\\\/liberatorshop.eu\\\/de\\\/product\\\/liberator-de\\\/liberator-ravish-bondage-pillow\\\/\"]}]},{\"@type\":\"ImageObject\",\"inLanguage\":\"de\",\"@id\":\"https:\\\/\\\/liberatorshop.eu\\\/de\\\/product\\\/liberator-de\\\/liberator-ravish-bondage-pillow\\\/#primaryimage\",\"url\":\"https:\\\/\\\/liberatorshop.eu\\\/wp-content\\\/uploads\\\/2026\\\/05\\\/O50071860000_04.jpg\",\"contentUrl\":\"https:\\\/\\\/liberatorshop.eu\\\/wp-content\\\/uploads\\\/2026\\\/05\\\/O50071860000_04.jpg\",\"width\":1000,\"height\":1000},{\"@type\":\"BreadcrumbList\",\"@id\":\"https:\\\/\\\/liberatorshop.eu\\\/de\\\/product\\\/liberator-de\\\/liberator-ravish-bondage-pillow\\\/#breadcrumb\",\"itemListElement\":[{\"@type\":\"ListItem\",\"position\":1,\"name\":\"Home\",\"item\":\"https:\\\/\\\/liberatorshop.eu\\\/de\\\/\"},{\"@type\":\"ListItem\",\"position\":2,\"name\":\"Startseite\",\"item\":\"https:\\\/\\\/liberatorshop.eu\\\/de\\\/\"},{\"@type\":\"ListItem\",\"position\":3,\"name\":\"Liberator Ravish Bondage Pillow\"}]},{\"@type\":\"WebSite\",\"@id\":\"https:\\\/\\\/liberatorshop.eu\\\/de\\\/#website\",\"url\":\"https:\\\/\\\/liberatorshop.eu\\\/de\\\/\",\"name\":\"Liberatorshop.eu\",\"description\":\"Liberatorshop - Love All Ways\",\"publisher\":{\"@id\":\"https:\\\/\\\/liberatorshop.eu\\\/de\\\/#organization\"},\"potentialAction\":[{\"@type\":\"SearchAction\",\"target\":{\"@type\":\"EntryPoint\",\"urlTemplate\":\"https:\\\/\\\/liberatorshop.eu\\\/de\\\/?s={search_term_string}\"},\"query-input\":{\"@type\":\"PropertyValueSpecification\",\"valueRequired\":true,\"valueName\":\"search_term_string\"}}],\"inLanguage\":\"de\"},{\"@type\":\"Organization\",\"@id\":\"https:\\\/\\\/liberatorshop.eu\\\/de\\\/#organization\",\"name\":\"Liberatorshop\",\"url\":\"https:\\\/\\\/liberatorshop.eu\\\/de\\\/\",\"logo\":{\"@type\":\"ImageObject\",\"inLanguage\":\"de\",\"@id\":\"https:\\\/\\\/liberatorshop.eu\\\/de\\\/#\\\/schema\\\/logo\\\/image\\\/\",\"url\":\"https:\\\/\\\/liberatorshop.eu\\\/wp-content\\\/uploads\\\/2023\\\/09\\\/flip-ramp-EXAMPLES-1500-x-500-px.png\",\"contentUrl\":\"https:\\\/\\\/liberatorshop.eu\\\/wp-content\\\/uploads\\\/2023\\\/09\\\/flip-ramp-EXAMPLES-1500-x-500-px.png\",\"width\":2560,\"height\":854,\"caption\":\"Liberatorshop\"},\"image\":{\"@id\":\"https:\\\/\\\/liberatorshop.eu\\\/de\\\/#\\\/schema\\\/logo\\\/image\\\/\"}}]}<\/script>\n<!-- \/ Yoast SEO plugin. -->","yoast_head_json":{"title":"Liberator Ravish Bondage Pillow - Liberatorshop \u2013 Sexm\u00f6bel und Sexkissen zum Entdecken","description":"Entdecken Sie das Liberator Ravish Bondage-Kissen mit Satinb\u00e4ndern. Komfortabel, stilvoll und ideal f\u00fcr sinnliche Bondage und optimale Unterst\u00fctzung bei intimen Momenten.","robots":{"index":"index","follow":"follow","max-snippet":"max-snippet:-1","max-image-preview":"max-image-preview:large","max-video-preview":"max-video-preview:-1"},"canonical":"https:\/\/liberatorshop.eu\/de\/product\/liberator-de\/liberator-ravish-bondage-pillow\/","og_locale":"de_DE","og_type":"article","og_title":"Liberator Ravish Bondage Pillow - Liberatorshop \u2013 Sexm\u00f6bel und Sexkissen zum Entdecken","og_description":"Entdecken Sie das Liberator Ravish Bondage-Kissen mit Satinb\u00e4ndern. Komfortabel, stilvoll und ideal f\u00fcr sinnliche Bondage und optimale Unterst\u00fctzung bei intimen Momenten.","og_url":"https:\/\/liberatorshop.eu\/de\/product\/liberator-de\/liberator-ravish-bondage-pillow\/","og_site_name":"Liberatorshop \u2013 Sexm\u00f6bel und Sexkissen zum Entdecken","article_modified_time":"2026-05-02T19:49:28+00:00","og_image":[{"width":1000,"height":1000,"url":"https:\/\/liberatorshop.eu\/wp-content\/uploads\/2026\/05\/O50071860000_04.jpg","type":"image\/jpeg"}],"twitter_card":"summary_large_image","twitter_misc":{"Gesch\u00e4tzte Lesezeit":"2\u00a0Minuten"},"schema":{"@context":"https:\/\/schema.org","@graph":[{"@type":"WebPage","@id":"https:\/\/liberatorshop.eu\/de\/product\/liberator-de\/liberator-ravish-bondage-pillow\/","url":"https:\/\/liberatorshop.eu\/de\/product\/liberator-de\/liberator-ravish-bondage-pillow\/","name":"Liberator Ravish Bondage Pillow - Liberatorshop \u2013 Sexm\u00f6bel und Sexkissen zum Entdecken","isPartOf":{"@id":"https:\/\/liberatorshop.eu\/de\/#website"},"primaryImageOfPage":{"@id":"https:\/\/liberatorshop.eu\/de\/product\/liberator-de\/liberator-ravish-bondage-pillow\/#primaryimage"},"image":{"@id":"https:\/\/liberatorshop.eu\/de\/product\/liberator-de\/liberator-ravish-bondage-pillow\/#primaryimage"},"thumbnailUrl":"https:\/\/liberatorshop.eu\/wp-content\/uploads\/2026\/05\/O50071860000_04.jpg","datePublished":"2026-05-02T16:43:23+00:00","dateModified":"2026-05-02T19:49:28+00:00","description":"Entdecken Sie das Liberator Ravish Bondage-Kissen mit Satinb\u00e4ndern. Komfortabel, stilvoll und ideal f\u00fcr sinnliche Bondage und optimale Unterst\u00fctzung bei intimen Momenten.","breadcrumb":{"@id":"https:\/\/liberatorshop.eu\/de\/product\/liberator-de\/liberator-ravish-bondage-pillow\/#breadcrumb"},"inLanguage":"de","potentialAction":[{"@type":"ReadAction","target":["https:\/\/liberatorshop.eu\/de\/product\/liberator-de\/liberator-ravish-bondage-pillow\/"]}]},{"@type":"ImageObject","inLanguage":"de","@id":"https:\/\/liberatorshop.eu\/de\/product\/liberator-de\/liberator-ravish-bondage-pillow\/#primaryimage","url":"https:\/\/liberatorshop.eu\/wp-content\/uploads\/2026\/05\/O50071860000_04.jpg","contentUrl":"https:\/\/liberatorshop.eu\/wp-content\/uploads\/2026\/05\/O50071860000_04.jpg","width":1000,"height":1000},{"@type":"BreadcrumbList","@id":"https:\/\/liberatorshop.eu\/de\/product\/liberator-de\/liberator-ravish-bondage-pillow\/#breadcrumb","itemListElement":[{"@type":"ListItem","position":1,"name":"Home","item":"https:\/\/liberatorshop.eu\/de\/"},{"@type":"ListItem","position":2,"name":"Startseite","item":"https:\/\/liberatorshop.eu\/de\/"},{"@type":"ListItem","position":3,"name":"Liberator Ravish Bondage Pillow"}]},{"@type":"WebSite","@id":"https:\/\/liberatorshop.eu\/de\/#website","url":"https:\/\/liberatorshop.eu\/de\/","name":"Liberatorshop.eu","description":"Liberatorshop - Love All Ways","publisher":{"@id":"https:\/\/liberatorshop.eu\/de\/#organization"},"potentialAction":[{"@type":"SearchAction","target":{"@type":"EntryPoint","urlTemplate":"https:\/\/liberatorshop.eu\/de\/?s={search_term_string}"},"query-input":{"@type":"PropertyValueSpecification","valueRequired":true,"valueName":"search_term_string"}}],"inLanguage":"de"},{"@type":"Organization","@id":"https:\/\/liberatorshop.eu\/de\/#organization","name":"Liberatorshop","url":"https:\/\/liberatorshop.eu\/de\/","logo":{"@type":"ImageObject","inLanguage":"de","@id":"https:\/\/liberatorshop.eu\/de\/#\/schema\/logo\/image\/","url":"https:\/\/liberatorshop.eu\/wp-content\/uploads\/2023\/09\/flip-ramp-EXAMPLES-1500-x-500-px.png","contentUrl":"https:\/\/liberatorshop.eu\/wp-content\/uploads\/2023\/09\/flip-ramp-EXAMPLES-1500-x-500-px.png","width":2560,"height":854,"caption":"Liberatorshop"},"image":{"@id":"https:\/\/liberatorshop.eu\/de\/#\/schema\/logo\/image\/"}}]}},"_links":{"self":[{"href":"https:\/\/liberatorshop.eu\/de\/wp-json\/wp\/v2\/product\/105663","targetHints":{"allow":["GET"]}}],"collection":[{"href":"https:\/\/liberatorshop.eu\/de\/wp-json\/wp\/v2\/product"}],"about":[{"href":"https:\/\/liberatorshop.eu\/de\/wp-json\/wp\/v2\/types\/product"}],"replies":[{"embeddable":true,"href":"https:\/\/liberatorshop.eu\/de\/wp-json\/wp\/v2\/comments?post=105663"}],"wp:featuredmedia":[{"embeddable":true,"href":"https:\/\/liberatorshop.eu\/de\/wp-json\/wp\/v2\/media\/105682"}],"wp:attachment":[{"href":"https:\/\/liberatorshop.eu\/de\/wp-json\/wp\/v2\/media?parent=105663"}],"wp:term":[{"taxonomy":"product_brand","embeddable":true,"href":"https:\/\/liberatorshop.eu\/de\/wp-json\/wp\/v2\/product_brand?post=105663"},{"taxonomy":"product_cat","embeddable":true,"href":"https:\/\/liberatorshop.eu\/de\/wp-json\/wp\/v2\/product_cat?post=105663"},{"taxonomy":"product_tag","embeddable":true,"href":"https:\/\/liberatorshop.eu\/de\/wp-json\/wp\/v2\/product_tag?post=105663"}],"curies":[{"name":"wp","href":"https:\/\/api.w.org\/{rel}","templated":true}]}}