{"id":105704,"date":"2026-05-02T21:07:18","date_gmt":"2026-05-02T20:07:18","guid":{"rendered":"https:\/\/liberatorshop.eu\/?post_type=product&#038;p=105704"},"modified":"2026-05-02T21:52:01","modified_gmt":"2026-05-02T20:52:01","slug":"liberator-steed-bondage-spanking-bench","status":"publish","type":"product","link":"https:\/\/liberatorshop.eu\/de\/product\/liberator-de\/liberator-steed-bondage-spanking-bench\/","title":{"rendered":"Liberator Steed Bondage Spanking Bench"},"content":{"rendered":"<p data-start=\"830\" data-end=\"1114\">Die <strong>Liberator Steed Bondage-Bank<\/strong> wurde f\u00fcr Paare entwickelt, die ihr intimes Spiel mit Komfort, Kontrolle und Vielseitigkeit bereichern m\u00f6chten. Diese robuste Bondage-Bank vereint die Haptik eines luxuri\u00f6sen M\u00f6belst\u00fccks mit der Funktionalit\u00e4t eines professionellen Bondage-Accessoires.<\/p>\n<p data-start=\"1116\" data-end=\"1439\">Dank seiner ergonomischen Form st\u00fctzt das Steed den K\u00f6rper in verschiedenen Positionen. Dies macht l\u00e4ngeres Spiel komfortabler und bietet mehr Stabilit\u00e4t bei Fesselspielen, Spanking, Oralsex, Doggy-Style und anderen intimen Stellungen. Die weichen Kurven bieten Halt, ohne den K\u00f6rper unn\u00f6tig zu belasten.<\/p>\n<p data-start=\"1441\" data-end=\"1766\">Die Bank verf\u00fcgt \u00fcber zw\u00f6lf Befestigungspunkte mit Metallringen. So k\u00f6nnen Sie die mitgelieferten Handschellen oder Ihr eigenes Zubeh\u00f6r wie Seile, G\u00fcrtel oder Ketten flexibel anbringen. Die Hand- und Fu\u00dffesseln sind weich gepolstert, per Klettverschluss verstellbar und lassen sich schnell mit Schnallen fixieren.<\/p>\n<p data-start=\"1768\" data-end=\"1962\">Die mitgelieferte Augenmaske verst\u00e4rkt die Spannung, indem sie die Sicht einschr\u00e4nkt und die Sinne intensiviert. Ideal f\u00fcr Paare, die ihr Liebesspiel kontrolliert, sinnlich und intensiv gestalten m\u00f6chten.<\/p>\n<p data-start=\"1964\" data-end=\"2178\">Das Sofa besteht aus formbest\u00e4ndigem, hochdichtem Schaumstoff und ist mit glattem Kunstleder und robustem Nylon bezogen. Dadurch f\u00fchlt es sich stabil an, beh\u00e4lt seine Form gut und l\u00e4sst sich nach Gebrauch leicht abwischen.<\/p>\n<p data-start=\"2180\" data-end=\"2283\">Eine leistungsstarke und stilvolle Bondage-Couch f\u00fcr alle, die Komfort, Kontrolle und intensives Spiel ernsthaft miteinander verbinden wollen.<\/p>\n<h2 data-section-id=\"im7d67\" data-start=\"2285\" data-end=\"2301\">Spezifikationen<\/h2>\n<ul>\n<li data-start=\"2303\" data-end=\"2755\">Produkt: Liberator Steed Bondage Spanking Bench<\/li>\n<li data-start=\"2303\" data-end=\"2755\">Beinhaltet: 1 Fesselbank, 4 Handschellen und 1 Augenbinde<\/li>\n<li data-start=\"2303\" data-end=\"2755\">Abmessungen: 61 cm breit x 92 cm lang x 46 cm hoch<\/li>\n<li data-start=\"2303\" data-end=\"2755\">Befestigungspunkte: 12 Metallringe<\/li>\n<li data-start=\"2303\" data-end=\"2755\">Bezugsmaterial: Kunstleder und Nylon<\/li>\n<li data-start=\"2303\" data-end=\"2755\">Kern: formstabiler, hochdichter Schaumstoff<\/li>\n<li data-start=\"2303\" data-end=\"2755\">Reinigung: leicht abzuwischen<\/li>\n<li data-start=\"2303\" data-end=\"2755\">B\u00fcndchen: weich gepolstert, mit Klettverschluss verstellbar<\/li>\n<li data-start=\"2303\" data-end=\"2755\">Verschluss: Druckkn\u00f6pfe<\/li>\n<li data-start=\"2303\" data-end=\"2755\">Montage: Keine Montage erforderlich<\/li>\n<li data-start=\"2303\" data-end=\"2755\">Verpackung: Vakuumverpackt<\/li>\n<\/ul>\n<p>Vergessen Sie nicht, <a href=\"https:\/\/liberatorshop.eu\/de\/produkt-kategorie-de\/liberator-de\/\" target=\"_new\" rel=\"noopener\">andere Liberator-Produkte<\/a> f\u00fcr ein umfassendes und umfassendes Erlebnis zu erkunden.<\/p>\n","protected":false},"excerpt":{"rendered":"<p>Die <strong>Liberator Steed Bondage-Bank<\/strong> wurde f\u00fcr Paare entwickelt, die ihr intimes Spiel mit Komfort, Kontrolle und Vielseitigkeit bereichern m\u00f6chten. Diese robuste Bondage-Bank vereint die Haptik eines luxuri\u00f6sen M\u00f6belst\u00fccks mit der Funktionalit\u00e4t eines professionellen Bondage-Accessoires.<\/p>\n","protected":false},"featured_media":105718,"comment_status":"open","ping_status":"closed","template":"","meta":[],"product_brand":[],"product_cat":[16186,21036,15761,20939],"product_tag":[15849,15791,15847,15774,15792,15845,15846,15848,15850,15851,15844],"class_list":{"0":"post-105704","1":"product","2":"type-product","3":"status-publish","4":"has-post-thumbnail","6":"product_cat-bestsellers-de","7":"product_cat-bondage-de","8":"product_cat-liberator-de","9":"product_cat-liberator-wedges-de","10":"product_tag-erotikladen","11":"product_tag-g-spot-de","12":"product_tag-kissen","13":"product_tag-liberator-de","14":"product_tag-liberatorshop-de","15":"product_tag-schwarz","16":"product_tag-sex-position","17":"product_tag-sexkissen","18":"product_tag-sexuelle-beziehung","19":"product_tag-sexvergnugen","20":"product_tag-wedge-de","21":"product_shipping_class-lieferzeit-1-2-werktage","23":"first","24":"instock","25":"sale","26":"featured","27":"taxable","28":"shipping-taxable","29":"purchasable","30":"product-type-simple"},"yoast_head":"<!-- This site is optimized with the Yoast SEO plugin v27.5 - https:\/\/yoast.com\/product\/yoast-seo-wordpress\/ -->\n<title>Liberator Steed Bondage Spanking Bench - Liberatorshop \u2013 Sexm\u00f6bel und Sexkissen zum Entdecken<\/title>\n<meta name=\"description\" content=\"Entdecken Sie die Liberator Steed Bondage-Spanking-Bank mit 12 Befestigungspunkten, 4 weichen Manschetten und einer Augenmaske. Komfortabel, robust und ideal f\u00fcr Bondage, Spanking und verschiedene Stellungen.\" \/>\n<meta name=\"robots\" content=\"index, follow, max-snippet:-1, max-image-preview:large, max-video-preview:-1\" \/>\n<link rel=\"canonical\" href=\"https:\/\/liberatorshop.eu\/de\/product\/liberator-de\/liberator-steed-bondage-spanking-bench\/\" \/>\n<meta property=\"og:locale\" content=\"de_DE\" \/>\n<meta property=\"og:type\" content=\"article\" \/>\n<meta property=\"og:title\" content=\"Liberator Steed Bondage Spanking Bench - Liberatorshop \u2013 Sexm\u00f6bel und Sexkissen zum Entdecken\" \/>\n<meta property=\"og:description\" content=\"Entdecken Sie die Liberator Steed Bondage-Spanking-Bank mit 12 Befestigungspunkten, 4 weichen Manschetten und einer Augenmaske. Komfortabel, robust und ideal f\u00fcr Bondage, Spanking und verschiedene Stellungen.\" \/>\n<meta property=\"og:url\" content=\"https:\/\/liberatorshop.eu\/de\/product\/liberator-de\/liberator-steed-bondage-spanking-bench\/\" \/>\n<meta property=\"og:site_name\" content=\"Liberatorshop \u2013 Sexm\u00f6bel und Sexkissen zum Entdecken\" \/>\n<meta property=\"article:modified_time\" content=\"2026-05-02T20:52:01+00:00\" \/>\n<meta property=\"og:image\" content=\"https:\/\/liberatorshop.eu\/wp-content\/uploads\/2026\/05\/O50071600000_03.jpg\" \/>\n\t<meta property=\"og:image:width\" content=\"1000\" \/>\n\t<meta property=\"og:image:height\" content=\"1000\" \/>\n\t<meta property=\"og:image:type\" content=\"image\/jpeg\" \/>\n<meta name=\"twitter:card\" content=\"summary_large_image\" \/>\n<meta name=\"twitter:label1\" content=\"Gesch\u00e4tzte Lesezeit\" \/>\n\t<meta name=\"twitter:data1\" content=\"2\u00a0Minuten\" \/>\n<script type=\"application\/ld+json\" class=\"yoast-schema-graph\">{\"@context\":\"https:\\\/\\\/schema.org\",\"@graph\":[{\"@type\":\"WebPage\",\"@id\":\"https:\\\/\\\/liberatorshop.eu\\\/de\\\/product\\\/liberator-de\\\/liberator-steed-bondage-spanking-bench\\\/\",\"url\":\"https:\\\/\\\/liberatorshop.eu\\\/de\\\/product\\\/liberator-de\\\/liberator-steed-bondage-spanking-bench\\\/\",\"name\":\"Liberator Steed Bondage Spanking Bench - Liberatorshop \u2013 Sexm\u00f6bel und Sexkissen zum Entdecken\",\"isPartOf\":{\"@id\":\"https:\\\/\\\/liberatorshop.eu\\\/de\\\/#website\"},\"primaryImageOfPage\":{\"@id\":\"https:\\\/\\\/liberatorshop.eu\\\/de\\\/product\\\/liberator-de\\\/liberator-steed-bondage-spanking-bench\\\/#primaryimage\"},\"image\":{\"@id\":\"https:\\\/\\\/liberatorshop.eu\\\/de\\\/product\\\/liberator-de\\\/liberator-steed-bondage-spanking-bench\\\/#primaryimage\"},\"thumbnailUrl\":\"https:\\\/\\\/liberatorshop.eu\\\/wp-content\\\/uploads\\\/2026\\\/05\\\/O50071600000_03.jpg\",\"datePublished\":\"2026-05-02T20:07:18+00:00\",\"dateModified\":\"2026-05-02T20:52:01+00:00\",\"description\":\"Entdecken Sie die Liberator Steed Bondage-Spanking-Bank mit 12 Befestigungspunkten, 4 weichen Manschetten und einer Augenmaske. Komfortabel, robust und ideal f\u00fcr Bondage, Spanking und verschiedene Stellungen.\",\"breadcrumb\":{\"@id\":\"https:\\\/\\\/liberatorshop.eu\\\/de\\\/product\\\/liberator-de\\\/liberator-steed-bondage-spanking-bench\\\/#breadcrumb\"},\"inLanguage\":\"de\",\"potentialAction\":[{\"@type\":\"ReadAction\",\"target\":[\"https:\\\/\\\/liberatorshop.eu\\\/de\\\/product\\\/liberator-de\\\/liberator-steed-bondage-spanking-bench\\\/\"]}]},{\"@type\":\"ImageObject\",\"inLanguage\":\"de\",\"@id\":\"https:\\\/\\\/liberatorshop.eu\\\/de\\\/product\\\/liberator-de\\\/liberator-steed-bondage-spanking-bench\\\/#primaryimage\",\"url\":\"https:\\\/\\\/liberatorshop.eu\\\/wp-content\\\/uploads\\\/2026\\\/05\\\/O50071600000_03.jpg\",\"contentUrl\":\"https:\\\/\\\/liberatorshop.eu\\\/wp-content\\\/uploads\\\/2026\\\/05\\\/O50071600000_03.jpg\",\"width\":1000,\"height\":1000},{\"@type\":\"BreadcrumbList\",\"@id\":\"https:\\\/\\\/liberatorshop.eu\\\/de\\\/product\\\/liberator-de\\\/liberator-steed-bondage-spanking-bench\\\/#breadcrumb\",\"itemListElement\":[{\"@type\":\"ListItem\",\"position\":1,\"name\":\"Home\",\"item\":\"https:\\\/\\\/liberatorshop.eu\\\/de\\\/\"},{\"@type\":\"ListItem\",\"position\":2,\"name\":\"Startseite\",\"item\":\"https:\\\/\\\/liberatorshop.eu\\\/de\\\/\"},{\"@type\":\"ListItem\",\"position\":3,\"name\":\"Liberator Steed Bondage Spanking Bench\"}]},{\"@type\":\"WebSite\",\"@id\":\"https:\\\/\\\/liberatorshop.eu\\\/de\\\/#website\",\"url\":\"https:\\\/\\\/liberatorshop.eu\\\/de\\\/\",\"name\":\"Liberatorshop.eu\",\"description\":\"Liberatorshop - Love All Ways\",\"publisher\":{\"@id\":\"https:\\\/\\\/liberatorshop.eu\\\/de\\\/#organization\"},\"potentialAction\":[{\"@type\":\"SearchAction\",\"target\":{\"@type\":\"EntryPoint\",\"urlTemplate\":\"https:\\\/\\\/liberatorshop.eu\\\/de\\\/?s={search_term_string}\"},\"query-input\":{\"@type\":\"PropertyValueSpecification\",\"valueRequired\":true,\"valueName\":\"search_term_string\"}}],\"inLanguage\":\"de\"},{\"@type\":\"Organization\",\"@id\":\"https:\\\/\\\/liberatorshop.eu\\\/de\\\/#organization\",\"name\":\"Liberatorshop\",\"url\":\"https:\\\/\\\/liberatorshop.eu\\\/de\\\/\",\"logo\":{\"@type\":\"ImageObject\",\"inLanguage\":\"de\",\"@id\":\"https:\\\/\\\/liberatorshop.eu\\\/de\\\/#\\\/schema\\\/logo\\\/image\\\/\",\"url\":\"https:\\\/\\\/liberatorshop.eu\\\/wp-content\\\/uploads\\\/2023\\\/09\\\/flip-ramp-EXAMPLES-1500-x-500-px.png\",\"contentUrl\":\"https:\\\/\\\/liberatorshop.eu\\\/wp-content\\\/uploads\\\/2023\\\/09\\\/flip-ramp-EXAMPLES-1500-x-500-px.png\",\"width\":2560,\"height\":854,\"caption\":\"Liberatorshop\"},\"image\":{\"@id\":\"https:\\\/\\\/liberatorshop.eu\\\/de\\\/#\\\/schema\\\/logo\\\/image\\\/\"}}]}<\/script>\n<!-- \/ Yoast SEO plugin. -->","yoast_head_json":{"title":"Liberator Steed Bondage Spanking Bench - Liberatorshop \u2013 Sexm\u00f6bel und Sexkissen zum Entdecken","description":"Entdecken Sie die Liberator Steed Bondage-Spanking-Bank mit 12 Befestigungspunkten, 4 weichen Manschetten und einer Augenmaske. Komfortabel, robust und ideal f\u00fcr Bondage, Spanking und verschiedene Stellungen.","robots":{"index":"index","follow":"follow","max-snippet":"max-snippet:-1","max-image-preview":"max-image-preview:large","max-video-preview":"max-video-preview:-1"},"canonical":"https:\/\/liberatorshop.eu\/de\/product\/liberator-de\/liberator-steed-bondage-spanking-bench\/","og_locale":"de_DE","og_type":"article","og_title":"Liberator Steed Bondage Spanking Bench - Liberatorshop \u2013 Sexm\u00f6bel und Sexkissen zum Entdecken","og_description":"Entdecken Sie die Liberator Steed Bondage-Spanking-Bank mit 12 Befestigungspunkten, 4 weichen Manschetten und einer Augenmaske. Komfortabel, robust und ideal f\u00fcr Bondage, Spanking und verschiedene Stellungen.","og_url":"https:\/\/liberatorshop.eu\/de\/product\/liberator-de\/liberator-steed-bondage-spanking-bench\/","og_site_name":"Liberatorshop \u2013 Sexm\u00f6bel und Sexkissen zum Entdecken","article_modified_time":"2026-05-02T20:52:01+00:00","og_image":[{"width":1000,"height":1000,"url":"https:\/\/liberatorshop.eu\/wp-content\/uploads\/2026\/05\/O50071600000_03.jpg","type":"image\/jpeg"}],"twitter_card":"summary_large_image","twitter_misc":{"Gesch\u00e4tzte Lesezeit":"2\u00a0Minuten"},"schema":{"@context":"https:\/\/schema.org","@graph":[{"@type":"WebPage","@id":"https:\/\/liberatorshop.eu\/de\/product\/liberator-de\/liberator-steed-bondage-spanking-bench\/","url":"https:\/\/liberatorshop.eu\/de\/product\/liberator-de\/liberator-steed-bondage-spanking-bench\/","name":"Liberator Steed Bondage Spanking Bench - Liberatorshop \u2013 Sexm\u00f6bel und Sexkissen zum Entdecken","isPartOf":{"@id":"https:\/\/liberatorshop.eu\/de\/#website"},"primaryImageOfPage":{"@id":"https:\/\/liberatorshop.eu\/de\/product\/liberator-de\/liberator-steed-bondage-spanking-bench\/#primaryimage"},"image":{"@id":"https:\/\/liberatorshop.eu\/de\/product\/liberator-de\/liberator-steed-bondage-spanking-bench\/#primaryimage"},"thumbnailUrl":"https:\/\/liberatorshop.eu\/wp-content\/uploads\/2026\/05\/O50071600000_03.jpg","datePublished":"2026-05-02T20:07:18+00:00","dateModified":"2026-05-02T20:52:01+00:00","description":"Entdecken Sie die Liberator Steed Bondage-Spanking-Bank mit 12 Befestigungspunkten, 4 weichen Manschetten und einer Augenmaske. Komfortabel, robust und ideal f\u00fcr Bondage, Spanking und verschiedene Stellungen.","breadcrumb":{"@id":"https:\/\/liberatorshop.eu\/de\/product\/liberator-de\/liberator-steed-bondage-spanking-bench\/#breadcrumb"},"inLanguage":"de","potentialAction":[{"@type":"ReadAction","target":["https:\/\/liberatorshop.eu\/de\/product\/liberator-de\/liberator-steed-bondage-spanking-bench\/"]}]},{"@type":"ImageObject","inLanguage":"de","@id":"https:\/\/liberatorshop.eu\/de\/product\/liberator-de\/liberator-steed-bondage-spanking-bench\/#primaryimage","url":"https:\/\/liberatorshop.eu\/wp-content\/uploads\/2026\/05\/O50071600000_03.jpg","contentUrl":"https:\/\/liberatorshop.eu\/wp-content\/uploads\/2026\/05\/O50071600000_03.jpg","width":1000,"height":1000},{"@type":"BreadcrumbList","@id":"https:\/\/liberatorshop.eu\/de\/product\/liberator-de\/liberator-steed-bondage-spanking-bench\/#breadcrumb","itemListElement":[{"@type":"ListItem","position":1,"name":"Home","item":"https:\/\/liberatorshop.eu\/de\/"},{"@type":"ListItem","position":2,"name":"Startseite","item":"https:\/\/liberatorshop.eu\/de\/"},{"@type":"ListItem","position":3,"name":"Liberator Steed Bondage Spanking Bench"}]},{"@type":"WebSite","@id":"https:\/\/liberatorshop.eu\/de\/#website","url":"https:\/\/liberatorshop.eu\/de\/","name":"Liberatorshop.eu","description":"Liberatorshop - Love All Ways","publisher":{"@id":"https:\/\/liberatorshop.eu\/de\/#organization"},"potentialAction":[{"@type":"SearchAction","target":{"@type":"EntryPoint","urlTemplate":"https:\/\/liberatorshop.eu\/de\/?s={search_term_string}"},"query-input":{"@type":"PropertyValueSpecification","valueRequired":true,"valueName":"search_term_string"}}],"inLanguage":"de"},{"@type":"Organization","@id":"https:\/\/liberatorshop.eu\/de\/#organization","name":"Liberatorshop","url":"https:\/\/liberatorshop.eu\/de\/","logo":{"@type":"ImageObject","inLanguage":"de","@id":"https:\/\/liberatorshop.eu\/de\/#\/schema\/logo\/image\/","url":"https:\/\/liberatorshop.eu\/wp-content\/uploads\/2023\/09\/flip-ramp-EXAMPLES-1500-x-500-px.png","contentUrl":"https:\/\/liberatorshop.eu\/wp-content\/uploads\/2023\/09\/flip-ramp-EXAMPLES-1500-x-500-px.png","width":2560,"height":854,"caption":"Liberatorshop"},"image":{"@id":"https:\/\/liberatorshop.eu\/de\/#\/schema\/logo\/image\/"}}]}},"_links":{"self":[{"href":"https:\/\/liberatorshop.eu\/de\/wp-json\/wp\/v2\/product\/105704","targetHints":{"allow":["GET"]}}],"collection":[{"href":"https:\/\/liberatorshop.eu\/de\/wp-json\/wp\/v2\/product"}],"about":[{"href":"https:\/\/liberatorshop.eu\/de\/wp-json\/wp\/v2\/types\/product"}],"replies":[{"embeddable":true,"href":"https:\/\/liberatorshop.eu\/de\/wp-json\/wp\/v2\/comments?post=105704"}],"wp:featuredmedia":[{"embeddable":true,"href":"https:\/\/liberatorshop.eu\/de\/wp-json\/wp\/v2\/media\/105718"}],"wp:attachment":[{"href":"https:\/\/liberatorshop.eu\/de\/wp-json\/wp\/v2\/media?parent=105704"}],"wp:term":[{"taxonomy":"product_brand","embeddable":true,"href":"https:\/\/liberatorshop.eu\/de\/wp-json\/wp\/v2\/product_brand?post=105704"},{"taxonomy":"product_cat","embeddable":true,"href":"https:\/\/liberatorshop.eu\/de\/wp-json\/wp\/v2\/product_cat?post=105704"},{"taxonomy":"product_tag","embeddable":true,"href":"https:\/\/liberatorshop.eu\/de\/wp-json\/wp\/v2\/product_tag?post=105704"}],"curies":[{"name":"wp","href":"https:\/\/api.w.org\/{rel}","templated":true}]}}