{"id":60548,"date":"2020-09-21T14:58:40","date_gmt":"2020-09-21T13:58:40","guid":{"rendered":"https:\/\/liberatorshop.eu\/winkel\/unkategorisiert\/liberator-wedge-ramp-combo\/"},"modified":"2025-12-16T21:46:04","modified_gmt":"2025-12-16T20:46:04","slug":"liberator-wedge-ramp-combo","status":"publish","type":"product","link":"https:\/\/liberatorshop.eu\/de\/product\/liberator-de\/liberator-wedge-ramp-combo\/","title":{"rendered":"Liberator Wedge Ramp Combo"},"content":{"rendered":"<div>\n<div class=\"flex-shrink-0 flex flex-col relative items-end\">\n<div><strong style=\"color: #555555;\">Bereichern Sie Ihre intimen Momente mit der Liberator Wedge Ramp Combo.<\/strong><span style=\"color: #555555;\"> Dieses Set verwandelt Ihr Schlafzimmer in einen Spielplatz voller Spa\u00df und Komfort. Entdecken Sie neue H\u00f6hen der Intimit\u00e4t mit diesen beiden ergonomisch gestalteten Kissen.<\/span><\/div>\n<\/div>\n<div class=\"relative flex w-full flex-col agent-turn\">\n<div class=\"font-semibold select-none\">\n<div class=\"relative flex w-full flex-col agent-turn\">\n<div class=\"font-semibold select-none\">\n<div class=\"relative flex w-full flex-col agent-turn\">\n<div class=\"font-semibold select-none\">\n<h3>Vergn\u00fcgen und Komfort<\/h3>\n<p>Der Wedge und die Ramp sind f\u00fcr tieferes Eindringen und mehr Vergn\u00fcgen konzipiert. Ihre Form bietet Halt dort, wo es n\u00f6tig ist, und macht jede Position bequemer.<\/p>\n<h3>Endlose M\u00f6glichkeiten<\/h3>\n<p>Diese Kombination \u00f6ffnet die T\u00fcr zu unz\u00e4hligen Sexstellungen. Dank der \u201eMagnet\u201c-Abdeckungen bleiben sie fest zusammen.<\/p>\n<h3>Einfache Wartung<\/h3>\n<p>Hergestellt aus strapazierf\u00e4higem PU-Schaum und waschbaren Bez\u00fcgen. Ideal f\u00fcr die sorgenfreie Anwendung mit Lotionen oder \u00d6len.<\/p>\n<p>Ma\u00dfe:<\/p>\n<ul>\n<li>Wedge: 61 x 35,5 x 17,75 cm<\/li>\n<li>Ramp: 86,4 x 61 x 30,5 cm<\/li>\n<\/ul>\n<p><strong>Entdecken<\/strong> Sie mehr dar\u00fcber, wie unsere <a href=\"https:\/\/liberatorshop.eu\/de\/produkt-kategorie-de\/liberator-de\/\" target=\"_new\" rel=\"noopener\">Sexkissen<\/a> Ihr Liebesleben verbessern k\u00f6nnen. Sehen Sie sich auch unser gesamtes Sortiment an <a href=\"https:\/\/liberatorshop.eu\/de\/produkt-kategorie-de\/liberator-de\/\" target=\"_new\" rel=\"noopener\">Sexm\u00f6beln<\/a> an, um sich noch mehr inspirieren zu lassen.<\/p>\n<\/div>\n<\/div>\n<\/div>\n<\/div>\n<\/div>\n<\/div>\n<p style=\"text-align: center;\"><strong>Positionen zum Ausprobieren<\/strong><\/p>\n<\/div>\n<p><img decoding=\"async\" class=\"size-full wp-image-32514 alignleft\" src=\"https:\/\/liberatorshop.eu\/wp-content\/uploads\/2020\/09\/Liberator-Wedge-Ramp-Combo-The-Over-Easy.jpg\" alt=\"\" width=\"297\" height=\"180\"> <img decoding=\"async\" class=\"size-full wp-image-32513 alignleft\" src=\"https:\/\/liberatorshop.eu\/wp-content\/uploads\/2020\/09\/Liberator-Wedge-Ramp-Combo-The-Lustful-Cobra.jpg\" alt=\"\" width=\"297\" height=\"180\"> <img decoding=\"async\" class=\"size-full wp-image-32512 alignleft\" src=\"https:\/\/liberatorshop.eu\/wp-content\/uploads\/2020\/09\/Liberator-Wedge-Ramp-Combo-Take-a-Bow.jpg\" alt=\"\" width=\"297\" height=\"180\"> <img decoding=\"async\" class=\"size-full wp-image-32511 alignleft\" src=\"https:\/\/liberatorshop.eu\/wp-content\/uploads\/2020\/09\/Liberator-Wedge-Ramp-Combo-Secret-Agent.jpg\" alt=\"\" width=\"297\" height=\"180\"> <img decoding=\"async\" class=\"size-full wp-image-32510 alignleft\" src=\"https:\/\/liberatorshop.eu\/wp-content\/uploads\/2020\/09\/Liberator-Wedge-Ramp-Combo-Reach-for-the-Stars.jpg\" alt=\"\" width=\"297\" height=\"180\"> <img decoding=\"async\" class=\"size-full wp-image-32509 alignleft\" src=\"https:\/\/liberatorshop.eu\/wp-content\/uploads\/2020\/09\/Liberator-Wedge-Ramp-Combo-Periscope-Down.jpg\" alt=\"\" width=\"297\" height=\"180\"><\/p>\n","protected":false},"excerpt":{"rendered":"<p><strong style=\"color: #555555;\">Bereichern Sie Ihre intimen Momente mit der Liberator Wedge Ramp Combo.<\/strong><span style=\"color: #555555;\"> Dieses Set verwandelt Ihr Schlafzimmer in einen Spielplatz voller Spa\u00df und Komfort. Entdecken Sie neue H\u00f6hen der Intimit\u00e4t mit diesen beiden ergonomisch gestalteten Kissen.<\/span><\/p>\n","protected":false},"featured_media":32498,"comment_status":"open","ping_status":"closed","template":"","meta":[],"product_brand":[],"product_cat":[16186,15761,20936],"product_tag":[15793,15791,15774,15792,15790,15789,15795,15794],"class_list":{"0":"post-60548","1":"product","2":"type-product","3":"status-publish","4":"has-post-thumbnail","6":"product_cat-bestsellers-de","7":"product_cat-liberator-de","8":"product_cat-liberator-ramps-de","9":"product_tag-formen","10":"product_tag-g-spot-de","11":"product_tag-liberator-de","12":"product_tag-liberatorshop-de","13":"product_tag-sex-de","14":"product_tag-sexpositionen","15":"product_tag-sexuelle-erfahrung","16":"product_tag-wedge-ramp-combo-de","17":"product_shipping_class-lieferzeit-1-2-werktage","19":"first","20":"instock","21":"featured","22":"taxable","23":"shipping-taxable","24":"purchasable","25":"product-type-variable"},"yoast_head":"<!-- This site is optimized with the Yoast SEO plugin v27.3 - https:\/\/yoast.com\/product\/yoast-seo-wordpress\/ -->\n<title>Liberator Wedge Ramp Combo - Liberatorshop \u2013 Sexm\u00f6bel und Sexkissen zum Entdecken<\/title>\n<meta name=\"description\" content=\"Entdecken Sie die Liberator Wedge Ramp Combo f\u00fcr mehr Vergn\u00fcgen und Komfort. Verwandeln Sie Ihr Schlafzimmer mit diesem vielseitigen Set.\" \/>\n<meta name=\"robots\" content=\"index, follow, max-snippet:-1, max-image-preview:large, max-video-preview:-1\" \/>\n<link rel=\"canonical\" href=\"https:\/\/liberatorshop.eu\/de\/product\/liberator-de\/liberator-wedge-ramp-combo\/\" \/>\n<meta property=\"og:locale\" content=\"de_DE\" \/>\n<meta property=\"og:type\" content=\"article\" \/>\n<meta property=\"og:title\" content=\"Liberator Wedge Ramp Combo - Liberatorshop \u2013 Sexm\u00f6bel und Sexkissen zum Entdecken\" \/>\n<meta property=\"og:description\" content=\"Entdecken Sie die Liberator Wedge Ramp Combo f\u00fcr mehr Vergn\u00fcgen und Komfort. Verwandeln Sie Ihr Schlafzimmer mit diesem vielseitigen Set.\" \/>\n<meta property=\"og:url\" content=\"https:\/\/liberatorshop.eu\/de\/product\/liberator-de\/liberator-wedge-ramp-combo\/\" \/>\n<meta property=\"og:site_name\" content=\"Liberatorshop \u2013 Sexm\u00f6bel und Sexkissen zum Entdecken\" \/>\n<meta property=\"article:modified_time\" content=\"2025-12-16T20:46:04+00:00\" \/>\n<meta property=\"og:image\" content=\"https:\/\/liberatorshop.eu\/wp-content\/uploads\/2020\/09\/Liberator-Wedge-Ramp-Combo-01.jpg\" \/>\n\t<meta property=\"og:image:width\" content=\"1400\" \/>\n\t<meta property=\"og:image:height\" content=\"848\" \/>\n\t<meta property=\"og:image:type\" content=\"image\/jpeg\" \/>\n<meta name=\"twitter:card\" content=\"summary_large_image\" \/>\n<meta name=\"twitter:label1\" content=\"Gesch\u00e4tzte Lesezeit\" \/>\n\t<meta name=\"twitter:data1\" content=\"1\u00a0Minute\" \/>\n<script type=\"application\/ld+json\" class=\"yoast-schema-graph\">{\"@context\":\"https:\\\/\\\/schema.org\",\"@graph\":[{\"@type\":\"WebPage\",\"@id\":\"https:\\\/\\\/liberatorshop.eu\\\/de\\\/product\\\/liberator-de\\\/liberator-wedge-ramp-combo\\\/\",\"url\":\"https:\\\/\\\/liberatorshop.eu\\\/de\\\/product\\\/liberator-de\\\/liberator-wedge-ramp-combo\\\/\",\"name\":\"Liberator Wedge Ramp Combo - Liberatorshop \u2013 Sexm\u00f6bel und Sexkissen zum Entdecken\",\"isPartOf\":{\"@id\":\"https:\\\/\\\/liberatorshop.eu\\\/de\\\/#website\"},\"primaryImageOfPage\":{\"@id\":\"https:\\\/\\\/liberatorshop.eu\\\/de\\\/product\\\/liberator-de\\\/liberator-wedge-ramp-combo\\\/#primaryimage\"},\"image\":{\"@id\":\"https:\\\/\\\/liberatorshop.eu\\\/de\\\/product\\\/liberator-de\\\/liberator-wedge-ramp-combo\\\/#primaryimage\"},\"thumbnailUrl\":\"https:\\\/\\\/liberatorshop.eu\\\/wp-content\\\/uploads\\\/2020\\\/09\\\/Liberator-Wedge-Ramp-Combo-01.jpg\",\"datePublished\":\"2020-09-21T13:58:40+00:00\",\"dateModified\":\"2025-12-16T20:46:04+00:00\",\"description\":\"Entdecken Sie die Liberator Wedge Ramp Combo f\u00fcr mehr Vergn\u00fcgen und Komfort. Verwandeln Sie Ihr Schlafzimmer mit diesem vielseitigen Set.\",\"breadcrumb\":{\"@id\":\"https:\\\/\\\/liberatorshop.eu\\\/de\\\/product\\\/liberator-de\\\/liberator-wedge-ramp-combo\\\/#breadcrumb\"},\"inLanguage\":\"de\",\"potentialAction\":[{\"@type\":\"ReadAction\",\"target\":[\"https:\\\/\\\/liberatorshop.eu\\\/de\\\/product\\\/liberator-de\\\/liberator-wedge-ramp-combo\\\/\"]}]},{\"@type\":\"ImageObject\",\"inLanguage\":\"de\",\"@id\":\"https:\\\/\\\/liberatorshop.eu\\\/de\\\/product\\\/liberator-de\\\/liberator-wedge-ramp-combo\\\/#primaryimage\",\"url\":\"https:\\\/\\\/liberatorshop.eu\\\/wp-content\\\/uploads\\\/2020\\\/09\\\/Liberator-Wedge-Ramp-Combo-01.jpg\",\"contentUrl\":\"https:\\\/\\\/liberatorshop.eu\\\/wp-content\\\/uploads\\\/2020\\\/09\\\/Liberator-Wedge-Ramp-Combo-01.jpg\",\"width\":1400,\"height\":848},{\"@type\":\"BreadcrumbList\",\"@id\":\"https:\\\/\\\/liberatorshop.eu\\\/de\\\/product\\\/liberator-de\\\/liberator-wedge-ramp-combo\\\/#breadcrumb\",\"itemListElement\":[{\"@type\":\"ListItem\",\"position\":1,\"name\":\"Home\",\"item\":\"https:\\\/\\\/liberatorshop.eu\\\/de\\\/\"},{\"@type\":\"ListItem\",\"position\":2,\"name\":\"Startseite\",\"item\":\"https:\\\/\\\/liberatorshop.eu\\\/de\\\/\"},{\"@type\":\"ListItem\",\"position\":3,\"name\":\"Liberator Wedge Ramp Combo\"}]},{\"@type\":\"WebSite\",\"@id\":\"https:\\\/\\\/liberatorshop.eu\\\/de\\\/#website\",\"url\":\"https:\\\/\\\/liberatorshop.eu\\\/de\\\/\",\"name\":\"Liberatorshop.eu\",\"description\":\"Liberatorshop - Love All Ways\",\"publisher\":{\"@id\":\"https:\\\/\\\/liberatorshop.eu\\\/de\\\/#organization\"},\"potentialAction\":[{\"@type\":\"SearchAction\",\"target\":{\"@type\":\"EntryPoint\",\"urlTemplate\":\"https:\\\/\\\/liberatorshop.eu\\\/de\\\/?s={search_term_string}\"},\"query-input\":{\"@type\":\"PropertyValueSpecification\",\"valueRequired\":true,\"valueName\":\"search_term_string\"}}],\"inLanguage\":\"de\"},{\"@type\":\"Organization\",\"@id\":\"https:\\\/\\\/liberatorshop.eu\\\/de\\\/#organization\",\"name\":\"Liberatorshop\",\"url\":\"https:\\\/\\\/liberatorshop.eu\\\/de\\\/\",\"logo\":{\"@type\":\"ImageObject\",\"inLanguage\":\"de\",\"@id\":\"https:\\\/\\\/liberatorshop.eu\\\/de\\\/#\\\/schema\\\/logo\\\/image\\\/\",\"url\":\"https:\\\/\\\/liberatorshop.eu\\\/wp-content\\\/uploads\\\/2023\\\/09\\\/flip-ramp-EXAMPLES-1500-x-500-px.png\",\"contentUrl\":\"https:\\\/\\\/liberatorshop.eu\\\/wp-content\\\/uploads\\\/2023\\\/09\\\/flip-ramp-EXAMPLES-1500-x-500-px.png\",\"width\":2560,\"height\":854,\"caption\":\"Liberatorshop\"},\"image\":{\"@id\":\"https:\\\/\\\/liberatorshop.eu\\\/de\\\/#\\\/schema\\\/logo\\\/image\\\/\"}}]}<\/script>\n<!-- \/ Yoast SEO plugin. -->","yoast_head_json":{"title":"Liberator Wedge Ramp Combo - Liberatorshop \u2013 Sexm\u00f6bel und Sexkissen zum Entdecken","description":"Entdecken Sie die Liberator Wedge Ramp Combo f\u00fcr mehr Vergn\u00fcgen und Komfort. Verwandeln Sie Ihr Schlafzimmer mit diesem vielseitigen Set.","robots":{"index":"index","follow":"follow","max-snippet":"max-snippet:-1","max-image-preview":"max-image-preview:large","max-video-preview":"max-video-preview:-1"},"canonical":"https:\/\/liberatorshop.eu\/de\/product\/liberator-de\/liberator-wedge-ramp-combo\/","og_locale":"de_DE","og_type":"article","og_title":"Liberator Wedge Ramp Combo - Liberatorshop \u2013 Sexm\u00f6bel und Sexkissen zum Entdecken","og_description":"Entdecken Sie die Liberator Wedge Ramp Combo f\u00fcr mehr Vergn\u00fcgen und Komfort. Verwandeln Sie Ihr Schlafzimmer mit diesem vielseitigen Set.","og_url":"https:\/\/liberatorshop.eu\/de\/product\/liberator-de\/liberator-wedge-ramp-combo\/","og_site_name":"Liberatorshop \u2013 Sexm\u00f6bel und Sexkissen zum Entdecken","article_modified_time":"2025-12-16T20:46:04+00:00","og_image":[{"width":1400,"height":848,"url":"https:\/\/liberatorshop.eu\/wp-content\/uploads\/2020\/09\/Liberator-Wedge-Ramp-Combo-01.jpg","type":"image\/jpeg"}],"twitter_card":"summary_large_image","twitter_misc":{"Gesch\u00e4tzte Lesezeit":"1\u00a0Minute"},"schema":{"@context":"https:\/\/schema.org","@graph":[{"@type":"WebPage","@id":"https:\/\/liberatorshop.eu\/de\/product\/liberator-de\/liberator-wedge-ramp-combo\/","url":"https:\/\/liberatorshop.eu\/de\/product\/liberator-de\/liberator-wedge-ramp-combo\/","name":"Liberator Wedge Ramp Combo - Liberatorshop \u2013 Sexm\u00f6bel und Sexkissen zum Entdecken","isPartOf":{"@id":"https:\/\/liberatorshop.eu\/de\/#website"},"primaryImageOfPage":{"@id":"https:\/\/liberatorshop.eu\/de\/product\/liberator-de\/liberator-wedge-ramp-combo\/#primaryimage"},"image":{"@id":"https:\/\/liberatorshop.eu\/de\/product\/liberator-de\/liberator-wedge-ramp-combo\/#primaryimage"},"thumbnailUrl":"https:\/\/liberatorshop.eu\/wp-content\/uploads\/2020\/09\/Liberator-Wedge-Ramp-Combo-01.jpg","datePublished":"2020-09-21T13:58:40+00:00","dateModified":"2025-12-16T20:46:04+00:00","description":"Entdecken Sie die Liberator Wedge Ramp Combo f\u00fcr mehr Vergn\u00fcgen und Komfort. Verwandeln Sie Ihr Schlafzimmer mit diesem vielseitigen Set.","breadcrumb":{"@id":"https:\/\/liberatorshop.eu\/de\/product\/liberator-de\/liberator-wedge-ramp-combo\/#breadcrumb"},"inLanguage":"de","potentialAction":[{"@type":"ReadAction","target":["https:\/\/liberatorshop.eu\/de\/product\/liberator-de\/liberator-wedge-ramp-combo\/"]}]},{"@type":"ImageObject","inLanguage":"de","@id":"https:\/\/liberatorshop.eu\/de\/product\/liberator-de\/liberator-wedge-ramp-combo\/#primaryimage","url":"https:\/\/liberatorshop.eu\/wp-content\/uploads\/2020\/09\/Liberator-Wedge-Ramp-Combo-01.jpg","contentUrl":"https:\/\/liberatorshop.eu\/wp-content\/uploads\/2020\/09\/Liberator-Wedge-Ramp-Combo-01.jpg","width":1400,"height":848},{"@type":"BreadcrumbList","@id":"https:\/\/liberatorshop.eu\/de\/product\/liberator-de\/liberator-wedge-ramp-combo\/#breadcrumb","itemListElement":[{"@type":"ListItem","position":1,"name":"Home","item":"https:\/\/liberatorshop.eu\/de\/"},{"@type":"ListItem","position":2,"name":"Startseite","item":"https:\/\/liberatorshop.eu\/de\/"},{"@type":"ListItem","position":3,"name":"Liberator Wedge Ramp Combo"}]},{"@type":"WebSite","@id":"https:\/\/liberatorshop.eu\/de\/#website","url":"https:\/\/liberatorshop.eu\/de\/","name":"Liberatorshop.eu","description":"Liberatorshop - Love All Ways","publisher":{"@id":"https:\/\/liberatorshop.eu\/de\/#organization"},"potentialAction":[{"@type":"SearchAction","target":{"@type":"EntryPoint","urlTemplate":"https:\/\/liberatorshop.eu\/de\/?s={search_term_string}"},"query-input":{"@type":"PropertyValueSpecification","valueRequired":true,"valueName":"search_term_string"}}],"inLanguage":"de"},{"@type":"Organization","@id":"https:\/\/liberatorshop.eu\/de\/#organization","name":"Liberatorshop","url":"https:\/\/liberatorshop.eu\/de\/","logo":{"@type":"ImageObject","inLanguage":"de","@id":"https:\/\/liberatorshop.eu\/de\/#\/schema\/logo\/image\/","url":"https:\/\/liberatorshop.eu\/wp-content\/uploads\/2023\/09\/flip-ramp-EXAMPLES-1500-x-500-px.png","contentUrl":"https:\/\/liberatorshop.eu\/wp-content\/uploads\/2023\/09\/flip-ramp-EXAMPLES-1500-x-500-px.png","width":2560,"height":854,"caption":"Liberatorshop"},"image":{"@id":"https:\/\/liberatorshop.eu\/de\/#\/schema\/logo\/image\/"}}]}},"_links":{"self":[{"href":"https:\/\/liberatorshop.eu\/de\/wp-json\/wp\/v2\/product\/60548","targetHints":{"allow":["GET"]}}],"collection":[{"href":"https:\/\/liberatorshop.eu\/de\/wp-json\/wp\/v2\/product"}],"about":[{"href":"https:\/\/liberatorshop.eu\/de\/wp-json\/wp\/v2\/types\/product"}],"replies":[{"embeddable":true,"href":"https:\/\/liberatorshop.eu\/de\/wp-json\/wp\/v2\/comments?post=60548"}],"wp:featuredmedia":[{"embeddable":true,"href":"https:\/\/liberatorshop.eu\/de\/wp-json\/wp\/v2\/media\/32498"}],"wp:attachment":[{"href":"https:\/\/liberatorshop.eu\/de\/wp-json\/wp\/v2\/media?parent=60548"}],"wp:term":[{"taxonomy":"product_brand","embeddable":true,"href":"https:\/\/liberatorshop.eu\/de\/wp-json\/wp\/v2\/product_brand?post=60548"},{"taxonomy":"product_cat","embeddable":true,"href":"https:\/\/liberatorshop.eu\/de\/wp-json\/wp\/v2\/product_cat?post=60548"},{"taxonomy":"product_tag","embeddable":true,"href":"https:\/\/liberatorshop.eu\/de\/wp-json\/wp\/v2\/product_tag?post=60548"}],"curies":[{"name":"wp","href":"https:\/\/api.w.org\/{rel}","templated":true}]}}