{"id":62357,"date":"2020-09-20T20:25:51","date_gmt":"2020-09-20T19:25:51","guid":{"rendered":"https:\/\/liberatorshop.eu\/winkel\/unkategorisiert\/liberator-flip-ramp\/"},"modified":"2026-03-08T15:37:05","modified_gmt":"2026-03-08T14:37:05","slug":"liberator-flip-ramp","status":"publish","type":"product","link":"https:\/\/liberatorshop.eu\/de\/product\/liberator-de\/liberator-flip-ramp\/","title":{"rendered":"Liberator Flip Ramp"},"content":{"rendered":"<p><strong>Entdecken Sie die vielseitige Liberator Flip Ramp: die Spitze der Sexm\u00f6bel<\/strong><\/p>\n<h3>Dynamisches Design f\u00fcr leidenschaftliche Momente<\/h3>\n<p>Beim \u00d6ffnen offenbart die <strong>Liberator Flip Ramp<\/strong> eine Welt voller tiefer Penetration und erotischer Stellungen, ideal f\u00fcr abenteuerlustige Paare. Geschlossen dient es als dezentes und stilvolles M\u00f6belst\u00fcck.<\/p>\n<h3>Ultimative Unterst\u00fctzung und Komfort<\/h3>\n<p>Dank des hochdichten Schaumstoffs bietet die Flip Ramp eine beispiellose Unterst\u00fctzung, sodass jeder Moment der Intimit\u00e4t angenehm und intensiv ist.<\/p>\n<h3>Stil und Funktionalit\u00e4t in einem<\/h3>\n<p>Mit seinem luxuri\u00f6sen Samtbezug verbindet die Flip Ramp Stil mit Schlichtheit und ist somit ein Muss zum Entspannen und Spielen.<\/p>\n<h3>Unbegrenzte M\u00f6glichkeiten<\/h3>\n<p>Vom Doggystyle bis hin zur Unterst\u00fctzung beim oralen Verw\u00f6hnen bereichert die Flip Ramp Ihr \u200b\u200bLiebesspiel mit endlosen M\u00f6glichkeiten.<\/p>\n<p>Ma\u00dfe:<\/p>\n<ul>\n<li><strong>Gefaltet:<\/strong> 48 cm x 48 cm x 38 cm<\/li>\n<li><strong>Aufgeklappt:<\/strong> 94 cm x 48 cm x 31 cm<\/li>\n<\/ul>\n<p>Entdecken Sie, wie die <strong>Liberator Flip Ramp<\/strong> Ihre N\u00e4chte lebendiger macht und sich tags\u00fcber diskret in Ihren Wohnraum integriert.<\/p>\n<p>Integrieren Sie die Flip Ramp mit <a href=\"https:\/\/liberatorshop.eu\/de\/produkt-kategorie-de\/liberator-de\/\" target=\"_new\" rel=\"noopener\">anderen Liberator-Produkten<\/a> f\u00fcr ein umfassendes sinnliches Erlebnis.<\/p>\n<p>Bereichern Sie Ihr Liebesleben mit der Flip Ramp, wo Komfort und Leidenschaft zusammenkommen.<\/p>\n<p style=\"text-align: center;\"><strong>Positionen zum Ausprobieren<\/strong><\/p>\n<p><img decoding=\"async\" class=\"size-full wp-image-32323 alignleft\" src=\"https:\/\/liberatorshop.eu\/wp-content\/uploads\/2020\/09\/Liberator-Flip-Ramp-The-Wishbone.jpg\" alt=\"\" width=\"297\" height=\"180\"> <img decoding=\"async\" class=\"size-full wp-image-32322 alignleft\" src=\"https:\/\/liberatorshop.eu\/wp-content\/uploads\/2020\/09\/Liberator-Flip-Ramp-The-Pedestal.jpg\" alt=\"\" width=\"297\" height=\"180\"> <img decoding=\"async\" class=\"size-full wp-image-32321 alignleft\" src=\"https:\/\/liberatorshop.eu\/wp-content\/uploads\/2020\/09\/Liberator-Flip-Ramp-Take-Flight.jpg\" alt=\"\" width=\"297\" height=\"180\"> <img decoding=\"async\" class=\"size-full wp-image-32320 alignleft\" src=\"https:\/\/liberatorshop.eu\/wp-content\/uploads\/2020\/09\/Liberator-Flip-Ramp-Slipstream.jpg\" alt=\"\" width=\"297\" height=\"180\"> <img decoding=\"async\" class=\"size-full wp-image-32319 alignleft\" src=\"https:\/\/liberatorshop.eu\/wp-content\/uploads\/2020\/09\/Liberator-Flip-Ramp-Lucky-Stars.jpg\" alt=\"\" width=\"297\" height=\"180\"> <img decoding=\"async\" class=\"size-full wp-image-32318 alignleft\" src=\"https:\/\/liberatorshop.eu\/wp-content\/uploads\/2020\/09\/Liberator-Flip-Ramp-Fox-Hunt.jpg\" alt=\"\" width=\"297\" height=\"180\"><\/p>\n","protected":false},"excerpt":{"rendered":"<p>Beim \u00d6ffnen offenbart die <strong>Liberator Flip Ramp<\/strong> eine Welt voller tiefer Penetration und erotischer Stellungen, ideal f\u00fcr abenteuerlustige Paare. Geschlossen dient es als dezentes und stilvolles M\u00f6belst\u00fcck.<\/p>\n","protected":false},"featured_media":32301,"comment_status":"open","ping_status":"closed","template":"","meta":[],"product_brand":[],"product_cat":[16186,15761,20936],"product_tag":[15986,15984,15774,15987,15846,15985],"class_list":{"0":"post-62357","1":"product","2":"type-product","3":"status-publish","4":"has-post-thumbnail","6":"product_cat-bestsellers-de","7":"product_cat-liberator-de","8":"product_cat-liberator-ramps-de","9":"product_tag-elevation-de","10":"product_tag-flip-ramp-de","11":"product_tag-liberator-de","12":"product_tag-puff","13":"product_tag-sex-position","14":"product_tag-winkel","15":"product_shipping_class-lieferzeit-1-2-werktage","17":"first","18":"instock","19":"sale","20":"featured","21":"taxable","22":"shipping-taxable","23":"purchasable","24":"product-type-variable"},"yoast_head":"<!-- This site is optimized with the Yoast SEO plugin v27.4 - https:\/\/yoast.com\/product\/yoast-seo-wordpress\/ -->\n<title>Liberator Flip Ramp - Liberatorshop \u2013 Sexm\u00f6bel und Sexkissen zum Entdecken<\/title>\n<meta name=\"description\" content=\"Steigern Sie Ihr intimes Spiel mit der Liberator Flip Ramp. Entdecken Sie die grenzenlosen M\u00f6glichkeiten, von der Intimunterst\u00fctzung bis hin zu stilvollen M\u00f6beln.\" \/>\n<meta name=\"robots\" content=\"index, follow, max-snippet:-1, max-image-preview:large, max-video-preview:-1\" \/>\n<link rel=\"canonical\" href=\"https:\/\/liberatorshop.eu\/de\/product\/liberator-de\/liberator-flip-ramp\/\" \/>\n<meta property=\"og:locale\" content=\"de_DE\" \/>\n<meta property=\"og:type\" content=\"article\" \/>\n<meta property=\"og:title\" content=\"Liberator Flip Ramp - Liberatorshop \u2013 Sexm\u00f6bel und Sexkissen zum Entdecken\" \/>\n<meta property=\"og:description\" content=\"Steigern Sie Ihr intimes Spiel mit der Liberator Flip Ramp. Entdecken Sie die grenzenlosen M\u00f6glichkeiten, von der Intimunterst\u00fctzung bis hin zu stilvollen M\u00f6beln.\" \/>\n<meta property=\"og:url\" content=\"https:\/\/liberatorshop.eu\/de\/product\/liberator-de\/liberator-flip-ramp\/\" \/>\n<meta property=\"og:site_name\" content=\"Liberatorshop \u2013 Sexm\u00f6bel und Sexkissen zum Entdecken\" \/>\n<meta property=\"article:modified_time\" content=\"2026-03-08T14:37:05+00:00\" \/>\n<meta property=\"og:image\" content=\"https:\/\/liberatorshop.eu\/wp-content\/uploads\/2020\/09\/Liberator-Flip-Ramp-01.jpg\" \/>\n\t<meta property=\"og:image:width\" content=\"1400\" \/>\n\t<meta property=\"og:image:height\" content=\"848\" \/>\n\t<meta property=\"og:image:type\" content=\"image\/jpeg\" \/>\n<meta name=\"twitter:card\" content=\"summary_large_image\" \/>\n<meta name=\"twitter:label1\" content=\"Gesch\u00e4tzte Lesezeit\" \/>\n\t<meta name=\"twitter:data1\" content=\"1\u00a0Minute\" \/>\n<script type=\"application\/ld+json\" class=\"yoast-schema-graph\">{\"@context\":\"https:\\\/\\\/schema.org\",\"@graph\":[{\"@type\":\"WebPage\",\"@id\":\"https:\\\/\\\/liberatorshop.eu\\\/de\\\/product\\\/liberator-de\\\/liberator-flip-ramp\\\/\",\"url\":\"https:\\\/\\\/liberatorshop.eu\\\/de\\\/product\\\/liberator-de\\\/liberator-flip-ramp\\\/\",\"name\":\"Liberator Flip Ramp - Liberatorshop \u2013 Sexm\u00f6bel und Sexkissen zum Entdecken\",\"isPartOf\":{\"@id\":\"https:\\\/\\\/liberatorshop.eu\\\/de\\\/#website\"},\"primaryImageOfPage\":{\"@id\":\"https:\\\/\\\/liberatorshop.eu\\\/de\\\/product\\\/liberator-de\\\/liberator-flip-ramp\\\/#primaryimage\"},\"image\":{\"@id\":\"https:\\\/\\\/liberatorshop.eu\\\/de\\\/product\\\/liberator-de\\\/liberator-flip-ramp\\\/#primaryimage\"},\"thumbnailUrl\":\"https:\\\/\\\/liberatorshop.eu\\\/wp-content\\\/uploads\\\/2020\\\/09\\\/Liberator-Flip-Ramp-01.jpg\",\"datePublished\":\"2020-09-20T19:25:51+00:00\",\"dateModified\":\"2026-03-08T14:37:05+00:00\",\"description\":\"Steigern Sie Ihr intimes Spiel mit der Liberator Flip Ramp. Entdecken Sie die grenzenlosen M\u00f6glichkeiten, von der Intimunterst\u00fctzung bis hin zu stilvollen M\u00f6beln.\",\"breadcrumb\":{\"@id\":\"https:\\\/\\\/liberatorshop.eu\\\/de\\\/product\\\/liberator-de\\\/liberator-flip-ramp\\\/#breadcrumb\"},\"inLanguage\":\"de\",\"potentialAction\":[{\"@type\":\"ReadAction\",\"target\":[\"https:\\\/\\\/liberatorshop.eu\\\/de\\\/product\\\/liberator-de\\\/liberator-flip-ramp\\\/\"]}]},{\"@type\":\"ImageObject\",\"inLanguage\":\"de\",\"@id\":\"https:\\\/\\\/liberatorshop.eu\\\/de\\\/product\\\/liberator-de\\\/liberator-flip-ramp\\\/#primaryimage\",\"url\":\"https:\\\/\\\/liberatorshop.eu\\\/wp-content\\\/uploads\\\/2020\\\/09\\\/Liberator-Flip-Ramp-01.jpg\",\"contentUrl\":\"https:\\\/\\\/liberatorshop.eu\\\/wp-content\\\/uploads\\\/2020\\\/09\\\/Liberator-Flip-Ramp-01.jpg\",\"width\":1400,\"height\":848},{\"@type\":\"BreadcrumbList\",\"@id\":\"https:\\\/\\\/liberatorshop.eu\\\/de\\\/product\\\/liberator-de\\\/liberator-flip-ramp\\\/#breadcrumb\",\"itemListElement\":[{\"@type\":\"ListItem\",\"position\":1,\"name\":\"Home\",\"item\":\"https:\\\/\\\/liberatorshop.eu\\\/de\\\/\"},{\"@type\":\"ListItem\",\"position\":2,\"name\":\"Startseite\",\"item\":\"https:\\\/\\\/liberatorshop.eu\\\/de\\\/\"},{\"@type\":\"ListItem\",\"position\":3,\"name\":\"Liberator Flip Ramp\"}]},{\"@type\":\"WebSite\",\"@id\":\"https:\\\/\\\/liberatorshop.eu\\\/de\\\/#website\",\"url\":\"https:\\\/\\\/liberatorshop.eu\\\/de\\\/\",\"name\":\"Liberatorshop.eu\",\"description\":\"Liberatorshop - Love All Ways\",\"publisher\":{\"@id\":\"https:\\\/\\\/liberatorshop.eu\\\/de\\\/#organization\"},\"potentialAction\":[{\"@type\":\"SearchAction\",\"target\":{\"@type\":\"EntryPoint\",\"urlTemplate\":\"https:\\\/\\\/liberatorshop.eu\\\/de\\\/?s={search_term_string}\"},\"query-input\":{\"@type\":\"PropertyValueSpecification\",\"valueRequired\":true,\"valueName\":\"search_term_string\"}}],\"inLanguage\":\"de\"},{\"@type\":\"Organization\",\"@id\":\"https:\\\/\\\/liberatorshop.eu\\\/de\\\/#organization\",\"name\":\"Liberatorshop\",\"url\":\"https:\\\/\\\/liberatorshop.eu\\\/de\\\/\",\"logo\":{\"@type\":\"ImageObject\",\"inLanguage\":\"de\",\"@id\":\"https:\\\/\\\/liberatorshop.eu\\\/de\\\/#\\\/schema\\\/logo\\\/image\\\/\",\"url\":\"https:\\\/\\\/liberatorshop.eu\\\/wp-content\\\/uploads\\\/2023\\\/09\\\/flip-ramp-EXAMPLES-1500-x-500-px.png\",\"contentUrl\":\"https:\\\/\\\/liberatorshop.eu\\\/wp-content\\\/uploads\\\/2023\\\/09\\\/flip-ramp-EXAMPLES-1500-x-500-px.png\",\"width\":2560,\"height\":854,\"caption\":\"Liberatorshop\"},\"image\":{\"@id\":\"https:\\\/\\\/liberatorshop.eu\\\/de\\\/#\\\/schema\\\/logo\\\/image\\\/\"}}]}<\/script>\n<!-- \/ Yoast SEO plugin. -->","yoast_head_json":{"title":"Liberator Flip Ramp - Liberatorshop \u2013 Sexm\u00f6bel und Sexkissen zum Entdecken","description":"Steigern Sie Ihr intimes Spiel mit der Liberator Flip Ramp. Entdecken Sie die grenzenlosen M\u00f6glichkeiten, von der Intimunterst\u00fctzung bis hin zu stilvollen M\u00f6beln.","robots":{"index":"index","follow":"follow","max-snippet":"max-snippet:-1","max-image-preview":"max-image-preview:large","max-video-preview":"max-video-preview:-1"},"canonical":"https:\/\/liberatorshop.eu\/de\/product\/liberator-de\/liberator-flip-ramp\/","og_locale":"de_DE","og_type":"article","og_title":"Liberator Flip Ramp - Liberatorshop \u2013 Sexm\u00f6bel und Sexkissen zum Entdecken","og_description":"Steigern Sie Ihr intimes Spiel mit der Liberator Flip Ramp. Entdecken Sie die grenzenlosen M\u00f6glichkeiten, von der Intimunterst\u00fctzung bis hin zu stilvollen M\u00f6beln.","og_url":"https:\/\/liberatorshop.eu\/de\/product\/liberator-de\/liberator-flip-ramp\/","og_site_name":"Liberatorshop \u2013 Sexm\u00f6bel und Sexkissen zum Entdecken","article_modified_time":"2026-03-08T14:37:05+00:00","og_image":[{"width":1400,"height":848,"url":"https:\/\/liberatorshop.eu\/wp-content\/uploads\/2020\/09\/Liberator-Flip-Ramp-01.jpg","type":"image\/jpeg"}],"twitter_card":"summary_large_image","twitter_misc":{"Gesch\u00e4tzte Lesezeit":"1\u00a0Minute"},"schema":{"@context":"https:\/\/schema.org","@graph":[{"@type":"WebPage","@id":"https:\/\/liberatorshop.eu\/de\/product\/liberator-de\/liberator-flip-ramp\/","url":"https:\/\/liberatorshop.eu\/de\/product\/liberator-de\/liberator-flip-ramp\/","name":"Liberator Flip Ramp - Liberatorshop \u2013 Sexm\u00f6bel und Sexkissen zum Entdecken","isPartOf":{"@id":"https:\/\/liberatorshop.eu\/de\/#website"},"primaryImageOfPage":{"@id":"https:\/\/liberatorshop.eu\/de\/product\/liberator-de\/liberator-flip-ramp\/#primaryimage"},"image":{"@id":"https:\/\/liberatorshop.eu\/de\/product\/liberator-de\/liberator-flip-ramp\/#primaryimage"},"thumbnailUrl":"https:\/\/liberatorshop.eu\/wp-content\/uploads\/2020\/09\/Liberator-Flip-Ramp-01.jpg","datePublished":"2020-09-20T19:25:51+00:00","dateModified":"2026-03-08T14:37:05+00:00","description":"Steigern Sie Ihr intimes Spiel mit der Liberator Flip Ramp. Entdecken Sie die grenzenlosen M\u00f6glichkeiten, von der Intimunterst\u00fctzung bis hin zu stilvollen M\u00f6beln.","breadcrumb":{"@id":"https:\/\/liberatorshop.eu\/de\/product\/liberator-de\/liberator-flip-ramp\/#breadcrumb"},"inLanguage":"de","potentialAction":[{"@type":"ReadAction","target":["https:\/\/liberatorshop.eu\/de\/product\/liberator-de\/liberator-flip-ramp\/"]}]},{"@type":"ImageObject","inLanguage":"de","@id":"https:\/\/liberatorshop.eu\/de\/product\/liberator-de\/liberator-flip-ramp\/#primaryimage","url":"https:\/\/liberatorshop.eu\/wp-content\/uploads\/2020\/09\/Liberator-Flip-Ramp-01.jpg","contentUrl":"https:\/\/liberatorshop.eu\/wp-content\/uploads\/2020\/09\/Liberator-Flip-Ramp-01.jpg","width":1400,"height":848},{"@type":"BreadcrumbList","@id":"https:\/\/liberatorshop.eu\/de\/product\/liberator-de\/liberator-flip-ramp\/#breadcrumb","itemListElement":[{"@type":"ListItem","position":1,"name":"Home","item":"https:\/\/liberatorshop.eu\/de\/"},{"@type":"ListItem","position":2,"name":"Startseite","item":"https:\/\/liberatorshop.eu\/de\/"},{"@type":"ListItem","position":3,"name":"Liberator Flip Ramp"}]},{"@type":"WebSite","@id":"https:\/\/liberatorshop.eu\/de\/#website","url":"https:\/\/liberatorshop.eu\/de\/","name":"Liberatorshop.eu","description":"Liberatorshop - Love All Ways","publisher":{"@id":"https:\/\/liberatorshop.eu\/de\/#organization"},"potentialAction":[{"@type":"SearchAction","target":{"@type":"EntryPoint","urlTemplate":"https:\/\/liberatorshop.eu\/de\/?s={search_term_string}"},"query-input":{"@type":"PropertyValueSpecification","valueRequired":true,"valueName":"search_term_string"}}],"inLanguage":"de"},{"@type":"Organization","@id":"https:\/\/liberatorshop.eu\/de\/#organization","name":"Liberatorshop","url":"https:\/\/liberatorshop.eu\/de\/","logo":{"@type":"ImageObject","inLanguage":"de","@id":"https:\/\/liberatorshop.eu\/de\/#\/schema\/logo\/image\/","url":"https:\/\/liberatorshop.eu\/wp-content\/uploads\/2023\/09\/flip-ramp-EXAMPLES-1500-x-500-px.png","contentUrl":"https:\/\/liberatorshop.eu\/wp-content\/uploads\/2023\/09\/flip-ramp-EXAMPLES-1500-x-500-px.png","width":2560,"height":854,"caption":"Liberatorshop"},"image":{"@id":"https:\/\/liberatorshop.eu\/de\/#\/schema\/logo\/image\/"}}]}},"_links":{"self":[{"href":"https:\/\/liberatorshop.eu\/de\/wp-json\/wp\/v2\/product\/62357","targetHints":{"allow":["GET"]}}],"collection":[{"href":"https:\/\/liberatorshop.eu\/de\/wp-json\/wp\/v2\/product"}],"about":[{"href":"https:\/\/liberatorshop.eu\/de\/wp-json\/wp\/v2\/types\/product"}],"replies":[{"embeddable":true,"href":"https:\/\/liberatorshop.eu\/de\/wp-json\/wp\/v2\/comments?post=62357"}],"wp:featuredmedia":[{"embeddable":true,"href":"https:\/\/liberatorshop.eu\/de\/wp-json\/wp\/v2\/media\/32301"}],"wp:attachment":[{"href":"https:\/\/liberatorshop.eu\/de\/wp-json\/wp\/v2\/media?parent=62357"}],"wp:term":[{"taxonomy":"product_brand","embeddable":true,"href":"https:\/\/liberatorshop.eu\/de\/wp-json\/wp\/v2\/product_brand?post=62357"},{"taxonomy":"product_cat","embeddable":true,"href":"https:\/\/liberatorshop.eu\/de\/wp-json\/wp\/v2\/product_cat?post=62357"},{"taxonomy":"product_tag","embeddable":true,"href":"https:\/\/liberatorshop.eu\/de\/wp-json\/wp\/v2\/product_tag?post=62357"}],"curies":[{"name":"wp","href":"https:\/\/api.w.org\/{rel}","templated":true}]}}