{"id":64347,"date":"2020-09-20T12:09:51","date_gmt":"2020-09-20T11:09:51","guid":{"rendered":"https:\/\/liberatorshop.eu\/winkel\/unkategorisiert\/liberator-black-label-wedge-ramp-combo\/"},"modified":"2025-09-24T20:47:42","modified_gmt":"2025-09-24T19:47:42","slug":"liberator-black-label-wedge-ramp-combo","status":"publish","type":"product","link":"https:\/\/liberatorshop.eu\/de\/product\/bestsellers-de\/liberator-black-label-wedge-ramp-combo\/","title":{"rendered":"Liberator Black Label Wedge Ramp Combo"},"content":{"rendered":"<div class=\"flex-shrink-0 flex flex-col relative items-end\">\n<div>\n<div class=\"pt-0.5\">\n<div class=\"gizmo-shadow-stroke flex h-6 w-6 items-center justify-center overflow-hidden rounded-full\"><span style=\"color: #555555;\" data-text-color=\"primary\">Entdecken Sie die ultimative Verschmelzung von Leidenschaft und Luxus mit der Liberator Black Label Wedge Ramp Combo, einem wesentlichen Element unserer Sex-M\u00f6belkollektion. Dieses raffinierte Paar Sexkissen wurde f\u00fcr Paare entwickelt, die die Tiefe ihrer intimen Momente erkunden m\u00f6chten und verspricht ein beispielloses Erlebnis.<\/span><\/div>\n<\/div>\n<\/div>\n<\/div>\n<div class=\"relative flex w-full flex-col agent-turn\">\n<div class=\"font-semibold select-none\">\n<div class=\"flex-shrink-0 flex flex-col relative items-end\">\n<div class=\"pt-0.5\">\n<div class=\"gizmo-shadow-stroke flex h-6 w-6 items-center justify-center overflow-hidden rounded-full\">\n<div class=\"relative p-1 rounded-sm h-9 w-9 text-white flex items-center justify-center\">\n<div class=\"relative flex w-full flex-col agent-turn\">\n<div class=\"flex-col gap-1 md:gap-3\">\n<div class=\"flex flex-grow flex-col max-w-full\">\n<div class=\"min-h-[20px] text-message flex flex-col items-start gap-3 whitespace-pre-wrap break-words [.text-message+&amp;]:mt-5 text-token-text-tertiary overflow-x-auto\" data-message-author-role=\"assistant\" data-message-id=\"70c523f4-c16e-45c0-9c90-ba29411f86bf\">\n<div class=\"text-token-text-tertiary markdown prose w-full break-words dark:prose-invert dark\">\n<p><span data-text-color=\"primary\"><strong>Sanftes Bondage mit Stil<\/strong><\/span><br \/>\n<span data-text-color=\"primary\">Dieses Set l\u00e4dt Sie zum sanften Fesseln ein, bei dem Komfort und Sinnlichkeit verschmelzen. Dank der integrierten Anschl\u00fcsse bietet es eine sichere und komfortable M\u00f6glichkeit, die Bindung zu Ihrem Partner zu st\u00e4rken.<\/span><\/p>\n<p><span data-text-color=\"primary\"><strong>Grenzenloses Vergn\u00fcgen<\/strong><\/span><br \/>\n<span data-text-color=\"primary\">Das ergonomische Design der Wedge- und Ramp-Kissen optimiert die Stimulation des G-Punkts und anderer erogener Zonen. Entdecken Sie neue Positionen und machen Sie jeden Moment zu einer Entdeckungsreise.<\/span><\/p>\n<p><span data-text-color=\"primary\"><strong>Luxus und Komfort<\/strong><\/span><br \/>\n<span data-text-color=\"primary\">Neben der Unterst\u00fctzung und Stimulation zeichnet sich das Set durch eine einfache Handhabung aus. Die Bez\u00fcge sind waschbar und die diskrete Verpackung macht die Black Label Wedge Ramp Combo zu einer stilvollen Erg\u00e4nzung f\u00fcr jedes Schlafzimmer.<\/span><\/p>\n<p><span data-text-color=\"primary\"><strong>Spezifikationen:<\/strong><\/span><\/p>\n<ul>\n<li><span data-text-color=\"primary\">Lieferumfang: 1 Augenbinde und 1 Satz Hand-\/Fu\u00dfmanschetten<\/span><\/li>\n<li><span data-text-color=\"primary\">Abmessungen: Keil (61&#215;35,5&#215;17,75 cm), Rampe (86,4x61x30,5 cm)<\/span><\/li>\n<\/ul>\n<p><span data-text-color=\"primary\"><strong>Entdecken Sie mehr:<\/strong> F\u00fcr Inspiration und neue Stellungen besuchen Sie unseren <a href=\"https:\/\/liberatorshop.eu\/category\/liberator-blogs-2\/\" target=\"_new\" rel=\"noopener\">Sexkissen-Blog<\/a>.<\/span><\/p>\n<\/div>\n<\/div>\n<\/div>\n<\/div>\n<\/div>\n<\/div>\n<\/div>\n<\/div>\n<\/div>\n<\/div>\n<\/div>\n<p style=\"text-align: center;\"><span data-text-color=\"primary\"><strong>Positionen zum Ausprobieren<\/strong><\/span><\/p>\n<p><img decoding=\"async\" class=\"size-full wp-image-32093 alignleft\" src=\"https:\/\/liberatorshop.eu\/wp-content\/uploads\/2020\/09\/Liberator-Black-Label-Wedge-Ramp-Combo-The-Sneaky-Snake.jpg\" alt=\"\" width=\"297\" height=\"180\"> <img decoding=\"async\" class=\"size-full wp-image-32092 alignleft\" src=\"https:\/\/liberatorshop.eu\/wp-content\/uploads\/2020\/09\/Liberator-Black-Label-Wedge-Ramp-Combo-Super-Doggy.jpg\" alt=\"\" width=\"297\" height=\"180\"> <img decoding=\"async\" class=\"size-full wp-image-32091 alignleft\" src=\"https:\/\/liberatorshop.eu\/wp-content\/uploads\/2020\/09\/Liberator-Black-Label-Wedge-Ramp-Combo-Rough-Rider.jpg\" alt=\"\" width=\"297\" height=\"180\"> <img decoding=\"async\" class=\"size-full wp-image-32090 alignleft\" src=\"https:\/\/liberatorshop.eu\/wp-content\/uploads\/2020\/09\/Liberator-Black-Label-Wedge-Ramp-Combo-Power-Play.jpg\" alt=\"\" width=\"297\" height=\"180\"> <img decoding=\"async\" class=\"size-full wp-image-32089 alignleft\" src=\"https:\/\/liberatorshop.eu\/wp-content\/uploads\/2020\/09\/Liberator-Black-Label-Wedge-Ramp-Combo-Midnight-Watch.jpg\" alt=\"\" width=\"297\" height=\"180\"> <img decoding=\"async\" class=\"size-full wp-image-32088 alignleft\" src=\"https:\/\/liberatorshop.eu\/wp-content\/uploads\/2020\/09\/Liberator-Black-Label-Wedge-Ramp-Combo-Capture-the-Flag.jpg\" alt=\"\" width=\"297\" height=\"180\"><\/p>\n","protected":false},"excerpt":{"rendered":"<p><span style=\"color: #555555;\">Entdecken Sie die ultimative Verschmelzung von Leidenschaft und Luxus mit der <strong>Liberator Black Label Wedge Ramp Combo<\/strong>, einem wesentlichen Element unserer Sex-M\u00f6belkollektion. Dieses raffinierte Paar Sexkissen wurde f\u00fcr Paare entwickelt, die die Tiefe ihrer intimen Momente erkunden m\u00f6chten und verspricht ein beispielloses Erlebnis.<\/span><\/p>\n","protected":false},"featured_media":64348,"comment_status":"open","ping_status":"closed","template":"","meta":[],"product_brand":[],"product_cat":[16186,16191,20936],"product_tag":[16072,15775,16074,16073,15904,16075],"class_list":{"0":"post-64347","1":"product","2":"type-product","3":"status-publish","4":"has-post-thumbnail","6":"product_cat-bestsellers-de","7":"product_cat-sexmoebeln-liberator-black-label","8":"product_cat-liberator-ramps-de","9":"product_tag-black-de","10":"product_tag-bondage-de","11":"product_tag-gefesselt","12":"product_tag-label-de","13":"product_tag-sanft","14":"product_tag-sexkissen-de","15":"product_shipping_class-lieferzeit-1-2-werktage","17":"first","18":"instock","19":"sale","20":"featured","21":"taxable","22":"shipping-taxable","23":"purchasable","24":"product-type-simple"},"yoast_head":"<!-- This site is optimized with the Yoast SEO plugin v27.3 - https:\/\/yoast.com\/product\/yoast-seo-wordpress\/ -->\n<title>Liberator Black Label Wedge Ramp Combo - Liberatorshop \u2013 Sexm\u00f6bel und Sexkissen zum Entdecken<\/title>\n<meta name=\"description\" content=\"Entdecken Sie die ultimative Verschmelzung von Leidenschaft und Luxus mit der Liberator Black Label Wedge Ramp Combo, einem wesentlichen Element unserer Sex-M\u00f6belkollektion. Dieses raffinierte Paar Sexkissen wurde f\u00fcr Paare entwickelt, die die Tiefe ihrer intimen Momente erkunden m\u00f6chten und verspricht ein beispielloses Erlebnis.\" \/>\n<meta name=\"robots\" content=\"index, follow, max-snippet:-1, max-image-preview:large, max-video-preview:-1\" \/>\n<link rel=\"canonical\" href=\"https:\/\/liberatorshop.eu\/de\/product\/bestsellers-de\/liberator-black-label-wedge-ramp-combo\/\" \/>\n<meta property=\"og:locale\" content=\"de_DE\" \/>\n<meta property=\"og:type\" content=\"article\" \/>\n<meta property=\"og:title\" content=\"Liberator Black Label Wedge Ramp Combo - Liberatorshop \u2013 Sexm\u00f6bel und Sexkissen zum Entdecken\" \/>\n<meta property=\"og:description\" content=\"Entdecken Sie die ultimative Verschmelzung von Leidenschaft und Luxus mit der Liberator Black Label Wedge Ramp Combo, einem wesentlichen Element unserer Sex-M\u00f6belkollektion. Dieses raffinierte Paar Sexkissen wurde f\u00fcr Paare entwickelt, die die Tiefe ihrer intimen Momente erkunden m\u00f6chten und verspricht ein beispielloses Erlebnis.\" \/>\n<meta property=\"og:url\" content=\"https:\/\/liberatorshop.eu\/de\/product\/bestsellers-de\/liberator-black-label-wedge-ramp-combo\/\" \/>\n<meta property=\"og:site_name\" content=\"Liberatorshop \u2013 Sexm\u00f6bel und Sexkissen zum Entdecken\" \/>\n<meta property=\"article:modified_time\" content=\"2025-09-24T19:47:42+00:00\" \/>\n<meta property=\"og:image\" content=\"https:\/\/liberatorshop.eu\/wp-content\/uploads\/2020\/09\/Liberator-Black-Label-Wedge-Ramp-Combo-01.jpg\" \/>\n\t<meta property=\"og:image:width\" content=\"1400\" \/>\n\t<meta property=\"og:image:height\" content=\"848\" \/>\n\t<meta property=\"og:image:type\" content=\"image\/jpeg\" \/>\n<meta name=\"twitter:card\" content=\"summary_large_image\" \/>\n<meta name=\"twitter:label1\" content=\"Gesch\u00e4tzte Lesezeit\" \/>\n\t<meta name=\"twitter:data1\" content=\"1\u00a0Minute\" \/>\n<script type=\"application\/ld+json\" class=\"yoast-schema-graph\">{\"@context\":\"https:\\\/\\\/schema.org\",\"@graph\":[{\"@type\":\"WebPage\",\"@id\":\"https:\\\/\\\/liberatorshop.eu\\\/de\\\/product\\\/bestsellers-de\\\/liberator-black-label-wedge-ramp-combo\\\/\",\"url\":\"https:\\\/\\\/liberatorshop.eu\\\/de\\\/product\\\/bestsellers-de\\\/liberator-black-label-wedge-ramp-combo\\\/\",\"name\":\"Liberator Black Label Wedge Ramp Combo - Liberatorshop \u2013 Sexm\u00f6bel und Sexkissen zum Entdecken\",\"isPartOf\":{\"@id\":\"https:\\\/\\\/liberatorshop.eu\\\/de\\\/#website\"},\"primaryImageOfPage\":{\"@id\":\"https:\\\/\\\/liberatorshop.eu\\\/de\\\/product\\\/bestsellers-de\\\/liberator-black-label-wedge-ramp-combo\\\/#primaryimage\"},\"image\":{\"@id\":\"https:\\\/\\\/liberatorshop.eu\\\/de\\\/product\\\/bestsellers-de\\\/liberator-black-label-wedge-ramp-combo\\\/#primaryimage\"},\"thumbnailUrl\":\"https:\\\/\\\/liberatorshop.eu\\\/wp-content\\\/uploads\\\/2020\\\/09\\\/Liberator-Black-Label-Wedge-Ramp-Combo-01.jpg\",\"datePublished\":\"2020-09-20T11:09:51+00:00\",\"dateModified\":\"2025-09-24T19:47:42+00:00\",\"description\":\"Entdecken Sie die ultimative Verschmelzung von Leidenschaft und Luxus mit der Liberator Black Label Wedge Ramp Combo, einem wesentlichen Element unserer Sex-M\u00f6belkollektion. Dieses raffinierte Paar Sexkissen wurde f\u00fcr Paare entwickelt, die die Tiefe ihrer intimen Momente erkunden m\u00f6chten und verspricht ein beispielloses Erlebnis.\",\"breadcrumb\":{\"@id\":\"https:\\\/\\\/liberatorshop.eu\\\/de\\\/product\\\/bestsellers-de\\\/liberator-black-label-wedge-ramp-combo\\\/#breadcrumb\"},\"inLanguage\":\"de\",\"potentialAction\":[{\"@type\":\"ReadAction\",\"target\":[\"https:\\\/\\\/liberatorshop.eu\\\/de\\\/product\\\/bestsellers-de\\\/liberator-black-label-wedge-ramp-combo\\\/\"]}]},{\"@type\":\"ImageObject\",\"inLanguage\":\"de\",\"@id\":\"https:\\\/\\\/liberatorshop.eu\\\/de\\\/product\\\/bestsellers-de\\\/liberator-black-label-wedge-ramp-combo\\\/#primaryimage\",\"url\":\"https:\\\/\\\/liberatorshop.eu\\\/wp-content\\\/uploads\\\/2020\\\/09\\\/Liberator-Black-Label-Wedge-Ramp-Combo-01.jpg\",\"contentUrl\":\"https:\\\/\\\/liberatorshop.eu\\\/wp-content\\\/uploads\\\/2020\\\/09\\\/Liberator-Black-Label-Wedge-Ramp-Combo-01.jpg\",\"width\":1400,\"height\":848},{\"@type\":\"BreadcrumbList\",\"@id\":\"https:\\\/\\\/liberatorshop.eu\\\/de\\\/product\\\/bestsellers-de\\\/liberator-black-label-wedge-ramp-combo\\\/#breadcrumb\",\"itemListElement\":[{\"@type\":\"ListItem\",\"position\":1,\"name\":\"Home\",\"item\":\"https:\\\/\\\/liberatorshop.eu\\\/de\\\/\"},{\"@type\":\"ListItem\",\"position\":2,\"name\":\"Startseite\",\"item\":\"https:\\\/\\\/liberatorshop.eu\\\/de\\\/\"},{\"@type\":\"ListItem\",\"position\":3,\"name\":\"Liberator Black Label Wedge Ramp Combo\"}]},{\"@type\":\"WebSite\",\"@id\":\"https:\\\/\\\/liberatorshop.eu\\\/de\\\/#website\",\"url\":\"https:\\\/\\\/liberatorshop.eu\\\/de\\\/\",\"name\":\"Liberatorshop.eu\",\"description\":\"Liberatorshop - Love All Ways\",\"publisher\":{\"@id\":\"https:\\\/\\\/liberatorshop.eu\\\/de\\\/#organization\"},\"potentialAction\":[{\"@type\":\"SearchAction\",\"target\":{\"@type\":\"EntryPoint\",\"urlTemplate\":\"https:\\\/\\\/liberatorshop.eu\\\/de\\\/?s={search_term_string}\"},\"query-input\":{\"@type\":\"PropertyValueSpecification\",\"valueRequired\":true,\"valueName\":\"search_term_string\"}}],\"inLanguage\":\"de\"},{\"@type\":\"Organization\",\"@id\":\"https:\\\/\\\/liberatorshop.eu\\\/de\\\/#organization\",\"name\":\"Liberatorshop\",\"url\":\"https:\\\/\\\/liberatorshop.eu\\\/de\\\/\",\"logo\":{\"@type\":\"ImageObject\",\"inLanguage\":\"de\",\"@id\":\"https:\\\/\\\/liberatorshop.eu\\\/de\\\/#\\\/schema\\\/logo\\\/image\\\/\",\"url\":\"https:\\\/\\\/liberatorshop.eu\\\/wp-content\\\/uploads\\\/2023\\\/09\\\/flip-ramp-EXAMPLES-1500-x-500-px.png\",\"contentUrl\":\"https:\\\/\\\/liberatorshop.eu\\\/wp-content\\\/uploads\\\/2023\\\/09\\\/flip-ramp-EXAMPLES-1500-x-500-px.png\",\"width\":2560,\"height\":854,\"caption\":\"Liberatorshop\"},\"image\":{\"@id\":\"https:\\\/\\\/liberatorshop.eu\\\/de\\\/#\\\/schema\\\/logo\\\/image\\\/\"}}]}<\/script>\n<!-- \/ Yoast SEO plugin. -->","yoast_head_json":{"title":"Liberator Black Label Wedge Ramp Combo - Liberatorshop \u2013 Sexm\u00f6bel und Sexkissen zum Entdecken","description":"Entdecken Sie die ultimative Verschmelzung von Leidenschaft und Luxus mit der Liberator Black Label Wedge Ramp Combo, einem wesentlichen Element unserer Sex-M\u00f6belkollektion. Dieses raffinierte Paar Sexkissen wurde f\u00fcr Paare entwickelt, die die Tiefe ihrer intimen Momente erkunden m\u00f6chten und verspricht ein beispielloses Erlebnis.","robots":{"index":"index","follow":"follow","max-snippet":"max-snippet:-1","max-image-preview":"max-image-preview:large","max-video-preview":"max-video-preview:-1"},"canonical":"https:\/\/liberatorshop.eu\/de\/product\/bestsellers-de\/liberator-black-label-wedge-ramp-combo\/","og_locale":"de_DE","og_type":"article","og_title":"Liberator Black Label Wedge Ramp Combo - Liberatorshop \u2013 Sexm\u00f6bel und Sexkissen zum Entdecken","og_description":"Entdecken Sie die ultimative Verschmelzung von Leidenschaft und Luxus mit der Liberator Black Label Wedge Ramp Combo, einem wesentlichen Element unserer Sex-M\u00f6belkollektion. Dieses raffinierte Paar Sexkissen wurde f\u00fcr Paare entwickelt, die die Tiefe ihrer intimen Momente erkunden m\u00f6chten und verspricht ein beispielloses Erlebnis.","og_url":"https:\/\/liberatorshop.eu\/de\/product\/bestsellers-de\/liberator-black-label-wedge-ramp-combo\/","og_site_name":"Liberatorshop \u2013 Sexm\u00f6bel und Sexkissen zum Entdecken","article_modified_time":"2025-09-24T19:47:42+00:00","og_image":[{"width":1400,"height":848,"url":"https:\/\/liberatorshop.eu\/wp-content\/uploads\/2020\/09\/Liberator-Black-Label-Wedge-Ramp-Combo-01.jpg","type":"image\/jpeg"}],"twitter_card":"summary_large_image","twitter_misc":{"Gesch\u00e4tzte Lesezeit":"1\u00a0Minute"},"schema":{"@context":"https:\/\/schema.org","@graph":[{"@type":"WebPage","@id":"https:\/\/liberatorshop.eu\/de\/product\/bestsellers-de\/liberator-black-label-wedge-ramp-combo\/","url":"https:\/\/liberatorshop.eu\/de\/product\/bestsellers-de\/liberator-black-label-wedge-ramp-combo\/","name":"Liberator Black Label Wedge Ramp Combo - Liberatorshop \u2013 Sexm\u00f6bel und Sexkissen zum Entdecken","isPartOf":{"@id":"https:\/\/liberatorshop.eu\/de\/#website"},"primaryImageOfPage":{"@id":"https:\/\/liberatorshop.eu\/de\/product\/bestsellers-de\/liberator-black-label-wedge-ramp-combo\/#primaryimage"},"image":{"@id":"https:\/\/liberatorshop.eu\/de\/product\/bestsellers-de\/liberator-black-label-wedge-ramp-combo\/#primaryimage"},"thumbnailUrl":"https:\/\/liberatorshop.eu\/wp-content\/uploads\/2020\/09\/Liberator-Black-Label-Wedge-Ramp-Combo-01.jpg","datePublished":"2020-09-20T11:09:51+00:00","dateModified":"2025-09-24T19:47:42+00:00","description":"Entdecken Sie die ultimative Verschmelzung von Leidenschaft und Luxus mit der Liberator Black Label Wedge Ramp Combo, einem wesentlichen Element unserer Sex-M\u00f6belkollektion. Dieses raffinierte Paar Sexkissen wurde f\u00fcr Paare entwickelt, die die Tiefe ihrer intimen Momente erkunden m\u00f6chten und verspricht ein beispielloses Erlebnis.","breadcrumb":{"@id":"https:\/\/liberatorshop.eu\/de\/product\/bestsellers-de\/liberator-black-label-wedge-ramp-combo\/#breadcrumb"},"inLanguage":"de","potentialAction":[{"@type":"ReadAction","target":["https:\/\/liberatorshop.eu\/de\/product\/bestsellers-de\/liberator-black-label-wedge-ramp-combo\/"]}]},{"@type":"ImageObject","inLanguage":"de","@id":"https:\/\/liberatorshop.eu\/de\/product\/bestsellers-de\/liberator-black-label-wedge-ramp-combo\/#primaryimage","url":"https:\/\/liberatorshop.eu\/wp-content\/uploads\/2020\/09\/Liberator-Black-Label-Wedge-Ramp-Combo-01.jpg","contentUrl":"https:\/\/liberatorshop.eu\/wp-content\/uploads\/2020\/09\/Liberator-Black-Label-Wedge-Ramp-Combo-01.jpg","width":1400,"height":848},{"@type":"BreadcrumbList","@id":"https:\/\/liberatorshop.eu\/de\/product\/bestsellers-de\/liberator-black-label-wedge-ramp-combo\/#breadcrumb","itemListElement":[{"@type":"ListItem","position":1,"name":"Home","item":"https:\/\/liberatorshop.eu\/de\/"},{"@type":"ListItem","position":2,"name":"Startseite","item":"https:\/\/liberatorshop.eu\/de\/"},{"@type":"ListItem","position":3,"name":"Liberator Black Label Wedge Ramp Combo"}]},{"@type":"WebSite","@id":"https:\/\/liberatorshop.eu\/de\/#website","url":"https:\/\/liberatorshop.eu\/de\/","name":"Liberatorshop.eu","description":"Liberatorshop - Love All Ways","publisher":{"@id":"https:\/\/liberatorshop.eu\/de\/#organization"},"potentialAction":[{"@type":"SearchAction","target":{"@type":"EntryPoint","urlTemplate":"https:\/\/liberatorshop.eu\/de\/?s={search_term_string}"},"query-input":{"@type":"PropertyValueSpecification","valueRequired":true,"valueName":"search_term_string"}}],"inLanguage":"de"},{"@type":"Organization","@id":"https:\/\/liberatorshop.eu\/de\/#organization","name":"Liberatorshop","url":"https:\/\/liberatorshop.eu\/de\/","logo":{"@type":"ImageObject","inLanguage":"de","@id":"https:\/\/liberatorshop.eu\/de\/#\/schema\/logo\/image\/","url":"https:\/\/liberatorshop.eu\/wp-content\/uploads\/2023\/09\/flip-ramp-EXAMPLES-1500-x-500-px.png","contentUrl":"https:\/\/liberatorshop.eu\/wp-content\/uploads\/2023\/09\/flip-ramp-EXAMPLES-1500-x-500-px.png","width":2560,"height":854,"caption":"Liberatorshop"},"image":{"@id":"https:\/\/liberatorshop.eu\/de\/#\/schema\/logo\/image\/"}}]}},"_links":{"self":[{"href":"https:\/\/liberatorshop.eu\/de\/wp-json\/wp\/v2\/product\/64347","targetHints":{"allow":["GET"]}}],"collection":[{"href":"https:\/\/liberatorshop.eu\/de\/wp-json\/wp\/v2\/product"}],"about":[{"href":"https:\/\/liberatorshop.eu\/de\/wp-json\/wp\/v2\/types\/product"}],"replies":[{"embeddable":true,"href":"https:\/\/liberatorshop.eu\/de\/wp-json\/wp\/v2\/comments?post=64347"}],"wp:featuredmedia":[{"embeddable":true,"href":"https:\/\/liberatorshop.eu\/de\/wp-json\/wp\/v2\/media\/64348"}],"wp:attachment":[{"href":"https:\/\/liberatorshop.eu\/de\/wp-json\/wp\/v2\/media?parent=64347"}],"wp:term":[{"taxonomy":"product_brand","embeddable":true,"href":"https:\/\/liberatorshop.eu\/de\/wp-json\/wp\/v2\/product_brand?post=64347"},{"taxonomy":"product_cat","embeddable":true,"href":"https:\/\/liberatorshop.eu\/de\/wp-json\/wp\/v2\/product_cat?post=64347"},{"taxonomy":"product_tag","embeddable":true,"href":"https:\/\/liberatorshop.eu\/de\/wp-json\/wp\/v2\/product_tag?post=64347"}],"curies":[{"name":"wp","href":"https:\/\/api.w.org\/{rel}","templated":true}]}}