{"id":65590,"date":"2021-02-21T17:55:33","date_gmt":"2021-02-21T16:55:33","guid":{"rendered":"https:\/\/liberatorshop.eu\/winkel\/unkategorisiert\/moi-gear-adjustable-fuck-machine\/"},"modified":"2024-03-24T00:28:23","modified_gmt":"2024-03-23T23:28:23","slug":"moi-gear-adjustable-fuck-machine","status":"publish","type":"product","link":"https:\/\/liberatorshop.eu\/de\/product\/liberatorshop-sexspielzeugen\/moi-gear-adjustable-fuck-machine\/","title":{"rendered":"MOI Gear Adjustable Fuck Machine"},"content":{"rendered":"<p>Entdecken Sie die <strong>einstellbare MOI Gear-Fickmaschine<\/strong>: Der H\u00f6hepunkt des Vergn\u00fcgens<\/p>\n<p><strong>Eine Revolution im Vergn\u00fcgen<\/strong> Die MOI Gear Adjustable Fuck Machine bringt Ihre erotischen Abenteuer auf ein neues Niveau. Dieses technische Meisterwerk vereint beispiellose Kraft mit vielseitiger Einstellbarkeit und ist damit ein unverzichtbares Werkzeug f\u00fcr Liebhaber intensiven Vergn\u00fcgens.<\/p>\n<p><strong>Einstellbarkeit auf h\u00f6chstem Niveau<\/strong> Mit einem einzigartigen einstellbaren Design bietet diese Maschine die Freiheit, mit unz\u00e4hligen Positionen und Winkeln zu experimentieren. Egal, ob Sie sich nach sanften Liebkosungen oder intensiven St\u00f6\u00dfen sehnen, der MOI Gear ist bereit, alle Ihre W\u00fcnsche zu erf\u00fcllen.<\/p>\n<p><strong>Auf Stabilit\u00e4t ausgelegt<\/strong> Dank erstklassiger Saugn\u00e4pfe und eines stabilen Rahmens bleibt dieses Ger\u00e4t bei jeder Sitzung felsenfest an Ort und Stelle. Lassen Sie sich fallen und wissen Sie, dass Ihre Leidenschaft nicht durch unerw\u00fcnschte Bewegungen unterbrochen wird.<\/p>\n<p><strong>Endlose M\u00f6glichkeiten<\/strong> Erweitern Sie die Grenzen Ihrer Fantasie mit der Vielseitigkeit der MOI Gear. Egal, ob Sie alleine oder mit einem Partner spielen, diese Maschine bietet grenzenlose M\u00f6glichkeiten, Ihre tiefsten W\u00fcnsche zu erkunden.<\/p>\n<p><strong>Einfach und sicher<\/strong>. Komfort und Sicherheit stehen an erster Stelle. Das MOI Gear ist f\u00fcr m\u00fchelose Anpassungen konzipiert und bietet einen sicheren Halt f\u00fcr alle Zubeh\u00f6rteile, sodass Sie beruhigt genie\u00dfen k\u00f6nnen.<\/p>\n<p><strong>Technische Highlights:<\/strong><\/p>\n<ul>\n<li>Variable Geschwindigkeit: von sanfter Verf\u00fchrung bis kraftvoller Action.<\/li>\n<li>Einstellbare Winkel: f\u00fcr den perfekten Treffer an jeder Stelle.<\/li>\n<li>Kompatibel mit verschiedenen Zubeh\u00f6rteilen: f\u00fcr ein personalisiertes Erlebnis.<\/li>\n<li>Einfache Reinigung: f\u00fcr hygienisches Vergn\u00fcgen nach jedem Gebrauch.<\/li>\n<\/ul>\n<p>Tauchen Sie ein in eine Welt beispiellosen Vergn\u00fcgens mit der MOI Gear Adjustable Fuck Machine. Bereiten Sie sich auf ein Abenteuer vor, das alle Ihre Sinne anregt.<\/p>\n<p>Sehen Sie sich alle unsere <a href=\"https:\/\/liberatorshop.eu\/product_cat\/liberatorshop-bdsm\/\">BDSM<\/a>-Produkte an.<\/p>\n","protected":false},"excerpt":{"rendered":"<p>Entdecken Sie die <strong>einstellbare MOI Gear-Fickmaschine<\/strong>: Der H\u00f6hepunkt des Vergn\u00fcgens<\/p>\n","protected":false},"featured_media":102926,"comment_status":"open","ping_status":"closed","template":"","meta":[],"product_brand":[],"product_cat":[20713],"product_tag":[],"class_list":{"0":"post-65590","1":"product","2":"type-product","3":"status-publish","4":"has-post-thumbnail","6":"product_cat-liberatorshop-sexspielzeugen","7":"product_shipping_class-lieferzeit-1-2-werktage","9":"first","10":"instock","11":"taxable","12":"shipping-taxable","13":"purchasable","14":"product-type-simple"},"yoast_head":"<!-- This site is optimized with the Yoast SEO plugin v27.3 - https:\/\/yoast.com\/product\/yoast-seo-wordpress\/ -->\n<title>MOI Gear Adjustable Fuck Machine - Liberatorshop \u2013 Sexm\u00f6bel und Sexkissen zum Entdecken<\/title>\n<meta name=\"description\" content=\"Tauchen Sie ein in eine Welt beispiellosen Vergn\u00fcgens mit der MOI Gear Adjustable Fuck Machine. Bereiten Sie sich auf ein Abenteuer vor, das alle Ihre Sinne anregt.\" \/>\n<meta name=\"robots\" content=\"index, follow, max-snippet:-1, max-image-preview:large, max-video-preview:-1\" \/>\n<link rel=\"canonical\" href=\"https:\/\/liberatorshop.eu\/de\/product\/liberatorshop-sexspielzeugen\/moi-gear-adjustable-fuck-machine\/\" \/>\n<meta property=\"og:locale\" content=\"de_DE\" \/>\n<meta property=\"og:type\" content=\"article\" \/>\n<meta property=\"og:title\" content=\"MOI Gear Adjustable Fuck Machine - Liberatorshop \u2013 Sexm\u00f6bel und Sexkissen zum Entdecken\" \/>\n<meta property=\"og:description\" content=\"Tauchen Sie ein in eine Welt beispiellosen Vergn\u00fcgens mit der MOI Gear Adjustable Fuck Machine. Bereiten Sie sich auf ein Abenteuer vor, das alle Ihre Sinne anregt.\" \/>\n<meta property=\"og:url\" content=\"https:\/\/liberatorshop.eu\/de\/product\/liberatorshop-sexspielzeugen\/moi-gear-adjustable-fuck-machine\/\" \/>\n<meta property=\"og:site_name\" content=\"Liberatorshop \u2013 Sexm\u00f6bel und Sexkissen zum Entdecken\" \/>\n<meta property=\"article:modified_time\" content=\"2024-03-23T23:28:23+00:00\" \/>\n<meta property=\"og:image\" content=\"https:\/\/liberatorshop.eu\/wp-content\/uploads\/2021\/02\/MOI-Xtreme-power-engine-01.jpeg\" \/>\n\t<meta property=\"og:image:width\" content=\"1000\" \/>\n\t<meta property=\"og:image:height\" content=\"1320\" \/>\n\t<meta property=\"og:image:type\" content=\"image\/jpeg\" \/>\n<meta name=\"twitter:card\" content=\"summary_large_image\" \/>\n<meta name=\"twitter:label1\" content=\"Gesch\u00e4tzte Lesezeit\" \/>\n\t<meta name=\"twitter:data1\" content=\"1\u00a0Minute\" \/>\n<script type=\"application\/ld+json\" class=\"yoast-schema-graph\">{\"@context\":\"https:\\\/\\\/schema.org\",\"@graph\":[{\"@type\":\"WebPage\",\"@id\":\"https:\\\/\\\/liberatorshop.eu\\\/de\\\/product\\\/liberatorshop-sexspielzeugen\\\/moi-gear-adjustable-fuck-machine\\\/\",\"url\":\"https:\\\/\\\/liberatorshop.eu\\\/de\\\/product\\\/liberatorshop-sexspielzeugen\\\/moi-gear-adjustable-fuck-machine\\\/\",\"name\":\"MOI Gear Adjustable Fuck Machine - Liberatorshop \u2013 Sexm\u00f6bel und Sexkissen zum Entdecken\",\"isPartOf\":{\"@id\":\"https:\\\/\\\/liberatorshop.eu\\\/de\\\/#website\"},\"primaryImageOfPage\":{\"@id\":\"https:\\\/\\\/liberatorshop.eu\\\/de\\\/product\\\/liberatorshop-sexspielzeugen\\\/moi-gear-adjustable-fuck-machine\\\/#primaryimage\"},\"image\":{\"@id\":\"https:\\\/\\\/liberatorshop.eu\\\/de\\\/product\\\/liberatorshop-sexspielzeugen\\\/moi-gear-adjustable-fuck-machine\\\/#primaryimage\"},\"thumbnailUrl\":\"https:\\\/\\\/liberatorshop.eu\\\/wp-content\\\/uploads\\\/2021\\\/02\\\/Xtreme-power-engine-01.webp\",\"datePublished\":\"2021-02-21T16:55:33+00:00\",\"dateModified\":\"2024-03-23T23:28:23+00:00\",\"description\":\"Tauchen Sie ein in eine Welt beispiellosen Vergn\u00fcgens mit der MOI Gear Adjustable Fuck Machine. Bereiten Sie sich auf ein Abenteuer vor, das alle Ihre Sinne anregt.\",\"breadcrumb\":{\"@id\":\"https:\\\/\\\/liberatorshop.eu\\\/de\\\/product\\\/liberatorshop-sexspielzeugen\\\/moi-gear-adjustable-fuck-machine\\\/#breadcrumb\"},\"inLanguage\":\"de\",\"potentialAction\":[{\"@type\":\"ReadAction\",\"target\":[\"https:\\\/\\\/liberatorshop.eu\\\/de\\\/product\\\/liberatorshop-sexspielzeugen\\\/moi-gear-adjustable-fuck-machine\\\/\"]}]},{\"@type\":\"ImageObject\",\"inLanguage\":\"de\",\"@id\":\"https:\\\/\\\/liberatorshop.eu\\\/de\\\/product\\\/liberatorshop-sexspielzeugen\\\/moi-gear-adjustable-fuck-machine\\\/#primaryimage\",\"url\":\"https:\\\/\\\/liberatorshop.eu\\\/wp-content\\\/uploads\\\/2021\\\/02\\\/Xtreme-power-engine-01.webp\",\"contentUrl\":\"https:\\\/\\\/liberatorshop.eu\\\/wp-content\\\/uploads\\\/2021\\\/02\\\/Xtreme-power-engine-01.webp\",\"width\":1000,\"height\":1000},{\"@type\":\"BreadcrumbList\",\"@id\":\"https:\\\/\\\/liberatorshop.eu\\\/de\\\/product\\\/liberatorshop-sexspielzeugen\\\/moi-gear-adjustable-fuck-machine\\\/#breadcrumb\",\"itemListElement\":[{\"@type\":\"ListItem\",\"position\":1,\"name\":\"Home\",\"item\":\"https:\\\/\\\/liberatorshop.eu\\\/de\\\/\"},{\"@type\":\"ListItem\",\"position\":2,\"name\":\"Startseite\",\"item\":\"https:\\\/\\\/liberatorshop.eu\\\/de\\\/\"},{\"@type\":\"ListItem\",\"position\":3,\"name\":\"MOI Gear Adjustable Fuck Machine\"}]},{\"@type\":\"WebSite\",\"@id\":\"https:\\\/\\\/liberatorshop.eu\\\/de\\\/#website\",\"url\":\"https:\\\/\\\/liberatorshop.eu\\\/de\\\/\",\"name\":\"Liberatorshop.eu\",\"description\":\"Liberatorshop - Love All Ways\",\"publisher\":{\"@id\":\"https:\\\/\\\/liberatorshop.eu\\\/de\\\/#organization\"},\"potentialAction\":[{\"@type\":\"SearchAction\",\"target\":{\"@type\":\"EntryPoint\",\"urlTemplate\":\"https:\\\/\\\/liberatorshop.eu\\\/de\\\/?s={search_term_string}\"},\"query-input\":{\"@type\":\"PropertyValueSpecification\",\"valueRequired\":true,\"valueName\":\"search_term_string\"}}],\"inLanguage\":\"de\"},{\"@type\":\"Organization\",\"@id\":\"https:\\\/\\\/liberatorshop.eu\\\/de\\\/#organization\",\"name\":\"Liberatorshop\",\"url\":\"https:\\\/\\\/liberatorshop.eu\\\/de\\\/\",\"logo\":{\"@type\":\"ImageObject\",\"inLanguage\":\"de\",\"@id\":\"https:\\\/\\\/liberatorshop.eu\\\/de\\\/#\\\/schema\\\/logo\\\/image\\\/\",\"url\":\"https:\\\/\\\/liberatorshop.eu\\\/wp-content\\\/uploads\\\/2023\\\/09\\\/flip-ramp-EXAMPLES-1500-x-500-px.png\",\"contentUrl\":\"https:\\\/\\\/liberatorshop.eu\\\/wp-content\\\/uploads\\\/2023\\\/09\\\/flip-ramp-EXAMPLES-1500-x-500-px.png\",\"width\":2560,\"height\":854,\"caption\":\"Liberatorshop\"},\"image\":{\"@id\":\"https:\\\/\\\/liberatorshop.eu\\\/de\\\/#\\\/schema\\\/logo\\\/image\\\/\"}}]}<\/script>\n<!-- \/ Yoast SEO plugin. -->","yoast_head_json":{"title":"MOI Gear Adjustable Fuck Machine - Liberatorshop \u2013 Sexm\u00f6bel und Sexkissen zum Entdecken","description":"Tauchen Sie ein in eine Welt beispiellosen Vergn\u00fcgens mit der MOI Gear Adjustable Fuck Machine. Bereiten Sie sich auf ein Abenteuer vor, das alle Ihre Sinne anregt.","robots":{"index":"index","follow":"follow","max-snippet":"max-snippet:-1","max-image-preview":"max-image-preview:large","max-video-preview":"max-video-preview:-1"},"canonical":"https:\/\/liberatorshop.eu\/de\/product\/liberatorshop-sexspielzeugen\/moi-gear-adjustable-fuck-machine\/","og_locale":"de_DE","og_type":"article","og_title":"MOI Gear Adjustable Fuck Machine - Liberatorshop \u2013 Sexm\u00f6bel und Sexkissen zum Entdecken","og_description":"Tauchen Sie ein in eine Welt beispiellosen Vergn\u00fcgens mit der MOI Gear Adjustable Fuck Machine. Bereiten Sie sich auf ein Abenteuer vor, das alle Ihre Sinne anregt.","og_url":"https:\/\/liberatorshop.eu\/de\/product\/liberatorshop-sexspielzeugen\/moi-gear-adjustable-fuck-machine\/","og_site_name":"Liberatorshop \u2013 Sexm\u00f6bel und Sexkissen zum Entdecken","article_modified_time":"2024-03-23T23:28:23+00:00","og_image":[{"width":1000,"height":1320,"url":"https:\/\/liberatorshop.eu\/wp-content\/uploads\/2021\/02\/MOI-Xtreme-power-engine-01.jpeg","type":"image\/jpeg"}],"twitter_card":"summary_large_image","twitter_misc":{"Gesch\u00e4tzte Lesezeit":"1\u00a0Minute"},"schema":{"@context":"https:\/\/schema.org","@graph":[{"@type":"WebPage","@id":"https:\/\/liberatorshop.eu\/de\/product\/liberatorshop-sexspielzeugen\/moi-gear-adjustable-fuck-machine\/","url":"https:\/\/liberatorshop.eu\/de\/product\/liberatorshop-sexspielzeugen\/moi-gear-adjustable-fuck-machine\/","name":"MOI Gear Adjustable Fuck Machine - Liberatorshop \u2013 Sexm\u00f6bel und Sexkissen zum Entdecken","isPartOf":{"@id":"https:\/\/liberatorshop.eu\/de\/#website"},"primaryImageOfPage":{"@id":"https:\/\/liberatorshop.eu\/de\/product\/liberatorshop-sexspielzeugen\/moi-gear-adjustable-fuck-machine\/#primaryimage"},"image":{"@id":"https:\/\/liberatorshop.eu\/de\/product\/liberatorshop-sexspielzeugen\/moi-gear-adjustable-fuck-machine\/#primaryimage"},"thumbnailUrl":"https:\/\/liberatorshop.eu\/wp-content\/uploads\/2021\/02\/Xtreme-power-engine-01.webp","datePublished":"2021-02-21T16:55:33+00:00","dateModified":"2024-03-23T23:28:23+00:00","description":"Tauchen Sie ein in eine Welt beispiellosen Vergn\u00fcgens mit der MOI Gear Adjustable Fuck Machine. Bereiten Sie sich auf ein Abenteuer vor, das alle Ihre Sinne anregt.","breadcrumb":{"@id":"https:\/\/liberatorshop.eu\/de\/product\/liberatorshop-sexspielzeugen\/moi-gear-adjustable-fuck-machine\/#breadcrumb"},"inLanguage":"de","potentialAction":[{"@type":"ReadAction","target":["https:\/\/liberatorshop.eu\/de\/product\/liberatorshop-sexspielzeugen\/moi-gear-adjustable-fuck-machine\/"]}]},{"@type":"ImageObject","inLanguage":"de","@id":"https:\/\/liberatorshop.eu\/de\/product\/liberatorshop-sexspielzeugen\/moi-gear-adjustable-fuck-machine\/#primaryimage","url":"https:\/\/liberatorshop.eu\/wp-content\/uploads\/2021\/02\/Xtreme-power-engine-01.webp","contentUrl":"https:\/\/liberatorshop.eu\/wp-content\/uploads\/2021\/02\/Xtreme-power-engine-01.webp","width":1000,"height":1000},{"@type":"BreadcrumbList","@id":"https:\/\/liberatorshop.eu\/de\/product\/liberatorshop-sexspielzeugen\/moi-gear-adjustable-fuck-machine\/#breadcrumb","itemListElement":[{"@type":"ListItem","position":1,"name":"Home","item":"https:\/\/liberatorshop.eu\/de\/"},{"@type":"ListItem","position":2,"name":"Startseite","item":"https:\/\/liberatorshop.eu\/de\/"},{"@type":"ListItem","position":3,"name":"MOI Gear Adjustable Fuck Machine"}]},{"@type":"WebSite","@id":"https:\/\/liberatorshop.eu\/de\/#website","url":"https:\/\/liberatorshop.eu\/de\/","name":"Liberatorshop.eu","description":"Liberatorshop - Love All Ways","publisher":{"@id":"https:\/\/liberatorshop.eu\/de\/#organization"},"potentialAction":[{"@type":"SearchAction","target":{"@type":"EntryPoint","urlTemplate":"https:\/\/liberatorshop.eu\/de\/?s={search_term_string}"},"query-input":{"@type":"PropertyValueSpecification","valueRequired":true,"valueName":"search_term_string"}}],"inLanguage":"de"},{"@type":"Organization","@id":"https:\/\/liberatorshop.eu\/de\/#organization","name":"Liberatorshop","url":"https:\/\/liberatorshop.eu\/de\/","logo":{"@type":"ImageObject","inLanguage":"de","@id":"https:\/\/liberatorshop.eu\/de\/#\/schema\/logo\/image\/","url":"https:\/\/liberatorshop.eu\/wp-content\/uploads\/2023\/09\/flip-ramp-EXAMPLES-1500-x-500-px.png","contentUrl":"https:\/\/liberatorshop.eu\/wp-content\/uploads\/2023\/09\/flip-ramp-EXAMPLES-1500-x-500-px.png","width":2560,"height":854,"caption":"Liberatorshop"},"image":{"@id":"https:\/\/liberatorshop.eu\/de\/#\/schema\/logo\/image\/"}}]}},"_links":{"self":[{"href":"https:\/\/liberatorshop.eu\/de\/wp-json\/wp\/v2\/product\/65590","targetHints":{"allow":["GET"]}}],"collection":[{"href":"https:\/\/liberatorshop.eu\/de\/wp-json\/wp\/v2\/product"}],"about":[{"href":"https:\/\/liberatorshop.eu\/de\/wp-json\/wp\/v2\/types\/product"}],"replies":[{"embeddable":true,"href":"https:\/\/liberatorshop.eu\/de\/wp-json\/wp\/v2\/comments?post=65590"}],"wp:featuredmedia":[{"embeddable":true,"href":"https:\/\/liberatorshop.eu\/de\/wp-json\/wp\/v2\/media\/102926"}],"wp:attachment":[{"href":"https:\/\/liberatorshop.eu\/de\/wp-json\/wp\/v2\/media?parent=65590"}],"wp:term":[{"taxonomy":"product_brand","embeddable":true,"href":"https:\/\/liberatorshop.eu\/de\/wp-json\/wp\/v2\/product_brand?post=65590"},{"taxonomy":"product_cat","embeddable":true,"href":"https:\/\/liberatorshop.eu\/de\/wp-json\/wp\/v2\/product_cat?post=65590"},{"taxonomy":"product_tag","embeddable":true,"href":"https:\/\/liberatorshop.eu\/de\/wp-json\/wp\/v2\/product_tag?post=65590"}],"curies":[{"name":"wp","href":"https:\/\/api.w.org\/{rel}","templated":true}]}}