{"id":93304,"date":"2023-04-10T08:12:15","date_gmt":"2023-04-10T07:12:15","guid":{"rendered":"https:\/\/liberatorshop.eu\/product\/unkategorisiert\/liberator-center-stage\/"},"modified":"2024-10-21T06:58:10","modified_gmt":"2024-10-21T05:58:10","slug":"liberator-center-stage","status":"publish","type":"product","link":"https:\/\/liberatorshop.eu\/de\/product\/liberator-de\/liberator-center-stage\/","title":{"rendered":"Liberator Center Stage"},"content":{"rendered":"<p><strong>Erleben Sie Intimit\u00e4t wie nie zuvor mit der Liberator Center Stage<\/strong><\/p>\n<h3>Verwandeln Sie Ihr Schlafzimmer in ein sinnliches Theater<\/h3>\n<p>Entdecken Sie die <strong>Liberator Center Stage<\/strong>, wo jeder Moment zu einer sinnlichen Darbietung wird. Diese Plattform ist perfekt f\u00fcr Paare, die sich mehr Tiefe beim Liebesspiel w\u00fcnschen. Von erotischen Massagen bis hin zu aufregenden Spielen gibt die Center Stage den Ton an.<\/p>\n<h3>Komfort und Verbindung<\/h3>\n<p>Dank des ergonomischen Positionierungspolsters wird jede Ber\u00fchrung intensiver. Dies gibt bei Bedarf Halt, macht neue Positionen zug\u00e4nglich und reduziert den Druck auf den R\u00fccken. Gemeinsames Erkunden war noch nie so angenehm.<\/p>\n<h3>Luxus und Funktionalit\u00e4t<\/h3>\n<p>Mit seinem eleganten Kunstleder und der robusten Nylon-Mikrofaser ist der Center Stage ein langlebiges Kunstwerk in Ihrem Schlafzimmer. Es ist mit allen Gleitmitteln kompatibel und leicht zu reinigen, f\u00fcr unbeschwerte intime Momente.<\/p>\n<h3>Einfach und diskret<\/h3>\n<p>Nach der Leidenschaft k\u00f6nnen Sie die Center Stage m\u00fchelos verstauen. Es passt unter jedes Bett und ist bereit f\u00fcr Ihr n\u00e4chstes Abenteuer.<\/p>\n<p>Bringen Sie mehr Abenteuer in Ihr Liebesleben mit unserer <a href=\"https:\/\/liberatorshop.eu\/product_cat\/liberator\/\" target=\"_new\" rel=\"noopener\">kompletten Liberator-Kollektion<\/a>.<\/p>\n<h3>Bringen Sie Ihr Liebesleben auf ein neues Niveau<\/h3>\n<p>Lassen Sie die Liberator Center Stage zum Herzst\u00fcck Ihres Schlafzimmers werden. Wo Leidenschaft und Komfort f\u00fcr unvergessliche Momente zusammenkommen.<\/p>\n<p>Entdecken Sie jetzt die <strong>Liberator Center Stage<\/strong> und lassen Sie Ihr Liebesleben erbl\u00fchen.<\/p>\n","protected":false},"excerpt":{"rendered":"<p>Entdecken Sie die <strong>Liberator Center Stage<\/strong>, wo jeder Moment zu einer sinnlichen Darbietung wird. Diese Plattform ist perfekt f\u00fcr Paare, die sich mehr Tiefe beim Liebesspiel w\u00fcnschen. Von erotischen Massagen bis hin zu aufregenden Spielen gibt die Center Stage den Ton an.<\/p>\n","protected":false},"featured_media":93059,"comment_status":"open","ping_status":"closed","template":"","meta":[],"product_brand":[],"product_cat":[16186,15761],"product_tag":[15774,15913,15789],"class_list":{"0":"post-93304","1":"product","2":"type-product","3":"status-publish","4":"has-post-thumbnail","6":"product_cat-bestsellers-de","7":"product_cat-liberator-de","8":"product_tag-liberator-de","9":"product_tag-sexpositionen-de","10":"product_tag-sexpositionen","11":"product_shipping_class-lieferzeit-1-2-werktage","13":"first","14":"instock","15":"sale","16":"taxable","17":"shipping-taxable","18":"purchasable","19":"product-type-simple"},"yoast_head":"<!-- This site is optimized with the Yoast SEO plugin v27.3 - https:\/\/yoast.com\/product\/yoast-seo-wordpress\/ -->\n<title>Liberator Center Stage - Liberatorshop \u2013 Sexm\u00f6bel und Sexkissen zum Entdecken<\/title>\n<meta name=\"description\" content=\"Entdecken Sie die Magie der Liberator Center Stage: die Plattform f\u00fcr tiefere Intimit\u00e4t und sinnliche Abenteuer. F\u00fcgen Sie Ihrem Liebesleben eine Dimension hinzu.\" \/>\n<meta name=\"robots\" content=\"index, follow, max-snippet:-1, max-image-preview:large, max-video-preview:-1\" \/>\n<link rel=\"canonical\" href=\"https:\/\/liberatorshop.eu\/de\/product\/liberator-de\/liberator-center-stage\/\" \/>\n<meta property=\"og:locale\" content=\"de_DE\" \/>\n<meta property=\"og:type\" content=\"article\" \/>\n<meta property=\"og:title\" content=\"Liberator Center Stage - Liberatorshop \u2013 Sexm\u00f6bel und Sexkissen zum Entdecken\" \/>\n<meta property=\"og:description\" content=\"Entdecken Sie die Magie der Liberator Center Stage: die Plattform f\u00fcr tiefere Intimit\u00e4t und sinnliche Abenteuer. F\u00fcgen Sie Ihrem Liebesleben eine Dimension hinzu.\" \/>\n<meta property=\"og:url\" content=\"https:\/\/liberatorshop.eu\/de\/product\/liberator-de\/liberator-center-stage\/\" \/>\n<meta property=\"og:site_name\" content=\"Liberatorshop \u2013 Sexm\u00f6bel und Sexkissen zum Entdecken\" \/>\n<meta property=\"article:modified_time\" content=\"2024-10-21T05:58:10+00:00\" \/>\n<meta property=\"og:image\" content=\"https:\/\/liberatorshop.eu\/wp-content\/uploads\/2023\/04\/centerstage3.jpg\" \/>\n\t<meta property=\"og:image:width\" content=\"2000\" \/>\n\t<meta property=\"og:image:height\" content=\"2000\" \/>\n\t<meta property=\"og:image:type\" content=\"image\/jpeg\" \/>\n<meta name=\"twitter:card\" content=\"summary_large_image\" \/>\n<meta name=\"twitter:label1\" content=\"Gesch\u00e4tzte Lesezeit\" \/>\n\t<meta name=\"twitter:data1\" content=\"1\u00a0Minute\" \/>\n<script type=\"application\/ld+json\" class=\"yoast-schema-graph\">{\"@context\":\"https:\\\/\\\/schema.org\",\"@graph\":[{\"@type\":\"WebPage\",\"@id\":\"https:\\\/\\\/liberatorshop.eu\\\/de\\\/product\\\/liberator-de\\\/liberator-center-stage\\\/\",\"url\":\"https:\\\/\\\/liberatorshop.eu\\\/de\\\/product\\\/liberator-de\\\/liberator-center-stage\\\/\",\"name\":\"Liberator Center Stage - Liberatorshop \u2013 Sexm\u00f6bel und Sexkissen zum Entdecken\",\"isPartOf\":{\"@id\":\"https:\\\/\\\/liberatorshop.eu\\\/de\\\/#website\"},\"primaryImageOfPage\":{\"@id\":\"https:\\\/\\\/liberatorshop.eu\\\/de\\\/product\\\/liberator-de\\\/liberator-center-stage\\\/#primaryimage\"},\"image\":{\"@id\":\"https:\\\/\\\/liberatorshop.eu\\\/de\\\/product\\\/liberator-de\\\/liberator-center-stage\\\/#primaryimage\"},\"thumbnailUrl\":\"https:\\\/\\\/liberatorshop.eu\\\/wp-content\\\/uploads\\\/2023\\\/04\\\/centerstage3.jpg\",\"datePublished\":\"2023-04-10T07:12:15+00:00\",\"dateModified\":\"2024-10-21T05:58:10+00:00\",\"description\":\"Entdecken Sie die Magie der Liberator Center Stage: die Plattform f\u00fcr tiefere Intimit\u00e4t und sinnliche Abenteuer. F\u00fcgen Sie Ihrem Liebesleben eine Dimension hinzu.\",\"breadcrumb\":{\"@id\":\"https:\\\/\\\/liberatorshop.eu\\\/de\\\/product\\\/liberator-de\\\/liberator-center-stage\\\/#breadcrumb\"},\"inLanguage\":\"de\",\"potentialAction\":[{\"@type\":\"ReadAction\",\"target\":[\"https:\\\/\\\/liberatorshop.eu\\\/de\\\/product\\\/liberator-de\\\/liberator-center-stage\\\/\"]}]},{\"@type\":\"ImageObject\",\"inLanguage\":\"de\",\"@id\":\"https:\\\/\\\/liberatorshop.eu\\\/de\\\/product\\\/liberator-de\\\/liberator-center-stage\\\/#primaryimage\",\"url\":\"https:\\\/\\\/liberatorshop.eu\\\/wp-content\\\/uploads\\\/2023\\\/04\\\/centerstage3.jpg\",\"contentUrl\":\"https:\\\/\\\/liberatorshop.eu\\\/wp-content\\\/uploads\\\/2023\\\/04\\\/centerstage3.jpg\",\"width\":2000,\"height\":2000},{\"@type\":\"BreadcrumbList\",\"@id\":\"https:\\\/\\\/liberatorshop.eu\\\/de\\\/product\\\/liberator-de\\\/liberator-center-stage\\\/#breadcrumb\",\"itemListElement\":[{\"@type\":\"ListItem\",\"position\":1,\"name\":\"Home\",\"item\":\"https:\\\/\\\/liberatorshop.eu\\\/de\\\/\"},{\"@type\":\"ListItem\",\"position\":2,\"name\":\"Startseite\",\"item\":\"https:\\\/\\\/liberatorshop.eu\\\/de\\\/\"},{\"@type\":\"ListItem\",\"position\":3,\"name\":\"Liberator Center Stage\"}]},{\"@type\":\"WebSite\",\"@id\":\"https:\\\/\\\/liberatorshop.eu\\\/de\\\/#website\",\"url\":\"https:\\\/\\\/liberatorshop.eu\\\/de\\\/\",\"name\":\"Liberatorshop.eu\",\"description\":\"Liberatorshop - Love All Ways\",\"publisher\":{\"@id\":\"https:\\\/\\\/liberatorshop.eu\\\/de\\\/#organization\"},\"potentialAction\":[{\"@type\":\"SearchAction\",\"target\":{\"@type\":\"EntryPoint\",\"urlTemplate\":\"https:\\\/\\\/liberatorshop.eu\\\/de\\\/?s={search_term_string}\"},\"query-input\":{\"@type\":\"PropertyValueSpecification\",\"valueRequired\":true,\"valueName\":\"search_term_string\"}}],\"inLanguage\":\"de\"},{\"@type\":\"Organization\",\"@id\":\"https:\\\/\\\/liberatorshop.eu\\\/de\\\/#organization\",\"name\":\"Liberatorshop\",\"url\":\"https:\\\/\\\/liberatorshop.eu\\\/de\\\/\",\"logo\":{\"@type\":\"ImageObject\",\"inLanguage\":\"de\",\"@id\":\"https:\\\/\\\/liberatorshop.eu\\\/de\\\/#\\\/schema\\\/logo\\\/image\\\/\",\"url\":\"https:\\\/\\\/liberatorshop.eu\\\/wp-content\\\/uploads\\\/2023\\\/09\\\/flip-ramp-EXAMPLES-1500-x-500-px.png\",\"contentUrl\":\"https:\\\/\\\/liberatorshop.eu\\\/wp-content\\\/uploads\\\/2023\\\/09\\\/flip-ramp-EXAMPLES-1500-x-500-px.png\",\"width\":2560,\"height\":854,\"caption\":\"Liberatorshop\"},\"image\":{\"@id\":\"https:\\\/\\\/liberatorshop.eu\\\/de\\\/#\\\/schema\\\/logo\\\/image\\\/\"}}]}<\/script>\n<!-- \/ Yoast SEO plugin. -->","yoast_head_json":{"title":"Liberator Center Stage - Liberatorshop \u2013 Sexm\u00f6bel und Sexkissen zum Entdecken","description":"Entdecken Sie die Magie der Liberator Center Stage: die Plattform f\u00fcr tiefere Intimit\u00e4t und sinnliche Abenteuer. F\u00fcgen Sie Ihrem Liebesleben eine Dimension hinzu.","robots":{"index":"index","follow":"follow","max-snippet":"max-snippet:-1","max-image-preview":"max-image-preview:large","max-video-preview":"max-video-preview:-1"},"canonical":"https:\/\/liberatorshop.eu\/de\/product\/liberator-de\/liberator-center-stage\/","og_locale":"de_DE","og_type":"article","og_title":"Liberator Center Stage - Liberatorshop \u2013 Sexm\u00f6bel und Sexkissen zum Entdecken","og_description":"Entdecken Sie die Magie der Liberator Center Stage: die Plattform f\u00fcr tiefere Intimit\u00e4t und sinnliche Abenteuer. F\u00fcgen Sie Ihrem Liebesleben eine Dimension hinzu.","og_url":"https:\/\/liberatorshop.eu\/de\/product\/liberator-de\/liberator-center-stage\/","og_site_name":"Liberatorshop \u2013 Sexm\u00f6bel und Sexkissen zum Entdecken","article_modified_time":"2024-10-21T05:58:10+00:00","og_image":[{"width":2000,"height":2000,"url":"https:\/\/liberatorshop.eu\/wp-content\/uploads\/2023\/04\/centerstage3.jpg","type":"image\/jpeg"}],"twitter_card":"summary_large_image","twitter_misc":{"Gesch\u00e4tzte Lesezeit":"1\u00a0Minute"},"schema":{"@context":"https:\/\/schema.org","@graph":[{"@type":"WebPage","@id":"https:\/\/liberatorshop.eu\/de\/product\/liberator-de\/liberator-center-stage\/","url":"https:\/\/liberatorshop.eu\/de\/product\/liberator-de\/liberator-center-stage\/","name":"Liberator Center Stage - Liberatorshop \u2013 Sexm\u00f6bel und Sexkissen zum Entdecken","isPartOf":{"@id":"https:\/\/liberatorshop.eu\/de\/#website"},"primaryImageOfPage":{"@id":"https:\/\/liberatorshop.eu\/de\/product\/liberator-de\/liberator-center-stage\/#primaryimage"},"image":{"@id":"https:\/\/liberatorshop.eu\/de\/product\/liberator-de\/liberator-center-stage\/#primaryimage"},"thumbnailUrl":"https:\/\/liberatorshop.eu\/wp-content\/uploads\/2023\/04\/centerstage3.jpg","datePublished":"2023-04-10T07:12:15+00:00","dateModified":"2024-10-21T05:58:10+00:00","description":"Entdecken Sie die Magie der Liberator Center Stage: die Plattform f\u00fcr tiefere Intimit\u00e4t und sinnliche Abenteuer. F\u00fcgen Sie Ihrem Liebesleben eine Dimension hinzu.","breadcrumb":{"@id":"https:\/\/liberatorshop.eu\/de\/product\/liberator-de\/liberator-center-stage\/#breadcrumb"},"inLanguage":"de","potentialAction":[{"@type":"ReadAction","target":["https:\/\/liberatorshop.eu\/de\/product\/liberator-de\/liberator-center-stage\/"]}]},{"@type":"ImageObject","inLanguage":"de","@id":"https:\/\/liberatorshop.eu\/de\/product\/liberator-de\/liberator-center-stage\/#primaryimage","url":"https:\/\/liberatorshop.eu\/wp-content\/uploads\/2023\/04\/centerstage3.jpg","contentUrl":"https:\/\/liberatorshop.eu\/wp-content\/uploads\/2023\/04\/centerstage3.jpg","width":2000,"height":2000},{"@type":"BreadcrumbList","@id":"https:\/\/liberatorshop.eu\/de\/product\/liberator-de\/liberator-center-stage\/#breadcrumb","itemListElement":[{"@type":"ListItem","position":1,"name":"Home","item":"https:\/\/liberatorshop.eu\/de\/"},{"@type":"ListItem","position":2,"name":"Startseite","item":"https:\/\/liberatorshop.eu\/de\/"},{"@type":"ListItem","position":3,"name":"Liberator Center Stage"}]},{"@type":"WebSite","@id":"https:\/\/liberatorshop.eu\/de\/#website","url":"https:\/\/liberatorshop.eu\/de\/","name":"Liberatorshop.eu","description":"Liberatorshop - Love All Ways","publisher":{"@id":"https:\/\/liberatorshop.eu\/de\/#organization"},"potentialAction":[{"@type":"SearchAction","target":{"@type":"EntryPoint","urlTemplate":"https:\/\/liberatorshop.eu\/de\/?s={search_term_string}"},"query-input":{"@type":"PropertyValueSpecification","valueRequired":true,"valueName":"search_term_string"}}],"inLanguage":"de"},{"@type":"Organization","@id":"https:\/\/liberatorshop.eu\/de\/#organization","name":"Liberatorshop","url":"https:\/\/liberatorshop.eu\/de\/","logo":{"@type":"ImageObject","inLanguage":"de","@id":"https:\/\/liberatorshop.eu\/de\/#\/schema\/logo\/image\/","url":"https:\/\/liberatorshop.eu\/wp-content\/uploads\/2023\/09\/flip-ramp-EXAMPLES-1500-x-500-px.png","contentUrl":"https:\/\/liberatorshop.eu\/wp-content\/uploads\/2023\/09\/flip-ramp-EXAMPLES-1500-x-500-px.png","width":2560,"height":854,"caption":"Liberatorshop"},"image":{"@id":"https:\/\/liberatorshop.eu\/de\/#\/schema\/logo\/image\/"}}]}},"_links":{"self":[{"href":"https:\/\/liberatorshop.eu\/de\/wp-json\/wp\/v2\/product\/93304","targetHints":{"allow":["GET"]}}],"collection":[{"href":"https:\/\/liberatorshop.eu\/de\/wp-json\/wp\/v2\/product"}],"about":[{"href":"https:\/\/liberatorshop.eu\/de\/wp-json\/wp\/v2\/types\/product"}],"replies":[{"embeddable":true,"href":"https:\/\/liberatorshop.eu\/de\/wp-json\/wp\/v2\/comments?post=93304"}],"wp:featuredmedia":[{"embeddable":true,"href":"https:\/\/liberatorshop.eu\/de\/wp-json\/wp\/v2\/media\/93059"}],"wp:attachment":[{"href":"https:\/\/liberatorshop.eu\/de\/wp-json\/wp\/v2\/media?parent=93304"}],"wp:term":[{"taxonomy":"product_brand","embeddable":true,"href":"https:\/\/liberatorshop.eu\/de\/wp-json\/wp\/v2\/product_brand?post=93304"},{"taxonomy":"product_cat","embeddable":true,"href":"https:\/\/liberatorshop.eu\/de\/wp-json\/wp\/v2\/product_cat?post=93304"},{"taxonomy":"product_tag","embeddable":true,"href":"https:\/\/liberatorshop.eu\/de\/wp-json\/wp\/v2\/product_tag?post=93304"}],"curies":[{"name":"wp","href":"https:\/\/api.w.org\/{rel}","templated":true}]}}