{"id":93983,"date":"2023-07-30T12:59:43","date_gmt":"2023-08-16T19:27:30","guid":{"rendered":"https:\/\/liberatorshop.eu\/product\/unkategorisiert\/nexus-bendz-prostate-edition-schwarz\/"},"modified":"2024-03-24T17:48:45","modified_gmt":"2024-03-24T16:48:45","slug":"nexus-bendz-prostate-edition-zwart","status":"publish","type":"product","link":"https:\/\/liberatorshop.eu\/de\/product\/liberatorshop-sexspielzeugen\/nexus-bendz-prostate-edition-zwart\/","title":{"rendered":"Nexus &#8211; Bendz Prostate Edition Schwarz"},"content":{"rendered":"<p>Entdecken Sie die Kraft der pr\u00e4zisen P-Punkt-Stimulation mit der <strong>Nexus Bendz Prostate Edition<\/strong> in verf\u00fchrerischem Schwarz. Dieses innovative Spielzeug wurde speziell f\u00fcr eine tiefe und gezielte Prostatamassage entwickelt und verspricht ein revolution\u00e4res Erlebnis m\u00e4nnlicher Lust.<\/p>\n<p><strong>Anspruchsvolle Innovation f\u00fcr ultimatives Vergn\u00fcgen<\/strong> Die Nexus Bendz Prostate Edition ist ein Meisterwerk aus Form und Funktionalit\u00e4t, vereint in einem schlanken, maskulinen Design. Mit seiner ergonomischen Form und dem flexiblen Schaft passt er sich perfekt an die Konturen Ihres K\u00f6rpers an und sorgt f\u00fcr eine unvergleichliche Stimulation.<\/p>\n<p><strong>Erweiterte Funktionen f\u00fcr intensive Zufriedenheit<\/strong><\/p>\n<ul>\n<li>Weiches, k\u00f6rpervertr\u00e4gliches Silikon f\u00fcr ein seidenweiches Gef\u00fchl.<\/li>\n<li>Ergonomisch gestaltet f\u00fcr eine nahtlose P-Punkt-Stimulation.<\/li>\n<li>Flexibler Schaft, der sich f\u00fcr Ihr pers\u00f6nliches Vergn\u00fcgen an Ihren K\u00f6rper anpasst.<\/li>\n<li>Leistungsstarke Vibrationsmodi, die f\u00fcr tiefe, resonante Empfindungen sorgen.<\/li>\n<\/ul>\n<p><strong>Diskret und langlebig<\/strong> Der Nexus Bendz ist nicht nur ein leistungsstarker Stimulator, sondern auch auf Diskretion und Haltbarkeit ausgelegt. Ob zu Hause oder auf Reisen, dieses Prostata-Massageger\u00e4t ist Ihr idealer Begleiter f\u00fcr intime Erkundungen.<\/p>\n<p>Sehen Sie sich alle unsere <a href=\"https:\/\/liberatorshop.eu\/product_cat\/liberatorshop-sextoys\/\">Sexspielzeuge<\/a> an!<\/p>\n","protected":false},"excerpt":{"rendered":"<p>Entdecken Sie die Kraft der pr\u00e4zisen P-Punkt-Stimulation mit der <strong>Nexus Bendz Prostate Edition<\/strong> in verf\u00fchrerischem Schwarz. Dieses innovative Spielzeug wurde speziell f\u00fcr eine tiefe und gezielte Prostatamassage entwickelt und verspricht ein revolution\u00e4res Erlebnis m\u00e4nnlicher Lust.<\/p>\n","protected":false},"featured_media":99163,"comment_status":"closed","ping_status":"closed","template":"","meta":[],"product_brand":[],"product_cat":[20713],"product_tag":[],"class_list":{"0":"post-93983","1":"product","2":"type-product","3":"status-publish","4":"has-post-thumbnail","6":"product_cat-liberatorshop-sexspielzeugen","7":"product_shipping_class-lieferzeit-3-5-werktage","8":"pa_kleur-schwartz","9":"pa_merk-nexus-de","11":"first","12":"instock","13":"purchasable","14":"product-type-simple"},"yoast_head":"<!-- This site is optimized with the Yoast SEO plugin v27.3 - https:\/\/yoast.com\/product\/yoast-seo-wordpress\/ -->\n<title>Nexus - Bendz Prostate Edition Schwarz - Liberatorshop \u2013 Sexm\u00f6bel und Sexkissen zum Entdecken<\/title>\n<meta name=\"description\" content=\"Erleben Sie eine gezielte P-Punkt-Stimulation mit der Nexus Bendz Prostate Edition Black, jetzt erh\u00e4ltlich bei liberatorshop.eu. Innovatives Design und kraftvolle Vibrationen versprechen ultimative m\u00e4nnliche Befriedigung.\" \/>\n<meta name=\"robots\" content=\"index, follow, max-snippet:-1, max-image-preview:large, max-video-preview:-1\" \/>\n<link rel=\"canonical\" href=\"https:\/\/liberatorshop.eu\/de\/product\/liberatorshop-sexspielzeugen\/nexus-bendz-prostate-edition-zwart\/\" \/>\n<meta property=\"og:locale\" content=\"de_DE\" \/>\n<meta property=\"og:type\" content=\"article\" \/>\n<meta property=\"og:title\" content=\"Nexus - Bendz Prostate Edition Schwarz - Liberatorshop \u2013 Sexm\u00f6bel und Sexkissen zum Entdecken\" \/>\n<meta property=\"og:description\" content=\"Erleben Sie eine gezielte P-Punkt-Stimulation mit der Nexus Bendz Prostate Edition Black, jetzt erh\u00e4ltlich bei liberatorshop.eu. Innovatives Design und kraftvolle Vibrationen versprechen ultimative m\u00e4nnliche Befriedigung.\" \/>\n<meta property=\"og:url\" content=\"https:\/\/liberatorshop.eu\/de\/product\/liberatorshop-sexspielzeugen\/nexus-bendz-prostate-edition-zwart\/\" \/>\n<meta property=\"og:site_name\" content=\"Liberatorshop \u2013 Sexm\u00f6bel und Sexkissen zum Entdecken\" \/>\n<meta property=\"article:modified_time\" content=\"2024-03-24T16:48:45+00:00\" \/>\n<meta property=\"og:image\" content=\"https:\/\/liberatorshop.eu\/wp-content\/uploads\/2023\/07\/E34840.jpg\" \/>\n\t<meta property=\"og:image:width\" content=\"590\" \/>\n\t<meta property=\"og:image:height\" content=\"590\" \/>\n\t<meta property=\"og:image:type\" content=\"image\/jpeg\" \/>\n<meta name=\"twitter:card\" content=\"summary_large_image\" \/>\n<meta name=\"twitter:label1\" content=\"Gesch\u00e4tzte Lesezeit\" \/>\n\t<meta name=\"twitter:data1\" content=\"1\u00a0Minute\" \/>\n<script type=\"application\/ld+json\" class=\"yoast-schema-graph\">{\"@context\":\"https:\\\/\\\/schema.org\",\"@graph\":[{\"@type\":\"WebPage\",\"@id\":\"https:\\\/\\\/liberatorshop.eu\\\/de\\\/product\\\/liberatorshop-sexspielzeugen\\\/nexus-bendz-prostate-edition-zwart\\\/\",\"url\":\"https:\\\/\\\/liberatorshop.eu\\\/de\\\/product\\\/liberatorshop-sexspielzeugen\\\/nexus-bendz-prostate-edition-zwart\\\/\",\"name\":\"Nexus - Bendz Prostate Edition Schwarz - Liberatorshop \u2013 Sexm\u00f6bel und Sexkissen zum Entdecken\",\"isPartOf\":{\"@id\":\"https:\\\/\\\/liberatorshop.eu\\\/de\\\/#website\"},\"primaryImageOfPage\":{\"@id\":\"https:\\\/\\\/liberatorshop.eu\\\/de\\\/product\\\/liberatorshop-sexspielzeugen\\\/nexus-bendz-prostate-edition-zwart\\\/#primaryimage\"},\"image\":{\"@id\":\"https:\\\/\\\/liberatorshop.eu\\\/de\\\/product\\\/liberatorshop-sexspielzeugen\\\/nexus-bendz-prostate-edition-zwart\\\/#primaryimage\"},\"thumbnailUrl\":\"https:\\\/\\\/liberatorshop.eu\\\/wp-content\\\/uploads\\\/2023\\\/07\\\/E34840.jpg\",\"datePublished\":\"2023-08-16T19:27:30+00:00\",\"dateModified\":\"2024-03-24T16:48:45+00:00\",\"description\":\"Erleben Sie eine gezielte P-Punkt-Stimulation mit der Nexus Bendz Prostate Edition Black, jetzt erh\u00e4ltlich bei liberatorshop.eu. Innovatives Design und kraftvolle Vibrationen versprechen ultimative m\u00e4nnliche Befriedigung.\",\"breadcrumb\":{\"@id\":\"https:\\\/\\\/liberatorshop.eu\\\/de\\\/product\\\/liberatorshop-sexspielzeugen\\\/nexus-bendz-prostate-edition-zwart\\\/#breadcrumb\"},\"inLanguage\":\"de\",\"potentialAction\":[{\"@type\":\"ReadAction\",\"target\":[\"https:\\\/\\\/liberatorshop.eu\\\/de\\\/product\\\/liberatorshop-sexspielzeugen\\\/nexus-bendz-prostate-edition-zwart\\\/\"]}]},{\"@type\":\"ImageObject\",\"inLanguage\":\"de\",\"@id\":\"https:\\\/\\\/liberatorshop.eu\\\/de\\\/product\\\/liberatorshop-sexspielzeugen\\\/nexus-bendz-prostate-edition-zwart\\\/#primaryimage\",\"url\":\"https:\\\/\\\/liberatorshop.eu\\\/wp-content\\\/uploads\\\/2023\\\/07\\\/E34840.jpg\",\"contentUrl\":\"https:\\\/\\\/liberatorshop.eu\\\/wp-content\\\/uploads\\\/2023\\\/07\\\/E34840.jpg\",\"width\":590,\"height\":590},{\"@type\":\"BreadcrumbList\",\"@id\":\"https:\\\/\\\/liberatorshop.eu\\\/de\\\/product\\\/liberatorshop-sexspielzeugen\\\/nexus-bendz-prostate-edition-zwart\\\/#breadcrumb\",\"itemListElement\":[{\"@type\":\"ListItem\",\"position\":1,\"name\":\"Home\",\"item\":\"https:\\\/\\\/liberatorshop.eu\\\/de\\\/\"},{\"@type\":\"ListItem\",\"position\":2,\"name\":\"Startseite\",\"item\":\"https:\\\/\\\/liberatorshop.eu\\\/de\\\/\"},{\"@type\":\"ListItem\",\"position\":3,\"name\":\"Nexus &#8211; Bendz Prostate Edition Schwarz\"}]},{\"@type\":\"WebSite\",\"@id\":\"https:\\\/\\\/liberatorshop.eu\\\/de\\\/#website\",\"url\":\"https:\\\/\\\/liberatorshop.eu\\\/de\\\/\",\"name\":\"Liberatorshop.eu\",\"description\":\"Liberatorshop - Love All Ways\",\"publisher\":{\"@id\":\"https:\\\/\\\/liberatorshop.eu\\\/de\\\/#organization\"},\"potentialAction\":[{\"@type\":\"SearchAction\",\"target\":{\"@type\":\"EntryPoint\",\"urlTemplate\":\"https:\\\/\\\/liberatorshop.eu\\\/de\\\/?s={search_term_string}\"},\"query-input\":{\"@type\":\"PropertyValueSpecification\",\"valueRequired\":true,\"valueName\":\"search_term_string\"}}],\"inLanguage\":\"de\"},{\"@type\":\"Organization\",\"@id\":\"https:\\\/\\\/liberatorshop.eu\\\/de\\\/#organization\",\"name\":\"Liberatorshop\",\"url\":\"https:\\\/\\\/liberatorshop.eu\\\/de\\\/\",\"logo\":{\"@type\":\"ImageObject\",\"inLanguage\":\"de\",\"@id\":\"https:\\\/\\\/liberatorshop.eu\\\/de\\\/#\\\/schema\\\/logo\\\/image\\\/\",\"url\":\"https:\\\/\\\/liberatorshop.eu\\\/wp-content\\\/uploads\\\/2023\\\/09\\\/flip-ramp-EXAMPLES-1500-x-500-px.png\",\"contentUrl\":\"https:\\\/\\\/liberatorshop.eu\\\/wp-content\\\/uploads\\\/2023\\\/09\\\/flip-ramp-EXAMPLES-1500-x-500-px.png\",\"width\":2560,\"height\":854,\"caption\":\"Liberatorshop\"},\"image\":{\"@id\":\"https:\\\/\\\/liberatorshop.eu\\\/de\\\/#\\\/schema\\\/logo\\\/image\\\/\"}}]}<\/script>\n<!-- \/ Yoast SEO plugin. -->","yoast_head_json":{"title":"Nexus - Bendz Prostate Edition Schwarz - Liberatorshop \u2013 Sexm\u00f6bel und Sexkissen zum Entdecken","description":"Erleben Sie eine gezielte P-Punkt-Stimulation mit der Nexus Bendz Prostate Edition Black, jetzt erh\u00e4ltlich bei liberatorshop.eu. Innovatives Design und kraftvolle Vibrationen versprechen ultimative m\u00e4nnliche Befriedigung.","robots":{"index":"index","follow":"follow","max-snippet":"max-snippet:-1","max-image-preview":"max-image-preview:large","max-video-preview":"max-video-preview:-1"},"canonical":"https:\/\/liberatorshop.eu\/de\/product\/liberatorshop-sexspielzeugen\/nexus-bendz-prostate-edition-zwart\/","og_locale":"de_DE","og_type":"article","og_title":"Nexus - Bendz Prostate Edition Schwarz - Liberatorshop \u2013 Sexm\u00f6bel und Sexkissen zum Entdecken","og_description":"Erleben Sie eine gezielte P-Punkt-Stimulation mit der Nexus Bendz Prostate Edition Black, jetzt erh\u00e4ltlich bei liberatorshop.eu. Innovatives Design und kraftvolle Vibrationen versprechen ultimative m\u00e4nnliche Befriedigung.","og_url":"https:\/\/liberatorshop.eu\/de\/product\/liberatorshop-sexspielzeugen\/nexus-bendz-prostate-edition-zwart\/","og_site_name":"Liberatorshop \u2013 Sexm\u00f6bel und Sexkissen zum Entdecken","article_modified_time":"2024-03-24T16:48:45+00:00","og_image":[{"width":590,"height":590,"url":"https:\/\/liberatorshop.eu\/wp-content\/uploads\/2023\/07\/E34840.jpg","type":"image\/jpeg"}],"twitter_card":"summary_large_image","twitter_misc":{"Gesch\u00e4tzte Lesezeit":"1\u00a0Minute"},"schema":{"@context":"https:\/\/schema.org","@graph":[{"@type":"WebPage","@id":"https:\/\/liberatorshop.eu\/de\/product\/liberatorshop-sexspielzeugen\/nexus-bendz-prostate-edition-zwart\/","url":"https:\/\/liberatorshop.eu\/de\/product\/liberatorshop-sexspielzeugen\/nexus-bendz-prostate-edition-zwart\/","name":"Nexus - Bendz Prostate Edition Schwarz - Liberatorshop \u2013 Sexm\u00f6bel und Sexkissen zum Entdecken","isPartOf":{"@id":"https:\/\/liberatorshop.eu\/de\/#website"},"primaryImageOfPage":{"@id":"https:\/\/liberatorshop.eu\/de\/product\/liberatorshop-sexspielzeugen\/nexus-bendz-prostate-edition-zwart\/#primaryimage"},"image":{"@id":"https:\/\/liberatorshop.eu\/de\/product\/liberatorshop-sexspielzeugen\/nexus-bendz-prostate-edition-zwart\/#primaryimage"},"thumbnailUrl":"https:\/\/liberatorshop.eu\/wp-content\/uploads\/2023\/07\/E34840.jpg","datePublished":"2023-08-16T19:27:30+00:00","dateModified":"2024-03-24T16:48:45+00:00","description":"Erleben Sie eine gezielte P-Punkt-Stimulation mit der Nexus Bendz Prostate Edition Black, jetzt erh\u00e4ltlich bei liberatorshop.eu. Innovatives Design und kraftvolle Vibrationen versprechen ultimative m\u00e4nnliche Befriedigung.","breadcrumb":{"@id":"https:\/\/liberatorshop.eu\/de\/product\/liberatorshop-sexspielzeugen\/nexus-bendz-prostate-edition-zwart\/#breadcrumb"},"inLanguage":"de","potentialAction":[{"@type":"ReadAction","target":["https:\/\/liberatorshop.eu\/de\/product\/liberatorshop-sexspielzeugen\/nexus-bendz-prostate-edition-zwart\/"]}]},{"@type":"ImageObject","inLanguage":"de","@id":"https:\/\/liberatorshop.eu\/de\/product\/liberatorshop-sexspielzeugen\/nexus-bendz-prostate-edition-zwart\/#primaryimage","url":"https:\/\/liberatorshop.eu\/wp-content\/uploads\/2023\/07\/E34840.jpg","contentUrl":"https:\/\/liberatorshop.eu\/wp-content\/uploads\/2023\/07\/E34840.jpg","width":590,"height":590},{"@type":"BreadcrumbList","@id":"https:\/\/liberatorshop.eu\/de\/product\/liberatorshop-sexspielzeugen\/nexus-bendz-prostate-edition-zwart\/#breadcrumb","itemListElement":[{"@type":"ListItem","position":1,"name":"Home","item":"https:\/\/liberatorshop.eu\/de\/"},{"@type":"ListItem","position":2,"name":"Startseite","item":"https:\/\/liberatorshop.eu\/de\/"},{"@type":"ListItem","position":3,"name":"Nexus &#8211; Bendz Prostate Edition Schwarz"}]},{"@type":"WebSite","@id":"https:\/\/liberatorshop.eu\/de\/#website","url":"https:\/\/liberatorshop.eu\/de\/","name":"Liberatorshop.eu","description":"Liberatorshop - Love All Ways","publisher":{"@id":"https:\/\/liberatorshop.eu\/de\/#organization"},"potentialAction":[{"@type":"SearchAction","target":{"@type":"EntryPoint","urlTemplate":"https:\/\/liberatorshop.eu\/de\/?s={search_term_string}"},"query-input":{"@type":"PropertyValueSpecification","valueRequired":true,"valueName":"search_term_string"}}],"inLanguage":"de"},{"@type":"Organization","@id":"https:\/\/liberatorshop.eu\/de\/#organization","name":"Liberatorshop","url":"https:\/\/liberatorshop.eu\/de\/","logo":{"@type":"ImageObject","inLanguage":"de","@id":"https:\/\/liberatorshop.eu\/de\/#\/schema\/logo\/image\/","url":"https:\/\/liberatorshop.eu\/wp-content\/uploads\/2023\/09\/flip-ramp-EXAMPLES-1500-x-500-px.png","contentUrl":"https:\/\/liberatorshop.eu\/wp-content\/uploads\/2023\/09\/flip-ramp-EXAMPLES-1500-x-500-px.png","width":2560,"height":854,"caption":"Liberatorshop"},"image":{"@id":"https:\/\/liberatorshop.eu\/de\/#\/schema\/logo\/image\/"}}]}},"_links":{"self":[{"href":"https:\/\/liberatorshop.eu\/de\/wp-json\/wp\/v2\/product\/93983","targetHints":{"allow":["GET"]}}],"collection":[{"href":"https:\/\/liberatorshop.eu\/de\/wp-json\/wp\/v2\/product"}],"about":[{"href":"https:\/\/liberatorshop.eu\/de\/wp-json\/wp\/v2\/types\/product"}],"replies":[{"embeddable":true,"href":"https:\/\/liberatorshop.eu\/de\/wp-json\/wp\/v2\/comments?post=93983"}],"wp:featuredmedia":[{"embeddable":true,"href":"https:\/\/liberatorshop.eu\/de\/wp-json\/wp\/v2\/media\/99163"}],"wp:attachment":[{"href":"https:\/\/liberatorshop.eu\/de\/wp-json\/wp\/v2\/media?parent=93983"}],"wp:term":[{"taxonomy":"product_brand","embeddable":true,"href":"https:\/\/liberatorshop.eu\/de\/wp-json\/wp\/v2\/product_brand?post=93983"},{"taxonomy":"product_cat","embeddable":true,"href":"https:\/\/liberatorshop.eu\/de\/wp-json\/wp\/v2\/product_cat?post=93983"},{"taxonomy":"product_tag","embeddable":true,"href":"https:\/\/liberatorshop.eu\/de\/wp-json\/wp\/v2\/product_tag?post=93983"}],"curies":[{"name":"wp","href":"https:\/\/api.w.org\/{rel}","templated":true}]}}