{"id":65625,"date":"2021-02-27T20:56:17","date_gmt":"2021-02-27T19:56:17","guid":{"rendered":"https:\/\/liberatorshop.eu\/informacion-para-clientes\/"},"modified":"2024-06-30T17:19:41","modified_gmt":"2024-06-30T16:19:41","slug":"informacion-para-clientes","status":"publish","type":"page","link":"https:\/\/liberatorshop.eu\/es\/informacion-para-clientes\/","title":{"rendered":"Informaci\u00f3n para clientes"},"content":{"rendered":"<div class=\"fusion-fullwidth fullwidth-box fusion-builder-row-1 fusion-flex-container nonhundred-percent-fullwidth non-hundred-percent-height-scrolling\" style=\"--awb-border-radius-top-left:0px;--awb-border-radius-top-right:0px;--awb-border-radius-bottom-right:0px;--awb-border-radius-bottom-left:0px;--awb-flex-wrap:wrap;\" ><div class=\"fusion-builder-row fusion-row fusion-flex-align-items-flex-start fusion-flex-content-wrap\" style=\"max-width:calc( 1375px + );margin-left: calc(- \/ 2 );margin-right: calc(- \/ 2 );\"><div class=\"fusion-layout-column fusion_builder_column fusion-builder-column-0 fusion_builder_column_1_1 1_1 fusion-flex-column\" style=\"--awb-bg-size:cover;--awb-width-large:100%;--awb-margin-top-large:0px;--awb-margin-bottom-large:0px;--awb-width-medium:100%;--awb-width-small:100%;\"><div class=\"fusion-column-wrapper fusion-flex-justify-content-flex-start fusion-content-layout-column\"><nav class=\"fusion-breadcrumbs awb-yoast-breadcrumbs fusion-breadcrumbs-1\" style=\"--awb-margin-top:20px;--awb-margin-right:0px;--awb-margin-bottom:20px;--awb-margin-left:0px;--awb-breadcrumb-sep:&#039;\/&#039;;\" aria-label=\"Breadcrumb\"><span><span><a href=\"https:\/\/liberatorshop.eu\/es\/\">Home<\/a><\/span><\/span><\/nav><div class=\"fusion-title title fusion-title-1 fusion-sep-none fusion-title-text fusion-title-size-one\" style=\"--awb-margin-top-small:10px;--awb-margin-right-small:0px;--awb-margin-bottom-small:10px;--awb-margin-left-small:0px;\"><h1 class=\"fusion-title-heading title-heading-left\" style=\"font-family:var(--awb-typography1-font-family);font-weight:var(--awb-typography1-font-weight);font-style:var(--awb-typography1-font-style);margin:0;\">Informaci\u00f3n para clientes<\/h1><\/div><div class=\"fusion-text fusion-text-1\"><p>Liberatorshop.eu pertenece a SixtyNine bv. SixtyNine bv es mayorista y distribuidor de, entre otros, productos Liberator. Tambi\u00e9n vendemos juguetes, lencer\u00eda de l\u00e1tex, tocador y productos de cuidado personal en la tienda web de liberatorshop.eu.<\/p>\n<p>Para preguntas, comentarios, sugerencias o citas, env\u00ede un correo electr\u00f3nico a: info@liberatorshop.eu <\/p>\n<p><strong>Env\u00edos a todo el mundo.<br \/><\/strong>Todos los pagos deben hacerse por adelantado a menos que se haya elegido Klarna para el pago. La entrega de la mercanc\u00eda solo se realizar\u00e1 despu\u00e9s del pago. Los costos de env\u00edo son espec\u00edficos del pa\u00eds y dependen del tama\u00f1o y el peso. Normalmente, los pedidos se entregan en un plazo de 2 a 4 d\u00edas laborables. <\/p>\n<p>Tenga en cuenta que se pueden cobrar derechos de aduana adicionales para los env\u00edos fuera de la Uni\u00f3n Europea (UE). Consulte con su oficina de aduanas local con anticipaci\u00f3n.<\/p>\n<p>Realice su dep\u00f3sito dentro de una semana de realizar el pedido en la siguiente cuenta y no olvide incluir su n\u00famero de pedido:<\/p>\n<p><strong>Detalles del banco<br \/><\/strong>Banco: ABN-AMRO BANK (Hoorn)<br \/>IBAN: NL98 ABNA 0568 6115 35<br \/>BIC: ABNANL2A<\/p>\n<p><strong>Sobre Liberator<br \/><\/strong> La marca Liberator existe en un entorno donde el amor, el arte y el descubrimiento se encuentran. La gama no es lo suficientemente ex\u00f3tica para ser clasificada en la categor\u00eda de productos sexuales para \u00abadultos\u00bb, pero es demasiado sexy para ser considerada promedio. Los productos de estilo amoroso de Liberator no se han visto antes en el mundo del sexo y el erotismo y traen su propia din\u00e1mica. El objetivo es permitir que los socios tengan la mejor experiencia amorosa posible, juntos e individualmente. <\/p>\n<p>Liberator Bedroom Adventure Gear existe desde 2004. La empresa fue fundada por dos mujeres y sus maridos residentes en Estados Unidos y Canad\u00e1. Por experiencia personal, entendieron que la monogamia sin la posibilidad de descubrimiento y nuevas perspectivas sexuales puede ser incre\u00edblemente aburrida. Inspir\u00e1ndose en un art\u00edculo de una revista que describe el uso de almohadas para hacer el amor, los cuatro se embarcaron en un viaje de investigaci\u00f3n y descubrimiento. Esto result\u00f3 en una nueva visi\u00f3n del sexo y de la l\u00ednea de productos actual, Liberator.<\/p>\n<p><strong>Ahora y futuro<br \/><\/strong> Los productos transforman las habitaciones ordinarias en un paisaje sexual creativo. \u00a1Usar Liberator Shapes con diferentes \u00e1ngulos, formas, curvas, colores y tama\u00f1os es muy estimulante! Las formas Liberator ayudan a las personas de cualquier altura y peso, con problemas de espalda u otras condiciones m\u00e9dicas, a acercarse c\u00f3modamente para la relajaci\u00f3n, la intimidad y \/ o el sexo. Ahora y en el futuro, aparecer\u00e1n m\u00e1s productos con la etiqueta Liberator.<\/p>\n<p><strong>Acerca de SixtyNine bv<br \/><\/strong> SixtyNine bv es un licenciatario para la producci\u00f3n y venta de productos Liberator Bedroom Adventure Gear, una marca de estilo amoroso. Desde mayo de 2008, SixtyNine bv, la empresa matriz de liberatorshop.eu, tiene los derechos para la producci\u00f3n y venta de productos Liberator en los Pa\u00edses Bajos, Alemania, Francia y B\u00e9lgica. SixtyNine bv tiene su oficina en Hoorn, en la cabecera de Holanda Septentrional. SixtyNine bv se considera m\u00e1s que un proveedor de productos que ayudan en la experiencia sexual entre socios para el individuo. En un futuro pr\u00f3ximo, se desarrollar\u00e1n sitios separados con productos para uso ortop\u00e9dico especialmente para discapacitados. Tambi\u00e9n se desarrollar\u00e1 un sitio con mobiliario especial para juegos y relajaci\u00f3n.<\/p>\n<p>SixtyNine bv<br \/>Postbus 4046<br \/>1620 HA HOORN<br \/>Los pa\u00edses bajos<\/p>\n<p>E-mail: info@ liberatorshop.eu<br \/>Internet: liberatorshop.eu<\/p>\n<p>KvK: 62 922 122<br \/>BTW nr: NL.8550.15.627.B01<\/p>\n<p style=\"text-align: left;\">\u00a1Crea tu propio estilo de amor!<\/p>\n<p><img decoding=\"async\" class=\"wp-image-31755 aligncenter\" src=\"https:\/\/liberatorshop.eu\/wp-content\/uploads\/2020\/07\/Liberatorshop-Logo-2020.png\" alt=\"Liberatorshop Logo\" width=\"152\" height=\"62\"><\/p>\n<p>&nbsp;<\/p>\n<\/div><\/div><\/div><\/div><\/div>\n","protected":false},"excerpt":{"rendered":"","protected":false},"author":1,"featured_media":0,"parent":0,"menu_order":0,"comment_status":"closed","ping_status":"closed","template":"","meta":{"footnotes":""},"class_list":["post-65625","page","type-page","status-publish","hentry"],"yoast_head":"<!-- This site is optimized with the Yoast SEO plugin v27.3 - https:\/\/yoast.com\/product\/yoast-seo-wordpress\/ -->\n<title>Informaci\u00f3n para clientes - Liberatorshop - Muebles sexuales y almohadas sexuales por descubrir<\/title>\n<meta name=\"robots\" content=\"index, follow, max-snippet:-1, max-image-preview:large, max-video-preview:-1\" \/>\n<link rel=\"canonical\" href=\"https:\/\/liberatorshop.eu\/es\/informacion-para-clientes\/\" \/>\n<meta property=\"og:locale\" content=\"es_ES\" \/>\n<meta property=\"og:type\" content=\"article\" \/>\n<meta property=\"og:title\" content=\"Informaci\u00f3n para clientes - Liberatorshop - Muebles sexuales y almohadas sexuales por descubrir\" \/>\n<meta property=\"og:url\" content=\"https:\/\/liberatorshop.eu\/es\/informacion-para-clientes\/\" \/>\n<meta property=\"og:site_name\" content=\"Liberatorshop - Muebles sexuales y almohadas sexuales por descubrir\" \/>\n<meta property=\"article:modified_time\" content=\"2024-06-30T16:19:41+00:00\" \/>\n<meta property=\"og:image\" content=\"https:\/\/liberatorshop.eu\/wp-content\/uploads\/2020\/07\/Liberatorshop-Logo-2020.png\" \/>\n<meta name=\"twitter:card\" content=\"summary_large_image\" \/>\n<meta name=\"twitter:label1\" content=\"Tiempo de lectura\" \/>\n\t<meta name=\"twitter:data1\" content=\"6 minutos\" \/>\n<script type=\"application\/ld+json\" class=\"yoast-schema-graph\">{\"@context\":\"https:\\\/\\\/schema.org\",\"@graph\":[{\"@type\":\"WebPage\",\"@id\":\"https:\\\/\\\/liberatorshop.eu\\\/es\\\/informacion-para-clientes\\\/\",\"url\":\"https:\\\/\\\/liberatorshop.eu\\\/es\\\/informacion-para-clientes\\\/\",\"name\":\"Informaci\u00f3n para clientes - Liberatorshop - Muebles sexuales y almohadas sexuales por descubrir\",\"isPartOf\":{\"@id\":\"https:\\\/\\\/liberatorshop.eu\\\/es\\\/#website\"},\"primaryImageOfPage\":{\"@id\":\"https:\\\/\\\/liberatorshop.eu\\\/es\\\/informacion-para-clientes\\\/#primaryimage\"},\"image\":{\"@id\":\"https:\\\/\\\/liberatorshop.eu\\\/es\\\/informacion-para-clientes\\\/#primaryimage\"},\"thumbnailUrl\":\"https:\\\/\\\/liberatorshop.eu\\\/wp-content\\\/uploads\\\/2020\\\/07\\\/Liberatorshop-Logo-2020.png\",\"datePublished\":\"2021-02-27T19:56:17+00:00\",\"dateModified\":\"2024-06-30T16:19:41+00:00\",\"breadcrumb\":{\"@id\":\"https:\\\/\\\/liberatorshop.eu\\\/es\\\/informacion-para-clientes\\\/#breadcrumb\"},\"inLanguage\":\"es\",\"potentialAction\":[{\"@type\":\"ReadAction\",\"target\":[\"https:\\\/\\\/liberatorshop.eu\\\/es\\\/informacion-para-clientes\\\/\"]}]},{\"@type\":\"ImageObject\",\"inLanguage\":\"es\",\"@id\":\"https:\\\/\\\/liberatorshop.eu\\\/es\\\/informacion-para-clientes\\\/#primaryimage\",\"url\":\"https:\\\/\\\/liberatorshop.eu\\\/wp-content\\\/uploads\\\/2020\\\/07\\\/Liberatorshop-Logo-2020.png\",\"contentUrl\":\"https:\\\/\\\/liberatorshop.eu\\\/wp-content\\\/uploads\\\/2020\\\/07\\\/Liberatorshop-Logo-2020.png\"},{\"@type\":\"BreadcrumbList\",\"@id\":\"https:\\\/\\\/liberatorshop.eu\\\/es\\\/informacion-para-clientes\\\/#breadcrumb\",\"itemListElement\":[{\"@type\":\"ListItem\",\"position\":1,\"name\":\"Home\",\"item\":\"https:\\\/\\\/liberatorshop.eu\\\/es\\\/\"},{\"@type\":\"ListItem\",\"position\":2,\"name\":\"Informaci\u00f3n para clientes\"}]},{\"@type\":\"WebSite\",\"@id\":\"https:\\\/\\\/liberatorshop.eu\\\/es\\\/#website\",\"url\":\"https:\\\/\\\/liberatorshop.eu\\\/es\\\/\",\"name\":\"Liberatorshop.eu\",\"description\":\"Liberatorshop - Love All Ways\",\"publisher\":{\"@id\":\"https:\\\/\\\/liberatorshop.eu\\\/es\\\/#organization\"},\"potentialAction\":[{\"@type\":\"SearchAction\",\"target\":{\"@type\":\"EntryPoint\",\"urlTemplate\":\"https:\\\/\\\/liberatorshop.eu\\\/es\\\/?s={search_term_string}\"},\"query-input\":{\"@type\":\"PropertyValueSpecification\",\"valueRequired\":true,\"valueName\":\"search_term_string\"}}],\"inLanguage\":\"es\"},{\"@type\":\"Organization\",\"@id\":\"https:\\\/\\\/liberatorshop.eu\\\/es\\\/#organization\",\"name\":\"Liberatorshop\",\"url\":\"https:\\\/\\\/liberatorshop.eu\\\/es\\\/\",\"logo\":{\"@type\":\"ImageObject\",\"inLanguage\":\"es\",\"@id\":\"https:\\\/\\\/liberatorshop.eu\\\/es\\\/#\\\/schema\\\/logo\\\/image\\\/\",\"url\":\"https:\\\/\\\/liberatorshop.eu\\\/wp-content\\\/uploads\\\/2023\\\/09\\\/flip-ramp-EXAMPLES-1500-x-500-px.png\",\"contentUrl\":\"https:\\\/\\\/liberatorshop.eu\\\/wp-content\\\/uploads\\\/2023\\\/09\\\/flip-ramp-EXAMPLES-1500-x-500-px.png\",\"width\":2560,\"height\":854,\"caption\":\"Liberatorshop\"},\"image\":{\"@id\":\"https:\\\/\\\/liberatorshop.eu\\\/es\\\/#\\\/schema\\\/logo\\\/image\\\/\"}}]}<\/script>\n<!-- \/ Yoast SEO plugin. -->","yoast_head_json":{"title":"Informaci\u00f3n para clientes - Liberatorshop - Muebles sexuales y almohadas sexuales por descubrir","robots":{"index":"index","follow":"follow","max-snippet":"max-snippet:-1","max-image-preview":"max-image-preview:large","max-video-preview":"max-video-preview:-1"},"canonical":"https:\/\/liberatorshop.eu\/es\/informacion-para-clientes\/","og_locale":"es_ES","og_type":"article","og_title":"Informaci\u00f3n para clientes - Liberatorshop - Muebles sexuales y almohadas sexuales por descubrir","og_url":"https:\/\/liberatorshop.eu\/es\/informacion-para-clientes\/","og_site_name":"Liberatorshop - Muebles sexuales y almohadas sexuales por descubrir","article_modified_time":"2024-06-30T16:19:41+00:00","og_image":[{"url":"https:\/\/liberatorshop.eu\/wp-content\/uploads\/2020\/07\/Liberatorshop-Logo-2020.png","type":"","width":"","height":""}],"twitter_card":"summary_large_image","twitter_misc":{"Tiempo de lectura":"6 minutos"},"schema":{"@context":"https:\/\/schema.org","@graph":[{"@type":"WebPage","@id":"https:\/\/liberatorshop.eu\/es\/informacion-para-clientes\/","url":"https:\/\/liberatorshop.eu\/es\/informacion-para-clientes\/","name":"Informaci\u00f3n para clientes - Liberatorshop - Muebles sexuales y almohadas sexuales por descubrir","isPartOf":{"@id":"https:\/\/liberatorshop.eu\/es\/#website"},"primaryImageOfPage":{"@id":"https:\/\/liberatorshop.eu\/es\/informacion-para-clientes\/#primaryimage"},"image":{"@id":"https:\/\/liberatorshop.eu\/es\/informacion-para-clientes\/#primaryimage"},"thumbnailUrl":"https:\/\/liberatorshop.eu\/wp-content\/uploads\/2020\/07\/Liberatorshop-Logo-2020.png","datePublished":"2021-02-27T19:56:17+00:00","dateModified":"2024-06-30T16:19:41+00:00","breadcrumb":{"@id":"https:\/\/liberatorshop.eu\/es\/informacion-para-clientes\/#breadcrumb"},"inLanguage":"es","potentialAction":[{"@type":"ReadAction","target":["https:\/\/liberatorshop.eu\/es\/informacion-para-clientes\/"]}]},{"@type":"ImageObject","inLanguage":"es","@id":"https:\/\/liberatorshop.eu\/es\/informacion-para-clientes\/#primaryimage","url":"https:\/\/liberatorshop.eu\/wp-content\/uploads\/2020\/07\/Liberatorshop-Logo-2020.png","contentUrl":"https:\/\/liberatorshop.eu\/wp-content\/uploads\/2020\/07\/Liberatorshop-Logo-2020.png"},{"@type":"BreadcrumbList","@id":"https:\/\/liberatorshop.eu\/es\/informacion-para-clientes\/#breadcrumb","itemListElement":[{"@type":"ListItem","position":1,"name":"Home","item":"https:\/\/liberatorshop.eu\/es\/"},{"@type":"ListItem","position":2,"name":"Informaci\u00f3n para clientes"}]},{"@type":"WebSite","@id":"https:\/\/liberatorshop.eu\/es\/#website","url":"https:\/\/liberatorshop.eu\/es\/","name":"Liberatorshop.eu","description":"Liberatorshop - Love All Ways","publisher":{"@id":"https:\/\/liberatorshop.eu\/es\/#organization"},"potentialAction":[{"@type":"SearchAction","target":{"@type":"EntryPoint","urlTemplate":"https:\/\/liberatorshop.eu\/es\/?s={search_term_string}"},"query-input":{"@type":"PropertyValueSpecification","valueRequired":true,"valueName":"search_term_string"}}],"inLanguage":"es"},{"@type":"Organization","@id":"https:\/\/liberatorshop.eu\/es\/#organization","name":"Liberatorshop","url":"https:\/\/liberatorshop.eu\/es\/","logo":{"@type":"ImageObject","inLanguage":"es","@id":"https:\/\/liberatorshop.eu\/es\/#\/schema\/logo\/image\/","url":"https:\/\/liberatorshop.eu\/wp-content\/uploads\/2023\/09\/flip-ramp-EXAMPLES-1500-x-500-px.png","contentUrl":"https:\/\/liberatorshop.eu\/wp-content\/uploads\/2023\/09\/flip-ramp-EXAMPLES-1500-x-500-px.png","width":2560,"height":854,"caption":"Liberatorshop"},"image":{"@id":"https:\/\/liberatorshop.eu\/es\/#\/schema\/logo\/image\/"}}]}},"_links":{"self":[{"href":"https:\/\/liberatorshop.eu\/es\/wp-json\/wp\/v2\/pages\/65625","targetHints":{"allow":["GET"]}}],"collection":[{"href":"https:\/\/liberatorshop.eu\/es\/wp-json\/wp\/v2\/pages"}],"about":[{"href":"https:\/\/liberatorshop.eu\/es\/wp-json\/wp\/v2\/types\/page"}],"author":[{"embeddable":true,"href":"https:\/\/liberatorshop.eu\/es\/wp-json\/wp\/v2\/users\/1"}],"replies":[{"embeddable":true,"href":"https:\/\/liberatorshop.eu\/es\/wp-json\/wp\/v2\/comments?post=65625"}],"version-history":[{"count":19,"href":"https:\/\/liberatorshop.eu\/es\/wp-json\/wp\/v2\/pages\/65625\/revisions"}],"predecessor-version":[{"id":100460,"href":"https:\/\/liberatorshop.eu\/es\/wp-json\/wp\/v2\/pages\/65625\/revisions\/100460"}],"wp:attachment":[{"href":"https:\/\/liberatorshop.eu\/es\/wp-json\/wp\/v2\/media?parent=65625"}],"curies":[{"name":"wp","href":"https:\/\/api.w.org\/{rel}","templated":true}]}}