{"id":102375,"date":"2024-09-21T14:44:59","date_gmt":"2024-09-21T13:44:59","guid":{"rendered":"https:\/\/liberatorshop.eu\/product\/sin%20categor\u00eda\/liberator-fascinator-throw-mini\/"},"modified":"2024-10-22T07:57:58","modified_gmt":"2024-10-22T06:57:58","slug":"liberator-fascinator-throw-mini","status":"publish","type":"product","link":"https:\/\/liberatorshop.eu\/es\/product\/liberator-es\/liberator-fascinator-throw-mini\/","title":{"rendered":"Liberator Fascinator Throw Mini"},"content":{"rendered":"<h3>Tocado Mini: tu soluci\u00f3n compacta para un placer sin preocupaciones<\/h3>\n<p> El <strong>Tocado Throw Mini<\/strong> de Liberator es la soluci\u00f3n ideal para quienes quieren disfrutar de momentos \u00edntimos sin preocuparse por las manchas o la humedad. Esta versi\u00f3n compacta de la popular manta Fascinator est\u00e1 hecha de suave microfibra aterciopelada y ofrece una comodidad \u00f3ptima, al mismo tiempo que protege su ropa de cama, sof\u00e1 o piso de manchas no deseadas. Perfecto para casa y de viaje.   <\/p>\n<h3>Por qu\u00e9 el Tocado Throw Mini es imprescindible<\/h3>\n<p> Con <strong>Toscinator Throw Mini<\/strong> podr\u00e1s disfrutar plenamente del momento, sin preocuparte por el desorden. Gracias a la barrera contra la humedad incorporada, la manta absorbe l\u00edquidos y mantiene todo seco.  <\/p>\n<ul>\n<li><strong>Resistente a la humedad y c\u00f3modo<\/strong>: hecho de microfibra suave y aterciopelada que absorbe l\u00edquidos eficazmente sin fugas.<\/li>\n<li><strong>F\u00e1cil de limpiar<\/strong>: despu\u00e9s de su uso, simplemente arroje el Fascinator Throw Mini a la lavadora y secadora.<\/li>\n<li><strong>Compacta y discreta<\/strong>: El pr\u00e1ctico tama\u00f1o de 91 x 66 cm hace que la manta sea ideal para momentos \u00edntimos mientras viaja.<\/li>\n<\/ul>\n<h3>Uso vers\u00e1til para el hogar y mientras viaja<\/h3>\n<p> El <strong>Fascinator Throw Mini<\/strong> es compacto y f\u00e1cil de transportar, lo que lo hace perfecto para noches rom\u00e1nticas en casa o aventuras espont\u00e1neas durante una escapada de fin de semana. Ya sea que est\u00e9 buscando protecci\u00f3n para sus muebles o simplemente quiera una manta c\u00f3moda, Fascinator Throw Mini siempre ofrece la protecci\u00f3n que necesita.  <\/p>\n<h3>Caracter\u00edsticas clave<\/h3>\n<ul>\n<li><strong>Dimensiones<\/strong>: 91x66cm<\/li>\n<li><strong>Material<\/strong>: microfibra, poli\u00e9ster, poliuretano<\/li>\n<li><strong>Color<\/strong>: P\u00farpura<\/li>\n<li><strong>Lavable y apto para secadora.<\/strong><\/li>\n<li><strong>Compacto y discreto: ideal para viajes<\/strong><\/li>\n<\/ul>\n<h3>Descubra m\u00e1s de Liberator<\/h3>\n<p> \u00bfQuieres a\u00f1adir a\u00fan m\u00e1s lujo y comodidad a tus momentos \u00edntimos? Descubre nuestra <a href=\"https:\/\/liberatorshop.eu\/es\/categoria-producto-es\/liberator-es\/\" target=\"_new\" rel=\"noopener\"><strong>colecci\u00f3n Liberator<\/strong><\/a> completa y transforma tu dormitorio con nuestros productos innovadores y de alta calidad. <\/p>\n","protected":false},"excerpt":{"rendered":"<p>Tocado Mini: tu soluci\u00f3n compacta para un placer sin preocupaciones  [&#8230;]<\/p>\n","protected":false},"featured_media":102257,"comment_status":"open","ping_status":"closed","template":"","meta":[],"product_brand":[],"product_cat":[15760],"product_tag":[16046,15784],"class_list":{"0":"post-102375","1":"product","2":"type-product","3":"status-publish","4":"has-post-thumbnail","6":"product_cat-liberator-es","7":"product_tag-fascinator-es","8":"product_tag-liberator-es","9":"product_shipping_class-envio-1-2-dias-laborables","10":"pa_kleur-azul","11":"pa_kleur-purpura","13":"first","14":"instock","15":"taxable","16":"shipping-taxable","17":"purchasable","18":"product-type-variable"},"yoast_head":"<!-- This site is optimized with the Yoast SEO plugin v27.3 - https:\/\/yoast.com\/product\/yoast-seo-wordpress\/ -->\n<title>Liberator Fascinator Throw Mini - Liberatorshop - Muebles sexuales y almohadas sexuales por descubrir<\/title>\n<meta name=\"description\" content=\"El Fascinator Throw Mini de Liberator ofrece m\u00e1xima comodidad y protecci\u00f3n contra la humedad durante los momentos \u00edntimos. Compacto, discreto y lavable a m\u00e1quina: perfecto para el hogar y para viajar. Haga su pedido ahora en Liberatorshop.eu.\" \/>\n<meta name=\"robots\" content=\"index, follow, max-snippet:-1, max-image-preview:large, max-video-preview:-1\" \/>\n<link rel=\"canonical\" href=\"https:\/\/liberatorshop.eu\/es\/product\/liberator-es\/liberator-fascinator-throw-mini\/\" \/>\n<meta property=\"og:locale\" content=\"es_ES\" \/>\n<meta property=\"og:type\" content=\"article\" \/>\n<meta property=\"og:title\" content=\"Liberator Fascinator Throw Mini - Liberatorshop - Muebles sexuales y almohadas sexuales por descubrir\" \/>\n<meta property=\"og:description\" content=\"El Fascinator Throw Mini de Liberator ofrece m\u00e1xima comodidad y protecci\u00f3n contra la humedad durante los momentos \u00edntimos. Compacto, discreto y lavable a m\u00e1quina: perfecto para el hogar y para viajar. Haga su pedido ahora en Liberatorshop.eu.\" \/>\n<meta property=\"og:url\" content=\"https:\/\/liberatorshop.eu\/es\/product\/liberator-es\/liberator-fascinator-throw-mini\/\" \/>\n<meta property=\"og:site_name\" content=\"Liberatorshop - Muebles sexuales y almohadas sexuales por descubrir\" \/>\n<meta property=\"article:modified_time\" content=\"2024-10-22T06:57:58+00:00\" \/>\n<meta property=\"og:image\" content=\"https:\/\/liberatorshop.eu\/wp-content\/uploads\/2024\/09\/fascinator-mini-purple-01.jpg\" \/>\n\t<meta property=\"og:image:width\" content=\"1200\" \/>\n\t<meta property=\"og:image:height\" content=\"1200\" \/>\n\t<meta property=\"og:image:type\" content=\"image\/jpeg\" \/>\n<meta name=\"twitter:card\" content=\"summary_large_image\" \/>\n<meta name=\"twitter:label1\" content=\"Tiempo de lectura\" \/>\n\t<meta name=\"twitter:data1\" content=\"2 minutos\" \/>\n<script type=\"application\/ld+json\" class=\"yoast-schema-graph\">{\"@context\":\"https:\\\/\\\/schema.org\",\"@graph\":[{\"@type\":\"WebPage\",\"@id\":\"https:\\\/\\\/liberatorshop.eu\\\/es\\\/product\\\/liberator-es\\\/liberator-fascinator-throw-mini\\\/\",\"url\":\"https:\\\/\\\/liberatorshop.eu\\\/es\\\/product\\\/liberator-es\\\/liberator-fascinator-throw-mini\\\/\",\"name\":\"Liberator Fascinator Throw Mini - Liberatorshop - Muebles sexuales y almohadas sexuales por descubrir\",\"isPartOf\":{\"@id\":\"https:\\\/\\\/liberatorshop.eu\\\/es\\\/#website\"},\"primaryImageOfPage\":{\"@id\":\"https:\\\/\\\/liberatorshop.eu\\\/es\\\/product\\\/liberator-es\\\/liberator-fascinator-throw-mini\\\/#primaryimage\"},\"image\":{\"@id\":\"https:\\\/\\\/liberatorshop.eu\\\/es\\\/product\\\/liberator-es\\\/liberator-fascinator-throw-mini\\\/#primaryimage\"},\"thumbnailUrl\":\"https:\\\/\\\/liberatorshop.eu\\\/wp-content\\\/uploads\\\/2024\\\/09\\\/fascinator-mini-purple-01.jpg\",\"datePublished\":\"2024-09-21T13:44:59+00:00\",\"dateModified\":\"2024-10-22T06:57:58+00:00\",\"description\":\"El Fascinator Throw Mini de Liberator ofrece m\u00e1xima comodidad y protecci\u00f3n contra la humedad durante los momentos \u00edntimos. Compacto, discreto y lavable a m\u00e1quina: perfecto para el hogar y para viajar. Haga su pedido ahora en Liberatorshop.eu.\",\"breadcrumb\":{\"@id\":\"https:\\\/\\\/liberatorshop.eu\\\/es\\\/product\\\/liberator-es\\\/liberator-fascinator-throw-mini\\\/#breadcrumb\"},\"inLanguage\":\"es\",\"potentialAction\":[{\"@type\":\"ReadAction\",\"target\":[\"https:\\\/\\\/liberatorshop.eu\\\/es\\\/product\\\/liberator-es\\\/liberator-fascinator-throw-mini\\\/\"]}]},{\"@type\":\"ImageObject\",\"inLanguage\":\"es\",\"@id\":\"https:\\\/\\\/liberatorshop.eu\\\/es\\\/product\\\/liberator-es\\\/liberator-fascinator-throw-mini\\\/#primaryimage\",\"url\":\"https:\\\/\\\/liberatorshop.eu\\\/wp-content\\\/uploads\\\/2024\\\/09\\\/fascinator-mini-purple-01.jpg\",\"contentUrl\":\"https:\\\/\\\/liberatorshop.eu\\\/wp-content\\\/uploads\\\/2024\\\/09\\\/fascinator-mini-purple-01.jpg\",\"width\":1200,\"height\":1200,\"caption\":\"Compact and discreet, ideal for intimate moments at home or on the go.\"},{\"@type\":\"BreadcrumbList\",\"@id\":\"https:\\\/\\\/liberatorshop.eu\\\/es\\\/product\\\/liberator-es\\\/liberator-fascinator-throw-mini\\\/#breadcrumb\",\"itemListElement\":[{\"@type\":\"ListItem\",\"position\":1,\"name\":\"Home\",\"item\":\"https:\\\/\\\/liberatorshop.eu\\\/es\\\/\"},{\"@type\":\"ListItem\",\"position\":2,\"name\":\"Comienzo\",\"item\":\"https:\\\/\\\/liberatorshop.eu\\\/es\\\/\"},{\"@type\":\"ListItem\",\"position\":3,\"name\":\"Liberator Fascinator Throw Mini\"}]},{\"@type\":\"WebSite\",\"@id\":\"https:\\\/\\\/liberatorshop.eu\\\/es\\\/#website\",\"url\":\"https:\\\/\\\/liberatorshop.eu\\\/es\\\/\",\"name\":\"Liberatorshop.eu\",\"description\":\"Liberatorshop - Love All Ways\",\"publisher\":{\"@id\":\"https:\\\/\\\/liberatorshop.eu\\\/es\\\/#organization\"},\"potentialAction\":[{\"@type\":\"SearchAction\",\"target\":{\"@type\":\"EntryPoint\",\"urlTemplate\":\"https:\\\/\\\/liberatorshop.eu\\\/es\\\/?s={search_term_string}\"},\"query-input\":{\"@type\":\"PropertyValueSpecification\",\"valueRequired\":true,\"valueName\":\"search_term_string\"}}],\"inLanguage\":\"es\"},{\"@type\":\"Organization\",\"@id\":\"https:\\\/\\\/liberatorshop.eu\\\/es\\\/#organization\",\"name\":\"Liberatorshop\",\"url\":\"https:\\\/\\\/liberatorshop.eu\\\/es\\\/\",\"logo\":{\"@type\":\"ImageObject\",\"inLanguage\":\"es\",\"@id\":\"https:\\\/\\\/liberatorshop.eu\\\/es\\\/#\\\/schema\\\/logo\\\/image\\\/\",\"url\":\"https:\\\/\\\/liberatorshop.eu\\\/wp-content\\\/uploads\\\/2023\\\/09\\\/flip-ramp-EXAMPLES-1500-x-500-px.png\",\"contentUrl\":\"https:\\\/\\\/liberatorshop.eu\\\/wp-content\\\/uploads\\\/2023\\\/09\\\/flip-ramp-EXAMPLES-1500-x-500-px.png\",\"width\":2560,\"height\":854,\"caption\":\"Liberatorshop\"},\"image\":{\"@id\":\"https:\\\/\\\/liberatorshop.eu\\\/es\\\/#\\\/schema\\\/logo\\\/image\\\/\"}}]}<\/script>\n<!-- \/ Yoast SEO plugin. -->","yoast_head_json":{"title":"Liberator Fascinator Throw Mini - Liberatorshop - Muebles sexuales y almohadas sexuales por descubrir","description":"El Fascinator Throw Mini de Liberator ofrece m\u00e1xima comodidad y protecci\u00f3n contra la humedad durante los momentos \u00edntimos. Compacto, discreto y lavable a m\u00e1quina: perfecto para el hogar y para viajar. Haga su pedido ahora en Liberatorshop.eu.","robots":{"index":"index","follow":"follow","max-snippet":"max-snippet:-1","max-image-preview":"max-image-preview:large","max-video-preview":"max-video-preview:-1"},"canonical":"https:\/\/liberatorshop.eu\/es\/product\/liberator-es\/liberator-fascinator-throw-mini\/","og_locale":"es_ES","og_type":"article","og_title":"Liberator Fascinator Throw Mini - Liberatorshop - Muebles sexuales y almohadas sexuales por descubrir","og_description":"El Fascinator Throw Mini de Liberator ofrece m\u00e1xima comodidad y protecci\u00f3n contra la humedad durante los momentos \u00edntimos. Compacto, discreto y lavable a m\u00e1quina: perfecto para el hogar y para viajar. Haga su pedido ahora en Liberatorshop.eu.","og_url":"https:\/\/liberatorshop.eu\/es\/product\/liberator-es\/liberator-fascinator-throw-mini\/","og_site_name":"Liberatorshop - Muebles sexuales y almohadas sexuales por descubrir","article_modified_time":"2024-10-22T06:57:58+00:00","og_image":[{"width":1200,"height":1200,"url":"https:\/\/liberatorshop.eu\/wp-content\/uploads\/2024\/09\/fascinator-mini-purple-01.jpg","type":"image\/jpeg"}],"twitter_card":"summary_large_image","twitter_misc":{"Tiempo de lectura":"2 minutos"},"schema":{"@context":"https:\/\/schema.org","@graph":[{"@type":"WebPage","@id":"https:\/\/liberatorshop.eu\/es\/product\/liberator-es\/liberator-fascinator-throw-mini\/","url":"https:\/\/liberatorshop.eu\/es\/product\/liberator-es\/liberator-fascinator-throw-mini\/","name":"Liberator Fascinator Throw Mini - Liberatorshop - Muebles sexuales y almohadas sexuales por descubrir","isPartOf":{"@id":"https:\/\/liberatorshop.eu\/es\/#website"},"primaryImageOfPage":{"@id":"https:\/\/liberatorshop.eu\/es\/product\/liberator-es\/liberator-fascinator-throw-mini\/#primaryimage"},"image":{"@id":"https:\/\/liberatorshop.eu\/es\/product\/liberator-es\/liberator-fascinator-throw-mini\/#primaryimage"},"thumbnailUrl":"https:\/\/liberatorshop.eu\/wp-content\/uploads\/2024\/09\/fascinator-mini-purple-01.jpg","datePublished":"2024-09-21T13:44:59+00:00","dateModified":"2024-10-22T06:57:58+00:00","description":"El Fascinator Throw Mini de Liberator ofrece m\u00e1xima comodidad y protecci\u00f3n contra la humedad durante los momentos \u00edntimos. Compacto, discreto y lavable a m\u00e1quina: perfecto para el hogar y para viajar. Haga su pedido ahora en Liberatorshop.eu.","breadcrumb":{"@id":"https:\/\/liberatorshop.eu\/es\/product\/liberator-es\/liberator-fascinator-throw-mini\/#breadcrumb"},"inLanguage":"es","potentialAction":[{"@type":"ReadAction","target":["https:\/\/liberatorshop.eu\/es\/product\/liberator-es\/liberator-fascinator-throw-mini\/"]}]},{"@type":"ImageObject","inLanguage":"es","@id":"https:\/\/liberatorshop.eu\/es\/product\/liberator-es\/liberator-fascinator-throw-mini\/#primaryimage","url":"https:\/\/liberatorshop.eu\/wp-content\/uploads\/2024\/09\/fascinator-mini-purple-01.jpg","contentUrl":"https:\/\/liberatorshop.eu\/wp-content\/uploads\/2024\/09\/fascinator-mini-purple-01.jpg","width":1200,"height":1200,"caption":"Compact and discreet, ideal for intimate moments at home or on the go."},{"@type":"BreadcrumbList","@id":"https:\/\/liberatorshop.eu\/es\/product\/liberator-es\/liberator-fascinator-throw-mini\/#breadcrumb","itemListElement":[{"@type":"ListItem","position":1,"name":"Home","item":"https:\/\/liberatorshop.eu\/es\/"},{"@type":"ListItem","position":2,"name":"Comienzo","item":"https:\/\/liberatorshop.eu\/es\/"},{"@type":"ListItem","position":3,"name":"Liberator Fascinator Throw Mini"}]},{"@type":"WebSite","@id":"https:\/\/liberatorshop.eu\/es\/#website","url":"https:\/\/liberatorshop.eu\/es\/","name":"Liberatorshop.eu","description":"Liberatorshop - Love All Ways","publisher":{"@id":"https:\/\/liberatorshop.eu\/es\/#organization"},"potentialAction":[{"@type":"SearchAction","target":{"@type":"EntryPoint","urlTemplate":"https:\/\/liberatorshop.eu\/es\/?s={search_term_string}"},"query-input":{"@type":"PropertyValueSpecification","valueRequired":true,"valueName":"search_term_string"}}],"inLanguage":"es"},{"@type":"Organization","@id":"https:\/\/liberatorshop.eu\/es\/#organization","name":"Liberatorshop","url":"https:\/\/liberatorshop.eu\/es\/","logo":{"@type":"ImageObject","inLanguage":"es","@id":"https:\/\/liberatorshop.eu\/es\/#\/schema\/logo\/image\/","url":"https:\/\/liberatorshop.eu\/wp-content\/uploads\/2023\/09\/flip-ramp-EXAMPLES-1500-x-500-px.png","contentUrl":"https:\/\/liberatorshop.eu\/wp-content\/uploads\/2023\/09\/flip-ramp-EXAMPLES-1500-x-500-px.png","width":2560,"height":854,"caption":"Liberatorshop"},"image":{"@id":"https:\/\/liberatorshop.eu\/es\/#\/schema\/logo\/image\/"}}]}},"_links":{"self":[{"href":"https:\/\/liberatorshop.eu\/es\/wp-json\/wp\/v2\/product\/102375","targetHints":{"allow":["GET"]}}],"collection":[{"href":"https:\/\/liberatorshop.eu\/es\/wp-json\/wp\/v2\/product"}],"about":[{"href":"https:\/\/liberatorshop.eu\/es\/wp-json\/wp\/v2\/types\/product"}],"replies":[{"embeddable":true,"href":"https:\/\/liberatorshop.eu\/es\/wp-json\/wp\/v2\/comments?post=102375"}],"wp:featuredmedia":[{"embeddable":true,"href":"https:\/\/liberatorshop.eu\/es\/wp-json\/wp\/v2\/media\/102257"}],"wp:attachment":[{"href":"https:\/\/liberatorshop.eu\/es\/wp-json\/wp\/v2\/media?parent=102375"}],"wp:term":[{"taxonomy":"product_brand","embeddable":true,"href":"https:\/\/liberatorshop.eu\/es\/wp-json\/wp\/v2\/product_brand?post=102375"},{"taxonomy":"product_cat","embeddable":true,"href":"https:\/\/liberatorshop.eu\/es\/wp-json\/wp\/v2\/product_cat?post=102375"},{"taxonomy":"product_tag","embeddable":true,"href":"https:\/\/liberatorshop.eu\/es\/wp-json\/wp\/v2\/product_tag?post=102375"}],"curies":[{"name":"wp","href":"https:\/\/api.w.org\/{rel}","templated":true}]}}