{"id":103313,"date":"2025-01-18T15:17:49","date_gmt":"2025-01-18T14:17:49","guid":{"rendered":"https:\/\/liberatorshop.eu\/product\/sin categor\u00eda\/liberator-bondage-wedge\/"},"modified":"2025-01-18T17:14:44","modified_gmt":"2025-01-18T16:14:44","slug":"liberator-bondage-wedge","status":"publish","type":"product","link":"https:\/\/liberatorshop.eu\/es\/product\/liberator-es\/liberator-bondage-wedge\/","title":{"rendered":"Liberator Bondage Wedge"},"content":{"rendered":"<p>La <strong>cu\u00f1a Liberator Bondage<\/strong> es la combinaci\u00f3n ideal de dise\u00f1o ergon\u00f3mico, comodidad y posibilidades emocionantes. Esta almohada en forma de cu\u00f1a proporciona un soporte \u00f3ptimo durante los momentos \u00edntimos y hace que las diferentes posiciones sean m\u00e1s f\u00e1ciles y c\u00f3modas. Gracias a las esposas suaves incluidas con cierres ajustables, esta es la herramienta perfecta para explorar el bondage de una forma segura y c\u00f3moda.  <\/p>\n<p><strong>\u00bfPor qu\u00e9 elegir la cu\u00f1a Liberator Bondage?<\/strong><\/p>\n<ul>\n<li><strong>\u00c1ngulo perfecto para una penetraci\u00f3n profunda:<\/strong> crea el soporte adecuado para la pelvis y las nalgas, ideal para posiciones estilo perrito, misionero y otras posiciones.<\/li>\n<li><strong>Alcance m\u00e1s f\u00e1cil:<\/strong> las zonas \u00edntimas se vuelven m\u00e1s accesibles, lo que hace que el sexo oral sea m\u00e1s placentero.<\/li>\n<li><strong>Opciones de bondage seguras:<\/strong> Incluye dos esposas suaves con correas ajustables que se sujetan f\u00e1cilmente a la almohada.<\/li>\n<li><strong>Funda suave y lavable:<\/strong> la funda de microfibra tiene un tacto aterciopelado y se puede quitar y lavar f\u00e1cilmente para un uso higi\u00e9nico.<\/li>\n<li><strong>Cuerpo de espuma resistente a la humedad:<\/strong> Para uso prolongado sin desgaste.<\/li>\n<\/ul>\n<p><strong>Dimensiones y material<\/strong><\/p>\n<ul>\n<li><strong>Dimensiones:<\/strong> 61 cm x 35,5 cm x 17,8 cm<\/li>\n<li><strong>Material:<\/strong> Poli\u00e9ster (microfibra) y poliuretano (espuma)<\/li>\n<li><strong>Colores:<\/strong> Microfibra Crema y Microfibra Malva<\/li>\n<\/ul>\n<p>Ya sea que est\u00e9 buscando apoyo adicional o desee enriquecer sus momentos \u00edntimos con elementos bondage,<strong> Liberator Bondage Wedge<\/strong> est\u00e1 dise\u00f1ado para hacer que sus experiencias sean m\u00e1s c\u00f3modas y emocionantes.<\/p>\n<h3>Descubra m\u00e1s de Liberator<\/h3>\n<p>Para muebles a\u00fan m\u00e1s lujosos y de dise\u00f1o ergon\u00f3mico, consulte nuestra <a href=\"https:\/\/liberatorshop.eu\/es\/categoria-producto-es\/liberator-es\/\" target=\"_new\" rel=\"noopener\"><strong>colecci\u00f3n Liberator<\/strong><\/a> y encuentre la pieza perfecta para hacer que sus momentos \u00edntimos sean a\u00fan m\u00e1s c\u00f3modos.<\/p>\n","protected":false},"excerpt":{"rendered":"<p>La cu\u00f1a Liberator Bondage es la combinaci\u00f3n ideal de dise\u00f1o  [&#8230;]<\/p>\n","protected":false},"featured_media":103290,"comment_status":"open","ping_status":"closed","template":"","meta":[],"product_brand":[],"product_cat":[16190,21035,15760,16187,20940],"product_tag":[15832,15785,15784,15821],"class_list":{"0":"post-103313","1":"product","2":"type-product","3":"status-publish","4":"has-post-thumbnail","6":"product_cat-muebles-sexuales-liberator-black-label","7":"product_cat-bondage-es","8":"product_cat-liberator-es","9":"product_cat-los-mas-vendidos","10":"product_cat-liberator-wedges-es","11":"product_tag-almohadas-sexuales","12":"product_tag-bondage-es","13":"product_tag-liberator-es","14":"product_tag-posiciones-sexuales","15":"product_shipping_class-envio-3-5-dias-laborables","16":"pa_kleur-microfiber-cream-es","17":"pa_kleur-microfiber-mauve-es","19":"first","20":"instock","21":"sale","22":"taxable","23":"shipping-taxable","24":"purchasable","25":"product-type-variable"},"yoast_head":"<!-- This site is optimized with the Yoast SEO plugin v27.4 - https:\/\/yoast.com\/product\/yoast-seo-wordpress\/ -->\n<title>Liberator Bondage Wedge - Liberatorshop - Muebles sexuales y almohadas sexuales por descubrir<\/title>\n<meta name=\"description\" content=\"Experimente la m\u00e1xima comodidad y posibilidades emocionantes con Liberator Bondage Wedge. Esta almohada ergon\u00f3mica favorece la penetraci\u00f3n profunda y el sexo oral y ofrece opciones seguras de bondage. Incluye funda suave y lavable y esposas ajustables.\" \/>\n<meta name=\"robots\" content=\"index, follow, max-snippet:-1, max-image-preview:large, max-video-preview:-1\" \/>\n<link rel=\"canonical\" href=\"https:\/\/liberatorshop.eu\/es\/product\/liberator-es\/liberator-bondage-wedge\/\" \/>\n<meta property=\"og:locale\" content=\"es_ES\" \/>\n<meta property=\"og:type\" content=\"article\" \/>\n<meta property=\"og:title\" content=\"Liberator Bondage Wedge - Liberatorshop - Muebles sexuales y almohadas sexuales por descubrir\" \/>\n<meta property=\"og:description\" content=\"Experimente la m\u00e1xima comodidad y posibilidades emocionantes con Liberator Bondage Wedge. Esta almohada ergon\u00f3mica favorece la penetraci\u00f3n profunda y el sexo oral y ofrece opciones seguras de bondage. Incluye funda suave y lavable y esposas ajustables.\" \/>\n<meta property=\"og:url\" content=\"https:\/\/liberatorshop.eu\/es\/product\/liberator-es\/liberator-bondage-wedge\/\" \/>\n<meta property=\"og:site_name\" content=\"Liberatorshop - Muebles sexuales y almohadas sexuales por descubrir\" \/>\n<meta property=\"article:modified_time\" content=\"2025-01-18T16:14:44+00:00\" \/>\n<meta property=\"og:image\" content=\"https:\/\/liberatorshop.eu\/wp-content\/uploads\/2025\/01\/Bondage-Wedge-Cream-03.jpg\" \/>\n\t<meta property=\"og:image:width\" content=\"1000\" \/>\n\t<meta property=\"og:image:height\" content=\"1000\" \/>\n\t<meta property=\"og:image:type\" content=\"image\/jpeg\" \/>\n<meta name=\"twitter:card\" content=\"summary_large_image\" \/>\n<meta name=\"twitter:label1\" content=\"Tiempo de lectura\" \/>\n\t<meta name=\"twitter:data1\" content=\"1 minuto\" \/>\n<script type=\"application\/ld+json\" class=\"yoast-schema-graph\">{\"@context\":\"https:\\\/\\\/schema.org\",\"@graph\":[{\"@type\":\"WebPage\",\"@id\":\"https:\\\/\\\/liberatorshop.eu\\\/es\\\/product\\\/liberator-es\\\/liberator-bondage-wedge\\\/\",\"url\":\"https:\\\/\\\/liberatorshop.eu\\\/es\\\/product\\\/liberator-es\\\/liberator-bondage-wedge\\\/\",\"name\":\"Liberator Bondage Wedge - Liberatorshop - Muebles sexuales y almohadas sexuales por descubrir\",\"isPartOf\":{\"@id\":\"https:\\\/\\\/liberatorshop.eu\\\/es\\\/#website\"},\"primaryImageOfPage\":{\"@id\":\"https:\\\/\\\/liberatorshop.eu\\\/es\\\/product\\\/liberator-es\\\/liberator-bondage-wedge\\\/#primaryimage\"},\"image\":{\"@id\":\"https:\\\/\\\/liberatorshop.eu\\\/es\\\/product\\\/liberator-es\\\/liberator-bondage-wedge\\\/#primaryimage\"},\"thumbnailUrl\":\"https:\\\/\\\/liberatorshop.eu\\\/wp-content\\\/uploads\\\/2025\\\/01\\\/Bondage-Wedge-Cream-03.jpg\",\"datePublished\":\"2025-01-18T14:17:49+00:00\",\"dateModified\":\"2025-01-18T16:14:44+00:00\",\"description\":\"Experimente la m\u00e1xima comodidad y posibilidades emocionantes con Liberator Bondage Wedge. Esta almohada ergon\u00f3mica favorece la penetraci\u00f3n profunda y el sexo oral y ofrece opciones seguras de bondage. Incluye funda suave y lavable y esposas ajustables.\",\"breadcrumb\":{\"@id\":\"https:\\\/\\\/liberatorshop.eu\\\/es\\\/product\\\/liberator-es\\\/liberator-bondage-wedge\\\/#breadcrumb\"},\"inLanguage\":\"es\",\"potentialAction\":[{\"@type\":\"ReadAction\",\"target\":[\"https:\\\/\\\/liberatorshop.eu\\\/es\\\/product\\\/liberator-es\\\/liberator-bondage-wedge\\\/\"]}]},{\"@type\":\"ImageObject\",\"inLanguage\":\"es\",\"@id\":\"https:\\\/\\\/liberatorshop.eu\\\/es\\\/product\\\/liberator-es\\\/liberator-bondage-wedge\\\/#primaryimage\",\"url\":\"https:\\\/\\\/liberatorshop.eu\\\/wp-content\\\/uploads\\\/2025\\\/01\\\/Bondage-Wedge-Cream-03.jpg\",\"contentUrl\":\"https:\\\/\\\/liberatorshop.eu\\\/wp-content\\\/uploads\\\/2025\\\/01\\\/Bondage-Wedge-Cream-03.jpg\",\"width\":1000,\"height\":1000},{\"@type\":\"BreadcrumbList\",\"@id\":\"https:\\\/\\\/liberatorshop.eu\\\/es\\\/product\\\/liberator-es\\\/liberator-bondage-wedge\\\/#breadcrumb\",\"itemListElement\":[{\"@type\":\"ListItem\",\"position\":1,\"name\":\"Home\",\"item\":\"https:\\\/\\\/liberatorshop.eu\\\/es\\\/\"},{\"@type\":\"ListItem\",\"position\":2,\"name\":\"Comienzo\",\"item\":\"https:\\\/\\\/liberatorshop.eu\\\/es\\\/\"},{\"@type\":\"ListItem\",\"position\":3,\"name\":\"Liberator Bondage Wedge\"}]},{\"@type\":\"WebSite\",\"@id\":\"https:\\\/\\\/liberatorshop.eu\\\/es\\\/#website\",\"url\":\"https:\\\/\\\/liberatorshop.eu\\\/es\\\/\",\"name\":\"Liberatorshop.eu\",\"description\":\"Liberatorshop - Love All Ways\",\"publisher\":{\"@id\":\"https:\\\/\\\/liberatorshop.eu\\\/es\\\/#organization\"},\"potentialAction\":[{\"@type\":\"SearchAction\",\"target\":{\"@type\":\"EntryPoint\",\"urlTemplate\":\"https:\\\/\\\/liberatorshop.eu\\\/es\\\/?s={search_term_string}\"},\"query-input\":{\"@type\":\"PropertyValueSpecification\",\"valueRequired\":true,\"valueName\":\"search_term_string\"}}],\"inLanguage\":\"es\"},{\"@type\":\"Organization\",\"@id\":\"https:\\\/\\\/liberatorshop.eu\\\/es\\\/#organization\",\"name\":\"Liberatorshop\",\"url\":\"https:\\\/\\\/liberatorshop.eu\\\/es\\\/\",\"logo\":{\"@type\":\"ImageObject\",\"inLanguage\":\"es\",\"@id\":\"https:\\\/\\\/liberatorshop.eu\\\/es\\\/#\\\/schema\\\/logo\\\/image\\\/\",\"url\":\"https:\\\/\\\/liberatorshop.eu\\\/wp-content\\\/uploads\\\/2023\\\/09\\\/flip-ramp-EXAMPLES-1500-x-500-px.png\",\"contentUrl\":\"https:\\\/\\\/liberatorshop.eu\\\/wp-content\\\/uploads\\\/2023\\\/09\\\/flip-ramp-EXAMPLES-1500-x-500-px.png\",\"width\":2560,\"height\":854,\"caption\":\"Liberatorshop\"},\"image\":{\"@id\":\"https:\\\/\\\/liberatorshop.eu\\\/es\\\/#\\\/schema\\\/logo\\\/image\\\/\"}}]}<\/script>\n<!-- \/ Yoast SEO plugin. -->","yoast_head_json":{"title":"Liberator Bondage Wedge - Liberatorshop - Muebles sexuales y almohadas sexuales por descubrir","description":"Experimente la m\u00e1xima comodidad y posibilidades emocionantes con Liberator Bondage Wedge. Esta almohada ergon\u00f3mica favorece la penetraci\u00f3n profunda y el sexo oral y ofrece opciones seguras de bondage. Incluye funda suave y lavable y esposas ajustables.","robots":{"index":"index","follow":"follow","max-snippet":"max-snippet:-1","max-image-preview":"max-image-preview:large","max-video-preview":"max-video-preview:-1"},"canonical":"https:\/\/liberatorshop.eu\/es\/product\/liberator-es\/liberator-bondage-wedge\/","og_locale":"es_ES","og_type":"article","og_title":"Liberator Bondage Wedge - Liberatorshop - Muebles sexuales y almohadas sexuales por descubrir","og_description":"Experimente la m\u00e1xima comodidad y posibilidades emocionantes con Liberator Bondage Wedge. Esta almohada ergon\u00f3mica favorece la penetraci\u00f3n profunda y el sexo oral y ofrece opciones seguras de bondage. Incluye funda suave y lavable y esposas ajustables.","og_url":"https:\/\/liberatorshop.eu\/es\/product\/liberator-es\/liberator-bondage-wedge\/","og_site_name":"Liberatorshop - Muebles sexuales y almohadas sexuales por descubrir","article_modified_time":"2025-01-18T16:14:44+00:00","og_image":[{"width":1000,"height":1000,"url":"https:\/\/liberatorshop.eu\/wp-content\/uploads\/2025\/01\/Bondage-Wedge-Cream-03.jpg","type":"image\/jpeg"}],"twitter_card":"summary_large_image","twitter_misc":{"Tiempo de lectura":"1 minuto"},"schema":{"@context":"https:\/\/schema.org","@graph":[{"@type":"WebPage","@id":"https:\/\/liberatorshop.eu\/es\/product\/liberator-es\/liberator-bondage-wedge\/","url":"https:\/\/liberatorshop.eu\/es\/product\/liberator-es\/liberator-bondage-wedge\/","name":"Liberator Bondage Wedge - Liberatorshop - Muebles sexuales y almohadas sexuales por descubrir","isPartOf":{"@id":"https:\/\/liberatorshop.eu\/es\/#website"},"primaryImageOfPage":{"@id":"https:\/\/liberatorshop.eu\/es\/product\/liberator-es\/liberator-bondage-wedge\/#primaryimage"},"image":{"@id":"https:\/\/liberatorshop.eu\/es\/product\/liberator-es\/liberator-bondage-wedge\/#primaryimage"},"thumbnailUrl":"https:\/\/liberatorshop.eu\/wp-content\/uploads\/2025\/01\/Bondage-Wedge-Cream-03.jpg","datePublished":"2025-01-18T14:17:49+00:00","dateModified":"2025-01-18T16:14:44+00:00","description":"Experimente la m\u00e1xima comodidad y posibilidades emocionantes con Liberator Bondage Wedge. Esta almohada ergon\u00f3mica favorece la penetraci\u00f3n profunda y el sexo oral y ofrece opciones seguras de bondage. Incluye funda suave y lavable y esposas ajustables.","breadcrumb":{"@id":"https:\/\/liberatorshop.eu\/es\/product\/liberator-es\/liberator-bondage-wedge\/#breadcrumb"},"inLanguage":"es","potentialAction":[{"@type":"ReadAction","target":["https:\/\/liberatorshop.eu\/es\/product\/liberator-es\/liberator-bondage-wedge\/"]}]},{"@type":"ImageObject","inLanguage":"es","@id":"https:\/\/liberatorshop.eu\/es\/product\/liberator-es\/liberator-bondage-wedge\/#primaryimage","url":"https:\/\/liberatorshop.eu\/wp-content\/uploads\/2025\/01\/Bondage-Wedge-Cream-03.jpg","contentUrl":"https:\/\/liberatorshop.eu\/wp-content\/uploads\/2025\/01\/Bondage-Wedge-Cream-03.jpg","width":1000,"height":1000},{"@type":"BreadcrumbList","@id":"https:\/\/liberatorshop.eu\/es\/product\/liberator-es\/liberator-bondage-wedge\/#breadcrumb","itemListElement":[{"@type":"ListItem","position":1,"name":"Home","item":"https:\/\/liberatorshop.eu\/es\/"},{"@type":"ListItem","position":2,"name":"Comienzo","item":"https:\/\/liberatorshop.eu\/es\/"},{"@type":"ListItem","position":3,"name":"Liberator Bondage Wedge"}]},{"@type":"WebSite","@id":"https:\/\/liberatorshop.eu\/es\/#website","url":"https:\/\/liberatorshop.eu\/es\/","name":"Liberatorshop.eu","description":"Liberatorshop - Love All Ways","publisher":{"@id":"https:\/\/liberatorshop.eu\/es\/#organization"},"potentialAction":[{"@type":"SearchAction","target":{"@type":"EntryPoint","urlTemplate":"https:\/\/liberatorshop.eu\/es\/?s={search_term_string}"},"query-input":{"@type":"PropertyValueSpecification","valueRequired":true,"valueName":"search_term_string"}}],"inLanguage":"es"},{"@type":"Organization","@id":"https:\/\/liberatorshop.eu\/es\/#organization","name":"Liberatorshop","url":"https:\/\/liberatorshop.eu\/es\/","logo":{"@type":"ImageObject","inLanguage":"es","@id":"https:\/\/liberatorshop.eu\/es\/#\/schema\/logo\/image\/","url":"https:\/\/liberatorshop.eu\/wp-content\/uploads\/2023\/09\/flip-ramp-EXAMPLES-1500-x-500-px.png","contentUrl":"https:\/\/liberatorshop.eu\/wp-content\/uploads\/2023\/09\/flip-ramp-EXAMPLES-1500-x-500-px.png","width":2560,"height":854,"caption":"Liberatorshop"},"image":{"@id":"https:\/\/liberatorshop.eu\/es\/#\/schema\/logo\/image\/"}}]}},"_links":{"self":[{"href":"https:\/\/liberatorshop.eu\/es\/wp-json\/wp\/v2\/product\/103313","targetHints":{"allow":["GET"]}}],"collection":[{"href":"https:\/\/liberatorshop.eu\/es\/wp-json\/wp\/v2\/product"}],"about":[{"href":"https:\/\/liberatorshop.eu\/es\/wp-json\/wp\/v2\/types\/product"}],"replies":[{"embeddable":true,"href":"https:\/\/liberatorshop.eu\/es\/wp-json\/wp\/v2\/comments?post=103313"}],"wp:featuredmedia":[{"embeddable":true,"href":"https:\/\/liberatorshop.eu\/es\/wp-json\/wp\/v2\/media\/103290"}],"wp:attachment":[{"href":"https:\/\/liberatorshop.eu\/es\/wp-json\/wp\/v2\/media?parent=103313"}],"wp:term":[{"taxonomy":"product_brand","embeddable":true,"href":"https:\/\/liberatorshop.eu\/es\/wp-json\/wp\/v2\/product_brand?post=103313"},{"taxonomy":"product_cat","embeddable":true,"href":"https:\/\/liberatorshop.eu\/es\/wp-json\/wp\/v2\/product_cat?post=103313"},{"taxonomy":"product_tag","embeddable":true,"href":"https:\/\/liberatorshop.eu\/es\/wp-json\/wp\/v2\/product_tag?post=103313"}],"curies":[{"name":"wp","href":"https:\/\/api.w.org\/{rel}","templated":true}]}}