{"id":105524,"date":"2026-04-04T22:24:41","date_gmt":"2026-04-04T21:24:41","guid":{"rendered":"https:\/\/liberatorshop.eu\/?post_type=product&#038;p=105524"},"modified":"2026-05-02T16:05:28","modified_gmt":"2026-05-02T15:05:28","slug":"liberator-super-wedge","status":"publish","type":"product","link":"https:\/\/liberatorshop.eu\/es\/product\/liberator-es\/liberator-super-wedge\/","title":{"rendered":"Liberator Super Wedge"},"content":{"rendered":"<p>Descubre la almohada sexual <strong>Liberator Super Wedge<\/strong>, el producto estrella en almohadas sexuales, ahora tambi\u00e9n disponible en un tama\u00f1o m\u00e1s grande. Esta almohada lleva literal y figurativamente tu vida amorosa a un nivel superior. Su dise\u00f1o ergon\u00f3mico permite una penetraci\u00f3n profunda y una estimulaci\u00f3n del punto G sin esfuerzo. Perfecto para misionero, estilo perrito y diversi\u00f3n en solitario.<\/p>\n<h3>Compacto y vers\u00e1til<\/h3>\n<p>De Super Wedge is handzaam maar krachtig, ideaal voor diverse seksposities. Tambi\u00e9n ofrece apoyo adicional y diversi\u00f3n en solitario.<\/p>\n<h3>M\u00e1ximo confort<\/h3>\n<p>Con una suave funda de microfibra y un n\u00facleo de espuma firme, la cu\u00f1a Super Wedge ofrece sujeci\u00f3n y suavidad a la vez.<\/p>\n<h3>Especificaciones:<\/h3>\n<ul>\n<li><strong>Dimensiones:<\/strong> 67,2 x 35,5 x 17,8 cm<\/li>\n<li>Color: negro<\/li>\n<li><strong>Material:<\/strong> Microfibra y poliuretano<\/li>\n<li><strong>Mantenimiento:<\/strong> Funda extra\u00edble y lavable.<\/li>\n<li><strong>Embalaje:<\/strong> Env\u00edo discreto a todo el mundo<\/li>\n<\/ul>\n<p>La Super Wedge es m\u00e1s que una almohada sexual; es una revoluci\u00f3n en tu dormitorio. Descubre, disfruta y experimenta con la Super Wedge Liberator.<\/p>\n<p>No olvide explorar <a href=\"https:\/\/liberatorshop.eu\/es\/categoria-producto-es\/liberator-es\/\" target=\"_new\" rel=\"noopener\">otros productos Liberator<\/a> para vivir una experiencia completa e inmersiva.<\/p>\n<p style=\"text-align: center;\"><strong>Posiciones para probar<\/strong><\/p>\n<p><img decoding=\"async\" class=\"aligncenter size-full wp-image-105554\" src=\"https:\/\/liberatorshop.eu\/wp-content\/uploads\/2026\/04\/O50071780000_10.jpg\" alt=\"\" width=\"1000\" height=\"666\" srcset=\"https:\/\/liberatorshop.eu\/wp-content\/uploads\/2026\/04\/O50071780000_10-200x133.jpg 200w, https:\/\/liberatorshop.eu\/wp-content\/uploads\/2026\/04\/O50071780000_10-300x200.jpg 300w, https:\/\/liberatorshop.eu\/wp-content\/uploads\/2026\/04\/O50071780000_10-400x266.jpg 400w, https:\/\/liberatorshop.eu\/wp-content\/uploads\/2026\/04\/O50071780000_10-600x400.jpg 600w, https:\/\/liberatorshop.eu\/wp-content\/uploads\/2026\/04\/O50071780000_10-700x466.jpg 700w, https:\/\/liberatorshop.eu\/wp-content\/uploads\/2026\/04\/O50071780000_10-768x511.jpg 768w, https:\/\/liberatorshop.eu\/wp-content\/uploads\/2026\/04\/O50071780000_10-800x533.jpg 800w, https:\/\/liberatorshop.eu\/wp-content\/uploads\/2026\/04\/O50071780000_10.jpg 1000w\" sizes=\"(max-width: 1000px) 100vw, 1000px\" \/><img decoding=\"async\" class=\"aligncenter size-full wp-image-105549\" src=\"https:\/\/liberatorshop.eu\/wp-content\/uploads\/2026\/04\/O50071780000_11.jpg\" alt=\"\" width=\"1000\" height=\"562\" srcset=\"https:\/\/liberatorshop.eu\/wp-content\/uploads\/2026\/04\/O50071780000_11-200x112.jpg 200w, https:\/\/liberatorshop.eu\/wp-content\/uploads\/2026\/04\/O50071780000_11-300x169.jpg 300w, https:\/\/liberatorshop.eu\/wp-content\/uploads\/2026\/04\/O50071780000_11-400x225.jpg 400w, https:\/\/liberatorshop.eu\/wp-content\/uploads\/2026\/04\/O50071780000_11-600x337.jpg 600w, https:\/\/liberatorshop.eu\/wp-content\/uploads\/2026\/04\/O50071780000_11-700x393.jpg 700w, https:\/\/liberatorshop.eu\/wp-content\/uploads\/2026\/04\/O50071780000_11-768x432.jpg 768w, https:\/\/liberatorshop.eu\/wp-content\/uploads\/2026\/04\/O50071780000_11-800x450.jpg 800w, https:\/\/liberatorshop.eu\/wp-content\/uploads\/2026\/04\/O50071780000_11.jpg 1000w\" sizes=\"(max-width: 1000px) 100vw, 1000px\" \/><img decoding=\"async\" class=\"aligncenter size-full wp-image-105544\" src=\"https:\/\/liberatorshop.eu\/wp-content\/uploads\/2026\/04\/O50071780000_12.jpg\" alt=\"\" width=\"1000\" height=\"925\" srcset=\"https:\/\/liberatorshop.eu\/wp-content\/uploads\/2026\/04\/O50071780000_12-200x185.jpg 200w, https:\/\/liberatorshop.eu\/wp-content\/uploads\/2026\/04\/O50071780000_12-300x278.jpg 300w, https:\/\/liberatorshop.eu\/wp-content\/uploads\/2026\/04\/O50071780000_12-400x370.jpg 400w, https:\/\/liberatorshop.eu\/wp-content\/uploads\/2026\/04\/O50071780000_12-600x555.jpg 600w, https:\/\/liberatorshop.eu\/wp-content\/uploads\/2026\/04\/O50071780000_12-700x648.jpg 700w, https:\/\/liberatorshop.eu\/wp-content\/uploads\/2026\/04\/O50071780000_12-768x710.jpg 768w, https:\/\/liberatorshop.eu\/wp-content\/uploads\/2026\/04\/O50071780000_12-800x740.jpg 800w, https:\/\/liberatorshop.eu\/wp-content\/uploads\/2026\/04\/O50071780000_12.jpg 1000w\" sizes=\"(max-width: 1000px) 100vw, 1000px\" \/><img decoding=\"async\" class=\"aligncenter size-full wp-image-105539\" src=\"https:\/\/liberatorshop.eu\/wp-content\/uploads\/2026\/04\/O50071780000_13.jpg\" alt=\"\" width=\"485\" height=\"1000\" srcset=\"https:\/\/liberatorshop.eu\/wp-content\/uploads\/2026\/04\/O50071780000_13-146x300.jpg 146w, https:\/\/liberatorshop.eu\/wp-content\/uploads\/2026\/04\/O50071780000_13-200x412.jpg 200w, https:\/\/liberatorshop.eu\/wp-content\/uploads\/2026\/04\/O50071780000_13-291x600.jpg 291w, https:\/\/liberatorshop.eu\/wp-content\/uploads\/2026\/04\/O50071780000_13-400x825.jpg 400w, https:\/\/liberatorshop.eu\/wp-content\/uploads\/2026\/04\/O50071780000_13.jpg 485w\" sizes=\"(max-width: 485px) 100vw, 485px\" \/><\/p>\n","protected":false},"excerpt":{"rendered":"<p>Descubre la almohada sexual <strong>Liberator Super Wedge<\/strong>, el producto estrella en almohadas sexuales, ahora tambi\u00e9n disponible en un tama\u00f1o m\u00e1s grande. Esta almohada lleva literal y figurativamente tu vida amorosa a un nivel superior. Su dise\u00f1o ergon\u00f3mico permite una penetraci\u00f3n profunda y una estimulaci\u00f3n del punto G sin esfuerzo. Perfecto para misionero, estilo perrito y diversi\u00f3n en solitario.<\/p>\n","protected":false},"featured_media":105564,"comment_status":"open","ping_status":"closed","template":"","meta":[],"product_brand":[],"product_cat":[15760,16187,20940],"product_tag":[15831,15832,15823,15784,15824,15829,15835,15830,15834,15833,15828],"class_list":{"0":"post-105524","1":"product","2":"type-product","3":"status-publish","4":"has-post-thumbnail","6":"product_cat-liberator-es","7":"product_cat-los-mas-vendidos","8":"product_cat-liberator-wedges-es","9":"product_tag-almohadas","10":"product_tag-almohadas-sexuales","11":"product_tag-g-spot-es","12":"product_tag-liberator-es","13":"product_tag-liberatorshop-es","14":"product_tag-negro","15":"product_tag-placer-sexual","16":"product_tag-posicion-sexual","17":"product_tag-relacion-sexual","18":"product_tag-tienda-erotica","19":"product_tag-wedge-es","20":"product_shipping_class-envio-1-2-dias-laborables","22":"first","23":"instock","24":"sale","25":"featured","26":"taxable","27":"shipping-taxable","28":"purchasable","29":"product-type-simple"},"yoast_head":"<!-- This site is optimized with the Yoast SEO plugin v27.5 - https:\/\/yoast.com\/product\/yoast-seo-wordpress\/ -->\n<title>Liberator Super Wedge - Liberatorshop - Muebles sexuales y almohadas sexuales por descubrir<\/title>\n<meta name=\"description\" content=\"Descubra Liberator Wedge, la c\u00faspide de las almohadas sexuales. Esta almohada lleva literal y figurativamente tu vida amorosa a un nivel superior. El dise\u00f1o ergon\u00f3mico, con un \u00e1ngulo de 27 grados, permite una penetraci\u00f3n profunda y estimulaci\u00f3n del punto G sin esfuerzo. Perfecto para misionero, estilo perrito y diversi\u00f3n en solitario.\" \/>\n<meta name=\"robots\" content=\"index, follow, max-snippet:-1, max-image-preview:large, max-video-preview:-1\" \/>\n<link rel=\"canonical\" href=\"https:\/\/liberatorshop.eu\/es\/product\/liberator-es\/liberator-super-wedge\/\" \/>\n<meta property=\"og:locale\" content=\"es_ES\" \/>\n<meta property=\"og:type\" content=\"article\" \/>\n<meta property=\"og:title\" content=\"Liberator Super Wedge - Liberatorshop - Muebles sexuales y almohadas sexuales por descubrir\" \/>\n<meta property=\"og:description\" content=\"Descubra Liberator Wedge, la c\u00faspide de las almohadas sexuales. Esta almohada lleva literal y figurativamente tu vida amorosa a un nivel superior. El dise\u00f1o ergon\u00f3mico, con un \u00e1ngulo de 27 grados, permite una penetraci\u00f3n profunda y estimulaci\u00f3n del punto G sin esfuerzo. Perfecto para misionero, estilo perrito y diversi\u00f3n en solitario.\" \/>\n<meta property=\"og:url\" content=\"https:\/\/liberatorshop.eu\/es\/product\/liberator-es\/liberator-super-wedge\/\" \/>\n<meta property=\"og:site_name\" content=\"Liberatorshop - Muebles sexuales y almohadas sexuales por descubrir\" \/>\n<meta property=\"article:modified_time\" content=\"2026-05-02T15:05:28+00:00\" \/>\n<meta property=\"og:image\" content=\"https:\/\/liberatorshop.eu\/wp-content\/uploads\/2026\/04\/O50071780000_10.jpg\" \/>\n\t<meta property=\"og:image:width\" content=\"1000\" \/>\n\t<meta property=\"og:image:height\" content=\"666\" \/>\n\t<meta property=\"og:image:type\" content=\"image\/jpeg\" \/>\n<meta name=\"twitter:card\" content=\"summary_large_image\" \/>\n<meta name=\"twitter:label1\" content=\"Tiempo de lectura\" \/>\n\t<meta name=\"twitter:data1\" content=\"2 minutos\" \/>\n<script type=\"application\/ld+json\" class=\"yoast-schema-graph\">{\"@context\":\"https:\\\/\\\/schema.org\",\"@graph\":[{\"@type\":\"WebPage\",\"@id\":\"https:\\\/\\\/liberatorshop.eu\\\/es\\\/product\\\/liberator-es\\\/liberator-super-wedge\\\/\",\"url\":\"https:\\\/\\\/liberatorshop.eu\\\/es\\\/product\\\/liberator-es\\\/liberator-super-wedge\\\/\",\"name\":\"Liberator Super Wedge - Liberatorshop - Muebles sexuales y almohadas sexuales por descubrir\",\"isPartOf\":{\"@id\":\"https:\\\/\\\/liberatorshop.eu\\\/es\\\/#website\"},\"primaryImageOfPage\":{\"@id\":\"https:\\\/\\\/liberatorshop.eu\\\/es\\\/product\\\/liberator-es\\\/liberator-super-wedge\\\/#primaryimage\"},\"image\":{\"@id\":\"https:\\\/\\\/liberatorshop.eu\\\/es\\\/product\\\/liberator-es\\\/liberator-super-wedge\\\/#primaryimage\"},\"thumbnailUrl\":\"https:\\\/\\\/liberatorshop.eu\\\/wp-content\\\/uploads\\\/2026\\\/04\\\/O50071780000_07.jpg\",\"datePublished\":\"2026-04-04T21:24:41+00:00\",\"dateModified\":\"2026-05-02T15:05:28+00:00\",\"description\":\"Descubra Liberator Wedge, la c\u00faspide de las almohadas sexuales. Esta almohada lleva literal y figurativamente tu vida amorosa a un nivel superior. El dise\u00f1o ergon\u00f3mico, con un \u00e1ngulo de 27 grados, permite una penetraci\u00f3n profunda y estimulaci\u00f3n del punto G sin esfuerzo. Perfecto para misionero, estilo perrito y diversi\u00f3n en solitario.\",\"breadcrumb\":{\"@id\":\"https:\\\/\\\/liberatorshop.eu\\\/es\\\/product\\\/liberator-es\\\/liberator-super-wedge\\\/#breadcrumb\"},\"inLanguage\":\"es\",\"potentialAction\":[{\"@type\":\"ReadAction\",\"target\":[\"https:\\\/\\\/liberatorshop.eu\\\/es\\\/product\\\/liberator-es\\\/liberator-super-wedge\\\/\"]}]},{\"@type\":\"ImageObject\",\"inLanguage\":\"es\",\"@id\":\"https:\\\/\\\/liberatorshop.eu\\\/es\\\/product\\\/liberator-es\\\/liberator-super-wedge\\\/#primaryimage\",\"url\":\"https:\\\/\\\/liberatorshop.eu\\\/wp-content\\\/uploads\\\/2026\\\/04\\\/O50071780000_07.jpg\",\"contentUrl\":\"https:\\\/\\\/liberatorshop.eu\\\/wp-content\\\/uploads\\\/2026\\\/04\\\/O50071780000_07.jpg\",\"width\":1000,\"height\":1000},{\"@type\":\"BreadcrumbList\",\"@id\":\"https:\\\/\\\/liberatorshop.eu\\\/es\\\/product\\\/liberator-es\\\/liberator-super-wedge\\\/#breadcrumb\",\"itemListElement\":[{\"@type\":\"ListItem\",\"position\":1,\"name\":\"Home\",\"item\":\"https:\\\/\\\/liberatorshop.eu\\\/es\\\/\"},{\"@type\":\"ListItem\",\"position\":2,\"name\":\"Comienzo\",\"item\":\"https:\\\/\\\/liberatorshop.eu\\\/es\\\/\"},{\"@type\":\"ListItem\",\"position\":3,\"name\":\"Liberator Super Wedge\"}]},{\"@type\":\"WebSite\",\"@id\":\"https:\\\/\\\/liberatorshop.eu\\\/es\\\/#website\",\"url\":\"https:\\\/\\\/liberatorshop.eu\\\/es\\\/\",\"name\":\"Liberatorshop.eu\",\"description\":\"Liberatorshop - Love All Ways\",\"publisher\":{\"@id\":\"https:\\\/\\\/liberatorshop.eu\\\/es\\\/#organization\"},\"potentialAction\":[{\"@type\":\"SearchAction\",\"target\":{\"@type\":\"EntryPoint\",\"urlTemplate\":\"https:\\\/\\\/liberatorshop.eu\\\/es\\\/?s={search_term_string}\"},\"query-input\":{\"@type\":\"PropertyValueSpecification\",\"valueRequired\":true,\"valueName\":\"search_term_string\"}}],\"inLanguage\":\"es\"},{\"@type\":\"Organization\",\"@id\":\"https:\\\/\\\/liberatorshop.eu\\\/es\\\/#organization\",\"name\":\"Liberatorshop\",\"url\":\"https:\\\/\\\/liberatorshop.eu\\\/es\\\/\",\"logo\":{\"@type\":\"ImageObject\",\"inLanguage\":\"es\",\"@id\":\"https:\\\/\\\/liberatorshop.eu\\\/es\\\/#\\\/schema\\\/logo\\\/image\\\/\",\"url\":\"https:\\\/\\\/liberatorshop.eu\\\/wp-content\\\/uploads\\\/2023\\\/09\\\/flip-ramp-EXAMPLES-1500-x-500-px.png\",\"contentUrl\":\"https:\\\/\\\/liberatorshop.eu\\\/wp-content\\\/uploads\\\/2023\\\/09\\\/flip-ramp-EXAMPLES-1500-x-500-px.png\",\"width\":2560,\"height\":854,\"caption\":\"Liberatorshop\"},\"image\":{\"@id\":\"https:\\\/\\\/liberatorshop.eu\\\/es\\\/#\\\/schema\\\/logo\\\/image\\\/\"}}]}<\/script>\n<!-- \/ Yoast SEO plugin. -->","yoast_head_json":{"title":"Liberator Super Wedge - Liberatorshop - Muebles sexuales y almohadas sexuales por descubrir","description":"Descubra Liberator Wedge, la c\u00faspide de las almohadas sexuales. Esta almohada lleva literal y figurativamente tu vida amorosa a un nivel superior. El dise\u00f1o ergon\u00f3mico, con un \u00e1ngulo de 27 grados, permite una penetraci\u00f3n profunda y estimulaci\u00f3n del punto G sin esfuerzo. Perfecto para misionero, estilo perrito y diversi\u00f3n en solitario.","robots":{"index":"index","follow":"follow","max-snippet":"max-snippet:-1","max-image-preview":"max-image-preview:large","max-video-preview":"max-video-preview:-1"},"canonical":"https:\/\/liberatorshop.eu\/es\/product\/liberator-es\/liberator-super-wedge\/","og_locale":"es_ES","og_type":"article","og_title":"Liberator Super Wedge - Liberatorshop - Muebles sexuales y almohadas sexuales por descubrir","og_description":"Descubra Liberator Wedge, la c\u00faspide de las almohadas sexuales. Esta almohada lleva literal y figurativamente tu vida amorosa a un nivel superior. El dise\u00f1o ergon\u00f3mico, con un \u00e1ngulo de 27 grados, permite una penetraci\u00f3n profunda y estimulaci\u00f3n del punto G sin esfuerzo. Perfecto para misionero, estilo perrito y diversi\u00f3n en solitario.","og_url":"https:\/\/liberatorshop.eu\/es\/product\/liberator-es\/liberator-super-wedge\/","og_site_name":"Liberatorshop - Muebles sexuales y almohadas sexuales por descubrir","article_modified_time":"2026-05-02T15:05:28+00:00","og_image":[{"width":1000,"height":666,"url":"https:\/\/liberatorshop.eu\/wp-content\/uploads\/2026\/04\/O50071780000_10.jpg","type":"image\/jpeg"}],"twitter_card":"summary_large_image","twitter_misc":{"Tiempo de lectura":"2 minutos"},"schema":{"@context":"https:\/\/schema.org","@graph":[{"@type":"WebPage","@id":"https:\/\/liberatorshop.eu\/es\/product\/liberator-es\/liberator-super-wedge\/","url":"https:\/\/liberatorshop.eu\/es\/product\/liberator-es\/liberator-super-wedge\/","name":"Liberator Super Wedge - Liberatorshop - Muebles sexuales y almohadas sexuales por descubrir","isPartOf":{"@id":"https:\/\/liberatorshop.eu\/es\/#website"},"primaryImageOfPage":{"@id":"https:\/\/liberatorshop.eu\/es\/product\/liberator-es\/liberator-super-wedge\/#primaryimage"},"image":{"@id":"https:\/\/liberatorshop.eu\/es\/product\/liberator-es\/liberator-super-wedge\/#primaryimage"},"thumbnailUrl":"https:\/\/liberatorshop.eu\/wp-content\/uploads\/2026\/04\/O50071780000_07.jpg","datePublished":"2026-04-04T21:24:41+00:00","dateModified":"2026-05-02T15:05:28+00:00","description":"Descubra Liberator Wedge, la c\u00faspide de las almohadas sexuales. Esta almohada lleva literal y figurativamente tu vida amorosa a un nivel superior. El dise\u00f1o ergon\u00f3mico, con un \u00e1ngulo de 27 grados, permite una penetraci\u00f3n profunda y estimulaci\u00f3n del punto G sin esfuerzo. Perfecto para misionero, estilo perrito y diversi\u00f3n en solitario.","breadcrumb":{"@id":"https:\/\/liberatorshop.eu\/es\/product\/liberator-es\/liberator-super-wedge\/#breadcrumb"},"inLanguage":"es","potentialAction":[{"@type":"ReadAction","target":["https:\/\/liberatorshop.eu\/es\/product\/liberator-es\/liberator-super-wedge\/"]}]},{"@type":"ImageObject","inLanguage":"es","@id":"https:\/\/liberatorshop.eu\/es\/product\/liberator-es\/liberator-super-wedge\/#primaryimage","url":"https:\/\/liberatorshop.eu\/wp-content\/uploads\/2026\/04\/O50071780000_07.jpg","contentUrl":"https:\/\/liberatorshop.eu\/wp-content\/uploads\/2026\/04\/O50071780000_07.jpg","width":1000,"height":1000},{"@type":"BreadcrumbList","@id":"https:\/\/liberatorshop.eu\/es\/product\/liberator-es\/liberator-super-wedge\/#breadcrumb","itemListElement":[{"@type":"ListItem","position":1,"name":"Home","item":"https:\/\/liberatorshop.eu\/es\/"},{"@type":"ListItem","position":2,"name":"Comienzo","item":"https:\/\/liberatorshop.eu\/es\/"},{"@type":"ListItem","position":3,"name":"Liberator Super Wedge"}]},{"@type":"WebSite","@id":"https:\/\/liberatorshop.eu\/es\/#website","url":"https:\/\/liberatorshop.eu\/es\/","name":"Liberatorshop.eu","description":"Liberatorshop - Love All Ways","publisher":{"@id":"https:\/\/liberatorshop.eu\/es\/#organization"},"potentialAction":[{"@type":"SearchAction","target":{"@type":"EntryPoint","urlTemplate":"https:\/\/liberatorshop.eu\/es\/?s={search_term_string}"},"query-input":{"@type":"PropertyValueSpecification","valueRequired":true,"valueName":"search_term_string"}}],"inLanguage":"es"},{"@type":"Organization","@id":"https:\/\/liberatorshop.eu\/es\/#organization","name":"Liberatorshop","url":"https:\/\/liberatorshop.eu\/es\/","logo":{"@type":"ImageObject","inLanguage":"es","@id":"https:\/\/liberatorshop.eu\/es\/#\/schema\/logo\/image\/","url":"https:\/\/liberatorshop.eu\/wp-content\/uploads\/2023\/09\/flip-ramp-EXAMPLES-1500-x-500-px.png","contentUrl":"https:\/\/liberatorshop.eu\/wp-content\/uploads\/2023\/09\/flip-ramp-EXAMPLES-1500-x-500-px.png","width":2560,"height":854,"caption":"Liberatorshop"},"image":{"@id":"https:\/\/liberatorshop.eu\/es\/#\/schema\/logo\/image\/"}}]}},"_links":{"self":[{"href":"https:\/\/liberatorshop.eu\/es\/wp-json\/wp\/v2\/product\/105524","targetHints":{"allow":["GET"]}}],"collection":[{"href":"https:\/\/liberatorshop.eu\/es\/wp-json\/wp\/v2\/product"}],"about":[{"href":"https:\/\/liberatorshop.eu\/es\/wp-json\/wp\/v2\/types\/product"}],"replies":[{"embeddable":true,"href":"https:\/\/liberatorshop.eu\/es\/wp-json\/wp\/v2\/comments?post=105524"}],"wp:featuredmedia":[{"embeddable":true,"href":"https:\/\/liberatorshop.eu\/es\/wp-json\/wp\/v2\/media\/105564"}],"wp:attachment":[{"href":"https:\/\/liberatorshop.eu\/es\/wp-json\/wp\/v2\/media?parent=105524"}],"wp:term":[{"taxonomy":"product_brand","embeddable":true,"href":"https:\/\/liberatorshop.eu\/es\/wp-json\/wp\/v2\/product_brand?post=105524"},{"taxonomy":"product_cat","embeddable":true,"href":"https:\/\/liberatorshop.eu\/es\/wp-json\/wp\/v2\/product_cat?post=105524"},{"taxonomy":"product_tag","embeddable":true,"href":"https:\/\/liberatorshop.eu\/es\/wp-json\/wp\/v2\/product_tag?post=105524"}],"curies":[{"name":"wp","href":"https:\/\/api.w.org\/{rel}","templated":true}]}}