{"id":105661,"date":"2026-05-02T17:43:23","date_gmt":"2026-05-02T16:43:23","guid":{"rendered":"https:\/\/liberatorshop.eu\/?post_type=product&#038;p=105661"},"modified":"2026-05-02T20:51:05","modified_gmt":"2026-05-02T19:51:05","slug":"liberator-ravish-bondage-pillow","status":"publish","type":"product","link":"https:\/\/liberatorshop.eu\/es\/product\/liberator-es\/liberator-ravish-bondage-pillow\/","title":{"rendered":"Liberator Ravish Bondage Pillow"},"content":{"rendered":"<p data-start=\"642\" data-end=\"964\">La <strong>almohada de bondage Liberator Ravish<\/strong> est\u00e1 dise\u00f1ada para parejas que desean a\u00f1adir m\u00e1s comodidad, control y emoci\u00f3n a sus momentos \u00edntimos. Gracias a su forma alargada y semicircular, la almohada sujeta el cuerpo justo donde se necesita, facilitando la comodidad en ciertas posiciones y el mantenimiento de nuevas posturas.<\/p>\n<p data-start=\"966\" data-end=\"1196\">A ambos lados, cuenta con largas correas de sat\u00e9n para un toque de bondage sutil, elegante y sensual, sin que el coj\u00edn pierda su lujoso aspecto. Resulta a la vez divertido, sofisticado y con mucho estilo.<\/p>\n<p data-start=\"1198\" data-end=\"1463\">La suave funda de microfibra resulta agradable al tacto y le da a la almohada un aspecto lujoso. Debajo de la funda se encuentra un n\u00facleo de espuma firme y resistente a la humedad que proporciona estabilidad durante su uso. Como resultado, la almohada no se deforma f\u00e1cilmente y sigue ofreciendo un buen soporte.<\/p>\n<p data-start=\"1465\" data-end=\"1625\">Tras su uso, la funda del coj\u00edn se retira f\u00e1cilmente. Es lavable a m\u00e1quina, lo que garantiza que el coj\u00edn Ravish Bondage se mantenga pr\u00e1ctico e higi\u00e9nico durante su uso.<\/p>\n<p data-start=\"1627\" data-end=\"1709\">Una elegante almohada de bondage para quienes desean combinar comodidad, seducci\u00f3n y control.<\/p>\n<h2 data-section-id=\"im7d67\" data-start=\"1711\" data-end=\"1727\">Especificaciones<\/h2>\n<ul>\n<li data-start=\"1729\" data-end=\"1968\">Dimensiones: 38,1 cm de ancho x 91,5 cm de largo x 18 cm de alto<\/li>\n<li data-start=\"1729\" data-end=\"1968\">Longitud de las cintas de sat\u00e9n: 102 cm por cinta.<\/li>\n<li data-start=\"1729\" data-end=\"1968\">Material de la funda: microfibra de poli\u00e9ster<\/li>\n<li data-start=\"1729\" data-end=\"1968\">Material del n\u00facleo: espuma de poliuretano<\/li>\n<li data-start=\"1729\" data-end=\"1968\">Funda: extra\u00edble y lavable a m\u00e1quina.<\/li>\n<li data-start=\"1729\" data-end=\"1968\">N\u00facleo interior: resistente a la humedad<\/li>\n<\/ul>\n<p>No olvide explorar <a href=\"https:\/\/liberatorshop.eu\/es\/categoria-producto-es\/liberator-es\/\" target=\"_new\" rel=\"noopener\">otros productos Liberator<\/a> para vivir una experiencia completa e inmersiva.<\/p>\n","protected":false},"excerpt":{"rendered":"<p>La <strong>almohada de bondage Liberator Ravish<\/strong> est\u00e1 dise\u00f1ada para parejas que desean a\u00f1adir m\u00e1s comodidad, control y emoci\u00f3n a sus momentos \u00edntimos. Gracias a su forma alargada y semicircular, la almohada sujeta el cuerpo justo donde se necesita, facilitando la comodidad en ciertas posiciones y el mantenimiento de nuevas posturas.<\/p>\n","protected":false},"featured_media":105683,"comment_status":"open","ping_status":"closed","template":"","meta":[],"product_brand":[],"product_cat":[21035,15760,16187,20940],"product_tag":[15831,15832,15823,15784,15824,15829,15835,15830,15834,15833,15828],"class_list":{"0":"post-105661","1":"product","2":"type-product","3":"status-publish","4":"has-post-thumbnail","6":"product_cat-bondage-es","7":"product_cat-liberator-es","8":"product_cat-los-mas-vendidos","9":"product_cat-liberator-wedges-es","10":"product_tag-almohadas","11":"product_tag-almohadas-sexuales","12":"product_tag-g-spot-es","13":"product_tag-liberator-es","14":"product_tag-liberatorshop-es","15":"product_tag-negro","16":"product_tag-placer-sexual","17":"product_tag-posicion-sexual","18":"product_tag-relacion-sexual","19":"product_tag-tienda-erotica","20":"product_tag-wedge-es","21":"product_shipping_class-envio-1-2-dias-laborables","23":"first","24":"instock","25":"sale","26":"featured","27":"taxable","28":"shipping-taxable","29":"purchasable","30":"product-type-simple"},"yoast_head":"<!-- This site is optimized with the Yoast SEO plugin v27.5 - https:\/\/yoast.com\/product\/yoast-seo-wordpress\/ -->\n<title>Liberator Ravish Bondage Pillow - Liberatorshop - Muebles sexuales y almohadas sexuales por descubrir<\/title>\n<meta name=\"description\" content=\"Descubre la almohada de bondage Liberator Ravish con correas de sat\u00e9n. C\u00f3moda, elegante e ideal para juegos de bondage sensuales y para brindar mayor soporte durante los momentos \u00edntimos.\" \/>\n<meta name=\"robots\" content=\"index, follow, max-snippet:-1, max-image-preview:large, max-video-preview:-1\" \/>\n<link rel=\"canonical\" href=\"https:\/\/liberatorshop.eu\/es\/product\/liberator-es\/liberator-ravish-bondage-pillow\/\" \/>\n<meta property=\"og:locale\" content=\"es_ES\" \/>\n<meta property=\"og:type\" content=\"article\" \/>\n<meta property=\"og:title\" content=\"Liberator Ravish Bondage Pillow - Liberatorshop - Muebles sexuales y almohadas sexuales por descubrir\" \/>\n<meta property=\"og:description\" content=\"Descubre la almohada de bondage Liberator Ravish con correas de sat\u00e9n. C\u00f3moda, elegante e ideal para juegos de bondage sensuales y para brindar mayor soporte durante los momentos \u00edntimos.\" \/>\n<meta property=\"og:url\" content=\"https:\/\/liberatorshop.eu\/es\/product\/liberator-es\/liberator-ravish-bondage-pillow\/\" \/>\n<meta property=\"og:site_name\" content=\"Liberatorshop - Muebles sexuales y almohadas sexuales por descubrir\" \/>\n<meta property=\"article:modified_time\" content=\"2026-05-02T19:51:05+00:00\" \/>\n<meta property=\"og:image\" content=\"https:\/\/liberatorshop.eu\/wp-content\/uploads\/2026\/05\/O50071860000_04.jpg\" \/>\n\t<meta property=\"og:image:width\" content=\"1000\" \/>\n\t<meta property=\"og:image:height\" content=\"1000\" \/>\n\t<meta property=\"og:image:type\" content=\"image\/jpeg\" \/>\n<meta name=\"twitter:card\" content=\"summary_large_image\" \/>\n<meta name=\"twitter:label1\" content=\"Tiempo de lectura\" \/>\n\t<meta name=\"twitter:data1\" content=\"2 minutos\" \/>\n<script type=\"application\/ld+json\" class=\"yoast-schema-graph\">{\"@context\":\"https:\\\/\\\/schema.org\",\"@graph\":[{\"@type\":\"WebPage\",\"@id\":\"https:\\\/\\\/liberatorshop.eu\\\/es\\\/product\\\/liberator-es\\\/liberator-ravish-bondage-pillow\\\/\",\"url\":\"https:\\\/\\\/liberatorshop.eu\\\/es\\\/product\\\/liberator-es\\\/liberator-ravish-bondage-pillow\\\/\",\"name\":\"Liberator Ravish Bondage Pillow - Liberatorshop - Muebles sexuales y almohadas sexuales por descubrir\",\"isPartOf\":{\"@id\":\"https:\\\/\\\/liberatorshop.eu\\\/es\\\/#website\"},\"primaryImageOfPage\":{\"@id\":\"https:\\\/\\\/liberatorshop.eu\\\/es\\\/product\\\/liberator-es\\\/liberator-ravish-bondage-pillow\\\/#primaryimage\"},\"image\":{\"@id\":\"https:\\\/\\\/liberatorshop.eu\\\/es\\\/product\\\/liberator-es\\\/liberator-ravish-bondage-pillow\\\/#primaryimage\"},\"thumbnailUrl\":\"https:\\\/\\\/liberatorshop.eu\\\/wp-content\\\/uploads\\\/2026\\\/05\\\/O50071860000_04.jpg\",\"datePublished\":\"2026-05-02T16:43:23+00:00\",\"dateModified\":\"2026-05-02T19:51:05+00:00\",\"description\":\"Descubre la almohada de bondage Liberator Ravish con correas de sat\u00e9n. C\u00f3moda, elegante e ideal para juegos de bondage sensuales y para brindar mayor soporte durante los momentos \u00edntimos.\",\"breadcrumb\":{\"@id\":\"https:\\\/\\\/liberatorshop.eu\\\/es\\\/product\\\/liberator-es\\\/liberator-ravish-bondage-pillow\\\/#breadcrumb\"},\"inLanguage\":\"es\",\"potentialAction\":[{\"@type\":\"ReadAction\",\"target\":[\"https:\\\/\\\/liberatorshop.eu\\\/es\\\/product\\\/liberator-es\\\/liberator-ravish-bondage-pillow\\\/\"]}]},{\"@type\":\"ImageObject\",\"inLanguage\":\"es\",\"@id\":\"https:\\\/\\\/liberatorshop.eu\\\/es\\\/product\\\/liberator-es\\\/liberator-ravish-bondage-pillow\\\/#primaryimage\",\"url\":\"https:\\\/\\\/liberatorshop.eu\\\/wp-content\\\/uploads\\\/2026\\\/05\\\/O50071860000_04.jpg\",\"contentUrl\":\"https:\\\/\\\/liberatorshop.eu\\\/wp-content\\\/uploads\\\/2026\\\/05\\\/O50071860000_04.jpg\",\"width\":1000,\"height\":1000},{\"@type\":\"BreadcrumbList\",\"@id\":\"https:\\\/\\\/liberatorshop.eu\\\/es\\\/product\\\/liberator-es\\\/liberator-ravish-bondage-pillow\\\/#breadcrumb\",\"itemListElement\":[{\"@type\":\"ListItem\",\"position\":1,\"name\":\"Home\",\"item\":\"https:\\\/\\\/liberatorshop.eu\\\/es\\\/\"},{\"@type\":\"ListItem\",\"position\":2,\"name\":\"Comienzo\",\"item\":\"https:\\\/\\\/liberatorshop.eu\\\/es\\\/\"},{\"@type\":\"ListItem\",\"position\":3,\"name\":\"Liberator Ravish Bondage Pillow\"}]},{\"@type\":\"WebSite\",\"@id\":\"https:\\\/\\\/liberatorshop.eu\\\/es\\\/#website\",\"url\":\"https:\\\/\\\/liberatorshop.eu\\\/es\\\/\",\"name\":\"Liberatorshop.eu\",\"description\":\"Liberatorshop - Love All Ways\",\"publisher\":{\"@id\":\"https:\\\/\\\/liberatorshop.eu\\\/es\\\/#organization\"},\"potentialAction\":[{\"@type\":\"SearchAction\",\"target\":{\"@type\":\"EntryPoint\",\"urlTemplate\":\"https:\\\/\\\/liberatorshop.eu\\\/es\\\/?s={search_term_string}\"},\"query-input\":{\"@type\":\"PropertyValueSpecification\",\"valueRequired\":true,\"valueName\":\"search_term_string\"}}],\"inLanguage\":\"es\"},{\"@type\":\"Organization\",\"@id\":\"https:\\\/\\\/liberatorshop.eu\\\/es\\\/#organization\",\"name\":\"Liberatorshop\",\"url\":\"https:\\\/\\\/liberatorshop.eu\\\/es\\\/\",\"logo\":{\"@type\":\"ImageObject\",\"inLanguage\":\"es\",\"@id\":\"https:\\\/\\\/liberatorshop.eu\\\/es\\\/#\\\/schema\\\/logo\\\/image\\\/\",\"url\":\"https:\\\/\\\/liberatorshop.eu\\\/wp-content\\\/uploads\\\/2023\\\/09\\\/flip-ramp-EXAMPLES-1500-x-500-px.png\",\"contentUrl\":\"https:\\\/\\\/liberatorshop.eu\\\/wp-content\\\/uploads\\\/2023\\\/09\\\/flip-ramp-EXAMPLES-1500-x-500-px.png\",\"width\":2560,\"height\":854,\"caption\":\"Liberatorshop\"},\"image\":{\"@id\":\"https:\\\/\\\/liberatorshop.eu\\\/es\\\/#\\\/schema\\\/logo\\\/image\\\/\"}}]}<\/script>\n<!-- \/ Yoast SEO plugin. -->","yoast_head_json":{"title":"Liberator Ravish Bondage Pillow - Liberatorshop - Muebles sexuales y almohadas sexuales por descubrir","description":"Descubre la almohada de bondage Liberator Ravish con correas de sat\u00e9n. C\u00f3moda, elegante e ideal para juegos de bondage sensuales y para brindar mayor soporte durante los momentos \u00edntimos.","robots":{"index":"index","follow":"follow","max-snippet":"max-snippet:-1","max-image-preview":"max-image-preview:large","max-video-preview":"max-video-preview:-1"},"canonical":"https:\/\/liberatorshop.eu\/es\/product\/liberator-es\/liberator-ravish-bondage-pillow\/","og_locale":"es_ES","og_type":"article","og_title":"Liberator Ravish Bondage Pillow - Liberatorshop - Muebles sexuales y almohadas sexuales por descubrir","og_description":"Descubre la almohada de bondage Liberator Ravish con correas de sat\u00e9n. C\u00f3moda, elegante e ideal para juegos de bondage sensuales y para brindar mayor soporte durante los momentos \u00edntimos.","og_url":"https:\/\/liberatorshop.eu\/es\/product\/liberator-es\/liberator-ravish-bondage-pillow\/","og_site_name":"Liberatorshop - Muebles sexuales y almohadas sexuales por descubrir","article_modified_time":"2026-05-02T19:51:05+00:00","og_image":[{"width":1000,"height":1000,"url":"https:\/\/liberatorshop.eu\/wp-content\/uploads\/2026\/05\/O50071860000_04.jpg","type":"image\/jpeg"}],"twitter_card":"summary_large_image","twitter_misc":{"Tiempo de lectura":"2 minutos"},"schema":{"@context":"https:\/\/schema.org","@graph":[{"@type":"WebPage","@id":"https:\/\/liberatorshop.eu\/es\/product\/liberator-es\/liberator-ravish-bondage-pillow\/","url":"https:\/\/liberatorshop.eu\/es\/product\/liberator-es\/liberator-ravish-bondage-pillow\/","name":"Liberator Ravish Bondage Pillow - Liberatorshop - Muebles sexuales y almohadas sexuales por descubrir","isPartOf":{"@id":"https:\/\/liberatorshop.eu\/es\/#website"},"primaryImageOfPage":{"@id":"https:\/\/liberatorshop.eu\/es\/product\/liberator-es\/liberator-ravish-bondage-pillow\/#primaryimage"},"image":{"@id":"https:\/\/liberatorshop.eu\/es\/product\/liberator-es\/liberator-ravish-bondage-pillow\/#primaryimage"},"thumbnailUrl":"https:\/\/liberatorshop.eu\/wp-content\/uploads\/2026\/05\/O50071860000_04.jpg","datePublished":"2026-05-02T16:43:23+00:00","dateModified":"2026-05-02T19:51:05+00:00","description":"Descubre la almohada de bondage Liberator Ravish con correas de sat\u00e9n. C\u00f3moda, elegante e ideal para juegos de bondage sensuales y para brindar mayor soporte durante los momentos \u00edntimos.","breadcrumb":{"@id":"https:\/\/liberatorshop.eu\/es\/product\/liberator-es\/liberator-ravish-bondage-pillow\/#breadcrumb"},"inLanguage":"es","potentialAction":[{"@type":"ReadAction","target":["https:\/\/liberatorshop.eu\/es\/product\/liberator-es\/liberator-ravish-bondage-pillow\/"]}]},{"@type":"ImageObject","inLanguage":"es","@id":"https:\/\/liberatorshop.eu\/es\/product\/liberator-es\/liberator-ravish-bondage-pillow\/#primaryimage","url":"https:\/\/liberatorshop.eu\/wp-content\/uploads\/2026\/05\/O50071860000_04.jpg","contentUrl":"https:\/\/liberatorshop.eu\/wp-content\/uploads\/2026\/05\/O50071860000_04.jpg","width":1000,"height":1000},{"@type":"BreadcrumbList","@id":"https:\/\/liberatorshop.eu\/es\/product\/liberator-es\/liberator-ravish-bondage-pillow\/#breadcrumb","itemListElement":[{"@type":"ListItem","position":1,"name":"Home","item":"https:\/\/liberatorshop.eu\/es\/"},{"@type":"ListItem","position":2,"name":"Comienzo","item":"https:\/\/liberatorshop.eu\/es\/"},{"@type":"ListItem","position":3,"name":"Liberator Ravish Bondage Pillow"}]},{"@type":"WebSite","@id":"https:\/\/liberatorshop.eu\/es\/#website","url":"https:\/\/liberatorshop.eu\/es\/","name":"Liberatorshop.eu","description":"Liberatorshop - Love All Ways","publisher":{"@id":"https:\/\/liberatorshop.eu\/es\/#organization"},"potentialAction":[{"@type":"SearchAction","target":{"@type":"EntryPoint","urlTemplate":"https:\/\/liberatorshop.eu\/es\/?s={search_term_string}"},"query-input":{"@type":"PropertyValueSpecification","valueRequired":true,"valueName":"search_term_string"}}],"inLanguage":"es"},{"@type":"Organization","@id":"https:\/\/liberatorshop.eu\/es\/#organization","name":"Liberatorshop","url":"https:\/\/liberatorshop.eu\/es\/","logo":{"@type":"ImageObject","inLanguage":"es","@id":"https:\/\/liberatorshop.eu\/es\/#\/schema\/logo\/image\/","url":"https:\/\/liberatorshop.eu\/wp-content\/uploads\/2023\/09\/flip-ramp-EXAMPLES-1500-x-500-px.png","contentUrl":"https:\/\/liberatorshop.eu\/wp-content\/uploads\/2023\/09\/flip-ramp-EXAMPLES-1500-x-500-px.png","width":2560,"height":854,"caption":"Liberatorshop"},"image":{"@id":"https:\/\/liberatorshop.eu\/es\/#\/schema\/logo\/image\/"}}]}},"_links":{"self":[{"href":"https:\/\/liberatorshop.eu\/es\/wp-json\/wp\/v2\/product\/105661","targetHints":{"allow":["GET"]}}],"collection":[{"href":"https:\/\/liberatorshop.eu\/es\/wp-json\/wp\/v2\/product"}],"about":[{"href":"https:\/\/liberatorshop.eu\/es\/wp-json\/wp\/v2\/types\/product"}],"replies":[{"embeddable":true,"href":"https:\/\/liberatorshop.eu\/es\/wp-json\/wp\/v2\/comments?post=105661"}],"wp:featuredmedia":[{"embeddable":true,"href":"https:\/\/liberatorshop.eu\/es\/wp-json\/wp\/v2\/media\/105683"}],"wp:attachment":[{"href":"https:\/\/liberatorshop.eu\/es\/wp-json\/wp\/v2\/media?parent=105661"}],"wp:term":[{"taxonomy":"product_brand","embeddable":true,"href":"https:\/\/liberatorshop.eu\/es\/wp-json\/wp\/v2\/product_brand?post=105661"},{"taxonomy":"product_cat","embeddable":true,"href":"https:\/\/liberatorshop.eu\/es\/wp-json\/wp\/v2\/product_cat?post=105661"},{"taxonomy":"product_tag","embeddable":true,"href":"https:\/\/liberatorshop.eu\/es\/wp-json\/wp\/v2\/product_tag?post=105661"}],"curies":[{"name":"wp","href":"https:\/\/api.w.org\/{rel}","templated":true}]}}