{"id":105702,"date":"2026-05-02T21:07:18","date_gmt":"2026-05-02T20:07:18","guid":{"rendered":"https:\/\/liberatorshop.eu\/?post_type=product&#038;p=105702"},"modified":"2026-05-02T21:52:53","modified_gmt":"2026-05-02T20:52:53","slug":"liberator-steed-bondage-spanking-bench","status":"publish","type":"product","link":"https:\/\/liberatorshop.eu\/es\/product\/liberator-es\/liberator-steed-bondage-spanking-bench\/","title":{"rendered":"Liberator Steed Bondage Spanking Bench"},"content":{"rendered":"<p data-start=\"830\" data-end=\"1114\">El <strong>banco de bondage Liberator Steed<\/strong> est\u00e1 dise\u00f1ado para parejas que desean enriquecer sus juegos \u00edntimos con comodidad, control y versatilidad. Este robusto banco combina la sensaci\u00f3n de un mueble de lujo con la funcionalidad de un accesorio de bondage profesional.<\/p>\n<p data-start=\"1116\" data-end=\"1439\">Gracias a su forma ergon\u00f3mica, el Steed sujeta el cuerpo en diversas posiciones. Esto hace que el juego prolongado sea m\u00e1s c\u00f3modo y proporciona mayor estabilidad durante el bondage, las nalgadas, el sexo oral, la postura del perrito y otras posiciones \u00edntimas. Sus suaves curvas brindan soporte sin forzar innecesariamente el cuerpo.<\/p>\n<p data-start=\"1441\" data-end=\"1766\">El banco cuenta con 12 puntos de sujeci\u00f3n con anillas met\u00e1licas. Esto permite variar f\u00e1cilmente el uso de las esposas incluidas o de accesorios propios como cuerdas, cinturones o cadenas. Las esposas para manos y tobillos incluidas est\u00e1n acolchadas, son ajustables con velcro y se pueden asegurar r\u00e1pidamente con hebillas.<\/p>\n<p data-start=\"1768\" data-end=\"1962\">La m\u00e1scara para ojos incluida a\u00f1ade tensi\u00f3n extra al dificultar la visi\u00f3n y potenciar los sentidos. Ideal para parejas que desean intensificar sus juegos de forma controlada, sensual y apasionada.<\/p>\n<p data-start=\"1964\" data-end=\"2178\">El sof\u00e1 est\u00e1 fabricado con espuma de alta densidad que mantiene su forma y tapizado en piel sint\u00e9tica suave y nailon resistente. Como resultado, es robusto, conserva bien su forma y es f\u00e1cil de limpiar despu\u00e9s de su uso.<\/p>\n<p data-start=\"2180\" data-end=\"2283\">Un sof\u00e1 de bondage potente y elegante para quienes desean combinar comodidad, control y juego intenso.<\/p>\n<h2 data-section-id=\"im7d67\" data-start=\"2285\" data-end=\"2301\">Especificaciones<\/h2>\n<ul>\n<li data-start=\"2303\" data-end=\"2755\">Producto: Banco de bondage y azotes Liberator Steed<\/li>\n<li data-start=\"2303\" data-end=\"2755\">Incluye: 1 banco de bondage, 4 esposas y 1 venda para los ojos.<\/li>\n<li data-start=\"2303\" data-end=\"2755\">Dimensiones: 61 cm de ancho x 92 cm de largo x 46 cm de alto<\/li>\n<li data-start=\"2303\" data-end=\"2755\">Puntos de fijaci\u00f3n: 12 anillos met\u00e1licos<\/li>\n<li data-start=\"2303\" data-end=\"2755\">Material de tapicer\u00eda: piel sint\u00e9tica y nailon<\/li>\n<li data-start=\"2303\" data-end=\"2755\">N\u00facleo: espuma de alta densidad dimensionalmente estable<\/li>\n<li data-start=\"2303\" data-end=\"2755\">Limpieza: f\u00e1cil de limpiar<\/li>\n<li data-start=\"2303\" data-end=\"2755\">Pu\u00f1os: acolchados suavemente, ajustables con velcro.<\/li>\n<li data-start=\"2303\" data-end=\"2755\">Cierre: cierres a presi\u00f3n<\/li>\n<li data-start=\"2303\" data-end=\"2755\">Montaje: no requiere montaje<\/li>\n<li data-start=\"2303\" data-end=\"2755\">Embalaje: envasado al vac\u00edo<\/li>\n<\/ul>\n<p>No olvide explorar <a href=\"https:\/\/liberatorshop.eu\/es\/categoria-producto-es\/liberator-es\/\" target=\"_new\" rel=\"noopener\">otros productos Liberator<\/a> para vivir una experiencia completa e inmersiva.<\/p>\n","protected":false},"excerpt":{"rendered":"<p>El <strong>banco de bondage Liberator Steed<\/strong> est\u00e1 dise\u00f1ado para parejas que desean enriquecer sus juegos \u00edntimos con comodidad, control y versatilidad. Este robusto banco combina la sensaci\u00f3n de un mueble de lujo con la funcionalidad de un accesorio de bondage profesional.<\/p>\n","protected":false},"featured_media":105719,"comment_status":"open","ping_status":"closed","template":"","meta":[],"product_brand":[],"product_cat":[21035,15760,16187,20940],"product_tag":[15831,15832,15823,15784,15824,15829,15835,15830,15834,15833,15828],"class_list":{"0":"post-105702","1":"product","2":"type-product","3":"status-publish","4":"has-post-thumbnail","6":"product_cat-bondage-es","7":"product_cat-liberator-es","8":"product_cat-los-mas-vendidos","9":"product_cat-liberator-wedges-es","10":"product_tag-almohadas","11":"product_tag-almohadas-sexuales","12":"product_tag-g-spot-es","13":"product_tag-liberator-es","14":"product_tag-liberatorshop-es","15":"product_tag-negro","16":"product_tag-placer-sexual","17":"product_tag-posicion-sexual","18":"product_tag-relacion-sexual","19":"product_tag-tienda-erotica","20":"product_tag-wedge-es","21":"product_shipping_class-envio-1-2-dias-laborables","23":"first","24":"instock","25":"sale","26":"featured","27":"taxable","28":"shipping-taxable","29":"purchasable","30":"product-type-simple"},"yoast_head":"<!-- This site is optimized with the Yoast SEO plugin v27.5 - https:\/\/yoast.com\/product\/yoast-seo-wordpress\/ -->\n<title>Liberator Steed Bondage Spanking Bench - Liberatorshop - Muebles sexuales y almohadas sexuales por descubrir<\/title>\n<meta name=\"description\" content=\"Descubre el banco de bondage y azotes Liberator Steed con 12 puntos de sujeci\u00f3n, 4 esposas suaves y un antifaz. C\u00f3modo, resistente e ideal para bondage, azotes y diversas posiciones.\" \/>\n<meta name=\"robots\" content=\"index, follow, max-snippet:-1, max-image-preview:large, max-video-preview:-1\" \/>\n<link rel=\"canonical\" href=\"https:\/\/liberatorshop.eu\/es\/product\/liberator-es\/liberator-steed-bondage-spanking-bench\/\" \/>\n<meta property=\"og:locale\" content=\"es_ES\" \/>\n<meta property=\"og:type\" content=\"article\" \/>\n<meta property=\"og:title\" content=\"Liberator Steed Bondage Spanking Bench - Liberatorshop - Muebles sexuales y almohadas sexuales por descubrir\" \/>\n<meta property=\"og:description\" content=\"Descubre el banco de bondage y azotes Liberator Steed con 12 puntos de sujeci\u00f3n, 4 esposas suaves y un antifaz. C\u00f3modo, resistente e ideal para bondage, azotes y diversas posiciones.\" \/>\n<meta property=\"og:url\" content=\"https:\/\/liberatorshop.eu\/es\/product\/liberator-es\/liberator-steed-bondage-spanking-bench\/\" \/>\n<meta property=\"og:site_name\" content=\"Liberatorshop - Muebles sexuales y almohadas sexuales por descubrir\" \/>\n<meta property=\"article:modified_time\" content=\"2026-05-02T20:52:53+00:00\" \/>\n<meta property=\"og:image\" content=\"https:\/\/liberatorshop.eu\/wp-content\/uploads\/2026\/05\/O50071600000_03.jpg\" \/>\n\t<meta property=\"og:image:width\" content=\"1000\" \/>\n\t<meta property=\"og:image:height\" content=\"1000\" \/>\n\t<meta property=\"og:image:type\" content=\"image\/jpeg\" \/>\n<meta name=\"twitter:card\" content=\"summary_large_image\" \/>\n<meta name=\"twitter:label1\" content=\"Tiempo de lectura\" \/>\n\t<meta name=\"twitter:data1\" content=\"2 minutos\" \/>\n<script type=\"application\/ld+json\" class=\"yoast-schema-graph\">{\"@context\":\"https:\\\/\\\/schema.org\",\"@graph\":[{\"@type\":\"WebPage\",\"@id\":\"https:\\\/\\\/liberatorshop.eu\\\/es\\\/product\\\/liberator-es\\\/liberator-steed-bondage-spanking-bench\\\/\",\"url\":\"https:\\\/\\\/liberatorshop.eu\\\/es\\\/product\\\/liberator-es\\\/liberator-steed-bondage-spanking-bench\\\/\",\"name\":\"Liberator Steed Bondage Spanking Bench - Liberatorshop - Muebles sexuales y almohadas sexuales por descubrir\",\"isPartOf\":{\"@id\":\"https:\\\/\\\/liberatorshop.eu\\\/es\\\/#website\"},\"primaryImageOfPage\":{\"@id\":\"https:\\\/\\\/liberatorshop.eu\\\/es\\\/product\\\/liberator-es\\\/liberator-steed-bondage-spanking-bench\\\/#primaryimage\"},\"image\":{\"@id\":\"https:\\\/\\\/liberatorshop.eu\\\/es\\\/product\\\/liberator-es\\\/liberator-steed-bondage-spanking-bench\\\/#primaryimage\"},\"thumbnailUrl\":\"https:\\\/\\\/liberatorshop.eu\\\/wp-content\\\/uploads\\\/2026\\\/05\\\/O50071600000_03.jpg\",\"datePublished\":\"2026-05-02T20:07:18+00:00\",\"dateModified\":\"2026-05-02T20:52:53+00:00\",\"description\":\"Descubre el banco de bondage y azotes Liberator Steed con 12 puntos de sujeci\u00f3n, 4 esposas suaves y un antifaz. C\u00f3modo, resistente e ideal para bondage, azotes y diversas posiciones.\",\"breadcrumb\":{\"@id\":\"https:\\\/\\\/liberatorshop.eu\\\/es\\\/product\\\/liberator-es\\\/liberator-steed-bondage-spanking-bench\\\/#breadcrumb\"},\"inLanguage\":\"es\",\"potentialAction\":[{\"@type\":\"ReadAction\",\"target\":[\"https:\\\/\\\/liberatorshop.eu\\\/es\\\/product\\\/liberator-es\\\/liberator-steed-bondage-spanking-bench\\\/\"]}]},{\"@type\":\"ImageObject\",\"inLanguage\":\"es\",\"@id\":\"https:\\\/\\\/liberatorshop.eu\\\/es\\\/product\\\/liberator-es\\\/liberator-steed-bondage-spanking-bench\\\/#primaryimage\",\"url\":\"https:\\\/\\\/liberatorshop.eu\\\/wp-content\\\/uploads\\\/2026\\\/05\\\/O50071600000_03.jpg\",\"contentUrl\":\"https:\\\/\\\/liberatorshop.eu\\\/wp-content\\\/uploads\\\/2026\\\/05\\\/O50071600000_03.jpg\",\"width\":1000,\"height\":1000},{\"@type\":\"BreadcrumbList\",\"@id\":\"https:\\\/\\\/liberatorshop.eu\\\/es\\\/product\\\/liberator-es\\\/liberator-steed-bondage-spanking-bench\\\/#breadcrumb\",\"itemListElement\":[{\"@type\":\"ListItem\",\"position\":1,\"name\":\"Home\",\"item\":\"https:\\\/\\\/liberatorshop.eu\\\/es\\\/\"},{\"@type\":\"ListItem\",\"position\":2,\"name\":\"Comienzo\",\"item\":\"https:\\\/\\\/liberatorshop.eu\\\/es\\\/\"},{\"@type\":\"ListItem\",\"position\":3,\"name\":\"Liberator Steed Bondage Spanking Bench\"}]},{\"@type\":\"WebSite\",\"@id\":\"https:\\\/\\\/liberatorshop.eu\\\/es\\\/#website\",\"url\":\"https:\\\/\\\/liberatorshop.eu\\\/es\\\/\",\"name\":\"Liberatorshop.eu\",\"description\":\"Liberatorshop - Love All Ways\",\"publisher\":{\"@id\":\"https:\\\/\\\/liberatorshop.eu\\\/es\\\/#organization\"},\"potentialAction\":[{\"@type\":\"SearchAction\",\"target\":{\"@type\":\"EntryPoint\",\"urlTemplate\":\"https:\\\/\\\/liberatorshop.eu\\\/es\\\/?s={search_term_string}\"},\"query-input\":{\"@type\":\"PropertyValueSpecification\",\"valueRequired\":true,\"valueName\":\"search_term_string\"}}],\"inLanguage\":\"es\"},{\"@type\":\"Organization\",\"@id\":\"https:\\\/\\\/liberatorshop.eu\\\/es\\\/#organization\",\"name\":\"Liberatorshop\",\"url\":\"https:\\\/\\\/liberatorshop.eu\\\/es\\\/\",\"logo\":{\"@type\":\"ImageObject\",\"inLanguage\":\"es\",\"@id\":\"https:\\\/\\\/liberatorshop.eu\\\/es\\\/#\\\/schema\\\/logo\\\/image\\\/\",\"url\":\"https:\\\/\\\/liberatorshop.eu\\\/wp-content\\\/uploads\\\/2023\\\/09\\\/flip-ramp-EXAMPLES-1500-x-500-px.png\",\"contentUrl\":\"https:\\\/\\\/liberatorshop.eu\\\/wp-content\\\/uploads\\\/2023\\\/09\\\/flip-ramp-EXAMPLES-1500-x-500-px.png\",\"width\":2560,\"height\":854,\"caption\":\"Liberatorshop\"},\"image\":{\"@id\":\"https:\\\/\\\/liberatorshop.eu\\\/es\\\/#\\\/schema\\\/logo\\\/image\\\/\"}}]}<\/script>\n<!-- \/ Yoast SEO plugin. -->","yoast_head_json":{"title":"Liberator Steed Bondage Spanking Bench - Liberatorshop - Muebles sexuales y almohadas sexuales por descubrir","description":"Descubre el banco de bondage y azotes Liberator Steed con 12 puntos de sujeci\u00f3n, 4 esposas suaves y un antifaz. C\u00f3modo, resistente e ideal para bondage, azotes y diversas posiciones.","robots":{"index":"index","follow":"follow","max-snippet":"max-snippet:-1","max-image-preview":"max-image-preview:large","max-video-preview":"max-video-preview:-1"},"canonical":"https:\/\/liberatorshop.eu\/es\/product\/liberator-es\/liberator-steed-bondage-spanking-bench\/","og_locale":"es_ES","og_type":"article","og_title":"Liberator Steed Bondage Spanking Bench - Liberatorshop - Muebles sexuales y almohadas sexuales por descubrir","og_description":"Descubre el banco de bondage y azotes Liberator Steed con 12 puntos de sujeci\u00f3n, 4 esposas suaves y un antifaz. C\u00f3modo, resistente e ideal para bondage, azotes y diversas posiciones.","og_url":"https:\/\/liberatorshop.eu\/es\/product\/liberator-es\/liberator-steed-bondage-spanking-bench\/","og_site_name":"Liberatorshop - Muebles sexuales y almohadas sexuales por descubrir","article_modified_time":"2026-05-02T20:52:53+00:00","og_image":[{"width":1000,"height":1000,"url":"https:\/\/liberatorshop.eu\/wp-content\/uploads\/2026\/05\/O50071600000_03.jpg","type":"image\/jpeg"}],"twitter_card":"summary_large_image","twitter_misc":{"Tiempo de lectura":"2 minutos"},"schema":{"@context":"https:\/\/schema.org","@graph":[{"@type":"WebPage","@id":"https:\/\/liberatorshop.eu\/es\/product\/liberator-es\/liberator-steed-bondage-spanking-bench\/","url":"https:\/\/liberatorshop.eu\/es\/product\/liberator-es\/liberator-steed-bondage-spanking-bench\/","name":"Liberator Steed Bondage Spanking Bench - Liberatorshop - Muebles sexuales y almohadas sexuales por descubrir","isPartOf":{"@id":"https:\/\/liberatorshop.eu\/es\/#website"},"primaryImageOfPage":{"@id":"https:\/\/liberatorshop.eu\/es\/product\/liberator-es\/liberator-steed-bondage-spanking-bench\/#primaryimage"},"image":{"@id":"https:\/\/liberatorshop.eu\/es\/product\/liberator-es\/liberator-steed-bondage-spanking-bench\/#primaryimage"},"thumbnailUrl":"https:\/\/liberatorshop.eu\/wp-content\/uploads\/2026\/05\/O50071600000_03.jpg","datePublished":"2026-05-02T20:07:18+00:00","dateModified":"2026-05-02T20:52:53+00:00","description":"Descubre el banco de bondage y azotes Liberator Steed con 12 puntos de sujeci\u00f3n, 4 esposas suaves y un antifaz. C\u00f3modo, resistente e ideal para bondage, azotes y diversas posiciones.","breadcrumb":{"@id":"https:\/\/liberatorshop.eu\/es\/product\/liberator-es\/liberator-steed-bondage-spanking-bench\/#breadcrumb"},"inLanguage":"es","potentialAction":[{"@type":"ReadAction","target":["https:\/\/liberatorshop.eu\/es\/product\/liberator-es\/liberator-steed-bondage-spanking-bench\/"]}]},{"@type":"ImageObject","inLanguage":"es","@id":"https:\/\/liberatorshop.eu\/es\/product\/liberator-es\/liberator-steed-bondage-spanking-bench\/#primaryimage","url":"https:\/\/liberatorshop.eu\/wp-content\/uploads\/2026\/05\/O50071600000_03.jpg","contentUrl":"https:\/\/liberatorshop.eu\/wp-content\/uploads\/2026\/05\/O50071600000_03.jpg","width":1000,"height":1000},{"@type":"BreadcrumbList","@id":"https:\/\/liberatorshop.eu\/es\/product\/liberator-es\/liberator-steed-bondage-spanking-bench\/#breadcrumb","itemListElement":[{"@type":"ListItem","position":1,"name":"Home","item":"https:\/\/liberatorshop.eu\/es\/"},{"@type":"ListItem","position":2,"name":"Comienzo","item":"https:\/\/liberatorshop.eu\/es\/"},{"@type":"ListItem","position":3,"name":"Liberator Steed Bondage Spanking Bench"}]},{"@type":"WebSite","@id":"https:\/\/liberatorshop.eu\/es\/#website","url":"https:\/\/liberatorshop.eu\/es\/","name":"Liberatorshop.eu","description":"Liberatorshop - Love All Ways","publisher":{"@id":"https:\/\/liberatorshop.eu\/es\/#organization"},"potentialAction":[{"@type":"SearchAction","target":{"@type":"EntryPoint","urlTemplate":"https:\/\/liberatorshop.eu\/es\/?s={search_term_string}"},"query-input":{"@type":"PropertyValueSpecification","valueRequired":true,"valueName":"search_term_string"}}],"inLanguage":"es"},{"@type":"Organization","@id":"https:\/\/liberatorshop.eu\/es\/#organization","name":"Liberatorshop","url":"https:\/\/liberatorshop.eu\/es\/","logo":{"@type":"ImageObject","inLanguage":"es","@id":"https:\/\/liberatorshop.eu\/es\/#\/schema\/logo\/image\/","url":"https:\/\/liberatorshop.eu\/wp-content\/uploads\/2023\/09\/flip-ramp-EXAMPLES-1500-x-500-px.png","contentUrl":"https:\/\/liberatorshop.eu\/wp-content\/uploads\/2023\/09\/flip-ramp-EXAMPLES-1500-x-500-px.png","width":2560,"height":854,"caption":"Liberatorshop"},"image":{"@id":"https:\/\/liberatorshop.eu\/es\/#\/schema\/logo\/image\/"}}]}},"_links":{"self":[{"href":"https:\/\/liberatorshop.eu\/es\/wp-json\/wp\/v2\/product\/105702","targetHints":{"allow":["GET"]}}],"collection":[{"href":"https:\/\/liberatorshop.eu\/es\/wp-json\/wp\/v2\/product"}],"about":[{"href":"https:\/\/liberatorshop.eu\/es\/wp-json\/wp\/v2\/types\/product"}],"replies":[{"embeddable":true,"href":"https:\/\/liberatorshop.eu\/es\/wp-json\/wp\/v2\/comments?post=105702"}],"wp:featuredmedia":[{"embeddable":true,"href":"https:\/\/liberatorshop.eu\/es\/wp-json\/wp\/v2\/media\/105719"}],"wp:attachment":[{"href":"https:\/\/liberatorshop.eu\/es\/wp-json\/wp\/v2\/media?parent=105702"}],"wp:term":[{"taxonomy":"product_brand","embeddable":true,"href":"https:\/\/liberatorshop.eu\/es\/wp-json\/wp\/v2\/product_brand?post=105702"},{"taxonomy":"product_cat","embeddable":true,"href":"https:\/\/liberatorshop.eu\/es\/wp-json\/wp\/v2\/product_cat?post=105702"},{"taxonomy":"product_tag","embeddable":true,"href":"https:\/\/liberatorshop.eu\/es\/wp-json\/wp\/v2\/product_tag?post=105702"}],"curies":[{"name":"wp","href":"https:\/\/api.w.org\/{rel}","templated":true}]}}