{"id":60543,"date":"2020-09-21T16:59:55","date_gmt":"2020-09-21T15:59:55","guid":{"rendered":"https:\/\/liberatorshop.eu\/winkel\/sin%20categor\u00eda\/liberator-universal-d-rings-clips\/"},"modified":"2024-10-25T15:09:06","modified_gmt":"2024-10-25T14:09:06","slug":"liberator-universal-d-rings-clips","status":"publish","type":"product","link":"https:\/\/liberatorshop.eu\/es\/product\/liberator-es\/liberator-universal-d-rings-clips\/","title":{"rendered":"Liberator Universal D-Rings Clips"},"content":{"rendered":"<p>Enriquece tus momentos \u00edntimos y a\u00f1ade un toque de aventura con los <strong>clips Liberator Universal D-Rings<\/strong>. Estos clips vers\u00e1tiles est\u00e1n dise\u00f1ados para poner el mundo del bondage y el posicionamiento creativo a tu alcance, ya seas un principiante o un amante experimentado de la experimentaci\u00f3n sensual.<\/p>\n<h3>Caracter\u00edsticas de los clips con anillas en D universales Liberator:<\/h3>\n<ul>\n<li><strong>Bondage vers\u00e1til:<\/strong> Adecuado tanto para reci\u00e9n llegados como para parejas experimentadas que desean explorar dentro de los l\u00edmites seguros del consentimiento y la comodidad.<\/li>\n<li><strong>Compatibilidad:<\/strong> Combina perfectamente con la colecci\u00f3n Black Label de Liberator, que incluye <a href=\"https:\/\/liberatorshop.eu\/es\/\">almohadas y muebles sexuales<\/a>, para brindar una integraci\u00f3n perfecta e infinitas posibilidades de posicionamiento.<\/li>\n<li><strong>Libertad creativa:<\/strong> Dise\u00f1ado para dar rienda suelta a tu imaginaci\u00f3n, desde bondage suave hasta sesiones de juego m\u00e1s aventureras.<\/li>\n<li><strong>Embalaje discreto:<\/strong> Su privacidad est\u00e1 garantizada con nuestros productos cuidadosamente empaquetados, para que pueda realizar sus pedidos con tranquilidad.<\/li>\n<\/ul>\n<h3>Ventajas de los clips con anillas en D universales Liberator:<\/h3>\n<ul>\n<li><strong>Descubrimiento de nuevas posiciones:<\/strong> estos clips abren un mundo de nuevas posibilidades, desde el tantra amoroso hasta el kamasutra din\u00e1mico, apoy\u00e1ndolo a usted y a su pareja de una manera c\u00f3moda y segura.<\/li>\n<li><strong>Fortalecimiento del v\u00ednculo:<\/strong> utilice los anillos en D para profundizar la conexi\u00f3n entre usted y su pareja, descubriendo y explorando nuevas formas de intimidad juntos.<\/li>\n<li><strong>Simple y seguro:<\/strong> los clips est\u00e1n dise\u00f1ados para un uso f\u00e1cil, lo que le permite cambiar de posici\u00f3n de forma r\u00e1pida y segura sin interrumpir el flujo.<\/li>\n<\/ul>\n<p>Contenido del set: 4 Clips Liberator Universal D-Rings, con los que podr\u00e1s empezar de inmediato a llevar tus experiencias \u00edntimas al siguiente nivel. Atr\u00e9vete a explorar, conectar y disfrutar junto con esta incorporaci\u00f3n esencial a tu repertorio sensual.<\/p>\n","protected":false},"excerpt":{"rendered":"<p>Enriquece tus momentos \u00edntimos y a\u00f1ade un toque de aventura con los <strong>clips Liberator Universal D-Rings<\/strong>. Estos clips vers\u00e1tiles est\u00e1n dise\u00f1ados para poner el mundo del bondage y el posicionamiento creativo a tu alcance, ya seas un principiante o un amante experimentado de la experimentaci\u00f3n sensual.<\/p>\n","protected":false},"featured_media":32522,"comment_status":"open","ping_status":"closed","template":"","meta":[],"product_brand":[],"product_cat":[15760],"product_tag":[15785,15787,15784,15786],"class_list":{"0":"post-60543","1":"product","2":"type-product","3":"status-publish","4":"has-post-thumbnail","6":"product_cat-liberator-es","7":"product_tag-bondage-es","8":"product_tag-clips-es","9":"product_tag-liberator-es","10":"product_tag-posiciones","11":"product_shipping_class-envio-1-2-dias-laborables","13":"first","14":"instock","15":"taxable","16":"shipping-taxable","17":"purchasable","18":"product-type-simple"},"yoast_head":"<!-- This site is optimized with the Yoast SEO plugin v27.3 - https:\/\/yoast.com\/product\/yoast-seo-wordpress\/ -->\n<title>Liberator Universal D-Rings Clips - Liberatorshop - Muebles sexuales y almohadas sexuales por descubrir<\/title>\n<meta name=\"description\" content=\"Enriquece tus momentos \u00edntimos y a\u00f1ade un toque de aventura con los clips Liberator Universal D-Rings. Estos clips vers\u00e1tiles est\u00e1n dise\u00f1ados para poner el mundo del bondage y el posicionamiento creativo a tu alcance, ya seas un principiante o un amante experimentado de la experimentaci\u00f3n sensual.\" \/>\n<meta name=\"robots\" content=\"index, follow, max-snippet:-1, max-image-preview:large, max-video-preview:-1\" \/>\n<link rel=\"canonical\" href=\"https:\/\/liberatorshop.eu\/es\/product\/liberator-es\/liberator-universal-d-rings-clips\/\" \/>\n<meta property=\"og:locale\" content=\"es_ES\" \/>\n<meta property=\"og:type\" content=\"article\" \/>\n<meta property=\"og:title\" content=\"Liberator Universal D-Rings Clips - Liberatorshop - Muebles sexuales y almohadas sexuales por descubrir\" \/>\n<meta property=\"og:description\" content=\"Enriquece tus momentos \u00edntimos y a\u00f1ade un toque de aventura con los clips Liberator Universal D-Rings. Estos clips vers\u00e1tiles est\u00e1n dise\u00f1ados para poner el mundo del bondage y el posicionamiento creativo a tu alcance, ya seas un principiante o un amante experimentado de la experimentaci\u00f3n sensual.\" \/>\n<meta property=\"og:url\" content=\"https:\/\/liberatorshop.eu\/es\/product\/liberator-es\/liberator-universal-d-rings-clips\/\" \/>\n<meta property=\"og:site_name\" content=\"Liberatorshop - Muebles sexuales y almohadas sexuales por descubrir\" \/>\n<meta property=\"article:modified_time\" content=\"2024-10-25T14:09:06+00:00\" \/>\n<meta property=\"og:image\" content=\"https:\/\/liberatorshop.eu\/wp-content\/uploads\/2020\/09\/Liberator-Universal-D-Ring-Clips-01.jpg\" \/>\n\t<meta property=\"og:image:width\" content=\"600\" \/>\n\t<meta property=\"og:image:height\" content=\"363\" \/>\n\t<meta property=\"og:image:type\" content=\"image\/jpeg\" \/>\n<meta name=\"twitter:card\" content=\"summary_large_image\" \/>\n<meta name=\"twitter:label1\" content=\"Tiempo de lectura\" \/>\n\t<meta name=\"twitter:data1\" content=\"2 minutos\" \/>\n<script type=\"application\/ld+json\" class=\"yoast-schema-graph\">{\"@context\":\"https:\\\/\\\/schema.org\",\"@graph\":[{\"@type\":\"WebPage\",\"@id\":\"https:\\\/\\\/liberatorshop.eu\\\/es\\\/product\\\/liberator-es\\\/liberator-universal-d-rings-clips\\\/\",\"url\":\"https:\\\/\\\/liberatorshop.eu\\\/es\\\/product\\\/liberator-es\\\/liberator-universal-d-rings-clips\\\/\",\"name\":\"Liberator Universal D-Rings Clips - Liberatorshop - Muebles sexuales y almohadas sexuales por descubrir\",\"isPartOf\":{\"@id\":\"https:\\\/\\\/liberatorshop.eu\\\/es\\\/#website\"},\"primaryImageOfPage\":{\"@id\":\"https:\\\/\\\/liberatorshop.eu\\\/es\\\/product\\\/liberator-es\\\/liberator-universal-d-rings-clips\\\/#primaryimage\"},\"image\":{\"@id\":\"https:\\\/\\\/liberatorshop.eu\\\/es\\\/product\\\/liberator-es\\\/liberator-universal-d-rings-clips\\\/#primaryimage\"},\"thumbnailUrl\":\"https:\\\/\\\/liberatorshop.eu\\\/wp-content\\\/uploads\\\/2020\\\/09\\\/Liberator-Universal-D-Ring-Clips-01.jpg\",\"datePublished\":\"2020-09-21T15:59:55+00:00\",\"dateModified\":\"2024-10-25T14:09:06+00:00\",\"description\":\"Enriquece tus momentos \u00edntimos y a\u00f1ade un toque de aventura con los clips Liberator Universal D-Rings. Estos clips vers\u00e1tiles est\u00e1n dise\u00f1ados para poner el mundo del bondage y el posicionamiento creativo a tu alcance, ya seas un principiante o un amante experimentado de la experimentaci\u00f3n sensual.\",\"breadcrumb\":{\"@id\":\"https:\\\/\\\/liberatorshop.eu\\\/es\\\/product\\\/liberator-es\\\/liberator-universal-d-rings-clips\\\/#breadcrumb\"},\"inLanguage\":\"es\",\"potentialAction\":[{\"@type\":\"ReadAction\",\"target\":[\"https:\\\/\\\/liberatorshop.eu\\\/es\\\/product\\\/liberator-es\\\/liberator-universal-d-rings-clips\\\/\"]}]},{\"@type\":\"ImageObject\",\"inLanguage\":\"es\",\"@id\":\"https:\\\/\\\/liberatorshop.eu\\\/es\\\/product\\\/liberator-es\\\/liberator-universal-d-rings-clips\\\/#primaryimage\",\"url\":\"https:\\\/\\\/liberatorshop.eu\\\/wp-content\\\/uploads\\\/2020\\\/09\\\/Liberator-Universal-D-Ring-Clips-01.jpg\",\"contentUrl\":\"https:\\\/\\\/liberatorshop.eu\\\/wp-content\\\/uploads\\\/2020\\\/09\\\/Liberator-Universal-D-Ring-Clips-01.jpg\",\"width\":600,\"height\":363},{\"@type\":\"BreadcrumbList\",\"@id\":\"https:\\\/\\\/liberatorshop.eu\\\/es\\\/product\\\/liberator-es\\\/liberator-universal-d-rings-clips\\\/#breadcrumb\",\"itemListElement\":[{\"@type\":\"ListItem\",\"position\":1,\"name\":\"Home\",\"item\":\"https:\\\/\\\/liberatorshop.eu\\\/es\\\/\"},{\"@type\":\"ListItem\",\"position\":2,\"name\":\"Comienzo\",\"item\":\"https:\\\/\\\/liberatorshop.eu\\\/es\\\/\"},{\"@type\":\"ListItem\",\"position\":3,\"name\":\"Liberator Universal D-Rings Clips\"}]},{\"@type\":\"WebSite\",\"@id\":\"https:\\\/\\\/liberatorshop.eu\\\/es\\\/#website\",\"url\":\"https:\\\/\\\/liberatorshop.eu\\\/es\\\/\",\"name\":\"Liberatorshop.eu\",\"description\":\"Liberatorshop - Love All Ways\",\"publisher\":{\"@id\":\"https:\\\/\\\/liberatorshop.eu\\\/es\\\/#organization\"},\"potentialAction\":[{\"@type\":\"SearchAction\",\"target\":{\"@type\":\"EntryPoint\",\"urlTemplate\":\"https:\\\/\\\/liberatorshop.eu\\\/es\\\/?s={search_term_string}\"},\"query-input\":{\"@type\":\"PropertyValueSpecification\",\"valueRequired\":true,\"valueName\":\"search_term_string\"}}],\"inLanguage\":\"es\"},{\"@type\":\"Organization\",\"@id\":\"https:\\\/\\\/liberatorshop.eu\\\/es\\\/#organization\",\"name\":\"Liberatorshop\",\"url\":\"https:\\\/\\\/liberatorshop.eu\\\/es\\\/\",\"logo\":{\"@type\":\"ImageObject\",\"inLanguage\":\"es\",\"@id\":\"https:\\\/\\\/liberatorshop.eu\\\/es\\\/#\\\/schema\\\/logo\\\/image\\\/\",\"url\":\"https:\\\/\\\/liberatorshop.eu\\\/wp-content\\\/uploads\\\/2023\\\/09\\\/flip-ramp-EXAMPLES-1500-x-500-px.png\",\"contentUrl\":\"https:\\\/\\\/liberatorshop.eu\\\/wp-content\\\/uploads\\\/2023\\\/09\\\/flip-ramp-EXAMPLES-1500-x-500-px.png\",\"width\":2560,\"height\":854,\"caption\":\"Liberatorshop\"},\"image\":{\"@id\":\"https:\\\/\\\/liberatorshop.eu\\\/es\\\/#\\\/schema\\\/logo\\\/image\\\/\"}}]}<\/script>\n<!-- \/ Yoast SEO plugin. -->","yoast_head_json":{"title":"Liberator Universal D-Rings Clips - Liberatorshop - Muebles sexuales y almohadas sexuales por descubrir","description":"Enriquece tus momentos \u00edntimos y a\u00f1ade un toque de aventura con los clips Liberator Universal D-Rings. Estos clips vers\u00e1tiles est\u00e1n dise\u00f1ados para poner el mundo del bondage y el posicionamiento creativo a tu alcance, ya seas un principiante o un amante experimentado de la experimentaci\u00f3n sensual.","robots":{"index":"index","follow":"follow","max-snippet":"max-snippet:-1","max-image-preview":"max-image-preview:large","max-video-preview":"max-video-preview:-1"},"canonical":"https:\/\/liberatorshop.eu\/es\/product\/liberator-es\/liberator-universal-d-rings-clips\/","og_locale":"es_ES","og_type":"article","og_title":"Liberator Universal D-Rings Clips - Liberatorshop - Muebles sexuales y almohadas sexuales por descubrir","og_description":"Enriquece tus momentos \u00edntimos y a\u00f1ade un toque de aventura con los clips Liberator Universal D-Rings. Estos clips vers\u00e1tiles est\u00e1n dise\u00f1ados para poner el mundo del bondage y el posicionamiento creativo a tu alcance, ya seas un principiante o un amante experimentado de la experimentaci\u00f3n sensual.","og_url":"https:\/\/liberatorshop.eu\/es\/product\/liberator-es\/liberator-universal-d-rings-clips\/","og_site_name":"Liberatorshop - Muebles sexuales y almohadas sexuales por descubrir","article_modified_time":"2024-10-25T14:09:06+00:00","og_image":[{"width":600,"height":363,"url":"https:\/\/liberatorshop.eu\/wp-content\/uploads\/2020\/09\/Liberator-Universal-D-Ring-Clips-01.jpg","type":"image\/jpeg"}],"twitter_card":"summary_large_image","twitter_misc":{"Tiempo de lectura":"2 minutos"},"schema":{"@context":"https:\/\/schema.org","@graph":[{"@type":"WebPage","@id":"https:\/\/liberatorshop.eu\/es\/product\/liberator-es\/liberator-universal-d-rings-clips\/","url":"https:\/\/liberatorshop.eu\/es\/product\/liberator-es\/liberator-universal-d-rings-clips\/","name":"Liberator Universal D-Rings Clips - Liberatorshop - Muebles sexuales y almohadas sexuales por descubrir","isPartOf":{"@id":"https:\/\/liberatorshop.eu\/es\/#website"},"primaryImageOfPage":{"@id":"https:\/\/liberatorshop.eu\/es\/product\/liberator-es\/liberator-universal-d-rings-clips\/#primaryimage"},"image":{"@id":"https:\/\/liberatorshop.eu\/es\/product\/liberator-es\/liberator-universal-d-rings-clips\/#primaryimage"},"thumbnailUrl":"https:\/\/liberatorshop.eu\/wp-content\/uploads\/2020\/09\/Liberator-Universal-D-Ring-Clips-01.jpg","datePublished":"2020-09-21T15:59:55+00:00","dateModified":"2024-10-25T14:09:06+00:00","description":"Enriquece tus momentos \u00edntimos y a\u00f1ade un toque de aventura con los clips Liberator Universal D-Rings. Estos clips vers\u00e1tiles est\u00e1n dise\u00f1ados para poner el mundo del bondage y el posicionamiento creativo a tu alcance, ya seas un principiante o un amante experimentado de la experimentaci\u00f3n sensual.","breadcrumb":{"@id":"https:\/\/liberatorshop.eu\/es\/product\/liberator-es\/liberator-universal-d-rings-clips\/#breadcrumb"},"inLanguage":"es","potentialAction":[{"@type":"ReadAction","target":["https:\/\/liberatorshop.eu\/es\/product\/liberator-es\/liberator-universal-d-rings-clips\/"]}]},{"@type":"ImageObject","inLanguage":"es","@id":"https:\/\/liberatorshop.eu\/es\/product\/liberator-es\/liberator-universal-d-rings-clips\/#primaryimage","url":"https:\/\/liberatorshop.eu\/wp-content\/uploads\/2020\/09\/Liberator-Universal-D-Ring-Clips-01.jpg","contentUrl":"https:\/\/liberatorshop.eu\/wp-content\/uploads\/2020\/09\/Liberator-Universal-D-Ring-Clips-01.jpg","width":600,"height":363},{"@type":"BreadcrumbList","@id":"https:\/\/liberatorshop.eu\/es\/product\/liberator-es\/liberator-universal-d-rings-clips\/#breadcrumb","itemListElement":[{"@type":"ListItem","position":1,"name":"Home","item":"https:\/\/liberatorshop.eu\/es\/"},{"@type":"ListItem","position":2,"name":"Comienzo","item":"https:\/\/liberatorshop.eu\/es\/"},{"@type":"ListItem","position":3,"name":"Liberator Universal D-Rings Clips"}]},{"@type":"WebSite","@id":"https:\/\/liberatorshop.eu\/es\/#website","url":"https:\/\/liberatorshop.eu\/es\/","name":"Liberatorshop.eu","description":"Liberatorshop - Love All Ways","publisher":{"@id":"https:\/\/liberatorshop.eu\/es\/#organization"},"potentialAction":[{"@type":"SearchAction","target":{"@type":"EntryPoint","urlTemplate":"https:\/\/liberatorshop.eu\/es\/?s={search_term_string}"},"query-input":{"@type":"PropertyValueSpecification","valueRequired":true,"valueName":"search_term_string"}}],"inLanguage":"es"},{"@type":"Organization","@id":"https:\/\/liberatorshop.eu\/es\/#organization","name":"Liberatorshop","url":"https:\/\/liberatorshop.eu\/es\/","logo":{"@type":"ImageObject","inLanguage":"es","@id":"https:\/\/liberatorshop.eu\/es\/#\/schema\/logo\/image\/","url":"https:\/\/liberatorshop.eu\/wp-content\/uploads\/2023\/09\/flip-ramp-EXAMPLES-1500-x-500-px.png","contentUrl":"https:\/\/liberatorshop.eu\/wp-content\/uploads\/2023\/09\/flip-ramp-EXAMPLES-1500-x-500-px.png","width":2560,"height":854,"caption":"Liberatorshop"},"image":{"@id":"https:\/\/liberatorshop.eu\/es\/#\/schema\/logo\/image\/"}}]}},"_links":{"self":[{"href":"https:\/\/liberatorshop.eu\/es\/wp-json\/wp\/v2\/product\/60543","targetHints":{"allow":["GET"]}}],"collection":[{"href":"https:\/\/liberatorshop.eu\/es\/wp-json\/wp\/v2\/product"}],"about":[{"href":"https:\/\/liberatorshop.eu\/es\/wp-json\/wp\/v2\/types\/product"}],"replies":[{"embeddable":true,"href":"https:\/\/liberatorshop.eu\/es\/wp-json\/wp\/v2\/comments?post=60543"}],"wp:featuredmedia":[{"embeddable":true,"href":"https:\/\/liberatorshop.eu\/es\/wp-json\/wp\/v2\/media\/32522"}],"wp:attachment":[{"href":"https:\/\/liberatorshop.eu\/es\/wp-json\/wp\/v2\/media?parent=60543"}],"wp:term":[{"taxonomy":"product_brand","embeddable":true,"href":"https:\/\/liberatorshop.eu\/es\/wp-json\/wp\/v2\/product_brand?post=60543"},{"taxonomy":"product_cat","embeddable":true,"href":"https:\/\/liberatorshop.eu\/es\/wp-json\/wp\/v2\/product_cat?post=60543"},{"taxonomy":"product_tag","embeddable":true,"href":"https:\/\/liberatorshop.eu\/es\/wp-json\/wp\/v2\/product_tag?post=60543"}],"curies":[{"name":"wp","href":"https:\/\/api.w.org\/{rel}","templated":true}]}}