{"id":60624,"date":"2020-09-21T14:58:40","date_gmt":"2020-09-21T13:58:40","guid":{"rendered":"https:\/\/liberatorshop.eu\/winkel\/sin%20categor\u00eda\/liberator-wedge-ramp-combo\/"},"modified":"2025-12-16T21:47:45","modified_gmt":"2025-12-16T20:47:45","slug":"liberator-wedge-ramp-combo","status":"publish","type":"product","link":"https:\/\/liberatorshop.eu\/es\/product\/liberator-es\/liberator-wedge-ramp-combo\/","title":{"rendered":"Liberator Wedge Ramp Combo"},"content":{"rendered":"<div>\n<div class=\"flex-shrink-0 flex flex-col relative items-end\">\n<div><strong style=\"color: #555555;\">Enriquece tus momentos \u00edntimos con el combo de rampa de cu\u00f1a Liberator.<\/strong><span style=\"color: #555555;\"> Este juego transforma tu dormitorio en un patio de juegos lleno de diversi\u00f3n y comodidad. Descubra nuevos niveles de intimidad con estas dos almohadas de dise\u00f1o ergon\u00f3mico.<\/span><\/div>\n<\/div>\n<div class=\"relative flex w-full flex-col agent-turn\">\n<div class=\"font-semibold select-none\">\n<div class=\"relative flex w-full flex-col agent-turn\">\n<div class=\"font-semibold select-none\">\n<div class=\"relative flex w-full flex-col agent-turn\">\n<div class=\"font-semibold select-none\">\n<h3>Placer y Confort<\/h3>\n<p>La Cu\u00f1a y la Rampa est\u00e1n dise\u00f1adas para una penetraci\u00f3n m\u00e1s profunda y m\u00e1s placer. Su forma proporciona apoyo donde sea necesario, haciendo m\u00e1s c\u00f3moda cualquier posici\u00f3n.<\/p>\n<h3>Posibilidades infinitas<\/h3>\n<p>Este combo abre la puerta a innumerables posiciones sexuales. Gracias a las cubiertas &#8216;im\u00e1n&#8217;, se mantienen firmemente unidos.<\/p>\n<h3>Facil mantenimiento<\/h3>\n<p>Fabricado con espuma de PU duradera y fundas lavables. Ideal para usar sin preocupaciones con lociones o aceites.<\/p>\n<p>Dimensiones:<\/p>\n<ul>\n<li>Wedge: 61 x 35,5 x 17,75 cm<\/li>\n<li>Ramp: 86,4 x 61 x 30,5 cm<\/li>\n<\/ul>\n<p><strong>Descubra<\/strong> m\u00e1s sobre c\u00f3mo nuestras <a href=\"https:\/\/liberatorshop.eu\/es\/categoria-producto-es\/liberator-es\/\" target=\"_new\" rel=\"noopener\">almohadas sexuales<\/a> pueden mejorar su vida amorosa. Vea tambi\u00e9n nuestra gama completa de <a href=\"https:\/\/liberatorshop.eu\/es\/categoria-producto-es\/liberator-es\/\" target=\"_new\" rel=\"noopener\">muebles sexuales<\/a> para obtener m\u00e1s inspiraci\u00f3n.<\/p>\n<\/div>\n<\/div>\n<\/div>\n<\/div>\n<\/div>\n<\/div>\n<p style=\"text-align: center;\"><strong>Posiciones para probar<\/strong><\/p>\n<\/div>\n<p><img decoding=\"async\" class=\"size-full wp-image-32514 alignleft\" src=\"https:\/\/liberatorshop.eu\/wp-content\/uploads\/2020\/09\/Liberator-Wedge-Ramp-Combo-The-Over-Easy.jpg\" alt=\"\" width=\"297\" height=\"180\"> <img decoding=\"async\" class=\"size-full wp-image-32513 alignleft\" src=\"https:\/\/liberatorshop.eu\/wp-content\/uploads\/2020\/09\/Liberator-Wedge-Ramp-Combo-The-Lustful-Cobra.jpg\" alt=\"\" width=\"297\" height=\"180\"> <img decoding=\"async\" class=\"size-full wp-image-32512 alignleft\" src=\"https:\/\/liberatorshop.eu\/wp-content\/uploads\/2020\/09\/Liberator-Wedge-Ramp-Combo-Take-a-Bow.jpg\" alt=\"\" width=\"297\" height=\"180\"> <img decoding=\"async\" class=\"size-full wp-image-32511 alignleft\" src=\"https:\/\/liberatorshop.eu\/wp-content\/uploads\/2020\/09\/Liberator-Wedge-Ramp-Combo-Secret-Agent.jpg\" alt=\"\" width=\"297\" height=\"180\"> <img decoding=\"async\" class=\"size-full wp-image-32510 alignleft\" src=\"https:\/\/liberatorshop.eu\/wp-content\/uploads\/2020\/09\/Liberator-Wedge-Ramp-Combo-Reach-for-the-Stars.jpg\" alt=\"\" width=\"297\" height=\"180\"> <img decoding=\"async\" class=\"size-full wp-image-32509 alignleft\" src=\"https:\/\/liberatorshop.eu\/wp-content\/uploads\/2020\/09\/Liberator-Wedge-Ramp-Combo-Periscope-Down.jpg\" alt=\"\" width=\"297\" height=\"180\"><\/p>\n","protected":false},"excerpt":{"rendered":"<p><strong style=\"color: #555555;\">Enriquece tus momentos \u00edntimos con el combo de rampa de cu\u00f1a Liberator.<\/strong><span style=\"color: #555555;\"> Este juego transforma tu dormitorio en un patio de juegos lleno de diversi\u00f3n y comodidad. Descubra nuevos niveles de intimidad con estas dos almohadas de dise\u00f1o ergon\u00f3mico.<\/span><\/p>\n","protected":false},"featured_media":32498,"comment_status":"open","ping_status":"closed","template":"","meta":[],"product_brand":[],"product_cat":[15760,16187,20937],"product_tag":[15827,15825,15823,15784,15824,15821,15822,15826],"class_list":{"0":"post-60624","1":"product","2":"type-product","3":"status-publish","4":"has-post-thumbnail","6":"product_cat-liberator-es","7":"product_cat-los-mas-vendidos","8":"product_cat-liberator-ramps-es","9":"product_tag-experiencia-sexual","10":"product_tag-formulario","11":"product_tag-g-spot-es","12":"product_tag-liberator-es","13":"product_tag-liberatorshop-es","14":"product_tag-posiciones-sexuales","15":"product_tag-sex-es","16":"product_tag-wedge-ramp-combo-es","17":"product_shipping_class-envio-1-2-dias-laborables","19":"first","20":"instock","21":"featured","22":"taxable","23":"shipping-taxable","24":"purchasable","25":"product-type-variable"},"yoast_head":"<!-- This site is optimized with the Yoast SEO plugin v27.3 - https:\/\/yoast.com\/product\/yoast-seo-wordpress\/ -->\n<title>Liberator Wedge Ramp Combo - Liberatorshop - Muebles sexuales y almohadas sexuales por descubrir<\/title>\n<meta name=\"description\" content=\"Descubra el combo de rampa de cu\u00f1a Liberator para obtener m\u00e1s placer y comodidad. Transforma tu dormitorio con este vers\u00e1til juego.\" \/>\n<meta name=\"robots\" content=\"index, follow, max-snippet:-1, max-image-preview:large, max-video-preview:-1\" \/>\n<link rel=\"canonical\" href=\"https:\/\/liberatorshop.eu\/es\/product\/liberator-es\/liberator-wedge-ramp-combo\/\" \/>\n<meta property=\"og:locale\" content=\"es_ES\" \/>\n<meta property=\"og:type\" content=\"article\" \/>\n<meta property=\"og:title\" content=\"Liberator Wedge Ramp Combo - Liberatorshop - Muebles sexuales y almohadas sexuales por descubrir\" \/>\n<meta property=\"og:description\" content=\"Descubra el combo de rampa de cu\u00f1a Liberator para obtener m\u00e1s placer y comodidad. Transforma tu dormitorio con este vers\u00e1til juego.\" \/>\n<meta property=\"og:url\" content=\"https:\/\/liberatorshop.eu\/es\/product\/liberator-es\/liberator-wedge-ramp-combo\/\" \/>\n<meta property=\"og:site_name\" content=\"Liberatorshop - Muebles sexuales y almohadas sexuales por descubrir\" \/>\n<meta property=\"article:modified_time\" content=\"2025-12-16T20:47:45+00:00\" \/>\n<meta property=\"og:image\" content=\"https:\/\/liberatorshop.eu\/wp-content\/uploads\/2020\/09\/Liberator-Wedge-Ramp-Combo-01.jpg\" \/>\n\t<meta property=\"og:image:width\" content=\"1400\" \/>\n\t<meta property=\"og:image:height\" content=\"848\" \/>\n\t<meta property=\"og:image:type\" content=\"image\/jpeg\" \/>\n<meta name=\"twitter:card\" content=\"summary_large_image\" \/>\n<meta name=\"twitter:label1\" content=\"Tiempo de lectura\" \/>\n\t<meta name=\"twitter:data1\" content=\"1 minuto\" \/>\n<script type=\"application\/ld+json\" class=\"yoast-schema-graph\">{\"@context\":\"https:\\\/\\\/schema.org\",\"@graph\":[{\"@type\":\"WebPage\",\"@id\":\"https:\\\/\\\/liberatorshop.eu\\\/es\\\/product\\\/liberator-es\\\/liberator-wedge-ramp-combo\\\/\",\"url\":\"https:\\\/\\\/liberatorshop.eu\\\/es\\\/product\\\/liberator-es\\\/liberator-wedge-ramp-combo\\\/\",\"name\":\"Liberator Wedge Ramp Combo - Liberatorshop - Muebles sexuales y almohadas sexuales por descubrir\",\"isPartOf\":{\"@id\":\"https:\\\/\\\/liberatorshop.eu\\\/es\\\/#website\"},\"primaryImageOfPage\":{\"@id\":\"https:\\\/\\\/liberatorshop.eu\\\/es\\\/product\\\/liberator-es\\\/liberator-wedge-ramp-combo\\\/#primaryimage\"},\"image\":{\"@id\":\"https:\\\/\\\/liberatorshop.eu\\\/es\\\/product\\\/liberator-es\\\/liberator-wedge-ramp-combo\\\/#primaryimage\"},\"thumbnailUrl\":\"https:\\\/\\\/liberatorshop.eu\\\/wp-content\\\/uploads\\\/2020\\\/09\\\/Liberator-Wedge-Ramp-Combo-01.jpg\",\"datePublished\":\"2020-09-21T13:58:40+00:00\",\"dateModified\":\"2025-12-16T20:47:45+00:00\",\"description\":\"Descubra el combo de rampa de cu\u00f1a Liberator para obtener m\u00e1s placer y comodidad. Transforma tu dormitorio con este vers\u00e1til juego.\",\"breadcrumb\":{\"@id\":\"https:\\\/\\\/liberatorshop.eu\\\/es\\\/product\\\/liberator-es\\\/liberator-wedge-ramp-combo\\\/#breadcrumb\"},\"inLanguage\":\"es\",\"potentialAction\":[{\"@type\":\"ReadAction\",\"target\":[\"https:\\\/\\\/liberatorshop.eu\\\/es\\\/product\\\/liberator-es\\\/liberator-wedge-ramp-combo\\\/\"]}]},{\"@type\":\"ImageObject\",\"inLanguage\":\"es\",\"@id\":\"https:\\\/\\\/liberatorshop.eu\\\/es\\\/product\\\/liberator-es\\\/liberator-wedge-ramp-combo\\\/#primaryimage\",\"url\":\"https:\\\/\\\/liberatorshop.eu\\\/wp-content\\\/uploads\\\/2020\\\/09\\\/Liberator-Wedge-Ramp-Combo-01.jpg\",\"contentUrl\":\"https:\\\/\\\/liberatorshop.eu\\\/wp-content\\\/uploads\\\/2020\\\/09\\\/Liberator-Wedge-Ramp-Combo-01.jpg\",\"width\":1400,\"height\":848},{\"@type\":\"BreadcrumbList\",\"@id\":\"https:\\\/\\\/liberatorshop.eu\\\/es\\\/product\\\/liberator-es\\\/liberator-wedge-ramp-combo\\\/#breadcrumb\",\"itemListElement\":[{\"@type\":\"ListItem\",\"position\":1,\"name\":\"Home\",\"item\":\"https:\\\/\\\/liberatorshop.eu\\\/es\\\/\"},{\"@type\":\"ListItem\",\"position\":2,\"name\":\"Comienzo\",\"item\":\"https:\\\/\\\/liberatorshop.eu\\\/es\\\/\"},{\"@type\":\"ListItem\",\"position\":3,\"name\":\"Liberator Wedge Ramp Combo\"}]},{\"@type\":\"WebSite\",\"@id\":\"https:\\\/\\\/liberatorshop.eu\\\/es\\\/#website\",\"url\":\"https:\\\/\\\/liberatorshop.eu\\\/es\\\/\",\"name\":\"Liberatorshop.eu\",\"description\":\"Liberatorshop - Love All Ways\",\"publisher\":{\"@id\":\"https:\\\/\\\/liberatorshop.eu\\\/es\\\/#organization\"},\"potentialAction\":[{\"@type\":\"SearchAction\",\"target\":{\"@type\":\"EntryPoint\",\"urlTemplate\":\"https:\\\/\\\/liberatorshop.eu\\\/es\\\/?s={search_term_string}\"},\"query-input\":{\"@type\":\"PropertyValueSpecification\",\"valueRequired\":true,\"valueName\":\"search_term_string\"}}],\"inLanguage\":\"es\"},{\"@type\":\"Organization\",\"@id\":\"https:\\\/\\\/liberatorshop.eu\\\/es\\\/#organization\",\"name\":\"Liberatorshop\",\"url\":\"https:\\\/\\\/liberatorshop.eu\\\/es\\\/\",\"logo\":{\"@type\":\"ImageObject\",\"inLanguage\":\"es\",\"@id\":\"https:\\\/\\\/liberatorshop.eu\\\/es\\\/#\\\/schema\\\/logo\\\/image\\\/\",\"url\":\"https:\\\/\\\/liberatorshop.eu\\\/wp-content\\\/uploads\\\/2023\\\/09\\\/flip-ramp-EXAMPLES-1500-x-500-px.png\",\"contentUrl\":\"https:\\\/\\\/liberatorshop.eu\\\/wp-content\\\/uploads\\\/2023\\\/09\\\/flip-ramp-EXAMPLES-1500-x-500-px.png\",\"width\":2560,\"height\":854,\"caption\":\"Liberatorshop\"},\"image\":{\"@id\":\"https:\\\/\\\/liberatorshop.eu\\\/es\\\/#\\\/schema\\\/logo\\\/image\\\/\"}}]}<\/script>\n<!-- \/ Yoast SEO plugin. -->","yoast_head_json":{"title":"Liberator Wedge Ramp Combo - Liberatorshop - Muebles sexuales y almohadas sexuales por descubrir","description":"Descubra el combo de rampa de cu\u00f1a Liberator para obtener m\u00e1s placer y comodidad. Transforma tu dormitorio con este vers\u00e1til juego.","robots":{"index":"index","follow":"follow","max-snippet":"max-snippet:-1","max-image-preview":"max-image-preview:large","max-video-preview":"max-video-preview:-1"},"canonical":"https:\/\/liberatorshop.eu\/es\/product\/liberator-es\/liberator-wedge-ramp-combo\/","og_locale":"es_ES","og_type":"article","og_title":"Liberator Wedge Ramp Combo - Liberatorshop - Muebles sexuales y almohadas sexuales por descubrir","og_description":"Descubra el combo de rampa de cu\u00f1a Liberator para obtener m\u00e1s placer y comodidad. Transforma tu dormitorio con este vers\u00e1til juego.","og_url":"https:\/\/liberatorshop.eu\/es\/product\/liberator-es\/liberator-wedge-ramp-combo\/","og_site_name":"Liberatorshop - Muebles sexuales y almohadas sexuales por descubrir","article_modified_time":"2025-12-16T20:47:45+00:00","og_image":[{"width":1400,"height":848,"url":"https:\/\/liberatorshop.eu\/wp-content\/uploads\/2020\/09\/Liberator-Wedge-Ramp-Combo-01.jpg","type":"image\/jpeg"}],"twitter_card":"summary_large_image","twitter_misc":{"Tiempo de lectura":"1 minuto"},"schema":{"@context":"https:\/\/schema.org","@graph":[{"@type":"WebPage","@id":"https:\/\/liberatorshop.eu\/es\/product\/liberator-es\/liberator-wedge-ramp-combo\/","url":"https:\/\/liberatorshop.eu\/es\/product\/liberator-es\/liberator-wedge-ramp-combo\/","name":"Liberator Wedge Ramp Combo - Liberatorshop - Muebles sexuales y almohadas sexuales por descubrir","isPartOf":{"@id":"https:\/\/liberatorshop.eu\/es\/#website"},"primaryImageOfPage":{"@id":"https:\/\/liberatorshop.eu\/es\/product\/liberator-es\/liberator-wedge-ramp-combo\/#primaryimage"},"image":{"@id":"https:\/\/liberatorshop.eu\/es\/product\/liberator-es\/liberator-wedge-ramp-combo\/#primaryimage"},"thumbnailUrl":"https:\/\/liberatorshop.eu\/wp-content\/uploads\/2020\/09\/Liberator-Wedge-Ramp-Combo-01.jpg","datePublished":"2020-09-21T13:58:40+00:00","dateModified":"2025-12-16T20:47:45+00:00","description":"Descubra el combo de rampa de cu\u00f1a Liberator para obtener m\u00e1s placer y comodidad. Transforma tu dormitorio con este vers\u00e1til juego.","breadcrumb":{"@id":"https:\/\/liberatorshop.eu\/es\/product\/liberator-es\/liberator-wedge-ramp-combo\/#breadcrumb"},"inLanguage":"es","potentialAction":[{"@type":"ReadAction","target":["https:\/\/liberatorshop.eu\/es\/product\/liberator-es\/liberator-wedge-ramp-combo\/"]}]},{"@type":"ImageObject","inLanguage":"es","@id":"https:\/\/liberatorshop.eu\/es\/product\/liberator-es\/liberator-wedge-ramp-combo\/#primaryimage","url":"https:\/\/liberatorshop.eu\/wp-content\/uploads\/2020\/09\/Liberator-Wedge-Ramp-Combo-01.jpg","contentUrl":"https:\/\/liberatorshop.eu\/wp-content\/uploads\/2020\/09\/Liberator-Wedge-Ramp-Combo-01.jpg","width":1400,"height":848},{"@type":"BreadcrumbList","@id":"https:\/\/liberatorshop.eu\/es\/product\/liberator-es\/liberator-wedge-ramp-combo\/#breadcrumb","itemListElement":[{"@type":"ListItem","position":1,"name":"Home","item":"https:\/\/liberatorshop.eu\/es\/"},{"@type":"ListItem","position":2,"name":"Comienzo","item":"https:\/\/liberatorshop.eu\/es\/"},{"@type":"ListItem","position":3,"name":"Liberator Wedge Ramp Combo"}]},{"@type":"WebSite","@id":"https:\/\/liberatorshop.eu\/es\/#website","url":"https:\/\/liberatorshop.eu\/es\/","name":"Liberatorshop.eu","description":"Liberatorshop - Love All Ways","publisher":{"@id":"https:\/\/liberatorshop.eu\/es\/#organization"},"potentialAction":[{"@type":"SearchAction","target":{"@type":"EntryPoint","urlTemplate":"https:\/\/liberatorshop.eu\/es\/?s={search_term_string}"},"query-input":{"@type":"PropertyValueSpecification","valueRequired":true,"valueName":"search_term_string"}}],"inLanguage":"es"},{"@type":"Organization","@id":"https:\/\/liberatorshop.eu\/es\/#organization","name":"Liberatorshop","url":"https:\/\/liberatorshop.eu\/es\/","logo":{"@type":"ImageObject","inLanguage":"es","@id":"https:\/\/liberatorshop.eu\/es\/#\/schema\/logo\/image\/","url":"https:\/\/liberatorshop.eu\/wp-content\/uploads\/2023\/09\/flip-ramp-EXAMPLES-1500-x-500-px.png","contentUrl":"https:\/\/liberatorshop.eu\/wp-content\/uploads\/2023\/09\/flip-ramp-EXAMPLES-1500-x-500-px.png","width":2560,"height":854,"caption":"Liberatorshop"},"image":{"@id":"https:\/\/liberatorshop.eu\/es\/#\/schema\/logo\/image\/"}}]}},"_links":{"self":[{"href":"https:\/\/liberatorshop.eu\/es\/wp-json\/wp\/v2\/product\/60624","targetHints":{"allow":["GET"]}}],"collection":[{"href":"https:\/\/liberatorshop.eu\/es\/wp-json\/wp\/v2\/product"}],"about":[{"href":"https:\/\/liberatorshop.eu\/es\/wp-json\/wp\/v2\/types\/product"}],"replies":[{"embeddable":true,"href":"https:\/\/liberatorshop.eu\/es\/wp-json\/wp\/v2\/comments?post=60624"}],"wp:featuredmedia":[{"embeddable":true,"href":"https:\/\/liberatorshop.eu\/es\/wp-json\/wp\/v2\/media\/32498"}],"wp:attachment":[{"href":"https:\/\/liberatorshop.eu\/es\/wp-json\/wp\/v2\/media?parent=60624"}],"wp:term":[{"taxonomy":"product_brand","embeddable":true,"href":"https:\/\/liberatorshop.eu\/es\/wp-json\/wp\/v2\/product_brand?post=60624"},{"taxonomy":"product_cat","embeddable":true,"href":"https:\/\/liberatorshop.eu\/es\/wp-json\/wp\/v2\/product_cat?post=60624"},{"taxonomy":"product_tag","embeddable":true,"href":"https:\/\/liberatorshop.eu\/es\/wp-json\/wp\/v2\/product_tag?post=60624"}],"curies":[{"name":"wp","href":"https:\/\/api.w.org\/{rel}","templated":true}]}}