{"id":61709,"date":"2020-09-21T11:50:54","date_gmt":"2020-09-21T10:50:54","guid":{"rendered":"https:\/\/liberatorshop.eu\/winkel\/sin%20categor\u00eda\/liberator-jaz\/"},"modified":"2026-04-13T05:14:29","modified_gmt":"2026-04-13T04:14:29","slug":"liberator-jaz","status":"publish","type":"product","link":"https:\/\/liberatorshop.eu\/es\/product\/liberator-es\/liberator-jaz\/","title":{"rendered":"Liberator Jaz"},"content":{"rendered":"<div class=\"flex-shrink-0 flex flex-col relative items-end\">\n<div>\n<div class=\"pt-0.5\">\n<div class=\"gizmo-shadow-stroke flex h-6 w-6 items-center justify-center overflow-hidden rounded-full\">\n<div class=\"relative p-1 rounded-sm h-9 w-9 text-white flex items-center justify-center\"><span style=\"color: #555555;\" data-text-color=\"primary\">Sum\u00e9rgete en el reino de la comodidad y la pasi\u00f3n con Liberator Jaz, una obra maestra indispensable en la colecci\u00f3n de muebles sexuales. Dise\u00f1ado para acercar cuerpos y corazones, Jaz eleva el arte de la intimidad a alturas sin precedentes.<\/span><\/div>\n<\/div>\n<\/div>\n<\/div>\n<\/div>\n<div class=\"relative flex w-full flex-col agent-turn\">\n<div class=\"flex-col gap-1 md:gap-3\">\n<div class=\"flex flex-grow flex-col max-w-full\">\n<div class=\"min-h-[20px] text-message flex flex-col items-start gap-3 whitespace-pre-wrap break-words [.text-message+&amp;]:mt-5 text-token-text-tertiary overflow-x-auto\" data-message-author-role=\"assistant\" data-message-id=\"af327dde-1b2e-486a-b2ef-ae469a3ec6ce\">\n<div class=\"text-token-text-tertiary markdown prose w-full break-words dark:prose-invert dark\">\n<h3><span data-text-color=\"primary\">Armon\u00eda en la intimidad<\/span><\/h3>\n<ul>\n<li><span data-text-color=\"primary\"><strong>Conexi\u00f3n m\u00e1s profunda:<\/strong> Refinada para inclinar la pelvis y los gl\u00fateos para una penetraci\u00f3n m\u00e1s profunda y una estimulaci\u00f3n m\u00e1s intensa del punto G.<\/span><\/li>\n<li><span data-text-color=\"primary\"><strong>Para cada momento:<\/strong> ideal tanto para el estilo misionero como para el perrito, y tambi\u00e9n ofrece posiciones mejoradas para el placer oral.<\/span><\/li>\n<li><span data-text-color=\"primary\"><strong>Dise\u00f1o Discreto:<\/strong> Dise\u00f1o elegante que combina a la perfecci\u00f3n con la decoraci\u00f3n de tu dormitorio, listo para seducir y sorprender.<\/span><\/li>\n<\/ul>\n<h3><span data-text-color=\"primary\">Rendimiento y utilidad pr\u00e1ctica<\/span><\/h3>\n<ul>\n<li><span data-text-color=\"primary\"><strong>Comodidad \u00f3ptima:<\/strong> Fabricado con espuma de alta densidad que sostiene el cuerpo sin colapsar, incluso en los colchones m\u00e1s suaves.<\/span><\/li>\n<li><span data-text-color=\"primary\"><strong>Mantenimiento sin esfuerzo:<\/strong> cuenta con una funda de microgamuza extra\u00edble que es suave al tacto y f\u00e1cil de limpiar en la lavadora.<\/span><\/li>\n<\/ul>\n<h3><span data-text-color=\"primary\">Compacto y listo para viajar<\/span><\/h3>\n<ul>\n<li><span data-text-color=\"primary\"><strong>Tama\u00f1o apto para viajes:<\/strong> lo suficientemente compacto como para llevarlo a cualquier parte, para que la pasi\u00f3n nunca se quede atr\u00e1s.<\/span><\/li>\n<li><span data-text-color=\"primary\"><strong>Liberator Jaz Mini:<\/strong> A\u00fan m\u00e1s peque\u00f1o y perfecto para esas salidas espont\u00e1neas, ofrece la misma magia en un tama\u00f1o m\u00e1s manejable.<\/span><\/li>\n<\/ul>\n<p><span data-text-color=\"primary\">Dimensiones: 36 cm de largo x 46 cm de ancho x 15 cm de alto, pesa solo 1 kg y crea la sinfon\u00eda perfecta de comodidad y sensualidad. Deje que Liberator Jaz sea su gu\u00eda a un mundo donde cada toque toca una fibra sensible de puro \u00e9xtasis.<\/span><\/p>\n<p><span data-text-color=\"primary\">A\u00f1ade m\u00e1s aventuras a tu vida amorosa con nuestra <a href=\"https:\/\/liberatorshop.eu\/es\/categoria-producto-es\/liberator-es\/\" target=\"_new\" rel=\"noopener\">colecci\u00f3n completa de Liberator<\/a>.<\/span><\/p>\n<\/div>\n<\/div>\n<\/div>\n<\/div>\n<\/div>\n","protected":false},"excerpt":{"rendered":"<p><span style=\"color: #555555;\">Sum\u00e9rgete en el reino de la comodidad y la pasi\u00f3n con <strong>Liberator Jaz<\/strong>, una obra maestra indispensable en la colecci\u00f3n de muebles sexuales. Dise\u00f1ado para acercar cuerpos y corazones, Jaz eleva el arte de la intimidad a alturas sin precedentes.<\/span><\/p>\n","protected":false},"featured_media":32379,"comment_status":"open","ping_status":"closed","template":"","meta":[],"product_brand":[],"product_cat":[15760,16187,20940],"product_tag":[15895,15784,15919,15821,15828],"class_list":{"0":"post-61709","1":"product","2":"type-product","3":"status-publish","4":"has-post-thumbnail","6":"product_cat-liberator-es","7":"product_cat-los-mas-vendidos","8":"product_cat-liberator-wedges-es","9":"product_tag-almohada","10":"product_tag-liberator-es","11":"product_tag-posiciones-sexuales-es","12":"product_tag-posiciones-sexuales","13":"product_tag-wedge-es","14":"product_shipping_class-envio-1-2-dias-laborables","16":"first","17":"outofstock","18":"featured","19":"taxable","20":"shipping-taxable","21":"purchasable","22":"product-type-variable"},"yoast_head":"<!-- This site is optimized with the Yoast SEO plugin v27.3 - https:\/\/yoast.com\/product\/yoast-seo-wordpress\/ -->\n<title>Liberator Jaz - Liberatorshop - Muebles sexuales y almohadas sexuales por descubrir<\/title>\n<meta name=\"robots\" content=\"index, follow, max-snippet:-1, max-image-preview:large, max-video-preview:-1\" \/>\n<link rel=\"canonical\" href=\"https:\/\/liberatorshop.eu\/es\/product\/liberator-es\/liberator-jaz\/\" \/>\n<meta property=\"og:locale\" content=\"es_ES\" \/>\n<meta property=\"og:type\" content=\"article\" \/>\n<meta property=\"og:title\" content=\"Liberator Jaz - Liberatorshop - Muebles sexuales y almohadas sexuales por descubrir\" \/>\n<meta property=\"og:description\" content=\"Sum\u00e9rgete en el reino de la comodidad y la pasi\u00f3n con Liberator Jaz, una obra maestra indispensable en la colecci\u00f3n de muebles sexuales. Dise\u00f1ado para acercar cuerpos y corazones, Jaz eleva el arte de la intimidad a alturas sin precedentes.\" \/>\n<meta property=\"og:url\" content=\"https:\/\/liberatorshop.eu\/es\/product\/liberator-es\/liberator-jaz\/\" \/>\n<meta property=\"og:site_name\" content=\"Liberatorshop - Muebles sexuales y almohadas sexuales por descubrir\" \/>\n<meta property=\"article:modified_time\" content=\"2026-04-13T04:14:29+00:00\" \/>\n<meta property=\"og:image\" content=\"https:\/\/liberatorshop.eu\/wp-content\/uploads\/2023\/09\/flip-ramp-EXAMPLES-1500-x-500-px.png\" \/>\n\t<meta property=\"og:image:width\" content=\"2560\" \/>\n\t<meta property=\"og:image:height\" content=\"854\" \/>\n\t<meta property=\"og:image:type\" content=\"image\/png\" \/>\n<meta name=\"twitter:card\" content=\"summary_large_image\" \/>\n<meta name=\"twitter:label1\" content=\"Tiempo de lectura\" \/>\n\t<meta name=\"twitter:data1\" content=\"1 minuto\" \/>\n<script type=\"application\/ld+json\" class=\"yoast-schema-graph\">{\"@context\":\"https:\\\/\\\/schema.org\",\"@graph\":[{\"@type\":\"WebPage\",\"@id\":\"https:\\\/\\\/liberatorshop.eu\\\/es\\\/product\\\/liberator-es\\\/liberator-jaz\\\/\",\"url\":\"https:\\\/\\\/liberatorshop.eu\\\/es\\\/product\\\/liberator-es\\\/liberator-jaz\\\/\",\"name\":\"Liberator Jaz - Liberatorshop - Muebles sexuales y almohadas sexuales por descubrir\",\"isPartOf\":{\"@id\":\"https:\\\/\\\/liberatorshop.eu\\\/es\\\/#website\"},\"primaryImageOfPage\":{\"@id\":\"https:\\\/\\\/liberatorshop.eu\\\/es\\\/product\\\/liberator-es\\\/liberator-jaz\\\/#primaryimage\"},\"image\":{\"@id\":\"https:\\\/\\\/liberatorshop.eu\\\/es\\\/product\\\/liberator-es\\\/liberator-jaz\\\/#primaryimage\"},\"thumbnailUrl\":\"https:\\\/\\\/liberatorshop.eu\\\/wp-content\\\/uploads\\\/2020\\\/09\\\/Liberator-Jaz-01.jpg\",\"datePublished\":\"2020-09-21T10:50:54+00:00\",\"dateModified\":\"2026-04-13T04:14:29+00:00\",\"breadcrumb\":{\"@id\":\"https:\\\/\\\/liberatorshop.eu\\\/es\\\/product\\\/liberator-es\\\/liberator-jaz\\\/#breadcrumb\"},\"inLanguage\":\"es\",\"potentialAction\":[{\"@type\":\"ReadAction\",\"target\":[\"https:\\\/\\\/liberatorshop.eu\\\/es\\\/product\\\/liberator-es\\\/liberator-jaz\\\/\"]}]},{\"@type\":\"ImageObject\",\"inLanguage\":\"es\",\"@id\":\"https:\\\/\\\/liberatorshop.eu\\\/es\\\/product\\\/liberator-es\\\/liberator-jaz\\\/#primaryimage\",\"url\":\"https:\\\/\\\/liberatorshop.eu\\\/wp-content\\\/uploads\\\/2020\\\/09\\\/Liberator-Jaz-01.jpg\",\"contentUrl\":\"https:\\\/\\\/liberatorshop.eu\\\/wp-content\\\/uploads\\\/2020\\\/09\\\/Liberator-Jaz-01.jpg\",\"width\":1400,\"height\":848},{\"@type\":\"BreadcrumbList\",\"@id\":\"https:\\\/\\\/liberatorshop.eu\\\/es\\\/product\\\/liberator-es\\\/liberator-jaz\\\/#breadcrumb\",\"itemListElement\":[{\"@type\":\"ListItem\",\"position\":1,\"name\":\"Home\",\"item\":\"https:\\\/\\\/liberatorshop.eu\\\/es\\\/\"},{\"@type\":\"ListItem\",\"position\":2,\"name\":\"Comienzo\",\"item\":\"https:\\\/\\\/liberatorshop.eu\\\/es\\\/\"},{\"@type\":\"ListItem\",\"position\":3,\"name\":\"Liberator Jaz\"}]},{\"@type\":\"WebSite\",\"@id\":\"https:\\\/\\\/liberatorshop.eu\\\/es\\\/#website\",\"url\":\"https:\\\/\\\/liberatorshop.eu\\\/es\\\/\",\"name\":\"Liberatorshop.eu\",\"description\":\"Liberatorshop - Love All Ways\",\"publisher\":{\"@id\":\"https:\\\/\\\/liberatorshop.eu\\\/es\\\/#organization\"},\"potentialAction\":[{\"@type\":\"SearchAction\",\"target\":{\"@type\":\"EntryPoint\",\"urlTemplate\":\"https:\\\/\\\/liberatorshop.eu\\\/es\\\/?s={search_term_string}\"},\"query-input\":{\"@type\":\"PropertyValueSpecification\",\"valueRequired\":true,\"valueName\":\"search_term_string\"}}],\"inLanguage\":\"es\"},{\"@type\":\"Organization\",\"@id\":\"https:\\\/\\\/liberatorshop.eu\\\/es\\\/#organization\",\"name\":\"Liberatorshop\",\"url\":\"https:\\\/\\\/liberatorshop.eu\\\/es\\\/\",\"logo\":{\"@type\":\"ImageObject\",\"inLanguage\":\"es\",\"@id\":\"https:\\\/\\\/liberatorshop.eu\\\/es\\\/#\\\/schema\\\/logo\\\/image\\\/\",\"url\":\"https:\\\/\\\/liberatorshop.eu\\\/wp-content\\\/uploads\\\/2023\\\/09\\\/flip-ramp-EXAMPLES-1500-x-500-px.png\",\"contentUrl\":\"https:\\\/\\\/liberatorshop.eu\\\/wp-content\\\/uploads\\\/2023\\\/09\\\/flip-ramp-EXAMPLES-1500-x-500-px.png\",\"width\":2560,\"height\":854,\"caption\":\"Liberatorshop\"},\"image\":{\"@id\":\"https:\\\/\\\/liberatorshop.eu\\\/es\\\/#\\\/schema\\\/logo\\\/image\\\/\"}}]}<\/script>\n<!-- \/ Yoast SEO plugin. -->","yoast_head_json":{"title":"Liberator Jaz - Liberatorshop - Muebles sexuales y almohadas sexuales por descubrir","robots":{"index":"index","follow":"follow","max-snippet":"max-snippet:-1","max-image-preview":"max-image-preview:large","max-video-preview":"max-video-preview:-1"},"canonical":"https:\/\/liberatorshop.eu\/es\/product\/liberator-es\/liberator-jaz\/","og_locale":"es_ES","og_type":"article","og_title":"Liberator Jaz - Liberatorshop - Muebles sexuales y almohadas sexuales por descubrir","og_description":"Sum\u00e9rgete en el reino de la comodidad y la pasi\u00f3n con Liberator Jaz, una obra maestra indispensable en la colecci\u00f3n de muebles sexuales. Dise\u00f1ado para acercar cuerpos y corazones, Jaz eleva el arte de la intimidad a alturas sin precedentes.","og_url":"https:\/\/liberatorshop.eu\/es\/product\/liberator-es\/liberator-jaz\/","og_site_name":"Liberatorshop - Muebles sexuales y almohadas sexuales por descubrir","article_modified_time":"2026-04-13T04:14:29+00:00","og_image":[{"width":2560,"height":854,"url":"https:\/\/liberatorshop.eu\/wp-content\/uploads\/2023\/09\/flip-ramp-EXAMPLES-1500-x-500-px.png","type":"image\/png"}],"twitter_card":"summary_large_image","twitter_misc":{"Tiempo de lectura":"1 minuto"},"schema":{"@context":"https:\/\/schema.org","@graph":[{"@type":"WebPage","@id":"https:\/\/liberatorshop.eu\/es\/product\/liberator-es\/liberator-jaz\/","url":"https:\/\/liberatorshop.eu\/es\/product\/liberator-es\/liberator-jaz\/","name":"Liberator Jaz - Liberatorshop - Muebles sexuales y almohadas sexuales por descubrir","isPartOf":{"@id":"https:\/\/liberatorshop.eu\/es\/#website"},"primaryImageOfPage":{"@id":"https:\/\/liberatorshop.eu\/es\/product\/liberator-es\/liberator-jaz\/#primaryimage"},"image":{"@id":"https:\/\/liberatorshop.eu\/es\/product\/liberator-es\/liberator-jaz\/#primaryimage"},"thumbnailUrl":"https:\/\/liberatorshop.eu\/wp-content\/uploads\/2020\/09\/Liberator-Jaz-01.jpg","datePublished":"2020-09-21T10:50:54+00:00","dateModified":"2026-04-13T04:14:29+00:00","breadcrumb":{"@id":"https:\/\/liberatorshop.eu\/es\/product\/liberator-es\/liberator-jaz\/#breadcrumb"},"inLanguage":"es","potentialAction":[{"@type":"ReadAction","target":["https:\/\/liberatorshop.eu\/es\/product\/liberator-es\/liberator-jaz\/"]}]},{"@type":"ImageObject","inLanguage":"es","@id":"https:\/\/liberatorshop.eu\/es\/product\/liberator-es\/liberator-jaz\/#primaryimage","url":"https:\/\/liberatorshop.eu\/wp-content\/uploads\/2020\/09\/Liberator-Jaz-01.jpg","contentUrl":"https:\/\/liberatorshop.eu\/wp-content\/uploads\/2020\/09\/Liberator-Jaz-01.jpg","width":1400,"height":848},{"@type":"BreadcrumbList","@id":"https:\/\/liberatorshop.eu\/es\/product\/liberator-es\/liberator-jaz\/#breadcrumb","itemListElement":[{"@type":"ListItem","position":1,"name":"Home","item":"https:\/\/liberatorshop.eu\/es\/"},{"@type":"ListItem","position":2,"name":"Comienzo","item":"https:\/\/liberatorshop.eu\/es\/"},{"@type":"ListItem","position":3,"name":"Liberator Jaz"}]},{"@type":"WebSite","@id":"https:\/\/liberatorshop.eu\/es\/#website","url":"https:\/\/liberatorshop.eu\/es\/","name":"Liberatorshop.eu","description":"Liberatorshop - Love All Ways","publisher":{"@id":"https:\/\/liberatorshop.eu\/es\/#organization"},"potentialAction":[{"@type":"SearchAction","target":{"@type":"EntryPoint","urlTemplate":"https:\/\/liberatorshop.eu\/es\/?s={search_term_string}"},"query-input":{"@type":"PropertyValueSpecification","valueRequired":true,"valueName":"search_term_string"}}],"inLanguage":"es"},{"@type":"Organization","@id":"https:\/\/liberatorshop.eu\/es\/#organization","name":"Liberatorshop","url":"https:\/\/liberatorshop.eu\/es\/","logo":{"@type":"ImageObject","inLanguage":"es","@id":"https:\/\/liberatorshop.eu\/es\/#\/schema\/logo\/image\/","url":"https:\/\/liberatorshop.eu\/wp-content\/uploads\/2023\/09\/flip-ramp-EXAMPLES-1500-x-500-px.png","contentUrl":"https:\/\/liberatorshop.eu\/wp-content\/uploads\/2023\/09\/flip-ramp-EXAMPLES-1500-x-500-px.png","width":2560,"height":854,"caption":"Liberatorshop"},"image":{"@id":"https:\/\/liberatorshop.eu\/es\/#\/schema\/logo\/image\/"}}]}},"_links":{"self":[{"href":"https:\/\/liberatorshop.eu\/es\/wp-json\/wp\/v2\/product\/61709","targetHints":{"allow":["GET"]}}],"collection":[{"href":"https:\/\/liberatorshop.eu\/es\/wp-json\/wp\/v2\/product"}],"about":[{"href":"https:\/\/liberatorshop.eu\/es\/wp-json\/wp\/v2\/types\/product"}],"replies":[{"embeddable":true,"href":"https:\/\/liberatorshop.eu\/es\/wp-json\/wp\/v2\/comments?post=61709"}],"wp:featuredmedia":[{"embeddable":true,"href":"https:\/\/liberatorshop.eu\/es\/wp-json\/wp\/v2\/media\/32379"}],"wp:attachment":[{"href":"https:\/\/liberatorshop.eu\/es\/wp-json\/wp\/v2\/media?parent=61709"}],"wp:term":[{"taxonomy":"product_brand","embeddable":true,"href":"https:\/\/liberatorshop.eu\/es\/wp-json\/wp\/v2\/product_brand?post=61709"},{"taxonomy":"product_cat","embeddable":true,"href":"https:\/\/liberatorshop.eu\/es\/wp-json\/wp\/v2\/product_cat?post=61709"},{"taxonomy":"product_tag","embeddable":true,"href":"https:\/\/liberatorshop.eu\/es\/wp-json\/wp\/v2\/product_tag?post=61709"}],"curies":[{"name":"wp","href":"https:\/\/api.w.org\/{rel}","templated":true}]}}