{"id":63068,"date":"2020-09-20T18:18:30","date_gmt":"2020-09-20T17:18:30","guid":{"rendered":"https:\/\/liberatorshop.eu\/winkel\/sin%20categor\u00eda\/liberator-fascinator-throw\/"},"modified":"2026-03-01T19:53:53","modified_gmt":"2026-03-01T18:53:53","slug":"liberator-fascinator-throw","status":"publish","type":"product","link":"https:\/\/liberatorshop.eu\/es\/product\/liberator-es\/liberator-fascinator-throw\/","title":{"rendered":"Liberator Fascinator Throw"},"content":{"rendered":"<p>Descubra la combinaci\u00f3n definitiva de lujo y funcionalidad con <strong>Liberator Fascinator Throw<\/strong>, un complemento esencial para sus aventuras \u00edntimas. Esta elegante alfombra no s\u00f3lo es un complemento elegante para tu dormitorio o sal\u00f3n, sino que tambi\u00e9n ofrece una soluci\u00f3n pr\u00e1ctica para proteger tus muebles de las manchas y la humedad durante tus momentos m\u00e1s apasionantes.<\/p>\n<h3>Dise\u00f1o de doble textura<\/h3>\n<ul>\n<li>La manta Fascinator se distingue por su dise\u00f1o de doble textura. En un lado encontrar\u00e1s una microfibra aterciopelada que ofrece un tacto suave y gentil, perfecto para momentos de ternura \u00edntima. Dale la vuelta al vestido y experimenta la sensual suavidad del lujoso sat\u00e9n, ideal para esas noches en las que quieres realzar tu sensualidad.<\/li>\n<li>La Faux Fur tiene una suave piel sint\u00e9tica gris en un lado y una suave microfibra de terciopelo negro en el otro.<\/li>\n<\/ul>\n<h3>Tecnolog\u00eda de barrera contra la humedad<\/h3>\n<p>En el coraz\u00f3n de Fascinator Throw se encuentra una innovadora barrera contra la humedad. Esta capa est\u00e1 especialmente dise\u00f1ada para absorber eficientemente todas las formas de humedad, desde el l\u00edquido del amor hasta el aceite de masaje, manteniendo su cama o sof\u00e1 limpio y seco. Esta caracter\u00edstica garantiza que puedas entregarte por completo al momento, sin preocuparte por ning\u00fan desorden.<\/p>\n<h3>Pr\u00e1ctico y vers\u00e1til<\/h3>\n<p>El Fascinator Throw no s\u00f3lo es un faro de comodidad durante tus escapadas er\u00f3ticas, sino que tambi\u00e9n es extremadamente pr\u00e1ctico. F\u00e1cilmente lavable a m\u00e1quina y apta para secadora, esta alfombra siempre est\u00e1 lista para su pr\u00f3xima aventura. Con unas generosas dimensiones de 183 cm x 137 cm, proporciona una amplia cobertura para cualquier superficie.<\/p>\n<h3>Especificaciones:<\/h3>\n<ul>\n<li><strong>Dimensiones:<\/strong> 183 cm x 137 cm<\/li>\n<li><strong>Materiales:<\/strong> Poli\u00e9ster y poliuretano, para mayor durabilidad y comodidad.<\/li>\n<li><strong>Lavable:<\/strong> Lavable a m\u00e1quina y apto para secadora para una f\u00e1cil limpieza.<\/li>\n<li><strong>Embalaje:<\/strong> Empaquetado discretamente para mayor privacidad.<\/li>\n<li><strong>Disponibilidad:<\/strong> Env\u00edo mundial<\/li>\n<\/ul>\n<p>Transforma tus momentos \u00edntimos con el tocado Liberator y experimenta una nueva dimensi\u00f3n de comodidad y erotismo. Ya sea un tacto suave o una suavidad lujosa, esta alfombra lo ofrece todo, al mismo tiempo que protege sus muebles y le brinda tranquilidad.<\/p>\n<p>No olvide explorar <a href=\"https:\/\/liberatorshop.eu\/es\/categoria-producto-es\/liberator-es\/\" target=\"_new\" rel=\"noopener\">otros productos Liberator<\/a> para vivir una experiencia completa e inmersiva.<\/p>\n","protected":false},"excerpt":{"rendered":"<p>Descubra la combinaci\u00f3n definitiva de lujo y funcionalidad con <strong>Liberator Fascinator Throw<\/strong>, un complemento esencial para sus aventuras \u00edntimas. Esta elegante alfombra no s\u00f3lo es un complemento elegante para tu dormitorio o sal\u00f3n, sino que tambi\u00e9n ofrece una soluci\u00f3n pr\u00e1ctica para proteger tus muebles de las manchas y la humedad durante tus momentos m\u00e1s apasionantes.<\/p>\n","protected":false},"featured_media":32256,"comment_status":"open","ping_status":"closed","template":"","meta":[],"product_brand":[],"product_cat":[15760,16187],"product_tag":[16047,16042,16023,16044,16045,16046,15784,16043,15822],"class_list":{"0":"post-63068","1":"product","2":"type-product","3":"status-publish","4":"has-post-thumbnail","6":"product_cat-liberator-es","7":"product_cat-los-mas-vendidos","8":"product_tag-banco","9":"product_tag-cama-de-sexo","10":"product_tag-cobija","11":"product_tag-erotismo","12":"product_tag-experiencia","13":"product_tag-fascinator-es","14":"product_tag-liberator-es","15":"product_tag-mueble","16":"product_tag-sex-es","17":"product_shipping_class-envio-1-2-dias-laborables","19":"first","20":"instock","21":"sale","22":"featured","23":"taxable","24":"shipping-taxable","25":"purchasable","26":"product-type-variable","27":"has-default-attributes"},"yoast_head":"<!-- This site is optimized with the Yoast SEO plugin v27.3 - https:\/\/yoast.com\/product\/yoast-seo-wordpress\/ -->\n<title>Liberator Fascinator Throw - Liberatorshop - Muebles sexuales y almohadas sexuales por descubrir<\/title>\n<meta name=\"description\" content=\"Descubra la combinaci\u00f3n definitiva de lujo y funcionalidad con Liberator Toscinator Throw, un complemento esencial para sus aventuras \u00edntimas. Esta elegante alfombra no s\u00f3lo es un complemento elegante para tu dormitorio o sal\u00f3n, sino que tambi\u00e9n ofrece una soluci\u00f3n pr\u00e1ctica para proteger tus muebles de las manchas y la humedad durante tus momentos m\u00e1s apasionantes.\" \/>\n<meta name=\"robots\" content=\"index, follow, max-snippet:-1, max-image-preview:large, max-video-preview:-1\" \/>\n<link rel=\"canonical\" href=\"https:\/\/liberatorshop.eu\/es\/product\/liberator-es\/liberator-fascinator-throw\/\" \/>\n<meta property=\"og:locale\" content=\"es_ES\" \/>\n<meta property=\"og:type\" content=\"article\" \/>\n<meta property=\"og:title\" content=\"Liberator Fascinator Throw - Liberatorshop - Muebles sexuales y almohadas sexuales por descubrir\" \/>\n<meta property=\"og:description\" content=\"Descubra la combinaci\u00f3n definitiva de lujo y funcionalidad con Liberator Toscinator Throw, un complemento esencial para sus aventuras \u00edntimas. Esta elegante alfombra no s\u00f3lo es un complemento elegante para tu dormitorio o sal\u00f3n, sino que tambi\u00e9n ofrece una soluci\u00f3n pr\u00e1ctica para proteger tus muebles de las manchas y la humedad durante tus momentos m\u00e1s apasionantes.\" \/>\n<meta property=\"og:url\" content=\"https:\/\/liberatorshop.eu\/es\/product\/liberator-es\/liberator-fascinator-throw\/\" \/>\n<meta property=\"og:site_name\" content=\"Liberatorshop - Muebles sexuales y almohadas sexuales por descubrir\" \/>\n<meta property=\"article:modified_time\" content=\"2026-03-01T18:53:53+00:00\" \/>\n<meta property=\"og:image\" content=\"https:\/\/liberatorshop.eu\/wp-content\/uploads\/2020\/09\/Liberator-Fascinator-Throw-Velvish-Merlot.jpg\" \/>\n\t<meta property=\"og:image:width\" content=\"1400\" \/>\n\t<meta property=\"og:image:height\" content=\"848\" \/>\n\t<meta property=\"og:image:type\" content=\"image\/jpeg\" \/>\n<meta name=\"twitter:card\" content=\"summary_large_image\" \/>\n<meta name=\"twitter:label1\" content=\"Tiempo de lectura\" \/>\n\t<meta name=\"twitter:data1\" content=\"2 minutos\" \/>\n<script type=\"application\/ld+json\" class=\"yoast-schema-graph\">{\"@context\":\"https:\\\/\\\/schema.org\",\"@graph\":[{\"@type\":\"WebPage\",\"@id\":\"https:\\\/\\\/liberatorshop.eu\\\/es\\\/product\\\/liberator-es\\\/liberator-fascinator-throw\\\/\",\"url\":\"https:\\\/\\\/liberatorshop.eu\\\/es\\\/product\\\/liberator-es\\\/liberator-fascinator-throw\\\/\",\"name\":\"Liberator Fascinator Throw - Liberatorshop - Muebles sexuales y almohadas sexuales por descubrir\",\"isPartOf\":{\"@id\":\"https:\\\/\\\/liberatorshop.eu\\\/es\\\/#website\"},\"primaryImageOfPage\":{\"@id\":\"https:\\\/\\\/liberatorshop.eu\\\/es\\\/product\\\/liberator-es\\\/liberator-fascinator-throw\\\/#primaryimage\"},\"image\":{\"@id\":\"https:\\\/\\\/liberatorshop.eu\\\/es\\\/product\\\/liberator-es\\\/liberator-fascinator-throw\\\/#primaryimage\"},\"thumbnailUrl\":\"https:\\\/\\\/liberatorshop.eu\\\/wp-content\\\/uploads\\\/2020\\\/09\\\/Liberator-Fascinator-Throw-Velvish-Merlot.jpg\",\"datePublished\":\"2020-09-20T17:18:30+00:00\",\"dateModified\":\"2026-03-01T18:53:53+00:00\",\"description\":\"Descubra la combinaci\u00f3n definitiva de lujo y funcionalidad con Liberator Toscinator Throw, un complemento esencial para sus aventuras \u00edntimas. Esta elegante alfombra no s\u00f3lo es un complemento elegante para tu dormitorio o sal\u00f3n, sino que tambi\u00e9n ofrece una soluci\u00f3n pr\u00e1ctica para proteger tus muebles de las manchas y la humedad durante tus momentos m\u00e1s apasionantes.\",\"breadcrumb\":{\"@id\":\"https:\\\/\\\/liberatorshop.eu\\\/es\\\/product\\\/liberator-es\\\/liberator-fascinator-throw\\\/#breadcrumb\"},\"inLanguage\":\"es\",\"potentialAction\":[{\"@type\":\"ReadAction\",\"target\":[\"https:\\\/\\\/liberatorshop.eu\\\/es\\\/product\\\/liberator-es\\\/liberator-fascinator-throw\\\/\"]}]},{\"@type\":\"ImageObject\",\"inLanguage\":\"es\",\"@id\":\"https:\\\/\\\/liberatorshop.eu\\\/es\\\/product\\\/liberator-es\\\/liberator-fascinator-throw\\\/#primaryimage\",\"url\":\"https:\\\/\\\/liberatorshop.eu\\\/wp-content\\\/uploads\\\/2020\\\/09\\\/Liberator-Fascinator-Throw-Velvish-Merlot.jpg\",\"contentUrl\":\"https:\\\/\\\/liberatorshop.eu\\\/wp-content\\\/uploads\\\/2020\\\/09\\\/Liberator-Fascinator-Throw-Velvish-Merlot.jpg\",\"width\":1400,\"height\":848},{\"@type\":\"BreadcrumbList\",\"@id\":\"https:\\\/\\\/liberatorshop.eu\\\/es\\\/product\\\/liberator-es\\\/liberator-fascinator-throw\\\/#breadcrumb\",\"itemListElement\":[{\"@type\":\"ListItem\",\"position\":1,\"name\":\"Home\",\"item\":\"https:\\\/\\\/liberatorshop.eu\\\/es\\\/\"},{\"@type\":\"ListItem\",\"position\":2,\"name\":\"Comienzo\",\"item\":\"https:\\\/\\\/liberatorshop.eu\\\/es\\\/\"},{\"@type\":\"ListItem\",\"position\":3,\"name\":\"Liberator Fascinator Throw\"}]},{\"@type\":\"WebSite\",\"@id\":\"https:\\\/\\\/liberatorshop.eu\\\/es\\\/#website\",\"url\":\"https:\\\/\\\/liberatorshop.eu\\\/es\\\/\",\"name\":\"Liberatorshop.eu\",\"description\":\"Liberatorshop - Love All Ways\",\"publisher\":{\"@id\":\"https:\\\/\\\/liberatorshop.eu\\\/es\\\/#organization\"},\"potentialAction\":[{\"@type\":\"SearchAction\",\"target\":{\"@type\":\"EntryPoint\",\"urlTemplate\":\"https:\\\/\\\/liberatorshop.eu\\\/es\\\/?s={search_term_string}\"},\"query-input\":{\"@type\":\"PropertyValueSpecification\",\"valueRequired\":true,\"valueName\":\"search_term_string\"}}],\"inLanguage\":\"es\"},{\"@type\":\"Organization\",\"@id\":\"https:\\\/\\\/liberatorshop.eu\\\/es\\\/#organization\",\"name\":\"Liberatorshop\",\"url\":\"https:\\\/\\\/liberatorshop.eu\\\/es\\\/\",\"logo\":{\"@type\":\"ImageObject\",\"inLanguage\":\"es\",\"@id\":\"https:\\\/\\\/liberatorshop.eu\\\/es\\\/#\\\/schema\\\/logo\\\/image\\\/\",\"url\":\"https:\\\/\\\/liberatorshop.eu\\\/wp-content\\\/uploads\\\/2023\\\/09\\\/flip-ramp-EXAMPLES-1500-x-500-px.png\",\"contentUrl\":\"https:\\\/\\\/liberatorshop.eu\\\/wp-content\\\/uploads\\\/2023\\\/09\\\/flip-ramp-EXAMPLES-1500-x-500-px.png\",\"width\":2560,\"height\":854,\"caption\":\"Liberatorshop\"},\"image\":{\"@id\":\"https:\\\/\\\/liberatorshop.eu\\\/es\\\/#\\\/schema\\\/logo\\\/image\\\/\"}}]}<\/script>\n<!-- \/ Yoast SEO plugin. -->","yoast_head_json":{"title":"Liberator Fascinator Throw - Liberatorshop - Muebles sexuales y almohadas sexuales por descubrir","description":"Descubra la combinaci\u00f3n definitiva de lujo y funcionalidad con Liberator Toscinator Throw, un complemento esencial para sus aventuras \u00edntimas. Esta elegante alfombra no s\u00f3lo es un complemento elegante para tu dormitorio o sal\u00f3n, sino que tambi\u00e9n ofrece una soluci\u00f3n pr\u00e1ctica para proteger tus muebles de las manchas y la humedad durante tus momentos m\u00e1s apasionantes.","robots":{"index":"index","follow":"follow","max-snippet":"max-snippet:-1","max-image-preview":"max-image-preview:large","max-video-preview":"max-video-preview:-1"},"canonical":"https:\/\/liberatorshop.eu\/es\/product\/liberator-es\/liberator-fascinator-throw\/","og_locale":"es_ES","og_type":"article","og_title":"Liberator Fascinator Throw - Liberatorshop - Muebles sexuales y almohadas sexuales por descubrir","og_description":"Descubra la combinaci\u00f3n definitiva de lujo y funcionalidad con Liberator Toscinator Throw, un complemento esencial para sus aventuras \u00edntimas. Esta elegante alfombra no s\u00f3lo es un complemento elegante para tu dormitorio o sal\u00f3n, sino que tambi\u00e9n ofrece una soluci\u00f3n pr\u00e1ctica para proteger tus muebles de las manchas y la humedad durante tus momentos m\u00e1s apasionantes.","og_url":"https:\/\/liberatorshop.eu\/es\/product\/liberator-es\/liberator-fascinator-throw\/","og_site_name":"Liberatorshop - Muebles sexuales y almohadas sexuales por descubrir","article_modified_time":"2026-03-01T18:53:53+00:00","og_image":[{"width":1400,"height":848,"url":"https:\/\/liberatorshop.eu\/wp-content\/uploads\/2020\/09\/Liberator-Fascinator-Throw-Velvish-Merlot.jpg","type":"image\/jpeg"}],"twitter_card":"summary_large_image","twitter_misc":{"Tiempo de lectura":"2 minutos"},"schema":{"@context":"https:\/\/schema.org","@graph":[{"@type":"WebPage","@id":"https:\/\/liberatorshop.eu\/es\/product\/liberator-es\/liberator-fascinator-throw\/","url":"https:\/\/liberatorshop.eu\/es\/product\/liberator-es\/liberator-fascinator-throw\/","name":"Liberator Fascinator Throw - Liberatorshop - Muebles sexuales y almohadas sexuales por descubrir","isPartOf":{"@id":"https:\/\/liberatorshop.eu\/es\/#website"},"primaryImageOfPage":{"@id":"https:\/\/liberatorshop.eu\/es\/product\/liberator-es\/liberator-fascinator-throw\/#primaryimage"},"image":{"@id":"https:\/\/liberatorshop.eu\/es\/product\/liberator-es\/liberator-fascinator-throw\/#primaryimage"},"thumbnailUrl":"https:\/\/liberatorshop.eu\/wp-content\/uploads\/2020\/09\/Liberator-Fascinator-Throw-Velvish-Merlot.jpg","datePublished":"2020-09-20T17:18:30+00:00","dateModified":"2026-03-01T18:53:53+00:00","description":"Descubra la combinaci\u00f3n definitiva de lujo y funcionalidad con Liberator Toscinator Throw, un complemento esencial para sus aventuras \u00edntimas. Esta elegante alfombra no s\u00f3lo es un complemento elegante para tu dormitorio o sal\u00f3n, sino que tambi\u00e9n ofrece una soluci\u00f3n pr\u00e1ctica para proteger tus muebles de las manchas y la humedad durante tus momentos m\u00e1s apasionantes.","breadcrumb":{"@id":"https:\/\/liberatorshop.eu\/es\/product\/liberator-es\/liberator-fascinator-throw\/#breadcrumb"},"inLanguage":"es","potentialAction":[{"@type":"ReadAction","target":["https:\/\/liberatorshop.eu\/es\/product\/liberator-es\/liberator-fascinator-throw\/"]}]},{"@type":"ImageObject","inLanguage":"es","@id":"https:\/\/liberatorshop.eu\/es\/product\/liberator-es\/liberator-fascinator-throw\/#primaryimage","url":"https:\/\/liberatorshop.eu\/wp-content\/uploads\/2020\/09\/Liberator-Fascinator-Throw-Velvish-Merlot.jpg","contentUrl":"https:\/\/liberatorshop.eu\/wp-content\/uploads\/2020\/09\/Liberator-Fascinator-Throw-Velvish-Merlot.jpg","width":1400,"height":848},{"@type":"BreadcrumbList","@id":"https:\/\/liberatorshop.eu\/es\/product\/liberator-es\/liberator-fascinator-throw\/#breadcrumb","itemListElement":[{"@type":"ListItem","position":1,"name":"Home","item":"https:\/\/liberatorshop.eu\/es\/"},{"@type":"ListItem","position":2,"name":"Comienzo","item":"https:\/\/liberatorshop.eu\/es\/"},{"@type":"ListItem","position":3,"name":"Liberator Fascinator Throw"}]},{"@type":"WebSite","@id":"https:\/\/liberatorshop.eu\/es\/#website","url":"https:\/\/liberatorshop.eu\/es\/","name":"Liberatorshop.eu","description":"Liberatorshop - Love All Ways","publisher":{"@id":"https:\/\/liberatorshop.eu\/es\/#organization"},"potentialAction":[{"@type":"SearchAction","target":{"@type":"EntryPoint","urlTemplate":"https:\/\/liberatorshop.eu\/es\/?s={search_term_string}"},"query-input":{"@type":"PropertyValueSpecification","valueRequired":true,"valueName":"search_term_string"}}],"inLanguage":"es"},{"@type":"Organization","@id":"https:\/\/liberatorshop.eu\/es\/#organization","name":"Liberatorshop","url":"https:\/\/liberatorshop.eu\/es\/","logo":{"@type":"ImageObject","inLanguage":"es","@id":"https:\/\/liberatorshop.eu\/es\/#\/schema\/logo\/image\/","url":"https:\/\/liberatorshop.eu\/wp-content\/uploads\/2023\/09\/flip-ramp-EXAMPLES-1500-x-500-px.png","contentUrl":"https:\/\/liberatorshop.eu\/wp-content\/uploads\/2023\/09\/flip-ramp-EXAMPLES-1500-x-500-px.png","width":2560,"height":854,"caption":"Liberatorshop"},"image":{"@id":"https:\/\/liberatorshop.eu\/es\/#\/schema\/logo\/image\/"}}]}},"_links":{"self":[{"href":"https:\/\/liberatorshop.eu\/es\/wp-json\/wp\/v2\/product\/63068","targetHints":{"allow":["GET"]}}],"collection":[{"href":"https:\/\/liberatorshop.eu\/es\/wp-json\/wp\/v2\/product"}],"about":[{"href":"https:\/\/liberatorshop.eu\/es\/wp-json\/wp\/v2\/types\/product"}],"replies":[{"embeddable":true,"href":"https:\/\/liberatorshop.eu\/es\/wp-json\/wp\/v2\/comments?post=63068"}],"wp:featuredmedia":[{"embeddable":true,"href":"https:\/\/liberatorshop.eu\/es\/wp-json\/wp\/v2\/media\/32256"}],"wp:attachment":[{"href":"https:\/\/liberatorshop.eu\/es\/wp-json\/wp\/v2\/media?parent=63068"}],"wp:term":[{"taxonomy":"product_brand","embeddable":true,"href":"https:\/\/liberatorshop.eu\/es\/wp-json\/wp\/v2\/product_brand?post=63068"},{"taxonomy":"product_cat","embeddable":true,"href":"https:\/\/liberatorshop.eu\/es\/wp-json\/wp\/v2\/product_cat?post=63068"},{"taxonomy":"product_tag","embeddable":true,"href":"https:\/\/liberatorshop.eu\/es\/wp-json\/wp\/v2\/product_tag?post=63068"}],"curies":[{"name":"wp","href":"https:\/\/api.w.org\/{rel}","templated":true}]}}