{"id":64247,"date":"2020-09-20T12:45:50","date_gmt":"2020-09-20T11:45:50","guid":{"rendered":"https:\/\/liberatorshop.eu\/winkel\/sin%20categor\u00eda\/liberator-bonbon-sex-toy-mount\/"},"modified":"2024-11-20T08:56:35","modified_gmt":"2024-11-20T07:56:35","slug":"liberator-bonbon-sex-toy-mount","status":"publish","type":"product","link":"https:\/\/liberatorshop.eu\/es\/product\/liberator-es\/liberator-bonbon-sex-toy-mount\/","title":{"rendered":"Liberator BonBon Sex Toy Mount"},"content":{"rendered":"<p>Sum\u00e9rgete en un mundo de placer incomparable con <strong>Liberator BonBon Sex Toy Mount<\/strong>, una pieza revolucionaria dentro de nuestra colecci\u00f3n de muebles sexuales dise\u00f1ada para llevar tus momentos m\u00e1s \u00edntimos al siguiente nivel. Esta elegante y discreta almohada sexual proporciona una base estable pero c\u00f3moda para tus juguetes sexuales favoritos, poniendo a tu alcance el placer de manos libres y posiciones ilimitadas.<\/p>\n<h3>Versatilidad y diversi\u00f3n<\/h3>\n<p>El Liberator BonBon es m\u00e1s que un simple soporte; es tu boleto a un nuevo mundo de placer. Su forma \u00fanica lo hace ideal tanto para aventuras en solitario como para juegos en pareja, ya que admite una amplia gama de posiciones sexuales y t\u00e9cnicas de estimulaci\u00f3n. Ya sea que explores con consoladores, vibradores u otros juguetes, BonBon proporciona el \u00e1ngulo perfecto para una m\u00e1xima satisfacci\u00f3n.<\/p>\n<h3>Discreto y elegante<\/h3>\n<p>Con su dise\u00f1o compacto y acabado elegante, BonBon es un complemento sutil para cualquier dormitorio. Cuando no est\u00e1 en uso, funciona como una elegante otomana o como un coj\u00edn decorativo que se integra perfectamente en su interior.<\/p>\n<h3>Comodidad y durabilidad<\/h3>\n<p>El BonBon est\u00e1 equipado con una lujosa funda de microfibra que no s\u00f3lo se siente suave sino que tambi\u00e9n es f\u00e1cil de limpiar. Debajo de la funda hay una espuma firme pero c\u00f3moda que brinda estabilidad sin sacrificar la comodidad.<\/p>\n<h3>Especificaciones:<\/h3>\n<ul>\n<li><strong>Dimensiones:<\/strong> Compacto y que ahorra espacio, ideal para cualquier hogar<\/li>\n<li><strong>Material:<\/strong> microfibra de alta calidad y espuma resistente para un uso duradero.<\/li>\n<li><strong>Mantenimiento:<\/strong> F\u00e1cil de mantener con una funda extra\u00edble y lavable.<\/li>\n<li><strong>Vers\u00e1til:<\/strong> Adecuado para una amplia gama de posiciones y juguetes sexuales.<\/li>\n<li><strong>Embalaje:<\/strong> Empaquetado discretamente para su privacidad<\/li>\n<li><strong>Disponibilidad:<\/strong> Env\u00edo mundial<\/li>\n<\/ul>\n<p>Desbloquee un nuevo nivel de placer y descubra las posibilidades vers\u00e1tiles que ofrece Liberator BonBon Sex Toy Mount. Este mueble sexual esencial es el complemento perfecto para tus aventuras \u00edntimas, haciendo que cada experiencia sea memorable e inolvidable.<\/p>\n<p>No olvide explorar <a href=\"https:\/\/liberatorshop.eu\/es\/categoria-producto-es\/liberator-es\/\" target=\"_new\" rel=\"noopener\">otros productos Liberator<\/a> para vivir una experiencia completa e inmersiva.<\/p>\n","protected":false},"excerpt":{"rendered":"<p>Sum\u00e9rgete en un mundo de placer incomparable con <strong>Liberator BonBon Sex Toy Mount<\/strong>, una pieza revolucionaria dentro de nuestra colecci\u00f3n de muebles sexuales dise\u00f1ada para llevar tus momentos m\u00e1s \u00edntimos al siguiente nivel. Esta elegante y discreta almohada sexual proporciona una base estable pero c\u00f3moda para tus juguetes sexuales favoritos, poniendo a tu alcance el placer de manos libres y posiciones ilimitadas.<\/p>\n","protected":false},"featured_media":32096,"comment_status":"open","ping_status":"closed","template":"","meta":[],"product_brand":[],"product_cat":[15760,16187],"product_tag":[16062,15859,15784,16063,15829,15858],"class_list":{"0":"post-64247","1":"product","2":"type-product","3":"status-publish","4":"has-post-thumbnail","6":"product_cat-liberator-es","7":"product_cat-los-mas-vendidos","8":"product_tag-almohada-sexual","9":"product_tag-estimulo","10":"product_tag-liberator-es","11":"product_tag-masajeador","12":"product_tag-negro","13":"product_tag-soporte-de-juguete","14":"product_shipping_class-envio-1-2-dias-laborables","16":"first","17":"instock","18":"sale","19":"taxable","20":"shipping-taxable","21":"purchasable","22":"product-type-variable"},"yoast_head":"<!-- This site is optimized with the Yoast SEO plugin v27.3 - https:\/\/yoast.com\/product\/yoast-seo-wordpress\/ -->\n<title>Liberator BonBon Sex Toy Mount - Liberatorshop - Muebles sexuales y almohadas sexuales por descubrir<\/title>\n<meta name=\"description\" content=\"Sum\u00e9rgete en un mundo de placer incomparable con Liberator BonBon Sex Toy Mount, una pieza revolucionaria dentro de nuestra colecci\u00f3n de muebles sexuales dise\u00f1ada para llevar tus momentos m\u00e1s \u00edntimos al siguiente nivel. Esta elegante y discreta almohada sexual proporciona una base estable pero c\u00f3moda para tus juguetes sexuales favoritos, poniendo a tu alcance el placer de manos libres y posiciones ilimitadas.\" \/>\n<meta name=\"robots\" content=\"index, follow, max-snippet:-1, max-image-preview:large, max-video-preview:-1\" \/>\n<link rel=\"canonical\" href=\"https:\/\/liberatorshop.eu\/es\/product\/liberator-es\/liberator-bonbon-sex-toy-mount\/\" \/>\n<meta property=\"og:locale\" content=\"es_ES\" \/>\n<meta property=\"og:type\" content=\"article\" \/>\n<meta property=\"og:title\" content=\"Liberator BonBon Sex Toy Mount - Liberatorshop - Muebles sexuales y almohadas sexuales por descubrir\" \/>\n<meta property=\"og:description\" content=\"Sum\u00e9rgete en un mundo de placer incomparable con Liberator BonBon Sex Toy Mount, una pieza revolucionaria dentro de nuestra colecci\u00f3n de muebles sexuales dise\u00f1ada para llevar tus momentos m\u00e1s \u00edntimos al siguiente nivel. Esta elegante y discreta almohada sexual proporciona una base estable pero c\u00f3moda para tus juguetes sexuales favoritos, poniendo a tu alcance el placer de manos libres y posiciones ilimitadas.\" \/>\n<meta property=\"og:url\" content=\"https:\/\/liberatorshop.eu\/es\/product\/liberator-es\/liberator-bonbon-sex-toy-mount\/\" \/>\n<meta property=\"og:site_name\" content=\"Liberatorshop - Muebles sexuales y almohadas sexuales por descubrir\" \/>\n<meta property=\"article:modified_time\" content=\"2024-11-20T07:56:35+00:00\" \/>\n<meta property=\"og:image\" content=\"https:\/\/liberatorshop.eu\/wp-content\/uploads\/2020\/09\/Liberator-BonBon-Sex-Toy-Mount-01.jpg\" \/>\n\t<meta property=\"og:image:width\" content=\"1400\" \/>\n\t<meta property=\"og:image:height\" content=\"848\" \/>\n\t<meta property=\"og:image:type\" content=\"image\/jpeg\" \/>\n<meta name=\"twitter:card\" content=\"summary_large_image\" \/>\n<meta name=\"twitter:label1\" content=\"Tiempo de lectura\" \/>\n\t<meta name=\"twitter:data1\" content=\"2 minutos\" \/>\n<script type=\"application\/ld+json\" class=\"yoast-schema-graph\">{\"@context\":\"https:\\\/\\\/schema.org\",\"@graph\":[{\"@type\":\"WebPage\",\"@id\":\"https:\\\/\\\/liberatorshop.eu\\\/es\\\/product\\\/liberator-es\\\/liberator-bonbon-sex-toy-mount\\\/\",\"url\":\"https:\\\/\\\/liberatorshop.eu\\\/es\\\/product\\\/liberator-es\\\/liberator-bonbon-sex-toy-mount\\\/\",\"name\":\"Liberator BonBon Sex Toy Mount - Liberatorshop - Muebles sexuales y almohadas sexuales por descubrir\",\"isPartOf\":{\"@id\":\"https:\\\/\\\/liberatorshop.eu\\\/es\\\/#website\"},\"primaryImageOfPage\":{\"@id\":\"https:\\\/\\\/liberatorshop.eu\\\/es\\\/product\\\/liberator-es\\\/liberator-bonbon-sex-toy-mount\\\/#primaryimage\"},\"image\":{\"@id\":\"https:\\\/\\\/liberatorshop.eu\\\/es\\\/product\\\/liberator-es\\\/liberator-bonbon-sex-toy-mount\\\/#primaryimage\"},\"thumbnailUrl\":\"https:\\\/\\\/liberatorshop.eu\\\/wp-content\\\/uploads\\\/2020\\\/09\\\/Liberator-BonBon-Sex-Toy-Mount-01.jpg\",\"datePublished\":\"2020-09-20T11:45:50+00:00\",\"dateModified\":\"2024-11-20T07:56:35+00:00\",\"description\":\"Sum\u00e9rgete en un mundo de placer incomparable con Liberator BonBon Sex Toy Mount, una pieza revolucionaria dentro de nuestra colecci\u00f3n de muebles sexuales dise\u00f1ada para llevar tus momentos m\u00e1s \u00edntimos al siguiente nivel. Esta elegante y discreta almohada sexual proporciona una base estable pero c\u00f3moda para tus juguetes sexuales favoritos, poniendo a tu alcance el placer de manos libres y posiciones ilimitadas.\",\"breadcrumb\":{\"@id\":\"https:\\\/\\\/liberatorshop.eu\\\/es\\\/product\\\/liberator-es\\\/liberator-bonbon-sex-toy-mount\\\/#breadcrumb\"},\"inLanguage\":\"es\",\"potentialAction\":[{\"@type\":\"ReadAction\",\"target\":[\"https:\\\/\\\/liberatorshop.eu\\\/es\\\/product\\\/liberator-es\\\/liberator-bonbon-sex-toy-mount\\\/\"]}]},{\"@type\":\"ImageObject\",\"inLanguage\":\"es\",\"@id\":\"https:\\\/\\\/liberatorshop.eu\\\/es\\\/product\\\/liberator-es\\\/liberator-bonbon-sex-toy-mount\\\/#primaryimage\",\"url\":\"https:\\\/\\\/liberatorshop.eu\\\/wp-content\\\/uploads\\\/2020\\\/09\\\/Liberator-BonBon-Sex-Toy-Mount-01.jpg\",\"contentUrl\":\"https:\\\/\\\/liberatorshop.eu\\\/wp-content\\\/uploads\\\/2020\\\/09\\\/Liberator-BonBon-Sex-Toy-Mount-01.jpg\",\"width\":1400,\"height\":848},{\"@type\":\"BreadcrumbList\",\"@id\":\"https:\\\/\\\/liberatorshop.eu\\\/es\\\/product\\\/liberator-es\\\/liberator-bonbon-sex-toy-mount\\\/#breadcrumb\",\"itemListElement\":[{\"@type\":\"ListItem\",\"position\":1,\"name\":\"Home\",\"item\":\"https:\\\/\\\/liberatorshop.eu\\\/es\\\/\"},{\"@type\":\"ListItem\",\"position\":2,\"name\":\"Comienzo\",\"item\":\"https:\\\/\\\/liberatorshop.eu\\\/es\\\/\"},{\"@type\":\"ListItem\",\"position\":3,\"name\":\"Liberator BonBon Sex Toy Mount\"}]},{\"@type\":\"WebSite\",\"@id\":\"https:\\\/\\\/liberatorshop.eu\\\/es\\\/#website\",\"url\":\"https:\\\/\\\/liberatorshop.eu\\\/es\\\/\",\"name\":\"Liberatorshop.eu\",\"description\":\"Liberatorshop - Love All Ways\",\"publisher\":{\"@id\":\"https:\\\/\\\/liberatorshop.eu\\\/es\\\/#organization\"},\"potentialAction\":[{\"@type\":\"SearchAction\",\"target\":{\"@type\":\"EntryPoint\",\"urlTemplate\":\"https:\\\/\\\/liberatorshop.eu\\\/es\\\/?s={search_term_string}\"},\"query-input\":{\"@type\":\"PropertyValueSpecification\",\"valueRequired\":true,\"valueName\":\"search_term_string\"}}],\"inLanguage\":\"es\"},{\"@type\":\"Organization\",\"@id\":\"https:\\\/\\\/liberatorshop.eu\\\/es\\\/#organization\",\"name\":\"Liberatorshop\",\"url\":\"https:\\\/\\\/liberatorshop.eu\\\/es\\\/\",\"logo\":{\"@type\":\"ImageObject\",\"inLanguage\":\"es\",\"@id\":\"https:\\\/\\\/liberatorshop.eu\\\/es\\\/#\\\/schema\\\/logo\\\/image\\\/\",\"url\":\"https:\\\/\\\/liberatorshop.eu\\\/wp-content\\\/uploads\\\/2023\\\/09\\\/flip-ramp-EXAMPLES-1500-x-500-px.png\",\"contentUrl\":\"https:\\\/\\\/liberatorshop.eu\\\/wp-content\\\/uploads\\\/2023\\\/09\\\/flip-ramp-EXAMPLES-1500-x-500-px.png\",\"width\":2560,\"height\":854,\"caption\":\"Liberatorshop\"},\"image\":{\"@id\":\"https:\\\/\\\/liberatorshop.eu\\\/es\\\/#\\\/schema\\\/logo\\\/image\\\/\"}}]}<\/script>\n<!-- \/ Yoast SEO plugin. -->","yoast_head_json":{"title":"Liberator BonBon Sex Toy Mount - Liberatorshop - Muebles sexuales y almohadas sexuales por descubrir","description":"Sum\u00e9rgete en un mundo de placer incomparable con Liberator BonBon Sex Toy Mount, una pieza revolucionaria dentro de nuestra colecci\u00f3n de muebles sexuales dise\u00f1ada para llevar tus momentos m\u00e1s \u00edntimos al siguiente nivel. Esta elegante y discreta almohada sexual proporciona una base estable pero c\u00f3moda para tus juguetes sexuales favoritos, poniendo a tu alcance el placer de manos libres y posiciones ilimitadas.","robots":{"index":"index","follow":"follow","max-snippet":"max-snippet:-1","max-image-preview":"max-image-preview:large","max-video-preview":"max-video-preview:-1"},"canonical":"https:\/\/liberatorshop.eu\/es\/product\/liberator-es\/liberator-bonbon-sex-toy-mount\/","og_locale":"es_ES","og_type":"article","og_title":"Liberator BonBon Sex Toy Mount - Liberatorshop - Muebles sexuales y almohadas sexuales por descubrir","og_description":"Sum\u00e9rgete en un mundo de placer incomparable con Liberator BonBon Sex Toy Mount, una pieza revolucionaria dentro de nuestra colecci\u00f3n de muebles sexuales dise\u00f1ada para llevar tus momentos m\u00e1s \u00edntimos al siguiente nivel. Esta elegante y discreta almohada sexual proporciona una base estable pero c\u00f3moda para tus juguetes sexuales favoritos, poniendo a tu alcance el placer de manos libres y posiciones ilimitadas.","og_url":"https:\/\/liberatorshop.eu\/es\/product\/liberator-es\/liberator-bonbon-sex-toy-mount\/","og_site_name":"Liberatorshop - Muebles sexuales y almohadas sexuales por descubrir","article_modified_time":"2024-11-20T07:56:35+00:00","og_image":[{"width":1400,"height":848,"url":"https:\/\/liberatorshop.eu\/wp-content\/uploads\/2020\/09\/Liberator-BonBon-Sex-Toy-Mount-01.jpg","type":"image\/jpeg"}],"twitter_card":"summary_large_image","twitter_misc":{"Tiempo de lectura":"2 minutos"},"schema":{"@context":"https:\/\/schema.org","@graph":[{"@type":"WebPage","@id":"https:\/\/liberatorshop.eu\/es\/product\/liberator-es\/liberator-bonbon-sex-toy-mount\/","url":"https:\/\/liberatorshop.eu\/es\/product\/liberator-es\/liberator-bonbon-sex-toy-mount\/","name":"Liberator BonBon Sex Toy Mount - Liberatorshop - Muebles sexuales y almohadas sexuales por descubrir","isPartOf":{"@id":"https:\/\/liberatorshop.eu\/es\/#website"},"primaryImageOfPage":{"@id":"https:\/\/liberatorshop.eu\/es\/product\/liberator-es\/liberator-bonbon-sex-toy-mount\/#primaryimage"},"image":{"@id":"https:\/\/liberatorshop.eu\/es\/product\/liberator-es\/liberator-bonbon-sex-toy-mount\/#primaryimage"},"thumbnailUrl":"https:\/\/liberatorshop.eu\/wp-content\/uploads\/2020\/09\/Liberator-BonBon-Sex-Toy-Mount-01.jpg","datePublished":"2020-09-20T11:45:50+00:00","dateModified":"2024-11-20T07:56:35+00:00","description":"Sum\u00e9rgete en un mundo de placer incomparable con Liberator BonBon Sex Toy Mount, una pieza revolucionaria dentro de nuestra colecci\u00f3n de muebles sexuales dise\u00f1ada para llevar tus momentos m\u00e1s \u00edntimos al siguiente nivel. Esta elegante y discreta almohada sexual proporciona una base estable pero c\u00f3moda para tus juguetes sexuales favoritos, poniendo a tu alcance el placer de manos libres y posiciones ilimitadas.","breadcrumb":{"@id":"https:\/\/liberatorshop.eu\/es\/product\/liberator-es\/liberator-bonbon-sex-toy-mount\/#breadcrumb"},"inLanguage":"es","potentialAction":[{"@type":"ReadAction","target":["https:\/\/liberatorshop.eu\/es\/product\/liberator-es\/liberator-bonbon-sex-toy-mount\/"]}]},{"@type":"ImageObject","inLanguage":"es","@id":"https:\/\/liberatorshop.eu\/es\/product\/liberator-es\/liberator-bonbon-sex-toy-mount\/#primaryimage","url":"https:\/\/liberatorshop.eu\/wp-content\/uploads\/2020\/09\/Liberator-BonBon-Sex-Toy-Mount-01.jpg","contentUrl":"https:\/\/liberatorshop.eu\/wp-content\/uploads\/2020\/09\/Liberator-BonBon-Sex-Toy-Mount-01.jpg","width":1400,"height":848},{"@type":"BreadcrumbList","@id":"https:\/\/liberatorshop.eu\/es\/product\/liberator-es\/liberator-bonbon-sex-toy-mount\/#breadcrumb","itemListElement":[{"@type":"ListItem","position":1,"name":"Home","item":"https:\/\/liberatorshop.eu\/es\/"},{"@type":"ListItem","position":2,"name":"Comienzo","item":"https:\/\/liberatorshop.eu\/es\/"},{"@type":"ListItem","position":3,"name":"Liberator BonBon Sex Toy Mount"}]},{"@type":"WebSite","@id":"https:\/\/liberatorshop.eu\/es\/#website","url":"https:\/\/liberatorshop.eu\/es\/","name":"Liberatorshop.eu","description":"Liberatorshop - Love All Ways","publisher":{"@id":"https:\/\/liberatorshop.eu\/es\/#organization"},"potentialAction":[{"@type":"SearchAction","target":{"@type":"EntryPoint","urlTemplate":"https:\/\/liberatorshop.eu\/es\/?s={search_term_string}"},"query-input":{"@type":"PropertyValueSpecification","valueRequired":true,"valueName":"search_term_string"}}],"inLanguage":"es"},{"@type":"Organization","@id":"https:\/\/liberatorshop.eu\/es\/#organization","name":"Liberatorshop","url":"https:\/\/liberatorshop.eu\/es\/","logo":{"@type":"ImageObject","inLanguage":"es","@id":"https:\/\/liberatorshop.eu\/es\/#\/schema\/logo\/image\/","url":"https:\/\/liberatorshop.eu\/wp-content\/uploads\/2023\/09\/flip-ramp-EXAMPLES-1500-x-500-px.png","contentUrl":"https:\/\/liberatorshop.eu\/wp-content\/uploads\/2023\/09\/flip-ramp-EXAMPLES-1500-x-500-px.png","width":2560,"height":854,"caption":"Liberatorshop"},"image":{"@id":"https:\/\/liberatorshop.eu\/es\/#\/schema\/logo\/image\/"}}]}},"_links":{"self":[{"href":"https:\/\/liberatorshop.eu\/es\/wp-json\/wp\/v2\/product\/64247","targetHints":{"allow":["GET"]}}],"collection":[{"href":"https:\/\/liberatorshop.eu\/es\/wp-json\/wp\/v2\/product"}],"about":[{"href":"https:\/\/liberatorshop.eu\/es\/wp-json\/wp\/v2\/types\/product"}],"replies":[{"embeddable":true,"href":"https:\/\/liberatorshop.eu\/es\/wp-json\/wp\/v2\/comments?post=64247"}],"wp:featuredmedia":[{"embeddable":true,"href":"https:\/\/liberatorshop.eu\/es\/wp-json\/wp\/v2\/media\/32096"}],"wp:attachment":[{"href":"https:\/\/liberatorshop.eu\/es\/wp-json\/wp\/v2\/media?parent=64247"}],"wp:term":[{"taxonomy":"product_brand","embeddable":true,"href":"https:\/\/liberatorshop.eu\/es\/wp-json\/wp\/v2\/product_brand?post=64247"},{"taxonomy":"product_cat","embeddable":true,"href":"https:\/\/liberatorshop.eu\/es\/wp-json\/wp\/v2\/product_cat?post=64247"},{"taxonomy":"product_tag","embeddable":true,"href":"https:\/\/liberatorshop.eu\/es\/wp-json\/wp\/v2\/product_tag?post=64247"}],"curies":[{"name":"wp","href":"https:\/\/api.w.org\/{rel}","templated":true}]}}