{"id":64378,"date":"2020-09-20T12:09:51","date_gmt":"2020-09-20T11:09:51","guid":{"rendered":"https:\/\/liberatorshop.eu\/winkel\/sin%20categor\u00eda\/liberator-black-label-wedge-ramp-combo\/"},"modified":"2025-09-24T20:48:34","modified_gmt":"2025-09-24T19:48:34","slug":"liberator-black-label-wedge-ramp-combo","status":"publish","type":"product","link":"https:\/\/liberatorshop.eu\/es\/product\/los-mas-vendidos\/liberator-black-label-wedge-ramp-combo\/","title":{"rendered":"Liberator Black Label Wedge Ramp Combo"},"content":{"rendered":"<div class=\"flex-shrink-0 flex flex-col relative items-end\">\n<div>\n<div class=\"pt-0.5\">\n<div class=\"gizmo-shadow-stroke flex h-6 w-6 items-center justify-center overflow-hidden rounded-full\"><span style=\"color: #555555;\" data-text-color=\"primary\">Explora la m\u00e1xima fusi\u00f3n de pasi\u00f3n y lujo con el combo de rampa de cu\u00f1a Liberator Black Label, un elemento esencial en nuestra colecci\u00f3n de muebles sexuales. Dise\u00f1ado para parejas que desean explorar la profundidad de sus momentos \u00edntimos, este sofisticado par de almohadas sexuales promete una experiencia sin precedentes.<\/span><\/div>\n<\/div>\n<\/div>\n<\/div>\n<div class=\"relative flex w-full flex-col agent-turn\">\n<div class=\"font-semibold select-none\">\n<div class=\"flex-shrink-0 flex flex-col relative items-end\">\n<div class=\"pt-0.5\">\n<div class=\"gizmo-shadow-stroke flex h-6 w-6 items-center justify-center overflow-hidden rounded-full\">\n<div class=\"relative p-1 rounded-sm h-9 w-9 text-white flex items-center justify-center\">\n<div class=\"relative flex w-full flex-col agent-turn\">\n<div class=\"flex-col gap-1 md:gap-3\">\n<div class=\"flex flex-grow flex-col max-w-full\">\n<div class=\"min-h-[20px] text-message flex flex-col items-start gap-3 whitespace-pre-wrap break-words [.text-message+&amp;]:mt-5 text-token-text-tertiary overflow-x-auto\" data-message-author-role=\"assistant\" data-message-id=\"70c523f4-c16e-45c0-9c90-ba29411f86bf\">\n<div class=\"text-token-text-tertiary markdown prose w-full break-words dark:prose-invert dark\">\n<p><span data-text-color=\"primary\"><strong>Bondage suave con estilo<\/strong><\/span><br \/>\n<span data-text-color=\"primary\">Este set te invita a un suave bondage, donde el confort y la sensualidad se fusionan. Gracias a los conectores incorporados, ofrece una forma segura y c\u00f3moda de fortalecer el v\u00ednculo con tu pareja.<\/span><\/p>\n<p><span data-text-color=\"primary\"><strong>Placer sin l\u00edmites<\/strong><\/span><br \/>\n<span data-text-color=\"primary\">El dise\u00f1o ergon\u00f3mico de los cojines Wedge y Ramp optimiza la estimulaci\u00f3n del punto G y otras zonas er\u00f3genas. Descubre nuevas posiciones y haz de cada momento un viaje de descubrimiento.<\/span><\/p>\n<p><span data-text-color=\"primary\"><strong>Lujo y comodidad<\/strong><\/span><br \/>\n<span data-text-color=\"primary\">Adem\u00e1s del apoyo y la estimulaci\u00f3n, el conjunto destaca por su facilidad de uso. Las fundas son lavables y el embalaje discreto hace que el combo de rampa de cu\u00f1a Black Label sea un complemento elegante para cualquier dormitorio.<\/span><\/p>\n<p><span data-text-color=\"primary\"><strong>Especificaciones:<\/strong><\/span><\/p>\n<ul>\n<li><span data-text-color=\"primary\">Inclusief: 1 blinddoek en 1 set hand-\/voetboeien<\/span><\/li>\n<li><span data-text-color=\"primary\">Dimensiones: Cu\u00f1a (61&#215;35,5&#215;17,75 cm), Rampa (86,4x61x30,5 cm)<\/span><\/li>\n<\/ul>\n<p><span data-text-color=\"primary\"><strong>Descubra m\u00e1s:<\/strong> para inspiraci\u00f3n y nuevas posiciones, visite nuestro <a href=\"https:\/\/liberatorshop.eu\/category\/liberator-blogs-2\/\" target=\"_new\" rel=\"noopener\">blog de almohadas sexuales<\/a>.<\/span><\/p>\n<\/div>\n<\/div>\n<\/div>\n<\/div>\n<\/div>\n<\/div>\n<\/div>\n<\/div>\n<\/div>\n<\/div>\n<\/div>\n<p style=\"text-align: center;\"><span data-text-color=\"primary\"><strong>Posiciones para probar<\/strong><\/span><\/p>\n<p><img decoding=\"async\" class=\"size-full wp-image-32093 alignleft\" src=\"https:\/\/liberatorshop.eu\/wp-content\/uploads\/2020\/09\/Liberator-Black-Label-Wedge-Ramp-Combo-The-Sneaky-Snake.jpg\" alt=\"\" width=\"297\" height=\"180\"> <img decoding=\"async\" class=\"size-full wp-image-32092 alignleft\" src=\"https:\/\/liberatorshop.eu\/wp-content\/uploads\/2020\/09\/Liberator-Black-Label-Wedge-Ramp-Combo-Super-Doggy.jpg\" alt=\"\" width=\"297\" height=\"180\"> <img decoding=\"async\" class=\"size-full wp-image-32091 alignleft\" src=\"https:\/\/liberatorshop.eu\/wp-content\/uploads\/2020\/09\/Liberator-Black-Label-Wedge-Ramp-Combo-Rough-Rider.jpg\" alt=\"\" width=\"297\" height=\"180\"> <img decoding=\"async\" class=\"size-full wp-image-32090 alignleft\" src=\"https:\/\/liberatorshop.eu\/wp-content\/uploads\/2020\/09\/Liberator-Black-Label-Wedge-Ramp-Combo-Power-Play.jpg\" alt=\"\" width=\"297\" height=\"180\"> <img decoding=\"async\" class=\"size-full wp-image-32089 alignleft\" src=\"https:\/\/liberatorshop.eu\/wp-content\/uploads\/2020\/09\/Liberator-Black-Label-Wedge-Ramp-Combo-Midnight-Watch.jpg\" alt=\"\" width=\"297\" height=\"180\"> <img decoding=\"async\" class=\"size-full wp-image-32088 alignleft\" src=\"https:\/\/liberatorshop.eu\/wp-content\/uploads\/2020\/09\/Liberator-Black-Label-Wedge-Ramp-Combo-Capture-the-Flag.jpg\" alt=\"\" width=\"297\" height=\"180\"><\/p>\n","protected":false},"excerpt":{"rendered":"<p><span style=\"color: #555555;\">Explora la m\u00e1xima fusi\u00f3n de pasi\u00f3n y lujo con el <strong>combo de rampa de cu\u00f1a Liberator Black Label<\/strong>, un elemento esencial en nuestra colecci\u00f3n de muebles sexuales. Dise\u00f1ado para parejas que desean explorar la profundidad de sus momentos \u00edntimos, este sofisticado par de almohadas sexuales promete una experiencia sin precedentes.<\/span><\/p>\n","protected":false},"featured_media":64379,"comment_status":"open","ping_status":"closed","template":"","meta":[],"product_brand":[],"product_cat":[16190,16187,20937],"product_tag":[16079,16078,16076,15785,16077,15906],"class_list":{"0":"post-64378","1":"product","2":"type-product","3":"status-publish","4":"has-post-thumbnail","6":"product_cat-muebles-sexuales-liberator-black-label","7":"product_cat-los-mas-vendidos","8":"product_cat-liberator-ramps-es","9":"product_tag-almohadas-sexuales-es","10":"product_tag-atado","11":"product_tag-black-es","12":"product_tag-bondage-es","13":"product_tag-label-es","14":"product_tag-suave","15":"product_shipping_class-envio-1-2-dias-laborables","17":"first","18":"instock","19":"sale","20":"featured","21":"taxable","22":"shipping-taxable","23":"purchasable","24":"product-type-simple"},"yoast_head":"<!-- This site is optimized with the Yoast SEO plugin v27.4 - https:\/\/yoast.com\/product\/yoast-seo-wordpress\/ -->\n<title>Liberator Black Label Wedge Ramp Combo - Liberatorshop - Muebles sexuales y almohadas sexuales por descubrir<\/title>\n<meta name=\"description\" content=\"Explora la m\u00e1xima fusi\u00f3n de pasi\u00f3n y lujo con el combo de rampa de cu\u00f1a Liberator Black Label, un elemento esencial en nuestra colecci\u00f3n de muebles sexuales. Dise\u00f1ado para parejas que desean explorar la profundidad de sus momentos \u00edntimos, este sofisticado par de almohadas sexuales promete una experiencia sin precedentes.\" \/>\n<meta name=\"robots\" content=\"index, follow, max-snippet:-1, max-image-preview:large, max-video-preview:-1\" \/>\n<link rel=\"canonical\" href=\"https:\/\/liberatorshop.eu\/es\/product\/los-mas-vendidos\/liberator-black-label-wedge-ramp-combo\/\" \/>\n<meta property=\"og:locale\" content=\"es_ES\" \/>\n<meta property=\"og:type\" content=\"article\" \/>\n<meta property=\"og:title\" content=\"Liberator Black Label Wedge Ramp Combo - Liberatorshop - Muebles sexuales y almohadas sexuales por descubrir\" \/>\n<meta property=\"og:description\" content=\"Explora la m\u00e1xima fusi\u00f3n de pasi\u00f3n y lujo con el combo de rampa de cu\u00f1a Liberator Black Label, un elemento esencial en nuestra colecci\u00f3n de muebles sexuales. Dise\u00f1ado para parejas que desean explorar la profundidad de sus momentos \u00edntimos, este sofisticado par de almohadas sexuales promete una experiencia sin precedentes.\" \/>\n<meta property=\"og:url\" content=\"https:\/\/liberatorshop.eu\/es\/product\/los-mas-vendidos\/liberator-black-label-wedge-ramp-combo\/\" \/>\n<meta property=\"og:site_name\" content=\"Liberatorshop - Muebles sexuales y almohadas sexuales por descubrir\" \/>\n<meta property=\"article:modified_time\" content=\"2025-09-24T19:48:34+00:00\" \/>\n<meta property=\"og:image\" content=\"https:\/\/liberatorshop.eu\/wp-content\/uploads\/2020\/09\/Liberator-Black-Label-Wedge-Ramp-Combo-01.jpg\" \/>\n\t<meta property=\"og:image:width\" content=\"1400\" \/>\n\t<meta property=\"og:image:height\" content=\"848\" \/>\n\t<meta property=\"og:image:type\" content=\"image\/jpeg\" \/>\n<meta name=\"twitter:card\" content=\"summary_large_image\" \/>\n<meta name=\"twitter:label1\" content=\"Tiempo de lectura\" \/>\n\t<meta name=\"twitter:data1\" content=\"1 minuto\" \/>\n<script type=\"application\/ld+json\" class=\"yoast-schema-graph\">{\"@context\":\"https:\\\/\\\/schema.org\",\"@graph\":[{\"@type\":\"WebPage\",\"@id\":\"https:\\\/\\\/liberatorshop.eu\\\/es\\\/product\\\/los-mas-vendidos\\\/liberator-black-label-wedge-ramp-combo\\\/\",\"url\":\"https:\\\/\\\/liberatorshop.eu\\\/es\\\/product\\\/los-mas-vendidos\\\/liberator-black-label-wedge-ramp-combo\\\/\",\"name\":\"Liberator Black Label Wedge Ramp Combo - Liberatorshop - Muebles sexuales y almohadas sexuales por descubrir\",\"isPartOf\":{\"@id\":\"https:\\\/\\\/liberatorshop.eu\\\/es\\\/#website\"},\"primaryImageOfPage\":{\"@id\":\"https:\\\/\\\/liberatorshop.eu\\\/es\\\/product\\\/los-mas-vendidos\\\/liberator-black-label-wedge-ramp-combo\\\/#primaryimage\"},\"image\":{\"@id\":\"https:\\\/\\\/liberatorshop.eu\\\/es\\\/product\\\/los-mas-vendidos\\\/liberator-black-label-wedge-ramp-combo\\\/#primaryimage\"},\"thumbnailUrl\":\"https:\\\/\\\/liberatorshop.eu\\\/wp-content\\\/uploads\\\/2020\\\/09\\\/Liberator-Black-Label-Wedge-Ramp-Combo-01.jpg\",\"datePublished\":\"2020-09-20T11:09:51+00:00\",\"dateModified\":\"2025-09-24T19:48:34+00:00\",\"description\":\"Explora la m\u00e1xima fusi\u00f3n de pasi\u00f3n y lujo con el combo de rampa de cu\u00f1a Liberator Black Label, un elemento esencial en nuestra colecci\u00f3n de muebles sexuales. Dise\u00f1ado para parejas que desean explorar la profundidad de sus momentos \u00edntimos, este sofisticado par de almohadas sexuales promete una experiencia sin precedentes.\",\"breadcrumb\":{\"@id\":\"https:\\\/\\\/liberatorshop.eu\\\/es\\\/product\\\/los-mas-vendidos\\\/liberator-black-label-wedge-ramp-combo\\\/#breadcrumb\"},\"inLanguage\":\"es\",\"potentialAction\":[{\"@type\":\"ReadAction\",\"target\":[\"https:\\\/\\\/liberatorshop.eu\\\/es\\\/product\\\/los-mas-vendidos\\\/liberator-black-label-wedge-ramp-combo\\\/\"]}]},{\"@type\":\"ImageObject\",\"inLanguage\":\"es\",\"@id\":\"https:\\\/\\\/liberatorshop.eu\\\/es\\\/product\\\/los-mas-vendidos\\\/liberator-black-label-wedge-ramp-combo\\\/#primaryimage\",\"url\":\"https:\\\/\\\/liberatorshop.eu\\\/wp-content\\\/uploads\\\/2020\\\/09\\\/Liberator-Black-Label-Wedge-Ramp-Combo-01.jpg\",\"contentUrl\":\"https:\\\/\\\/liberatorshop.eu\\\/wp-content\\\/uploads\\\/2020\\\/09\\\/Liberator-Black-Label-Wedge-Ramp-Combo-01.jpg\",\"width\":1400,\"height\":848},{\"@type\":\"BreadcrumbList\",\"@id\":\"https:\\\/\\\/liberatorshop.eu\\\/es\\\/product\\\/los-mas-vendidos\\\/liberator-black-label-wedge-ramp-combo\\\/#breadcrumb\",\"itemListElement\":[{\"@type\":\"ListItem\",\"position\":1,\"name\":\"Home\",\"item\":\"https:\\\/\\\/liberatorshop.eu\\\/es\\\/\"},{\"@type\":\"ListItem\",\"position\":2,\"name\":\"Comienzo\",\"item\":\"https:\\\/\\\/liberatorshop.eu\\\/es\\\/\"},{\"@type\":\"ListItem\",\"position\":3,\"name\":\"Liberator Black Label Wedge Ramp Combo\"}]},{\"@type\":\"WebSite\",\"@id\":\"https:\\\/\\\/liberatorshop.eu\\\/es\\\/#website\",\"url\":\"https:\\\/\\\/liberatorshop.eu\\\/es\\\/\",\"name\":\"Liberatorshop.eu\",\"description\":\"Liberatorshop - Love All Ways\",\"publisher\":{\"@id\":\"https:\\\/\\\/liberatorshop.eu\\\/es\\\/#organization\"},\"potentialAction\":[{\"@type\":\"SearchAction\",\"target\":{\"@type\":\"EntryPoint\",\"urlTemplate\":\"https:\\\/\\\/liberatorshop.eu\\\/es\\\/?s={search_term_string}\"},\"query-input\":{\"@type\":\"PropertyValueSpecification\",\"valueRequired\":true,\"valueName\":\"search_term_string\"}}],\"inLanguage\":\"es\"},{\"@type\":\"Organization\",\"@id\":\"https:\\\/\\\/liberatorshop.eu\\\/es\\\/#organization\",\"name\":\"Liberatorshop\",\"url\":\"https:\\\/\\\/liberatorshop.eu\\\/es\\\/\",\"logo\":{\"@type\":\"ImageObject\",\"inLanguage\":\"es\",\"@id\":\"https:\\\/\\\/liberatorshop.eu\\\/es\\\/#\\\/schema\\\/logo\\\/image\\\/\",\"url\":\"https:\\\/\\\/liberatorshop.eu\\\/wp-content\\\/uploads\\\/2023\\\/09\\\/flip-ramp-EXAMPLES-1500-x-500-px.png\",\"contentUrl\":\"https:\\\/\\\/liberatorshop.eu\\\/wp-content\\\/uploads\\\/2023\\\/09\\\/flip-ramp-EXAMPLES-1500-x-500-px.png\",\"width\":2560,\"height\":854,\"caption\":\"Liberatorshop\"},\"image\":{\"@id\":\"https:\\\/\\\/liberatorshop.eu\\\/es\\\/#\\\/schema\\\/logo\\\/image\\\/\"}}]}<\/script>\n<!-- \/ Yoast SEO plugin. -->","yoast_head_json":{"title":"Liberator Black Label Wedge Ramp Combo - Liberatorshop - Muebles sexuales y almohadas sexuales por descubrir","description":"Explora la m\u00e1xima fusi\u00f3n de pasi\u00f3n y lujo con el combo de rampa de cu\u00f1a Liberator Black Label, un elemento esencial en nuestra colecci\u00f3n de muebles sexuales. Dise\u00f1ado para parejas que desean explorar la profundidad de sus momentos \u00edntimos, este sofisticado par de almohadas sexuales promete una experiencia sin precedentes.","robots":{"index":"index","follow":"follow","max-snippet":"max-snippet:-1","max-image-preview":"max-image-preview:large","max-video-preview":"max-video-preview:-1"},"canonical":"https:\/\/liberatorshop.eu\/es\/product\/los-mas-vendidos\/liberator-black-label-wedge-ramp-combo\/","og_locale":"es_ES","og_type":"article","og_title":"Liberator Black Label Wedge Ramp Combo - Liberatorshop - Muebles sexuales y almohadas sexuales por descubrir","og_description":"Explora la m\u00e1xima fusi\u00f3n de pasi\u00f3n y lujo con el combo de rampa de cu\u00f1a Liberator Black Label, un elemento esencial en nuestra colecci\u00f3n de muebles sexuales. Dise\u00f1ado para parejas que desean explorar la profundidad de sus momentos \u00edntimos, este sofisticado par de almohadas sexuales promete una experiencia sin precedentes.","og_url":"https:\/\/liberatorshop.eu\/es\/product\/los-mas-vendidos\/liberator-black-label-wedge-ramp-combo\/","og_site_name":"Liberatorshop - Muebles sexuales y almohadas sexuales por descubrir","article_modified_time":"2025-09-24T19:48:34+00:00","og_image":[{"width":1400,"height":848,"url":"https:\/\/liberatorshop.eu\/wp-content\/uploads\/2020\/09\/Liberator-Black-Label-Wedge-Ramp-Combo-01.jpg","type":"image\/jpeg"}],"twitter_card":"summary_large_image","twitter_misc":{"Tiempo de lectura":"1 minuto"},"schema":{"@context":"https:\/\/schema.org","@graph":[{"@type":"WebPage","@id":"https:\/\/liberatorshop.eu\/es\/product\/los-mas-vendidos\/liberator-black-label-wedge-ramp-combo\/","url":"https:\/\/liberatorshop.eu\/es\/product\/los-mas-vendidos\/liberator-black-label-wedge-ramp-combo\/","name":"Liberator Black Label Wedge Ramp Combo - Liberatorshop - Muebles sexuales y almohadas sexuales por descubrir","isPartOf":{"@id":"https:\/\/liberatorshop.eu\/es\/#website"},"primaryImageOfPage":{"@id":"https:\/\/liberatorshop.eu\/es\/product\/los-mas-vendidos\/liberator-black-label-wedge-ramp-combo\/#primaryimage"},"image":{"@id":"https:\/\/liberatorshop.eu\/es\/product\/los-mas-vendidos\/liberator-black-label-wedge-ramp-combo\/#primaryimage"},"thumbnailUrl":"https:\/\/liberatorshop.eu\/wp-content\/uploads\/2020\/09\/Liberator-Black-Label-Wedge-Ramp-Combo-01.jpg","datePublished":"2020-09-20T11:09:51+00:00","dateModified":"2025-09-24T19:48:34+00:00","description":"Explora la m\u00e1xima fusi\u00f3n de pasi\u00f3n y lujo con el combo de rampa de cu\u00f1a Liberator Black Label, un elemento esencial en nuestra colecci\u00f3n de muebles sexuales. Dise\u00f1ado para parejas que desean explorar la profundidad de sus momentos \u00edntimos, este sofisticado par de almohadas sexuales promete una experiencia sin precedentes.","breadcrumb":{"@id":"https:\/\/liberatorshop.eu\/es\/product\/los-mas-vendidos\/liberator-black-label-wedge-ramp-combo\/#breadcrumb"},"inLanguage":"es","potentialAction":[{"@type":"ReadAction","target":["https:\/\/liberatorshop.eu\/es\/product\/los-mas-vendidos\/liberator-black-label-wedge-ramp-combo\/"]}]},{"@type":"ImageObject","inLanguage":"es","@id":"https:\/\/liberatorshop.eu\/es\/product\/los-mas-vendidos\/liberator-black-label-wedge-ramp-combo\/#primaryimage","url":"https:\/\/liberatorshop.eu\/wp-content\/uploads\/2020\/09\/Liberator-Black-Label-Wedge-Ramp-Combo-01.jpg","contentUrl":"https:\/\/liberatorshop.eu\/wp-content\/uploads\/2020\/09\/Liberator-Black-Label-Wedge-Ramp-Combo-01.jpg","width":1400,"height":848},{"@type":"BreadcrumbList","@id":"https:\/\/liberatorshop.eu\/es\/product\/los-mas-vendidos\/liberator-black-label-wedge-ramp-combo\/#breadcrumb","itemListElement":[{"@type":"ListItem","position":1,"name":"Home","item":"https:\/\/liberatorshop.eu\/es\/"},{"@type":"ListItem","position":2,"name":"Comienzo","item":"https:\/\/liberatorshop.eu\/es\/"},{"@type":"ListItem","position":3,"name":"Liberator Black Label Wedge Ramp Combo"}]},{"@type":"WebSite","@id":"https:\/\/liberatorshop.eu\/es\/#website","url":"https:\/\/liberatorshop.eu\/es\/","name":"Liberatorshop.eu","description":"Liberatorshop - Love All Ways","publisher":{"@id":"https:\/\/liberatorshop.eu\/es\/#organization"},"potentialAction":[{"@type":"SearchAction","target":{"@type":"EntryPoint","urlTemplate":"https:\/\/liberatorshop.eu\/es\/?s={search_term_string}"},"query-input":{"@type":"PropertyValueSpecification","valueRequired":true,"valueName":"search_term_string"}}],"inLanguage":"es"},{"@type":"Organization","@id":"https:\/\/liberatorshop.eu\/es\/#organization","name":"Liberatorshop","url":"https:\/\/liberatorshop.eu\/es\/","logo":{"@type":"ImageObject","inLanguage":"es","@id":"https:\/\/liberatorshop.eu\/es\/#\/schema\/logo\/image\/","url":"https:\/\/liberatorshop.eu\/wp-content\/uploads\/2023\/09\/flip-ramp-EXAMPLES-1500-x-500-px.png","contentUrl":"https:\/\/liberatorshop.eu\/wp-content\/uploads\/2023\/09\/flip-ramp-EXAMPLES-1500-x-500-px.png","width":2560,"height":854,"caption":"Liberatorshop"},"image":{"@id":"https:\/\/liberatorshop.eu\/es\/#\/schema\/logo\/image\/"}}]}},"_links":{"self":[{"href":"https:\/\/liberatorshop.eu\/es\/wp-json\/wp\/v2\/product\/64378","targetHints":{"allow":["GET"]}}],"collection":[{"href":"https:\/\/liberatorshop.eu\/es\/wp-json\/wp\/v2\/product"}],"about":[{"href":"https:\/\/liberatorshop.eu\/es\/wp-json\/wp\/v2\/types\/product"}],"replies":[{"embeddable":true,"href":"https:\/\/liberatorshop.eu\/es\/wp-json\/wp\/v2\/comments?post=64378"}],"wp:featuredmedia":[{"embeddable":true,"href":"https:\/\/liberatorshop.eu\/es\/wp-json\/wp\/v2\/media\/64379"}],"wp:attachment":[{"href":"https:\/\/liberatorshop.eu\/es\/wp-json\/wp\/v2\/media?parent=64378"}],"wp:term":[{"taxonomy":"product_brand","embeddable":true,"href":"https:\/\/liberatorshop.eu\/es\/wp-json\/wp\/v2\/product_brand?post=64378"},{"taxonomy":"product_cat","embeddable":true,"href":"https:\/\/liberatorshop.eu\/es\/wp-json\/wp\/v2\/product_cat?post=64378"},{"taxonomy":"product_tag","embeddable":true,"href":"https:\/\/liberatorshop.eu\/es\/wp-json\/wp\/v2\/product_tag?post=64378"}],"curies":[{"name":"wp","href":"https:\/\/api.w.org\/{rel}","templated":true}]}}