{"id":65121,"date":"2020-09-20T09:34:04","date_gmt":"2020-09-20T08:34:04","guid":{"rendered":"https:\/\/liberatorshop.eu\/winkel\/sin%20categor\u00eda\/liberator-black-label-esse\/"},"modified":"2024-10-24T22:44:56","modified_gmt":"2024-10-24T21:44:56","slug":"liberator-black-label-esse","status":"publish","type":"product","link":"https:\/\/liberatorshop.eu\/es\/product\/los-mas-vendidos\/liberator-black-label-esse\/","title":{"rendered":"Liberator Black Label Esse"},"content":{"rendered":"<h3>Descubra Liberator Black Label Esse: una obra maestra en muebles sexuales<\/h3>\n<p>Sum\u00e9rgete en el mundo de Liberator Black Label Esse, el pin\u00e1culo del lujo dentro de nuestra gama de muebles sexuales. Este dise\u00f1o innovador une estilo con funcionalidad, estableciendo un nuevo est\u00e1ndar para experiencias \u00edntimas.<\/p>\n<h4>Innovaci\u00f3n en intimidad<\/h4>\n<p>El Black Label Esse, elemento clave de nuestra colecci\u00f3n, est\u00e1 dise\u00f1ado espec\u00edficamente para parejas que quieren enriquecer su intimidad. Combina la elegancia del dise\u00f1o moderno con la versatilidad necesaria para una experiencia sexual enriquecedora.<\/p>\n<h4>Posibilidades infinitas<\/h4>\n<p>Este vers\u00e1til mueble sexual te invita a explorar nuevos horizontes en la intimidad. Ya sea refinando posiciones favoritas o descubriendo nuevas formas de bondage suave, Esse brinda un soporte incomparable.<\/p>\n<h4>Ergonom\u00eda y Confort<\/h4>\n<p>Cada aspecto del Esse, desde las formas sensuales hasta la espuma de alta calidad, ha sido dise\u00f1ado pensando en la comodidad y el soporte. Esto garantiza que cada interacci\u00f3n sea satisfactoria y c\u00f3moda.<\/p>\n<p>Descubra c\u00f3mo Esse y otras piezas de nuestra <a href=\"https:\/\/liberatorshop.eu\/product_cat\/black-label\/\" target=\"_new\" rel=\"noopener\">colecci\u00f3n de almohadas sexuales<\/a> pueden profundizar su relaci\u00f3n. Visite tambi\u00e9n otros recursos como nuestro <a href=\"https:\/\/liberatorshop.eu\/category\/liberator-blogs-2\/\">blog<\/a> para obtener m\u00e1s inspiraci\u00f3n e informaci\u00f3n sobre los beneficios de los muebles sexuales.<\/p>\n<ul>\n<li><span style=\"color: #333333;\">Empaquetado discretamente<\/span><\/li>\n<li>Env\u00edo al mundo entero<\/li>\n<li>La funda de microfibra se puede lavar<\/li>\n<li>Incluye esposas y venda para los ojos.<\/li>\n<li>163 cm de largo, 61 cm de ancho y 61 cm de alto<\/li>\n<li>Anillos en D opcionales para usar con cuerdas o cintas<\/li>\n<\/ul>\n<p style=\"text-align: center;\"><strong>Posiciones para probar<\/strong><\/p>\n<p><img decoding=\"async\" class=\"size-full wp-image-32017 alignleft\" src=\"https:\/\/liberatorshop.eu\/wp-content\/uploads\/2020\/09\/Liberator-Black-Label-Esse-Taken-II.jpg\" alt=\"\" width=\"297\" height=\"180\"> <img decoding=\"async\" class=\"size-full wp-image-32016 alignleft\" src=\"https:\/\/liberatorshop.eu\/wp-content\/uploads\/2020\/09\/Liberator-Black-Label-Esse-Sure-Fire.jpg\" alt=\"\" width=\"297\" height=\"180\"> <img decoding=\"async\" class=\"size-full wp-image-32015 alignleft\" src=\"https:\/\/liberatorshop.eu\/wp-content\/uploads\/2020\/09\/Liberator-Black-Label-Esse-Sexy-Sherpa.jpg\" alt=\"\" width=\"297\" height=\"180\"> <img decoding=\"async\" class=\"size-full wp-image-32014 alignleft\" src=\"https:\/\/liberatorshop.eu\/wp-content\/uploads\/2020\/09\/Liberator-Black-Label-Esse-Seize-The-Night.jpg\" alt=\"\" width=\"297\" height=\"180\"> <img decoding=\"async\" class=\"size-full wp-image-32013 alignleft\" src=\"https:\/\/liberatorshop.eu\/wp-content\/uploads\/2020\/09\/Liberator-Black-Label-Esse-Secret-Admirer.jpg\" alt=\"\" width=\"297\" height=\"180\"> <img decoding=\"async\" class=\"size-full wp-image-32012 alignleft\" src=\"https:\/\/liberatorshop.eu\/wp-content\/uploads\/2020\/09\/Liberator-Black-Label-Esse-Rock-a-bye-Baby.jpg\" alt=\"\" width=\"297\" height=\"180\"> <img decoding=\"async\" class=\"size-full wp-image-32011 alignleft\" src=\"https:\/\/liberatorshop.eu\/wp-content\/uploads\/2020\/09\/Liberator-Black-Label-Esse-Pay-Day.jpg\" alt=\"\" width=\"297\" height=\"180\"> <img decoding=\"async\" class=\"size-full wp-image-32010 alignleft\" src=\"https:\/\/liberatorshop.eu\/wp-content\/uploads\/2020\/09\/Liberator-Black-Label-Esse-No-Holds-Barred.jpg\" alt=\"\" width=\"297\" height=\"180\"> <img decoding=\"async\" class=\"size-full wp-image-32009 alignleft\" src=\"https:\/\/liberatorshop.eu\/wp-content\/uploads\/2020\/09\/Liberator-Black-Label-Esse-Endless-Love.jpg\" alt=\"\" width=\"297\" height=\"180\"> <img decoding=\"async\" class=\"size-full wp-image-32008 alignleft\" src=\"https:\/\/liberatorshop.eu\/wp-content\/uploads\/2020\/09\/Liberator-Black-Label-Esse-Down-Boy.jpg\" alt=\"\" width=\"297\" height=\"180\"> <img decoding=\"async\" class=\"size-full wp-image-32007 alignleft\" src=\"https:\/\/liberatorshop.eu\/wp-content\/uploads\/2020\/09\/Liberator-Black-Label-Esse-Cats-Meow.jpg\" alt=\"\" width=\"297\" height=\"180\"> <img decoding=\"async\" class=\"size-full wp-image-32006 alignleft\" src=\"https:\/\/liberatorshop.eu\/wp-content\/uploads\/2020\/09\/Liberator-Black-Label-Esse-Bandwagon.jpg\" alt=\"\" width=\"297\" height=\"180\"><\/p>\n","protected":false},"excerpt":{"rendered":"<p>Sum\u00e9rgete en el mundo de <strong>Liberator Black Label Esse<\/strong>, el pin\u00e1culo del lujo dentro de nuestra gama de muebles sexuales. Este dise\u00f1o innovador une estilo con funcionalidad, estableciendo un nuevo est\u00e1ndar para experiencias \u00edntimas.<\/p>\n","protected":false},"featured_media":32002,"comment_status":"open","ping_status":"closed","template":"","meta":[],"product_brand":[],"product_cat":[16190,16187],"product_tag":[16089,15785,15973,16111,15784,15786,15821,15822,16109,16110,15906],"class_list":{"0":"post-65121","1":"product","2":"type-product","3":"status-publish","4":"has-post-thumbnail","6":"product_cat-muebles-sexuales-liberator-black-label","7":"product_cat-los-mas-vendidos","8":"product_tag-black-label-es","9":"product_tag-bondage-es","10":"product_tag-esse-es","11":"product_tag-hierros-para-las-piernas","12":"product_tag-liberator-es","13":"product_tag-posiciones","14":"product_tag-posiciones-sexuales","15":"product_tag-sex-es","16":"product_tag-silla","17":"product_tag-silla-de-esclavitud","18":"product_tag-suave","19":"product_shipping_class-envio-3-5-dias-laborables","21":"first","22":"instock","23":"taxable","24":"shipping-taxable","25":"purchasable","26":"product-type-simple"},"yoast_head":"<!-- This site is optimized with the Yoast SEO plugin v27.4 - https:\/\/yoast.com\/product\/yoast-seo-wordpress\/ -->\n<title>Liberator Black Label Esse - Liberatorshop - Muebles sexuales y almohadas sexuales por descubrir<\/title>\n<meta name=\"description\" content=\"Sum\u00e9rgete en el lujo con Liberator Black Label Esse, el pin\u00e1culo de los muebles sexuales. Descubra una intimidad y un confort infinitos. Explora m\u00e1s en nuestro sitio\u201d.\" \/>\n<meta name=\"robots\" content=\"index, follow, max-snippet:-1, max-image-preview:large, max-video-preview:-1\" \/>\n<link rel=\"canonical\" href=\"https:\/\/liberatorshop.eu\/es\/product\/los-mas-vendidos\/liberator-black-label-esse\/\" \/>\n<meta property=\"og:locale\" content=\"es_ES\" \/>\n<meta property=\"og:type\" content=\"article\" \/>\n<meta property=\"og:title\" content=\"Liberator Black Label Esse - Liberatorshop - Muebles sexuales y almohadas sexuales por descubrir\" \/>\n<meta property=\"og:description\" content=\"Sum\u00e9rgete en el lujo con Liberator Black Label Esse, el pin\u00e1culo de los muebles sexuales. Descubra una intimidad y un confort infinitos. Explora m\u00e1s en nuestro sitio\u201d.\" \/>\n<meta property=\"og:url\" content=\"https:\/\/liberatorshop.eu\/es\/product\/los-mas-vendidos\/liberator-black-label-esse\/\" \/>\n<meta property=\"og:site_name\" content=\"Liberatorshop - Muebles sexuales y almohadas sexuales por descubrir\" \/>\n<meta property=\"article:modified_time\" content=\"2024-10-24T21:44:56+00:00\" \/>\n<meta property=\"og:image\" content=\"https:\/\/liberatorshop.eu\/wp-content\/uploads\/2020\/09\/Liberator-Black-Label-Esse-01.jpg\" \/>\n\t<meta property=\"og:image:width\" content=\"1400\" \/>\n\t<meta property=\"og:image:height\" content=\"848\" \/>\n\t<meta property=\"og:image:type\" content=\"image\/jpeg\" \/>\n<meta name=\"twitter:card\" content=\"summary_large_image\" \/>\n<meta name=\"twitter:label1\" content=\"Tiempo de lectura\" \/>\n\t<meta name=\"twitter:data1\" content=\"1 minuto\" \/>\n<script type=\"application\/ld+json\" class=\"yoast-schema-graph\">{\"@context\":\"https:\\\/\\\/schema.org\",\"@graph\":[{\"@type\":\"WebPage\",\"@id\":\"https:\\\/\\\/liberatorshop.eu\\\/es\\\/product\\\/los-mas-vendidos\\\/liberator-black-label-esse\\\/\",\"url\":\"https:\\\/\\\/liberatorshop.eu\\\/es\\\/product\\\/los-mas-vendidos\\\/liberator-black-label-esse\\\/\",\"name\":\"Liberator Black Label Esse - Liberatorshop - Muebles sexuales y almohadas sexuales por descubrir\",\"isPartOf\":{\"@id\":\"https:\\\/\\\/liberatorshop.eu\\\/es\\\/#website\"},\"primaryImageOfPage\":{\"@id\":\"https:\\\/\\\/liberatorshop.eu\\\/es\\\/product\\\/los-mas-vendidos\\\/liberator-black-label-esse\\\/#primaryimage\"},\"image\":{\"@id\":\"https:\\\/\\\/liberatorshop.eu\\\/es\\\/product\\\/los-mas-vendidos\\\/liberator-black-label-esse\\\/#primaryimage\"},\"thumbnailUrl\":\"https:\\\/\\\/liberatorshop.eu\\\/wp-content\\\/uploads\\\/2020\\\/09\\\/Liberator-Black-Label-Esse-01.jpg\",\"datePublished\":\"2020-09-20T08:34:04+00:00\",\"dateModified\":\"2024-10-24T21:44:56+00:00\",\"description\":\"Sum\u00e9rgete en el lujo con Liberator Black Label Esse, el pin\u00e1culo de los muebles sexuales. Descubra una intimidad y un confort infinitos. Explora m\u00e1s en nuestro sitio\u201d.\",\"breadcrumb\":{\"@id\":\"https:\\\/\\\/liberatorshop.eu\\\/es\\\/product\\\/los-mas-vendidos\\\/liberator-black-label-esse\\\/#breadcrumb\"},\"inLanguage\":\"es\",\"potentialAction\":[{\"@type\":\"ReadAction\",\"target\":[\"https:\\\/\\\/liberatorshop.eu\\\/es\\\/product\\\/los-mas-vendidos\\\/liberator-black-label-esse\\\/\"]}]},{\"@type\":\"ImageObject\",\"inLanguage\":\"es\",\"@id\":\"https:\\\/\\\/liberatorshop.eu\\\/es\\\/product\\\/los-mas-vendidos\\\/liberator-black-label-esse\\\/#primaryimage\",\"url\":\"https:\\\/\\\/liberatorshop.eu\\\/wp-content\\\/uploads\\\/2020\\\/09\\\/Liberator-Black-Label-Esse-01.jpg\",\"contentUrl\":\"https:\\\/\\\/liberatorshop.eu\\\/wp-content\\\/uploads\\\/2020\\\/09\\\/Liberator-Black-Label-Esse-01.jpg\",\"width\":1400,\"height\":848,\"caption\":\"Liberator Black Label Esse - Luxueus seksmeubel\"},{\"@type\":\"BreadcrumbList\",\"@id\":\"https:\\\/\\\/liberatorshop.eu\\\/es\\\/product\\\/los-mas-vendidos\\\/liberator-black-label-esse\\\/#breadcrumb\",\"itemListElement\":[{\"@type\":\"ListItem\",\"position\":1,\"name\":\"Home\",\"item\":\"https:\\\/\\\/liberatorshop.eu\\\/es\\\/\"},{\"@type\":\"ListItem\",\"position\":2,\"name\":\"Comienzo\",\"item\":\"https:\\\/\\\/liberatorshop.eu\\\/es\\\/\"},{\"@type\":\"ListItem\",\"position\":3,\"name\":\"Liberator Black Label Esse\"}]},{\"@type\":\"WebSite\",\"@id\":\"https:\\\/\\\/liberatorshop.eu\\\/es\\\/#website\",\"url\":\"https:\\\/\\\/liberatorshop.eu\\\/es\\\/\",\"name\":\"Liberatorshop.eu\",\"description\":\"Liberatorshop - Love All Ways\",\"publisher\":{\"@id\":\"https:\\\/\\\/liberatorshop.eu\\\/es\\\/#organization\"},\"potentialAction\":[{\"@type\":\"SearchAction\",\"target\":{\"@type\":\"EntryPoint\",\"urlTemplate\":\"https:\\\/\\\/liberatorshop.eu\\\/es\\\/?s={search_term_string}\"},\"query-input\":{\"@type\":\"PropertyValueSpecification\",\"valueRequired\":true,\"valueName\":\"search_term_string\"}}],\"inLanguage\":\"es\"},{\"@type\":\"Organization\",\"@id\":\"https:\\\/\\\/liberatorshop.eu\\\/es\\\/#organization\",\"name\":\"Liberatorshop\",\"url\":\"https:\\\/\\\/liberatorshop.eu\\\/es\\\/\",\"logo\":{\"@type\":\"ImageObject\",\"inLanguage\":\"es\",\"@id\":\"https:\\\/\\\/liberatorshop.eu\\\/es\\\/#\\\/schema\\\/logo\\\/image\\\/\",\"url\":\"https:\\\/\\\/liberatorshop.eu\\\/wp-content\\\/uploads\\\/2023\\\/09\\\/flip-ramp-EXAMPLES-1500-x-500-px.png\",\"contentUrl\":\"https:\\\/\\\/liberatorshop.eu\\\/wp-content\\\/uploads\\\/2023\\\/09\\\/flip-ramp-EXAMPLES-1500-x-500-px.png\",\"width\":2560,\"height\":854,\"caption\":\"Liberatorshop\"},\"image\":{\"@id\":\"https:\\\/\\\/liberatorshop.eu\\\/es\\\/#\\\/schema\\\/logo\\\/image\\\/\"}}]}<\/script>\n<!-- \/ Yoast SEO plugin. -->","yoast_head_json":{"title":"Liberator Black Label Esse - Liberatorshop - Muebles sexuales y almohadas sexuales por descubrir","description":"Sum\u00e9rgete en el lujo con Liberator Black Label Esse, el pin\u00e1culo de los muebles sexuales. Descubra una intimidad y un confort infinitos. Explora m\u00e1s en nuestro sitio\u201d.","robots":{"index":"index","follow":"follow","max-snippet":"max-snippet:-1","max-image-preview":"max-image-preview:large","max-video-preview":"max-video-preview:-1"},"canonical":"https:\/\/liberatorshop.eu\/es\/product\/los-mas-vendidos\/liberator-black-label-esse\/","og_locale":"es_ES","og_type":"article","og_title":"Liberator Black Label Esse - Liberatorshop - Muebles sexuales y almohadas sexuales por descubrir","og_description":"Sum\u00e9rgete en el lujo con Liberator Black Label Esse, el pin\u00e1culo de los muebles sexuales. Descubra una intimidad y un confort infinitos. Explora m\u00e1s en nuestro sitio\u201d.","og_url":"https:\/\/liberatorshop.eu\/es\/product\/los-mas-vendidos\/liberator-black-label-esse\/","og_site_name":"Liberatorshop - Muebles sexuales y almohadas sexuales por descubrir","article_modified_time":"2024-10-24T21:44:56+00:00","og_image":[{"width":1400,"height":848,"url":"https:\/\/liberatorshop.eu\/wp-content\/uploads\/2020\/09\/Liberator-Black-Label-Esse-01.jpg","type":"image\/jpeg"}],"twitter_card":"summary_large_image","twitter_misc":{"Tiempo de lectura":"1 minuto"},"schema":{"@context":"https:\/\/schema.org","@graph":[{"@type":"WebPage","@id":"https:\/\/liberatorshop.eu\/es\/product\/los-mas-vendidos\/liberator-black-label-esse\/","url":"https:\/\/liberatorshop.eu\/es\/product\/los-mas-vendidos\/liberator-black-label-esse\/","name":"Liberator Black Label Esse - Liberatorshop - Muebles sexuales y almohadas sexuales por descubrir","isPartOf":{"@id":"https:\/\/liberatorshop.eu\/es\/#website"},"primaryImageOfPage":{"@id":"https:\/\/liberatorshop.eu\/es\/product\/los-mas-vendidos\/liberator-black-label-esse\/#primaryimage"},"image":{"@id":"https:\/\/liberatorshop.eu\/es\/product\/los-mas-vendidos\/liberator-black-label-esse\/#primaryimage"},"thumbnailUrl":"https:\/\/liberatorshop.eu\/wp-content\/uploads\/2020\/09\/Liberator-Black-Label-Esse-01.jpg","datePublished":"2020-09-20T08:34:04+00:00","dateModified":"2024-10-24T21:44:56+00:00","description":"Sum\u00e9rgete en el lujo con Liberator Black Label Esse, el pin\u00e1culo de los muebles sexuales. Descubra una intimidad y un confort infinitos. Explora m\u00e1s en nuestro sitio\u201d.","breadcrumb":{"@id":"https:\/\/liberatorshop.eu\/es\/product\/los-mas-vendidos\/liberator-black-label-esse\/#breadcrumb"},"inLanguage":"es","potentialAction":[{"@type":"ReadAction","target":["https:\/\/liberatorshop.eu\/es\/product\/los-mas-vendidos\/liberator-black-label-esse\/"]}]},{"@type":"ImageObject","inLanguage":"es","@id":"https:\/\/liberatorshop.eu\/es\/product\/los-mas-vendidos\/liberator-black-label-esse\/#primaryimage","url":"https:\/\/liberatorshop.eu\/wp-content\/uploads\/2020\/09\/Liberator-Black-Label-Esse-01.jpg","contentUrl":"https:\/\/liberatorshop.eu\/wp-content\/uploads\/2020\/09\/Liberator-Black-Label-Esse-01.jpg","width":1400,"height":848,"caption":"Liberator Black Label Esse - Luxueus seksmeubel"},{"@type":"BreadcrumbList","@id":"https:\/\/liberatorshop.eu\/es\/product\/los-mas-vendidos\/liberator-black-label-esse\/#breadcrumb","itemListElement":[{"@type":"ListItem","position":1,"name":"Home","item":"https:\/\/liberatorshop.eu\/es\/"},{"@type":"ListItem","position":2,"name":"Comienzo","item":"https:\/\/liberatorshop.eu\/es\/"},{"@type":"ListItem","position":3,"name":"Liberator Black Label Esse"}]},{"@type":"WebSite","@id":"https:\/\/liberatorshop.eu\/es\/#website","url":"https:\/\/liberatorshop.eu\/es\/","name":"Liberatorshop.eu","description":"Liberatorshop - Love All Ways","publisher":{"@id":"https:\/\/liberatorshop.eu\/es\/#organization"},"potentialAction":[{"@type":"SearchAction","target":{"@type":"EntryPoint","urlTemplate":"https:\/\/liberatorshop.eu\/es\/?s={search_term_string}"},"query-input":{"@type":"PropertyValueSpecification","valueRequired":true,"valueName":"search_term_string"}}],"inLanguage":"es"},{"@type":"Organization","@id":"https:\/\/liberatorshop.eu\/es\/#organization","name":"Liberatorshop","url":"https:\/\/liberatorshop.eu\/es\/","logo":{"@type":"ImageObject","inLanguage":"es","@id":"https:\/\/liberatorshop.eu\/es\/#\/schema\/logo\/image\/","url":"https:\/\/liberatorshop.eu\/wp-content\/uploads\/2023\/09\/flip-ramp-EXAMPLES-1500-x-500-px.png","contentUrl":"https:\/\/liberatorshop.eu\/wp-content\/uploads\/2023\/09\/flip-ramp-EXAMPLES-1500-x-500-px.png","width":2560,"height":854,"caption":"Liberatorshop"},"image":{"@id":"https:\/\/liberatorshop.eu\/es\/#\/schema\/logo\/image\/"}}]}},"_links":{"self":[{"href":"https:\/\/liberatorshop.eu\/es\/wp-json\/wp\/v2\/product\/65121","targetHints":{"allow":["GET"]}}],"collection":[{"href":"https:\/\/liberatorshop.eu\/es\/wp-json\/wp\/v2\/product"}],"about":[{"href":"https:\/\/liberatorshop.eu\/es\/wp-json\/wp\/v2\/types\/product"}],"replies":[{"embeddable":true,"href":"https:\/\/liberatorshop.eu\/es\/wp-json\/wp\/v2\/comments?post=65121"}],"wp:featuredmedia":[{"embeddable":true,"href":"https:\/\/liberatorshop.eu\/es\/wp-json\/wp\/v2\/media\/32002"}],"wp:attachment":[{"href":"https:\/\/liberatorshop.eu\/es\/wp-json\/wp\/v2\/media?parent=65121"}],"wp:term":[{"taxonomy":"product_brand","embeddable":true,"href":"https:\/\/liberatorshop.eu\/es\/wp-json\/wp\/v2\/product_brand?post=65121"},{"taxonomy":"product_cat","embeddable":true,"href":"https:\/\/liberatorshop.eu\/es\/wp-json\/wp\/v2\/product_cat?post=65121"},{"taxonomy":"product_tag","embeddable":true,"href":"https:\/\/liberatorshop.eu\/es\/wp-json\/wp\/v2\/product_tag?post=65121"}],"curies":[{"name":"wp","href":"https:\/\/api.w.org\/{rel}","templated":true}]}}