{"id":93305,"date":"2023-04-10T08:12:15","date_gmt":"2023-04-10T07:12:15","guid":{"rendered":"https:\/\/liberatorshop.eu\/product\/sin%20categor\u00eda\/liberator-center-stage\/"},"modified":"2024-10-21T06:59:56","modified_gmt":"2024-10-21T05:59:56","slug":"liberator-center-stage","status":"publish","type":"product","link":"https:\/\/liberatorshop.eu\/es\/product\/liberator-es\/liberator-center-stage\/","title":{"rendered":"Liberator Center Stage"},"content":{"rendered":"<p><strong>Experimente la intimidad como nunca antes con Liberator Center Stage<\/strong><\/p>\n<h3>Convierte tu dormitorio en un teatro sensual<\/h3>\n<p>Descubra el <strong>Liberator Center Stage<\/strong>, donde cada momento se convierte en una actuaci\u00f3n sensual. Esta plataforma es perfecta para parejas que desean m\u00e1s profundidad en su forma de hacer el amor. Desde masajes er\u00f3ticos hasta juegos excitantes, el Center Stage marca la pauta.<\/p>\n<h3>Comodidad y Conexi\u00f3n<\/h3>\n<p>Cada toque se vuelve m\u00e1s intenso gracias al ergon\u00f3mico Positioning Bolster. Esto proporciona apoyo cuando es necesario, hace accesibles nuevas posiciones y reduce la presi\u00f3n en la espalda. Explorar juntos nunca ha sido tan c\u00f3modo.<\/p>\n<h3>Lujo y Funcionalidad<\/h3>\n<p>Con su elegante imitaci\u00f3n de cuero y su resistente microfibra de nailon, Center Stage es una obra de arte duradera en su dormitorio. Es compatible con todos los lubricantes y f\u00e1cil de limpiar, para momentos \u00edntimos sin preocupaciones.<\/p>\n<h3>Sencillo y discreto<\/h3>\n<p>Despu\u00e9s de la pasi\u00f3n, puedes guardar f\u00e1cilmente el Center Stage. Cabe debajo de cualquier cama, listo para tu pr\u00f3xima aventura.<\/p>\n<p>A\u00f1ade m\u00e1s aventuras a tu vida amorosa con nuestra <a href=\"https:\/\/liberatorshop.eu\/product_cat\/liberator\/\" target=\"_new\" rel=\"noopener\">colecci\u00f3n completa de Liberator<\/a>.<\/p>\n<h3>Lleva tu vida amorosa a nuevas alturas<\/h3>\n<p>Deje que Liberator Center Stage se convierta en el coraz\u00f3n de su dormitorio. Donde la pasi\u00f3n y el confort se unen para momentos inolvidables.<\/p>\n<p>Descubre el escenario <strong>Liberator Center<\/strong> ahora y deja que tu vida amorosa florezca.<\/p>\n","protected":false},"excerpt":{"rendered":"<p>Descubra el <strong>Liberator Center Stage<\/strong>, donde cada momento se convierte en una actuaci\u00f3n sensual. Esta plataforma es perfecta para parejas que desean m\u00e1s profundidad en su forma de hacer el amor. Desde masajes er\u00f3ticos hasta juegos excitantes, el Center Stage marca la pauta.<\/p>\n","protected":false},"featured_media":93060,"comment_status":"open","ping_status":"closed","template":"","meta":[],"product_brand":[],"product_cat":[15760,16187],"product_tag":[15784,15821,15919],"class_list":{"0":"post-93305","1":"product","2":"type-product","3":"status-publish","4":"has-post-thumbnail","6":"product_cat-liberator-es","7":"product_cat-los-mas-vendidos","8":"product_tag-liberator-es","9":"product_tag-posiciones-sexuales","10":"product_tag-posiciones-sexuales-es","11":"product_shipping_class-envio-1-2-dias-laborables","13":"first","14":"instock","15":"sale","16":"taxable","17":"shipping-taxable","18":"purchasable","19":"product-type-simple"},"yoast_head":"<!-- This site is optimized with the Yoast SEO plugin v27.3 - https:\/\/yoast.com\/product\/yoast-seo-wordpress\/ -->\n<title>Liberator Center Stage - Liberatorshop - Muebles sexuales y almohadas sexuales por descubrir<\/title>\n<meta name=\"description\" content=\"Descubra la magia del Liberator Center Stage: la plataforma para una intimidad m\u00e1s profunda y aventuras sensuales. A\u00f1ade una dimensi\u00f3n a tu vida amorosa.\" \/>\n<meta name=\"robots\" content=\"index, follow, max-snippet:-1, max-image-preview:large, max-video-preview:-1\" \/>\n<link rel=\"canonical\" href=\"https:\/\/liberatorshop.eu\/es\/product\/liberator-es\/liberator-center-stage\/\" \/>\n<meta property=\"og:locale\" content=\"es_ES\" \/>\n<meta property=\"og:type\" content=\"article\" \/>\n<meta property=\"og:title\" content=\"Liberator Center Stage - Liberatorshop - Muebles sexuales y almohadas sexuales por descubrir\" \/>\n<meta property=\"og:description\" content=\"Descubra la magia del Liberator Center Stage: la plataforma para una intimidad m\u00e1s profunda y aventuras sensuales. A\u00f1ade una dimensi\u00f3n a tu vida amorosa.\" \/>\n<meta property=\"og:url\" content=\"https:\/\/liberatorshop.eu\/es\/product\/liberator-es\/liberator-center-stage\/\" \/>\n<meta property=\"og:site_name\" content=\"Liberatorshop - Muebles sexuales y almohadas sexuales por descubrir\" \/>\n<meta property=\"article:modified_time\" content=\"2024-10-21T05:59:56+00:00\" \/>\n<meta property=\"og:image\" content=\"https:\/\/liberatorshop.eu\/wp-content\/uploads\/2023\/04\/centerstage3.jpg\" \/>\n\t<meta property=\"og:image:width\" content=\"2000\" \/>\n\t<meta property=\"og:image:height\" content=\"2000\" \/>\n\t<meta property=\"og:image:type\" content=\"image\/jpeg\" \/>\n<meta name=\"twitter:card\" content=\"summary_large_image\" \/>\n<meta name=\"twitter:label1\" content=\"Tiempo de lectura\" \/>\n\t<meta name=\"twitter:data1\" content=\"1 minuto\" \/>\n<script type=\"application\/ld+json\" class=\"yoast-schema-graph\">{\"@context\":\"https:\\\/\\\/schema.org\",\"@graph\":[{\"@type\":\"WebPage\",\"@id\":\"https:\\\/\\\/liberatorshop.eu\\\/es\\\/product\\\/liberator-es\\\/liberator-center-stage\\\/\",\"url\":\"https:\\\/\\\/liberatorshop.eu\\\/es\\\/product\\\/liberator-es\\\/liberator-center-stage\\\/\",\"name\":\"Liberator Center Stage - Liberatorshop - Muebles sexuales y almohadas sexuales por descubrir\",\"isPartOf\":{\"@id\":\"https:\\\/\\\/liberatorshop.eu\\\/es\\\/#website\"},\"primaryImageOfPage\":{\"@id\":\"https:\\\/\\\/liberatorshop.eu\\\/es\\\/product\\\/liberator-es\\\/liberator-center-stage\\\/#primaryimage\"},\"image\":{\"@id\":\"https:\\\/\\\/liberatorshop.eu\\\/es\\\/product\\\/liberator-es\\\/liberator-center-stage\\\/#primaryimage\"},\"thumbnailUrl\":\"https:\\\/\\\/liberatorshop.eu\\\/wp-content\\\/uploads\\\/2023\\\/04\\\/centerstage3.jpg\",\"datePublished\":\"2023-04-10T07:12:15+00:00\",\"dateModified\":\"2024-10-21T05:59:56+00:00\",\"description\":\"Descubra la magia del Liberator Center Stage: la plataforma para una intimidad m\u00e1s profunda y aventuras sensuales. A\u00f1ade una dimensi\u00f3n a tu vida amorosa.\",\"breadcrumb\":{\"@id\":\"https:\\\/\\\/liberatorshop.eu\\\/es\\\/product\\\/liberator-es\\\/liberator-center-stage\\\/#breadcrumb\"},\"inLanguage\":\"es\",\"potentialAction\":[{\"@type\":\"ReadAction\",\"target\":[\"https:\\\/\\\/liberatorshop.eu\\\/es\\\/product\\\/liberator-es\\\/liberator-center-stage\\\/\"]}]},{\"@type\":\"ImageObject\",\"inLanguage\":\"es\",\"@id\":\"https:\\\/\\\/liberatorshop.eu\\\/es\\\/product\\\/liberator-es\\\/liberator-center-stage\\\/#primaryimage\",\"url\":\"https:\\\/\\\/liberatorshop.eu\\\/wp-content\\\/uploads\\\/2023\\\/04\\\/centerstage3.jpg\",\"contentUrl\":\"https:\\\/\\\/liberatorshop.eu\\\/wp-content\\\/uploads\\\/2023\\\/04\\\/centerstage3.jpg\",\"width\":2000,\"height\":2000},{\"@type\":\"BreadcrumbList\",\"@id\":\"https:\\\/\\\/liberatorshop.eu\\\/es\\\/product\\\/liberator-es\\\/liberator-center-stage\\\/#breadcrumb\",\"itemListElement\":[{\"@type\":\"ListItem\",\"position\":1,\"name\":\"Home\",\"item\":\"https:\\\/\\\/liberatorshop.eu\\\/es\\\/\"},{\"@type\":\"ListItem\",\"position\":2,\"name\":\"Comienzo\",\"item\":\"https:\\\/\\\/liberatorshop.eu\\\/es\\\/\"},{\"@type\":\"ListItem\",\"position\":3,\"name\":\"Liberator Center Stage\"}]},{\"@type\":\"WebSite\",\"@id\":\"https:\\\/\\\/liberatorshop.eu\\\/es\\\/#website\",\"url\":\"https:\\\/\\\/liberatorshop.eu\\\/es\\\/\",\"name\":\"Liberatorshop.eu\",\"description\":\"Liberatorshop - Love All Ways\",\"publisher\":{\"@id\":\"https:\\\/\\\/liberatorshop.eu\\\/es\\\/#organization\"},\"potentialAction\":[{\"@type\":\"SearchAction\",\"target\":{\"@type\":\"EntryPoint\",\"urlTemplate\":\"https:\\\/\\\/liberatorshop.eu\\\/es\\\/?s={search_term_string}\"},\"query-input\":{\"@type\":\"PropertyValueSpecification\",\"valueRequired\":true,\"valueName\":\"search_term_string\"}}],\"inLanguage\":\"es\"},{\"@type\":\"Organization\",\"@id\":\"https:\\\/\\\/liberatorshop.eu\\\/es\\\/#organization\",\"name\":\"Liberatorshop\",\"url\":\"https:\\\/\\\/liberatorshop.eu\\\/es\\\/\",\"logo\":{\"@type\":\"ImageObject\",\"inLanguage\":\"es\",\"@id\":\"https:\\\/\\\/liberatorshop.eu\\\/es\\\/#\\\/schema\\\/logo\\\/image\\\/\",\"url\":\"https:\\\/\\\/liberatorshop.eu\\\/wp-content\\\/uploads\\\/2023\\\/09\\\/flip-ramp-EXAMPLES-1500-x-500-px.png\",\"contentUrl\":\"https:\\\/\\\/liberatorshop.eu\\\/wp-content\\\/uploads\\\/2023\\\/09\\\/flip-ramp-EXAMPLES-1500-x-500-px.png\",\"width\":2560,\"height\":854,\"caption\":\"Liberatorshop\"},\"image\":{\"@id\":\"https:\\\/\\\/liberatorshop.eu\\\/es\\\/#\\\/schema\\\/logo\\\/image\\\/\"}}]}<\/script>\n<!-- \/ Yoast SEO plugin. -->","yoast_head_json":{"title":"Liberator Center Stage - Liberatorshop - Muebles sexuales y almohadas sexuales por descubrir","description":"Descubra la magia del Liberator Center Stage: la plataforma para una intimidad m\u00e1s profunda y aventuras sensuales. A\u00f1ade una dimensi\u00f3n a tu vida amorosa.","robots":{"index":"index","follow":"follow","max-snippet":"max-snippet:-1","max-image-preview":"max-image-preview:large","max-video-preview":"max-video-preview:-1"},"canonical":"https:\/\/liberatorshop.eu\/es\/product\/liberator-es\/liberator-center-stage\/","og_locale":"es_ES","og_type":"article","og_title":"Liberator Center Stage - Liberatorshop - Muebles sexuales y almohadas sexuales por descubrir","og_description":"Descubra la magia del Liberator Center Stage: la plataforma para una intimidad m\u00e1s profunda y aventuras sensuales. A\u00f1ade una dimensi\u00f3n a tu vida amorosa.","og_url":"https:\/\/liberatorshop.eu\/es\/product\/liberator-es\/liberator-center-stage\/","og_site_name":"Liberatorshop - Muebles sexuales y almohadas sexuales por descubrir","article_modified_time":"2024-10-21T05:59:56+00:00","og_image":[{"width":2000,"height":2000,"url":"https:\/\/liberatorshop.eu\/wp-content\/uploads\/2023\/04\/centerstage3.jpg","type":"image\/jpeg"}],"twitter_card":"summary_large_image","twitter_misc":{"Tiempo de lectura":"1 minuto"},"schema":{"@context":"https:\/\/schema.org","@graph":[{"@type":"WebPage","@id":"https:\/\/liberatorshop.eu\/es\/product\/liberator-es\/liberator-center-stage\/","url":"https:\/\/liberatorshop.eu\/es\/product\/liberator-es\/liberator-center-stage\/","name":"Liberator Center Stage - Liberatorshop - Muebles sexuales y almohadas sexuales por descubrir","isPartOf":{"@id":"https:\/\/liberatorshop.eu\/es\/#website"},"primaryImageOfPage":{"@id":"https:\/\/liberatorshop.eu\/es\/product\/liberator-es\/liberator-center-stage\/#primaryimage"},"image":{"@id":"https:\/\/liberatorshop.eu\/es\/product\/liberator-es\/liberator-center-stage\/#primaryimage"},"thumbnailUrl":"https:\/\/liberatorshop.eu\/wp-content\/uploads\/2023\/04\/centerstage3.jpg","datePublished":"2023-04-10T07:12:15+00:00","dateModified":"2024-10-21T05:59:56+00:00","description":"Descubra la magia del Liberator Center Stage: la plataforma para una intimidad m\u00e1s profunda y aventuras sensuales. A\u00f1ade una dimensi\u00f3n a tu vida amorosa.","breadcrumb":{"@id":"https:\/\/liberatorshop.eu\/es\/product\/liberator-es\/liberator-center-stage\/#breadcrumb"},"inLanguage":"es","potentialAction":[{"@type":"ReadAction","target":["https:\/\/liberatorshop.eu\/es\/product\/liberator-es\/liberator-center-stage\/"]}]},{"@type":"ImageObject","inLanguage":"es","@id":"https:\/\/liberatorshop.eu\/es\/product\/liberator-es\/liberator-center-stage\/#primaryimage","url":"https:\/\/liberatorshop.eu\/wp-content\/uploads\/2023\/04\/centerstage3.jpg","contentUrl":"https:\/\/liberatorshop.eu\/wp-content\/uploads\/2023\/04\/centerstage3.jpg","width":2000,"height":2000},{"@type":"BreadcrumbList","@id":"https:\/\/liberatorshop.eu\/es\/product\/liberator-es\/liberator-center-stage\/#breadcrumb","itemListElement":[{"@type":"ListItem","position":1,"name":"Home","item":"https:\/\/liberatorshop.eu\/es\/"},{"@type":"ListItem","position":2,"name":"Comienzo","item":"https:\/\/liberatorshop.eu\/es\/"},{"@type":"ListItem","position":3,"name":"Liberator Center Stage"}]},{"@type":"WebSite","@id":"https:\/\/liberatorshop.eu\/es\/#website","url":"https:\/\/liberatorshop.eu\/es\/","name":"Liberatorshop.eu","description":"Liberatorshop - Love All Ways","publisher":{"@id":"https:\/\/liberatorshop.eu\/es\/#organization"},"potentialAction":[{"@type":"SearchAction","target":{"@type":"EntryPoint","urlTemplate":"https:\/\/liberatorshop.eu\/es\/?s={search_term_string}"},"query-input":{"@type":"PropertyValueSpecification","valueRequired":true,"valueName":"search_term_string"}}],"inLanguage":"es"},{"@type":"Organization","@id":"https:\/\/liberatorshop.eu\/es\/#organization","name":"Liberatorshop","url":"https:\/\/liberatorshop.eu\/es\/","logo":{"@type":"ImageObject","inLanguage":"es","@id":"https:\/\/liberatorshop.eu\/es\/#\/schema\/logo\/image\/","url":"https:\/\/liberatorshop.eu\/wp-content\/uploads\/2023\/09\/flip-ramp-EXAMPLES-1500-x-500-px.png","contentUrl":"https:\/\/liberatorshop.eu\/wp-content\/uploads\/2023\/09\/flip-ramp-EXAMPLES-1500-x-500-px.png","width":2560,"height":854,"caption":"Liberatorshop"},"image":{"@id":"https:\/\/liberatorshop.eu\/es\/#\/schema\/logo\/image\/"}}]}},"_links":{"self":[{"href":"https:\/\/liberatorshop.eu\/es\/wp-json\/wp\/v2\/product\/93305","targetHints":{"allow":["GET"]}}],"collection":[{"href":"https:\/\/liberatorshop.eu\/es\/wp-json\/wp\/v2\/product"}],"about":[{"href":"https:\/\/liberatorshop.eu\/es\/wp-json\/wp\/v2\/types\/product"}],"replies":[{"embeddable":true,"href":"https:\/\/liberatorshop.eu\/es\/wp-json\/wp\/v2\/comments?post=93305"}],"wp:featuredmedia":[{"embeddable":true,"href":"https:\/\/liberatorshop.eu\/es\/wp-json\/wp\/v2\/media\/93060"}],"wp:attachment":[{"href":"https:\/\/liberatorshop.eu\/es\/wp-json\/wp\/v2\/media?parent=93305"}],"wp:term":[{"taxonomy":"product_brand","embeddable":true,"href":"https:\/\/liberatorshop.eu\/es\/wp-json\/wp\/v2\/product_brand?post=93305"},{"taxonomy":"product_cat","embeddable":true,"href":"https:\/\/liberatorshop.eu\/es\/wp-json\/wp\/v2\/product_cat?post=93305"},{"taxonomy":"product_tag","embeddable":true,"href":"https:\/\/liberatorshop.eu\/es\/wp-json\/wp\/v2\/product_tag?post=93305"}],"curies":[{"name":"wp","href":"https:\/\/api.w.org\/{rel}","templated":true}]}}