{"id":93984,"date":"2023-07-30T12:59:43","date_gmt":"2023-08-16T19:36:05","guid":{"rendered":"https:\/\/liberatorshop.eu\/product\/sin%20categor\u00eda\/nexus-edicion-de-prostata-bendz-negro\/"},"modified":"2024-03-24T17:51:11","modified_gmt":"2024-03-24T16:51:11","slug":"nexus-bendz-prostate-edition-zwart","status":"publish","type":"product","link":"https:\/\/liberatorshop.eu\/es\/product\/liberatorshop-juguetes-sexuales\/nexus-bendz-prostate-edition-zwart\/","title":{"rendered":"Nexus &#8211; Edici\u00f3n de pr\u00f3stata Bendz Negro"},"content":{"rendered":"<p>Descubra el poder de la estimulaci\u00f3n precisa del punto P con <strong>Nexus Bendz Prostate Edition<\/strong> en un seductor negro. Dise\u00f1ado espec\u00edficamente para un masaje prost\u00e1tico profundo y espec\u00edfico, este innovador juguete promete una experiencia revolucionaria de placer masculino.<\/p>\n<p><strong>Innovaci\u00f3n sofisticada para el m\u00e1ximo placer<\/strong> Nexus Bendz Prostate Edition es una obra maestra de forma y funcionalidad, reunidas en un dise\u00f1o elegante y masculino. Con su forma ergon\u00f3mica y su eje flexible, se adapta perfectamente a los contornos de tu cuerpo, para una estimulaci\u00f3n incomparable.<\/p>\n<p><strong>Funciones avanzadas para una satisfacci\u00f3n intensa<\/strong><\/p>\n<ul>\n<li>Silicona suave y segura para el cuerpo para un tacto suave y sedoso.<\/li>\n<li>Dise\u00f1ado ergon\u00f3micamente para una estimulaci\u00f3n perfecta del punto P.<\/li>\n<li>Eje flexible que se adapta a tu cuerpo para el placer personal.<\/li>\n<li>Potentes modos de vibraci\u00f3n que proporcionan sensaciones profundas y resonantes.<\/li>\n<\/ul>\n<p><strong>Discreto y duradero<\/strong> El Nexus Bendz no s\u00f3lo es un potente estimulador sino que tambi\u00e9n est\u00e1 dise\u00f1ado para ofrecer discreci\u00f3n y durabilidad. Ya sea en casa o de viaje, este masajeador de pr\u00f3stata es su compa\u00f1ero ideal para exploraciones \u00edntimas.<\/p>\n<p>\u00a1Ver todos nuestros <a href=\"https:\/\/liberatorshop.eu\/product_cat\/liberatorshop-sextoys\/\">juguetes sexuales!<\/a><\/p>\n","protected":false},"excerpt":{"rendered":"<p>Descubra el poder de la estimulaci\u00f3n precisa del punto P con <strong>Nexus Bendz Prostate Edition<\/strong> en un seductor negro. Dise\u00f1ado espec\u00edficamente para un masaje prost\u00e1tico profundo y espec\u00edfico, este innovador juguete promete una experiencia revolucionaria de placer masculino.<\/p>\n","protected":false},"featured_media":99377,"comment_status":"closed","ping_status":"closed","template":"","meta":[],"product_brand":[],"product_cat":[20712],"product_tag":[],"class_list":{"0":"post-93984","1":"product","2":"type-product","3":"status-publish","4":"has-post-thumbnail","6":"product_cat-liberatorshop-juguetes-sexuales","7":"product_shipping_class-envio-3-5-dias-laborables","8":"pa_kleur-negro","9":"pa_merk-nexus-es","11":"first","12":"instock","13":"purchasable","14":"product-type-simple"},"yoast_head":"<!-- This site is optimized with the Yoast SEO plugin v27.4 - https:\/\/yoast.com\/product\/yoast-seo-wordpress\/ -->\n<title>Nexus - Edici\u00f3n de pr\u00f3stata Bendz Negro - Liberatorshop - Muebles sexuales y almohadas sexuales por descubrir<\/title>\n<meta name=\"description\" content=\"Experimente la estimulaci\u00f3n espec\u00edfica del punto P con Nexus Bendz Prostate Edition Black, ahora disponible en liberatorshop.eu. El dise\u00f1o innovador y las potentes vibraciones prometen la m\u00e1xima satisfacci\u00f3n masculina.\" \/>\n<meta name=\"robots\" content=\"index, follow, max-snippet:-1, max-image-preview:large, max-video-preview:-1\" \/>\n<link rel=\"canonical\" href=\"https:\/\/liberatorshop.eu\/es\/product\/liberatorshop-juguetes-sexuales\/nexus-bendz-prostate-edition-zwart\/\" \/>\n<meta property=\"og:locale\" content=\"es_ES\" \/>\n<meta property=\"og:type\" content=\"article\" \/>\n<meta property=\"og:title\" content=\"Nexus - Edici\u00f3n de pr\u00f3stata Bendz Negro - Liberatorshop - Muebles sexuales y almohadas sexuales por descubrir\" \/>\n<meta property=\"og:description\" content=\"Experimente la estimulaci\u00f3n espec\u00edfica del punto P con Nexus Bendz Prostate Edition Black, ahora disponible en liberatorshop.eu. El dise\u00f1o innovador y las potentes vibraciones prometen la m\u00e1xima satisfacci\u00f3n masculina.\" \/>\n<meta property=\"og:url\" content=\"https:\/\/liberatorshop.eu\/es\/product\/liberatorshop-juguetes-sexuales\/nexus-bendz-prostate-edition-zwart\/\" \/>\n<meta property=\"og:site_name\" content=\"Liberatorshop - Muebles sexuales y almohadas sexuales por descubrir\" \/>\n<meta property=\"article:modified_time\" content=\"2024-03-24T16:51:11+00:00\" \/>\n<meta property=\"og:image\" content=\"https:\/\/liberatorshop.eu\/wp-content\/uploads\/2023\/07\/E34840.jpg\" \/>\n\t<meta property=\"og:image:width\" content=\"590\" \/>\n\t<meta property=\"og:image:height\" content=\"590\" \/>\n\t<meta property=\"og:image:type\" content=\"image\/jpeg\" \/>\n<meta name=\"twitter:card\" content=\"summary_large_image\" \/>\n<meta name=\"twitter:label1\" content=\"Tiempo de lectura\" \/>\n\t<meta name=\"twitter:data1\" content=\"1 minuto\" \/>\n<script type=\"application\/ld+json\" class=\"yoast-schema-graph\">{\"@context\":\"https:\\\/\\\/schema.org\",\"@graph\":[{\"@type\":\"WebPage\",\"@id\":\"https:\\\/\\\/liberatorshop.eu\\\/es\\\/product\\\/liberatorshop-juguetes-sexuales\\\/nexus-bendz-prostate-edition-zwart\\\/\",\"url\":\"https:\\\/\\\/liberatorshop.eu\\\/es\\\/product\\\/liberatorshop-juguetes-sexuales\\\/nexus-bendz-prostate-edition-zwart\\\/\",\"name\":\"Nexus - Edici\u00f3n de pr\u00f3stata Bendz Negro - Liberatorshop - Muebles sexuales y almohadas sexuales por descubrir\",\"isPartOf\":{\"@id\":\"https:\\\/\\\/liberatorshop.eu\\\/es\\\/#website\"},\"primaryImageOfPage\":{\"@id\":\"https:\\\/\\\/liberatorshop.eu\\\/es\\\/product\\\/liberatorshop-juguetes-sexuales\\\/nexus-bendz-prostate-edition-zwart\\\/#primaryimage\"},\"image\":{\"@id\":\"https:\\\/\\\/liberatorshop.eu\\\/es\\\/product\\\/liberatorshop-juguetes-sexuales\\\/nexus-bendz-prostate-edition-zwart\\\/#primaryimage\"},\"thumbnailUrl\":\"https:\\\/\\\/liberatorshop.eu\\\/wp-content\\\/uploads\\\/2023\\\/07\\\/E34840.jpg\",\"datePublished\":\"2023-08-16T19:36:05+00:00\",\"dateModified\":\"2024-03-24T16:51:11+00:00\",\"description\":\"Experimente la estimulaci\u00f3n espec\u00edfica del punto P con Nexus Bendz Prostate Edition Black, ahora disponible en liberatorshop.eu. El dise\u00f1o innovador y las potentes vibraciones prometen la m\u00e1xima satisfacci\u00f3n masculina.\",\"breadcrumb\":{\"@id\":\"https:\\\/\\\/liberatorshop.eu\\\/es\\\/product\\\/liberatorshop-juguetes-sexuales\\\/nexus-bendz-prostate-edition-zwart\\\/#breadcrumb\"},\"inLanguage\":\"es\",\"potentialAction\":[{\"@type\":\"ReadAction\",\"target\":[\"https:\\\/\\\/liberatorshop.eu\\\/es\\\/product\\\/liberatorshop-juguetes-sexuales\\\/nexus-bendz-prostate-edition-zwart\\\/\"]}]},{\"@type\":\"ImageObject\",\"inLanguage\":\"es\",\"@id\":\"https:\\\/\\\/liberatorshop.eu\\\/es\\\/product\\\/liberatorshop-juguetes-sexuales\\\/nexus-bendz-prostate-edition-zwart\\\/#primaryimage\",\"url\":\"https:\\\/\\\/liberatorshop.eu\\\/wp-content\\\/uploads\\\/2023\\\/07\\\/E34840.jpg\",\"contentUrl\":\"https:\\\/\\\/liberatorshop.eu\\\/wp-content\\\/uploads\\\/2023\\\/07\\\/E34840.jpg\",\"width\":590,\"height\":590},{\"@type\":\"BreadcrumbList\",\"@id\":\"https:\\\/\\\/liberatorshop.eu\\\/es\\\/product\\\/liberatorshop-juguetes-sexuales\\\/nexus-bendz-prostate-edition-zwart\\\/#breadcrumb\",\"itemListElement\":[{\"@type\":\"ListItem\",\"position\":1,\"name\":\"Home\",\"item\":\"https:\\\/\\\/liberatorshop.eu\\\/es\\\/\"},{\"@type\":\"ListItem\",\"position\":2,\"name\":\"Comienzo\",\"item\":\"https:\\\/\\\/liberatorshop.eu\\\/es\\\/\"},{\"@type\":\"ListItem\",\"position\":3,\"name\":\"Nexus &#8211; Edici\u00f3n de pr\u00f3stata Bendz Negro\"}]},{\"@type\":\"WebSite\",\"@id\":\"https:\\\/\\\/liberatorshop.eu\\\/es\\\/#website\",\"url\":\"https:\\\/\\\/liberatorshop.eu\\\/es\\\/\",\"name\":\"Liberatorshop.eu\",\"description\":\"Liberatorshop - Love All Ways\",\"publisher\":{\"@id\":\"https:\\\/\\\/liberatorshop.eu\\\/es\\\/#organization\"},\"potentialAction\":[{\"@type\":\"SearchAction\",\"target\":{\"@type\":\"EntryPoint\",\"urlTemplate\":\"https:\\\/\\\/liberatorshop.eu\\\/es\\\/?s={search_term_string}\"},\"query-input\":{\"@type\":\"PropertyValueSpecification\",\"valueRequired\":true,\"valueName\":\"search_term_string\"}}],\"inLanguage\":\"es\"},{\"@type\":\"Organization\",\"@id\":\"https:\\\/\\\/liberatorshop.eu\\\/es\\\/#organization\",\"name\":\"Liberatorshop\",\"url\":\"https:\\\/\\\/liberatorshop.eu\\\/es\\\/\",\"logo\":{\"@type\":\"ImageObject\",\"inLanguage\":\"es\",\"@id\":\"https:\\\/\\\/liberatorshop.eu\\\/es\\\/#\\\/schema\\\/logo\\\/image\\\/\",\"url\":\"https:\\\/\\\/liberatorshop.eu\\\/wp-content\\\/uploads\\\/2023\\\/09\\\/flip-ramp-EXAMPLES-1500-x-500-px.png\",\"contentUrl\":\"https:\\\/\\\/liberatorshop.eu\\\/wp-content\\\/uploads\\\/2023\\\/09\\\/flip-ramp-EXAMPLES-1500-x-500-px.png\",\"width\":2560,\"height\":854,\"caption\":\"Liberatorshop\"},\"image\":{\"@id\":\"https:\\\/\\\/liberatorshop.eu\\\/es\\\/#\\\/schema\\\/logo\\\/image\\\/\"}}]}<\/script>\n<!-- \/ Yoast SEO plugin. -->","yoast_head_json":{"title":"Nexus - Edici\u00f3n de pr\u00f3stata Bendz Negro - Liberatorshop - Muebles sexuales y almohadas sexuales por descubrir","description":"Experimente la estimulaci\u00f3n espec\u00edfica del punto P con Nexus Bendz Prostate Edition Black, ahora disponible en liberatorshop.eu. El dise\u00f1o innovador y las potentes vibraciones prometen la m\u00e1xima satisfacci\u00f3n masculina.","robots":{"index":"index","follow":"follow","max-snippet":"max-snippet:-1","max-image-preview":"max-image-preview:large","max-video-preview":"max-video-preview:-1"},"canonical":"https:\/\/liberatorshop.eu\/es\/product\/liberatorshop-juguetes-sexuales\/nexus-bendz-prostate-edition-zwart\/","og_locale":"es_ES","og_type":"article","og_title":"Nexus - Edici\u00f3n de pr\u00f3stata Bendz Negro - Liberatorshop - Muebles sexuales y almohadas sexuales por descubrir","og_description":"Experimente la estimulaci\u00f3n espec\u00edfica del punto P con Nexus Bendz Prostate Edition Black, ahora disponible en liberatorshop.eu. El dise\u00f1o innovador y las potentes vibraciones prometen la m\u00e1xima satisfacci\u00f3n masculina.","og_url":"https:\/\/liberatorshop.eu\/es\/product\/liberatorshop-juguetes-sexuales\/nexus-bendz-prostate-edition-zwart\/","og_site_name":"Liberatorshop - Muebles sexuales y almohadas sexuales por descubrir","article_modified_time":"2024-03-24T16:51:11+00:00","og_image":[{"width":590,"height":590,"url":"https:\/\/liberatorshop.eu\/wp-content\/uploads\/2023\/07\/E34840.jpg","type":"image\/jpeg"}],"twitter_card":"summary_large_image","twitter_misc":{"Tiempo de lectura":"1 minuto"},"schema":{"@context":"https:\/\/schema.org","@graph":[{"@type":"WebPage","@id":"https:\/\/liberatorshop.eu\/es\/product\/liberatorshop-juguetes-sexuales\/nexus-bendz-prostate-edition-zwart\/","url":"https:\/\/liberatorshop.eu\/es\/product\/liberatorshop-juguetes-sexuales\/nexus-bendz-prostate-edition-zwart\/","name":"Nexus - Edici\u00f3n de pr\u00f3stata Bendz Negro - Liberatorshop - Muebles sexuales y almohadas sexuales por descubrir","isPartOf":{"@id":"https:\/\/liberatorshop.eu\/es\/#website"},"primaryImageOfPage":{"@id":"https:\/\/liberatorshop.eu\/es\/product\/liberatorshop-juguetes-sexuales\/nexus-bendz-prostate-edition-zwart\/#primaryimage"},"image":{"@id":"https:\/\/liberatorshop.eu\/es\/product\/liberatorshop-juguetes-sexuales\/nexus-bendz-prostate-edition-zwart\/#primaryimage"},"thumbnailUrl":"https:\/\/liberatorshop.eu\/wp-content\/uploads\/2023\/07\/E34840.jpg","datePublished":"2023-08-16T19:36:05+00:00","dateModified":"2024-03-24T16:51:11+00:00","description":"Experimente la estimulaci\u00f3n espec\u00edfica del punto P con Nexus Bendz Prostate Edition Black, ahora disponible en liberatorshop.eu. El dise\u00f1o innovador y las potentes vibraciones prometen la m\u00e1xima satisfacci\u00f3n masculina.","breadcrumb":{"@id":"https:\/\/liberatorshop.eu\/es\/product\/liberatorshop-juguetes-sexuales\/nexus-bendz-prostate-edition-zwart\/#breadcrumb"},"inLanguage":"es","potentialAction":[{"@type":"ReadAction","target":["https:\/\/liberatorshop.eu\/es\/product\/liberatorshop-juguetes-sexuales\/nexus-bendz-prostate-edition-zwart\/"]}]},{"@type":"ImageObject","inLanguage":"es","@id":"https:\/\/liberatorshop.eu\/es\/product\/liberatorshop-juguetes-sexuales\/nexus-bendz-prostate-edition-zwart\/#primaryimage","url":"https:\/\/liberatorshop.eu\/wp-content\/uploads\/2023\/07\/E34840.jpg","contentUrl":"https:\/\/liberatorshop.eu\/wp-content\/uploads\/2023\/07\/E34840.jpg","width":590,"height":590},{"@type":"BreadcrumbList","@id":"https:\/\/liberatorshop.eu\/es\/product\/liberatorshop-juguetes-sexuales\/nexus-bendz-prostate-edition-zwart\/#breadcrumb","itemListElement":[{"@type":"ListItem","position":1,"name":"Home","item":"https:\/\/liberatorshop.eu\/es\/"},{"@type":"ListItem","position":2,"name":"Comienzo","item":"https:\/\/liberatorshop.eu\/es\/"},{"@type":"ListItem","position":3,"name":"Nexus &#8211; Edici\u00f3n de pr\u00f3stata Bendz Negro"}]},{"@type":"WebSite","@id":"https:\/\/liberatorshop.eu\/es\/#website","url":"https:\/\/liberatorshop.eu\/es\/","name":"Liberatorshop.eu","description":"Liberatorshop - Love All Ways","publisher":{"@id":"https:\/\/liberatorshop.eu\/es\/#organization"},"potentialAction":[{"@type":"SearchAction","target":{"@type":"EntryPoint","urlTemplate":"https:\/\/liberatorshop.eu\/es\/?s={search_term_string}"},"query-input":{"@type":"PropertyValueSpecification","valueRequired":true,"valueName":"search_term_string"}}],"inLanguage":"es"},{"@type":"Organization","@id":"https:\/\/liberatorshop.eu\/es\/#organization","name":"Liberatorshop","url":"https:\/\/liberatorshop.eu\/es\/","logo":{"@type":"ImageObject","inLanguage":"es","@id":"https:\/\/liberatorshop.eu\/es\/#\/schema\/logo\/image\/","url":"https:\/\/liberatorshop.eu\/wp-content\/uploads\/2023\/09\/flip-ramp-EXAMPLES-1500-x-500-px.png","contentUrl":"https:\/\/liberatorshop.eu\/wp-content\/uploads\/2023\/09\/flip-ramp-EXAMPLES-1500-x-500-px.png","width":2560,"height":854,"caption":"Liberatorshop"},"image":{"@id":"https:\/\/liberatorshop.eu\/es\/#\/schema\/logo\/image\/"}}]}},"_links":{"self":[{"href":"https:\/\/liberatorshop.eu\/es\/wp-json\/wp\/v2\/product\/93984","targetHints":{"allow":["GET"]}}],"collection":[{"href":"https:\/\/liberatorshop.eu\/es\/wp-json\/wp\/v2\/product"}],"about":[{"href":"https:\/\/liberatorshop.eu\/es\/wp-json\/wp\/v2\/types\/product"}],"replies":[{"embeddable":true,"href":"https:\/\/liberatorshop.eu\/es\/wp-json\/wp\/v2\/comments?post=93984"}],"wp:featuredmedia":[{"embeddable":true,"href":"https:\/\/liberatorshop.eu\/es\/wp-json\/wp\/v2\/media\/99377"}],"wp:attachment":[{"href":"https:\/\/liberatorshop.eu\/es\/wp-json\/wp\/v2\/media?parent=93984"}],"wp:term":[{"taxonomy":"product_brand","embeddable":true,"href":"https:\/\/liberatorshop.eu\/es\/wp-json\/wp\/v2\/product_brand?post=93984"},{"taxonomy":"product_cat","embeddable":true,"href":"https:\/\/liberatorshop.eu\/es\/wp-json\/wp\/v2\/product_cat?post=93984"},{"taxonomy":"product_tag","embeddable":true,"href":"https:\/\/liberatorshop.eu\/es\/wp-json\/wp\/v2\/product_tag?post=93984"}],"curies":[{"name":"wp","href":"https:\/\/api.w.org\/{rel}","templated":true}]}}