{"id":93995,"date":"2023-07-30T12:59:43","date_gmt":"2023-08-21T19:48:11","guid":{"rendered":"https:\/\/liberatorshop.eu\/product\/sin%20categor\u00eda\/le-wand-masajeador-recargable-morado\/"},"modified":"2024-03-24T17:29:09","modified_gmt":"2024-03-24T16:29:09","slug":"le-wand-rechargeable-massager-purple","status":"publish","type":"product","link":"https:\/\/liberatorshop.eu\/es\/product\/liberatorshop-juguetes-sexuales\/le-wand-rechargeable-massager-purple\/","title":{"rendered":"Le Wand &#8211; Masajeador Recargable Morado"},"content":{"rendered":"<p>Descubre el m\u00e1ximo placer: <strong>el masajeador recargable Le Wand morado<\/strong><\/p>\n<p><strong>Un mundo de placer en tus manos<\/strong> El masajeador recargable Le Wand Purple redefine el placer con una combinaci\u00f3n perfecta de lujo y rendimiento potente. Dise\u00f1ado para los conocedores del placer sensual, este masajeador de varita premium promete una experiencia incomparable.<\/p>\n<p><strong>Potencia y versatilidad combinadas<\/strong> Descubra el poder de la personalizaci\u00f3n con 10 niveles de intensidad y 20 seductores patrones de vibraci\u00f3n. Desde toques suaves hasta pulsaciones intensas, Le Wand ofrece la m\u00e1xima liberaci\u00f3n del deseo.<\/p>\n<p><strong>Estimulaci\u00f3n dirigida<\/strong> El dise\u00f1o ergon\u00f3mico y el agarre delgado hacen que la estimulaci\u00f3n dirigida no requiera esfuerzo. El cabezal flexible sigue los contornos de tu cuerpo, haciendo que cada toque sea profundo y significativo.<\/p>\n<p><strong>Materiales de alta calidad para su comodidad<\/strong> Elaborado con silicona segura para el cuerpo y con un cuello flexible de 360\u00b0, Le Wand garantiza un tacto seguro y suave. La adici\u00f3n de una funda texturizada desechable multiusos aumenta la diversi\u00f3n con cada movimiento.<\/p>\n<p><strong>Hecho para los entusiastas<\/strong> de los viajes. Incluyendo un elegante estuche de viaje, el masajeador Le Wand est\u00e1 listo para acompa\u00f1arlo a donde quiera que vaya. C\u00e1rgalo y ll\u00e9vate el placer contigo dondequiera que te lleve la vida.<\/p>\n<p><strong>Caracter\u00edsticas:<\/strong><\/p>\n<ul>\n<li>Cabezal de silicona de primera calidad<\/li>\n<li>Cuello flexible de 360\u00b0 para un uso vers\u00e1til<\/li>\n<li>10 velocidades y 20 patrones de vibraci\u00f3n<\/li>\n<li>Incluye estuche de viaje de lujo y funda texturizada.<\/li>\n<li>Recargable por USB para uso mundial<\/li>\n<\/ul>\n<p>\u00a1Ver todos nuestros <a href=\"https:\/\/liberatorshop.eu\/product_cat\/liberatorshop-sextoys\/\">juguetes sexuales!<\/a><\/p>\n","protected":false},"excerpt":{"rendered":"<p>Descubre el m\u00e1ximo placer: <strong>el masajeador recargable Le Wand morado<\/strong><\/p>\n","protected":false},"featured_media":99374,"comment_status":"closed","ping_status":"closed","template":"","meta":[],"product_brand":[],"product_cat":[20712],"product_tag":[],"class_list":{"0":"post-93995","1":"product","2":"type-product","3":"status-publish","4":"has-post-thumbnail","6":"product_cat-liberatorshop-juguetes-sexuales","7":"product_shipping_class-envio-3-5-dias-laborables","8":"pa_kleur-purpura","10":"first","11":"instock","12":"purchasable","13":"product-type-simple"},"yoast_head":"<!-- This site is optimized with the Yoast SEO plugin v27.3 - https:\/\/yoast.com\/product\/yoast-seo-wordpress\/ -->\n<title>Le Wand - Masajeador Recargable Morado - Liberatorshop - Muebles sexuales y almohadas sexuales por descubrir<\/title>\n<meta name=\"description\" content=\"Experimente un placer sensual de lujo con el masajeador recargable Le Wand Purple en liberatorshop.eu. Combinaci\u00f3n perfecta de fuerza, flexibilidad y estilo para una satisfacci\u00f3n ilimitada.\" \/>\n<meta name=\"robots\" content=\"index, follow, max-snippet:-1, max-image-preview:large, max-video-preview:-1\" \/>\n<link rel=\"canonical\" href=\"https:\/\/liberatorshop.eu\/es\/product\/liberatorshop-juguetes-sexuales\/le-wand-rechargeable-massager-purple\/\" \/>\n<meta property=\"og:locale\" content=\"es_ES\" \/>\n<meta property=\"og:type\" content=\"article\" \/>\n<meta property=\"og:title\" content=\"Le Wand - Masajeador Recargable Morado - Liberatorshop - Muebles sexuales y almohadas sexuales por descubrir\" \/>\n<meta property=\"og:description\" content=\"Experimente un placer sensual de lujo con el masajeador recargable Le Wand Purple en liberatorshop.eu. Combinaci\u00f3n perfecta de fuerza, flexibilidad y estilo para una satisfacci\u00f3n ilimitada.\" \/>\n<meta property=\"og:url\" content=\"https:\/\/liberatorshop.eu\/es\/product\/liberatorshop-juguetes-sexuales\/le-wand-rechargeable-massager-purple\/\" \/>\n<meta property=\"og:site_name\" content=\"Liberatorshop - Muebles sexuales y almohadas sexuales por descubrir\" \/>\n<meta property=\"article:modified_time\" content=\"2024-03-24T16:29:09+00:00\" \/>\n<meta property=\"og:image\" content=\"https:\/\/liberatorshop.eu\/wp-content\/uploads\/2023\/07\/E34677.jpg\" \/>\n\t<meta property=\"og:image:width\" content=\"590\" \/>\n\t<meta property=\"og:image:height\" content=\"590\" \/>\n\t<meta property=\"og:image:type\" content=\"image\/jpeg\" \/>\n<meta name=\"twitter:card\" content=\"summary_large_image\" \/>\n<meta name=\"twitter:label1\" content=\"Tiempo de lectura\" \/>\n\t<meta name=\"twitter:data1\" content=\"1 minuto\" \/>\n<script type=\"application\/ld+json\" class=\"yoast-schema-graph\">{\"@context\":\"https:\\\/\\\/schema.org\",\"@graph\":[{\"@type\":\"WebPage\",\"@id\":\"https:\\\/\\\/liberatorshop.eu\\\/es\\\/product\\\/liberatorshop-juguetes-sexuales\\\/le-wand-rechargeable-massager-purple\\\/\",\"url\":\"https:\\\/\\\/liberatorshop.eu\\\/es\\\/product\\\/liberatorshop-juguetes-sexuales\\\/le-wand-rechargeable-massager-purple\\\/\",\"name\":\"Le Wand - Masajeador Recargable Morado - Liberatorshop - Muebles sexuales y almohadas sexuales por descubrir\",\"isPartOf\":{\"@id\":\"https:\\\/\\\/liberatorshop.eu\\\/es\\\/#website\"},\"primaryImageOfPage\":{\"@id\":\"https:\\\/\\\/liberatorshop.eu\\\/es\\\/product\\\/liberatorshop-juguetes-sexuales\\\/le-wand-rechargeable-massager-purple\\\/#primaryimage\"},\"image\":{\"@id\":\"https:\\\/\\\/liberatorshop.eu\\\/es\\\/product\\\/liberatorshop-juguetes-sexuales\\\/le-wand-rechargeable-massager-purple\\\/#primaryimage\"},\"thumbnailUrl\":\"https:\\\/\\\/liberatorshop.eu\\\/wp-content\\\/uploads\\\/2023\\\/07\\\/E34677.jpg\",\"datePublished\":\"2023-08-21T19:48:11+00:00\",\"dateModified\":\"2024-03-24T16:29:09+00:00\",\"description\":\"Experimente un placer sensual de lujo con el masajeador recargable Le Wand Purple en liberatorshop.eu. Combinaci\u00f3n perfecta de fuerza, flexibilidad y estilo para una satisfacci\u00f3n ilimitada.\",\"breadcrumb\":{\"@id\":\"https:\\\/\\\/liberatorshop.eu\\\/es\\\/product\\\/liberatorshop-juguetes-sexuales\\\/le-wand-rechargeable-massager-purple\\\/#breadcrumb\"},\"inLanguage\":\"es\",\"potentialAction\":[{\"@type\":\"ReadAction\",\"target\":[\"https:\\\/\\\/liberatorshop.eu\\\/es\\\/product\\\/liberatorshop-juguetes-sexuales\\\/le-wand-rechargeable-massager-purple\\\/\"]}]},{\"@type\":\"ImageObject\",\"inLanguage\":\"es\",\"@id\":\"https:\\\/\\\/liberatorshop.eu\\\/es\\\/product\\\/liberatorshop-juguetes-sexuales\\\/le-wand-rechargeable-massager-purple\\\/#primaryimage\",\"url\":\"https:\\\/\\\/liberatorshop.eu\\\/wp-content\\\/uploads\\\/2023\\\/07\\\/E34677.jpg\",\"contentUrl\":\"https:\\\/\\\/liberatorshop.eu\\\/wp-content\\\/uploads\\\/2023\\\/07\\\/E34677.jpg\",\"width\":590,\"height\":590},{\"@type\":\"BreadcrumbList\",\"@id\":\"https:\\\/\\\/liberatorshop.eu\\\/es\\\/product\\\/liberatorshop-juguetes-sexuales\\\/le-wand-rechargeable-massager-purple\\\/#breadcrumb\",\"itemListElement\":[{\"@type\":\"ListItem\",\"position\":1,\"name\":\"Home\",\"item\":\"https:\\\/\\\/liberatorshop.eu\\\/es\\\/\"},{\"@type\":\"ListItem\",\"position\":2,\"name\":\"Comienzo\",\"item\":\"https:\\\/\\\/liberatorshop.eu\\\/es\\\/\"},{\"@type\":\"ListItem\",\"position\":3,\"name\":\"Le Wand &#8211; Masajeador Recargable Morado\"}]},{\"@type\":\"WebSite\",\"@id\":\"https:\\\/\\\/liberatorshop.eu\\\/es\\\/#website\",\"url\":\"https:\\\/\\\/liberatorshop.eu\\\/es\\\/\",\"name\":\"Liberatorshop.eu\",\"description\":\"Liberatorshop - Love All Ways\",\"publisher\":{\"@id\":\"https:\\\/\\\/liberatorshop.eu\\\/es\\\/#organization\"},\"potentialAction\":[{\"@type\":\"SearchAction\",\"target\":{\"@type\":\"EntryPoint\",\"urlTemplate\":\"https:\\\/\\\/liberatorshop.eu\\\/es\\\/?s={search_term_string}\"},\"query-input\":{\"@type\":\"PropertyValueSpecification\",\"valueRequired\":true,\"valueName\":\"search_term_string\"}}],\"inLanguage\":\"es\"},{\"@type\":\"Organization\",\"@id\":\"https:\\\/\\\/liberatorshop.eu\\\/es\\\/#organization\",\"name\":\"Liberatorshop\",\"url\":\"https:\\\/\\\/liberatorshop.eu\\\/es\\\/\",\"logo\":{\"@type\":\"ImageObject\",\"inLanguage\":\"es\",\"@id\":\"https:\\\/\\\/liberatorshop.eu\\\/es\\\/#\\\/schema\\\/logo\\\/image\\\/\",\"url\":\"https:\\\/\\\/liberatorshop.eu\\\/wp-content\\\/uploads\\\/2023\\\/09\\\/flip-ramp-EXAMPLES-1500-x-500-px.png\",\"contentUrl\":\"https:\\\/\\\/liberatorshop.eu\\\/wp-content\\\/uploads\\\/2023\\\/09\\\/flip-ramp-EXAMPLES-1500-x-500-px.png\",\"width\":2560,\"height\":854,\"caption\":\"Liberatorshop\"},\"image\":{\"@id\":\"https:\\\/\\\/liberatorshop.eu\\\/es\\\/#\\\/schema\\\/logo\\\/image\\\/\"}}]}<\/script>\n<!-- \/ Yoast SEO plugin. -->","yoast_head_json":{"title":"Le Wand - Masajeador Recargable Morado - Liberatorshop - Muebles sexuales y almohadas sexuales por descubrir","description":"Experimente un placer sensual de lujo con el masajeador recargable Le Wand Purple en liberatorshop.eu. Combinaci\u00f3n perfecta de fuerza, flexibilidad y estilo para una satisfacci\u00f3n ilimitada.","robots":{"index":"index","follow":"follow","max-snippet":"max-snippet:-1","max-image-preview":"max-image-preview:large","max-video-preview":"max-video-preview:-1"},"canonical":"https:\/\/liberatorshop.eu\/es\/product\/liberatorshop-juguetes-sexuales\/le-wand-rechargeable-massager-purple\/","og_locale":"es_ES","og_type":"article","og_title":"Le Wand - Masajeador Recargable Morado - Liberatorshop - Muebles sexuales y almohadas sexuales por descubrir","og_description":"Experimente un placer sensual de lujo con el masajeador recargable Le Wand Purple en liberatorshop.eu. Combinaci\u00f3n perfecta de fuerza, flexibilidad y estilo para una satisfacci\u00f3n ilimitada.","og_url":"https:\/\/liberatorshop.eu\/es\/product\/liberatorshop-juguetes-sexuales\/le-wand-rechargeable-massager-purple\/","og_site_name":"Liberatorshop - Muebles sexuales y almohadas sexuales por descubrir","article_modified_time":"2024-03-24T16:29:09+00:00","og_image":[{"width":590,"height":590,"url":"https:\/\/liberatorshop.eu\/wp-content\/uploads\/2023\/07\/E34677.jpg","type":"image\/jpeg"}],"twitter_card":"summary_large_image","twitter_misc":{"Tiempo de lectura":"1 minuto"},"schema":{"@context":"https:\/\/schema.org","@graph":[{"@type":"WebPage","@id":"https:\/\/liberatorshop.eu\/es\/product\/liberatorshop-juguetes-sexuales\/le-wand-rechargeable-massager-purple\/","url":"https:\/\/liberatorshop.eu\/es\/product\/liberatorshop-juguetes-sexuales\/le-wand-rechargeable-massager-purple\/","name":"Le Wand - Masajeador Recargable Morado - Liberatorshop - Muebles sexuales y almohadas sexuales por descubrir","isPartOf":{"@id":"https:\/\/liberatorshop.eu\/es\/#website"},"primaryImageOfPage":{"@id":"https:\/\/liberatorshop.eu\/es\/product\/liberatorshop-juguetes-sexuales\/le-wand-rechargeable-massager-purple\/#primaryimage"},"image":{"@id":"https:\/\/liberatorshop.eu\/es\/product\/liberatorshop-juguetes-sexuales\/le-wand-rechargeable-massager-purple\/#primaryimage"},"thumbnailUrl":"https:\/\/liberatorshop.eu\/wp-content\/uploads\/2023\/07\/E34677.jpg","datePublished":"2023-08-21T19:48:11+00:00","dateModified":"2024-03-24T16:29:09+00:00","description":"Experimente un placer sensual de lujo con el masajeador recargable Le Wand Purple en liberatorshop.eu. Combinaci\u00f3n perfecta de fuerza, flexibilidad y estilo para una satisfacci\u00f3n ilimitada.","breadcrumb":{"@id":"https:\/\/liberatorshop.eu\/es\/product\/liberatorshop-juguetes-sexuales\/le-wand-rechargeable-massager-purple\/#breadcrumb"},"inLanguage":"es","potentialAction":[{"@type":"ReadAction","target":["https:\/\/liberatorshop.eu\/es\/product\/liberatorshop-juguetes-sexuales\/le-wand-rechargeable-massager-purple\/"]}]},{"@type":"ImageObject","inLanguage":"es","@id":"https:\/\/liberatorshop.eu\/es\/product\/liberatorshop-juguetes-sexuales\/le-wand-rechargeable-massager-purple\/#primaryimage","url":"https:\/\/liberatorshop.eu\/wp-content\/uploads\/2023\/07\/E34677.jpg","contentUrl":"https:\/\/liberatorshop.eu\/wp-content\/uploads\/2023\/07\/E34677.jpg","width":590,"height":590},{"@type":"BreadcrumbList","@id":"https:\/\/liberatorshop.eu\/es\/product\/liberatorshop-juguetes-sexuales\/le-wand-rechargeable-massager-purple\/#breadcrumb","itemListElement":[{"@type":"ListItem","position":1,"name":"Home","item":"https:\/\/liberatorshop.eu\/es\/"},{"@type":"ListItem","position":2,"name":"Comienzo","item":"https:\/\/liberatorshop.eu\/es\/"},{"@type":"ListItem","position":3,"name":"Le Wand &#8211; Masajeador Recargable Morado"}]},{"@type":"WebSite","@id":"https:\/\/liberatorshop.eu\/es\/#website","url":"https:\/\/liberatorshop.eu\/es\/","name":"Liberatorshop.eu","description":"Liberatorshop - Love All Ways","publisher":{"@id":"https:\/\/liberatorshop.eu\/es\/#organization"},"potentialAction":[{"@type":"SearchAction","target":{"@type":"EntryPoint","urlTemplate":"https:\/\/liberatorshop.eu\/es\/?s={search_term_string}"},"query-input":{"@type":"PropertyValueSpecification","valueRequired":true,"valueName":"search_term_string"}}],"inLanguage":"es"},{"@type":"Organization","@id":"https:\/\/liberatorshop.eu\/es\/#organization","name":"Liberatorshop","url":"https:\/\/liberatorshop.eu\/es\/","logo":{"@type":"ImageObject","inLanguage":"es","@id":"https:\/\/liberatorshop.eu\/es\/#\/schema\/logo\/image\/","url":"https:\/\/liberatorshop.eu\/wp-content\/uploads\/2023\/09\/flip-ramp-EXAMPLES-1500-x-500-px.png","contentUrl":"https:\/\/liberatorshop.eu\/wp-content\/uploads\/2023\/09\/flip-ramp-EXAMPLES-1500-x-500-px.png","width":2560,"height":854,"caption":"Liberatorshop"},"image":{"@id":"https:\/\/liberatorshop.eu\/es\/#\/schema\/logo\/image\/"}}]}},"_links":{"self":[{"href":"https:\/\/liberatorshop.eu\/es\/wp-json\/wp\/v2\/product\/93995","targetHints":{"allow":["GET"]}}],"collection":[{"href":"https:\/\/liberatorshop.eu\/es\/wp-json\/wp\/v2\/product"}],"about":[{"href":"https:\/\/liberatorshop.eu\/es\/wp-json\/wp\/v2\/types\/product"}],"replies":[{"embeddable":true,"href":"https:\/\/liberatorshop.eu\/es\/wp-json\/wp\/v2\/comments?post=93995"}],"wp:featuredmedia":[{"embeddable":true,"href":"https:\/\/liberatorshop.eu\/es\/wp-json\/wp\/v2\/media\/99374"}],"wp:attachment":[{"href":"https:\/\/liberatorshop.eu\/es\/wp-json\/wp\/v2\/media?parent=93995"}],"wp:term":[{"taxonomy":"product_brand","embeddable":true,"href":"https:\/\/liberatorshop.eu\/es\/wp-json\/wp\/v2\/product_brand?post=93995"},{"taxonomy":"product_cat","embeddable":true,"href":"https:\/\/liberatorshop.eu\/es\/wp-json\/wp\/v2\/product_cat?post=93995"},{"taxonomy":"product_tag","embeddable":true,"href":"https:\/\/liberatorshop.eu\/es\/wp-json\/wp\/v2\/product_tag?post=93995"}],"curies":[{"name":"wp","href":"https:\/\/api.w.org\/{rel}","templated":true}]}}