{"id":94014,"date":"2023-07-30T12:59:35","date_gmt":"2023-08-26T19:14:38","guid":{"rendered":"https:\/\/liberatorshop.eu\/product\/sin%20categor\u00eda\/palmpower-recarga-varita-masajeadora-azul\/"},"modified":"2024-06-12T00:19:56","modified_gmt":"2024-06-11T23:19:56","slug":"palmpower-recharge-wand-massager-blue","status":"publish","type":"product","link":"https:\/\/liberatorshop.eu\/es\/product\/liberatorshop-juguetes-sexuales\/palmpower-recharge-wand-massager-blue\/","title":{"rendered":"PalmPower &#8211; Recarga Varita Masajeadora Azul"},"content":{"rendered":"<p>Sum\u00e9rgete en un mundo de relajaci\u00f3n incomparable con el <strong>masajeador PalmPower Recharge Wand<\/strong> en un encantador azul. Esta varita compacta pero poderosa promete una experiencia encantadora en todo momento, ya sea que est\u00e9 buscando masajes profundos y relajantes o una estimulaci\u00f3n personal intensa.<\/p>\n<p><strong>Caracter\u00edsticas m\u00e1s importantes:<\/strong><\/p>\n<ul>\n<li><strong>Dise\u00f1o flexible:<\/strong> con un cuello suave y flexible y un cabezal de silicona sedoso, este masajeador se adapta perfectamente a su cuerpo.<\/li>\n<li><strong>F\u00e1cil de usar:<\/strong> la exclusiva tecnolog\u00eda de presionar y mantener le permite cambiar de velocidad sin esfuerzo, mientras que el bloqueo de viaje mantiene su masajeador seguro mientras viaja.<\/li>\n<li><strong>Diversi\u00f3n duradera:<\/strong> disfrute de hasta 90 minutos de uso inal\u00e1mbrico despu\u00e9s de solo 2,5 horas de carga mediante el cable USB incluido.<\/li>\n<\/ul>\n<p><strong>Dimensiones:<\/strong> Largo: 18,8 cm Ancho: 4,1 cm<\/p>\n<p><strong>Su mejor compa\u00f1ero de relajaci\u00f3n:<\/strong> con su dise\u00f1o resistente al agua, PalmPower Recharge es su compa\u00f1ero perfecto para momentos de relajaci\u00f3n en el ba\u00f1o o la ducha. Esto no s\u00f3lo lo hace vers\u00e1til en su uso, sino tambi\u00e9n f\u00e1cil de mantener.<\/p>\n<p><strong>Recomendado por profesionales:<\/strong> Galardonado y recomendado por expertos de la industria como Sunny Megatron, PalmPower Recharge es conocido por su potencia y eficiencia superiores sin la incomodidad del entumecimiento que provocan otros masajeadores.<\/p>\n<p>\u00a1Ver todos nuestros <a href=\"https:\/\/liberatorshop.eu\/product_cat\/liberatorshop-sextoys\/\">juguetes sexuales!<\/a><\/p>\n","protected":false},"excerpt":{"rendered":"<p>Sum\u00e9rgete en un mundo de relajaci\u00f3n incomparable con el <strong>masajeador PalmPower Recharge Wand<\/strong> en un encantador azul. Esta varita compacta pero poderosa promete una experiencia encantadora en todo momento, ya sea que est\u00e9 buscando masajes profundos y relajantes o una estimulaci\u00f3n personal intensa.<\/p>\n","protected":false},"featured_media":99368,"comment_status":"closed","ping_status":"closed","template":"","meta":[],"product_brand":[],"product_cat":[20712],"product_tag":[],"class_list":{"0":"post-94014","1":"product","2":"type-product","3":"status-publish","4":"has-post-thumbnail","6":"product_cat-liberatorshop-juguetes-sexuales","7":"product_shipping_class-envio-3-5-dias-laborables","8":"pa_kleur-negro","9":"pa_merk-palmpower-es","11":"first","12":"instock","13":"purchasable","14":"product-type-simple"},"yoast_head":"<!-- This site is optimized with the Yoast SEO plugin v27.4 - https:\/\/yoast.com\/product\/yoast-seo-wordpress\/ -->\n<title>PalmPower - Recarga Varita Masajeadora Azul - Liberatorshop - Muebles sexuales y almohadas sexuales por descubrir<\/title>\n<meta name=\"description\" content=\"Sum\u00e9rgete en un mundo de relajaci\u00f3n incomparable con el masajeador PalmPower Recharge Wand en un encantador azul. Esta varita compacta pero poderosa promete una experiencia encantadora en todo momento, ya sea que est\u00e9 buscando masajes profundos y relajantes o una estimulaci\u00f3n personal intensa.\" \/>\n<meta name=\"robots\" content=\"index, follow, max-snippet:-1, max-image-preview:large, max-video-preview:-1\" \/>\n<link rel=\"canonical\" href=\"https:\/\/liberatorshop.eu\/es\/product\/liberatorshop-juguetes-sexuales\/palmpower-recharge-wand-massager-blue\/\" \/>\n<meta property=\"og:locale\" content=\"es_ES\" \/>\n<meta property=\"og:type\" content=\"article\" \/>\n<meta property=\"og:title\" content=\"PalmPower - Recarga Varita Masajeadora Azul - Liberatorshop - Muebles sexuales y almohadas sexuales por descubrir\" \/>\n<meta property=\"og:description\" content=\"Sum\u00e9rgete en un mundo de relajaci\u00f3n incomparable con el masajeador PalmPower Recharge Wand en un encantador azul. Esta varita compacta pero poderosa promete una experiencia encantadora en todo momento, ya sea que est\u00e9 buscando masajes profundos y relajantes o una estimulaci\u00f3n personal intensa.\" \/>\n<meta property=\"og:url\" content=\"https:\/\/liberatorshop.eu\/es\/product\/liberatorshop-juguetes-sexuales\/palmpower-recharge-wand-massager-blue\/\" \/>\n<meta property=\"og:site_name\" content=\"Liberatorshop - Muebles sexuales y almohadas sexuales por descubrir\" \/>\n<meta property=\"article:modified_time\" content=\"2024-06-11T23:19:56+00:00\" \/>\n<meta property=\"og:image\" content=\"https:\/\/liberatorshop.eu\/wp-content\/uploads\/2023\/07\/E34025.jpg\" \/>\n\t<meta property=\"og:image:width\" content=\"590\" \/>\n\t<meta property=\"og:image:height\" content=\"590\" \/>\n\t<meta property=\"og:image:type\" content=\"image\/jpeg\" \/>\n<meta name=\"twitter:card\" content=\"summary_large_image\" \/>\n<meta name=\"twitter:label1\" content=\"Tiempo de lectura\" \/>\n\t<meta name=\"twitter:data1\" content=\"1 minuto\" \/>\n<script type=\"application\/ld+json\" class=\"yoast-schema-graph\">{\"@context\":\"https:\\\/\\\/schema.org\",\"@graph\":[{\"@type\":\"WebPage\",\"@id\":\"https:\\\/\\\/liberatorshop.eu\\\/es\\\/product\\\/liberatorshop-juguetes-sexuales\\\/palmpower-recharge-wand-massager-blue\\\/\",\"url\":\"https:\\\/\\\/liberatorshop.eu\\\/es\\\/product\\\/liberatorshop-juguetes-sexuales\\\/palmpower-recharge-wand-massager-blue\\\/\",\"name\":\"PalmPower - Recarga Varita Masajeadora Azul - Liberatorshop - Muebles sexuales y almohadas sexuales por descubrir\",\"isPartOf\":{\"@id\":\"https:\\\/\\\/liberatorshop.eu\\\/es\\\/#website\"},\"primaryImageOfPage\":{\"@id\":\"https:\\\/\\\/liberatorshop.eu\\\/es\\\/product\\\/liberatorshop-juguetes-sexuales\\\/palmpower-recharge-wand-massager-blue\\\/#primaryimage\"},\"image\":{\"@id\":\"https:\\\/\\\/liberatorshop.eu\\\/es\\\/product\\\/liberatorshop-juguetes-sexuales\\\/palmpower-recharge-wand-massager-blue\\\/#primaryimage\"},\"thumbnailUrl\":\"https:\\\/\\\/liberatorshop.eu\\\/wp-content\\\/uploads\\\/2023\\\/07\\\/E34025.jpg\",\"datePublished\":\"2023-08-26T19:14:38+00:00\",\"dateModified\":\"2024-06-11T23:19:56+00:00\",\"description\":\"Sum\u00e9rgete en un mundo de relajaci\u00f3n incomparable con el masajeador PalmPower Recharge Wand en un encantador azul. Esta varita compacta pero poderosa promete una experiencia encantadora en todo momento, ya sea que est\u00e9 buscando masajes profundos y relajantes o una estimulaci\u00f3n personal intensa.\",\"breadcrumb\":{\"@id\":\"https:\\\/\\\/liberatorshop.eu\\\/es\\\/product\\\/liberatorshop-juguetes-sexuales\\\/palmpower-recharge-wand-massager-blue\\\/#breadcrumb\"},\"inLanguage\":\"es\",\"potentialAction\":[{\"@type\":\"ReadAction\",\"target\":[\"https:\\\/\\\/liberatorshop.eu\\\/es\\\/product\\\/liberatorshop-juguetes-sexuales\\\/palmpower-recharge-wand-massager-blue\\\/\"]}]},{\"@type\":\"ImageObject\",\"inLanguage\":\"es\",\"@id\":\"https:\\\/\\\/liberatorshop.eu\\\/es\\\/product\\\/liberatorshop-juguetes-sexuales\\\/palmpower-recharge-wand-massager-blue\\\/#primaryimage\",\"url\":\"https:\\\/\\\/liberatorshop.eu\\\/wp-content\\\/uploads\\\/2023\\\/07\\\/E34025.jpg\",\"contentUrl\":\"https:\\\/\\\/liberatorshop.eu\\\/wp-content\\\/uploads\\\/2023\\\/07\\\/E34025.jpg\",\"width\":590,\"height\":590},{\"@type\":\"BreadcrumbList\",\"@id\":\"https:\\\/\\\/liberatorshop.eu\\\/es\\\/product\\\/liberatorshop-juguetes-sexuales\\\/palmpower-recharge-wand-massager-blue\\\/#breadcrumb\",\"itemListElement\":[{\"@type\":\"ListItem\",\"position\":1,\"name\":\"Home\",\"item\":\"https:\\\/\\\/liberatorshop.eu\\\/es\\\/\"},{\"@type\":\"ListItem\",\"position\":2,\"name\":\"Comienzo\",\"item\":\"https:\\\/\\\/liberatorshop.eu\\\/es\\\/\"},{\"@type\":\"ListItem\",\"position\":3,\"name\":\"PalmPower &#8211; Recarga Varita Masajeadora Azul\"}]},{\"@type\":\"WebSite\",\"@id\":\"https:\\\/\\\/liberatorshop.eu\\\/es\\\/#website\",\"url\":\"https:\\\/\\\/liberatorshop.eu\\\/es\\\/\",\"name\":\"Liberatorshop.eu\",\"description\":\"Liberatorshop - Love All Ways\",\"publisher\":{\"@id\":\"https:\\\/\\\/liberatorshop.eu\\\/es\\\/#organization\"},\"potentialAction\":[{\"@type\":\"SearchAction\",\"target\":{\"@type\":\"EntryPoint\",\"urlTemplate\":\"https:\\\/\\\/liberatorshop.eu\\\/es\\\/?s={search_term_string}\"},\"query-input\":{\"@type\":\"PropertyValueSpecification\",\"valueRequired\":true,\"valueName\":\"search_term_string\"}}],\"inLanguage\":\"es\"},{\"@type\":\"Organization\",\"@id\":\"https:\\\/\\\/liberatorshop.eu\\\/es\\\/#organization\",\"name\":\"Liberatorshop\",\"url\":\"https:\\\/\\\/liberatorshop.eu\\\/es\\\/\",\"logo\":{\"@type\":\"ImageObject\",\"inLanguage\":\"es\",\"@id\":\"https:\\\/\\\/liberatorshop.eu\\\/es\\\/#\\\/schema\\\/logo\\\/image\\\/\",\"url\":\"https:\\\/\\\/liberatorshop.eu\\\/wp-content\\\/uploads\\\/2023\\\/09\\\/flip-ramp-EXAMPLES-1500-x-500-px.png\",\"contentUrl\":\"https:\\\/\\\/liberatorshop.eu\\\/wp-content\\\/uploads\\\/2023\\\/09\\\/flip-ramp-EXAMPLES-1500-x-500-px.png\",\"width\":2560,\"height\":854,\"caption\":\"Liberatorshop\"},\"image\":{\"@id\":\"https:\\\/\\\/liberatorshop.eu\\\/es\\\/#\\\/schema\\\/logo\\\/image\\\/\"}}]}<\/script>\n<!-- \/ Yoast SEO plugin. -->","yoast_head_json":{"title":"PalmPower - Recarga Varita Masajeadora Azul - Liberatorshop - Muebles sexuales y almohadas sexuales por descubrir","description":"Sum\u00e9rgete en un mundo de relajaci\u00f3n incomparable con el masajeador PalmPower Recharge Wand en un encantador azul. Esta varita compacta pero poderosa promete una experiencia encantadora en todo momento, ya sea que est\u00e9 buscando masajes profundos y relajantes o una estimulaci\u00f3n personal intensa.","robots":{"index":"index","follow":"follow","max-snippet":"max-snippet:-1","max-image-preview":"max-image-preview:large","max-video-preview":"max-video-preview:-1"},"canonical":"https:\/\/liberatorshop.eu\/es\/product\/liberatorshop-juguetes-sexuales\/palmpower-recharge-wand-massager-blue\/","og_locale":"es_ES","og_type":"article","og_title":"PalmPower - Recarga Varita Masajeadora Azul - Liberatorshop - Muebles sexuales y almohadas sexuales por descubrir","og_description":"Sum\u00e9rgete en un mundo de relajaci\u00f3n incomparable con el masajeador PalmPower Recharge Wand en un encantador azul. Esta varita compacta pero poderosa promete una experiencia encantadora en todo momento, ya sea que est\u00e9 buscando masajes profundos y relajantes o una estimulaci\u00f3n personal intensa.","og_url":"https:\/\/liberatorshop.eu\/es\/product\/liberatorshop-juguetes-sexuales\/palmpower-recharge-wand-massager-blue\/","og_site_name":"Liberatorshop - Muebles sexuales y almohadas sexuales por descubrir","article_modified_time":"2024-06-11T23:19:56+00:00","og_image":[{"width":590,"height":590,"url":"https:\/\/liberatorshop.eu\/wp-content\/uploads\/2023\/07\/E34025.jpg","type":"image\/jpeg"}],"twitter_card":"summary_large_image","twitter_misc":{"Tiempo de lectura":"1 minuto"},"schema":{"@context":"https:\/\/schema.org","@graph":[{"@type":"WebPage","@id":"https:\/\/liberatorshop.eu\/es\/product\/liberatorshop-juguetes-sexuales\/palmpower-recharge-wand-massager-blue\/","url":"https:\/\/liberatorshop.eu\/es\/product\/liberatorshop-juguetes-sexuales\/palmpower-recharge-wand-massager-blue\/","name":"PalmPower - Recarga Varita Masajeadora Azul - Liberatorshop - Muebles sexuales y almohadas sexuales por descubrir","isPartOf":{"@id":"https:\/\/liberatorshop.eu\/es\/#website"},"primaryImageOfPage":{"@id":"https:\/\/liberatorshop.eu\/es\/product\/liberatorshop-juguetes-sexuales\/palmpower-recharge-wand-massager-blue\/#primaryimage"},"image":{"@id":"https:\/\/liberatorshop.eu\/es\/product\/liberatorshop-juguetes-sexuales\/palmpower-recharge-wand-massager-blue\/#primaryimage"},"thumbnailUrl":"https:\/\/liberatorshop.eu\/wp-content\/uploads\/2023\/07\/E34025.jpg","datePublished":"2023-08-26T19:14:38+00:00","dateModified":"2024-06-11T23:19:56+00:00","description":"Sum\u00e9rgete en un mundo de relajaci\u00f3n incomparable con el masajeador PalmPower Recharge Wand en un encantador azul. Esta varita compacta pero poderosa promete una experiencia encantadora en todo momento, ya sea que est\u00e9 buscando masajes profundos y relajantes o una estimulaci\u00f3n personal intensa.","breadcrumb":{"@id":"https:\/\/liberatorshop.eu\/es\/product\/liberatorshop-juguetes-sexuales\/palmpower-recharge-wand-massager-blue\/#breadcrumb"},"inLanguage":"es","potentialAction":[{"@type":"ReadAction","target":["https:\/\/liberatorshop.eu\/es\/product\/liberatorshop-juguetes-sexuales\/palmpower-recharge-wand-massager-blue\/"]}]},{"@type":"ImageObject","inLanguage":"es","@id":"https:\/\/liberatorshop.eu\/es\/product\/liberatorshop-juguetes-sexuales\/palmpower-recharge-wand-massager-blue\/#primaryimage","url":"https:\/\/liberatorshop.eu\/wp-content\/uploads\/2023\/07\/E34025.jpg","contentUrl":"https:\/\/liberatorshop.eu\/wp-content\/uploads\/2023\/07\/E34025.jpg","width":590,"height":590},{"@type":"BreadcrumbList","@id":"https:\/\/liberatorshop.eu\/es\/product\/liberatorshop-juguetes-sexuales\/palmpower-recharge-wand-massager-blue\/#breadcrumb","itemListElement":[{"@type":"ListItem","position":1,"name":"Home","item":"https:\/\/liberatorshop.eu\/es\/"},{"@type":"ListItem","position":2,"name":"Comienzo","item":"https:\/\/liberatorshop.eu\/es\/"},{"@type":"ListItem","position":3,"name":"PalmPower &#8211; Recarga Varita Masajeadora Azul"}]},{"@type":"WebSite","@id":"https:\/\/liberatorshop.eu\/es\/#website","url":"https:\/\/liberatorshop.eu\/es\/","name":"Liberatorshop.eu","description":"Liberatorshop - Love All Ways","publisher":{"@id":"https:\/\/liberatorshop.eu\/es\/#organization"},"potentialAction":[{"@type":"SearchAction","target":{"@type":"EntryPoint","urlTemplate":"https:\/\/liberatorshop.eu\/es\/?s={search_term_string}"},"query-input":{"@type":"PropertyValueSpecification","valueRequired":true,"valueName":"search_term_string"}}],"inLanguage":"es"},{"@type":"Organization","@id":"https:\/\/liberatorshop.eu\/es\/#organization","name":"Liberatorshop","url":"https:\/\/liberatorshop.eu\/es\/","logo":{"@type":"ImageObject","inLanguage":"es","@id":"https:\/\/liberatorshop.eu\/es\/#\/schema\/logo\/image\/","url":"https:\/\/liberatorshop.eu\/wp-content\/uploads\/2023\/09\/flip-ramp-EXAMPLES-1500-x-500-px.png","contentUrl":"https:\/\/liberatorshop.eu\/wp-content\/uploads\/2023\/09\/flip-ramp-EXAMPLES-1500-x-500-px.png","width":2560,"height":854,"caption":"Liberatorshop"},"image":{"@id":"https:\/\/liberatorshop.eu\/es\/#\/schema\/logo\/image\/"}}]}},"_links":{"self":[{"href":"https:\/\/liberatorshop.eu\/es\/wp-json\/wp\/v2\/product\/94014","targetHints":{"allow":["GET"]}}],"collection":[{"href":"https:\/\/liberatorshop.eu\/es\/wp-json\/wp\/v2\/product"}],"about":[{"href":"https:\/\/liberatorshop.eu\/es\/wp-json\/wp\/v2\/types\/product"}],"replies":[{"embeddable":true,"href":"https:\/\/liberatorshop.eu\/es\/wp-json\/wp\/v2\/comments?post=94014"}],"wp:featuredmedia":[{"embeddable":true,"href":"https:\/\/liberatorshop.eu\/es\/wp-json\/wp\/v2\/media\/99368"}],"wp:attachment":[{"href":"https:\/\/liberatorshop.eu\/es\/wp-json\/wp\/v2\/media?parent=94014"}],"wp:term":[{"taxonomy":"product_brand","embeddable":true,"href":"https:\/\/liberatorshop.eu\/es\/wp-json\/wp\/v2\/product_brand?post=94014"},{"taxonomy":"product_cat","embeddable":true,"href":"https:\/\/liberatorshop.eu\/es\/wp-json\/wp\/v2\/product_cat?post=94014"},{"taxonomy":"product_tag","embeddable":true,"href":"https:\/\/liberatorshop.eu\/es\/wp-json\/wp\/v2\/product_tag?post=94014"}],"curies":[{"name":"wp","href":"https:\/\/api.w.org\/{rel}","templated":true}]}}