{"id":94135,"date":"2023-09-16T21:35:49","date_gmt":"2023-09-16T20:35:49","guid":{"rendered":"https:\/\/liberatorshop.eu\/product\/sin%20categor\u00eda\/brutus-sling-stand-kit\/"},"modified":"2024-03-23T23:56:45","modified_gmt":"2024-03-23T22:56:45","slug":"brutus-sling-stand-kit","status":"publish","type":"product","link":"https:\/\/liberatorshop.eu\/es\/product\/los-mas-vendidos\/brutus-sling-stand-kit\/","title":{"rendered":"BRUTUS Sling Stand Kit"},"content":{"rendered":"<div class=\"ewa-rteLine\">\n<p>Descubra el pin\u00e1culo del placer BDSM con el kit <strong>BRUTUS Sling Stand<\/strong>, la incorporaci\u00f3n definitiva a su colecci\u00f3n de juegos er\u00f3ticos, disponible exclusivamente en liberatorshop.eu. Este kit todo en uno lleva su experiencia con el cabestrillo al siguiente nivel sin necesidad de perforar paredes o techos, lo que garantiza una instalaci\u00f3n sencilla y la m\u00e1xima discreci\u00f3n.<\/p>\n<p>Dise\u00f1ado teniendo en cuenta los detalles y la facilidad de uso, el kit de marco de soporte BRUTUS Sling promete revolucionar tu juego BDSM. El kit viene con un marco robusto y correas de nailon ajustables integradas, lo que permite ajustar la altura sin esfuerzo y sin tener que abandonar el arn\u00e9s. La adici\u00f3n de ojos adicionales en las esquinas inferiores del marco abre un nuevo mundo de posibilidades de bondage, haciendo de este marco una pieza central vers\u00e1til para todas tus aventuras er\u00f3ticas.<\/p>\n<p>El BRUTUS Sling Stand no s\u00f3lo es funcional, sino tambi\u00e9n excepcionalmente resistente, probado para una carga din\u00e1mica de 150 kilos. Esto garantiza una experiencia segura y sin preocupaciones para personas de todos los tama\u00f1os. Adem\u00e1s de los beneficios pr\u00e1cticos, el kit est\u00e1 dise\u00f1ado para brindar discreci\u00f3n y conveniencia; Incluye un estuche de transporte duradero y materiales f\u00e1ciles de lavar, lo que facilita la limpieza y el almacenamiento.<\/p>\n<p>Incluido en este kit:<\/p>\n<ul>\n<li>Estructura resistente con patas protectoras de goma.<\/li>\n<li>C\u00f3moda colchoneta con coj\u00edn, dise\u00f1ada para largas sesiones.<\/li>\n<li>Correas ajustables y presillas para los pies para una comodidad personalizada.<\/li>\n<li>Opciones de bondage con ojos y correas adicionales.<\/li>\n<li>Estuche de transporte duradero para almacenamiento y transporte.<\/li>\n<\/ul>\n<p>El BRUTUS Sling Stand Kit representa el equilibrio perfecto entre comodidad, funcionalidad y aventura, lo que lo convierte en un activo esencial para cualquier entusiasta del BDSM. Mejora tu juego y descubre posibilidades ilimitadas con este kit indispensable de liberatorshop.eu.<\/p>\n<p>Ver todos nuestros productos <a href=\"https:\/\/liberatorshop.eu\/product_cat\/liberatorshop-bdsm\/\">BDSM<\/a>.<\/p>\n<\/div>\n","protected":false},"excerpt":{"rendered":"<p>Descubra el pin\u00e1culo del placer BDSM con el kit <strong>BRUTUS Sling Stand<\/strong>, la incorporaci\u00f3n definitiva a su colecci\u00f3n de juegos er\u00f3ticos, disponible exclusivamente en liberatorshop.eu.<\/p>\n","protected":false},"featured_media":94072,"comment_status":"open","ping_status":"closed","template":"","meta":[],"product_brand":[],"product_cat":[20712,16187],"product_tag":[16147,15785,20832],"class_list":{"0":"post-94135","1":"product","2":"type-product","3":"status-publish","4":"has-post-thumbnail","6":"product_cat-liberatorshop-juguetes-sexuales","7":"product_cat-los-mas-vendidos","8":"product_tag-bdsm-es","9":"product_tag-bondage-es","10":"product_tag-brutus-es","11":"product_shipping_class-envio-3-5-dias-laborables","13":"first","14":"instock","15":"taxable","16":"shipping-taxable","17":"purchasable","18":"product-type-simple"},"yoast_head":"<!-- This site is optimized with the Yoast SEO plugin v27.3 - https:\/\/yoast.com\/product\/yoast-seo-wordpress\/ -->\n<title>BRUTUS Sling Stand Kit - Liberatorshop - Muebles sexuales y almohadas sexuales por descubrir<\/title>\n<meta name=\"description\" content=\"El BRUTUS Sling Stand Kit representa el equilibrio perfecto entre comodidad, funcionalidad y aventura, lo que lo convierte en un activo esencial para cualquier entusiasta del BDSM. Mejora tu juego y descubre posibilidades ilimitadas con este kit indispensable de liberatorshop.eu.\" \/>\n<meta name=\"robots\" content=\"index, follow, max-snippet:-1, max-image-preview:large, max-video-preview:-1\" \/>\n<link rel=\"canonical\" href=\"https:\/\/liberatorshop.eu\/es\/product\/los-mas-vendidos\/brutus-sling-stand-kit\/\" \/>\n<meta property=\"og:locale\" content=\"es_ES\" \/>\n<meta property=\"og:type\" content=\"article\" \/>\n<meta property=\"og:title\" content=\"BRUTUS Sling Stand Kit - Liberatorshop - Muebles sexuales y almohadas sexuales por descubrir\" \/>\n<meta property=\"og:description\" content=\"El BRUTUS Sling Stand Kit representa el equilibrio perfecto entre comodidad, funcionalidad y aventura, lo que lo convierte en un activo esencial para cualquier entusiasta del BDSM. Mejora tu juego y descubre posibilidades ilimitadas con este kit indispensable de liberatorshop.eu.\" \/>\n<meta property=\"og:url\" content=\"https:\/\/liberatorshop.eu\/es\/product\/los-mas-vendidos\/brutus-sling-stand-kit\/\" \/>\n<meta property=\"og:site_name\" content=\"Liberatorshop - Muebles sexuales y almohadas sexuales por descubrir\" \/>\n<meta property=\"article:modified_time\" content=\"2024-03-23T22:56:45+00:00\" \/>\n<meta property=\"og:image\" content=\"https:\/\/liberatorshop.eu\/wp-content\/uploads\/2023\/09\/BRUTUS_Sling_Stand_kit_01-scaled.jpg\" \/>\n\t<meta property=\"og:image:width\" content=\"1996\" \/>\n\t<meta property=\"og:image:height\" content=\"2560\" \/>\n\t<meta property=\"og:image:type\" content=\"image\/jpeg\" \/>\n<meta name=\"twitter:card\" content=\"summary_large_image\" \/>\n<meta name=\"twitter:label1\" content=\"Tiempo de lectura\" \/>\n\t<meta name=\"twitter:data1\" content=\"2 minutos\" \/>\n<script type=\"application\/ld+json\" class=\"yoast-schema-graph\">{\"@context\":\"https:\\\/\\\/schema.org\",\"@graph\":[{\"@type\":\"WebPage\",\"@id\":\"https:\\\/\\\/liberatorshop.eu\\\/es\\\/product\\\/los-mas-vendidos\\\/brutus-sling-stand-kit\\\/\",\"url\":\"https:\\\/\\\/liberatorshop.eu\\\/es\\\/product\\\/los-mas-vendidos\\\/brutus-sling-stand-kit\\\/\",\"name\":\"BRUTUS Sling Stand Kit - Liberatorshop - Muebles sexuales y almohadas sexuales por descubrir\",\"isPartOf\":{\"@id\":\"https:\\\/\\\/liberatorshop.eu\\\/es\\\/#website\"},\"primaryImageOfPage\":{\"@id\":\"https:\\\/\\\/liberatorshop.eu\\\/es\\\/product\\\/los-mas-vendidos\\\/brutus-sling-stand-kit\\\/#primaryimage\"},\"image\":{\"@id\":\"https:\\\/\\\/liberatorshop.eu\\\/es\\\/product\\\/los-mas-vendidos\\\/brutus-sling-stand-kit\\\/#primaryimage\"},\"thumbnailUrl\":\"https:\\\/\\\/liberatorshop.eu\\\/wp-content\\\/uploads\\\/2023\\\/09\\\/BRUTUS_Sling_Stand_kit_01-scaled.jpg\",\"datePublished\":\"2023-09-16T20:35:49+00:00\",\"dateModified\":\"2024-03-23T22:56:45+00:00\",\"description\":\"El BRUTUS Sling Stand Kit representa el equilibrio perfecto entre comodidad, funcionalidad y aventura, lo que lo convierte en un activo esencial para cualquier entusiasta del BDSM. Mejora tu juego y descubre posibilidades ilimitadas con este kit indispensable de liberatorshop.eu.\",\"breadcrumb\":{\"@id\":\"https:\\\/\\\/liberatorshop.eu\\\/es\\\/product\\\/los-mas-vendidos\\\/brutus-sling-stand-kit\\\/#breadcrumb\"},\"inLanguage\":\"es\",\"potentialAction\":[{\"@type\":\"ReadAction\",\"target\":[\"https:\\\/\\\/liberatorshop.eu\\\/es\\\/product\\\/los-mas-vendidos\\\/brutus-sling-stand-kit\\\/\"]}]},{\"@type\":\"ImageObject\",\"inLanguage\":\"es\",\"@id\":\"https:\\\/\\\/liberatorshop.eu\\\/es\\\/product\\\/los-mas-vendidos\\\/brutus-sling-stand-kit\\\/#primaryimage\",\"url\":\"https:\\\/\\\/liberatorshop.eu\\\/wp-content\\\/uploads\\\/2023\\\/09\\\/BRUTUS_Sling_Stand_kit_01-scaled.jpg\",\"contentUrl\":\"https:\\\/\\\/liberatorshop.eu\\\/wp-content\\\/uploads\\\/2023\\\/09\\\/BRUTUS_Sling_Stand_kit_01-scaled.jpg\",\"width\":1996,\"height\":2560},{\"@type\":\"BreadcrumbList\",\"@id\":\"https:\\\/\\\/liberatorshop.eu\\\/es\\\/product\\\/los-mas-vendidos\\\/brutus-sling-stand-kit\\\/#breadcrumb\",\"itemListElement\":[{\"@type\":\"ListItem\",\"position\":1,\"name\":\"Home\",\"item\":\"https:\\\/\\\/liberatorshop.eu\\\/es\\\/\"},{\"@type\":\"ListItem\",\"position\":2,\"name\":\"Comienzo\",\"item\":\"https:\\\/\\\/liberatorshop.eu\\\/es\\\/\"},{\"@type\":\"ListItem\",\"position\":3,\"name\":\"BRUTUS Sling Stand Kit\"}]},{\"@type\":\"WebSite\",\"@id\":\"https:\\\/\\\/liberatorshop.eu\\\/es\\\/#website\",\"url\":\"https:\\\/\\\/liberatorshop.eu\\\/es\\\/\",\"name\":\"Liberatorshop.eu\",\"description\":\"Liberatorshop - Love All Ways\",\"publisher\":{\"@id\":\"https:\\\/\\\/liberatorshop.eu\\\/es\\\/#organization\"},\"potentialAction\":[{\"@type\":\"SearchAction\",\"target\":{\"@type\":\"EntryPoint\",\"urlTemplate\":\"https:\\\/\\\/liberatorshop.eu\\\/es\\\/?s={search_term_string}\"},\"query-input\":{\"@type\":\"PropertyValueSpecification\",\"valueRequired\":true,\"valueName\":\"search_term_string\"}}],\"inLanguage\":\"es\"},{\"@type\":\"Organization\",\"@id\":\"https:\\\/\\\/liberatorshop.eu\\\/es\\\/#organization\",\"name\":\"Liberatorshop\",\"url\":\"https:\\\/\\\/liberatorshop.eu\\\/es\\\/\",\"logo\":{\"@type\":\"ImageObject\",\"inLanguage\":\"es\",\"@id\":\"https:\\\/\\\/liberatorshop.eu\\\/es\\\/#\\\/schema\\\/logo\\\/image\\\/\",\"url\":\"https:\\\/\\\/liberatorshop.eu\\\/wp-content\\\/uploads\\\/2023\\\/09\\\/flip-ramp-EXAMPLES-1500-x-500-px.png\",\"contentUrl\":\"https:\\\/\\\/liberatorshop.eu\\\/wp-content\\\/uploads\\\/2023\\\/09\\\/flip-ramp-EXAMPLES-1500-x-500-px.png\",\"width\":2560,\"height\":854,\"caption\":\"Liberatorshop\"},\"image\":{\"@id\":\"https:\\\/\\\/liberatorshop.eu\\\/es\\\/#\\\/schema\\\/logo\\\/image\\\/\"}}]}<\/script>\n<!-- \/ Yoast SEO plugin. -->","yoast_head_json":{"title":"BRUTUS Sling Stand Kit - Liberatorshop - Muebles sexuales y almohadas sexuales por descubrir","description":"El BRUTUS Sling Stand Kit representa el equilibrio perfecto entre comodidad, funcionalidad y aventura, lo que lo convierte en un activo esencial para cualquier entusiasta del BDSM. Mejora tu juego y descubre posibilidades ilimitadas con este kit indispensable de liberatorshop.eu.","robots":{"index":"index","follow":"follow","max-snippet":"max-snippet:-1","max-image-preview":"max-image-preview:large","max-video-preview":"max-video-preview:-1"},"canonical":"https:\/\/liberatorshop.eu\/es\/product\/los-mas-vendidos\/brutus-sling-stand-kit\/","og_locale":"es_ES","og_type":"article","og_title":"BRUTUS Sling Stand Kit - Liberatorshop - Muebles sexuales y almohadas sexuales por descubrir","og_description":"El BRUTUS Sling Stand Kit representa el equilibrio perfecto entre comodidad, funcionalidad y aventura, lo que lo convierte en un activo esencial para cualquier entusiasta del BDSM. Mejora tu juego y descubre posibilidades ilimitadas con este kit indispensable de liberatorshop.eu.","og_url":"https:\/\/liberatorshop.eu\/es\/product\/los-mas-vendidos\/brutus-sling-stand-kit\/","og_site_name":"Liberatorshop - Muebles sexuales y almohadas sexuales por descubrir","article_modified_time":"2024-03-23T22:56:45+00:00","og_image":[{"width":1996,"height":2560,"url":"https:\/\/liberatorshop.eu\/wp-content\/uploads\/2023\/09\/BRUTUS_Sling_Stand_kit_01-scaled.jpg","type":"image\/jpeg"}],"twitter_card":"summary_large_image","twitter_misc":{"Tiempo de lectura":"2 minutos"},"schema":{"@context":"https:\/\/schema.org","@graph":[{"@type":"WebPage","@id":"https:\/\/liberatorshop.eu\/es\/product\/los-mas-vendidos\/brutus-sling-stand-kit\/","url":"https:\/\/liberatorshop.eu\/es\/product\/los-mas-vendidos\/brutus-sling-stand-kit\/","name":"BRUTUS Sling Stand Kit - Liberatorshop - Muebles sexuales y almohadas sexuales por descubrir","isPartOf":{"@id":"https:\/\/liberatorshop.eu\/es\/#website"},"primaryImageOfPage":{"@id":"https:\/\/liberatorshop.eu\/es\/product\/los-mas-vendidos\/brutus-sling-stand-kit\/#primaryimage"},"image":{"@id":"https:\/\/liberatorshop.eu\/es\/product\/los-mas-vendidos\/brutus-sling-stand-kit\/#primaryimage"},"thumbnailUrl":"https:\/\/liberatorshop.eu\/wp-content\/uploads\/2023\/09\/BRUTUS_Sling_Stand_kit_01-scaled.jpg","datePublished":"2023-09-16T20:35:49+00:00","dateModified":"2024-03-23T22:56:45+00:00","description":"El BRUTUS Sling Stand Kit representa el equilibrio perfecto entre comodidad, funcionalidad y aventura, lo que lo convierte en un activo esencial para cualquier entusiasta del BDSM. Mejora tu juego y descubre posibilidades ilimitadas con este kit indispensable de liberatorshop.eu.","breadcrumb":{"@id":"https:\/\/liberatorshop.eu\/es\/product\/los-mas-vendidos\/brutus-sling-stand-kit\/#breadcrumb"},"inLanguage":"es","potentialAction":[{"@type":"ReadAction","target":["https:\/\/liberatorshop.eu\/es\/product\/los-mas-vendidos\/brutus-sling-stand-kit\/"]}]},{"@type":"ImageObject","inLanguage":"es","@id":"https:\/\/liberatorshop.eu\/es\/product\/los-mas-vendidos\/brutus-sling-stand-kit\/#primaryimage","url":"https:\/\/liberatorshop.eu\/wp-content\/uploads\/2023\/09\/BRUTUS_Sling_Stand_kit_01-scaled.jpg","contentUrl":"https:\/\/liberatorshop.eu\/wp-content\/uploads\/2023\/09\/BRUTUS_Sling_Stand_kit_01-scaled.jpg","width":1996,"height":2560},{"@type":"BreadcrumbList","@id":"https:\/\/liberatorshop.eu\/es\/product\/los-mas-vendidos\/brutus-sling-stand-kit\/#breadcrumb","itemListElement":[{"@type":"ListItem","position":1,"name":"Home","item":"https:\/\/liberatorshop.eu\/es\/"},{"@type":"ListItem","position":2,"name":"Comienzo","item":"https:\/\/liberatorshop.eu\/es\/"},{"@type":"ListItem","position":3,"name":"BRUTUS Sling Stand Kit"}]},{"@type":"WebSite","@id":"https:\/\/liberatorshop.eu\/es\/#website","url":"https:\/\/liberatorshop.eu\/es\/","name":"Liberatorshop.eu","description":"Liberatorshop - Love All Ways","publisher":{"@id":"https:\/\/liberatorshop.eu\/es\/#organization"},"potentialAction":[{"@type":"SearchAction","target":{"@type":"EntryPoint","urlTemplate":"https:\/\/liberatorshop.eu\/es\/?s={search_term_string}"},"query-input":{"@type":"PropertyValueSpecification","valueRequired":true,"valueName":"search_term_string"}}],"inLanguage":"es"},{"@type":"Organization","@id":"https:\/\/liberatorshop.eu\/es\/#organization","name":"Liberatorshop","url":"https:\/\/liberatorshop.eu\/es\/","logo":{"@type":"ImageObject","inLanguage":"es","@id":"https:\/\/liberatorshop.eu\/es\/#\/schema\/logo\/image\/","url":"https:\/\/liberatorshop.eu\/wp-content\/uploads\/2023\/09\/flip-ramp-EXAMPLES-1500-x-500-px.png","contentUrl":"https:\/\/liberatorshop.eu\/wp-content\/uploads\/2023\/09\/flip-ramp-EXAMPLES-1500-x-500-px.png","width":2560,"height":854,"caption":"Liberatorshop"},"image":{"@id":"https:\/\/liberatorshop.eu\/es\/#\/schema\/logo\/image\/"}}]}},"_links":{"self":[{"href":"https:\/\/liberatorshop.eu\/es\/wp-json\/wp\/v2\/product\/94135","targetHints":{"allow":["GET"]}}],"collection":[{"href":"https:\/\/liberatorshop.eu\/es\/wp-json\/wp\/v2\/product"}],"about":[{"href":"https:\/\/liberatorshop.eu\/es\/wp-json\/wp\/v2\/types\/product"}],"replies":[{"embeddable":true,"href":"https:\/\/liberatorshop.eu\/es\/wp-json\/wp\/v2\/comments?post=94135"}],"wp:featuredmedia":[{"embeddable":true,"href":"https:\/\/liberatorshop.eu\/es\/wp-json\/wp\/v2\/media\/94072"}],"wp:attachment":[{"href":"https:\/\/liberatorshop.eu\/es\/wp-json\/wp\/v2\/media?parent=94135"}],"wp:term":[{"taxonomy":"product_brand","embeddable":true,"href":"https:\/\/liberatorshop.eu\/es\/wp-json\/wp\/v2\/product_brand?post=94135"},{"taxonomy":"product_cat","embeddable":true,"href":"https:\/\/liberatorshop.eu\/es\/wp-json\/wp\/v2\/product_cat?post=94135"},{"taxonomy":"product_tag","embeddable":true,"href":"https:\/\/liberatorshop.eu\/es\/wp-json\/wp\/v2\/product_tag?post=94135"}],"curies":[{"name":"wp","href":"https:\/\/api.w.org\/{rel}","templated":true}]}}