{"id":65621,"date":"2021-02-27T20:45:28","date_gmt":"2021-02-27T19:45:28","guid":{"rendered":"https:\/\/liberatorshop.eu\/information-pour-les-clients\/"},"modified":"2024-06-30T17:19:14","modified_gmt":"2024-06-30T16:19:14","slug":"information-pour-les-clients","status":"publish","type":"page","link":"https:\/\/liberatorshop.eu\/fr\/information-pour-les-clients\/","title":{"rendered":"Information pour les clients"},"content":{"rendered":"<div class=\"fusion-fullwidth fullwidth-box fusion-builder-row-1 fusion-flex-container nonhundred-percent-fullwidth non-hundred-percent-height-scrolling\" style=\"--awb-border-radius-top-left:0px;--awb-border-radius-top-right:0px;--awb-border-radius-bottom-right:0px;--awb-border-radius-bottom-left:0px;--awb-flex-wrap:wrap;\" ><div class=\"fusion-builder-row fusion-row fusion-flex-align-items-flex-start fusion-flex-content-wrap\" style=\"max-width:calc( 1375px + );margin-left: calc(- \/ 2 );margin-right: calc(- \/ 2 );\"><div class=\"fusion-layout-column fusion_builder_column fusion-builder-column-0 fusion_builder_column_1_1 1_1 fusion-flex-column\" style=\"--awb-bg-size:cover;--awb-width-large:100%;--awb-margin-top-large:0px;--awb-margin-bottom-large:0px;--awb-width-medium:100%;--awb-width-small:100%;\"><div class=\"fusion-column-wrapper fusion-flex-justify-content-flex-start fusion-content-layout-column\"><nav class=\"fusion-breadcrumbs awb-yoast-breadcrumbs fusion-breadcrumbs-1\" style=\"--awb-margin-top:20px;--awb-margin-right:0px;--awb-margin-bottom:20px;--awb-margin-left:0px;--awb-breadcrumb-sep:&#039;\/&#039;;\" aria-label=\"Breadcrumb\"><span><span><a href=\"https:\/\/liberatorshop.eu\/fr\/\">Home<\/a><\/span><\/span><\/nav><div class=\"fusion-title title fusion-title-1 fusion-sep-none fusion-title-text fusion-title-size-one\" style=\"--awb-margin-top-small:10px;--awb-margin-right-small:0px;--awb-margin-bottom-small:10px;--awb-margin-left-small:0px;\"><h1 class=\"fusion-title-heading title-heading-left\" style=\"font-family:var(--awb-typography1-font-family);font-weight:var(--awb-typography1-font-weight);font-style:var(--awb-typography1-font-style);margin:0;\">Information pour les clients<\/h1><\/div><div class=\"fusion-text fusion-text-1\"><p>Liberatorshop.eu rel\u00e8ve de SixtyNine bv. SixtyNine bv est un grossiste et distributeur de produits Liberator. Nous vendons \u00e9galement des jouets, de la lingerie en latex, des boudoirs et des produits de soins personnels dans la boutique en ligne liberatorshop.eu.<\/p>\n<p>Pour des questions, des commentaires, des suggestions ou des rendez-vous, veuillez envoyer un e-mail \u00e0: info@liberatorshop.eu <\/p>\n<p><strong>Exp\u00e9dition dans le monde entier.<br \/><\/strong>Tous les paiements doivent \u00eatre effectu\u00e9s \u00e0 l&rsquo;avance, sauf si Klarna a \u00e9t\u00e9 choisie pour le paiement. La livraison de la marchandise n&rsquo;aura lieu qu&rsquo;apr\u00e8s paiement. Les frais d&rsquo;exp\u00e9dition sont sp\u00e9cifiques au pays et d\u00e9pendent de la taille et du poids. Habituellement, les commandes sont livr\u00e9es dans un d\u00e9lai de 2 \u00e0 4 jours ouvrables. <\/p>\n<p>Veuillez noter que des droits de douane suppl\u00e9mentaires peuvent \u00eatre factur\u00e9s pour les envois en dehors de l&rsquo;Union europ\u00e9enne (UE). Veuillez v\u00e9rifier cela \u00e0 l&rsquo;avance aupr\u00e8s de votre bureau de douane local.<\/p>\n<p>Effectuez votre d\u00e9p\u00f4t dans la semaine suivant la commande sur le compte suivant et n&rsquo;oubliez pas d&rsquo;indiquer votre num\u00e9ro de commande:<\/p>\n<p><strong>Coordonn\u00e9es bancaires<br \/><\/strong>Bank: ABN-AMRO BANK (Hoorn)<br \/>IBAN: NL98 ABNA 0568 6115 35<br \/>BIC: ABNANL2A<\/p>\n<p><strong>\u00c0 propos de Liberator<br \/><\/strong> La marque Liberator existe dans un environnement o\u00f9 se rencontrent amour, art et d\u00e9couverte. La gamme n&rsquo;est pas assez exotique pour \u00eatre class\u00e9e dans la cat\u00e9gorie des produits du sexe \u00ab\u00a0adulte\u00a0\u00bb, mais elle est trop sexy pour \u00eatre consid\u00e9r\u00e9e comme moyenne. Les produits de style amoureux de Liberator n&rsquo;ont pas \u00e9t\u00e9 vus auparavant dans le monde du sexe et de l&rsquo;\u00e9rotisme et apportent leur propre dynamique. L&rsquo;objectif est de permettre aux partenaires de vivre la meilleure exp\u00e9rience amoureuse possible, ensemble et individuellement. <\/p>\n<p>Liberator Bedroom Adventure Gear existe depuis 2004. L&rsquo;entreprise a \u00e9t\u00e9 fond\u00e9e par deux femmes et leurs maris r\u00e9sidant aux \u00c9tats-Unis et au Canada. Par exp\u00e9rience personnelle, ils ont compris que la monogamie sans possibilit\u00e9 de d\u00e9couverte et de nouvelles perspectives sexuelles peut \u00eatre incroyablement ennuyeuse. Inspir\u00e9s par un article de magazine d\u00e9crivant l&rsquo;utilisation d&rsquo;oreillers pour faire l&rsquo;amour, les quatre se sont lanc\u00e9s dans un voyage de recherche et de d\u00e9couverte. Cela a abouti \u00e0 une nouvelle vision du sexe et de la gamme de produits actuelle, Liberator.<\/p>\n<p><strong>Maintenant et futur<br \/><\/strong> Les produits transforment les chambres ordinaires en un paysage sexuel cr\u00e9atif. L&rsquo;utilisation de formes Liberator avec diff\u00e9rents angles, formes, courbes, couleurs et tailles est un excellent stimulant! Les formes Liberator aident les personnes de toute taille et poids, avec des probl\u00e8mes de dos ou d&rsquo;autres conditions m\u00e9dicales, \u00e0 se rapprocher confortablement et ensemble pour la relaxation, l&rsquo;intimit\u00e9 et \/ ou le sexe. Aujourd&rsquo;hui et \u00e0 l&rsquo;avenir, d&rsquo;autres produits portant le label Liberator appara\u00eetront.<\/p>\n<p><strong>\u00c0 propos de SixtyNine bv<br \/><\/strong> SixtyNine bv est titulaire d&rsquo;une licence pour la production et la vente de produits Liberator Bedroom Adventure Gear, une marque de style amoureux. Depuis mai 2008, SixtyNine bv, la soci\u00e9t\u00e9 m\u00e8re de liberatorshop.eu, d\u00e9tient les droits de production et de vente des produits Liberator aux Pays-Bas, en Allemagne, en France et en Belgique. SixtyNine bv a son bureau \u00e0 Hoorn, \u00e0 la t\u00eate de la Hollande du Nord. SixtyNine bv se consid\u00e8re comme plus qu&rsquo;un fournisseur de produits qui aident \u00e0 l&rsquo;exp\u00e9rience sexuelle entre partenaires pour l&rsquo;individu. Dans un proche avenir, des sites s\u00e9par\u00e9s seront d\u00e9velopp\u00e9s avec des produits \u00e0 usage orthop\u00e9dique sp\u00e9cialement pour les personnes handicap\u00e9es. Un site sera \u00e9galement d\u00e9velopp\u00e9 avec du mobilier sp\u00e9cialement pour les jeux et la d\u00e9tente.<\/p>\n<p>SixtyNine bv<br \/>Postbus 4046<br \/>1620 HA HOORN<br \/>les Pays-Bas<\/p>\n<p>E-mail: info@ liberatorshop.eu<br \/>Internet : liberatorshop.eu<\/p>\n<p>KvK: 62 922 122<br \/>BTW nr: NL.8550.15.627.B01<\/p>\n<p style=\"text-align: left;\">Cr\u00e9ez votre propre style d&rsquo;amour!<\/p>\n<p><img decoding=\"async\" class=\"wp-image-31755 aligncenter\" src=\"https:\/\/liberatorshop.eu\/wp-content\/uploads\/2020\/07\/Liberatorshop-Logo-2020.png\" alt=\"Liberatorshop Logo\" width=\"152\" height=\"62\"><\/p>\n<p>&nbsp;<\/p>\n<\/div><\/div><\/div><\/div><\/div>\n","protected":false},"excerpt":{"rendered":"","protected":false},"author":1,"featured_media":0,"parent":0,"menu_order":0,"comment_status":"closed","ping_status":"closed","template":"","meta":{"footnotes":""},"class_list":["post-65621","page","type-page","status-publish","hentry"],"yoast_head":"<!-- This site is optimized with the Yoast SEO plugin v27.3 - https:\/\/yoast.com\/product\/yoast-seo-wordpress\/ -->\n<title>Information pour les clients - Liberatorshop - Meubles sexuels et oreillers sexuels \u00e0 d\u00e9couvrir<\/title>\n<meta name=\"robots\" content=\"index, follow, max-snippet:-1, max-image-preview:large, max-video-preview:-1\" \/>\n<link rel=\"canonical\" href=\"https:\/\/liberatorshop.eu\/fr\/information-pour-les-clients\/\" \/>\n<meta property=\"og:locale\" content=\"fr_FR\" \/>\n<meta property=\"og:type\" content=\"article\" \/>\n<meta property=\"og:title\" content=\"Information pour les clients - Liberatorshop - Meubles sexuels et oreillers sexuels \u00e0 d\u00e9couvrir\" \/>\n<meta property=\"og:url\" content=\"https:\/\/liberatorshop.eu\/fr\/information-pour-les-clients\/\" \/>\n<meta property=\"og:site_name\" content=\"Liberatorshop - Meubles sexuels et oreillers sexuels \u00e0 d\u00e9couvrir\" \/>\n<meta property=\"article:modified_time\" content=\"2024-06-30T16:19:14+00:00\" \/>\n<meta property=\"og:image\" content=\"https:\/\/liberatorshop.eu\/wp-content\/uploads\/2020\/07\/Liberatorshop-Logo-2020.png\" \/>\n<meta name=\"twitter:card\" content=\"summary_large_image\" \/>\n<meta name=\"twitter:label1\" content=\"Dur\u00e9e de lecture estim\u00e9e\" \/>\n\t<meta name=\"twitter:data1\" content=\"6 minutes\" \/>\n<script type=\"application\/ld+json\" class=\"yoast-schema-graph\">{\"@context\":\"https:\\\/\\\/schema.org\",\"@graph\":[{\"@type\":\"WebPage\",\"@id\":\"https:\\\/\\\/liberatorshop.eu\\\/fr\\\/information-pour-les-clients\\\/\",\"url\":\"https:\\\/\\\/liberatorshop.eu\\\/fr\\\/information-pour-les-clients\\\/\",\"name\":\"Information pour les clients - Liberatorshop - Meubles sexuels et oreillers sexuels \u00e0 d\u00e9couvrir\",\"isPartOf\":{\"@id\":\"https:\\\/\\\/liberatorshop.eu\\\/fr\\\/#website\"},\"primaryImageOfPage\":{\"@id\":\"https:\\\/\\\/liberatorshop.eu\\\/fr\\\/information-pour-les-clients\\\/#primaryimage\"},\"image\":{\"@id\":\"https:\\\/\\\/liberatorshop.eu\\\/fr\\\/information-pour-les-clients\\\/#primaryimage\"},\"thumbnailUrl\":\"https:\\\/\\\/liberatorshop.eu\\\/wp-content\\\/uploads\\\/2020\\\/07\\\/Liberatorshop-Logo-2020.png\",\"datePublished\":\"2021-02-27T19:45:28+00:00\",\"dateModified\":\"2024-06-30T16:19:14+00:00\",\"breadcrumb\":{\"@id\":\"https:\\\/\\\/liberatorshop.eu\\\/fr\\\/information-pour-les-clients\\\/#breadcrumb\"},\"inLanguage\":\"fr-FR\",\"potentialAction\":[{\"@type\":\"ReadAction\",\"target\":[\"https:\\\/\\\/liberatorshop.eu\\\/fr\\\/information-pour-les-clients\\\/\"]}]},{\"@type\":\"ImageObject\",\"inLanguage\":\"fr-FR\",\"@id\":\"https:\\\/\\\/liberatorshop.eu\\\/fr\\\/information-pour-les-clients\\\/#primaryimage\",\"url\":\"https:\\\/\\\/liberatorshop.eu\\\/wp-content\\\/uploads\\\/2020\\\/07\\\/Liberatorshop-Logo-2020.png\",\"contentUrl\":\"https:\\\/\\\/liberatorshop.eu\\\/wp-content\\\/uploads\\\/2020\\\/07\\\/Liberatorshop-Logo-2020.png\"},{\"@type\":\"BreadcrumbList\",\"@id\":\"https:\\\/\\\/liberatorshop.eu\\\/fr\\\/information-pour-les-clients\\\/#breadcrumb\",\"itemListElement\":[{\"@type\":\"ListItem\",\"position\":1,\"name\":\"Home\",\"item\":\"https:\\\/\\\/liberatorshop.eu\\\/fr\\\/\"},{\"@type\":\"ListItem\",\"position\":2,\"name\":\"Information pour les clients\"}]},{\"@type\":\"WebSite\",\"@id\":\"https:\\\/\\\/liberatorshop.eu\\\/fr\\\/#website\",\"url\":\"https:\\\/\\\/liberatorshop.eu\\\/fr\\\/\",\"name\":\"Liberatorshop.eu\",\"description\":\"Liberatorshop - Love All Ways\",\"publisher\":{\"@id\":\"https:\\\/\\\/liberatorshop.eu\\\/fr\\\/#organization\"},\"potentialAction\":[{\"@type\":\"SearchAction\",\"target\":{\"@type\":\"EntryPoint\",\"urlTemplate\":\"https:\\\/\\\/liberatorshop.eu\\\/fr\\\/?s={search_term_string}\"},\"query-input\":{\"@type\":\"PropertyValueSpecification\",\"valueRequired\":true,\"valueName\":\"search_term_string\"}}],\"inLanguage\":\"fr-FR\"},{\"@type\":\"Organization\",\"@id\":\"https:\\\/\\\/liberatorshop.eu\\\/fr\\\/#organization\",\"name\":\"Liberatorshop\",\"url\":\"https:\\\/\\\/liberatorshop.eu\\\/fr\\\/\",\"logo\":{\"@type\":\"ImageObject\",\"inLanguage\":\"fr-FR\",\"@id\":\"https:\\\/\\\/liberatorshop.eu\\\/fr\\\/#\\\/schema\\\/logo\\\/image\\\/\",\"url\":\"https:\\\/\\\/liberatorshop.eu\\\/wp-content\\\/uploads\\\/2023\\\/09\\\/flip-ramp-EXAMPLES-1500-x-500-px.png\",\"contentUrl\":\"https:\\\/\\\/liberatorshop.eu\\\/wp-content\\\/uploads\\\/2023\\\/09\\\/flip-ramp-EXAMPLES-1500-x-500-px.png\",\"width\":2560,\"height\":854,\"caption\":\"Liberatorshop\"},\"image\":{\"@id\":\"https:\\\/\\\/liberatorshop.eu\\\/fr\\\/#\\\/schema\\\/logo\\\/image\\\/\"}}]}<\/script>\n<!-- \/ Yoast SEO plugin. -->","yoast_head_json":{"title":"Information pour les clients - Liberatorshop - Meubles sexuels et oreillers sexuels \u00e0 d\u00e9couvrir","robots":{"index":"index","follow":"follow","max-snippet":"max-snippet:-1","max-image-preview":"max-image-preview:large","max-video-preview":"max-video-preview:-1"},"canonical":"https:\/\/liberatorshop.eu\/fr\/information-pour-les-clients\/","og_locale":"fr_FR","og_type":"article","og_title":"Information pour les clients - Liberatorshop - Meubles sexuels et oreillers sexuels \u00e0 d\u00e9couvrir","og_url":"https:\/\/liberatorshop.eu\/fr\/information-pour-les-clients\/","og_site_name":"Liberatorshop - Meubles sexuels et oreillers sexuels \u00e0 d\u00e9couvrir","article_modified_time":"2024-06-30T16:19:14+00:00","og_image":[{"url":"https:\/\/liberatorshop.eu\/wp-content\/uploads\/2020\/07\/Liberatorshop-Logo-2020.png","type":"","width":"","height":""}],"twitter_card":"summary_large_image","twitter_misc":{"Dur\u00e9e de lecture estim\u00e9e":"6 minutes"},"schema":{"@context":"https:\/\/schema.org","@graph":[{"@type":"WebPage","@id":"https:\/\/liberatorshop.eu\/fr\/information-pour-les-clients\/","url":"https:\/\/liberatorshop.eu\/fr\/information-pour-les-clients\/","name":"Information pour les clients - Liberatorshop - Meubles sexuels et oreillers sexuels \u00e0 d\u00e9couvrir","isPartOf":{"@id":"https:\/\/liberatorshop.eu\/fr\/#website"},"primaryImageOfPage":{"@id":"https:\/\/liberatorshop.eu\/fr\/information-pour-les-clients\/#primaryimage"},"image":{"@id":"https:\/\/liberatorshop.eu\/fr\/information-pour-les-clients\/#primaryimage"},"thumbnailUrl":"https:\/\/liberatorshop.eu\/wp-content\/uploads\/2020\/07\/Liberatorshop-Logo-2020.png","datePublished":"2021-02-27T19:45:28+00:00","dateModified":"2024-06-30T16:19:14+00:00","breadcrumb":{"@id":"https:\/\/liberatorshop.eu\/fr\/information-pour-les-clients\/#breadcrumb"},"inLanguage":"fr-FR","potentialAction":[{"@type":"ReadAction","target":["https:\/\/liberatorshop.eu\/fr\/information-pour-les-clients\/"]}]},{"@type":"ImageObject","inLanguage":"fr-FR","@id":"https:\/\/liberatorshop.eu\/fr\/information-pour-les-clients\/#primaryimage","url":"https:\/\/liberatorshop.eu\/wp-content\/uploads\/2020\/07\/Liberatorshop-Logo-2020.png","contentUrl":"https:\/\/liberatorshop.eu\/wp-content\/uploads\/2020\/07\/Liberatorshop-Logo-2020.png"},{"@type":"BreadcrumbList","@id":"https:\/\/liberatorshop.eu\/fr\/information-pour-les-clients\/#breadcrumb","itemListElement":[{"@type":"ListItem","position":1,"name":"Home","item":"https:\/\/liberatorshop.eu\/fr\/"},{"@type":"ListItem","position":2,"name":"Information pour les clients"}]},{"@type":"WebSite","@id":"https:\/\/liberatorshop.eu\/fr\/#website","url":"https:\/\/liberatorshop.eu\/fr\/","name":"Liberatorshop.eu","description":"Liberatorshop - Love All Ways","publisher":{"@id":"https:\/\/liberatorshop.eu\/fr\/#organization"},"potentialAction":[{"@type":"SearchAction","target":{"@type":"EntryPoint","urlTemplate":"https:\/\/liberatorshop.eu\/fr\/?s={search_term_string}"},"query-input":{"@type":"PropertyValueSpecification","valueRequired":true,"valueName":"search_term_string"}}],"inLanguage":"fr-FR"},{"@type":"Organization","@id":"https:\/\/liberatorshop.eu\/fr\/#organization","name":"Liberatorshop","url":"https:\/\/liberatorshop.eu\/fr\/","logo":{"@type":"ImageObject","inLanguage":"fr-FR","@id":"https:\/\/liberatorshop.eu\/fr\/#\/schema\/logo\/image\/","url":"https:\/\/liberatorshop.eu\/wp-content\/uploads\/2023\/09\/flip-ramp-EXAMPLES-1500-x-500-px.png","contentUrl":"https:\/\/liberatorshop.eu\/wp-content\/uploads\/2023\/09\/flip-ramp-EXAMPLES-1500-x-500-px.png","width":2560,"height":854,"caption":"Liberatorshop"},"image":{"@id":"https:\/\/liberatorshop.eu\/fr\/#\/schema\/logo\/image\/"}}]}},"_links":{"self":[{"href":"https:\/\/liberatorshop.eu\/fr\/wp-json\/wp\/v2\/pages\/65621","targetHints":{"allow":["GET"]}}],"collection":[{"href":"https:\/\/liberatorshop.eu\/fr\/wp-json\/wp\/v2\/pages"}],"about":[{"href":"https:\/\/liberatorshop.eu\/fr\/wp-json\/wp\/v2\/types\/page"}],"author":[{"embeddable":true,"href":"https:\/\/liberatorshop.eu\/fr\/wp-json\/wp\/v2\/users\/1"}],"replies":[{"embeddable":true,"href":"https:\/\/liberatorshop.eu\/fr\/wp-json\/wp\/v2\/comments?post=65621"}],"version-history":[{"count":18,"href":"https:\/\/liberatorshop.eu\/fr\/wp-json\/wp\/v2\/pages\/65621\/revisions"}],"predecessor-version":[{"id":100450,"href":"https:\/\/liberatorshop.eu\/fr\/wp-json\/wp\/v2\/pages\/65621\/revisions\/100450"}],"wp:attachment":[{"href":"https:\/\/liberatorshop.eu\/fr\/wp-json\/wp\/v2\/media?parent=65621"}],"curies":[{"name":"wp","href":"https:\/\/api.w.org\/{rel}","templated":true}]}}