{"id":102433,"date":"2024-09-21T16:09:12","date_gmt":"2024-09-21T15:09:12","guid":{"rendered":"https:\/\/liberatorshop.eu\/product\/non%20class\u00e9\/liberator-aria-flip-chaise\/"},"modified":"2026-02-21T19:35:21","modified_gmt":"2026-02-21T18:35:21","slug":"liberator-aria-flip-chaise","status":"publish","type":"product","link":"https:\/\/liberatorshop.eu\/fr\/product\/liberator-fr\/liberator-aria-flip-chaise\/","title":{"rendered":"Liberator Aria Flip Chaise"},"content":{"rendered":"<h3>Liberator Aria Flip Chaise : Luxe et confort pour chaque position intime<\/h3>\n<p>La <strong>chaise Liberator Aria Flip Chaise<\/strong> offre un \u00e9quilibre parfait entre \u00e9l\u00e9gance et fonctionnalit\u00e9. Cette chaise longue \u00e9l\u00e9gante s&rsquo;int\u00e8gre discr\u00e8tement dans n&rsquo;importe quel int\u00e9rieur, mais r\u00e9v\u00e8le un monde de possibilit\u00e9s d\u00e8s qu&rsquo;elle est d\u00e9pli\u00e9e. Con\u00e7ue pour \u00eatre \u00e0 la fois esth\u00e9tique et pratique, la chaise longue Aria Flip Chaise offre un soutien confortable pour un large \u00e9ventail de positions sexuelles. Avec ses coussins doux et ergonomiques et sa base antid\u00e9rapante robuste, ce meuble transforme votre chambre \u00e0 coucher en un espace de jeu confortable et polyvalent.   <\/p>\n<h3>Pourquoi la chaise rabattable Aria est un incontournable<\/h3>\n<p>L&rsquo;<strong>Aria Flip Chaise<\/strong> est bien plus qu&rsquo;un meuble \u00e9l\u00e9gant. Il a \u00e9t\u00e9 con\u00e7u dans un souci d&rsquo;esth\u00e9tique et de fonctionnalit\u00e9. Que vous soyez allong\u00e9, assis ou en position de levrette, les coussins ronds et moelleux assurent la stabilit\u00e9 et soulagent la pression, augmentant ainsi le confort de vos moments intimes.  <\/p>\n<ul>\n<li><strong>Conception polyvalente<\/strong> : utilisez la m\u00e9ridienne pli\u00e9e comme un canap\u00e9 \u00e9l\u00e9gant ou d\u00e9pliez-la pour un meuble d&rsquo;amour au design ergonomique.<\/li>\n<li><strong>Soutien doux et confortable<\/strong> : les coussins haute densit\u00e9 offrent un confort ultime dans diverses positions, y compris le sexe oral et la levrette.<\/li>\n<li><strong>Facile \u00e0 nettoyer<\/strong> : les housses douces en microvelours peuvent \u00eatre retir\u00e9es et lav\u00e9es pour un nettoyage facile, garantissant une utilisation hygi\u00e9nique.<\/li>\n<li><strong>Base antid\u00e9rapante<\/strong> : pour un plaisir passionn\u00e9 et sans souci sans vous soucier de glisser.<\/li>\n<\/ul>\n<h3>Convient \u00e0 chaque atmosph\u00e8re et espace<\/h3>\n<p>Qu&rsquo;il s&rsquo;agisse d&rsquo;un ajout subtil \u00e0 votre int\u00e9rieur ou d&rsquo;un outil fonctionnel pour votre chambre \u00e0 coucher, le <strong>fauteuil Flip Chaise Aria<\/strong> s&rsquo;int\u00e8gre parfaitement \u00e0 tout environnement. Avec son design intelligent et ergonomique, il offre non seulement un confort lors des moments d&rsquo;intimit\u00e9, mais ajoute \u00e9galement une touche d&rsquo;\u00e9l\u00e9gance \u00e0 la pi\u00e8ce. <\/p>\n<h3>Principales fonctionnalit\u00e9s<\/h3>\n<ul>\n<li><strong>Dimensions pli\u00e9<\/strong> : L 152 cm x L 46 cm x H 46 cm<\/li>\n<li><strong>Dimensions d\u00e9pli\u00e9<\/strong> : L 183 cm x l 46 cm x H 71 cm<\/li>\n<li><strong>Mat\u00e9riau<\/strong> : polyester, polyur\u00e9thane<\/li>\n<li><strong>Couleur<\/strong>: Gris<\/li>\n<li><strong>Livr\u00e9 emball\u00e9 sous vide pour des frais de transport r\u00e9duits et un impact moindre sur l&rsquo;environnement<\/strong><\/li>\n<li><strong>Aucun assemblage requis<\/strong><\/li>\n<\/ul>\n<h3>D\u00e9couvrez-en davantage sur Liberator<\/h3>\n<p>Pour des meubles encore plus luxueux et ergonomiques, consultez notre <a href=\"https:\/\/liberatorshop.eu\/fr\/categorie-produit-fr\/liberator-fr\/\" target=\"_new\" rel=\"noopener\"><strong>collection Liberator<\/strong><\/a> et trouvez la pi\u00e8ce parfaite pour rendre vos moments intimes encore plus confortables.<\/p>\n<p><center><img decoding=\"async\" class=\"aligncenter size-full wp-image-104016\" src=\"https:\/\/liberatorshop.eu\/wp-content\/uploads\/2025\/05\/Liberator-Aria-Positions-to-try.jpg\" alt=\"\" width=\"1920\" height=\"1068\" srcset=\"https:\/\/liberatorshop.eu\/wp-content\/uploads\/2025\/05\/Liberator-Aria-Positions-to-try-200x111.jpg 200w, https:\/\/liberatorshop.eu\/wp-content\/uploads\/2025\/05\/Liberator-Aria-Positions-to-try-300x167.jpg 300w, https:\/\/liberatorshop.eu\/wp-content\/uploads\/2025\/05\/Liberator-Aria-Positions-to-try-400x223.jpg 400w, https:\/\/liberatorshop.eu\/wp-content\/uploads\/2025\/05\/Liberator-Aria-Positions-to-try-600x334.jpg 600w, https:\/\/liberatorshop.eu\/wp-content\/uploads\/2025\/05\/Liberator-Aria-Positions-to-try-700x389.jpg 700w, https:\/\/liberatorshop.eu\/wp-content\/uploads\/2025\/05\/Liberator-Aria-Positions-to-try-768x427.jpg 768w, https:\/\/liberatorshop.eu\/wp-content\/uploads\/2025\/05\/Liberator-Aria-Positions-to-try-800x445.jpg 800w, https:\/\/liberatorshop.eu\/wp-content\/uploads\/2025\/05\/Liberator-Aria-Positions-to-try-1024x570.jpg 1024w, https:\/\/liberatorshop.eu\/wp-content\/uploads\/2025\/05\/Liberator-Aria-Positions-to-try-1200x668.jpg 1200w, https:\/\/liberatorshop.eu\/wp-content\/uploads\/2025\/05\/Liberator-Aria-Positions-to-try-1536x854.jpg 1536w, https:\/\/liberatorshop.eu\/wp-content\/uploads\/2025\/05\/Liberator-Aria-Positions-to-try.jpg 1920w\" sizes=\"(max-width: 1920px) 100vw, 1920px\" \/><\/center><\/p>\n","protected":false},"excerpt":{"rendered":"<p>Liberator Aria Flip Chaise : Luxe et confort pour chaque  [&#8230;]<\/p>\n","protected":false},"featured_media":102383,"comment_status":"open","ping_status":"closed","template":"","meta":[],"product_brand":[],"product_cat":[15763,20659],"product_tag":[15779,16031,15805],"class_list":{"0":"post-102433","1":"product","2":"type-product","3":"status-publish","4":"has-post-thumbnail","6":"product_cat-liberator-fr","7":"product_cat-meubles-de-sexe","8":"product_tag-liberator-fr","9":"product_tag-meubles","10":"product_tag-positions-sexuelles","11":"product_shipping_class-envoi-3-4-jours-ouvres","12":"pa_kleur-gris","13":"pa_merk-liberator-fr","15":"first","16":"instock","17":"taxable","18":"shipping-taxable","19":"purchasable","20":"product-type-simple"},"yoast_head":"<!-- This site is optimized with the Yoast SEO plugin v27.3 - https:\/\/yoast.com\/product\/yoast-seo-wordpress\/ -->\n<title>Liberator Aria Flip Chaise - Liberatorshop - Meubles sexuels et oreillers sexuels \u00e0 d\u00e9couvrir<\/title>\n<meta name=\"description\" content=\"La chaise Liberator Aria Flip Chaise allie luxe et fonctionnalit\u00e9. El\u00e9gante comme un canap\u00e9 et polyvalente comme un meuble d&#039;amour, avec des coussins doux et ergonomiques et une base antid\u00e9rapante. D\u00e9couvrez son confort et ses possibilit\u00e9s sur Liberatorshop.eu.\" \/>\n<meta name=\"robots\" content=\"index, follow, max-snippet:-1, max-image-preview:large, max-video-preview:-1\" \/>\n<link rel=\"canonical\" href=\"https:\/\/liberatorshop.eu\/fr\/product\/liberator-fr\/liberator-aria-flip-chaise\/\" \/>\n<meta property=\"og:locale\" content=\"fr_FR\" \/>\n<meta property=\"og:type\" content=\"article\" \/>\n<meta property=\"og:title\" content=\"Liberator Aria Flip Chaise - Liberatorshop - Meubles sexuels et oreillers sexuels \u00e0 d\u00e9couvrir\" \/>\n<meta property=\"og:description\" content=\"La chaise Liberator Aria Flip Chaise allie luxe et fonctionnalit\u00e9. El\u00e9gante comme un canap\u00e9 et polyvalente comme un meuble d&#039;amour, avec des coussins doux et ergonomiques et une base antid\u00e9rapante. D\u00e9couvrez son confort et ses possibilit\u00e9s sur Liberatorshop.eu.\" \/>\n<meta property=\"og:url\" content=\"https:\/\/liberatorshop.eu\/fr\/product\/liberator-fr\/liberator-aria-flip-chaise\/\" \/>\n<meta property=\"og:site_name\" content=\"Liberatorshop - Meubles sexuels et oreillers sexuels \u00e0 d\u00e9couvrir\" \/>\n<meta property=\"article:modified_time\" content=\"2026-02-21T18:35:21+00:00\" \/>\n<meta property=\"og:image\" content=\"https:\/\/liberatorshop.eu\/wp-content\/uploads\/2024\/09\/Liberator-Aria-Flip-Chaise-01.jpg\" \/>\n\t<meta property=\"og:image:width\" content=\"1000\" \/>\n\t<meta property=\"og:image:height\" content=\"822\" \/>\n\t<meta property=\"og:image:type\" content=\"image\/jpeg\" \/>\n<meta name=\"twitter:card\" content=\"summary_large_image\" \/>\n<meta name=\"twitter:label1\" content=\"Dur\u00e9e de lecture estim\u00e9e\" \/>\n\t<meta name=\"twitter:data1\" content=\"2 minutes\" \/>\n<script type=\"application\/ld+json\" class=\"yoast-schema-graph\">{\"@context\":\"https:\\\/\\\/schema.org\",\"@graph\":[{\"@type\":\"WebPage\",\"@id\":\"https:\\\/\\\/liberatorshop.eu\\\/fr\\\/product\\\/liberator-fr\\\/liberator-aria-flip-chaise\\\/\",\"url\":\"https:\\\/\\\/liberatorshop.eu\\\/fr\\\/product\\\/liberator-fr\\\/liberator-aria-flip-chaise\\\/\",\"name\":\"Liberator Aria Flip Chaise - Liberatorshop - Meubles sexuels et oreillers sexuels \u00e0 d\u00e9couvrir\",\"isPartOf\":{\"@id\":\"https:\\\/\\\/liberatorshop.eu\\\/fr\\\/#website\"},\"primaryImageOfPage\":{\"@id\":\"https:\\\/\\\/liberatorshop.eu\\\/fr\\\/product\\\/liberator-fr\\\/liberator-aria-flip-chaise\\\/#primaryimage\"},\"image\":{\"@id\":\"https:\\\/\\\/liberatorshop.eu\\\/fr\\\/product\\\/liberator-fr\\\/liberator-aria-flip-chaise\\\/#primaryimage\"},\"thumbnailUrl\":\"https:\\\/\\\/liberatorshop.eu\\\/wp-content\\\/uploads\\\/2024\\\/09\\\/Liberator-Aria-Flip-Chaise-01.jpg\",\"datePublished\":\"2024-09-21T15:09:12+00:00\",\"dateModified\":\"2026-02-21T18:35:21+00:00\",\"description\":\"La chaise Liberator Aria Flip Chaise allie luxe et fonctionnalit\u00e9. El\u00e9gante comme un canap\u00e9 et polyvalente comme un meuble d'amour, avec des coussins doux et ergonomiques et une base antid\u00e9rapante. D\u00e9couvrez son confort et ses possibilit\u00e9s sur Liberatorshop.eu.\",\"breadcrumb\":{\"@id\":\"https:\\\/\\\/liberatorshop.eu\\\/fr\\\/product\\\/liberator-fr\\\/liberator-aria-flip-chaise\\\/#breadcrumb\"},\"inLanguage\":\"fr-FR\",\"potentialAction\":[{\"@type\":\"ReadAction\",\"target\":[\"https:\\\/\\\/liberatorshop.eu\\\/fr\\\/product\\\/liberator-fr\\\/liberator-aria-flip-chaise\\\/\"]}]},{\"@type\":\"ImageObject\",\"inLanguage\":\"fr-FR\",\"@id\":\"https:\\\/\\\/liberatorshop.eu\\\/fr\\\/product\\\/liberator-fr\\\/liberator-aria-flip-chaise\\\/#primaryimage\",\"url\":\"https:\\\/\\\/liberatorshop.eu\\\/wp-content\\\/uploads\\\/2024\\\/09\\\/Liberator-Aria-Flip-Chaise-01.jpg\",\"contentUrl\":\"https:\\\/\\\/liberatorshop.eu\\\/wp-content\\\/uploads\\\/2024\\\/09\\\/Liberator-Aria-Flip-Chaise-01.jpg\",\"width\":1000,\"height\":822,\"caption\":\"Transform your space with the elegant and functional Aria Flip Chaise\"},{\"@type\":\"BreadcrumbList\",\"@id\":\"https:\\\/\\\/liberatorshop.eu\\\/fr\\\/product\\\/liberator-fr\\\/liberator-aria-flip-chaise\\\/#breadcrumb\",\"itemListElement\":[{\"@type\":\"ListItem\",\"position\":1,\"name\":\"Home\",\"item\":\"https:\\\/\\\/liberatorshop.eu\\\/fr\\\/\"},{\"@type\":\"ListItem\",\"position\":2,\"name\":\"Acceuil\",\"item\":\"https:\\\/\\\/liberatorshop.eu\\\/fr\\\/\"},{\"@type\":\"ListItem\",\"position\":3,\"name\":\"Liberator Aria Flip Chaise\"}]},{\"@type\":\"WebSite\",\"@id\":\"https:\\\/\\\/liberatorshop.eu\\\/fr\\\/#website\",\"url\":\"https:\\\/\\\/liberatorshop.eu\\\/fr\\\/\",\"name\":\"Liberatorshop.eu\",\"description\":\"Liberatorshop - Love All Ways\",\"publisher\":{\"@id\":\"https:\\\/\\\/liberatorshop.eu\\\/fr\\\/#organization\"},\"potentialAction\":[{\"@type\":\"SearchAction\",\"target\":{\"@type\":\"EntryPoint\",\"urlTemplate\":\"https:\\\/\\\/liberatorshop.eu\\\/fr\\\/?s={search_term_string}\"},\"query-input\":{\"@type\":\"PropertyValueSpecification\",\"valueRequired\":true,\"valueName\":\"search_term_string\"}}],\"inLanguage\":\"fr-FR\"},{\"@type\":\"Organization\",\"@id\":\"https:\\\/\\\/liberatorshop.eu\\\/fr\\\/#organization\",\"name\":\"Liberatorshop\",\"url\":\"https:\\\/\\\/liberatorshop.eu\\\/fr\\\/\",\"logo\":{\"@type\":\"ImageObject\",\"inLanguage\":\"fr-FR\",\"@id\":\"https:\\\/\\\/liberatorshop.eu\\\/fr\\\/#\\\/schema\\\/logo\\\/image\\\/\",\"url\":\"https:\\\/\\\/liberatorshop.eu\\\/wp-content\\\/uploads\\\/2023\\\/09\\\/flip-ramp-EXAMPLES-1500-x-500-px.png\",\"contentUrl\":\"https:\\\/\\\/liberatorshop.eu\\\/wp-content\\\/uploads\\\/2023\\\/09\\\/flip-ramp-EXAMPLES-1500-x-500-px.png\",\"width\":2560,\"height\":854,\"caption\":\"Liberatorshop\"},\"image\":{\"@id\":\"https:\\\/\\\/liberatorshop.eu\\\/fr\\\/#\\\/schema\\\/logo\\\/image\\\/\"}}]}<\/script>\n<!-- \/ Yoast SEO plugin. -->","yoast_head_json":{"title":"Liberator Aria Flip Chaise - Liberatorshop - Meubles sexuels et oreillers sexuels \u00e0 d\u00e9couvrir","description":"La chaise Liberator Aria Flip Chaise allie luxe et fonctionnalit\u00e9. El\u00e9gante comme un canap\u00e9 et polyvalente comme un meuble d'amour, avec des coussins doux et ergonomiques et une base antid\u00e9rapante. D\u00e9couvrez son confort et ses possibilit\u00e9s sur Liberatorshop.eu.","robots":{"index":"index","follow":"follow","max-snippet":"max-snippet:-1","max-image-preview":"max-image-preview:large","max-video-preview":"max-video-preview:-1"},"canonical":"https:\/\/liberatorshop.eu\/fr\/product\/liberator-fr\/liberator-aria-flip-chaise\/","og_locale":"fr_FR","og_type":"article","og_title":"Liberator Aria Flip Chaise - Liberatorshop - Meubles sexuels et oreillers sexuels \u00e0 d\u00e9couvrir","og_description":"La chaise Liberator Aria Flip Chaise allie luxe et fonctionnalit\u00e9. El\u00e9gante comme un canap\u00e9 et polyvalente comme un meuble d'amour, avec des coussins doux et ergonomiques et une base antid\u00e9rapante. D\u00e9couvrez son confort et ses possibilit\u00e9s sur Liberatorshop.eu.","og_url":"https:\/\/liberatorshop.eu\/fr\/product\/liberator-fr\/liberator-aria-flip-chaise\/","og_site_name":"Liberatorshop - Meubles sexuels et oreillers sexuels \u00e0 d\u00e9couvrir","article_modified_time":"2026-02-21T18:35:21+00:00","og_image":[{"width":1000,"height":822,"url":"https:\/\/liberatorshop.eu\/wp-content\/uploads\/2024\/09\/Liberator-Aria-Flip-Chaise-01.jpg","type":"image\/jpeg"}],"twitter_card":"summary_large_image","twitter_misc":{"Dur\u00e9e de lecture estim\u00e9e":"2 minutes"},"schema":{"@context":"https:\/\/schema.org","@graph":[{"@type":"WebPage","@id":"https:\/\/liberatorshop.eu\/fr\/product\/liberator-fr\/liberator-aria-flip-chaise\/","url":"https:\/\/liberatorshop.eu\/fr\/product\/liberator-fr\/liberator-aria-flip-chaise\/","name":"Liberator Aria Flip Chaise - Liberatorshop - Meubles sexuels et oreillers sexuels \u00e0 d\u00e9couvrir","isPartOf":{"@id":"https:\/\/liberatorshop.eu\/fr\/#website"},"primaryImageOfPage":{"@id":"https:\/\/liberatorshop.eu\/fr\/product\/liberator-fr\/liberator-aria-flip-chaise\/#primaryimage"},"image":{"@id":"https:\/\/liberatorshop.eu\/fr\/product\/liberator-fr\/liberator-aria-flip-chaise\/#primaryimage"},"thumbnailUrl":"https:\/\/liberatorshop.eu\/wp-content\/uploads\/2024\/09\/Liberator-Aria-Flip-Chaise-01.jpg","datePublished":"2024-09-21T15:09:12+00:00","dateModified":"2026-02-21T18:35:21+00:00","description":"La chaise Liberator Aria Flip Chaise allie luxe et fonctionnalit\u00e9. El\u00e9gante comme un canap\u00e9 et polyvalente comme un meuble d'amour, avec des coussins doux et ergonomiques et une base antid\u00e9rapante. D\u00e9couvrez son confort et ses possibilit\u00e9s sur Liberatorshop.eu.","breadcrumb":{"@id":"https:\/\/liberatorshop.eu\/fr\/product\/liberator-fr\/liberator-aria-flip-chaise\/#breadcrumb"},"inLanguage":"fr-FR","potentialAction":[{"@type":"ReadAction","target":["https:\/\/liberatorshop.eu\/fr\/product\/liberator-fr\/liberator-aria-flip-chaise\/"]}]},{"@type":"ImageObject","inLanguage":"fr-FR","@id":"https:\/\/liberatorshop.eu\/fr\/product\/liberator-fr\/liberator-aria-flip-chaise\/#primaryimage","url":"https:\/\/liberatorshop.eu\/wp-content\/uploads\/2024\/09\/Liberator-Aria-Flip-Chaise-01.jpg","contentUrl":"https:\/\/liberatorshop.eu\/wp-content\/uploads\/2024\/09\/Liberator-Aria-Flip-Chaise-01.jpg","width":1000,"height":822,"caption":"Transform your space with the elegant and functional Aria Flip Chaise"},{"@type":"BreadcrumbList","@id":"https:\/\/liberatorshop.eu\/fr\/product\/liberator-fr\/liberator-aria-flip-chaise\/#breadcrumb","itemListElement":[{"@type":"ListItem","position":1,"name":"Home","item":"https:\/\/liberatorshop.eu\/fr\/"},{"@type":"ListItem","position":2,"name":"Acceuil","item":"https:\/\/liberatorshop.eu\/fr\/"},{"@type":"ListItem","position":3,"name":"Liberator Aria Flip Chaise"}]},{"@type":"WebSite","@id":"https:\/\/liberatorshop.eu\/fr\/#website","url":"https:\/\/liberatorshop.eu\/fr\/","name":"Liberatorshop.eu","description":"Liberatorshop - Love All Ways","publisher":{"@id":"https:\/\/liberatorshop.eu\/fr\/#organization"},"potentialAction":[{"@type":"SearchAction","target":{"@type":"EntryPoint","urlTemplate":"https:\/\/liberatorshop.eu\/fr\/?s={search_term_string}"},"query-input":{"@type":"PropertyValueSpecification","valueRequired":true,"valueName":"search_term_string"}}],"inLanguage":"fr-FR"},{"@type":"Organization","@id":"https:\/\/liberatorshop.eu\/fr\/#organization","name":"Liberatorshop","url":"https:\/\/liberatorshop.eu\/fr\/","logo":{"@type":"ImageObject","inLanguage":"fr-FR","@id":"https:\/\/liberatorshop.eu\/fr\/#\/schema\/logo\/image\/","url":"https:\/\/liberatorshop.eu\/wp-content\/uploads\/2023\/09\/flip-ramp-EXAMPLES-1500-x-500-px.png","contentUrl":"https:\/\/liberatorshop.eu\/wp-content\/uploads\/2023\/09\/flip-ramp-EXAMPLES-1500-x-500-px.png","width":2560,"height":854,"caption":"Liberatorshop"},"image":{"@id":"https:\/\/liberatorshop.eu\/fr\/#\/schema\/logo\/image\/"}}]}},"_links":{"self":[{"href":"https:\/\/liberatorshop.eu\/fr\/wp-json\/wp\/v2\/product\/102433","targetHints":{"allow":["GET"]}}],"collection":[{"href":"https:\/\/liberatorshop.eu\/fr\/wp-json\/wp\/v2\/product"}],"about":[{"href":"https:\/\/liberatorshop.eu\/fr\/wp-json\/wp\/v2\/types\/product"}],"replies":[{"embeddable":true,"href":"https:\/\/liberatorshop.eu\/fr\/wp-json\/wp\/v2\/comments?post=102433"}],"wp:featuredmedia":[{"embeddable":true,"href":"https:\/\/liberatorshop.eu\/fr\/wp-json\/wp\/v2\/media\/102383"}],"wp:attachment":[{"href":"https:\/\/liberatorshop.eu\/fr\/wp-json\/wp\/v2\/media?parent=102433"}],"wp:term":[{"taxonomy":"product_brand","embeddable":true,"href":"https:\/\/liberatorshop.eu\/fr\/wp-json\/wp\/v2\/product_brand?post=102433"},{"taxonomy":"product_cat","embeddable":true,"href":"https:\/\/liberatorshop.eu\/fr\/wp-json\/wp\/v2\/product_cat?post=102433"},{"taxonomy":"product_tag","embeddable":true,"href":"https:\/\/liberatorshop.eu\/fr\/wp-json\/wp\/v2\/product_tag?post=102433"}],"curies":[{"name":"wp","href":"https:\/\/api.w.org\/{rel}","templated":true}]}}