{"id":103128,"date":"2025-01-12T22:54:27","date_gmt":"2025-01-12T21:54:27","guid":{"rendered":"https:\/\/liberatorshop.eu\/?post_type=product&#038;p=103128"},"modified":"2025-12-01T02:12:40","modified_gmt":"2025-12-01T01:12:40","slug":"liberator-bondage-wedge-ramp-combo","status":"publish","type":"product","link":"https:\/\/liberatorshop.eu\/fr\/product\/liberator-fr\/liberator-bondage-wedge-ramp-combo\/","title":{"rendered":"Liberator Bondage Wedge Ramp Combo"},"content":{"rendered":"<h3><strong>Liberator Bondage Wedge Ramp Combo \u2013 Confort et contr\u00f4le en parfaite harmonie<\/strong><\/h3>\n<p>Le <strong>Liberator Bondage Wedge Ramp Combo<\/strong> est con\u00e7u pour un confort et un soutien ultimes, tandis que l&rsquo;ajout d&rsquo;\u00e9l\u00e9ments de bondage ajoute une nouvelle dimension de plaisir. Cet ensemble vous permet d&rsquo;explorer diff\u00e9rentes positions sans sacrifier la stabilit\u00e9 ou la commodit\u00e9. <\/p>\n<h4><strong>Pourquoi choisir le combo de rampes de cales de bondage ?<\/strong><\/h4>\n<ul>\n<li><strong>Conception ergonomique<\/strong> pour un soutien optimal du corps et un soulagement de la pression<\/li>\n<li><strong>Utilisation polyvalente<\/strong> : le Wedge et la rampe peuvent \u00eatre utilis\u00e9s ensemble ou s\u00e9par\u00e9ment<\/li>\n<li><strong>Comprend quatre poignets amovibles<\/strong> pour les mains et les pieds, parfaits pour les jeux de bondage<\/li>\n<li><strong>La housse en microfibre douce et antid\u00e9rapante<\/strong> assure que les coussins restent en place<\/li>\n<li><strong>Facile \u00e0 nettoyer<\/strong> \u2013 les housses sont amovibles et lavables en machine<\/li>\n<li><strong>Angle et hauteur parfaits<\/strong> pour une p\u00e9n\u00e9tration plus profonde et une accessibilit\u00e9 am\u00e9lior\u00e9e<\/li>\n<\/ul>\n<h3><strong>Conception innovante pour une flexibilit\u00e9 maximale<\/strong><\/h3>\n<p>Le coin et la rampe sont con\u00e7us pour se fixer solidement les uns aux autres sans se d\u00e9placer. Cela offre une stabilit\u00e9 et un confort suppl\u00e9mentaires, tandis que les poignets souples peuvent \u00eatre facilement attach\u00e9s aux coussinets pour des mouvements contr\u00f4l\u00e9s et une exploration en toute s\u00e9curit\u00e9. <\/p>\n<h4><strong>Dimensions<\/strong><\/h4>\n<ul>\n<li><strong>Cale :<\/strong> 61 x 35,5 x 17,75 cm<\/li>\n<li><strong>Rampe :<\/strong> 86,4 x 61 x 30,5 cm<\/li>\n<\/ul>\n<p>Disponible en <strong>Microfibre Cr\u00e8me<\/strong> et <strong>Microfibre Mauve<\/strong><\/p>\n<p>Mat\u00e9riel: <strong>Microfibre, Polyester, Polyur\u00e9thane<\/strong><\/p>\n<p>Que vous recherchiez plus de confort dans vos moments intimes ou que vous souhaitiez un ajout ludique \u00e0 votre chambre, le <strong>Liberator Bondage Wedge Ramp Combo<\/strong> offre l&rsquo;\u00e9quilibre id\u00e9al entre soutien et tension.<\/p>\n<h3>D\u00e9couvrez-en davantage sur Liberator<\/h3>\n<p>Pour des meubles encore plus luxueux et ergonomiques, consultez notre <a href=\"https:\/\/liberatorshop.eu\/fr\/categorie-produit-fr\/liberator-fr\/\" target=\"_new\" rel=\"noopener\"><strong>collection Liberator<\/strong><\/a> et trouvez la pi\u00e8ce parfaite pour rendre vos moments intimes encore plus confortables.<\/p>\n","protected":false},"excerpt":{"rendered":"<p>Liberator Bondage Wedge Ramp Combo \u2013 Confort et contr\u00f4le en  [&#8230;]<\/p>\n","protected":false},"featured_media":103163,"comment_status":"open","ping_status":"closed","template":"","meta":[],"product_brand":[],"product_cat":[16188,21037,15763,20659],"product_tag":[15779,16031,15805],"class_list":{"0":"post-103128","1":"product","2":"type-product","3":"status-publish","4":"has-post-thumbnail","6":"product_cat-meubles-sexuels-liberator-black-label","7":"product_cat-bondage-fr","8":"product_cat-liberator-fr","9":"product_cat-meubles-de-sexe","10":"product_tag-liberator-fr","11":"product_tag-meubles","12":"product_tag-positions-sexuelles","13":"product_shipping_class-envoi-3-4-jours-ouvres","14":"pa_kleur-microfiber-cream-fr","15":"pa_kleur-microfiber-mauve-fr","16":"pa_merk-liberator-fr","18":"first","19":"instock","20":"taxable","21":"shipping-taxable","22":"purchasable","23":"product-type-variable"},"yoast_head":"<!-- This site is optimized with the Yoast SEO plugin v27.3 - https:\/\/yoast.com\/product\/yoast-seo-wordpress\/ -->\n<title>Liberator Bondage Wedge Ramp Combo - Liberatorshop - Meubles sexuels et oreillers sexuels \u00e0 d\u00e9couvrir<\/title>\n<meta name=\"description\" content=\"Le Liberator Bondage Wedge Ramp Combo offre un confort et un contr\u00f4le ultimes. Comprend quatre poignets amovibles, un support ergonomique et une finition luxueuse. Discret et livr\u00e9 rapidement.\" \/>\n<meta name=\"robots\" content=\"index, follow, max-snippet:-1, max-image-preview:large, max-video-preview:-1\" \/>\n<link rel=\"canonical\" href=\"https:\/\/liberatorshop.eu\/fr\/product\/liberator-fr\/liberator-bondage-wedge-ramp-combo\/\" \/>\n<meta property=\"og:locale\" content=\"fr_FR\" \/>\n<meta property=\"og:type\" content=\"article\" \/>\n<meta property=\"og:title\" content=\"Liberator Bondage Wedge Ramp Combo - Liberatorshop - Meubles sexuels et oreillers sexuels \u00e0 d\u00e9couvrir\" \/>\n<meta property=\"og:description\" content=\"Le Liberator Bondage Wedge Ramp Combo offre un confort et un contr\u00f4le ultimes. Comprend quatre poignets amovibles, un support ergonomique et une finition luxueuse. Discret et livr\u00e9 rapidement.\" \/>\n<meta property=\"og:url\" content=\"https:\/\/liberatorshop.eu\/fr\/product\/liberator-fr\/liberator-bondage-wedge-ramp-combo\/\" \/>\n<meta property=\"og:site_name\" content=\"Liberatorshop - Meubles sexuels et oreillers sexuels \u00e0 d\u00e9couvrir\" \/>\n<meta property=\"article:modified_time\" content=\"2025-12-01T01:12:40+00:00\" \/>\n<meta property=\"og:image\" content=\"https:\/\/liberatorshop.eu\/wp-content\/uploads\/2025\/01\/Bondage-Wedge-Ramp-Cream-03.jpg\" \/>\n\t<meta property=\"og:image:width\" content=\"1000\" \/>\n\t<meta property=\"og:image:height\" content=\"752\" \/>\n\t<meta property=\"og:image:type\" content=\"image\/jpeg\" \/>\n<meta name=\"twitter:card\" content=\"summary_large_image\" \/>\n<meta name=\"twitter:label1\" content=\"Dur\u00e9e de lecture estim\u00e9e\" \/>\n\t<meta name=\"twitter:data1\" content=\"2 minutes\" \/>\n<script type=\"application\/ld+json\" class=\"yoast-schema-graph\">{\"@context\":\"https:\\\/\\\/schema.org\",\"@graph\":[{\"@type\":\"WebPage\",\"@id\":\"https:\\\/\\\/liberatorshop.eu\\\/fr\\\/product\\\/liberator-fr\\\/liberator-bondage-wedge-ramp-combo\\\/\",\"url\":\"https:\\\/\\\/liberatorshop.eu\\\/fr\\\/product\\\/liberator-fr\\\/liberator-bondage-wedge-ramp-combo\\\/\",\"name\":\"Liberator Bondage Wedge Ramp Combo - Liberatorshop - Meubles sexuels et oreillers sexuels \u00e0 d\u00e9couvrir\",\"isPartOf\":{\"@id\":\"https:\\\/\\\/liberatorshop.eu\\\/fr\\\/#website\"},\"primaryImageOfPage\":{\"@id\":\"https:\\\/\\\/liberatorshop.eu\\\/fr\\\/product\\\/liberator-fr\\\/liberator-bondage-wedge-ramp-combo\\\/#primaryimage\"},\"image\":{\"@id\":\"https:\\\/\\\/liberatorshop.eu\\\/fr\\\/product\\\/liberator-fr\\\/liberator-bondage-wedge-ramp-combo\\\/#primaryimage\"},\"thumbnailUrl\":\"https:\\\/\\\/liberatorshop.eu\\\/wp-content\\\/uploads\\\/2025\\\/01\\\/Bondage-Wedge-Ramp-Cream-03.jpg\",\"datePublished\":\"2025-01-12T21:54:27+00:00\",\"dateModified\":\"2025-12-01T01:12:40+00:00\",\"description\":\"Le Liberator Bondage Wedge Ramp Combo offre un confort et un contr\u00f4le ultimes. Comprend quatre poignets amovibles, un support ergonomique et une finition luxueuse. Discret et livr\u00e9 rapidement.\",\"breadcrumb\":{\"@id\":\"https:\\\/\\\/liberatorshop.eu\\\/fr\\\/product\\\/liberator-fr\\\/liberator-bondage-wedge-ramp-combo\\\/#breadcrumb\"},\"inLanguage\":\"fr-FR\",\"potentialAction\":[{\"@type\":\"ReadAction\",\"target\":[\"https:\\\/\\\/liberatorshop.eu\\\/fr\\\/product\\\/liberator-fr\\\/liberator-bondage-wedge-ramp-combo\\\/\"]}]},{\"@type\":\"ImageObject\",\"inLanguage\":\"fr-FR\",\"@id\":\"https:\\\/\\\/liberatorshop.eu\\\/fr\\\/product\\\/liberator-fr\\\/liberator-bondage-wedge-ramp-combo\\\/#primaryimage\",\"url\":\"https:\\\/\\\/liberatorshop.eu\\\/wp-content\\\/uploads\\\/2025\\\/01\\\/Bondage-Wedge-Ramp-Cream-03.jpg\",\"contentUrl\":\"https:\\\/\\\/liberatorshop.eu\\\/wp-content\\\/uploads\\\/2025\\\/01\\\/Bondage-Wedge-Ramp-Cream-03.jpg\",\"width\":1000,\"height\":752},{\"@type\":\"BreadcrumbList\",\"@id\":\"https:\\\/\\\/liberatorshop.eu\\\/fr\\\/product\\\/liberator-fr\\\/liberator-bondage-wedge-ramp-combo\\\/#breadcrumb\",\"itemListElement\":[{\"@type\":\"ListItem\",\"position\":1,\"name\":\"Home\",\"item\":\"https:\\\/\\\/liberatorshop.eu\\\/fr\\\/\"},{\"@type\":\"ListItem\",\"position\":2,\"name\":\"Acceuil\",\"item\":\"https:\\\/\\\/liberatorshop.eu\\\/fr\\\/\"},{\"@type\":\"ListItem\",\"position\":3,\"name\":\"Liberator Bondage Wedge Ramp Combo\"}]},{\"@type\":\"WebSite\",\"@id\":\"https:\\\/\\\/liberatorshop.eu\\\/fr\\\/#website\",\"url\":\"https:\\\/\\\/liberatorshop.eu\\\/fr\\\/\",\"name\":\"Liberatorshop.eu\",\"description\":\"Liberatorshop - Love All Ways\",\"publisher\":{\"@id\":\"https:\\\/\\\/liberatorshop.eu\\\/fr\\\/#organization\"},\"potentialAction\":[{\"@type\":\"SearchAction\",\"target\":{\"@type\":\"EntryPoint\",\"urlTemplate\":\"https:\\\/\\\/liberatorshop.eu\\\/fr\\\/?s={search_term_string}\"},\"query-input\":{\"@type\":\"PropertyValueSpecification\",\"valueRequired\":true,\"valueName\":\"search_term_string\"}}],\"inLanguage\":\"fr-FR\"},{\"@type\":\"Organization\",\"@id\":\"https:\\\/\\\/liberatorshop.eu\\\/fr\\\/#organization\",\"name\":\"Liberatorshop\",\"url\":\"https:\\\/\\\/liberatorshop.eu\\\/fr\\\/\",\"logo\":{\"@type\":\"ImageObject\",\"inLanguage\":\"fr-FR\",\"@id\":\"https:\\\/\\\/liberatorshop.eu\\\/fr\\\/#\\\/schema\\\/logo\\\/image\\\/\",\"url\":\"https:\\\/\\\/liberatorshop.eu\\\/wp-content\\\/uploads\\\/2023\\\/09\\\/flip-ramp-EXAMPLES-1500-x-500-px.png\",\"contentUrl\":\"https:\\\/\\\/liberatorshop.eu\\\/wp-content\\\/uploads\\\/2023\\\/09\\\/flip-ramp-EXAMPLES-1500-x-500-px.png\",\"width\":2560,\"height\":854,\"caption\":\"Liberatorshop\"},\"image\":{\"@id\":\"https:\\\/\\\/liberatorshop.eu\\\/fr\\\/#\\\/schema\\\/logo\\\/image\\\/\"}}]}<\/script>\n<!-- \/ Yoast SEO plugin. -->","yoast_head_json":{"title":"Liberator Bondage Wedge Ramp Combo - Liberatorshop - Meubles sexuels et oreillers sexuels \u00e0 d\u00e9couvrir","description":"Le Liberator Bondage Wedge Ramp Combo offre un confort et un contr\u00f4le ultimes. Comprend quatre poignets amovibles, un support ergonomique et une finition luxueuse. Discret et livr\u00e9 rapidement.","robots":{"index":"index","follow":"follow","max-snippet":"max-snippet:-1","max-image-preview":"max-image-preview:large","max-video-preview":"max-video-preview:-1"},"canonical":"https:\/\/liberatorshop.eu\/fr\/product\/liberator-fr\/liberator-bondage-wedge-ramp-combo\/","og_locale":"fr_FR","og_type":"article","og_title":"Liberator Bondage Wedge Ramp Combo - Liberatorshop - Meubles sexuels et oreillers sexuels \u00e0 d\u00e9couvrir","og_description":"Le Liberator Bondage Wedge Ramp Combo offre un confort et un contr\u00f4le ultimes. Comprend quatre poignets amovibles, un support ergonomique et une finition luxueuse. Discret et livr\u00e9 rapidement.","og_url":"https:\/\/liberatorshop.eu\/fr\/product\/liberator-fr\/liberator-bondage-wedge-ramp-combo\/","og_site_name":"Liberatorshop - Meubles sexuels et oreillers sexuels \u00e0 d\u00e9couvrir","article_modified_time":"2025-12-01T01:12:40+00:00","og_image":[{"width":1000,"height":752,"url":"https:\/\/liberatorshop.eu\/wp-content\/uploads\/2025\/01\/Bondage-Wedge-Ramp-Cream-03.jpg","type":"image\/jpeg"}],"twitter_card":"summary_large_image","twitter_misc":{"Dur\u00e9e de lecture estim\u00e9e":"2 minutes"},"schema":{"@context":"https:\/\/schema.org","@graph":[{"@type":"WebPage","@id":"https:\/\/liberatorshop.eu\/fr\/product\/liberator-fr\/liberator-bondage-wedge-ramp-combo\/","url":"https:\/\/liberatorshop.eu\/fr\/product\/liberator-fr\/liberator-bondage-wedge-ramp-combo\/","name":"Liberator Bondage Wedge Ramp Combo - Liberatorshop - Meubles sexuels et oreillers sexuels \u00e0 d\u00e9couvrir","isPartOf":{"@id":"https:\/\/liberatorshop.eu\/fr\/#website"},"primaryImageOfPage":{"@id":"https:\/\/liberatorshop.eu\/fr\/product\/liberator-fr\/liberator-bondage-wedge-ramp-combo\/#primaryimage"},"image":{"@id":"https:\/\/liberatorshop.eu\/fr\/product\/liberator-fr\/liberator-bondage-wedge-ramp-combo\/#primaryimage"},"thumbnailUrl":"https:\/\/liberatorshop.eu\/wp-content\/uploads\/2025\/01\/Bondage-Wedge-Ramp-Cream-03.jpg","datePublished":"2025-01-12T21:54:27+00:00","dateModified":"2025-12-01T01:12:40+00:00","description":"Le Liberator Bondage Wedge Ramp Combo offre un confort et un contr\u00f4le ultimes. Comprend quatre poignets amovibles, un support ergonomique et une finition luxueuse. Discret et livr\u00e9 rapidement.","breadcrumb":{"@id":"https:\/\/liberatorshop.eu\/fr\/product\/liberator-fr\/liberator-bondage-wedge-ramp-combo\/#breadcrumb"},"inLanguage":"fr-FR","potentialAction":[{"@type":"ReadAction","target":["https:\/\/liberatorshop.eu\/fr\/product\/liberator-fr\/liberator-bondage-wedge-ramp-combo\/"]}]},{"@type":"ImageObject","inLanguage":"fr-FR","@id":"https:\/\/liberatorshop.eu\/fr\/product\/liberator-fr\/liberator-bondage-wedge-ramp-combo\/#primaryimage","url":"https:\/\/liberatorshop.eu\/wp-content\/uploads\/2025\/01\/Bondage-Wedge-Ramp-Cream-03.jpg","contentUrl":"https:\/\/liberatorshop.eu\/wp-content\/uploads\/2025\/01\/Bondage-Wedge-Ramp-Cream-03.jpg","width":1000,"height":752},{"@type":"BreadcrumbList","@id":"https:\/\/liberatorshop.eu\/fr\/product\/liberator-fr\/liberator-bondage-wedge-ramp-combo\/#breadcrumb","itemListElement":[{"@type":"ListItem","position":1,"name":"Home","item":"https:\/\/liberatorshop.eu\/fr\/"},{"@type":"ListItem","position":2,"name":"Acceuil","item":"https:\/\/liberatorshop.eu\/fr\/"},{"@type":"ListItem","position":3,"name":"Liberator Bondage Wedge Ramp Combo"}]},{"@type":"WebSite","@id":"https:\/\/liberatorshop.eu\/fr\/#website","url":"https:\/\/liberatorshop.eu\/fr\/","name":"Liberatorshop.eu","description":"Liberatorshop - Love All Ways","publisher":{"@id":"https:\/\/liberatorshop.eu\/fr\/#organization"},"potentialAction":[{"@type":"SearchAction","target":{"@type":"EntryPoint","urlTemplate":"https:\/\/liberatorshop.eu\/fr\/?s={search_term_string}"},"query-input":{"@type":"PropertyValueSpecification","valueRequired":true,"valueName":"search_term_string"}}],"inLanguage":"fr-FR"},{"@type":"Organization","@id":"https:\/\/liberatorshop.eu\/fr\/#organization","name":"Liberatorshop","url":"https:\/\/liberatorshop.eu\/fr\/","logo":{"@type":"ImageObject","inLanguage":"fr-FR","@id":"https:\/\/liberatorshop.eu\/fr\/#\/schema\/logo\/image\/","url":"https:\/\/liberatorshop.eu\/wp-content\/uploads\/2023\/09\/flip-ramp-EXAMPLES-1500-x-500-px.png","contentUrl":"https:\/\/liberatorshop.eu\/wp-content\/uploads\/2023\/09\/flip-ramp-EXAMPLES-1500-x-500-px.png","width":2560,"height":854,"caption":"Liberatorshop"},"image":{"@id":"https:\/\/liberatorshop.eu\/fr\/#\/schema\/logo\/image\/"}}]}},"_links":{"self":[{"href":"https:\/\/liberatorshop.eu\/fr\/wp-json\/wp\/v2\/product\/103128","targetHints":{"allow":["GET"]}}],"collection":[{"href":"https:\/\/liberatorshop.eu\/fr\/wp-json\/wp\/v2\/product"}],"about":[{"href":"https:\/\/liberatorshop.eu\/fr\/wp-json\/wp\/v2\/types\/product"}],"replies":[{"embeddable":true,"href":"https:\/\/liberatorshop.eu\/fr\/wp-json\/wp\/v2\/comments?post=103128"}],"wp:featuredmedia":[{"embeddable":true,"href":"https:\/\/liberatorshop.eu\/fr\/wp-json\/wp\/v2\/media\/103163"}],"wp:attachment":[{"href":"https:\/\/liberatorshop.eu\/fr\/wp-json\/wp\/v2\/media?parent=103128"}],"wp:term":[{"taxonomy":"product_brand","embeddable":true,"href":"https:\/\/liberatorshop.eu\/fr\/wp-json\/wp\/v2\/product_brand?post=103128"},{"taxonomy":"product_cat","embeddable":true,"href":"https:\/\/liberatorshop.eu\/fr\/wp-json\/wp\/v2\/product_cat?post=103128"},{"taxonomy":"product_tag","embeddable":true,"href":"https:\/\/liberatorshop.eu\/fr\/wp-json\/wp\/v2\/product_tag?post=103128"}],"curies":[{"name":"wp","href":"https:\/\/api.w.org\/{rel}","templated":true}]}}