{"id":103306,"date":"2025-01-18T15:17:49","date_gmt":"2025-01-18T14:17:49","guid":{"rendered":"https:\/\/liberatorshop.eu\/product\/non class\u00e9\/liberator-bondage-wedge\/"},"modified":"2025-01-18T17:11:54","modified_gmt":"2025-01-18T16:11:54","slug":"liberator-bondage-wedge","status":"publish","type":"product","link":"https:\/\/liberatorshop.eu\/fr\/product\/liberator-fr\/liberator-bondage-wedge\/","title":{"rendered":"Liberator Bondage Wedge"},"content":{"rendered":"<p>Le <strong>Liberator Bondage Wedge<\/strong> est la combinaison id\u00e9ale de conception ergonomique, de confort et de possibilit\u00e9s passionnantes. Cet oreiller en forme de coin offre un soutien optimal lors des moments intimes et rend les diff\u00e9rentes positions plus faciles et plus confortables. Gr\u00e2ce aux menottes souples incluses avec fermetures r\u00e9glables, c&rsquo;est l&rsquo;outil parfait pour explorer le bondage de mani\u00e8re s\u00fbre et confortable.  <\/p>\n<p><strong>Pourquoi choisir le wedge de bondage Liberator ?<\/strong><\/p>\n<ul>\n<li><strong>Angle parfait pour une p\u00e9n\u00e9tration profonde :<\/strong> cr\u00e9e le bon soutien pour le bassin et les fesses, id\u00e9al pour la levrette, le missionnaire et d&rsquo;autres positions.<\/li>\n<li><strong>Acc\u00e8s plus facile :<\/strong> les zones intimes deviennent plus accessibles, rendant le sexe oral plus agr\u00e9able.<\/li>\n<li><strong>Options de bondage s\u00e9curis\u00e9es :<\/strong> comprend deux menottes souples avec des sangles r\u00e9glables qui s&rsquo;attachent facilement \u00e0 l&rsquo;oreiller.<\/li>\n<li><strong>Housse douce et lavable :<\/strong> la housse en microfibre est douce et velout\u00e9e et peut \u00eatre facilement retir\u00e9e et lav\u00e9e, pour une utilisation hygi\u00e9nique.<\/li>\n<li><strong>Corps en mousse r\u00e9sistant \u00e0 l&rsquo;humidit\u00e9 :<\/strong> Pour une utilisation \u00e0 long terme sans usure.<\/li>\n<\/ul>\n<p><strong>Dimensions et mat\u00e9riau<\/strong><\/p>\n<ul>\n<li><strong>Dimensions :<\/strong> 61 cm x 35,5 cm x 17,8 cm<\/li>\n<li><strong>Mat\u00e9riau :<\/strong> Polyester (microfibre) et polyur\u00e9thane (mousse)<\/li>\n<li><strong>Couleurs :<\/strong> Microfibre Cr\u00e8me et Microfibre Mauve<\/li>\n<\/ul>\n<p>Que vous recherchiez un soutien suppl\u00e9mentaire ou que vous souhaitiez enrichir vos moments intimes avec des \u00e9l\u00e9ments de bondage, le <strong>Liberator Bondage Wedge<\/strong> est con\u00e7u pour rendre vos exp\u00e9riences plus confortables et excitantes.<\/p>\n<h3>D\u00e9couvrez-en davantage sur Liberator<\/h3>\n<p>Pour des meubles encore plus luxueux et ergonomiques, consultez notre <a href=\"https:\/\/liberatorshop.eu\/fr\/categorie-produit-fr\/liberator-fr\/\" target=\"_new\" rel=\"noopener\"><strong>collection Liberator<\/strong><\/a> et trouvez la pi\u00e8ce parfaite pour rendre vos moments intimes encore plus confortables.<\/p>\n","protected":false},"excerpt":{"rendered":"<p>Le Liberator Bondage Wedge est la combinaison id\u00e9ale de conception  [&#8230;]<\/p>\n","protected":false},"featured_media":103288,"comment_status":"open","ping_status":"closed","template":"","meta":[],"product_brand":[],"product_cat":[16188,21037,15763,16185,20938],"product_tag":[15780,15779,15840,15805],"class_list":{"0":"post-103306","1":"product","2":"type-product","3":"status-publish","4":"has-post-thumbnail","6":"product_cat-meubles-sexuels-liberator-black-label","7":"product_cat-bondage-fr","8":"product_cat-liberator-fr","9":"product_cat-meilleures-ventes","10":"product_cat-liberator-wedges-fr","11":"product_tag-esclavage","12":"product_tag-liberator-fr","13":"product_tag-oreillers-de-sexe","14":"product_tag-positions-sexuelles","15":"product_shipping_class-envoi-3-4-jours-ouvres","16":"pa_kleur-microfiber-cream-fr","17":"pa_kleur-microfiber-mauve-fr","19":"first","20":"instock","21":"sale","22":"taxable","23":"shipping-taxable","24":"purchasable","25":"product-type-variable"},"yoast_head":"<!-- This site is optimized with the Yoast SEO plugin v27.3 - https:\/\/yoast.com\/product\/yoast-seo-wordpress\/ -->\n<title>Liberator Bondage Wedge - Liberatorshop - Meubles sexuels et oreillers sexuels \u00e0 d\u00e9couvrir<\/title>\n<meta name=\"description\" content=\"D\u00e9couvrez un confort ultime et des possibilit\u00e9s passionnantes avec le Liberator Bondage Wedge. Cet oreiller ergonomique favorise la p\u00e9n\u00e9tration profonde et le sexe oral et offre des options de bondage s\u00fbres. Comprend une housse douce et lavable et des menottes r\u00e9glables.\" \/>\n<meta name=\"robots\" content=\"index, follow, max-snippet:-1, max-image-preview:large, max-video-preview:-1\" \/>\n<link rel=\"canonical\" href=\"https:\/\/liberatorshop.eu\/fr\/product\/liberator-fr\/liberator-bondage-wedge\/\" \/>\n<meta property=\"og:locale\" content=\"fr_FR\" \/>\n<meta property=\"og:type\" content=\"article\" \/>\n<meta property=\"og:title\" content=\"Liberator Bondage Wedge - Liberatorshop - Meubles sexuels et oreillers sexuels \u00e0 d\u00e9couvrir\" \/>\n<meta property=\"og:description\" content=\"D\u00e9couvrez un confort ultime et des possibilit\u00e9s passionnantes avec le Liberator Bondage Wedge. Cet oreiller ergonomique favorise la p\u00e9n\u00e9tration profonde et le sexe oral et offre des options de bondage s\u00fbres. Comprend une housse douce et lavable et des menottes r\u00e9glables.\" \/>\n<meta property=\"og:url\" content=\"https:\/\/liberatorshop.eu\/fr\/product\/liberator-fr\/liberator-bondage-wedge\/\" \/>\n<meta property=\"og:site_name\" content=\"Liberatorshop - Meubles sexuels et oreillers sexuels \u00e0 d\u00e9couvrir\" \/>\n<meta property=\"article:modified_time\" content=\"2025-01-18T16:11:54+00:00\" \/>\n<meta property=\"og:image\" content=\"https:\/\/liberatorshop.eu\/wp-content\/uploads\/2025\/01\/Bondage-Wedge-Cream-03.jpg\" \/>\n\t<meta property=\"og:image:width\" content=\"1000\" \/>\n\t<meta property=\"og:image:height\" content=\"1000\" \/>\n\t<meta property=\"og:image:type\" content=\"image\/jpeg\" \/>\n<meta name=\"twitter:card\" content=\"summary_large_image\" \/>\n<meta name=\"twitter:label1\" content=\"Dur\u00e9e de lecture estim\u00e9e\" \/>\n\t<meta name=\"twitter:data1\" content=\"1 minute\" \/>\n<script type=\"application\/ld+json\" class=\"yoast-schema-graph\">{\"@context\":\"https:\\\/\\\/schema.org\",\"@graph\":[{\"@type\":\"WebPage\",\"@id\":\"https:\\\/\\\/liberatorshop.eu\\\/fr\\\/product\\\/liberator-fr\\\/liberator-bondage-wedge\\\/\",\"url\":\"https:\\\/\\\/liberatorshop.eu\\\/fr\\\/product\\\/liberator-fr\\\/liberator-bondage-wedge\\\/\",\"name\":\"Liberator Bondage Wedge - Liberatorshop - Meubles sexuels et oreillers sexuels \u00e0 d\u00e9couvrir\",\"isPartOf\":{\"@id\":\"https:\\\/\\\/liberatorshop.eu\\\/fr\\\/#website\"},\"primaryImageOfPage\":{\"@id\":\"https:\\\/\\\/liberatorshop.eu\\\/fr\\\/product\\\/liberator-fr\\\/liberator-bondage-wedge\\\/#primaryimage\"},\"image\":{\"@id\":\"https:\\\/\\\/liberatorshop.eu\\\/fr\\\/product\\\/liberator-fr\\\/liberator-bondage-wedge\\\/#primaryimage\"},\"thumbnailUrl\":\"https:\\\/\\\/liberatorshop.eu\\\/wp-content\\\/uploads\\\/2025\\\/01\\\/Bondage-Wedge-Cream-03.jpg\",\"datePublished\":\"2025-01-18T14:17:49+00:00\",\"dateModified\":\"2025-01-18T16:11:54+00:00\",\"description\":\"D\u00e9couvrez un confort ultime et des possibilit\u00e9s passionnantes avec le Liberator Bondage Wedge. Cet oreiller ergonomique favorise la p\u00e9n\u00e9tration profonde et le sexe oral et offre des options de bondage s\u00fbres. Comprend une housse douce et lavable et des menottes r\u00e9glables.\",\"breadcrumb\":{\"@id\":\"https:\\\/\\\/liberatorshop.eu\\\/fr\\\/product\\\/liberator-fr\\\/liberator-bondage-wedge\\\/#breadcrumb\"},\"inLanguage\":\"fr-FR\",\"potentialAction\":[{\"@type\":\"ReadAction\",\"target\":[\"https:\\\/\\\/liberatorshop.eu\\\/fr\\\/product\\\/liberator-fr\\\/liberator-bondage-wedge\\\/\"]}]},{\"@type\":\"ImageObject\",\"inLanguage\":\"fr-FR\",\"@id\":\"https:\\\/\\\/liberatorshop.eu\\\/fr\\\/product\\\/liberator-fr\\\/liberator-bondage-wedge\\\/#primaryimage\",\"url\":\"https:\\\/\\\/liberatorshop.eu\\\/wp-content\\\/uploads\\\/2025\\\/01\\\/Bondage-Wedge-Cream-03.jpg\",\"contentUrl\":\"https:\\\/\\\/liberatorshop.eu\\\/wp-content\\\/uploads\\\/2025\\\/01\\\/Bondage-Wedge-Cream-03.jpg\",\"width\":1000,\"height\":1000},{\"@type\":\"BreadcrumbList\",\"@id\":\"https:\\\/\\\/liberatorshop.eu\\\/fr\\\/product\\\/liberator-fr\\\/liberator-bondage-wedge\\\/#breadcrumb\",\"itemListElement\":[{\"@type\":\"ListItem\",\"position\":1,\"name\":\"Home\",\"item\":\"https:\\\/\\\/liberatorshop.eu\\\/fr\\\/\"},{\"@type\":\"ListItem\",\"position\":2,\"name\":\"Acceuil\",\"item\":\"https:\\\/\\\/liberatorshop.eu\\\/fr\\\/\"},{\"@type\":\"ListItem\",\"position\":3,\"name\":\"Liberator Bondage Wedge\"}]},{\"@type\":\"WebSite\",\"@id\":\"https:\\\/\\\/liberatorshop.eu\\\/fr\\\/#website\",\"url\":\"https:\\\/\\\/liberatorshop.eu\\\/fr\\\/\",\"name\":\"Liberatorshop.eu\",\"description\":\"Liberatorshop - Love All Ways\",\"publisher\":{\"@id\":\"https:\\\/\\\/liberatorshop.eu\\\/fr\\\/#organization\"},\"potentialAction\":[{\"@type\":\"SearchAction\",\"target\":{\"@type\":\"EntryPoint\",\"urlTemplate\":\"https:\\\/\\\/liberatorshop.eu\\\/fr\\\/?s={search_term_string}\"},\"query-input\":{\"@type\":\"PropertyValueSpecification\",\"valueRequired\":true,\"valueName\":\"search_term_string\"}}],\"inLanguage\":\"fr-FR\"},{\"@type\":\"Organization\",\"@id\":\"https:\\\/\\\/liberatorshop.eu\\\/fr\\\/#organization\",\"name\":\"Liberatorshop\",\"url\":\"https:\\\/\\\/liberatorshop.eu\\\/fr\\\/\",\"logo\":{\"@type\":\"ImageObject\",\"inLanguage\":\"fr-FR\",\"@id\":\"https:\\\/\\\/liberatorshop.eu\\\/fr\\\/#\\\/schema\\\/logo\\\/image\\\/\",\"url\":\"https:\\\/\\\/liberatorshop.eu\\\/wp-content\\\/uploads\\\/2023\\\/09\\\/flip-ramp-EXAMPLES-1500-x-500-px.png\",\"contentUrl\":\"https:\\\/\\\/liberatorshop.eu\\\/wp-content\\\/uploads\\\/2023\\\/09\\\/flip-ramp-EXAMPLES-1500-x-500-px.png\",\"width\":2560,\"height\":854,\"caption\":\"Liberatorshop\"},\"image\":{\"@id\":\"https:\\\/\\\/liberatorshop.eu\\\/fr\\\/#\\\/schema\\\/logo\\\/image\\\/\"}}]}<\/script>\n<!-- \/ Yoast SEO plugin. -->","yoast_head_json":{"title":"Liberator Bondage Wedge - Liberatorshop - Meubles sexuels et oreillers sexuels \u00e0 d\u00e9couvrir","description":"D\u00e9couvrez un confort ultime et des possibilit\u00e9s passionnantes avec le Liberator Bondage Wedge. Cet oreiller ergonomique favorise la p\u00e9n\u00e9tration profonde et le sexe oral et offre des options de bondage s\u00fbres. Comprend une housse douce et lavable et des menottes r\u00e9glables.","robots":{"index":"index","follow":"follow","max-snippet":"max-snippet:-1","max-image-preview":"max-image-preview:large","max-video-preview":"max-video-preview:-1"},"canonical":"https:\/\/liberatorshop.eu\/fr\/product\/liberator-fr\/liberator-bondage-wedge\/","og_locale":"fr_FR","og_type":"article","og_title":"Liberator Bondage Wedge - Liberatorshop - Meubles sexuels et oreillers sexuels \u00e0 d\u00e9couvrir","og_description":"D\u00e9couvrez un confort ultime et des possibilit\u00e9s passionnantes avec le Liberator Bondage Wedge. Cet oreiller ergonomique favorise la p\u00e9n\u00e9tration profonde et le sexe oral et offre des options de bondage s\u00fbres. Comprend une housse douce et lavable et des menottes r\u00e9glables.","og_url":"https:\/\/liberatorshop.eu\/fr\/product\/liberator-fr\/liberator-bondage-wedge\/","og_site_name":"Liberatorshop - Meubles sexuels et oreillers sexuels \u00e0 d\u00e9couvrir","article_modified_time":"2025-01-18T16:11:54+00:00","og_image":[{"width":1000,"height":1000,"url":"https:\/\/liberatorshop.eu\/wp-content\/uploads\/2025\/01\/Bondage-Wedge-Cream-03.jpg","type":"image\/jpeg"}],"twitter_card":"summary_large_image","twitter_misc":{"Dur\u00e9e de lecture estim\u00e9e":"1 minute"},"schema":{"@context":"https:\/\/schema.org","@graph":[{"@type":"WebPage","@id":"https:\/\/liberatorshop.eu\/fr\/product\/liberator-fr\/liberator-bondage-wedge\/","url":"https:\/\/liberatorshop.eu\/fr\/product\/liberator-fr\/liberator-bondage-wedge\/","name":"Liberator Bondage Wedge - Liberatorshop - Meubles sexuels et oreillers sexuels \u00e0 d\u00e9couvrir","isPartOf":{"@id":"https:\/\/liberatorshop.eu\/fr\/#website"},"primaryImageOfPage":{"@id":"https:\/\/liberatorshop.eu\/fr\/product\/liberator-fr\/liberator-bondage-wedge\/#primaryimage"},"image":{"@id":"https:\/\/liberatorshop.eu\/fr\/product\/liberator-fr\/liberator-bondage-wedge\/#primaryimage"},"thumbnailUrl":"https:\/\/liberatorshop.eu\/wp-content\/uploads\/2025\/01\/Bondage-Wedge-Cream-03.jpg","datePublished":"2025-01-18T14:17:49+00:00","dateModified":"2025-01-18T16:11:54+00:00","description":"D\u00e9couvrez un confort ultime et des possibilit\u00e9s passionnantes avec le Liberator Bondage Wedge. Cet oreiller ergonomique favorise la p\u00e9n\u00e9tration profonde et le sexe oral et offre des options de bondage s\u00fbres. Comprend une housse douce et lavable et des menottes r\u00e9glables.","breadcrumb":{"@id":"https:\/\/liberatorshop.eu\/fr\/product\/liberator-fr\/liberator-bondage-wedge\/#breadcrumb"},"inLanguage":"fr-FR","potentialAction":[{"@type":"ReadAction","target":["https:\/\/liberatorshop.eu\/fr\/product\/liberator-fr\/liberator-bondage-wedge\/"]}]},{"@type":"ImageObject","inLanguage":"fr-FR","@id":"https:\/\/liberatorshop.eu\/fr\/product\/liberator-fr\/liberator-bondage-wedge\/#primaryimage","url":"https:\/\/liberatorshop.eu\/wp-content\/uploads\/2025\/01\/Bondage-Wedge-Cream-03.jpg","contentUrl":"https:\/\/liberatorshop.eu\/wp-content\/uploads\/2025\/01\/Bondage-Wedge-Cream-03.jpg","width":1000,"height":1000},{"@type":"BreadcrumbList","@id":"https:\/\/liberatorshop.eu\/fr\/product\/liberator-fr\/liberator-bondage-wedge\/#breadcrumb","itemListElement":[{"@type":"ListItem","position":1,"name":"Home","item":"https:\/\/liberatorshop.eu\/fr\/"},{"@type":"ListItem","position":2,"name":"Acceuil","item":"https:\/\/liberatorshop.eu\/fr\/"},{"@type":"ListItem","position":3,"name":"Liberator Bondage Wedge"}]},{"@type":"WebSite","@id":"https:\/\/liberatorshop.eu\/fr\/#website","url":"https:\/\/liberatorshop.eu\/fr\/","name":"Liberatorshop.eu","description":"Liberatorshop - Love All Ways","publisher":{"@id":"https:\/\/liberatorshop.eu\/fr\/#organization"},"potentialAction":[{"@type":"SearchAction","target":{"@type":"EntryPoint","urlTemplate":"https:\/\/liberatorshop.eu\/fr\/?s={search_term_string}"},"query-input":{"@type":"PropertyValueSpecification","valueRequired":true,"valueName":"search_term_string"}}],"inLanguage":"fr-FR"},{"@type":"Organization","@id":"https:\/\/liberatorshop.eu\/fr\/#organization","name":"Liberatorshop","url":"https:\/\/liberatorshop.eu\/fr\/","logo":{"@type":"ImageObject","inLanguage":"fr-FR","@id":"https:\/\/liberatorshop.eu\/fr\/#\/schema\/logo\/image\/","url":"https:\/\/liberatorshop.eu\/wp-content\/uploads\/2023\/09\/flip-ramp-EXAMPLES-1500-x-500-px.png","contentUrl":"https:\/\/liberatorshop.eu\/wp-content\/uploads\/2023\/09\/flip-ramp-EXAMPLES-1500-x-500-px.png","width":2560,"height":854,"caption":"Liberatorshop"},"image":{"@id":"https:\/\/liberatorshop.eu\/fr\/#\/schema\/logo\/image\/"}}]}},"_links":{"self":[{"href":"https:\/\/liberatorshop.eu\/fr\/wp-json\/wp\/v2\/product\/103306","targetHints":{"allow":["GET"]}}],"collection":[{"href":"https:\/\/liberatorshop.eu\/fr\/wp-json\/wp\/v2\/product"}],"about":[{"href":"https:\/\/liberatorshop.eu\/fr\/wp-json\/wp\/v2\/types\/product"}],"replies":[{"embeddable":true,"href":"https:\/\/liberatorshop.eu\/fr\/wp-json\/wp\/v2\/comments?post=103306"}],"wp:featuredmedia":[{"embeddable":true,"href":"https:\/\/liberatorshop.eu\/fr\/wp-json\/wp\/v2\/media\/103288"}],"wp:attachment":[{"href":"https:\/\/liberatorshop.eu\/fr\/wp-json\/wp\/v2\/media?parent=103306"}],"wp:term":[{"taxonomy":"product_brand","embeddable":true,"href":"https:\/\/liberatorshop.eu\/fr\/wp-json\/wp\/v2\/product_brand?post=103306"},{"taxonomy":"product_cat","embeddable":true,"href":"https:\/\/liberatorshop.eu\/fr\/wp-json\/wp\/v2\/product_cat?post=103306"},{"taxonomy":"product_tag","embeddable":true,"href":"https:\/\/liberatorshop.eu\/fr\/wp-json\/wp\/v2\/product_tag?post=103306"}],"curies":[{"name":"wp","href":"https:\/\/api.w.org\/{rel}","templated":true}]}}