{"id":104686,"date":"2025-11-16T20:01:08","date_gmt":"2025-11-16T19:01:08","guid":{"rendered":"https:\/\/liberatorshop.eu\/?post_type=product&#038;p=104686"},"modified":"2025-12-01T02:12:25","modified_gmt":"2025-12-01T01:12:25","slug":"liberator-aria-flip-chaise-22","status":"publish","type":"product","link":"https:\/\/liberatorshop.eu\/fr\/product\/liberator-fr\/liberator-aria-flip-chaise-22\/","title":{"rendered":"Liberator Aria Flip Chaise 22&Prime;"},"content":{"rendered":"<h2 data-start=\"272\" data-end=\"356\"><strong data-start=\"275\" data-end=\"356\">Liberator Aria Flip Chaise 22\u201d Noir \u2013 Extra large, discret et confort ultime<\/strong><\/h2>\n<p data-start=\"358\" data-end=\"721\">D\u00e9couvrez un confort et une polyvalence sans pr\u00e9c\u00e9dent avec la <strong data-start=\"422\" data-end=\"475\">nouvelle chaise longue Aria Flip<\/strong> noire de 56 cm. Cette version extra-large offre tout ce que vous attendez de Liberator, avec encore plus d&rsquo;espace, de stabilit\u00e9 et de luxe. Un meuble discret qui se transforme en un clin d&rsquo;\u0153il en objet de jeu \u00e9rotique, sans d\u00e9naturer votre int\u00e9rieur.<\/p>\n<h3 data-start=\"723\" data-end=\"773\"><strong data-start=\"727\" data-end=\"773\">Pourquoi choisir l&rsquo;Aria Flip 22&Prime; Noir ?<\/strong><\/h3>\n<p data-start=\"775\" data-end=\"994\">Cette chaise longue allie style et fonctionnalit\u00e9. Seul ou \u00e0 deux, son design ergonomique et ses finitions luxueuses offrent un soutien et un confort optimaux dans toutes les positions.<\/p>\n<ul data-start=\"996\" data-end=\"1494\">\n<li data-start=\"996\" data-end=\"1059\">\n<p data-start=\"998\" data-end=\"1059\"><strong data-start=\"998\" data-end=\"1020\">Conception extra large<\/strong> pour plus de libert\u00e9 de mouvement et de confort<\/p>\n<\/li>\n<li data-start=\"1060\" data-end=\"1126\">\n<p data-start=\"1062\" data-end=\"1126\"><strong data-start=\"1062\" data-end=\"1087\">Discret et d\u00e9coratif<\/strong> \u2013 s&rsquo;int\u00e8gre parfaitement dans tout int\u00e9rieur moderne<\/p>\n<\/li>\n<li data-start=\"1127\" data-end=\"1188\">\n<p data-start=\"1129\" data-end=\"1188\"><strong data-start=\"1129\" data-end=\"1158\">Housses douces en micro-su\u00e8de<\/strong>, amovibles et lavables en machine<\/p>\n<\/li>\n<li data-start=\"1189\" data-end=\"1261\">\n<p data-start=\"1191\" data-end=\"1261\"><strong data-start=\"1191\" data-end=\"1216\">Base robuste et antid\u00e9rapante<\/strong> pour une utilisation sans souci lors de tous vos d\u00e9placements.<\/p>\n<\/li>\n<li data-start=\"1262\" data-end=\"1369\">\n<p data-start=\"1264\" data-end=\"1369\">Des coussins de forme <strong data-start=\"1264\" data-end=\"1296\">ergonomique<\/strong> soulagent la pression pendant le sexe oral, la levrette et les positions assises.<\/p>\n<\/li>\n<li data-start=\"1370\" data-end=\"1438\">\n<p data-start=\"1372\" data-end=\"1438\"><strong data-start=\"1372\" data-end=\"1391\">Mousse haute densit\u00e9 et ind\u00e9formable<\/strong> pour un soutien optimal<\/p>\n<\/li>\n<li data-start=\"1439\" data-end=\"1494\">\n<p data-start=\"1441\" data-end=\"1494\"><strong data-start=\"1441\" data-end=\"1461\">Se d\u00e9plie rapidement<\/strong> en un v\u00e9ritable meuble d&rsquo;amour<\/p>\n<\/li>\n<\/ul>\n<p data-start=\"1496\" data-end=\"1628\">La chaise longue Aria Flip Chaise 22&Prime; n&rsquo;est pas seulement fonctionnelle, c&rsquo;est une pi\u00e8ce ma\u00eetresse qui allie parfaitement confort et discr\u00e9tion.<\/p>\n<hr data-start=\"1630\" data-end=\"1633\" \/>\n<h3 data-start=\"1635\" data-end=\"1656\"><strong data-start=\"1639\" data-end=\"1656\">Caract\u00e9ristiques<\/strong><\/h3>\n<ul data-start=\"1657\" data-end=\"1976\">\n<li data-start=\"1657\" data-end=\"1675\">\n<p data-start=\"1659\" data-end=\"1675\"><strong data-start=\"1659\" data-end=\"1668\">Couleur:<\/strong> noir<\/p>\n<\/li>\n<li data-start=\"1676\" data-end=\"1735\">\n<p data-start=\"1678\" data-end=\"1735\"><strong data-start=\"1678\" data-end=\"1703\">Dimensions d\u00e9pli\u00e9 :<\/strong> L 183 cm x l 56 cm x H 70 cm<\/p>\n<\/li>\n<li data-start=\"1736\" data-end=\"1778\">\n<p data-start=\"1738\" data-end=\"1778\"><strong data-start=\"1738\" data-end=\"1751\">Mati\u00e8re :<\/strong> Polyester, polyur\u00e9thane<\/p>\n<\/li>\n<li data-start=\"1779\" data-end=\"1838\">\n<p data-start=\"1781\" data-end=\"1838\"><strong data-start=\"1781\" data-end=\"1794\">Entretien :<\/strong> Les housses sont amovibles et lavables en machine.<\/p>\n<\/li>\n<li data-start=\"1839\" data-end=\"1929\">\n<p data-start=\"1841\" data-end=\"1929\"><strong data-start=\"1841\" data-end=\"1853\">Livraison :<\/strong> Emballage sous vide pour r\u00e9duire les frais de livraison et minimiser l&rsquo;impact environnemental<\/p>\n<\/li>\n<li data-start=\"1930\" data-end=\"1976\">\n<p data-start=\"1932\" data-end=\"1976\"><strong data-start=\"1932\" data-end=\"1943\">Assemblage :<\/strong> Aucun assemblage requis \u2013 pr\u00eat \u00e0 l&#8217;emploi<\/p>\n<\/li>\n<\/ul>\n<hr data-start=\"2225\" data-end=\"2228\" \/>\n<p data-start=\"2230\" data-end=\"2305\"><strong data-start=\"2230\" data-end=\"2305\">\ud83d\udda4 \u200b\u200bCommandez d\u00e8s maintenant l&rsquo;Aria Flip 22&Prime; noir exclusif et d\u00e9couvrez la diff\u00e9rence.<\/strong><\/p>\n<hr data-start=\"2307\" data-end=\"2310\" \/>\n<h3 data-start=\"1983\" data-end=\"2020\"><strong data-start=\"1987\" data-end=\"2020\">Am\u00e9liorez votre exp\u00e9rience de chambre \u00e0 coucher<\/strong><\/h3>\n<p>Cr\u00e9ez un univers de confort et de s\u00e9duction avec une pi\u00e8ce unique qui se transforme sans effort d&rsquo;un moment de d\u00e9tente \u00e0 un instant de plaisir. D\u00e9couvrez notre<strong><a href=\"https:\/\/liberatorshop.eu\/fr\/categorie-produit-fr\/liberator-fr\/\" target=\"_new\" rel=\"noopener\"> collection Liberator<\/a><\/strong> et trouvez la pi\u00e8ce id\u00e9ale pour sublimer vos instants intimes.<\/p>\n<p><center><img decoding=\"async\" class=\"aligncenter size-full wp-image-104016\" src=\"https:\/\/liberatorshop.eu\/wp-content\/uploads\/2025\/05\/Liberator-Aria-Positions-to-try.jpg\" alt=\"\" width=\"1920\" height=\"1068\" srcset=\"https:\/\/liberatorshop.eu\/wp-content\/uploads\/2025\/05\/Liberator-Aria-Positions-to-try-200x111.jpg 200w, https:\/\/liberatorshop.eu\/wp-content\/uploads\/2025\/05\/Liberator-Aria-Positions-to-try-300x167.jpg 300w, https:\/\/liberatorshop.eu\/wp-content\/uploads\/2025\/05\/Liberator-Aria-Positions-to-try-400x223.jpg 400w, https:\/\/liberatorshop.eu\/wp-content\/uploads\/2025\/05\/Liberator-Aria-Positions-to-try-600x334.jpg 600w, https:\/\/liberatorshop.eu\/wp-content\/uploads\/2025\/05\/Liberator-Aria-Positions-to-try-700x389.jpg 700w, https:\/\/liberatorshop.eu\/wp-content\/uploads\/2025\/05\/Liberator-Aria-Positions-to-try-768x427.jpg 768w, https:\/\/liberatorshop.eu\/wp-content\/uploads\/2025\/05\/Liberator-Aria-Positions-to-try-800x445.jpg 800w, https:\/\/liberatorshop.eu\/wp-content\/uploads\/2025\/05\/Liberator-Aria-Positions-to-try-1024x570.jpg 1024w, https:\/\/liberatorshop.eu\/wp-content\/uploads\/2025\/05\/Liberator-Aria-Positions-to-try-1200x668.jpg 1200w, https:\/\/liberatorshop.eu\/wp-content\/uploads\/2025\/05\/Liberator-Aria-Positions-to-try-1536x854.jpg 1536w, https:\/\/liberatorshop.eu\/wp-content\/uploads\/2025\/05\/Liberator-Aria-Positions-to-try.jpg 1920w\" sizes=\"(max-width: 1920px) 100vw, 1920px\" \/><\/center><\/p>\n","protected":false},"excerpt":{"rendered":"<p>Liberator Aria Flip Chaise 22\u201d Noir \u2013 Extra large, discret  [&#8230;]<\/p>\n","protected":false},"featured_media":104726,"comment_status":"open","ping_status":"closed","template":"","meta":[],"product_brand":[],"product_cat":[15763,20659],"product_tag":[15779,16031,15805],"class_list":{"0":"post-104686","1":"product","2":"type-product","3":"status-publish","4":"has-post-thumbnail","6":"product_cat-liberator-fr","7":"product_cat-meubles-de-sexe","8":"product_tag-liberator-fr","9":"product_tag-meubles","10":"product_tag-positions-sexuelles","11":"product_shipping_class-envoi-3-4-jours-ouvres","12":"pa_kleur-gris","13":"pa_merk-liberator-fr","15":"first","16":"outofstock","17":"taxable","18":"shipping-taxable","19":"purchasable","20":"product-type-simple"},"yoast_head":"<!-- This site is optimized with the Yoast SEO plugin v27.3 - https:\/\/yoast.com\/product\/yoast-seo-wordpress\/ -->\n<title>Liberator Aria Flip Chaise 22&quot; - Liberatorshop - Meubles sexuels et oreillers sexuels \u00e0 d\u00e9couvrir<\/title>\n<meta name=\"description\" content=\"La m\u00e9ridienne Liberator Aria Flip allie luxe et fonctionnalit\u00e9. Un confort \u00e9l\u00e9gant sur un canap\u00e9 au design multifonctionnel, alliant douceur et ergonomie gr\u00e2ce \u00e0 son pi\u00e8tement antid\u00e9rapant. D\u00e9couvrez tout son confort et ses possibilit\u00e9s sur Liberatorshop.eu.\" \/>\n<meta name=\"robots\" content=\"index, follow, max-snippet:-1, max-image-preview:large, max-video-preview:-1\" \/>\n<link rel=\"canonical\" href=\"https:\/\/liberatorshop.eu\/fr\/product\/liberator-fr\/liberator-aria-flip-chaise-22\/\" \/>\n<meta property=\"og:locale\" content=\"fr_FR\" \/>\n<meta property=\"og:type\" content=\"article\" \/>\n<meta property=\"og:title\" content=\"Liberator Aria Flip Chaise 22&quot; - Liberatorshop - Meubles sexuels et oreillers sexuels \u00e0 d\u00e9couvrir\" \/>\n<meta property=\"og:description\" content=\"La m\u00e9ridienne Liberator Aria Flip allie luxe et fonctionnalit\u00e9. Un confort \u00e9l\u00e9gant sur un canap\u00e9 au design multifonctionnel, alliant douceur et ergonomie gr\u00e2ce \u00e0 son pi\u00e8tement antid\u00e9rapant. D\u00e9couvrez tout son confort et ses possibilit\u00e9s sur Liberatorshop.eu.\" \/>\n<meta property=\"og:url\" content=\"https:\/\/liberatorshop.eu\/fr\/product\/liberator-fr\/liberator-aria-flip-chaise-22\/\" \/>\n<meta property=\"og:site_name\" content=\"Liberatorshop - Meubles sexuels et oreillers sexuels \u00e0 d\u00e9couvrir\" \/>\n<meta property=\"article:modified_time\" content=\"2025-12-01T01:12:25+00:00\" \/>\n<meta property=\"og:image\" content=\"https:\/\/liberatorshop.eu\/wp-content\/uploads\/2025\/11\/Liberator-Aria-Flip-22-inch-black08.jpg\" \/>\n\t<meta property=\"og:image:width\" content=\"1000\" \/>\n\t<meta property=\"og:image:height\" content=\"664\" \/>\n\t<meta property=\"og:image:type\" content=\"image\/jpeg\" \/>\n<meta name=\"twitter:card\" content=\"summary_large_image\" \/>\n<meta name=\"twitter:label1\" content=\"Dur\u00e9e de lecture estim\u00e9e\" \/>\n\t<meta name=\"twitter:data1\" content=\"2 minutes\" \/>\n<script type=\"application\/ld+json\" class=\"yoast-schema-graph\">{\"@context\":\"https:\\\/\\\/schema.org\",\"@graph\":[{\"@type\":\"WebPage\",\"@id\":\"https:\\\/\\\/liberatorshop.eu\\\/fr\\\/product\\\/liberator-fr\\\/liberator-aria-flip-chaise-22\\\/\",\"url\":\"https:\\\/\\\/liberatorshop.eu\\\/fr\\\/product\\\/liberator-fr\\\/liberator-aria-flip-chaise-22\\\/\",\"name\":\"Liberator Aria Flip Chaise 22\\\" - Liberatorshop - Meubles sexuels et oreillers sexuels \u00e0 d\u00e9couvrir\",\"isPartOf\":{\"@id\":\"https:\\\/\\\/liberatorshop.eu\\\/fr\\\/#website\"},\"primaryImageOfPage\":{\"@id\":\"https:\\\/\\\/liberatorshop.eu\\\/fr\\\/product\\\/liberator-fr\\\/liberator-aria-flip-chaise-22\\\/#primaryimage\"},\"image\":{\"@id\":\"https:\\\/\\\/liberatorshop.eu\\\/fr\\\/product\\\/liberator-fr\\\/liberator-aria-flip-chaise-22\\\/#primaryimage\"},\"thumbnailUrl\":\"https:\\\/\\\/liberatorshop.eu\\\/wp-content\\\/uploads\\\/2025\\\/11\\\/Liberator-Aria-Flip-22-inch-black08.jpg\",\"datePublished\":\"2025-11-16T19:01:08+00:00\",\"dateModified\":\"2025-12-01T01:12:25+00:00\",\"description\":\"La m\u00e9ridienne Liberator Aria Flip allie luxe et fonctionnalit\u00e9. Un confort \u00e9l\u00e9gant sur un canap\u00e9 au design multifonctionnel, alliant douceur et ergonomie gr\u00e2ce \u00e0 son pi\u00e8tement antid\u00e9rapant. D\u00e9couvrez tout son confort et ses possibilit\u00e9s sur Liberatorshop.eu.\",\"breadcrumb\":{\"@id\":\"https:\\\/\\\/liberatorshop.eu\\\/fr\\\/product\\\/liberator-fr\\\/liberator-aria-flip-chaise-22\\\/#breadcrumb\"},\"inLanguage\":\"fr-FR\",\"potentialAction\":[{\"@type\":\"ReadAction\",\"target\":[\"https:\\\/\\\/liberatorshop.eu\\\/fr\\\/product\\\/liberator-fr\\\/liberator-aria-flip-chaise-22\\\/\"]}]},{\"@type\":\"ImageObject\",\"inLanguage\":\"fr-FR\",\"@id\":\"https:\\\/\\\/liberatorshop.eu\\\/fr\\\/product\\\/liberator-fr\\\/liberator-aria-flip-chaise-22\\\/#primaryimage\",\"url\":\"https:\\\/\\\/liberatorshop.eu\\\/wp-content\\\/uploads\\\/2025\\\/11\\\/Liberator-Aria-Flip-22-inch-black08.jpg\",\"contentUrl\":\"https:\\\/\\\/liberatorshop.eu\\\/wp-content\\\/uploads\\\/2025\\\/11\\\/Liberator-Aria-Flip-22-inch-black08.jpg\",\"width\":1000,\"height\":664},{\"@type\":\"BreadcrumbList\",\"@id\":\"https:\\\/\\\/liberatorshop.eu\\\/fr\\\/product\\\/liberator-fr\\\/liberator-aria-flip-chaise-22\\\/#breadcrumb\",\"itemListElement\":[{\"@type\":\"ListItem\",\"position\":1,\"name\":\"Home\",\"item\":\"https:\\\/\\\/liberatorshop.eu\\\/fr\\\/\"},{\"@type\":\"ListItem\",\"position\":2,\"name\":\"Acceuil\",\"item\":\"https:\\\/\\\/liberatorshop.eu\\\/fr\\\/\"},{\"@type\":\"ListItem\",\"position\":3,\"name\":\"Liberator Aria Flip Chaise 22&#8243;\"}]},{\"@type\":\"WebSite\",\"@id\":\"https:\\\/\\\/liberatorshop.eu\\\/fr\\\/#website\",\"url\":\"https:\\\/\\\/liberatorshop.eu\\\/fr\\\/\",\"name\":\"Liberatorshop.eu\",\"description\":\"Liberatorshop - Love All Ways\",\"publisher\":{\"@id\":\"https:\\\/\\\/liberatorshop.eu\\\/fr\\\/#organization\"},\"potentialAction\":[{\"@type\":\"SearchAction\",\"target\":{\"@type\":\"EntryPoint\",\"urlTemplate\":\"https:\\\/\\\/liberatorshop.eu\\\/fr\\\/?s={search_term_string}\"},\"query-input\":{\"@type\":\"PropertyValueSpecification\",\"valueRequired\":true,\"valueName\":\"search_term_string\"}}],\"inLanguage\":\"fr-FR\"},{\"@type\":\"Organization\",\"@id\":\"https:\\\/\\\/liberatorshop.eu\\\/fr\\\/#organization\",\"name\":\"Liberatorshop\",\"url\":\"https:\\\/\\\/liberatorshop.eu\\\/fr\\\/\",\"logo\":{\"@type\":\"ImageObject\",\"inLanguage\":\"fr-FR\",\"@id\":\"https:\\\/\\\/liberatorshop.eu\\\/fr\\\/#\\\/schema\\\/logo\\\/image\\\/\",\"url\":\"https:\\\/\\\/liberatorshop.eu\\\/wp-content\\\/uploads\\\/2023\\\/09\\\/flip-ramp-EXAMPLES-1500-x-500-px.png\",\"contentUrl\":\"https:\\\/\\\/liberatorshop.eu\\\/wp-content\\\/uploads\\\/2023\\\/09\\\/flip-ramp-EXAMPLES-1500-x-500-px.png\",\"width\":2560,\"height\":854,\"caption\":\"Liberatorshop\"},\"image\":{\"@id\":\"https:\\\/\\\/liberatorshop.eu\\\/fr\\\/#\\\/schema\\\/logo\\\/image\\\/\"}}]}<\/script>\n<!-- \/ Yoast SEO plugin. -->","yoast_head_json":{"title":"Liberator Aria Flip Chaise 22\" - Liberatorshop - Meubles sexuels et oreillers sexuels \u00e0 d\u00e9couvrir","description":"La m\u00e9ridienne Liberator Aria Flip allie luxe et fonctionnalit\u00e9. Un confort \u00e9l\u00e9gant sur un canap\u00e9 au design multifonctionnel, alliant douceur et ergonomie gr\u00e2ce \u00e0 son pi\u00e8tement antid\u00e9rapant. D\u00e9couvrez tout son confort et ses possibilit\u00e9s sur Liberatorshop.eu.","robots":{"index":"index","follow":"follow","max-snippet":"max-snippet:-1","max-image-preview":"max-image-preview:large","max-video-preview":"max-video-preview:-1"},"canonical":"https:\/\/liberatorshop.eu\/fr\/product\/liberator-fr\/liberator-aria-flip-chaise-22\/","og_locale":"fr_FR","og_type":"article","og_title":"Liberator Aria Flip Chaise 22\" - Liberatorshop - Meubles sexuels et oreillers sexuels \u00e0 d\u00e9couvrir","og_description":"La m\u00e9ridienne Liberator Aria Flip allie luxe et fonctionnalit\u00e9. Un confort \u00e9l\u00e9gant sur un canap\u00e9 au design multifonctionnel, alliant douceur et ergonomie gr\u00e2ce \u00e0 son pi\u00e8tement antid\u00e9rapant. D\u00e9couvrez tout son confort et ses possibilit\u00e9s sur Liberatorshop.eu.","og_url":"https:\/\/liberatorshop.eu\/fr\/product\/liberator-fr\/liberator-aria-flip-chaise-22\/","og_site_name":"Liberatorshop - Meubles sexuels et oreillers sexuels \u00e0 d\u00e9couvrir","article_modified_time":"2025-12-01T01:12:25+00:00","og_image":[{"width":1000,"height":664,"url":"https:\/\/liberatorshop.eu\/wp-content\/uploads\/2025\/11\/Liberator-Aria-Flip-22-inch-black08.jpg","type":"image\/jpeg"}],"twitter_card":"summary_large_image","twitter_misc":{"Dur\u00e9e de lecture estim\u00e9e":"2 minutes"},"schema":{"@context":"https:\/\/schema.org","@graph":[{"@type":"WebPage","@id":"https:\/\/liberatorshop.eu\/fr\/product\/liberator-fr\/liberator-aria-flip-chaise-22\/","url":"https:\/\/liberatorshop.eu\/fr\/product\/liberator-fr\/liberator-aria-flip-chaise-22\/","name":"Liberator Aria Flip Chaise 22\" - Liberatorshop - Meubles sexuels et oreillers sexuels \u00e0 d\u00e9couvrir","isPartOf":{"@id":"https:\/\/liberatorshop.eu\/fr\/#website"},"primaryImageOfPage":{"@id":"https:\/\/liberatorshop.eu\/fr\/product\/liberator-fr\/liberator-aria-flip-chaise-22\/#primaryimage"},"image":{"@id":"https:\/\/liberatorshop.eu\/fr\/product\/liberator-fr\/liberator-aria-flip-chaise-22\/#primaryimage"},"thumbnailUrl":"https:\/\/liberatorshop.eu\/wp-content\/uploads\/2025\/11\/Liberator-Aria-Flip-22-inch-black08.jpg","datePublished":"2025-11-16T19:01:08+00:00","dateModified":"2025-12-01T01:12:25+00:00","description":"La m\u00e9ridienne Liberator Aria Flip allie luxe et fonctionnalit\u00e9. Un confort \u00e9l\u00e9gant sur un canap\u00e9 au design multifonctionnel, alliant douceur et ergonomie gr\u00e2ce \u00e0 son pi\u00e8tement antid\u00e9rapant. D\u00e9couvrez tout son confort et ses possibilit\u00e9s sur Liberatorshop.eu.","breadcrumb":{"@id":"https:\/\/liberatorshop.eu\/fr\/product\/liberator-fr\/liberator-aria-flip-chaise-22\/#breadcrumb"},"inLanguage":"fr-FR","potentialAction":[{"@type":"ReadAction","target":["https:\/\/liberatorshop.eu\/fr\/product\/liberator-fr\/liberator-aria-flip-chaise-22\/"]}]},{"@type":"ImageObject","inLanguage":"fr-FR","@id":"https:\/\/liberatorshop.eu\/fr\/product\/liberator-fr\/liberator-aria-flip-chaise-22\/#primaryimage","url":"https:\/\/liberatorshop.eu\/wp-content\/uploads\/2025\/11\/Liberator-Aria-Flip-22-inch-black08.jpg","contentUrl":"https:\/\/liberatorshop.eu\/wp-content\/uploads\/2025\/11\/Liberator-Aria-Flip-22-inch-black08.jpg","width":1000,"height":664},{"@type":"BreadcrumbList","@id":"https:\/\/liberatorshop.eu\/fr\/product\/liberator-fr\/liberator-aria-flip-chaise-22\/#breadcrumb","itemListElement":[{"@type":"ListItem","position":1,"name":"Home","item":"https:\/\/liberatorshop.eu\/fr\/"},{"@type":"ListItem","position":2,"name":"Acceuil","item":"https:\/\/liberatorshop.eu\/fr\/"},{"@type":"ListItem","position":3,"name":"Liberator Aria Flip Chaise 22&#8243;"}]},{"@type":"WebSite","@id":"https:\/\/liberatorshop.eu\/fr\/#website","url":"https:\/\/liberatorshop.eu\/fr\/","name":"Liberatorshop.eu","description":"Liberatorshop - Love All Ways","publisher":{"@id":"https:\/\/liberatorshop.eu\/fr\/#organization"},"potentialAction":[{"@type":"SearchAction","target":{"@type":"EntryPoint","urlTemplate":"https:\/\/liberatorshop.eu\/fr\/?s={search_term_string}"},"query-input":{"@type":"PropertyValueSpecification","valueRequired":true,"valueName":"search_term_string"}}],"inLanguage":"fr-FR"},{"@type":"Organization","@id":"https:\/\/liberatorshop.eu\/fr\/#organization","name":"Liberatorshop","url":"https:\/\/liberatorshop.eu\/fr\/","logo":{"@type":"ImageObject","inLanguage":"fr-FR","@id":"https:\/\/liberatorshop.eu\/fr\/#\/schema\/logo\/image\/","url":"https:\/\/liberatorshop.eu\/wp-content\/uploads\/2023\/09\/flip-ramp-EXAMPLES-1500-x-500-px.png","contentUrl":"https:\/\/liberatorshop.eu\/wp-content\/uploads\/2023\/09\/flip-ramp-EXAMPLES-1500-x-500-px.png","width":2560,"height":854,"caption":"Liberatorshop"},"image":{"@id":"https:\/\/liberatorshop.eu\/fr\/#\/schema\/logo\/image\/"}}]}},"_links":{"self":[{"href":"https:\/\/liberatorshop.eu\/fr\/wp-json\/wp\/v2\/product\/104686","targetHints":{"allow":["GET"]}}],"collection":[{"href":"https:\/\/liberatorshop.eu\/fr\/wp-json\/wp\/v2\/product"}],"about":[{"href":"https:\/\/liberatorshop.eu\/fr\/wp-json\/wp\/v2\/types\/product"}],"replies":[{"embeddable":true,"href":"https:\/\/liberatorshop.eu\/fr\/wp-json\/wp\/v2\/comments?post=104686"}],"wp:featuredmedia":[{"embeddable":true,"href":"https:\/\/liberatorshop.eu\/fr\/wp-json\/wp\/v2\/media\/104726"}],"wp:attachment":[{"href":"https:\/\/liberatorshop.eu\/fr\/wp-json\/wp\/v2\/media?parent=104686"}],"wp:term":[{"taxonomy":"product_brand","embeddable":true,"href":"https:\/\/liberatorshop.eu\/fr\/wp-json\/wp\/v2\/product_brand?post=104686"},{"taxonomy":"product_cat","embeddable":true,"href":"https:\/\/liberatorshop.eu\/fr\/wp-json\/wp\/v2\/product_cat?post=104686"},{"taxonomy":"product_tag","embeddable":true,"href":"https:\/\/liberatorshop.eu\/fr\/wp-json\/wp\/v2\/product_tag?post=104686"}],"curies":[{"name":"wp","href":"https:\/\/api.w.org\/{rel}","templated":true}]}}