{"id":105662,"date":"2026-05-02T17:43:23","date_gmt":"2026-05-02T16:43:23","guid":{"rendered":"https:\/\/liberatorshop.eu\/?post_type=product&#038;p=105662"},"modified":"2026-05-02T20:47:51","modified_gmt":"2026-05-02T19:47:51","slug":"liberator-ravish-bondage-pillow","status":"publish","type":"product","link":"https:\/\/liberatorshop.eu\/fr\/product\/liberator-fr\/liberator-ravish-bondage-pillow\/","title":{"rendered":"Liberator Ravish Bondage Pillow"},"content":{"rendered":"<p data-start=\"642\" data-end=\"964\">Le <strong>coussin de bondage Liberator Ravish<\/strong> est con\u00e7u pour les couples qui souhaitent ajouter du confort, du contr\u00f4le et de l&rsquo;excitation \u00e0 leurs moments intimes. Gr\u00e2ce \u00e0 sa forme allong\u00e9e et semi-circulaire, il soutient le corps pr\u00e9cis\u00e9ment l\u00e0 o\u00f9 c&rsquo;est n\u00e9cessaire, rendant les positions plus confortables et facilitant l&rsquo;exploration de nouvelles positions.<\/p>\n<p data-start=\"966\" data-end=\"1196\">De longues sangles de satin sont pr\u00e9sentes de chaque c\u00f4t\u00e9. Elles permettent d&rsquo;ajouter un bondage l\u00e9ger, \u00e9l\u00e9gant et sensuel, sans alt\u00e9rer l&rsquo;aspect luxueux du coussin. L&rsquo;ensemble est \u00e0 la fois ludique, raffin\u00e9 et styl\u00e9.<\/p>\n<p data-start=\"1198\" data-end=\"1463\">La housse en microfibre douce est agr\u00e9able au toucher et conf\u00e8re \u00e0 l&rsquo;oreiller une allure luxueuse. Sous la housse se trouve un noyau en mousse ferme et r\u00e9sistante \u00e0 l&rsquo;humidit\u00e9 qui assure sa stabilit\u00e9 \u00e0 l&rsquo;usage. Ainsi, l&rsquo;oreiller ne s&rsquo;affaisse pas et continue d&rsquo;offrir un excellent soutien.<\/p>\n<p data-start=\"1465\" data-end=\"1625\">Apr\u00e8s utilisation, la housse du coussin se retire facilement. Lavable en machine, elle garantit la praticit\u00e9 et l&rsquo;hygi\u00e8ne du coussin Ravish Bondage.<\/p>\n<p data-start=\"1627\" data-end=\"1709\">Un coussin de bondage \u00e9l\u00e9gant pour celles et ceux qui souhaitent allier confort, s\u00e9duction et contr\u00f4le.<\/p>\n<h2 data-section-id=\"im7d67\" data-start=\"1711\" data-end=\"1727\">Caract\u00e9ristiques<\/h2>\n<ul>\n<li data-start=\"1729\" data-end=\"1968\">Dimensions : 38,1 cm de large x 91,5 cm de long x 18 cm de haut<\/li>\n<li data-start=\"1729\" data-end=\"1968\">Longueur des rubans de satin : 102 cm par ruban<\/li>\n<li data-start=\"1729\" data-end=\"1968\">Mat\u00e9riau de la housse : microfibre de polyester<\/li>\n<li data-start=\"1729\" data-end=\"1968\">Mat\u00e9riau de base : mousse de polyur\u00e9thane<\/li>\n<li data-start=\"1729\" data-end=\"1968\">Housse : amovible et lavable en machine<\/li>\n<li data-start=\"1729\" data-end=\"1968\">Noyau int\u00e9rieur : r\u00e9sistant \u00e0 l&rsquo;humidit\u00e9<\/li>\n<\/ul>\n<p>N&rsquo;oubliez pas d&rsquo;explorer les <a href=\"https:\/\/liberatorshop.eu\/fr\/categorie-produit-fr\/liberator-fr\/\" target=\"_new\" rel=\"noopener\">autres produits Liberator<\/a> pour une exp\u00e9rience compl\u00e8te et immersive.<\/p>\n","protected":false},"excerpt":{"rendered":"<p>Le <strong>coussin de bondage Liberator Ravish<\/strong> est con\u00e7u pour les couples qui souhaitent ajouter du confort, du contr\u00f4le et de l&rsquo;excitation \u00e0 leurs moments intimes. Gr\u00e2ce \u00e0 sa forme allong\u00e9e et semi-circulaire, il soutient le corps pr\u00e9cis\u00e9ment l\u00e0 o\u00f9 c&rsquo;est n\u00e9cessaire, rendant les positions plus confortables et facilitant l&rsquo;exploration de nouvelles positions.<\/p>\n","protected":false},"featured_media":105681,"comment_status":"open","ping_status":"closed","template":"","meta":[],"product_brand":[],"product_cat":[21037,15763,16185,20938],"product_tag":[15841,15807,15779,15808,15837,15839,15840,15843,15838,15842,15836],"class_list":{"0":"post-105662","1":"product","2":"type-product","3":"status-publish","4":"has-post-thumbnail","6":"product_cat-bondage-fr","7":"product_cat-liberator-fr","8":"product_cat-meilleures-ventes","9":"product_cat-liberator-wedges-fr","10":"product_tag-erotique","11":"product_tag-g-spot-fr","12":"product_tag-liberator-fr","13":"product_tag-liberatorshop-fr","14":"product_tag-noir","15":"product_tag-oreillers","16":"product_tag-oreillers-de-sexe","17":"product_tag-plaisir-sexuel","18":"product_tag-position-sexuelle","19":"product_tag-relation-sexuelle","20":"product_tag-wedge-fr","21":"product_shipping_class-envoi-1-2-jours-ouvres","23":"first","24":"instock","25":"sale","26":"featured","27":"taxable","28":"shipping-taxable","29":"purchasable","30":"product-type-simple"},"yoast_head":"<!-- This site is optimized with the Yoast SEO plugin v27.5 - https:\/\/yoast.com\/product\/yoast-seo-wordpress\/ -->\n<title>Liberator Ravish Bondage Pillow - Liberatorshop - Meubles sexuels et oreillers sexuels \u00e0 d\u00e9couvrir<\/title>\n<meta name=\"description\" content=\"D\u00e9couvrez le coussin de bondage Liberator Ravish avec ses sangles en satin. Confortable et \u00e9l\u00e9gant, il est id\u00e9al pour des jeux de bondage sensuels et un meilleur maintien lors de moments intimes.\" \/>\n<meta name=\"robots\" content=\"index, follow, max-snippet:-1, max-image-preview:large, max-video-preview:-1\" \/>\n<link rel=\"canonical\" href=\"https:\/\/liberatorshop.eu\/fr\/product\/liberator-fr\/liberator-ravish-bondage-pillow\/\" \/>\n<meta property=\"og:locale\" content=\"fr_FR\" \/>\n<meta property=\"og:type\" content=\"article\" \/>\n<meta property=\"og:title\" content=\"Liberator Ravish Bondage Pillow - Liberatorshop - Meubles sexuels et oreillers sexuels \u00e0 d\u00e9couvrir\" \/>\n<meta property=\"og:description\" content=\"D\u00e9couvrez le coussin de bondage Liberator Ravish avec ses sangles en satin. Confortable et \u00e9l\u00e9gant, il est id\u00e9al pour des jeux de bondage sensuels et un meilleur maintien lors de moments intimes.\" \/>\n<meta property=\"og:url\" content=\"https:\/\/liberatorshop.eu\/fr\/product\/liberator-fr\/liberator-ravish-bondage-pillow\/\" \/>\n<meta property=\"og:site_name\" content=\"Liberatorshop - Meubles sexuels et oreillers sexuels \u00e0 d\u00e9couvrir\" \/>\n<meta property=\"article:modified_time\" content=\"2026-05-02T19:47:51+00:00\" \/>\n<meta property=\"og:image\" content=\"https:\/\/liberatorshop.eu\/wp-content\/uploads\/2026\/05\/O50071860000_04.jpg\" \/>\n\t<meta property=\"og:image:width\" content=\"1000\" \/>\n\t<meta property=\"og:image:height\" content=\"1000\" \/>\n\t<meta property=\"og:image:type\" content=\"image\/jpeg\" \/>\n<meta name=\"twitter:card\" content=\"summary_large_image\" \/>\n<meta name=\"twitter:label1\" content=\"Dur\u00e9e de lecture estim\u00e9e\" \/>\n\t<meta name=\"twitter:data1\" content=\"2 minutes\" \/>\n<script type=\"application\/ld+json\" class=\"yoast-schema-graph\">{\"@context\":\"https:\\\/\\\/schema.org\",\"@graph\":[{\"@type\":\"WebPage\",\"@id\":\"https:\\\/\\\/liberatorshop.eu\\\/fr\\\/product\\\/liberator-fr\\\/liberator-ravish-bondage-pillow\\\/\",\"url\":\"https:\\\/\\\/liberatorshop.eu\\\/fr\\\/product\\\/liberator-fr\\\/liberator-ravish-bondage-pillow\\\/\",\"name\":\"Liberator Ravish Bondage Pillow - Liberatorshop - Meubles sexuels et oreillers sexuels \u00e0 d\u00e9couvrir\",\"isPartOf\":{\"@id\":\"https:\\\/\\\/liberatorshop.eu\\\/fr\\\/#website\"},\"primaryImageOfPage\":{\"@id\":\"https:\\\/\\\/liberatorshop.eu\\\/fr\\\/product\\\/liberator-fr\\\/liberator-ravish-bondage-pillow\\\/#primaryimage\"},\"image\":{\"@id\":\"https:\\\/\\\/liberatorshop.eu\\\/fr\\\/product\\\/liberator-fr\\\/liberator-ravish-bondage-pillow\\\/#primaryimage\"},\"thumbnailUrl\":\"https:\\\/\\\/liberatorshop.eu\\\/wp-content\\\/uploads\\\/2026\\\/05\\\/O50071860000_04.jpg\",\"datePublished\":\"2026-05-02T16:43:23+00:00\",\"dateModified\":\"2026-05-02T19:47:51+00:00\",\"description\":\"D\u00e9couvrez le coussin de bondage Liberator Ravish avec ses sangles en satin. Confortable et \u00e9l\u00e9gant, il est id\u00e9al pour des jeux de bondage sensuels et un meilleur maintien lors de moments intimes.\",\"breadcrumb\":{\"@id\":\"https:\\\/\\\/liberatorshop.eu\\\/fr\\\/product\\\/liberator-fr\\\/liberator-ravish-bondage-pillow\\\/#breadcrumb\"},\"inLanguage\":\"fr-FR\",\"potentialAction\":[{\"@type\":\"ReadAction\",\"target\":[\"https:\\\/\\\/liberatorshop.eu\\\/fr\\\/product\\\/liberator-fr\\\/liberator-ravish-bondage-pillow\\\/\"]}]},{\"@type\":\"ImageObject\",\"inLanguage\":\"fr-FR\",\"@id\":\"https:\\\/\\\/liberatorshop.eu\\\/fr\\\/product\\\/liberator-fr\\\/liberator-ravish-bondage-pillow\\\/#primaryimage\",\"url\":\"https:\\\/\\\/liberatorshop.eu\\\/wp-content\\\/uploads\\\/2026\\\/05\\\/O50071860000_04.jpg\",\"contentUrl\":\"https:\\\/\\\/liberatorshop.eu\\\/wp-content\\\/uploads\\\/2026\\\/05\\\/O50071860000_04.jpg\",\"width\":1000,\"height\":1000},{\"@type\":\"BreadcrumbList\",\"@id\":\"https:\\\/\\\/liberatorshop.eu\\\/fr\\\/product\\\/liberator-fr\\\/liberator-ravish-bondage-pillow\\\/#breadcrumb\",\"itemListElement\":[{\"@type\":\"ListItem\",\"position\":1,\"name\":\"Home\",\"item\":\"https:\\\/\\\/liberatorshop.eu\\\/fr\\\/\"},{\"@type\":\"ListItem\",\"position\":2,\"name\":\"Acceuil\",\"item\":\"https:\\\/\\\/liberatorshop.eu\\\/fr\\\/\"},{\"@type\":\"ListItem\",\"position\":3,\"name\":\"Liberator Ravish Bondage Pillow\"}]},{\"@type\":\"WebSite\",\"@id\":\"https:\\\/\\\/liberatorshop.eu\\\/fr\\\/#website\",\"url\":\"https:\\\/\\\/liberatorshop.eu\\\/fr\\\/\",\"name\":\"Liberatorshop.eu\",\"description\":\"Liberatorshop - Love All Ways\",\"publisher\":{\"@id\":\"https:\\\/\\\/liberatorshop.eu\\\/fr\\\/#organization\"},\"potentialAction\":[{\"@type\":\"SearchAction\",\"target\":{\"@type\":\"EntryPoint\",\"urlTemplate\":\"https:\\\/\\\/liberatorshop.eu\\\/fr\\\/?s={search_term_string}\"},\"query-input\":{\"@type\":\"PropertyValueSpecification\",\"valueRequired\":true,\"valueName\":\"search_term_string\"}}],\"inLanguage\":\"fr-FR\"},{\"@type\":\"Organization\",\"@id\":\"https:\\\/\\\/liberatorshop.eu\\\/fr\\\/#organization\",\"name\":\"Liberatorshop\",\"url\":\"https:\\\/\\\/liberatorshop.eu\\\/fr\\\/\",\"logo\":{\"@type\":\"ImageObject\",\"inLanguage\":\"fr-FR\",\"@id\":\"https:\\\/\\\/liberatorshop.eu\\\/fr\\\/#\\\/schema\\\/logo\\\/image\\\/\",\"url\":\"https:\\\/\\\/liberatorshop.eu\\\/wp-content\\\/uploads\\\/2023\\\/09\\\/flip-ramp-EXAMPLES-1500-x-500-px.png\",\"contentUrl\":\"https:\\\/\\\/liberatorshop.eu\\\/wp-content\\\/uploads\\\/2023\\\/09\\\/flip-ramp-EXAMPLES-1500-x-500-px.png\",\"width\":2560,\"height\":854,\"caption\":\"Liberatorshop\"},\"image\":{\"@id\":\"https:\\\/\\\/liberatorshop.eu\\\/fr\\\/#\\\/schema\\\/logo\\\/image\\\/\"}}]}<\/script>\n<!-- \/ Yoast SEO plugin. -->","yoast_head_json":{"title":"Liberator Ravish Bondage Pillow - Liberatorshop - Meubles sexuels et oreillers sexuels \u00e0 d\u00e9couvrir","description":"D\u00e9couvrez le coussin de bondage Liberator Ravish avec ses sangles en satin. Confortable et \u00e9l\u00e9gant, il est id\u00e9al pour des jeux de bondage sensuels et un meilleur maintien lors de moments intimes.","robots":{"index":"index","follow":"follow","max-snippet":"max-snippet:-1","max-image-preview":"max-image-preview:large","max-video-preview":"max-video-preview:-1"},"canonical":"https:\/\/liberatorshop.eu\/fr\/product\/liberator-fr\/liberator-ravish-bondage-pillow\/","og_locale":"fr_FR","og_type":"article","og_title":"Liberator Ravish Bondage Pillow - Liberatorshop - Meubles sexuels et oreillers sexuels \u00e0 d\u00e9couvrir","og_description":"D\u00e9couvrez le coussin de bondage Liberator Ravish avec ses sangles en satin. Confortable et \u00e9l\u00e9gant, il est id\u00e9al pour des jeux de bondage sensuels et un meilleur maintien lors de moments intimes.","og_url":"https:\/\/liberatorshop.eu\/fr\/product\/liberator-fr\/liberator-ravish-bondage-pillow\/","og_site_name":"Liberatorshop - Meubles sexuels et oreillers sexuels \u00e0 d\u00e9couvrir","article_modified_time":"2026-05-02T19:47:51+00:00","og_image":[{"width":1000,"height":1000,"url":"https:\/\/liberatorshop.eu\/wp-content\/uploads\/2026\/05\/O50071860000_04.jpg","type":"image\/jpeg"}],"twitter_card":"summary_large_image","twitter_misc":{"Dur\u00e9e de lecture estim\u00e9e":"2 minutes"},"schema":{"@context":"https:\/\/schema.org","@graph":[{"@type":"WebPage","@id":"https:\/\/liberatorshop.eu\/fr\/product\/liberator-fr\/liberator-ravish-bondage-pillow\/","url":"https:\/\/liberatorshop.eu\/fr\/product\/liberator-fr\/liberator-ravish-bondage-pillow\/","name":"Liberator Ravish Bondage Pillow - Liberatorshop - Meubles sexuels et oreillers sexuels \u00e0 d\u00e9couvrir","isPartOf":{"@id":"https:\/\/liberatorshop.eu\/fr\/#website"},"primaryImageOfPage":{"@id":"https:\/\/liberatorshop.eu\/fr\/product\/liberator-fr\/liberator-ravish-bondage-pillow\/#primaryimage"},"image":{"@id":"https:\/\/liberatorshop.eu\/fr\/product\/liberator-fr\/liberator-ravish-bondage-pillow\/#primaryimage"},"thumbnailUrl":"https:\/\/liberatorshop.eu\/wp-content\/uploads\/2026\/05\/O50071860000_04.jpg","datePublished":"2026-05-02T16:43:23+00:00","dateModified":"2026-05-02T19:47:51+00:00","description":"D\u00e9couvrez le coussin de bondage Liberator Ravish avec ses sangles en satin. Confortable et \u00e9l\u00e9gant, il est id\u00e9al pour des jeux de bondage sensuels et un meilleur maintien lors de moments intimes.","breadcrumb":{"@id":"https:\/\/liberatorshop.eu\/fr\/product\/liberator-fr\/liberator-ravish-bondage-pillow\/#breadcrumb"},"inLanguage":"fr-FR","potentialAction":[{"@type":"ReadAction","target":["https:\/\/liberatorshop.eu\/fr\/product\/liberator-fr\/liberator-ravish-bondage-pillow\/"]}]},{"@type":"ImageObject","inLanguage":"fr-FR","@id":"https:\/\/liberatorshop.eu\/fr\/product\/liberator-fr\/liberator-ravish-bondage-pillow\/#primaryimage","url":"https:\/\/liberatorshop.eu\/wp-content\/uploads\/2026\/05\/O50071860000_04.jpg","contentUrl":"https:\/\/liberatorshop.eu\/wp-content\/uploads\/2026\/05\/O50071860000_04.jpg","width":1000,"height":1000},{"@type":"BreadcrumbList","@id":"https:\/\/liberatorshop.eu\/fr\/product\/liberator-fr\/liberator-ravish-bondage-pillow\/#breadcrumb","itemListElement":[{"@type":"ListItem","position":1,"name":"Home","item":"https:\/\/liberatorshop.eu\/fr\/"},{"@type":"ListItem","position":2,"name":"Acceuil","item":"https:\/\/liberatorshop.eu\/fr\/"},{"@type":"ListItem","position":3,"name":"Liberator Ravish Bondage Pillow"}]},{"@type":"WebSite","@id":"https:\/\/liberatorshop.eu\/fr\/#website","url":"https:\/\/liberatorshop.eu\/fr\/","name":"Liberatorshop.eu","description":"Liberatorshop - Love All Ways","publisher":{"@id":"https:\/\/liberatorshop.eu\/fr\/#organization"},"potentialAction":[{"@type":"SearchAction","target":{"@type":"EntryPoint","urlTemplate":"https:\/\/liberatorshop.eu\/fr\/?s={search_term_string}"},"query-input":{"@type":"PropertyValueSpecification","valueRequired":true,"valueName":"search_term_string"}}],"inLanguage":"fr-FR"},{"@type":"Organization","@id":"https:\/\/liberatorshop.eu\/fr\/#organization","name":"Liberatorshop","url":"https:\/\/liberatorshop.eu\/fr\/","logo":{"@type":"ImageObject","inLanguage":"fr-FR","@id":"https:\/\/liberatorshop.eu\/fr\/#\/schema\/logo\/image\/","url":"https:\/\/liberatorshop.eu\/wp-content\/uploads\/2023\/09\/flip-ramp-EXAMPLES-1500-x-500-px.png","contentUrl":"https:\/\/liberatorshop.eu\/wp-content\/uploads\/2023\/09\/flip-ramp-EXAMPLES-1500-x-500-px.png","width":2560,"height":854,"caption":"Liberatorshop"},"image":{"@id":"https:\/\/liberatorshop.eu\/fr\/#\/schema\/logo\/image\/"}}]}},"_links":{"self":[{"href":"https:\/\/liberatorshop.eu\/fr\/wp-json\/wp\/v2\/product\/105662","targetHints":{"allow":["GET"]}}],"collection":[{"href":"https:\/\/liberatorshop.eu\/fr\/wp-json\/wp\/v2\/product"}],"about":[{"href":"https:\/\/liberatorshop.eu\/fr\/wp-json\/wp\/v2\/types\/product"}],"replies":[{"embeddable":true,"href":"https:\/\/liberatorshop.eu\/fr\/wp-json\/wp\/v2\/comments?post=105662"}],"wp:featuredmedia":[{"embeddable":true,"href":"https:\/\/liberatorshop.eu\/fr\/wp-json\/wp\/v2\/media\/105681"}],"wp:attachment":[{"href":"https:\/\/liberatorshop.eu\/fr\/wp-json\/wp\/v2\/media?parent=105662"}],"wp:term":[{"taxonomy":"product_brand","embeddable":true,"href":"https:\/\/liberatorshop.eu\/fr\/wp-json\/wp\/v2\/product_brand?post=105662"},{"taxonomy":"product_cat","embeddable":true,"href":"https:\/\/liberatorshop.eu\/fr\/wp-json\/wp\/v2\/product_cat?post=105662"},{"taxonomy":"product_tag","embeddable":true,"href":"https:\/\/liberatorshop.eu\/fr\/wp-json\/wp\/v2\/product_tag?post=105662"}],"curies":[{"name":"wp","href":"https:\/\/api.w.org\/{rel}","templated":true}]}}