{"id":105703,"date":"2026-05-02T21:07:18","date_gmt":"2026-05-02T20:07:18","guid":{"rendered":"https:\/\/liberatorshop.eu\/?post_type=product&#038;p=105703"},"modified":"2026-05-02T21:51:17","modified_gmt":"2026-05-02T20:51:17","slug":"liberator-steed-bondage-spanking-bench","status":"publish","type":"product","link":"https:\/\/liberatorshop.eu\/fr\/product\/liberator-fr\/liberator-steed-bondage-spanking-bench\/","title":{"rendered":"Liberator Steed Bondage Spanking Bench"},"content":{"rendered":"<p data-start=\"830\" data-end=\"1114\">Le <strong>banc de fess\u00e9e Liberator Steed<\/strong> est con\u00e7u pour les couples souhaitant enrichir leurs jeux intimes de confort, de contr\u00f4le et de polyvalence. Ce banc de bondage robuste allie le raffinement d&rsquo;un meuble de luxe \u00e0 la fonctionnalit\u00e9 d&rsquo;un accessoire de bondage professionnel.<\/p>\n<p data-start=\"1116\" data-end=\"1439\">Gr\u00e2ce \u00e0 sa forme ergonomique, le Steed soutient le corps dans diverses positions. Cela rend les jeux prolong\u00e9s plus confortables et offre une meilleure stabilit\u00e9 lors de la pratique du bondage, de la fess\u00e9e, du sexe oral, de la levrette et d&rsquo;autres positions intimes. Ses courbes douces offrent un soutien sans tension inutile du corps.<\/p>\n<p data-start=\"1441\" data-end=\"1766\">Le banc comporte 12 points d&rsquo;attache avec anneaux m\u00e9talliques. Vous pouvez ainsi facilement utiliser les menottes fournies ou vos propres accessoires, comme des cordes, des ceintures ou des cha\u00eenes. Les menottes et entraves pour les chevilles incluses sont rembourr\u00e9es, r\u00e9glables par Velcro et se fixent rapidement gr\u00e2ce \u00e0 des boucles.<\/p>\n<p data-start=\"1768\" data-end=\"1962\">Le masque pour les yeux inclus intensifie la tension en obscurcissant la vue et en aiguisant les sens. Id\u00e9al pour les couples qui souhaitent faire progresser leurs jeux de mani\u00e8re contr\u00f4l\u00e9e, sensuelle et intense.<\/p>\n<p data-start=\"1964\" data-end=\"2178\">Ce canap\u00e9 est fabriqu\u00e9 en mousse haute densit\u00e9 ind\u00e9formable et recouvert de similicuir lisse et de nylon r\u00e9sistant. Il est ainsi robuste, conserve bien sa forme et se nettoie facilement d&rsquo;un simple coup d&rsquo;\u00e9ponge apr\u00e8s utilisation.<\/p>\n<p data-start=\"2180\" data-end=\"2283\">Un canap\u00e9 de bondage puissant et \u00e9l\u00e9gant pour celles et ceux qui souhaitent allier confort, contr\u00f4le et jeux intenses.<\/p>\n<h2 data-section-id=\"im7d67\" data-start=\"2285\" data-end=\"2301\">Caract\u00e9ristiques<\/h2>\n<ul>\n<li data-start=\"2303\" data-end=\"2755\">Product: Liberator Steed Bondage Spanking Bench<\/li>\n<li data-start=\"2303\" data-end=\"2755\">Contient : 1 banc de bondage, 4 menottes et 1 bandeau<\/li>\n<li data-start=\"2303\" data-end=\"2755\">Dimensions : 61 cm de large x 92 cm de long x 46 cm de haut<\/li>\n<li data-start=\"2303\" data-end=\"2755\">Points de fixation : 12 anneaux m\u00e9talliques<\/li>\n<li data-start=\"2303\" data-end=\"2755\">Mat\u00e9riau du rev\u00eatement : similicuir et nylon<\/li>\n<li data-start=\"2303\" data-end=\"2755\">Noyau : mousse haute densit\u00e9 ind\u00e9formable<\/li>\n<li data-start=\"2303\" data-end=\"2755\">Nettoyage : facile \u00e0 essuyer<\/li>\n<li data-start=\"2303\" data-end=\"2755\">Poignets : l\u00e9g\u00e8rement rembourr\u00e9s, r\u00e9glables par Velcro<\/li>\n<li data-start=\"2303\" data-end=\"2755\">Fermeture : boutons-pression<\/li>\n<li data-start=\"2303\" data-end=\"2755\">Assemblage : aucun assemblage requis<\/li>\n<li data-start=\"2303\" data-end=\"2755\">Conditionnement : sous vide<\/li>\n<\/ul>\n<p>N&rsquo;oubliez pas d&rsquo;explorer les <a href=\"https:\/\/liberatorshop.eu\/fr\/categorie-produit-fr\/liberator-fr\/\" target=\"_new\" rel=\"noopener\">autres produits Liberator<\/a> pour une exp\u00e9rience compl\u00e8te et immersive.<\/p>\n","protected":false},"excerpt":{"rendered":"<p>Le <strong>banc de fess\u00e9e Liberator Steed<\/strong> est con\u00e7u pour les couples souhaitant enrichir leurs jeux intimes de confort, de contr\u00f4le et de polyvalence. Ce banc de bondage robuste allie le raffinement d&rsquo;un meuble de luxe \u00e0 la fonctionnalit\u00e9 d&rsquo;un accessoire de bondage professionnel.<\/p>\n","protected":false},"featured_media":105717,"comment_status":"open","ping_status":"closed","template":"","meta":[],"product_brand":[],"product_cat":[21037,15763,16185,20938],"product_tag":[15841,15807,15779,15808,15837,15839,15840,15843,15838,15842,15836],"class_list":{"0":"post-105703","1":"product","2":"type-product","3":"status-publish","4":"has-post-thumbnail","6":"product_cat-bondage-fr","7":"product_cat-liberator-fr","8":"product_cat-meilleures-ventes","9":"product_cat-liberator-wedges-fr","10":"product_tag-erotique","11":"product_tag-g-spot-fr","12":"product_tag-liberator-fr","13":"product_tag-liberatorshop-fr","14":"product_tag-noir","15":"product_tag-oreillers","16":"product_tag-oreillers-de-sexe","17":"product_tag-plaisir-sexuel","18":"product_tag-position-sexuelle","19":"product_tag-relation-sexuelle","20":"product_tag-wedge-fr","21":"product_shipping_class-envoi-1-2-jours-ouvres","23":"first","24":"instock","25":"sale","26":"featured","27":"taxable","28":"shipping-taxable","29":"purchasable","30":"product-type-simple"},"yoast_head":"<!-- This site is optimized with the Yoast SEO plugin v27.5 - https:\/\/yoast.com\/product\/yoast-seo-wordpress\/ -->\n<title>Liberator Steed Bondage Spanking Bench - Liberatorshop - Meubles sexuels et oreillers sexuels \u00e0 d\u00e9couvrir<\/title>\n<meta name=\"description\" content=\"D\u00e9couvrez le banc de fess\u00e9e Liberator Steed, dot\u00e9 de 12 points d&#039;attache, de 4 menottes souples et d&#039;un masque pour les yeux. Confortable et robuste, il est id\u00e9al pour la pratique du bondage, la fess\u00e9e et diverses positions.\" \/>\n<meta name=\"robots\" content=\"index, follow, max-snippet:-1, max-image-preview:large, max-video-preview:-1\" \/>\n<link rel=\"canonical\" href=\"https:\/\/liberatorshop.eu\/fr\/product\/liberator-fr\/liberator-steed-bondage-spanking-bench\/\" \/>\n<meta property=\"og:locale\" content=\"fr_FR\" \/>\n<meta property=\"og:type\" content=\"article\" \/>\n<meta property=\"og:title\" content=\"Liberator Steed Bondage Spanking Bench - Liberatorshop - Meubles sexuels et oreillers sexuels \u00e0 d\u00e9couvrir\" \/>\n<meta property=\"og:description\" content=\"D\u00e9couvrez le banc de fess\u00e9e Liberator Steed, dot\u00e9 de 12 points d&#039;attache, de 4 menottes souples et d&#039;un masque pour les yeux. Confortable et robuste, il est id\u00e9al pour la pratique du bondage, la fess\u00e9e et diverses positions.\" \/>\n<meta property=\"og:url\" content=\"https:\/\/liberatorshop.eu\/fr\/product\/liberator-fr\/liberator-steed-bondage-spanking-bench\/\" \/>\n<meta property=\"og:site_name\" content=\"Liberatorshop - Meubles sexuels et oreillers sexuels \u00e0 d\u00e9couvrir\" \/>\n<meta property=\"article:modified_time\" content=\"2026-05-02T20:51:17+00:00\" \/>\n<meta property=\"og:image\" content=\"https:\/\/liberatorshop.eu\/wp-content\/uploads\/2026\/05\/O50071600000_03.jpg\" \/>\n\t<meta property=\"og:image:width\" content=\"1000\" \/>\n\t<meta property=\"og:image:height\" content=\"1000\" \/>\n\t<meta property=\"og:image:type\" content=\"image\/jpeg\" \/>\n<meta name=\"twitter:card\" content=\"summary_large_image\" \/>\n<meta name=\"twitter:label1\" content=\"Dur\u00e9e de lecture estim\u00e9e\" \/>\n\t<meta name=\"twitter:data1\" content=\"2 minutes\" \/>\n<script type=\"application\/ld+json\" class=\"yoast-schema-graph\">{\"@context\":\"https:\\\/\\\/schema.org\",\"@graph\":[{\"@type\":\"WebPage\",\"@id\":\"https:\\\/\\\/liberatorshop.eu\\\/fr\\\/product\\\/liberator-fr\\\/liberator-steed-bondage-spanking-bench\\\/\",\"url\":\"https:\\\/\\\/liberatorshop.eu\\\/fr\\\/product\\\/liberator-fr\\\/liberator-steed-bondage-spanking-bench\\\/\",\"name\":\"Liberator Steed Bondage Spanking Bench - Liberatorshop - Meubles sexuels et oreillers sexuels \u00e0 d\u00e9couvrir\",\"isPartOf\":{\"@id\":\"https:\\\/\\\/liberatorshop.eu\\\/fr\\\/#website\"},\"primaryImageOfPage\":{\"@id\":\"https:\\\/\\\/liberatorshop.eu\\\/fr\\\/product\\\/liberator-fr\\\/liberator-steed-bondage-spanking-bench\\\/#primaryimage\"},\"image\":{\"@id\":\"https:\\\/\\\/liberatorshop.eu\\\/fr\\\/product\\\/liberator-fr\\\/liberator-steed-bondage-spanking-bench\\\/#primaryimage\"},\"thumbnailUrl\":\"https:\\\/\\\/liberatorshop.eu\\\/wp-content\\\/uploads\\\/2026\\\/05\\\/O50071600000_03.jpg\",\"datePublished\":\"2026-05-02T20:07:18+00:00\",\"dateModified\":\"2026-05-02T20:51:17+00:00\",\"description\":\"D\u00e9couvrez le banc de fess\u00e9e Liberator Steed, dot\u00e9 de 12 points d'attache, de 4 menottes souples et d'un masque pour les yeux. Confortable et robuste, il est id\u00e9al pour la pratique du bondage, la fess\u00e9e et diverses positions.\",\"breadcrumb\":{\"@id\":\"https:\\\/\\\/liberatorshop.eu\\\/fr\\\/product\\\/liberator-fr\\\/liberator-steed-bondage-spanking-bench\\\/#breadcrumb\"},\"inLanguage\":\"fr-FR\",\"potentialAction\":[{\"@type\":\"ReadAction\",\"target\":[\"https:\\\/\\\/liberatorshop.eu\\\/fr\\\/product\\\/liberator-fr\\\/liberator-steed-bondage-spanking-bench\\\/\"]}]},{\"@type\":\"ImageObject\",\"inLanguage\":\"fr-FR\",\"@id\":\"https:\\\/\\\/liberatorshop.eu\\\/fr\\\/product\\\/liberator-fr\\\/liberator-steed-bondage-spanking-bench\\\/#primaryimage\",\"url\":\"https:\\\/\\\/liberatorshop.eu\\\/wp-content\\\/uploads\\\/2026\\\/05\\\/O50071600000_03.jpg\",\"contentUrl\":\"https:\\\/\\\/liberatorshop.eu\\\/wp-content\\\/uploads\\\/2026\\\/05\\\/O50071600000_03.jpg\",\"width\":1000,\"height\":1000},{\"@type\":\"BreadcrumbList\",\"@id\":\"https:\\\/\\\/liberatorshop.eu\\\/fr\\\/product\\\/liberator-fr\\\/liberator-steed-bondage-spanking-bench\\\/#breadcrumb\",\"itemListElement\":[{\"@type\":\"ListItem\",\"position\":1,\"name\":\"Home\",\"item\":\"https:\\\/\\\/liberatorshop.eu\\\/fr\\\/\"},{\"@type\":\"ListItem\",\"position\":2,\"name\":\"Acceuil\",\"item\":\"https:\\\/\\\/liberatorshop.eu\\\/fr\\\/\"},{\"@type\":\"ListItem\",\"position\":3,\"name\":\"Liberator Steed Bondage Spanking Bench\"}]},{\"@type\":\"WebSite\",\"@id\":\"https:\\\/\\\/liberatorshop.eu\\\/fr\\\/#website\",\"url\":\"https:\\\/\\\/liberatorshop.eu\\\/fr\\\/\",\"name\":\"Liberatorshop.eu\",\"description\":\"Liberatorshop - Love All Ways\",\"publisher\":{\"@id\":\"https:\\\/\\\/liberatorshop.eu\\\/fr\\\/#organization\"},\"potentialAction\":[{\"@type\":\"SearchAction\",\"target\":{\"@type\":\"EntryPoint\",\"urlTemplate\":\"https:\\\/\\\/liberatorshop.eu\\\/fr\\\/?s={search_term_string}\"},\"query-input\":{\"@type\":\"PropertyValueSpecification\",\"valueRequired\":true,\"valueName\":\"search_term_string\"}}],\"inLanguage\":\"fr-FR\"},{\"@type\":\"Organization\",\"@id\":\"https:\\\/\\\/liberatorshop.eu\\\/fr\\\/#organization\",\"name\":\"Liberatorshop\",\"url\":\"https:\\\/\\\/liberatorshop.eu\\\/fr\\\/\",\"logo\":{\"@type\":\"ImageObject\",\"inLanguage\":\"fr-FR\",\"@id\":\"https:\\\/\\\/liberatorshop.eu\\\/fr\\\/#\\\/schema\\\/logo\\\/image\\\/\",\"url\":\"https:\\\/\\\/liberatorshop.eu\\\/wp-content\\\/uploads\\\/2023\\\/09\\\/flip-ramp-EXAMPLES-1500-x-500-px.png\",\"contentUrl\":\"https:\\\/\\\/liberatorshop.eu\\\/wp-content\\\/uploads\\\/2023\\\/09\\\/flip-ramp-EXAMPLES-1500-x-500-px.png\",\"width\":2560,\"height\":854,\"caption\":\"Liberatorshop\"},\"image\":{\"@id\":\"https:\\\/\\\/liberatorshop.eu\\\/fr\\\/#\\\/schema\\\/logo\\\/image\\\/\"}}]}<\/script>\n<!-- \/ Yoast SEO plugin. -->","yoast_head_json":{"title":"Liberator Steed Bondage Spanking Bench - Liberatorshop - Meubles sexuels et oreillers sexuels \u00e0 d\u00e9couvrir","description":"D\u00e9couvrez le banc de fess\u00e9e Liberator Steed, dot\u00e9 de 12 points d'attache, de 4 menottes souples et d'un masque pour les yeux. Confortable et robuste, il est id\u00e9al pour la pratique du bondage, la fess\u00e9e et diverses positions.","robots":{"index":"index","follow":"follow","max-snippet":"max-snippet:-1","max-image-preview":"max-image-preview:large","max-video-preview":"max-video-preview:-1"},"canonical":"https:\/\/liberatorshop.eu\/fr\/product\/liberator-fr\/liberator-steed-bondage-spanking-bench\/","og_locale":"fr_FR","og_type":"article","og_title":"Liberator Steed Bondage Spanking Bench - Liberatorshop - Meubles sexuels et oreillers sexuels \u00e0 d\u00e9couvrir","og_description":"D\u00e9couvrez le banc de fess\u00e9e Liberator Steed, dot\u00e9 de 12 points d'attache, de 4 menottes souples et d'un masque pour les yeux. Confortable et robuste, il est id\u00e9al pour la pratique du bondage, la fess\u00e9e et diverses positions.","og_url":"https:\/\/liberatorshop.eu\/fr\/product\/liberator-fr\/liberator-steed-bondage-spanking-bench\/","og_site_name":"Liberatorshop - Meubles sexuels et oreillers sexuels \u00e0 d\u00e9couvrir","article_modified_time":"2026-05-02T20:51:17+00:00","og_image":[{"width":1000,"height":1000,"url":"https:\/\/liberatorshop.eu\/wp-content\/uploads\/2026\/05\/O50071600000_03.jpg","type":"image\/jpeg"}],"twitter_card":"summary_large_image","twitter_misc":{"Dur\u00e9e de lecture estim\u00e9e":"2 minutes"},"schema":{"@context":"https:\/\/schema.org","@graph":[{"@type":"WebPage","@id":"https:\/\/liberatorshop.eu\/fr\/product\/liberator-fr\/liberator-steed-bondage-spanking-bench\/","url":"https:\/\/liberatorshop.eu\/fr\/product\/liberator-fr\/liberator-steed-bondage-spanking-bench\/","name":"Liberator Steed Bondage Spanking Bench - Liberatorshop - Meubles sexuels et oreillers sexuels \u00e0 d\u00e9couvrir","isPartOf":{"@id":"https:\/\/liberatorshop.eu\/fr\/#website"},"primaryImageOfPage":{"@id":"https:\/\/liberatorshop.eu\/fr\/product\/liberator-fr\/liberator-steed-bondage-spanking-bench\/#primaryimage"},"image":{"@id":"https:\/\/liberatorshop.eu\/fr\/product\/liberator-fr\/liberator-steed-bondage-spanking-bench\/#primaryimage"},"thumbnailUrl":"https:\/\/liberatorshop.eu\/wp-content\/uploads\/2026\/05\/O50071600000_03.jpg","datePublished":"2026-05-02T20:07:18+00:00","dateModified":"2026-05-02T20:51:17+00:00","description":"D\u00e9couvrez le banc de fess\u00e9e Liberator Steed, dot\u00e9 de 12 points d'attache, de 4 menottes souples et d'un masque pour les yeux. Confortable et robuste, il est id\u00e9al pour la pratique du bondage, la fess\u00e9e et diverses positions.","breadcrumb":{"@id":"https:\/\/liberatorshop.eu\/fr\/product\/liberator-fr\/liberator-steed-bondage-spanking-bench\/#breadcrumb"},"inLanguage":"fr-FR","potentialAction":[{"@type":"ReadAction","target":["https:\/\/liberatorshop.eu\/fr\/product\/liberator-fr\/liberator-steed-bondage-spanking-bench\/"]}]},{"@type":"ImageObject","inLanguage":"fr-FR","@id":"https:\/\/liberatorshop.eu\/fr\/product\/liberator-fr\/liberator-steed-bondage-spanking-bench\/#primaryimage","url":"https:\/\/liberatorshop.eu\/wp-content\/uploads\/2026\/05\/O50071600000_03.jpg","contentUrl":"https:\/\/liberatorshop.eu\/wp-content\/uploads\/2026\/05\/O50071600000_03.jpg","width":1000,"height":1000},{"@type":"BreadcrumbList","@id":"https:\/\/liberatorshop.eu\/fr\/product\/liberator-fr\/liberator-steed-bondage-spanking-bench\/#breadcrumb","itemListElement":[{"@type":"ListItem","position":1,"name":"Home","item":"https:\/\/liberatorshop.eu\/fr\/"},{"@type":"ListItem","position":2,"name":"Acceuil","item":"https:\/\/liberatorshop.eu\/fr\/"},{"@type":"ListItem","position":3,"name":"Liberator Steed Bondage Spanking Bench"}]},{"@type":"WebSite","@id":"https:\/\/liberatorshop.eu\/fr\/#website","url":"https:\/\/liberatorshop.eu\/fr\/","name":"Liberatorshop.eu","description":"Liberatorshop - Love All Ways","publisher":{"@id":"https:\/\/liberatorshop.eu\/fr\/#organization"},"potentialAction":[{"@type":"SearchAction","target":{"@type":"EntryPoint","urlTemplate":"https:\/\/liberatorshop.eu\/fr\/?s={search_term_string}"},"query-input":{"@type":"PropertyValueSpecification","valueRequired":true,"valueName":"search_term_string"}}],"inLanguage":"fr-FR"},{"@type":"Organization","@id":"https:\/\/liberatorshop.eu\/fr\/#organization","name":"Liberatorshop","url":"https:\/\/liberatorshop.eu\/fr\/","logo":{"@type":"ImageObject","inLanguage":"fr-FR","@id":"https:\/\/liberatorshop.eu\/fr\/#\/schema\/logo\/image\/","url":"https:\/\/liberatorshop.eu\/wp-content\/uploads\/2023\/09\/flip-ramp-EXAMPLES-1500-x-500-px.png","contentUrl":"https:\/\/liberatorshop.eu\/wp-content\/uploads\/2023\/09\/flip-ramp-EXAMPLES-1500-x-500-px.png","width":2560,"height":854,"caption":"Liberatorshop"},"image":{"@id":"https:\/\/liberatorshop.eu\/fr\/#\/schema\/logo\/image\/"}}]}},"_links":{"self":[{"href":"https:\/\/liberatorshop.eu\/fr\/wp-json\/wp\/v2\/product\/105703","targetHints":{"allow":["GET"]}}],"collection":[{"href":"https:\/\/liberatorshop.eu\/fr\/wp-json\/wp\/v2\/product"}],"about":[{"href":"https:\/\/liberatorshop.eu\/fr\/wp-json\/wp\/v2\/types\/product"}],"replies":[{"embeddable":true,"href":"https:\/\/liberatorshop.eu\/fr\/wp-json\/wp\/v2\/comments?post=105703"}],"wp:featuredmedia":[{"embeddable":true,"href":"https:\/\/liberatorshop.eu\/fr\/wp-json\/wp\/v2\/media\/105717"}],"wp:attachment":[{"href":"https:\/\/liberatorshop.eu\/fr\/wp-json\/wp\/v2\/media?parent=105703"}],"wp:term":[{"taxonomy":"product_brand","embeddable":true,"href":"https:\/\/liberatorshop.eu\/fr\/wp-json\/wp\/v2\/product_brand?post=105703"},{"taxonomy":"product_cat","embeddable":true,"href":"https:\/\/liberatorshop.eu\/fr\/wp-json\/wp\/v2\/product_cat?post=105703"},{"taxonomy":"product_tag","embeddable":true,"href":"https:\/\/liberatorshop.eu\/fr\/wp-json\/wp\/v2\/product_tag?post=105703"}],"curies":[{"name":"wp","href":"https:\/\/api.w.org\/{rel}","templated":true}]}}