{"id":60539,"date":"2020-09-21T16:59:55","date_gmt":"2020-09-21T15:59:55","guid":{"rendered":"https:\/\/liberatorshop.eu\/winkel\/non%20class\u00e9\/liberator-universal-d-rings-clips\/"},"modified":"2024-10-25T15:09:05","modified_gmt":"2024-10-25T14:09:05","slug":"liberator-universal-d-rings-clips","status":"publish","type":"product","link":"https:\/\/liberatorshop.eu\/fr\/product\/liberator-fr\/liberator-universal-d-rings-clips\/","title":{"rendered":"Liberator Universal D-Rings Clips"},"content":{"rendered":"<p>Enrichissez vos moments intimes et ajoutez une touche d&rsquo;aventure avec les <strong>clips Liberator Universal D-Rings<\/strong>. Ces clips polyvalents sont con\u00e7us pour mettre le monde du bondage et du positionnement cr\u00e9atif \u00e0 port\u00e9e de main, que vous soyez novice ou amateur exp\u00e9riment\u00e9 d&rsquo;exp\u00e9rimentation sensuelle.<\/p>\n<h3>Caract\u00e9ristiques des clips universels pour anneaux en D Liberator :<\/h3>\n<ul>\n<li><strong>Bondage polyvalent :<\/strong> convient aussi bien aux nouveaux arrivants qu&rsquo;aux couples exp\u00e9riment\u00e9s qui souhaitent explorer dans les limites s\u00fbres du consentement et du confort.<\/li>\n<li><strong>Compatibilit\u00e9 :<\/strong> se marie parfaitement avec la collection Black Label de Liberator, y compris <a href=\"https:\/\/liberatorshop.eu\/fr\/\">les oreillers et les meubles sexuels<\/a>, pour offrir une int\u00e9gration transparente et des possibilit\u00e9s de positionnement infinies.<\/li>\n<li><strong>Libert\u00e9 cr\u00e9ative :<\/strong> con\u00e7u pour lib\u00e9rer votre imagination, du bondage doux aux sessions de jeu plus aventureuses.<\/li>\n<li><strong>Emballage discret :<\/strong> votre vie priv\u00e9e est garantie avec nos produits soigneusement emball\u00e9s, afin que vous puissiez commander en toute tranquillit\u00e9.<\/li>\n<\/ul>\n<h3>Avantages des clips universels pour anneaux en D Liberator :<\/h3>\n<ul>\n<li><strong>D\u00e9couverte de nouvelles positions :<\/strong> ces clips ouvrent un monde de nouvelles possibilit\u00e9s, du tantra amoureux au kamasutra dynamique, en vous soutenant, vous et votre partenaire, de mani\u00e8re confortable et s\u00fbre.<\/li>\n<li><strong>Renforcer le lien :<\/strong> utilisez les anneaux en D pour approfondir le lien entre vous et votre partenaire, en d\u00e9couvrant et en explorant de nouvelles formes d&rsquo;intimit\u00e9 ensemble.<\/li>\n<li><strong>Simple et s\u00fbr :<\/strong> les clips sont con\u00e7us pour une utilisation facile, vous permettant de changer de position rapidement et en toute s\u00e9curit\u00e9 sans interrompre le flux.<\/li>\n<\/ul>\n<p>Contenu du set : 4 clips Liberator Universal D-Rings, avec lesquels vous pouvez commencer imm\u00e9diatement \u00e0 faire passer vos exp\u00e9riences intimes au niveau sup\u00e9rieur. Osez explorer, connecter et profiter ensemble avec cet ajout essentiel \u00e0 votre r\u00e9pertoire sensuel.<\/p>\n","protected":false},"excerpt":{"rendered":"<p>Enrichissez vos moments intimes et ajoutez une touche d&rsquo;aventure avec les <strong>clips Liberator Universal D-Rings<\/strong>. Ces clips polyvalents sont con\u00e7us pour mettre le monde du bondage et du positionnement cr\u00e9atif \u00e0 port\u00e9e de main, que vous soyez novice ou amateur exp\u00e9riment\u00e9 d&rsquo;exp\u00e9rimentation sensuelle.<\/p>\n","protected":false},"featured_media":32522,"comment_status":"open","ping_status":"closed","template":"","meta":[],"product_brand":[],"product_cat":[15763],"product_tag":[15782,15780,15779,15781],"class_list":{"0":"post-60539","1":"product","2":"type-product","3":"status-publish","4":"has-post-thumbnail","6":"product_cat-liberator-fr","7":"product_tag-clips-fr","8":"product_tag-esclavage","9":"product_tag-liberator-fr","10":"product_tag-positions-fr","11":"product_shipping_class-envoi-1-2-jours-ouvres","13":"first","14":"instock","15":"taxable","16":"shipping-taxable","17":"purchasable","18":"product-type-simple"},"yoast_head":"<!-- This site is optimized with the Yoast SEO plugin v27.3 - https:\/\/yoast.com\/product\/yoast-seo-wordpress\/ -->\n<title>Liberator Universal D-Rings Clips - Liberatorshop - Meubles sexuels et oreillers sexuels \u00e0 d\u00e9couvrir<\/title>\n<meta name=\"description\" content=\"Enrichissez vos moments intimes et ajoutez une touche d&#039;aventure avec les clips Liberator Universal D-Rings. Ces clips polyvalents sont con\u00e7us pour mettre le monde du bondage et du positionnement cr\u00e9atif \u00e0 port\u00e9e de main, que vous soyez novice ou amateur exp\u00e9riment\u00e9 d&#039;exp\u00e9rimentation sensuelle.\" \/>\n<meta name=\"robots\" content=\"index, follow, max-snippet:-1, max-image-preview:large, max-video-preview:-1\" \/>\n<link rel=\"canonical\" href=\"https:\/\/liberatorshop.eu\/fr\/product\/liberator-fr\/liberator-universal-d-rings-clips\/\" \/>\n<meta property=\"og:locale\" content=\"fr_FR\" \/>\n<meta property=\"og:type\" content=\"article\" \/>\n<meta property=\"og:title\" content=\"Liberator Universal D-Rings Clips - Liberatorshop - Meubles sexuels et oreillers sexuels \u00e0 d\u00e9couvrir\" \/>\n<meta property=\"og:description\" content=\"Enrichissez vos moments intimes et ajoutez une touche d&#039;aventure avec les clips Liberator Universal D-Rings. Ces clips polyvalents sont con\u00e7us pour mettre le monde du bondage et du positionnement cr\u00e9atif \u00e0 port\u00e9e de main, que vous soyez novice ou amateur exp\u00e9riment\u00e9 d&#039;exp\u00e9rimentation sensuelle.\" \/>\n<meta property=\"og:url\" content=\"https:\/\/liberatorshop.eu\/fr\/product\/liberator-fr\/liberator-universal-d-rings-clips\/\" \/>\n<meta property=\"og:site_name\" content=\"Liberatorshop - Meubles sexuels et oreillers sexuels \u00e0 d\u00e9couvrir\" \/>\n<meta property=\"article:modified_time\" content=\"2024-10-25T14:09:05+00:00\" \/>\n<meta property=\"og:image\" content=\"https:\/\/liberatorshop.eu\/wp-content\/uploads\/2020\/09\/Liberator-Universal-D-Ring-Clips-01.jpg\" \/>\n\t<meta property=\"og:image:width\" content=\"600\" \/>\n\t<meta property=\"og:image:height\" content=\"363\" \/>\n\t<meta property=\"og:image:type\" content=\"image\/jpeg\" \/>\n<meta name=\"twitter:card\" content=\"summary_large_image\" \/>\n<meta name=\"twitter:label1\" content=\"Dur\u00e9e de lecture estim\u00e9e\" \/>\n\t<meta name=\"twitter:data1\" content=\"1 minute\" \/>\n<script type=\"application\/ld+json\" class=\"yoast-schema-graph\">{\"@context\":\"https:\\\/\\\/schema.org\",\"@graph\":[{\"@type\":\"WebPage\",\"@id\":\"https:\\\/\\\/liberatorshop.eu\\\/fr\\\/product\\\/liberator-fr\\\/liberator-universal-d-rings-clips\\\/\",\"url\":\"https:\\\/\\\/liberatorshop.eu\\\/fr\\\/product\\\/liberator-fr\\\/liberator-universal-d-rings-clips\\\/\",\"name\":\"Liberator Universal D-Rings Clips - Liberatorshop - Meubles sexuels et oreillers sexuels \u00e0 d\u00e9couvrir\",\"isPartOf\":{\"@id\":\"https:\\\/\\\/liberatorshop.eu\\\/fr\\\/#website\"},\"primaryImageOfPage\":{\"@id\":\"https:\\\/\\\/liberatorshop.eu\\\/fr\\\/product\\\/liberator-fr\\\/liberator-universal-d-rings-clips\\\/#primaryimage\"},\"image\":{\"@id\":\"https:\\\/\\\/liberatorshop.eu\\\/fr\\\/product\\\/liberator-fr\\\/liberator-universal-d-rings-clips\\\/#primaryimage\"},\"thumbnailUrl\":\"https:\\\/\\\/liberatorshop.eu\\\/wp-content\\\/uploads\\\/2020\\\/09\\\/Liberator-Universal-D-Ring-Clips-01.jpg\",\"datePublished\":\"2020-09-21T15:59:55+00:00\",\"dateModified\":\"2024-10-25T14:09:05+00:00\",\"description\":\"Enrichissez vos moments intimes et ajoutez une touche d'aventure avec les clips Liberator Universal D-Rings. Ces clips polyvalents sont con\u00e7us pour mettre le monde du bondage et du positionnement cr\u00e9atif \u00e0 port\u00e9e de main, que vous soyez novice ou amateur exp\u00e9riment\u00e9 d'exp\u00e9rimentation sensuelle.\",\"breadcrumb\":{\"@id\":\"https:\\\/\\\/liberatorshop.eu\\\/fr\\\/product\\\/liberator-fr\\\/liberator-universal-d-rings-clips\\\/#breadcrumb\"},\"inLanguage\":\"fr-FR\",\"potentialAction\":[{\"@type\":\"ReadAction\",\"target\":[\"https:\\\/\\\/liberatorshop.eu\\\/fr\\\/product\\\/liberator-fr\\\/liberator-universal-d-rings-clips\\\/\"]}]},{\"@type\":\"ImageObject\",\"inLanguage\":\"fr-FR\",\"@id\":\"https:\\\/\\\/liberatorshop.eu\\\/fr\\\/product\\\/liberator-fr\\\/liberator-universal-d-rings-clips\\\/#primaryimage\",\"url\":\"https:\\\/\\\/liberatorshop.eu\\\/wp-content\\\/uploads\\\/2020\\\/09\\\/Liberator-Universal-D-Ring-Clips-01.jpg\",\"contentUrl\":\"https:\\\/\\\/liberatorshop.eu\\\/wp-content\\\/uploads\\\/2020\\\/09\\\/Liberator-Universal-D-Ring-Clips-01.jpg\",\"width\":600,\"height\":363},{\"@type\":\"BreadcrumbList\",\"@id\":\"https:\\\/\\\/liberatorshop.eu\\\/fr\\\/product\\\/liberator-fr\\\/liberator-universal-d-rings-clips\\\/#breadcrumb\",\"itemListElement\":[{\"@type\":\"ListItem\",\"position\":1,\"name\":\"Home\",\"item\":\"https:\\\/\\\/liberatorshop.eu\\\/fr\\\/\"},{\"@type\":\"ListItem\",\"position\":2,\"name\":\"Acceuil\",\"item\":\"https:\\\/\\\/liberatorshop.eu\\\/fr\\\/\"},{\"@type\":\"ListItem\",\"position\":3,\"name\":\"Liberator Universal D-Rings Clips\"}]},{\"@type\":\"WebSite\",\"@id\":\"https:\\\/\\\/liberatorshop.eu\\\/fr\\\/#website\",\"url\":\"https:\\\/\\\/liberatorshop.eu\\\/fr\\\/\",\"name\":\"Liberatorshop.eu\",\"description\":\"Liberatorshop - Love All Ways\",\"publisher\":{\"@id\":\"https:\\\/\\\/liberatorshop.eu\\\/fr\\\/#organization\"},\"potentialAction\":[{\"@type\":\"SearchAction\",\"target\":{\"@type\":\"EntryPoint\",\"urlTemplate\":\"https:\\\/\\\/liberatorshop.eu\\\/fr\\\/?s={search_term_string}\"},\"query-input\":{\"@type\":\"PropertyValueSpecification\",\"valueRequired\":true,\"valueName\":\"search_term_string\"}}],\"inLanguage\":\"fr-FR\"},{\"@type\":\"Organization\",\"@id\":\"https:\\\/\\\/liberatorshop.eu\\\/fr\\\/#organization\",\"name\":\"Liberatorshop\",\"url\":\"https:\\\/\\\/liberatorshop.eu\\\/fr\\\/\",\"logo\":{\"@type\":\"ImageObject\",\"inLanguage\":\"fr-FR\",\"@id\":\"https:\\\/\\\/liberatorshop.eu\\\/fr\\\/#\\\/schema\\\/logo\\\/image\\\/\",\"url\":\"https:\\\/\\\/liberatorshop.eu\\\/wp-content\\\/uploads\\\/2023\\\/09\\\/flip-ramp-EXAMPLES-1500-x-500-px.png\",\"contentUrl\":\"https:\\\/\\\/liberatorshop.eu\\\/wp-content\\\/uploads\\\/2023\\\/09\\\/flip-ramp-EXAMPLES-1500-x-500-px.png\",\"width\":2560,\"height\":854,\"caption\":\"Liberatorshop\"},\"image\":{\"@id\":\"https:\\\/\\\/liberatorshop.eu\\\/fr\\\/#\\\/schema\\\/logo\\\/image\\\/\"}}]}<\/script>\n<!-- \/ Yoast SEO plugin. -->","yoast_head_json":{"title":"Liberator Universal D-Rings Clips - Liberatorshop - Meubles sexuels et oreillers sexuels \u00e0 d\u00e9couvrir","description":"Enrichissez vos moments intimes et ajoutez une touche d'aventure avec les clips Liberator Universal D-Rings. Ces clips polyvalents sont con\u00e7us pour mettre le monde du bondage et du positionnement cr\u00e9atif \u00e0 port\u00e9e de main, que vous soyez novice ou amateur exp\u00e9riment\u00e9 d'exp\u00e9rimentation sensuelle.","robots":{"index":"index","follow":"follow","max-snippet":"max-snippet:-1","max-image-preview":"max-image-preview:large","max-video-preview":"max-video-preview:-1"},"canonical":"https:\/\/liberatorshop.eu\/fr\/product\/liberator-fr\/liberator-universal-d-rings-clips\/","og_locale":"fr_FR","og_type":"article","og_title":"Liberator Universal D-Rings Clips - Liberatorshop - Meubles sexuels et oreillers sexuels \u00e0 d\u00e9couvrir","og_description":"Enrichissez vos moments intimes et ajoutez une touche d'aventure avec les clips Liberator Universal D-Rings. Ces clips polyvalents sont con\u00e7us pour mettre le monde du bondage et du positionnement cr\u00e9atif \u00e0 port\u00e9e de main, que vous soyez novice ou amateur exp\u00e9riment\u00e9 d'exp\u00e9rimentation sensuelle.","og_url":"https:\/\/liberatorshop.eu\/fr\/product\/liberator-fr\/liberator-universal-d-rings-clips\/","og_site_name":"Liberatorshop - Meubles sexuels et oreillers sexuels \u00e0 d\u00e9couvrir","article_modified_time":"2024-10-25T14:09:05+00:00","og_image":[{"width":600,"height":363,"url":"https:\/\/liberatorshop.eu\/wp-content\/uploads\/2020\/09\/Liberator-Universal-D-Ring-Clips-01.jpg","type":"image\/jpeg"}],"twitter_card":"summary_large_image","twitter_misc":{"Dur\u00e9e de lecture estim\u00e9e":"1 minute"},"schema":{"@context":"https:\/\/schema.org","@graph":[{"@type":"WebPage","@id":"https:\/\/liberatorshop.eu\/fr\/product\/liberator-fr\/liberator-universal-d-rings-clips\/","url":"https:\/\/liberatorshop.eu\/fr\/product\/liberator-fr\/liberator-universal-d-rings-clips\/","name":"Liberator Universal D-Rings Clips - Liberatorshop - Meubles sexuels et oreillers sexuels \u00e0 d\u00e9couvrir","isPartOf":{"@id":"https:\/\/liberatorshop.eu\/fr\/#website"},"primaryImageOfPage":{"@id":"https:\/\/liberatorshop.eu\/fr\/product\/liberator-fr\/liberator-universal-d-rings-clips\/#primaryimage"},"image":{"@id":"https:\/\/liberatorshop.eu\/fr\/product\/liberator-fr\/liberator-universal-d-rings-clips\/#primaryimage"},"thumbnailUrl":"https:\/\/liberatorshop.eu\/wp-content\/uploads\/2020\/09\/Liberator-Universal-D-Ring-Clips-01.jpg","datePublished":"2020-09-21T15:59:55+00:00","dateModified":"2024-10-25T14:09:05+00:00","description":"Enrichissez vos moments intimes et ajoutez une touche d'aventure avec les clips Liberator Universal D-Rings. Ces clips polyvalents sont con\u00e7us pour mettre le monde du bondage et du positionnement cr\u00e9atif \u00e0 port\u00e9e de main, que vous soyez novice ou amateur exp\u00e9riment\u00e9 d'exp\u00e9rimentation sensuelle.","breadcrumb":{"@id":"https:\/\/liberatorshop.eu\/fr\/product\/liberator-fr\/liberator-universal-d-rings-clips\/#breadcrumb"},"inLanguage":"fr-FR","potentialAction":[{"@type":"ReadAction","target":["https:\/\/liberatorshop.eu\/fr\/product\/liberator-fr\/liberator-universal-d-rings-clips\/"]}]},{"@type":"ImageObject","inLanguage":"fr-FR","@id":"https:\/\/liberatorshop.eu\/fr\/product\/liberator-fr\/liberator-universal-d-rings-clips\/#primaryimage","url":"https:\/\/liberatorshop.eu\/wp-content\/uploads\/2020\/09\/Liberator-Universal-D-Ring-Clips-01.jpg","contentUrl":"https:\/\/liberatorshop.eu\/wp-content\/uploads\/2020\/09\/Liberator-Universal-D-Ring-Clips-01.jpg","width":600,"height":363},{"@type":"BreadcrumbList","@id":"https:\/\/liberatorshop.eu\/fr\/product\/liberator-fr\/liberator-universal-d-rings-clips\/#breadcrumb","itemListElement":[{"@type":"ListItem","position":1,"name":"Home","item":"https:\/\/liberatorshop.eu\/fr\/"},{"@type":"ListItem","position":2,"name":"Acceuil","item":"https:\/\/liberatorshop.eu\/fr\/"},{"@type":"ListItem","position":3,"name":"Liberator Universal D-Rings Clips"}]},{"@type":"WebSite","@id":"https:\/\/liberatorshop.eu\/fr\/#website","url":"https:\/\/liberatorshop.eu\/fr\/","name":"Liberatorshop.eu","description":"Liberatorshop - Love All Ways","publisher":{"@id":"https:\/\/liberatorshop.eu\/fr\/#organization"},"potentialAction":[{"@type":"SearchAction","target":{"@type":"EntryPoint","urlTemplate":"https:\/\/liberatorshop.eu\/fr\/?s={search_term_string}"},"query-input":{"@type":"PropertyValueSpecification","valueRequired":true,"valueName":"search_term_string"}}],"inLanguage":"fr-FR"},{"@type":"Organization","@id":"https:\/\/liberatorshop.eu\/fr\/#organization","name":"Liberatorshop","url":"https:\/\/liberatorshop.eu\/fr\/","logo":{"@type":"ImageObject","inLanguage":"fr-FR","@id":"https:\/\/liberatorshop.eu\/fr\/#\/schema\/logo\/image\/","url":"https:\/\/liberatorshop.eu\/wp-content\/uploads\/2023\/09\/flip-ramp-EXAMPLES-1500-x-500-px.png","contentUrl":"https:\/\/liberatorshop.eu\/wp-content\/uploads\/2023\/09\/flip-ramp-EXAMPLES-1500-x-500-px.png","width":2560,"height":854,"caption":"Liberatorshop"},"image":{"@id":"https:\/\/liberatorshop.eu\/fr\/#\/schema\/logo\/image\/"}}]}},"_links":{"self":[{"href":"https:\/\/liberatorshop.eu\/fr\/wp-json\/wp\/v2\/product\/60539","targetHints":{"allow":["GET"]}}],"collection":[{"href":"https:\/\/liberatorshop.eu\/fr\/wp-json\/wp\/v2\/product"}],"about":[{"href":"https:\/\/liberatorshop.eu\/fr\/wp-json\/wp\/v2\/types\/product"}],"replies":[{"embeddable":true,"href":"https:\/\/liberatorshop.eu\/fr\/wp-json\/wp\/v2\/comments?post=60539"}],"wp:featuredmedia":[{"embeddable":true,"href":"https:\/\/liberatorshop.eu\/fr\/wp-json\/wp\/v2\/media\/32522"}],"wp:attachment":[{"href":"https:\/\/liberatorshop.eu\/fr\/wp-json\/wp\/v2\/media?parent=60539"}],"wp:term":[{"taxonomy":"product_brand","embeddable":true,"href":"https:\/\/liberatorshop.eu\/fr\/wp-json\/wp\/v2\/product_brand?post=60539"},{"taxonomy":"product_cat","embeddable":true,"href":"https:\/\/liberatorshop.eu\/fr\/wp-json\/wp\/v2\/product_cat?post=60539"},{"taxonomy":"product_tag","embeddable":true,"href":"https:\/\/liberatorshop.eu\/fr\/wp-json\/wp\/v2\/product_tag?post=60539"}],"curies":[{"name":"wp","href":"https:\/\/api.w.org\/{rel}","templated":true}]}}