{"id":62295,"date":"2020-09-20T20:25:51","date_gmt":"2020-09-20T19:25:51","guid":{"rendered":"https:\/\/liberatorshop.eu\/winkel\/non%20class\u00e9\/liberator-flip-ramp\/"},"modified":"2026-03-08T15:37:19","modified_gmt":"2026-03-08T14:37:19","slug":"liberator-flip-ramp","status":"publish","type":"product","link":"https:\/\/liberatorshop.eu\/fr\/product\/liberator-fr\/liberator-flip-ramp\/","title":{"rendered":"Liberator Flip Ramp"},"content":{"rendered":"<p><strong>D\u00e9couvrez la polyvalente Liberator Flip Ramp : le summum du mobilier sexuel<\/strong><\/p>\n<h3>Un design dynamique pour des moments passionn\u00e9s<\/h3>\n<p>Une fois ouverte, la <strong>Liberator Flip Ramp<\/strong> r\u00e9v\u00e8le un monde de p\u00e9n\u00e9tration profonde et de positions \u00e9rotiques, id\u00e9al pour les couples aventureux. Ferm\u00e9, il fait office de meuble discret et styl\u00e9.<\/p>\n<h3>Soutien et confort ultimes<\/h3>\n<p>Gr\u00e2ce \u00e0 la mousse haute densit\u00e9, le Flip Ramp offre un maintien sans pr\u00e9c\u00e9dent, pour que chaque moment d&rsquo;intimit\u00e9 soit confortable et intense.<\/p>\n<h3>Style et praticit\u00e9 en un<\/h3>\n<p>Avec sa luxueuse housse en velours, le Flip Ramp allie style et simplicit\u00e9, ce qui en fait un incontournable pour se d\u00e9tendre et jouer.<\/p>\n<h3>Possibilit\u00e9s illimit\u00e9es<\/h3>\n<p>De la levrette au soutien pour se faire dorloter oralement, la Flip Ramp enrichit vos \u00e9bats amoureux avec des options infinies.<\/p>\n<p>Dimensions:<\/p>\n<ul>\n<li><strong>Pli\u00e9 :<\/strong> 48 cm x 48 cm x 38 cm<\/li>\n<li><strong>D\u00e9pli\u00e9 :<\/strong> 94 cm x 48 cm x 31 cm<\/li>\n<\/ul>\n<p>D\u00e9couvrez comment la <strong>Liberator Flip Ramp<\/strong> rend vos nuits plus vibrantes et s&rsquo;int\u00e8gre discr\u00e8tement dans votre espace de vie pendant la journ\u00e9e.<\/p>\n<p>Int\u00e9grez le Flip Ramp \u00e0 d&rsquo;autres <a href=\"https:\/\/liberatorshop.eu\/fr\/categorie-produit-fr\/liberator-fr\/\" target=\"_new\" rel=\"noopener\">produits Liberator<\/a> pour une exp\u00e9rience sensuelle compl\u00e8te.<\/p>\n<p>Enrichissez votre vie amoureuse avec la Flip Ramp, o\u00f9 confort et passion se rejoignent.<\/p>\n<p style=\"text-align: center;\"><strong>Positions \u00e0 essayer<\/strong><\/p>\n<p><img decoding=\"async\" class=\"size-full wp-image-32323 alignleft\" src=\"https:\/\/liberatorshop.eu\/wp-content\/uploads\/2020\/09\/Liberator-Flip-Ramp-The-Wishbone.jpg\" alt=\"\" width=\"297\" height=\"180\"> <img decoding=\"async\" class=\"size-full wp-image-32322 alignleft\" src=\"https:\/\/liberatorshop.eu\/wp-content\/uploads\/2020\/09\/Liberator-Flip-Ramp-The-Pedestal.jpg\" alt=\"\" width=\"297\" height=\"180\"> <img decoding=\"async\" class=\"size-full wp-image-32321 alignleft\" src=\"https:\/\/liberatorshop.eu\/wp-content\/uploads\/2020\/09\/Liberator-Flip-Ramp-Take-Flight.jpg\" alt=\"\" width=\"297\" height=\"180\"> <img decoding=\"async\" class=\"size-full wp-image-32320 alignleft\" src=\"https:\/\/liberatorshop.eu\/wp-content\/uploads\/2020\/09\/Liberator-Flip-Ramp-Slipstream.jpg\" alt=\"\" width=\"297\" height=\"180\"> <img decoding=\"async\" class=\"size-full wp-image-32319 alignleft\" src=\"https:\/\/liberatorshop.eu\/wp-content\/uploads\/2020\/09\/Liberator-Flip-Ramp-Lucky-Stars.jpg\" alt=\"\" width=\"297\" height=\"180\"> <img decoding=\"async\" class=\"size-full wp-image-32318 alignleft\" src=\"https:\/\/liberatorshop.eu\/wp-content\/uploads\/2020\/09\/Liberator-Flip-Ramp-Fox-Hunt.jpg\" alt=\"\" width=\"297\" height=\"180\"><\/p>\n","protected":false},"excerpt":{"rendered":"<p>Une fois ouverte, la <strong>Liberator Flip Ramp<\/strong> r\u00e9v\u00e8le un monde de p\u00e9n\u00e9tration profonde et de positions \u00e9rotiques, id\u00e9al pour les couples aventureux. Ferm\u00e9, il fait office de meuble discret et styl\u00e9.<\/p>\n","protected":false},"featured_media":32301,"comment_status":"open","ping_status":"closed","template":"","meta":[],"product_brand":[],"product_cat":[15763,16185,20935],"product_tag":[15981,15982,15980,15779,15838,15983],"class_list":{"0":"post-62295","1":"product","2":"type-product","3":"status-publish","4":"has-post-thumbnail","6":"product_cat-liberator-fr","7":"product_cat-meilleures-ventes","8":"product_cat-liberator-ramps-fr","9":"product_tag-angle-fr","10":"product_tag-elevation-fr","11":"product_tag-flip-ramp-fr","12":"product_tag-liberator-fr","13":"product_tag-position-sexuelle","14":"product_tag-pouf-fr","15":"product_shipping_class-envoi-1-2-jours-ouvres","17":"first","18":"instock","19":"sale","20":"featured","21":"taxable","22":"shipping-taxable","23":"purchasable","24":"product-type-variable"},"yoast_head":"<!-- This site is optimized with the Yoast SEO plugin v27.3 - https:\/\/yoast.com\/product\/yoast-seo-wordpress\/ -->\n<title>Liberator Flip Ramp - Liberatorshop - Meubles sexuels et oreillers sexuels \u00e0 d\u00e9couvrir<\/title>\n<meta name=\"description\" content=\"Intensifiez votre jeu intime avec la rampe Liberator Flip. Du support intime au mobilier \u00e9l\u00e9gant, d\u00e9couvrez les possibilit\u00e9s illimit\u00e9es.\" \/>\n<meta name=\"robots\" content=\"index, follow, max-snippet:-1, max-image-preview:large, max-video-preview:-1\" \/>\n<link rel=\"canonical\" href=\"https:\/\/liberatorshop.eu\/fr\/product\/liberator-fr\/liberator-flip-ramp\/\" \/>\n<meta property=\"og:locale\" content=\"fr_FR\" \/>\n<meta property=\"og:type\" content=\"article\" \/>\n<meta property=\"og:title\" content=\"Liberator Flip Ramp - Liberatorshop - Meubles sexuels et oreillers sexuels \u00e0 d\u00e9couvrir\" \/>\n<meta property=\"og:description\" content=\"Intensifiez votre jeu intime avec la rampe Liberator Flip. Du support intime au mobilier \u00e9l\u00e9gant, d\u00e9couvrez les possibilit\u00e9s illimit\u00e9es.\" \/>\n<meta property=\"og:url\" content=\"https:\/\/liberatorshop.eu\/fr\/product\/liberator-fr\/liberator-flip-ramp\/\" \/>\n<meta property=\"og:site_name\" content=\"Liberatorshop - Meubles sexuels et oreillers sexuels \u00e0 d\u00e9couvrir\" \/>\n<meta property=\"article:modified_time\" content=\"2026-03-08T14:37:19+00:00\" \/>\n<meta property=\"og:image\" content=\"https:\/\/liberatorshop.eu\/wp-content\/uploads\/2020\/09\/Liberator-Flip-Ramp-01.jpg\" \/>\n\t<meta property=\"og:image:width\" content=\"1400\" \/>\n\t<meta property=\"og:image:height\" content=\"848\" \/>\n\t<meta property=\"og:image:type\" content=\"image\/jpeg\" \/>\n<meta name=\"twitter:card\" content=\"summary_large_image\" \/>\n<meta name=\"twitter:label1\" content=\"Dur\u00e9e de lecture estim\u00e9e\" \/>\n\t<meta name=\"twitter:data1\" content=\"1 minute\" \/>\n<script type=\"application\/ld+json\" class=\"yoast-schema-graph\">{\"@context\":\"https:\\\/\\\/schema.org\",\"@graph\":[{\"@type\":\"WebPage\",\"@id\":\"https:\\\/\\\/liberatorshop.eu\\\/fr\\\/product\\\/liberator-fr\\\/liberator-flip-ramp\\\/\",\"url\":\"https:\\\/\\\/liberatorshop.eu\\\/fr\\\/product\\\/liberator-fr\\\/liberator-flip-ramp\\\/\",\"name\":\"Liberator Flip Ramp - Liberatorshop - Meubles sexuels et oreillers sexuels \u00e0 d\u00e9couvrir\",\"isPartOf\":{\"@id\":\"https:\\\/\\\/liberatorshop.eu\\\/fr\\\/#website\"},\"primaryImageOfPage\":{\"@id\":\"https:\\\/\\\/liberatorshop.eu\\\/fr\\\/product\\\/liberator-fr\\\/liberator-flip-ramp\\\/#primaryimage\"},\"image\":{\"@id\":\"https:\\\/\\\/liberatorshop.eu\\\/fr\\\/product\\\/liberator-fr\\\/liberator-flip-ramp\\\/#primaryimage\"},\"thumbnailUrl\":\"https:\\\/\\\/liberatorshop.eu\\\/wp-content\\\/uploads\\\/2020\\\/09\\\/Liberator-Flip-Ramp-01.jpg\",\"datePublished\":\"2020-09-20T19:25:51+00:00\",\"dateModified\":\"2026-03-08T14:37:19+00:00\",\"description\":\"Intensifiez votre jeu intime avec la rampe Liberator Flip. Du support intime au mobilier \u00e9l\u00e9gant, d\u00e9couvrez les possibilit\u00e9s illimit\u00e9es.\",\"breadcrumb\":{\"@id\":\"https:\\\/\\\/liberatorshop.eu\\\/fr\\\/product\\\/liberator-fr\\\/liberator-flip-ramp\\\/#breadcrumb\"},\"inLanguage\":\"fr-FR\",\"potentialAction\":[{\"@type\":\"ReadAction\",\"target\":[\"https:\\\/\\\/liberatorshop.eu\\\/fr\\\/product\\\/liberator-fr\\\/liberator-flip-ramp\\\/\"]}]},{\"@type\":\"ImageObject\",\"inLanguage\":\"fr-FR\",\"@id\":\"https:\\\/\\\/liberatorshop.eu\\\/fr\\\/product\\\/liberator-fr\\\/liberator-flip-ramp\\\/#primaryimage\",\"url\":\"https:\\\/\\\/liberatorshop.eu\\\/wp-content\\\/uploads\\\/2020\\\/09\\\/Liberator-Flip-Ramp-01.jpg\",\"contentUrl\":\"https:\\\/\\\/liberatorshop.eu\\\/wp-content\\\/uploads\\\/2020\\\/09\\\/Liberator-Flip-Ramp-01.jpg\",\"width\":1400,\"height\":848},{\"@type\":\"BreadcrumbList\",\"@id\":\"https:\\\/\\\/liberatorshop.eu\\\/fr\\\/product\\\/liberator-fr\\\/liberator-flip-ramp\\\/#breadcrumb\",\"itemListElement\":[{\"@type\":\"ListItem\",\"position\":1,\"name\":\"Home\",\"item\":\"https:\\\/\\\/liberatorshop.eu\\\/fr\\\/\"},{\"@type\":\"ListItem\",\"position\":2,\"name\":\"Acceuil\",\"item\":\"https:\\\/\\\/liberatorshop.eu\\\/fr\\\/\"},{\"@type\":\"ListItem\",\"position\":3,\"name\":\"Liberator Flip Ramp\"}]},{\"@type\":\"WebSite\",\"@id\":\"https:\\\/\\\/liberatorshop.eu\\\/fr\\\/#website\",\"url\":\"https:\\\/\\\/liberatorshop.eu\\\/fr\\\/\",\"name\":\"Liberatorshop.eu\",\"description\":\"Liberatorshop - Love All Ways\",\"publisher\":{\"@id\":\"https:\\\/\\\/liberatorshop.eu\\\/fr\\\/#organization\"},\"potentialAction\":[{\"@type\":\"SearchAction\",\"target\":{\"@type\":\"EntryPoint\",\"urlTemplate\":\"https:\\\/\\\/liberatorshop.eu\\\/fr\\\/?s={search_term_string}\"},\"query-input\":{\"@type\":\"PropertyValueSpecification\",\"valueRequired\":true,\"valueName\":\"search_term_string\"}}],\"inLanguage\":\"fr-FR\"},{\"@type\":\"Organization\",\"@id\":\"https:\\\/\\\/liberatorshop.eu\\\/fr\\\/#organization\",\"name\":\"Liberatorshop\",\"url\":\"https:\\\/\\\/liberatorshop.eu\\\/fr\\\/\",\"logo\":{\"@type\":\"ImageObject\",\"inLanguage\":\"fr-FR\",\"@id\":\"https:\\\/\\\/liberatorshop.eu\\\/fr\\\/#\\\/schema\\\/logo\\\/image\\\/\",\"url\":\"https:\\\/\\\/liberatorshop.eu\\\/wp-content\\\/uploads\\\/2023\\\/09\\\/flip-ramp-EXAMPLES-1500-x-500-px.png\",\"contentUrl\":\"https:\\\/\\\/liberatorshop.eu\\\/wp-content\\\/uploads\\\/2023\\\/09\\\/flip-ramp-EXAMPLES-1500-x-500-px.png\",\"width\":2560,\"height\":854,\"caption\":\"Liberatorshop\"},\"image\":{\"@id\":\"https:\\\/\\\/liberatorshop.eu\\\/fr\\\/#\\\/schema\\\/logo\\\/image\\\/\"}}]}<\/script>\n<!-- \/ Yoast SEO plugin. -->","yoast_head_json":{"title":"Liberator Flip Ramp - Liberatorshop - Meubles sexuels et oreillers sexuels \u00e0 d\u00e9couvrir","description":"Intensifiez votre jeu intime avec la rampe Liberator Flip. Du support intime au mobilier \u00e9l\u00e9gant, d\u00e9couvrez les possibilit\u00e9s illimit\u00e9es.","robots":{"index":"index","follow":"follow","max-snippet":"max-snippet:-1","max-image-preview":"max-image-preview:large","max-video-preview":"max-video-preview:-1"},"canonical":"https:\/\/liberatorshop.eu\/fr\/product\/liberator-fr\/liberator-flip-ramp\/","og_locale":"fr_FR","og_type":"article","og_title":"Liberator Flip Ramp - Liberatorshop - Meubles sexuels et oreillers sexuels \u00e0 d\u00e9couvrir","og_description":"Intensifiez votre jeu intime avec la rampe Liberator Flip. Du support intime au mobilier \u00e9l\u00e9gant, d\u00e9couvrez les possibilit\u00e9s illimit\u00e9es.","og_url":"https:\/\/liberatorshop.eu\/fr\/product\/liberator-fr\/liberator-flip-ramp\/","og_site_name":"Liberatorshop - Meubles sexuels et oreillers sexuels \u00e0 d\u00e9couvrir","article_modified_time":"2026-03-08T14:37:19+00:00","og_image":[{"width":1400,"height":848,"url":"https:\/\/liberatorshop.eu\/wp-content\/uploads\/2020\/09\/Liberator-Flip-Ramp-01.jpg","type":"image\/jpeg"}],"twitter_card":"summary_large_image","twitter_misc":{"Dur\u00e9e de lecture estim\u00e9e":"1 minute"},"schema":{"@context":"https:\/\/schema.org","@graph":[{"@type":"WebPage","@id":"https:\/\/liberatorshop.eu\/fr\/product\/liberator-fr\/liberator-flip-ramp\/","url":"https:\/\/liberatorshop.eu\/fr\/product\/liberator-fr\/liberator-flip-ramp\/","name":"Liberator Flip Ramp - Liberatorshop - Meubles sexuels et oreillers sexuels \u00e0 d\u00e9couvrir","isPartOf":{"@id":"https:\/\/liberatorshop.eu\/fr\/#website"},"primaryImageOfPage":{"@id":"https:\/\/liberatorshop.eu\/fr\/product\/liberator-fr\/liberator-flip-ramp\/#primaryimage"},"image":{"@id":"https:\/\/liberatorshop.eu\/fr\/product\/liberator-fr\/liberator-flip-ramp\/#primaryimage"},"thumbnailUrl":"https:\/\/liberatorshop.eu\/wp-content\/uploads\/2020\/09\/Liberator-Flip-Ramp-01.jpg","datePublished":"2020-09-20T19:25:51+00:00","dateModified":"2026-03-08T14:37:19+00:00","description":"Intensifiez votre jeu intime avec la rampe Liberator Flip. Du support intime au mobilier \u00e9l\u00e9gant, d\u00e9couvrez les possibilit\u00e9s illimit\u00e9es.","breadcrumb":{"@id":"https:\/\/liberatorshop.eu\/fr\/product\/liberator-fr\/liberator-flip-ramp\/#breadcrumb"},"inLanguage":"fr-FR","potentialAction":[{"@type":"ReadAction","target":["https:\/\/liberatorshop.eu\/fr\/product\/liberator-fr\/liberator-flip-ramp\/"]}]},{"@type":"ImageObject","inLanguage":"fr-FR","@id":"https:\/\/liberatorshop.eu\/fr\/product\/liberator-fr\/liberator-flip-ramp\/#primaryimage","url":"https:\/\/liberatorshop.eu\/wp-content\/uploads\/2020\/09\/Liberator-Flip-Ramp-01.jpg","contentUrl":"https:\/\/liberatorshop.eu\/wp-content\/uploads\/2020\/09\/Liberator-Flip-Ramp-01.jpg","width":1400,"height":848},{"@type":"BreadcrumbList","@id":"https:\/\/liberatorshop.eu\/fr\/product\/liberator-fr\/liberator-flip-ramp\/#breadcrumb","itemListElement":[{"@type":"ListItem","position":1,"name":"Home","item":"https:\/\/liberatorshop.eu\/fr\/"},{"@type":"ListItem","position":2,"name":"Acceuil","item":"https:\/\/liberatorshop.eu\/fr\/"},{"@type":"ListItem","position":3,"name":"Liberator Flip Ramp"}]},{"@type":"WebSite","@id":"https:\/\/liberatorshop.eu\/fr\/#website","url":"https:\/\/liberatorshop.eu\/fr\/","name":"Liberatorshop.eu","description":"Liberatorshop - Love All Ways","publisher":{"@id":"https:\/\/liberatorshop.eu\/fr\/#organization"},"potentialAction":[{"@type":"SearchAction","target":{"@type":"EntryPoint","urlTemplate":"https:\/\/liberatorshop.eu\/fr\/?s={search_term_string}"},"query-input":{"@type":"PropertyValueSpecification","valueRequired":true,"valueName":"search_term_string"}}],"inLanguage":"fr-FR"},{"@type":"Organization","@id":"https:\/\/liberatorshop.eu\/fr\/#organization","name":"Liberatorshop","url":"https:\/\/liberatorshop.eu\/fr\/","logo":{"@type":"ImageObject","inLanguage":"fr-FR","@id":"https:\/\/liberatorshop.eu\/fr\/#\/schema\/logo\/image\/","url":"https:\/\/liberatorshop.eu\/wp-content\/uploads\/2023\/09\/flip-ramp-EXAMPLES-1500-x-500-px.png","contentUrl":"https:\/\/liberatorshop.eu\/wp-content\/uploads\/2023\/09\/flip-ramp-EXAMPLES-1500-x-500-px.png","width":2560,"height":854,"caption":"Liberatorshop"},"image":{"@id":"https:\/\/liberatorshop.eu\/fr\/#\/schema\/logo\/image\/"}}]}},"_links":{"self":[{"href":"https:\/\/liberatorshop.eu\/fr\/wp-json\/wp\/v2\/product\/62295","targetHints":{"allow":["GET"]}}],"collection":[{"href":"https:\/\/liberatorshop.eu\/fr\/wp-json\/wp\/v2\/product"}],"about":[{"href":"https:\/\/liberatorshop.eu\/fr\/wp-json\/wp\/v2\/types\/product"}],"replies":[{"embeddable":true,"href":"https:\/\/liberatorshop.eu\/fr\/wp-json\/wp\/v2\/comments?post=62295"}],"wp:featuredmedia":[{"embeddable":true,"href":"https:\/\/liberatorshop.eu\/fr\/wp-json\/wp\/v2\/media\/32301"}],"wp:attachment":[{"href":"https:\/\/liberatorshop.eu\/fr\/wp-json\/wp\/v2\/media?parent=62295"}],"wp:term":[{"taxonomy":"product_brand","embeddable":true,"href":"https:\/\/liberatorshop.eu\/fr\/wp-json\/wp\/v2\/product_brand?post=62295"},{"taxonomy":"product_cat","embeddable":true,"href":"https:\/\/liberatorshop.eu\/fr\/wp-json\/wp\/v2\/product_cat?post=62295"},{"taxonomy":"product_tag","embeddable":true,"href":"https:\/\/liberatorshop.eu\/fr\/wp-json\/wp\/v2\/product_tag?post=62295"}],"curies":[{"name":"wp","href":"https:\/\/api.w.org\/{rel}","templated":true}]}}