{"id":62966,"date":"2020-09-20T18:18:30","date_gmt":"2020-09-20T17:18:30","guid":{"rendered":"https:\/\/liberatorshop.eu\/winkel\/non%20class\u00e9\/liberator-fascinator-throw\/"},"modified":"2026-03-01T19:45:05","modified_gmt":"2026-03-01T18:45:05","slug":"liberator-fascinator-throw","status":"publish","type":"product","link":"https:\/\/liberatorshop.eu\/fr\/product\/liberator-fr\/liberator-fascinator-throw\/","title":{"rendered":"Liberator Fascinator Throw"},"content":{"rendered":"<p>D\u00e9couvrez la combinaison ultime de luxe et de fonctionnalit\u00e9 avec le <strong>jet\u00e9 Liberator Fascinator<\/strong>, un ajout essentiel \u00e0 vos aventures intimes. Cet \u00e9l\u00e9gant tapis est non seulement un ajout \u00e9l\u00e9gant \u00e0 votre chambre ou votre salon, mais offre \u00e9galement une solution pratique pour prot\u00e9ger vos meubles des taches et de l&rsquo;humidit\u00e9 pendant vos moments les plus passionn\u00e9s.<\/p>\n<h3>Conception \u00e0 double texture<\/h3>\n<ul>\n<li>Le jet\u00e9 Fascinator se distingue par son design \u00e0 double texture. D&rsquo;un c\u00f4t\u00e9 vous retrouverez une microfibre velout\u00e9e qui offre un toucher doux et doux, parfait pour les moments de tendresse intime. Retournez la robe et d\u00e9couvrez la douceur sensuelle du satin luxueux, id\u00e9al pour les soir\u00e9es o\u00f9 vous souhaitez exalter votre sensualit\u00e9.<\/li>\n<li>La Faux Fur est compos\u00e9e d&rsquo;une fourrure synth\u00e9tique grise et douce d&rsquo;un c\u00f4t\u00e9 et d&rsquo;une microfibre de velours noir douce de l&rsquo;autre.<\/li>\n<\/ul>\n<h3>Technologie de barri\u00e8re contre l&rsquo;humidit\u00e9<\/h3>\n<p>Au c\u0153ur du couvre-lit Fascinator se trouve une barri\u00e8re innovante contre l&rsquo;humidit\u00e9. Cette couche est sp\u00e9cialement con\u00e7ue pour absorber efficacement toutes les formes d&rsquo;humidit\u00e9 \u2013 du fluide d&rsquo;amour \u00e0 l&rsquo;huile de massage \u2013 en gardant votre lit ou votre canap\u00e9 propre et sec. Cette fonctionnalit\u00e9 garantit que vous pouvez vous abandonner pleinement au moment pr\u00e9sent, sans vous soucier du d\u00e9sordre.<\/p>\n<h3>Pratique et polyvalent<\/h3>\n<p>Le Fascinator Throw est non seulement un phare de confort lors de vos escapades \u00e9rotiques, mais il est \u00e9galement extr\u00eamement pratique. Facilement lavable en machine et passe au s\u00e8che-linge, ce tapis est toujours pr\u00eat pour votre prochaine aventure. Avec des dimensions g\u00e9n\u00e9reuses de 183 cm x 137 cm, il offre une couverture suffisante pour n&rsquo;importe quelle surface.<\/p>\n<h3>Caract\u00e9ristiques:<\/h3>\n<ul>\n<li><strong>Dimensions :<\/strong> 183 cm x 137 cm<\/li>\n<li><strong>Mat\u00e9riaux :<\/strong> Polyester et polyur\u00e9thane, pour plus de durabilit\u00e9 et de confort<\/li>\n<li><strong>Lavable :<\/strong> lavable en machine et passe au s\u00e8che-linge pour un nettoyage facile<\/li>\n<li><strong>Emballage :<\/strong> discr\u00e8tement emball\u00e9 pour plus d&rsquo;intimit\u00e9<\/li>\n<li><strong>Disponibilit\u00e9 :<\/strong> Exp\u00e9dition dans le monde entier<\/li>\n<\/ul>\n<p>Transformez vos moments intimes avec le jet\u00e9 Liberator Fascinator et d\u00e9couvrez une nouvelle dimension de confort et d&rsquo;\u00e9rotisme. Qu&rsquo;il s&rsquo;agisse d&rsquo;un toucher doux ou d&rsquo;une douceur luxueuse, ce tapis offre tout cela, tout en prot\u00e9geant vos meubles et en vous procurant une tranquillit\u00e9 d&rsquo;esprit.<\/p>\n<p>N&rsquo;oubliez pas d&rsquo;explorer les <a href=\"https:\/\/liberatorshop.eu\/fr\/categorie-produit-fr\/liberator-fr\/\" target=\"_new\" rel=\"noopener\">autres produits Liberator<\/a> pour une exp\u00e9rience compl\u00e8te et immersive.<\/p>\n","protected":false},"excerpt":{"rendered":"<p>D\u00e9couvrez la combinaison ultime de luxe et de fonctionnalit\u00e9 avec le <strong>jet\u00e9 Liberator Fascinator<\/strong>, un ajout essentiel \u00e0 vos aventures intimes. Cet \u00e9l\u00e9gant tapis est non seulement un ajout \u00e9l\u00e9gant \u00e0 votre chambre ou votre salon, mais offre \u00e9galement une solution pratique pour prot\u00e9ger vos meubles des taches et de l&rsquo;humidit\u00e9 pendant vos moments les plus passionn\u00e9s.<\/p>\n","protected":false},"featured_media":32256,"comment_status":"open","ping_status":"closed","template":"","meta":[],"product_brand":[],"product_cat":[15763,16185],"product_tag":[16035,16021,16032,16034,15779,16030,16031,15806,16033],"class_list":{"0":"post-62966","1":"product","2":"type-product","3":"status-publish","4":"has-post-thumbnail","6":"product_cat-liberator-fr","7":"product_cat-meilleures-ventes","8":"product_tag-banque","9":"product_tag-couverture","10":"product_tag-erotisme","11":"product_tag-fascinator-fr","12":"product_tag-liberator-fr","13":"product_tag-lit-de-sexe","14":"product_tag-meubles","15":"product_tag-sex-fr","16":"product_tag-vivre","17":"product_shipping_class-envoi-1-2-jours-ouvres","19":"first","20":"instock","21":"sale","22":"featured","23":"taxable","24":"shipping-taxable","25":"purchasable","26":"product-type-variable","27":"has-default-attributes"},"yoast_head":"<!-- This site is optimized with the Yoast SEO plugin v27.3 - https:\/\/yoast.com\/product\/yoast-seo-wordpress\/ -->\n<title>Liberator Fascinator Throw - Liberatorshop - Meubles sexuels et oreillers sexuels \u00e0 d\u00e9couvrir<\/title>\n<meta name=\"description\" content=\"D\u00e9couvrez la combinaison ultime de luxe et de fonctionnalit\u00e9 avec le jet\u00e9 Liberator Fascinator, un ajout essentiel \u00e0 vos aventures intimes. Cet \u00e9l\u00e9gant tapis est non seulement un ajout \u00e9l\u00e9gant \u00e0 votre chambre ou votre salon, mais offre \u00e9galement une solution pratique pour prot\u00e9ger vos meubles des taches et de l&#039;humidit\u00e9 pendant vos moments les plus passionn\u00e9s.\" \/>\n<meta name=\"robots\" content=\"index, follow, max-snippet:-1, max-image-preview:large, max-video-preview:-1\" \/>\n<link rel=\"canonical\" href=\"https:\/\/liberatorshop.eu\/fr\/product\/liberator-fr\/liberator-fascinator-throw\/\" \/>\n<meta property=\"og:locale\" content=\"fr_FR\" \/>\n<meta property=\"og:type\" content=\"article\" \/>\n<meta property=\"og:title\" content=\"Liberator Fascinator Throw - Liberatorshop - Meubles sexuels et oreillers sexuels \u00e0 d\u00e9couvrir\" \/>\n<meta property=\"og:description\" content=\"D\u00e9couvrez la combinaison ultime de luxe et de fonctionnalit\u00e9 avec le jet\u00e9 Liberator Fascinator, un ajout essentiel \u00e0 vos aventures intimes. Cet \u00e9l\u00e9gant tapis est non seulement un ajout \u00e9l\u00e9gant \u00e0 votre chambre ou votre salon, mais offre \u00e9galement une solution pratique pour prot\u00e9ger vos meubles des taches et de l&#039;humidit\u00e9 pendant vos moments les plus passionn\u00e9s.\" \/>\n<meta property=\"og:url\" content=\"https:\/\/liberatorshop.eu\/fr\/product\/liberator-fr\/liberator-fascinator-throw\/\" \/>\n<meta property=\"og:site_name\" content=\"Liberatorshop - Meubles sexuels et oreillers sexuels \u00e0 d\u00e9couvrir\" \/>\n<meta property=\"article:modified_time\" content=\"2026-03-01T18:45:05+00:00\" \/>\n<meta property=\"og:image\" content=\"https:\/\/liberatorshop.eu\/wp-content\/uploads\/2020\/09\/Liberator-Fascinator-Throw-Velvish-Merlot.jpg\" \/>\n\t<meta property=\"og:image:width\" content=\"1400\" \/>\n\t<meta property=\"og:image:height\" content=\"848\" \/>\n\t<meta property=\"og:image:type\" content=\"image\/jpeg\" \/>\n<meta name=\"twitter:card\" content=\"summary_large_image\" \/>\n<meta name=\"twitter:label1\" content=\"Dur\u00e9e de lecture estim\u00e9e\" \/>\n\t<meta name=\"twitter:data1\" content=\"2 minutes\" \/>\n<script type=\"application\/ld+json\" class=\"yoast-schema-graph\">{\"@context\":\"https:\\\/\\\/schema.org\",\"@graph\":[{\"@type\":\"WebPage\",\"@id\":\"https:\\\/\\\/liberatorshop.eu\\\/fr\\\/product\\\/liberator-fr\\\/liberator-fascinator-throw\\\/\",\"url\":\"https:\\\/\\\/liberatorshop.eu\\\/fr\\\/product\\\/liberator-fr\\\/liberator-fascinator-throw\\\/\",\"name\":\"Liberator Fascinator Throw - Liberatorshop - Meubles sexuels et oreillers sexuels \u00e0 d\u00e9couvrir\",\"isPartOf\":{\"@id\":\"https:\\\/\\\/liberatorshop.eu\\\/fr\\\/#website\"},\"primaryImageOfPage\":{\"@id\":\"https:\\\/\\\/liberatorshop.eu\\\/fr\\\/product\\\/liberator-fr\\\/liberator-fascinator-throw\\\/#primaryimage\"},\"image\":{\"@id\":\"https:\\\/\\\/liberatorshop.eu\\\/fr\\\/product\\\/liberator-fr\\\/liberator-fascinator-throw\\\/#primaryimage\"},\"thumbnailUrl\":\"https:\\\/\\\/liberatorshop.eu\\\/wp-content\\\/uploads\\\/2020\\\/09\\\/Liberator-Fascinator-Throw-Velvish-Merlot.jpg\",\"datePublished\":\"2020-09-20T17:18:30+00:00\",\"dateModified\":\"2026-03-01T18:45:05+00:00\",\"description\":\"D\u00e9couvrez la combinaison ultime de luxe et de fonctionnalit\u00e9 avec le jet\u00e9 Liberator Fascinator, un ajout essentiel \u00e0 vos aventures intimes. Cet \u00e9l\u00e9gant tapis est non seulement un ajout \u00e9l\u00e9gant \u00e0 votre chambre ou votre salon, mais offre \u00e9galement une solution pratique pour prot\u00e9ger vos meubles des taches et de l'humidit\u00e9 pendant vos moments les plus passionn\u00e9s.\",\"breadcrumb\":{\"@id\":\"https:\\\/\\\/liberatorshop.eu\\\/fr\\\/product\\\/liberator-fr\\\/liberator-fascinator-throw\\\/#breadcrumb\"},\"inLanguage\":\"fr-FR\",\"potentialAction\":[{\"@type\":\"ReadAction\",\"target\":[\"https:\\\/\\\/liberatorshop.eu\\\/fr\\\/product\\\/liberator-fr\\\/liberator-fascinator-throw\\\/\"]}]},{\"@type\":\"ImageObject\",\"inLanguage\":\"fr-FR\",\"@id\":\"https:\\\/\\\/liberatorshop.eu\\\/fr\\\/product\\\/liberator-fr\\\/liberator-fascinator-throw\\\/#primaryimage\",\"url\":\"https:\\\/\\\/liberatorshop.eu\\\/wp-content\\\/uploads\\\/2020\\\/09\\\/Liberator-Fascinator-Throw-Velvish-Merlot.jpg\",\"contentUrl\":\"https:\\\/\\\/liberatorshop.eu\\\/wp-content\\\/uploads\\\/2020\\\/09\\\/Liberator-Fascinator-Throw-Velvish-Merlot.jpg\",\"width\":1400,\"height\":848},{\"@type\":\"BreadcrumbList\",\"@id\":\"https:\\\/\\\/liberatorshop.eu\\\/fr\\\/product\\\/liberator-fr\\\/liberator-fascinator-throw\\\/#breadcrumb\",\"itemListElement\":[{\"@type\":\"ListItem\",\"position\":1,\"name\":\"Home\",\"item\":\"https:\\\/\\\/liberatorshop.eu\\\/fr\\\/\"},{\"@type\":\"ListItem\",\"position\":2,\"name\":\"Acceuil\",\"item\":\"https:\\\/\\\/liberatorshop.eu\\\/fr\\\/\"},{\"@type\":\"ListItem\",\"position\":3,\"name\":\"Liberator Fascinator Throw\"}]},{\"@type\":\"WebSite\",\"@id\":\"https:\\\/\\\/liberatorshop.eu\\\/fr\\\/#website\",\"url\":\"https:\\\/\\\/liberatorshop.eu\\\/fr\\\/\",\"name\":\"Liberatorshop.eu\",\"description\":\"Liberatorshop - Love All Ways\",\"publisher\":{\"@id\":\"https:\\\/\\\/liberatorshop.eu\\\/fr\\\/#organization\"},\"potentialAction\":[{\"@type\":\"SearchAction\",\"target\":{\"@type\":\"EntryPoint\",\"urlTemplate\":\"https:\\\/\\\/liberatorshop.eu\\\/fr\\\/?s={search_term_string}\"},\"query-input\":{\"@type\":\"PropertyValueSpecification\",\"valueRequired\":true,\"valueName\":\"search_term_string\"}}],\"inLanguage\":\"fr-FR\"},{\"@type\":\"Organization\",\"@id\":\"https:\\\/\\\/liberatorshop.eu\\\/fr\\\/#organization\",\"name\":\"Liberatorshop\",\"url\":\"https:\\\/\\\/liberatorshop.eu\\\/fr\\\/\",\"logo\":{\"@type\":\"ImageObject\",\"inLanguage\":\"fr-FR\",\"@id\":\"https:\\\/\\\/liberatorshop.eu\\\/fr\\\/#\\\/schema\\\/logo\\\/image\\\/\",\"url\":\"https:\\\/\\\/liberatorshop.eu\\\/wp-content\\\/uploads\\\/2023\\\/09\\\/flip-ramp-EXAMPLES-1500-x-500-px.png\",\"contentUrl\":\"https:\\\/\\\/liberatorshop.eu\\\/wp-content\\\/uploads\\\/2023\\\/09\\\/flip-ramp-EXAMPLES-1500-x-500-px.png\",\"width\":2560,\"height\":854,\"caption\":\"Liberatorshop\"},\"image\":{\"@id\":\"https:\\\/\\\/liberatorshop.eu\\\/fr\\\/#\\\/schema\\\/logo\\\/image\\\/\"}}]}<\/script>\n<!-- \/ Yoast SEO plugin. -->","yoast_head_json":{"title":"Liberator Fascinator Throw - Liberatorshop - Meubles sexuels et oreillers sexuels \u00e0 d\u00e9couvrir","description":"D\u00e9couvrez la combinaison ultime de luxe et de fonctionnalit\u00e9 avec le jet\u00e9 Liberator Fascinator, un ajout essentiel \u00e0 vos aventures intimes. Cet \u00e9l\u00e9gant tapis est non seulement un ajout \u00e9l\u00e9gant \u00e0 votre chambre ou votre salon, mais offre \u00e9galement une solution pratique pour prot\u00e9ger vos meubles des taches et de l'humidit\u00e9 pendant vos moments les plus passionn\u00e9s.","robots":{"index":"index","follow":"follow","max-snippet":"max-snippet:-1","max-image-preview":"max-image-preview:large","max-video-preview":"max-video-preview:-1"},"canonical":"https:\/\/liberatorshop.eu\/fr\/product\/liberator-fr\/liberator-fascinator-throw\/","og_locale":"fr_FR","og_type":"article","og_title":"Liberator Fascinator Throw - Liberatorshop - Meubles sexuels et oreillers sexuels \u00e0 d\u00e9couvrir","og_description":"D\u00e9couvrez la combinaison ultime de luxe et de fonctionnalit\u00e9 avec le jet\u00e9 Liberator Fascinator, un ajout essentiel \u00e0 vos aventures intimes. Cet \u00e9l\u00e9gant tapis est non seulement un ajout \u00e9l\u00e9gant \u00e0 votre chambre ou votre salon, mais offre \u00e9galement une solution pratique pour prot\u00e9ger vos meubles des taches et de l'humidit\u00e9 pendant vos moments les plus passionn\u00e9s.","og_url":"https:\/\/liberatorshop.eu\/fr\/product\/liberator-fr\/liberator-fascinator-throw\/","og_site_name":"Liberatorshop - Meubles sexuels et oreillers sexuels \u00e0 d\u00e9couvrir","article_modified_time":"2026-03-01T18:45:05+00:00","og_image":[{"width":1400,"height":848,"url":"https:\/\/liberatorshop.eu\/wp-content\/uploads\/2020\/09\/Liberator-Fascinator-Throw-Velvish-Merlot.jpg","type":"image\/jpeg"}],"twitter_card":"summary_large_image","twitter_misc":{"Dur\u00e9e de lecture estim\u00e9e":"2 minutes"},"schema":{"@context":"https:\/\/schema.org","@graph":[{"@type":"WebPage","@id":"https:\/\/liberatorshop.eu\/fr\/product\/liberator-fr\/liberator-fascinator-throw\/","url":"https:\/\/liberatorshop.eu\/fr\/product\/liberator-fr\/liberator-fascinator-throw\/","name":"Liberator Fascinator Throw - Liberatorshop - Meubles sexuels et oreillers sexuels \u00e0 d\u00e9couvrir","isPartOf":{"@id":"https:\/\/liberatorshop.eu\/fr\/#website"},"primaryImageOfPage":{"@id":"https:\/\/liberatorshop.eu\/fr\/product\/liberator-fr\/liberator-fascinator-throw\/#primaryimage"},"image":{"@id":"https:\/\/liberatorshop.eu\/fr\/product\/liberator-fr\/liberator-fascinator-throw\/#primaryimage"},"thumbnailUrl":"https:\/\/liberatorshop.eu\/wp-content\/uploads\/2020\/09\/Liberator-Fascinator-Throw-Velvish-Merlot.jpg","datePublished":"2020-09-20T17:18:30+00:00","dateModified":"2026-03-01T18:45:05+00:00","description":"D\u00e9couvrez la combinaison ultime de luxe et de fonctionnalit\u00e9 avec le jet\u00e9 Liberator Fascinator, un ajout essentiel \u00e0 vos aventures intimes. Cet \u00e9l\u00e9gant tapis est non seulement un ajout \u00e9l\u00e9gant \u00e0 votre chambre ou votre salon, mais offre \u00e9galement une solution pratique pour prot\u00e9ger vos meubles des taches et de l'humidit\u00e9 pendant vos moments les plus passionn\u00e9s.","breadcrumb":{"@id":"https:\/\/liberatorshop.eu\/fr\/product\/liberator-fr\/liberator-fascinator-throw\/#breadcrumb"},"inLanguage":"fr-FR","potentialAction":[{"@type":"ReadAction","target":["https:\/\/liberatorshop.eu\/fr\/product\/liberator-fr\/liberator-fascinator-throw\/"]}]},{"@type":"ImageObject","inLanguage":"fr-FR","@id":"https:\/\/liberatorshop.eu\/fr\/product\/liberator-fr\/liberator-fascinator-throw\/#primaryimage","url":"https:\/\/liberatorshop.eu\/wp-content\/uploads\/2020\/09\/Liberator-Fascinator-Throw-Velvish-Merlot.jpg","contentUrl":"https:\/\/liberatorshop.eu\/wp-content\/uploads\/2020\/09\/Liberator-Fascinator-Throw-Velvish-Merlot.jpg","width":1400,"height":848},{"@type":"BreadcrumbList","@id":"https:\/\/liberatorshop.eu\/fr\/product\/liberator-fr\/liberator-fascinator-throw\/#breadcrumb","itemListElement":[{"@type":"ListItem","position":1,"name":"Home","item":"https:\/\/liberatorshop.eu\/fr\/"},{"@type":"ListItem","position":2,"name":"Acceuil","item":"https:\/\/liberatorshop.eu\/fr\/"},{"@type":"ListItem","position":3,"name":"Liberator Fascinator Throw"}]},{"@type":"WebSite","@id":"https:\/\/liberatorshop.eu\/fr\/#website","url":"https:\/\/liberatorshop.eu\/fr\/","name":"Liberatorshop.eu","description":"Liberatorshop - Love All Ways","publisher":{"@id":"https:\/\/liberatorshop.eu\/fr\/#organization"},"potentialAction":[{"@type":"SearchAction","target":{"@type":"EntryPoint","urlTemplate":"https:\/\/liberatorshop.eu\/fr\/?s={search_term_string}"},"query-input":{"@type":"PropertyValueSpecification","valueRequired":true,"valueName":"search_term_string"}}],"inLanguage":"fr-FR"},{"@type":"Organization","@id":"https:\/\/liberatorshop.eu\/fr\/#organization","name":"Liberatorshop","url":"https:\/\/liberatorshop.eu\/fr\/","logo":{"@type":"ImageObject","inLanguage":"fr-FR","@id":"https:\/\/liberatorshop.eu\/fr\/#\/schema\/logo\/image\/","url":"https:\/\/liberatorshop.eu\/wp-content\/uploads\/2023\/09\/flip-ramp-EXAMPLES-1500-x-500-px.png","contentUrl":"https:\/\/liberatorshop.eu\/wp-content\/uploads\/2023\/09\/flip-ramp-EXAMPLES-1500-x-500-px.png","width":2560,"height":854,"caption":"Liberatorshop"},"image":{"@id":"https:\/\/liberatorshop.eu\/fr\/#\/schema\/logo\/image\/"}}]}},"_links":{"self":[{"href":"https:\/\/liberatorshop.eu\/fr\/wp-json\/wp\/v2\/product\/62966","targetHints":{"allow":["GET"]}}],"collection":[{"href":"https:\/\/liberatorshop.eu\/fr\/wp-json\/wp\/v2\/product"}],"about":[{"href":"https:\/\/liberatorshop.eu\/fr\/wp-json\/wp\/v2\/types\/product"}],"replies":[{"embeddable":true,"href":"https:\/\/liberatorshop.eu\/fr\/wp-json\/wp\/v2\/comments?post=62966"}],"wp:featuredmedia":[{"embeddable":true,"href":"https:\/\/liberatorshop.eu\/fr\/wp-json\/wp\/v2\/media\/32256"}],"wp:attachment":[{"href":"https:\/\/liberatorshop.eu\/fr\/wp-json\/wp\/v2\/media?parent=62966"}],"wp:term":[{"taxonomy":"product_brand","embeddable":true,"href":"https:\/\/liberatorshop.eu\/fr\/wp-json\/wp\/v2\/product_brand?post=62966"},{"taxonomy":"product_cat","embeddable":true,"href":"https:\/\/liberatorshop.eu\/fr\/wp-json\/wp\/v2\/product_cat?post=62966"},{"taxonomy":"product_tag","embeddable":true,"href":"https:\/\/liberatorshop.eu\/fr\/wp-json\/wp\/v2\/product_tag?post=62966"}],"curies":[{"name":"wp","href":"https:\/\/api.w.org\/{rel}","templated":true}]}}