{"id":64171,"date":"2020-09-20T12:45:50","date_gmt":"2020-09-20T11:45:50","guid":{"rendered":"https:\/\/liberatorshop.eu\/winkel\/non%20class\u00e9\/liberator-bonbon-sex-toy-mount\/"},"modified":"2024-11-20T08:56:34","modified_gmt":"2024-11-20T07:56:34","slug":"liberator-bonbon-sex-toy-mount","status":"publish","type":"product","link":"https:\/\/liberatorshop.eu\/fr\/product\/liberator-fr\/liberator-bonbon-sex-toy-mount\/","title":{"rendered":"Liberator BonBon Sex Toy Mount"},"content":{"rendered":"<p>Plongez dans un monde de plaisir sans pr\u00e9c\u00e9dent avec le <strong>support de jouet sexuel Liberator BonBon<\/strong>, une pi\u00e8ce r\u00e9volutionnaire de notre collection de meubles sexuels con\u00e7ue pour faire passer vos moments les plus intimes au niveau sup\u00e9rieur. Cet oreiller sexuel \u00e9l\u00e9gant et discret fournit une base stable mais confortable pour vos jouets sexuels pr\u00e9f\u00e9r\u00e9s, mettant le plaisir mains libres et des positions illimit\u00e9es \u00e0 port\u00e9e de main.<\/p>\n<h3>Polyvalence et plaisir<\/h3>\n<p>Le Liberator BonBon est plus qu&rsquo;un simple support ; c&rsquo;est votre billet pour un nouveau monde de plaisir. Sa forme unique le rend id\u00e9al aussi bien pour les aventures en solo que pour les jeux en couple, prenant en charge un large \u00e9ventail de positions sexuelles et de techniques de stimulation. Que vous exploriez avec des godes, des vibromasseurs ou d&rsquo;autres jouets, le BonBon offre l&rsquo;angle parfait pour une satisfaction maximale.<\/p>\n<h3>Discret et \u00e9l\u00e9gant<\/h3>\n<p>Avec son design compact et sa finition \u00e9l\u00e9gante, le BonBon est un ajout subtil \u00e0 n&rsquo;importe quelle chambre. Lorsqu&rsquo;il n&rsquo;est pas utilis\u00e9, il fait office de pouf chic ou de coussin d\u00e9coratif qui s&rsquo;int\u00e8gre parfaitement \u00e0 votre int\u00e9rieur.<\/p>\n<h3>Confort et durabilit\u00e9<\/h3>\n<p>Le BonBon est \u00e9quip\u00e9 d&rsquo;une luxueuse housse en microfibre qui est non seulement douce au toucher, mais \u00e9galement facile \u00e0 nettoyer. Sous la housse se trouve une mousse ferme mais confortable qui assure la stabilit\u00e9 sans sacrifier le confort.<\/p>\n<h3>Caract\u00e9ristiques:<\/h3>\n<ul>\n<li><strong>Dimensions :<\/strong> Compact et peu encombrant, id\u00e9al pour n&rsquo;importe quelle maison<\/li>\n<li><strong>Mat\u00e9riau :<\/strong> microfibre de haute qualit\u00e9 et mousse robuste pour une utilisation durable.<\/li>\n<li><strong>Entretien :<\/strong> Facile \u00e0 entretenir avec une housse amovible et lavable<\/li>\n<li><strong>Polyvalent :<\/strong> convient \u00e0 une large gamme de jouets sexuels et de positions<\/li>\n<li><strong>Emballage :<\/strong> Discr\u00e8tement emball\u00e9 pour votre vie priv\u00e9e<\/li>\n<li><strong>Disponibilit\u00e9 :<\/strong> Exp\u00e9dition dans le monde entier<\/li>\n<\/ul>\n<p>D\u00e9bloquez un nouveau niveau de plaisir et d\u00e9couvrez les possibilit\u00e9s polyvalentes offertes par le Liberator BonBon Sex Toy Mount. Ce meuble sexuel essentiel est le compl\u00e9ment parfait \u00e0 vos aventures intimes, rendant chaque exp\u00e9rience \u00e0 la fois m\u00e9morable et inoubliable.<\/p>\n<p>N&rsquo;oubliez pas d&rsquo;explorer les <a href=\"https:\/\/liberatorshop.eu\/fr\/categorie-produit-fr\/liberator-fr\/\" target=\"_new\" rel=\"noopener\">autres produits Liberator<\/a> pour une exp\u00e9rience compl\u00e8te et immersive.<\/p>\n","protected":false},"excerpt":{"rendered":"<p>Plongez dans un monde de plaisir sans pr\u00e9c\u00e9dent avec le <strong>support de jouet sexuel Liberator BonBon<\/strong>, une pi\u00e8ce r\u00e9volutionnaire de notre collection de meubles sexuels con\u00e7ue pour faire passer vos moments les plus intimes au niveau sup\u00e9rieur. Cet oreiller sexuel \u00e9l\u00e9gant et discret fournit une base stable mais confortable pour vos jouets sexuels pr\u00e9f\u00e9r\u00e9s, mettant le plaisir mains libres et des positions illimit\u00e9es \u00e0 port\u00e9e de main.<\/p>\n","protected":false},"featured_media":32096,"comment_status":"open","ping_status":"closed","template":"","meta":[],"product_brand":[],"product_cat":[15763,16185],"product_tag":[15779,16059,15837,16058,15855,15854],"class_list":{"0":"post-64171","1":"product","2":"type-product","3":"status-publish","4":"has-post-thumbnail","6":"product_cat-liberator-fr","7":"product_cat-meilleures-ventes","8":"product_tag-liberator-fr","9":"product_tag-masseur","10":"product_tag-noir","11":"product_tag-oreiller-de-sexe","12":"product_tag-stimulation-fr","13":"product_tag-support-de-jouet","14":"product_shipping_class-envoi-1-2-jours-ouvres","16":"first","17":"instock","18":"sale","19":"taxable","20":"shipping-taxable","21":"purchasable","22":"product-type-variable"},"yoast_head":"<!-- This site is optimized with the Yoast SEO plugin v27.3 - https:\/\/yoast.com\/product\/yoast-seo-wordpress\/ -->\n<title>Liberator BonBon Sex Toy Mount - Liberatorshop - Meubles sexuels et oreillers sexuels \u00e0 d\u00e9couvrir<\/title>\n<meta name=\"description\" content=\"Plongez dans un monde de plaisir sans pr\u00e9c\u00e9dent avec le support de jouet sexuel Liberator BonBon, une pi\u00e8ce r\u00e9volutionnaire de notre collection de meubles sexuels con\u00e7ue pour faire passer vos moments les plus intimes au niveau sup\u00e9rieur. Cet oreiller sexuel \u00e9l\u00e9gant et discret fournit une base stable mais confortable pour vos jouets sexuels pr\u00e9f\u00e9r\u00e9s, mettant le plaisir mains libres et des positions illimit\u00e9es \u00e0 port\u00e9e de main.\" \/>\n<meta name=\"robots\" content=\"index, follow, max-snippet:-1, max-image-preview:large, max-video-preview:-1\" \/>\n<link rel=\"canonical\" href=\"https:\/\/liberatorshop.eu\/fr\/product\/liberator-fr\/liberator-bonbon-sex-toy-mount\/\" \/>\n<meta property=\"og:locale\" content=\"fr_FR\" \/>\n<meta property=\"og:type\" content=\"article\" \/>\n<meta property=\"og:title\" content=\"Liberator BonBon Sex Toy Mount - Liberatorshop - Meubles sexuels et oreillers sexuels \u00e0 d\u00e9couvrir\" \/>\n<meta property=\"og:description\" content=\"Plongez dans un monde de plaisir sans pr\u00e9c\u00e9dent avec le support de jouet sexuel Liberator BonBon, une pi\u00e8ce r\u00e9volutionnaire de notre collection de meubles sexuels con\u00e7ue pour faire passer vos moments les plus intimes au niveau sup\u00e9rieur. Cet oreiller sexuel \u00e9l\u00e9gant et discret fournit une base stable mais confortable pour vos jouets sexuels pr\u00e9f\u00e9r\u00e9s, mettant le plaisir mains libres et des positions illimit\u00e9es \u00e0 port\u00e9e de main.\" \/>\n<meta property=\"og:url\" content=\"https:\/\/liberatorshop.eu\/fr\/product\/liberator-fr\/liberator-bonbon-sex-toy-mount\/\" \/>\n<meta property=\"og:site_name\" content=\"Liberatorshop - Meubles sexuels et oreillers sexuels \u00e0 d\u00e9couvrir\" \/>\n<meta property=\"article:modified_time\" content=\"2024-11-20T07:56:34+00:00\" \/>\n<meta property=\"og:image\" content=\"https:\/\/liberatorshop.eu\/wp-content\/uploads\/2020\/09\/Liberator-BonBon-Sex-Toy-Mount-01.jpg\" \/>\n\t<meta property=\"og:image:width\" content=\"1400\" \/>\n\t<meta property=\"og:image:height\" content=\"848\" \/>\n\t<meta property=\"og:image:type\" content=\"image\/jpeg\" \/>\n<meta name=\"twitter:card\" content=\"summary_large_image\" \/>\n<meta name=\"twitter:label1\" content=\"Dur\u00e9e de lecture estim\u00e9e\" \/>\n\t<meta name=\"twitter:data1\" content=\"2 minutes\" \/>\n<script type=\"application\/ld+json\" class=\"yoast-schema-graph\">{\"@context\":\"https:\\\/\\\/schema.org\",\"@graph\":[{\"@type\":\"WebPage\",\"@id\":\"https:\\\/\\\/liberatorshop.eu\\\/fr\\\/product\\\/liberator-fr\\\/liberator-bonbon-sex-toy-mount\\\/\",\"url\":\"https:\\\/\\\/liberatorshop.eu\\\/fr\\\/product\\\/liberator-fr\\\/liberator-bonbon-sex-toy-mount\\\/\",\"name\":\"Liberator BonBon Sex Toy Mount - Liberatorshop - Meubles sexuels et oreillers sexuels \u00e0 d\u00e9couvrir\",\"isPartOf\":{\"@id\":\"https:\\\/\\\/liberatorshop.eu\\\/fr\\\/#website\"},\"primaryImageOfPage\":{\"@id\":\"https:\\\/\\\/liberatorshop.eu\\\/fr\\\/product\\\/liberator-fr\\\/liberator-bonbon-sex-toy-mount\\\/#primaryimage\"},\"image\":{\"@id\":\"https:\\\/\\\/liberatorshop.eu\\\/fr\\\/product\\\/liberator-fr\\\/liberator-bonbon-sex-toy-mount\\\/#primaryimage\"},\"thumbnailUrl\":\"https:\\\/\\\/liberatorshop.eu\\\/wp-content\\\/uploads\\\/2020\\\/09\\\/Liberator-BonBon-Sex-Toy-Mount-01.jpg\",\"datePublished\":\"2020-09-20T11:45:50+00:00\",\"dateModified\":\"2024-11-20T07:56:34+00:00\",\"description\":\"Plongez dans un monde de plaisir sans pr\u00e9c\u00e9dent avec le support de jouet sexuel Liberator BonBon, une pi\u00e8ce r\u00e9volutionnaire de notre collection de meubles sexuels con\u00e7ue pour faire passer vos moments les plus intimes au niveau sup\u00e9rieur. Cet oreiller sexuel \u00e9l\u00e9gant et discret fournit une base stable mais confortable pour vos jouets sexuels pr\u00e9f\u00e9r\u00e9s, mettant le plaisir mains libres et des positions illimit\u00e9es \u00e0 port\u00e9e de main.\",\"breadcrumb\":{\"@id\":\"https:\\\/\\\/liberatorshop.eu\\\/fr\\\/product\\\/liberator-fr\\\/liberator-bonbon-sex-toy-mount\\\/#breadcrumb\"},\"inLanguage\":\"fr-FR\",\"potentialAction\":[{\"@type\":\"ReadAction\",\"target\":[\"https:\\\/\\\/liberatorshop.eu\\\/fr\\\/product\\\/liberator-fr\\\/liberator-bonbon-sex-toy-mount\\\/\"]}]},{\"@type\":\"ImageObject\",\"inLanguage\":\"fr-FR\",\"@id\":\"https:\\\/\\\/liberatorshop.eu\\\/fr\\\/product\\\/liberator-fr\\\/liberator-bonbon-sex-toy-mount\\\/#primaryimage\",\"url\":\"https:\\\/\\\/liberatorshop.eu\\\/wp-content\\\/uploads\\\/2020\\\/09\\\/Liberator-BonBon-Sex-Toy-Mount-01.jpg\",\"contentUrl\":\"https:\\\/\\\/liberatorshop.eu\\\/wp-content\\\/uploads\\\/2020\\\/09\\\/Liberator-BonBon-Sex-Toy-Mount-01.jpg\",\"width\":1400,\"height\":848},{\"@type\":\"BreadcrumbList\",\"@id\":\"https:\\\/\\\/liberatorshop.eu\\\/fr\\\/product\\\/liberator-fr\\\/liberator-bonbon-sex-toy-mount\\\/#breadcrumb\",\"itemListElement\":[{\"@type\":\"ListItem\",\"position\":1,\"name\":\"Home\",\"item\":\"https:\\\/\\\/liberatorshop.eu\\\/fr\\\/\"},{\"@type\":\"ListItem\",\"position\":2,\"name\":\"Acceuil\",\"item\":\"https:\\\/\\\/liberatorshop.eu\\\/fr\\\/\"},{\"@type\":\"ListItem\",\"position\":3,\"name\":\"Liberator BonBon Sex Toy Mount\"}]},{\"@type\":\"WebSite\",\"@id\":\"https:\\\/\\\/liberatorshop.eu\\\/fr\\\/#website\",\"url\":\"https:\\\/\\\/liberatorshop.eu\\\/fr\\\/\",\"name\":\"Liberatorshop.eu\",\"description\":\"Liberatorshop - Love All Ways\",\"publisher\":{\"@id\":\"https:\\\/\\\/liberatorshop.eu\\\/fr\\\/#organization\"},\"potentialAction\":[{\"@type\":\"SearchAction\",\"target\":{\"@type\":\"EntryPoint\",\"urlTemplate\":\"https:\\\/\\\/liberatorshop.eu\\\/fr\\\/?s={search_term_string}\"},\"query-input\":{\"@type\":\"PropertyValueSpecification\",\"valueRequired\":true,\"valueName\":\"search_term_string\"}}],\"inLanguage\":\"fr-FR\"},{\"@type\":\"Organization\",\"@id\":\"https:\\\/\\\/liberatorshop.eu\\\/fr\\\/#organization\",\"name\":\"Liberatorshop\",\"url\":\"https:\\\/\\\/liberatorshop.eu\\\/fr\\\/\",\"logo\":{\"@type\":\"ImageObject\",\"inLanguage\":\"fr-FR\",\"@id\":\"https:\\\/\\\/liberatorshop.eu\\\/fr\\\/#\\\/schema\\\/logo\\\/image\\\/\",\"url\":\"https:\\\/\\\/liberatorshop.eu\\\/wp-content\\\/uploads\\\/2023\\\/09\\\/flip-ramp-EXAMPLES-1500-x-500-px.png\",\"contentUrl\":\"https:\\\/\\\/liberatorshop.eu\\\/wp-content\\\/uploads\\\/2023\\\/09\\\/flip-ramp-EXAMPLES-1500-x-500-px.png\",\"width\":2560,\"height\":854,\"caption\":\"Liberatorshop\"},\"image\":{\"@id\":\"https:\\\/\\\/liberatorshop.eu\\\/fr\\\/#\\\/schema\\\/logo\\\/image\\\/\"}}]}<\/script>\n<!-- \/ Yoast SEO plugin. -->","yoast_head_json":{"title":"Liberator BonBon Sex Toy Mount - Liberatorshop - Meubles sexuels et oreillers sexuels \u00e0 d\u00e9couvrir","description":"Plongez dans un monde de plaisir sans pr\u00e9c\u00e9dent avec le support de jouet sexuel Liberator BonBon, une pi\u00e8ce r\u00e9volutionnaire de notre collection de meubles sexuels con\u00e7ue pour faire passer vos moments les plus intimes au niveau sup\u00e9rieur. Cet oreiller sexuel \u00e9l\u00e9gant et discret fournit une base stable mais confortable pour vos jouets sexuels pr\u00e9f\u00e9r\u00e9s, mettant le plaisir mains libres et des positions illimit\u00e9es \u00e0 port\u00e9e de main.","robots":{"index":"index","follow":"follow","max-snippet":"max-snippet:-1","max-image-preview":"max-image-preview:large","max-video-preview":"max-video-preview:-1"},"canonical":"https:\/\/liberatorshop.eu\/fr\/product\/liberator-fr\/liberator-bonbon-sex-toy-mount\/","og_locale":"fr_FR","og_type":"article","og_title":"Liberator BonBon Sex Toy Mount - Liberatorshop - Meubles sexuels et oreillers sexuels \u00e0 d\u00e9couvrir","og_description":"Plongez dans un monde de plaisir sans pr\u00e9c\u00e9dent avec le support de jouet sexuel Liberator BonBon, une pi\u00e8ce r\u00e9volutionnaire de notre collection de meubles sexuels con\u00e7ue pour faire passer vos moments les plus intimes au niveau sup\u00e9rieur. Cet oreiller sexuel \u00e9l\u00e9gant et discret fournit une base stable mais confortable pour vos jouets sexuels pr\u00e9f\u00e9r\u00e9s, mettant le plaisir mains libres et des positions illimit\u00e9es \u00e0 port\u00e9e de main.","og_url":"https:\/\/liberatorshop.eu\/fr\/product\/liberator-fr\/liberator-bonbon-sex-toy-mount\/","og_site_name":"Liberatorshop - Meubles sexuels et oreillers sexuels \u00e0 d\u00e9couvrir","article_modified_time":"2024-11-20T07:56:34+00:00","og_image":[{"width":1400,"height":848,"url":"https:\/\/liberatorshop.eu\/wp-content\/uploads\/2020\/09\/Liberator-BonBon-Sex-Toy-Mount-01.jpg","type":"image\/jpeg"}],"twitter_card":"summary_large_image","twitter_misc":{"Dur\u00e9e de lecture estim\u00e9e":"2 minutes"},"schema":{"@context":"https:\/\/schema.org","@graph":[{"@type":"WebPage","@id":"https:\/\/liberatorshop.eu\/fr\/product\/liberator-fr\/liberator-bonbon-sex-toy-mount\/","url":"https:\/\/liberatorshop.eu\/fr\/product\/liberator-fr\/liberator-bonbon-sex-toy-mount\/","name":"Liberator BonBon Sex Toy Mount - Liberatorshop - Meubles sexuels et oreillers sexuels \u00e0 d\u00e9couvrir","isPartOf":{"@id":"https:\/\/liberatorshop.eu\/fr\/#website"},"primaryImageOfPage":{"@id":"https:\/\/liberatorshop.eu\/fr\/product\/liberator-fr\/liberator-bonbon-sex-toy-mount\/#primaryimage"},"image":{"@id":"https:\/\/liberatorshop.eu\/fr\/product\/liberator-fr\/liberator-bonbon-sex-toy-mount\/#primaryimage"},"thumbnailUrl":"https:\/\/liberatorshop.eu\/wp-content\/uploads\/2020\/09\/Liberator-BonBon-Sex-Toy-Mount-01.jpg","datePublished":"2020-09-20T11:45:50+00:00","dateModified":"2024-11-20T07:56:34+00:00","description":"Plongez dans un monde de plaisir sans pr\u00e9c\u00e9dent avec le support de jouet sexuel Liberator BonBon, une pi\u00e8ce r\u00e9volutionnaire de notre collection de meubles sexuels con\u00e7ue pour faire passer vos moments les plus intimes au niveau sup\u00e9rieur. Cet oreiller sexuel \u00e9l\u00e9gant et discret fournit une base stable mais confortable pour vos jouets sexuels pr\u00e9f\u00e9r\u00e9s, mettant le plaisir mains libres et des positions illimit\u00e9es \u00e0 port\u00e9e de main.","breadcrumb":{"@id":"https:\/\/liberatorshop.eu\/fr\/product\/liberator-fr\/liberator-bonbon-sex-toy-mount\/#breadcrumb"},"inLanguage":"fr-FR","potentialAction":[{"@type":"ReadAction","target":["https:\/\/liberatorshop.eu\/fr\/product\/liberator-fr\/liberator-bonbon-sex-toy-mount\/"]}]},{"@type":"ImageObject","inLanguage":"fr-FR","@id":"https:\/\/liberatorshop.eu\/fr\/product\/liberator-fr\/liberator-bonbon-sex-toy-mount\/#primaryimage","url":"https:\/\/liberatorshop.eu\/wp-content\/uploads\/2020\/09\/Liberator-BonBon-Sex-Toy-Mount-01.jpg","contentUrl":"https:\/\/liberatorshop.eu\/wp-content\/uploads\/2020\/09\/Liberator-BonBon-Sex-Toy-Mount-01.jpg","width":1400,"height":848},{"@type":"BreadcrumbList","@id":"https:\/\/liberatorshop.eu\/fr\/product\/liberator-fr\/liberator-bonbon-sex-toy-mount\/#breadcrumb","itemListElement":[{"@type":"ListItem","position":1,"name":"Home","item":"https:\/\/liberatorshop.eu\/fr\/"},{"@type":"ListItem","position":2,"name":"Acceuil","item":"https:\/\/liberatorshop.eu\/fr\/"},{"@type":"ListItem","position":3,"name":"Liberator BonBon Sex Toy Mount"}]},{"@type":"WebSite","@id":"https:\/\/liberatorshop.eu\/fr\/#website","url":"https:\/\/liberatorshop.eu\/fr\/","name":"Liberatorshop.eu","description":"Liberatorshop - Love All Ways","publisher":{"@id":"https:\/\/liberatorshop.eu\/fr\/#organization"},"potentialAction":[{"@type":"SearchAction","target":{"@type":"EntryPoint","urlTemplate":"https:\/\/liberatorshop.eu\/fr\/?s={search_term_string}"},"query-input":{"@type":"PropertyValueSpecification","valueRequired":true,"valueName":"search_term_string"}}],"inLanguage":"fr-FR"},{"@type":"Organization","@id":"https:\/\/liberatorshop.eu\/fr\/#organization","name":"Liberatorshop","url":"https:\/\/liberatorshop.eu\/fr\/","logo":{"@type":"ImageObject","inLanguage":"fr-FR","@id":"https:\/\/liberatorshop.eu\/fr\/#\/schema\/logo\/image\/","url":"https:\/\/liberatorshop.eu\/wp-content\/uploads\/2023\/09\/flip-ramp-EXAMPLES-1500-x-500-px.png","contentUrl":"https:\/\/liberatorshop.eu\/wp-content\/uploads\/2023\/09\/flip-ramp-EXAMPLES-1500-x-500-px.png","width":2560,"height":854,"caption":"Liberatorshop"},"image":{"@id":"https:\/\/liberatorshop.eu\/fr\/#\/schema\/logo\/image\/"}}]}},"_links":{"self":[{"href":"https:\/\/liberatorshop.eu\/fr\/wp-json\/wp\/v2\/product\/64171","targetHints":{"allow":["GET"]}}],"collection":[{"href":"https:\/\/liberatorshop.eu\/fr\/wp-json\/wp\/v2\/product"}],"about":[{"href":"https:\/\/liberatorshop.eu\/fr\/wp-json\/wp\/v2\/types\/product"}],"replies":[{"embeddable":true,"href":"https:\/\/liberatorshop.eu\/fr\/wp-json\/wp\/v2\/comments?post=64171"}],"wp:featuredmedia":[{"embeddable":true,"href":"https:\/\/liberatorshop.eu\/fr\/wp-json\/wp\/v2\/media\/32096"}],"wp:attachment":[{"href":"https:\/\/liberatorshop.eu\/fr\/wp-json\/wp\/v2\/media?parent=64171"}],"wp:term":[{"taxonomy":"product_brand","embeddable":true,"href":"https:\/\/liberatorshop.eu\/fr\/wp-json\/wp\/v2\/product_brand?post=64171"},{"taxonomy":"product_cat","embeddable":true,"href":"https:\/\/liberatorshop.eu\/fr\/wp-json\/wp\/v2\/product_cat?post=64171"},{"taxonomy":"product_tag","embeddable":true,"href":"https:\/\/liberatorshop.eu\/fr\/wp-json\/wp\/v2\/product_tag?post=64171"}],"curies":[{"name":"wp","href":"https:\/\/api.w.org\/{rel}","templated":true}]}}