{"id":64316,"date":"2020-09-20T12:09:51","date_gmt":"2020-09-20T11:09:51","guid":{"rendered":"https:\/\/liberatorshop.eu\/winkel\/non%20class\u00e9\/liberator-black-label-wedge-ramp-combo\/"},"modified":"2025-09-24T20:47:01","modified_gmt":"2025-09-24T19:47:01","slug":"liberator-black-label-wedge-ramp-combo","status":"publish","type":"product","link":"https:\/\/liberatorshop.eu\/fr\/product\/meilleures-ventes\/liberator-black-label-wedge-ramp-combo\/","title":{"rendered":"Liberator Black Label Wedge Ramp Combo"},"content":{"rendered":"<div class=\"flex-shrink-0 flex flex-col relative items-end\">\n<div>\n<div class=\"pt-0.5\">\n<div class=\"gizmo-shadow-stroke flex h-6 w-6 items-center justify-center overflow-hidden rounded-full\"><span style=\"color: #555555;\" data-text-color=\"primary\">Explorez la fusion ultime de passion et de luxe avec le Liberator Black Label Wedge Ramp Combo, un \u00e9l\u00e9ment essentiel de notre collection de meubles sexuels. Con\u00e7ue pour les couples qui souhaitent explorer la profondeur de leurs moments intimes, cette paire d&rsquo;oreillers sexuels sophistiqu\u00e9s promet une exp\u00e9rience sans pr\u00e9c\u00e9dent.<\/span><\/div>\n<\/div>\n<\/div>\n<\/div>\n<div class=\"relative flex w-full flex-col agent-turn\">\n<div class=\"font-semibold select-none\">\n<div class=\"flex-shrink-0 flex flex-col relative items-end\">\n<div class=\"pt-0.5\">\n<div class=\"gizmo-shadow-stroke flex h-6 w-6 items-center justify-center overflow-hidden rounded-full\">\n<div class=\"relative p-1 rounded-sm h-9 w-9 text-white flex items-center justify-center\">\n<div class=\"relative flex w-full flex-col agent-turn\">\n<div class=\"flex-col gap-1 md:gap-3\">\n<div class=\"flex flex-grow flex-col max-w-full\">\n<div class=\"min-h-[20px] text-message flex flex-col items-start gap-3 whitespace-pre-wrap break-words [.text-message+&amp;]:mt-5 text-token-text-tertiary overflow-x-auto\" data-message-author-role=\"assistant\" data-message-id=\"70c523f4-c16e-45c0-9c90-ba29411f86bf\">\n<div class=\"text-token-text-tertiary markdown prose w-full break-words dark:prose-invert dark\">\n<p><span data-text-color=\"primary\"><strong>Servitude douce avec style<\/strong><\/span><br \/>\n<span data-text-color=\"primary\">Cet ensemble vous invite \u00e0 un bondage doux, o\u00f9 confort et sensualit\u00e9 se confondent. Gr\u00e2ce aux connecteurs int\u00e9gr\u00e9s, il offre un moyen s\u00fbr et confortable de renforcer le lien avec votre partenaire.<\/span><\/p>\n<p><span data-text-color=\"primary\"><strong>Plaisir sans limites<\/strong><\/span><br \/>\n<span data-text-color=\"primary\">De ergonomische vormgeving van de Wedge en Ramp kussens optimaliseert de stimulatie van de G-spot en andere erogene zones. D\u00e9couvrez de nouveaux postes et faites de chaque instant un voyage de d\u00e9couverte.<\/span><\/p>\n<p><span data-text-color=\"primary\"><strong>Luxe et commodit\u00e9<\/strong><\/span><br \/>\n<span data-text-color=\"primary\">En plus du soutien et de la stimulation, l&rsquo;ensemble excelle dans la facilit\u00e9 d&rsquo;utilisation. Les housses sont lavables et l&#8217;emballage discret fait du Black Label Wedge Ramp Combo un ajout \u00e9l\u00e9gant \u00e0 n&rsquo;importe quelle chambre.<\/span><\/p>\n<p><span data-text-color=\"primary\"><strong>Caract\u00e9ristiques:<\/strong><\/span><\/p>\n<ul>\n<li><span data-text-color=\"primary\">Comprend : 1 bandeau pour les yeux et 1 jeu de menottes pour les mains et les pieds<\/span><\/li>\n<li><span data-text-color=\"primary\">Dimensions : Cale (61&#215;35.5&#215;17.75 cm), Rampe (86.4x61x30.5 cm)<\/span><\/li>\n<\/ul>\n<p><span data-text-color=\"primary\"><strong>D\u00e9couvrez-en plus :<\/strong> Pour trouver de l&rsquo;inspiration et de nouvelles positions, visitez notre <a href=\"https:\/\/liberatorshop.eu\/category\/liberator-blogs-2\/\" target=\"_new\" rel=\"noopener\">blog sur les oreillers sexuels<\/a>.<\/span><\/p>\n<\/div>\n<\/div>\n<\/div>\n<\/div>\n<\/div>\n<\/div>\n<\/div>\n<\/div>\n<\/div>\n<\/div>\n<\/div>\n<p style=\"text-align: center;\"><span data-text-color=\"primary\"><strong>Postes \u00e0 essayer<\/strong><\/span><\/p>\n<p><img decoding=\"async\" class=\"size-full wp-image-32093 alignleft\" src=\"https:\/\/liberatorshop.eu\/wp-content\/uploads\/2020\/09\/Liberator-Black-Label-Wedge-Ramp-Combo-The-Sneaky-Snake.jpg\" alt=\"\" width=\"297\" height=\"180\"> <img decoding=\"async\" class=\"size-full wp-image-32092 alignleft\" src=\"https:\/\/liberatorshop.eu\/wp-content\/uploads\/2020\/09\/Liberator-Black-Label-Wedge-Ramp-Combo-Super-Doggy.jpg\" alt=\"\" width=\"297\" height=\"180\"> <img decoding=\"async\" class=\"size-full wp-image-32091 alignleft\" src=\"https:\/\/liberatorshop.eu\/wp-content\/uploads\/2020\/09\/Liberator-Black-Label-Wedge-Ramp-Combo-Rough-Rider.jpg\" alt=\"\" width=\"297\" height=\"180\"> <img decoding=\"async\" class=\"size-full wp-image-32090 alignleft\" src=\"https:\/\/liberatorshop.eu\/wp-content\/uploads\/2020\/09\/Liberator-Black-Label-Wedge-Ramp-Combo-Power-Play.jpg\" alt=\"\" width=\"297\" height=\"180\"> <img decoding=\"async\" class=\"size-full wp-image-32089 alignleft\" src=\"https:\/\/liberatorshop.eu\/wp-content\/uploads\/2020\/09\/Liberator-Black-Label-Wedge-Ramp-Combo-Midnight-Watch.jpg\" alt=\"\" width=\"297\" height=\"180\"> <img decoding=\"async\" class=\"size-full wp-image-32088 alignleft\" src=\"https:\/\/liberatorshop.eu\/wp-content\/uploads\/2020\/09\/Liberator-Black-Label-Wedge-Ramp-Combo-Capture-the-Flag.jpg\" alt=\"\" width=\"297\" height=\"180\"><\/p>\n","protected":false},"excerpt":{"rendered":"<p><span style=\"color: #555555;\">Explorez la fusion ultime de passion et de luxe avec le <strong>Liberator Black Label Wedge Ramp Combo<\/strong>, un \u00e9l\u00e9ment essentiel de notre collection de meubles sexuels. Con\u00e7ue pour les couples qui souhaitent explorer la profondeur de leurs moments intimes, cette paire d&rsquo;oreillers sexuels sophistiqu\u00e9s promet une exp\u00e9rience sans pr\u00e9c\u00e9dent.<\/span><\/p>\n","protected":false},"featured_media":64317,"comment_status":"open","ping_status":"closed","template":"","meta":[],"product_brand":[],"product_cat":[16188,16185,20935],"product_tag":[16070,16068,15780,16069,15902,16071],"class_list":{"0":"post-64316","1":"product","2":"type-product","3":"status-publish","4":"has-post-thumbnail","6":"product_cat-meubles-sexuels-liberator-black-label","7":"product_cat-meilleures-ventes","8":"product_cat-liberator-ramps-fr","9":"product_tag-attache","10":"product_tag-black-fr","11":"product_tag-esclavage","12":"product_tag-label-fr","13":"product_tag-mou-tendre","14":"product_tag-oreillers-de-sexe-fr","15":"product_shipping_class-envoi-1-2-jours-ouvres","17":"first","18":"instock","19":"sale","20":"featured","21":"taxable","22":"shipping-taxable","23":"purchasable","24":"product-type-simple"},"yoast_head":"<!-- This site is optimized with the Yoast SEO plugin v27.4 - https:\/\/yoast.com\/product\/yoast-seo-wordpress\/ -->\n<title>Liberator Black Label Wedge Ramp Combo - Liberatorshop - Meubles sexuels et oreillers sexuels \u00e0 d\u00e9couvrir<\/title>\n<meta name=\"description\" content=\"Explorez la fusion ultime de passion et de luxe avec le Liberator Black Label Wedge Ramp Combo, un \u00e9l\u00e9ment essentiel de notre collection de meubles sexuels. Con\u00e7ue pour les couples qui souhaitent explorer la profondeur de leurs moments intimes, cette paire d&#039;oreillers sexuels sophistiqu\u00e9s promet une exp\u00e9rience sans pr\u00e9c\u00e9dent.\" \/>\n<meta name=\"robots\" content=\"index, follow, max-snippet:-1, max-image-preview:large, max-video-preview:-1\" \/>\n<link rel=\"canonical\" href=\"https:\/\/liberatorshop.eu\/fr\/product\/meilleures-ventes\/liberator-black-label-wedge-ramp-combo\/\" \/>\n<meta property=\"og:locale\" content=\"fr_FR\" \/>\n<meta property=\"og:type\" content=\"article\" \/>\n<meta property=\"og:title\" content=\"Liberator Black Label Wedge Ramp Combo - Liberatorshop - Meubles sexuels et oreillers sexuels \u00e0 d\u00e9couvrir\" \/>\n<meta property=\"og:description\" content=\"Explorez la fusion ultime de passion et de luxe avec le Liberator Black Label Wedge Ramp Combo, un \u00e9l\u00e9ment essentiel de notre collection de meubles sexuels. Con\u00e7ue pour les couples qui souhaitent explorer la profondeur de leurs moments intimes, cette paire d&#039;oreillers sexuels sophistiqu\u00e9s promet une exp\u00e9rience sans pr\u00e9c\u00e9dent.\" \/>\n<meta property=\"og:url\" content=\"https:\/\/liberatorshop.eu\/fr\/product\/meilleures-ventes\/liberator-black-label-wedge-ramp-combo\/\" \/>\n<meta property=\"og:site_name\" content=\"Liberatorshop - Meubles sexuels et oreillers sexuels \u00e0 d\u00e9couvrir\" \/>\n<meta property=\"article:modified_time\" content=\"2025-09-24T19:47:01+00:00\" \/>\n<meta property=\"og:image\" content=\"https:\/\/liberatorshop.eu\/wp-content\/uploads\/2020\/09\/Liberator-Black-Label-Wedge-Ramp-Combo-01.jpg\" \/>\n\t<meta property=\"og:image:width\" content=\"1400\" \/>\n\t<meta property=\"og:image:height\" content=\"848\" \/>\n\t<meta property=\"og:image:type\" content=\"image\/jpeg\" \/>\n<meta name=\"twitter:card\" content=\"summary_large_image\" \/>\n<meta name=\"twitter:label1\" content=\"Dur\u00e9e de lecture estim\u00e9e\" \/>\n\t<meta name=\"twitter:data1\" content=\"1 minute\" \/>\n<script type=\"application\/ld+json\" class=\"yoast-schema-graph\">{\"@context\":\"https:\\\/\\\/schema.org\",\"@graph\":[{\"@type\":\"WebPage\",\"@id\":\"https:\\\/\\\/liberatorshop.eu\\\/fr\\\/product\\\/meilleures-ventes\\\/liberator-black-label-wedge-ramp-combo\\\/\",\"url\":\"https:\\\/\\\/liberatorshop.eu\\\/fr\\\/product\\\/meilleures-ventes\\\/liberator-black-label-wedge-ramp-combo\\\/\",\"name\":\"Liberator Black Label Wedge Ramp Combo - Liberatorshop - Meubles sexuels et oreillers sexuels \u00e0 d\u00e9couvrir\",\"isPartOf\":{\"@id\":\"https:\\\/\\\/liberatorshop.eu\\\/fr\\\/#website\"},\"primaryImageOfPage\":{\"@id\":\"https:\\\/\\\/liberatorshop.eu\\\/fr\\\/product\\\/meilleures-ventes\\\/liberator-black-label-wedge-ramp-combo\\\/#primaryimage\"},\"image\":{\"@id\":\"https:\\\/\\\/liberatorshop.eu\\\/fr\\\/product\\\/meilleures-ventes\\\/liberator-black-label-wedge-ramp-combo\\\/#primaryimage\"},\"thumbnailUrl\":\"https:\\\/\\\/liberatorshop.eu\\\/wp-content\\\/uploads\\\/2020\\\/09\\\/Liberator-Black-Label-Wedge-Ramp-Combo-01.jpg\",\"datePublished\":\"2020-09-20T11:09:51+00:00\",\"dateModified\":\"2025-09-24T19:47:01+00:00\",\"description\":\"Explorez la fusion ultime de passion et de luxe avec le Liberator Black Label Wedge Ramp Combo, un \u00e9l\u00e9ment essentiel de notre collection de meubles sexuels. Con\u00e7ue pour les couples qui souhaitent explorer la profondeur de leurs moments intimes, cette paire d'oreillers sexuels sophistiqu\u00e9s promet une exp\u00e9rience sans pr\u00e9c\u00e9dent.\",\"breadcrumb\":{\"@id\":\"https:\\\/\\\/liberatorshop.eu\\\/fr\\\/product\\\/meilleures-ventes\\\/liberator-black-label-wedge-ramp-combo\\\/#breadcrumb\"},\"inLanguage\":\"fr-FR\",\"potentialAction\":[{\"@type\":\"ReadAction\",\"target\":[\"https:\\\/\\\/liberatorshop.eu\\\/fr\\\/product\\\/meilleures-ventes\\\/liberator-black-label-wedge-ramp-combo\\\/\"]}]},{\"@type\":\"ImageObject\",\"inLanguage\":\"fr-FR\",\"@id\":\"https:\\\/\\\/liberatorshop.eu\\\/fr\\\/product\\\/meilleures-ventes\\\/liberator-black-label-wedge-ramp-combo\\\/#primaryimage\",\"url\":\"https:\\\/\\\/liberatorshop.eu\\\/wp-content\\\/uploads\\\/2020\\\/09\\\/Liberator-Black-Label-Wedge-Ramp-Combo-01.jpg\",\"contentUrl\":\"https:\\\/\\\/liberatorshop.eu\\\/wp-content\\\/uploads\\\/2020\\\/09\\\/Liberator-Black-Label-Wedge-Ramp-Combo-01.jpg\",\"width\":1400,\"height\":848},{\"@type\":\"BreadcrumbList\",\"@id\":\"https:\\\/\\\/liberatorshop.eu\\\/fr\\\/product\\\/meilleures-ventes\\\/liberator-black-label-wedge-ramp-combo\\\/#breadcrumb\",\"itemListElement\":[{\"@type\":\"ListItem\",\"position\":1,\"name\":\"Home\",\"item\":\"https:\\\/\\\/liberatorshop.eu\\\/fr\\\/\"},{\"@type\":\"ListItem\",\"position\":2,\"name\":\"Acceuil\",\"item\":\"https:\\\/\\\/liberatorshop.eu\\\/fr\\\/\"},{\"@type\":\"ListItem\",\"position\":3,\"name\":\"Liberator Black Label Wedge Ramp Combo\"}]},{\"@type\":\"WebSite\",\"@id\":\"https:\\\/\\\/liberatorshop.eu\\\/fr\\\/#website\",\"url\":\"https:\\\/\\\/liberatorshop.eu\\\/fr\\\/\",\"name\":\"Liberatorshop.eu\",\"description\":\"Liberatorshop - Love All Ways\",\"publisher\":{\"@id\":\"https:\\\/\\\/liberatorshop.eu\\\/fr\\\/#organization\"},\"potentialAction\":[{\"@type\":\"SearchAction\",\"target\":{\"@type\":\"EntryPoint\",\"urlTemplate\":\"https:\\\/\\\/liberatorshop.eu\\\/fr\\\/?s={search_term_string}\"},\"query-input\":{\"@type\":\"PropertyValueSpecification\",\"valueRequired\":true,\"valueName\":\"search_term_string\"}}],\"inLanguage\":\"fr-FR\"},{\"@type\":\"Organization\",\"@id\":\"https:\\\/\\\/liberatorshop.eu\\\/fr\\\/#organization\",\"name\":\"Liberatorshop\",\"url\":\"https:\\\/\\\/liberatorshop.eu\\\/fr\\\/\",\"logo\":{\"@type\":\"ImageObject\",\"inLanguage\":\"fr-FR\",\"@id\":\"https:\\\/\\\/liberatorshop.eu\\\/fr\\\/#\\\/schema\\\/logo\\\/image\\\/\",\"url\":\"https:\\\/\\\/liberatorshop.eu\\\/wp-content\\\/uploads\\\/2023\\\/09\\\/flip-ramp-EXAMPLES-1500-x-500-px.png\",\"contentUrl\":\"https:\\\/\\\/liberatorshop.eu\\\/wp-content\\\/uploads\\\/2023\\\/09\\\/flip-ramp-EXAMPLES-1500-x-500-px.png\",\"width\":2560,\"height\":854,\"caption\":\"Liberatorshop\"},\"image\":{\"@id\":\"https:\\\/\\\/liberatorshop.eu\\\/fr\\\/#\\\/schema\\\/logo\\\/image\\\/\"}}]}<\/script>\n<!-- \/ Yoast SEO plugin. -->","yoast_head_json":{"title":"Liberator Black Label Wedge Ramp Combo - Liberatorshop - Meubles sexuels et oreillers sexuels \u00e0 d\u00e9couvrir","description":"Explorez la fusion ultime de passion et de luxe avec le Liberator Black Label Wedge Ramp Combo, un \u00e9l\u00e9ment essentiel de notre collection de meubles sexuels. Con\u00e7ue pour les couples qui souhaitent explorer la profondeur de leurs moments intimes, cette paire d'oreillers sexuels sophistiqu\u00e9s promet une exp\u00e9rience sans pr\u00e9c\u00e9dent.","robots":{"index":"index","follow":"follow","max-snippet":"max-snippet:-1","max-image-preview":"max-image-preview:large","max-video-preview":"max-video-preview:-1"},"canonical":"https:\/\/liberatorshop.eu\/fr\/product\/meilleures-ventes\/liberator-black-label-wedge-ramp-combo\/","og_locale":"fr_FR","og_type":"article","og_title":"Liberator Black Label Wedge Ramp Combo - Liberatorshop - Meubles sexuels et oreillers sexuels \u00e0 d\u00e9couvrir","og_description":"Explorez la fusion ultime de passion et de luxe avec le Liberator Black Label Wedge Ramp Combo, un \u00e9l\u00e9ment essentiel de notre collection de meubles sexuels. Con\u00e7ue pour les couples qui souhaitent explorer la profondeur de leurs moments intimes, cette paire d'oreillers sexuels sophistiqu\u00e9s promet une exp\u00e9rience sans pr\u00e9c\u00e9dent.","og_url":"https:\/\/liberatorshop.eu\/fr\/product\/meilleures-ventes\/liberator-black-label-wedge-ramp-combo\/","og_site_name":"Liberatorshop - Meubles sexuels et oreillers sexuels \u00e0 d\u00e9couvrir","article_modified_time":"2025-09-24T19:47:01+00:00","og_image":[{"width":1400,"height":848,"url":"https:\/\/liberatorshop.eu\/wp-content\/uploads\/2020\/09\/Liberator-Black-Label-Wedge-Ramp-Combo-01.jpg","type":"image\/jpeg"}],"twitter_card":"summary_large_image","twitter_misc":{"Dur\u00e9e de lecture estim\u00e9e":"1 minute"},"schema":{"@context":"https:\/\/schema.org","@graph":[{"@type":"WebPage","@id":"https:\/\/liberatorshop.eu\/fr\/product\/meilleures-ventes\/liberator-black-label-wedge-ramp-combo\/","url":"https:\/\/liberatorshop.eu\/fr\/product\/meilleures-ventes\/liberator-black-label-wedge-ramp-combo\/","name":"Liberator Black Label Wedge Ramp Combo - Liberatorshop - Meubles sexuels et oreillers sexuels \u00e0 d\u00e9couvrir","isPartOf":{"@id":"https:\/\/liberatorshop.eu\/fr\/#website"},"primaryImageOfPage":{"@id":"https:\/\/liberatorshop.eu\/fr\/product\/meilleures-ventes\/liberator-black-label-wedge-ramp-combo\/#primaryimage"},"image":{"@id":"https:\/\/liberatorshop.eu\/fr\/product\/meilleures-ventes\/liberator-black-label-wedge-ramp-combo\/#primaryimage"},"thumbnailUrl":"https:\/\/liberatorshop.eu\/wp-content\/uploads\/2020\/09\/Liberator-Black-Label-Wedge-Ramp-Combo-01.jpg","datePublished":"2020-09-20T11:09:51+00:00","dateModified":"2025-09-24T19:47:01+00:00","description":"Explorez la fusion ultime de passion et de luxe avec le Liberator Black Label Wedge Ramp Combo, un \u00e9l\u00e9ment essentiel de notre collection de meubles sexuels. Con\u00e7ue pour les couples qui souhaitent explorer la profondeur de leurs moments intimes, cette paire d'oreillers sexuels sophistiqu\u00e9s promet une exp\u00e9rience sans pr\u00e9c\u00e9dent.","breadcrumb":{"@id":"https:\/\/liberatorshop.eu\/fr\/product\/meilleures-ventes\/liberator-black-label-wedge-ramp-combo\/#breadcrumb"},"inLanguage":"fr-FR","potentialAction":[{"@type":"ReadAction","target":["https:\/\/liberatorshop.eu\/fr\/product\/meilleures-ventes\/liberator-black-label-wedge-ramp-combo\/"]}]},{"@type":"ImageObject","inLanguage":"fr-FR","@id":"https:\/\/liberatorshop.eu\/fr\/product\/meilleures-ventes\/liberator-black-label-wedge-ramp-combo\/#primaryimage","url":"https:\/\/liberatorshop.eu\/wp-content\/uploads\/2020\/09\/Liberator-Black-Label-Wedge-Ramp-Combo-01.jpg","contentUrl":"https:\/\/liberatorshop.eu\/wp-content\/uploads\/2020\/09\/Liberator-Black-Label-Wedge-Ramp-Combo-01.jpg","width":1400,"height":848},{"@type":"BreadcrumbList","@id":"https:\/\/liberatorshop.eu\/fr\/product\/meilleures-ventes\/liberator-black-label-wedge-ramp-combo\/#breadcrumb","itemListElement":[{"@type":"ListItem","position":1,"name":"Home","item":"https:\/\/liberatorshop.eu\/fr\/"},{"@type":"ListItem","position":2,"name":"Acceuil","item":"https:\/\/liberatorshop.eu\/fr\/"},{"@type":"ListItem","position":3,"name":"Liberator Black Label Wedge Ramp Combo"}]},{"@type":"WebSite","@id":"https:\/\/liberatorshop.eu\/fr\/#website","url":"https:\/\/liberatorshop.eu\/fr\/","name":"Liberatorshop.eu","description":"Liberatorshop - Love All Ways","publisher":{"@id":"https:\/\/liberatorshop.eu\/fr\/#organization"},"potentialAction":[{"@type":"SearchAction","target":{"@type":"EntryPoint","urlTemplate":"https:\/\/liberatorshop.eu\/fr\/?s={search_term_string}"},"query-input":{"@type":"PropertyValueSpecification","valueRequired":true,"valueName":"search_term_string"}}],"inLanguage":"fr-FR"},{"@type":"Organization","@id":"https:\/\/liberatorshop.eu\/fr\/#organization","name":"Liberatorshop","url":"https:\/\/liberatorshop.eu\/fr\/","logo":{"@type":"ImageObject","inLanguage":"fr-FR","@id":"https:\/\/liberatorshop.eu\/fr\/#\/schema\/logo\/image\/","url":"https:\/\/liberatorshop.eu\/wp-content\/uploads\/2023\/09\/flip-ramp-EXAMPLES-1500-x-500-px.png","contentUrl":"https:\/\/liberatorshop.eu\/wp-content\/uploads\/2023\/09\/flip-ramp-EXAMPLES-1500-x-500-px.png","width":2560,"height":854,"caption":"Liberatorshop"},"image":{"@id":"https:\/\/liberatorshop.eu\/fr\/#\/schema\/logo\/image\/"}}]}},"_links":{"self":[{"href":"https:\/\/liberatorshop.eu\/fr\/wp-json\/wp\/v2\/product\/64316","targetHints":{"allow":["GET"]}}],"collection":[{"href":"https:\/\/liberatorshop.eu\/fr\/wp-json\/wp\/v2\/product"}],"about":[{"href":"https:\/\/liberatorshop.eu\/fr\/wp-json\/wp\/v2\/types\/product"}],"replies":[{"embeddable":true,"href":"https:\/\/liberatorshop.eu\/fr\/wp-json\/wp\/v2\/comments?post=64316"}],"wp:featuredmedia":[{"embeddable":true,"href":"https:\/\/liberatorshop.eu\/fr\/wp-json\/wp\/v2\/media\/64317"}],"wp:attachment":[{"href":"https:\/\/liberatorshop.eu\/fr\/wp-json\/wp\/v2\/media?parent=64316"}],"wp:term":[{"taxonomy":"product_brand","embeddable":true,"href":"https:\/\/liberatorshop.eu\/fr\/wp-json\/wp\/v2\/product_brand?post=64316"},{"taxonomy":"product_cat","embeddable":true,"href":"https:\/\/liberatorshop.eu\/fr\/wp-json\/wp\/v2\/product_cat?post=64316"},{"taxonomy":"product_tag","embeddable":true,"href":"https:\/\/liberatorshop.eu\/fr\/wp-json\/wp\/v2\/product_tag?post=64316"}],"curies":[{"name":"wp","href":"https:\/\/api.w.org\/{rel}","templated":true}]}}