{"id":92785,"date":"2023-04-04T20:23:54","date_gmt":"2023-04-04T19:23:54","guid":{"rendered":"https:\/\/liberatorshop.eu\/product\/non%20class\u00e9\/liberator-black-label-center-stage\/"},"modified":"2025-12-10T16:17:44","modified_gmt":"2025-12-10T15:17:44","slug":"liberator-black-label-center-stage","status":"publish","type":"product","link":"https:\/\/liberatorshop.eu\/fr\/product\/meilleures-ventes\/liberator-black-label-center-stage\/","title":{"rendered":"Liberator Black Label Center Stage"},"content":{"rendered":"<h3>D\u00e9couvrez le Liberator Black Label Center Stage : une perle dans le mobilier sexuel<\/h3>\n<p>Entrez dans un monde de confort in\u00e9gal\u00e9 et d&rsquo;aventures passionnantes avec le <strong>Liberator Black Label Center Stage<\/strong>, le point culminant de notre collection de meubles sexuels. Cette pi\u00e8ce innovante porte l&rsquo;intimit\u00e9 \u00e0 un niveau sup\u00e9rieur et ajoute une dimension de luxe \u00e0 toute exp\u00e9rience.<\/p>\n<h3>La plateforme ultime pour l&rsquo;intimit\u00e9<\/h3>\n<p>Con\u00e7u pour les couples qui souhaitent enrichir leurs moments intimes, le Black Label Center Stage offre un m\u00e9lange parfait de soutien et d&rsquo;aventure. Ce mobilier sexuel unique transforme n&rsquo;importe quelle pi\u00e8ce en une sc\u00e8ne de passion, avec des fonctionnalit\u00e9s polyvalentes qui am\u00e9liorent chaque rencontre.<\/p>\n<h3>Conception et fonctionnalit\u00e9<\/h3>\n<p>Le Center Stage n&rsquo;est pas seulement un accroche-regard, mais aussi un chef-d&rsquo;\u0153uvre pratique au sein de notre gamme d&rsquo;oreillers sexuels. Le traversin de positionnement ergonomique am\u00e9liore l&rsquo;accessibilit\u00e9 et le confort, tandis que la nature multifonctionnelle du produit permet une multitude de possibilit\u00e9s. Apprenez-en davantage sur les applications polyvalentes <a href=\"https:\/\/liberatorshop.eu\/category\/liberator-blogs-2\/\" target=\"_new\" rel=\"noopener\">dans notre guide des meubles sexuels<\/a>.<\/p>\n<h3>Durabilit\u00e9 et confort<\/h3>\n<p>Fabriqu\u00e9 avec des mat\u00e9riaux de haute qualit\u00e9, le Center Stage r\u00e9siste \u00e0 l\u2019\u00e9preuve du temps. L&rsquo;association du simili cuir et de la microfibre de nylon offre \u00e0 la fois durabilit\u00e9 et confort, tandis que la housse amovible et lavable assure un nettoyage facile. D\u00e9couvrez tous les avantages de nos <a href=\"https:\/\/liberatorshop.eu\/product_cat\/black-label\/\" target=\"_new\" rel=\"noopener\">oreillers sexuels<\/a>.<\/p>\n<h3>Enrichissez votre vie sexuelle<\/h3>\n<p>Le Liberator Black Label Center Stage invite \u00e0 l\u2019exploration et \u00e0 la profondeur de votre relation sexuelle. Il stimule la cr\u00e9ativit\u00e9 et offre des opportunit\u00e9s d\u2019intimit\u00e9 sans pr\u00e9c\u00e9dent. Visitez notre <a href=\"https:\/\/liberatorshop.eu\/product_cat\/black-label\/\" target=\"_new\" rel=\"noopener\">page produit<\/a> pour plus d\u2019informations et laissez-vous inspirer.<\/p>\n<p><strong>Conclusion :<\/strong> Le Liberator Black Label Center Stage est un meuble sexuel indispensable pour tous ceux qui recherchent un m\u00e9lange de luxe, de confort et de polyvalence dans leurs moments intimes. D\u00e9couvrez comment ce produit unique peut transformer vos exp\u00e9riences et ajouter un nouveau chapitre \u00e0 votre vie amoureuse.<\/p>\n<ul>\n<li>Une plate-forme qui peut \u00eatre utilis\u00e9e sur le lit pour le massage \u00e9rotique, l&rsquo;am\u00e9lioration de la position et la stabilisation du matelas, ainsi que sur le sol pour un soutien rembourr\u00e9.<\/li>\n<li>Six clips \u00e0 pression et des attaches en D permettent un jeu de bondage avec des poignets, des \u00e9charpes ou une corde en option.<\/li>\n<li>Comprend un coussin \u00e0 bascule pour une utilisation sous la t\u00eate, les genoux ou les hanches pendant le massage et les rapports sexuels.<\/li>\n<li>Peut \u00eatre facilement rang\u00e9 sous le lit.<\/li>\n<li>Compatible avec d&rsquo;autres formes Liberator.<\/li>\n<li>La couverture en similicuir lisse est luxueuse contre la peau nue et est compatible avec tous les lubrifiants et huiles de massage. Microfibre coll\u00e9e sur les c\u00f4t\u00e9s pour r\u00e9sister aux d\u00e9chirures.<\/li>\n<li>La housse est amovible et lavable en machine.<\/li>\n<li>Doublure r\u00e9sistante \u00e0 l&rsquo;humidit\u00e9.<\/li>\n<li>Dimensions de la base de massage en centim\u00e8tres : 182 L x 50,8 l x 10,16 H<\/li>\n<li>Fabriqu\u00e9 aux Etats-Unis.<\/li>\n<\/ul>\n","protected":false},"excerpt":{"rendered":"<p>Entrez dans un monde de confort in\u00e9gal\u00e9 et d&rsquo;aventures passionnantes avec le <strong>Liberator Black Label Center Stage<\/strong>, le point culminant de notre collection de meubles sexuels. Cette pi\u00e8ce innovante porte l&rsquo;intimit\u00e9 \u00e0 un niveau sup\u00e9rieur et ajoute une dimension de luxe \u00e0 toute exp\u00e9rience.<\/p>\n","protected":false},"featured_media":92732,"comment_status":"open","ping_status":"closed","template":"","meta":[],"product_brand":[],"product_cat":[16188,16185],"product_tag":[16083,15969,15779,15805],"class_list":{"0":"post-92785","1":"product","2":"type-product","3":"status-publish","4":"has-post-thumbnail","6":"product_cat-meubles-sexuels-liberator-black-label","7":"product_cat-meilleures-ventes","8":"product_tag-black-label-fr","9":"product_tag-jeu-damour","10":"product_tag-liberator-fr","11":"product_tag-positions-sexuelles","12":"product_shipping_class-envoi-1-2-jours-ouvres","13":"pa_kleur-gris","14":"pa_kleur-rouge","16":"first","17":"outofstock","18":"sale","19":"featured","20":"taxable","21":"shipping-taxable","22":"purchasable","23":"product-type-variable"},"yoast_head":"<!-- This site is optimized with the Yoast SEO plugin v27.3 - https:\/\/yoast.com\/product\/yoast-seo-wordpress\/ -->\n<title>Liberator Black Label Center Stage - Liberatorshop - Meubles sexuels et oreillers sexuels \u00e0 d\u00e9couvrir<\/title>\n<meta name=\"description\" content=\"D\u00e9couvrez le Liberator Black Label Center Stage : une perle dans le mobilier sexuel. Entrez dans un monde de confort in\u00e9gal\u00e9 et d&#039;aventures passionnantes avec le Liberator Black Label Center Stage, le point culminant de notre collection de meubles sexuels. Cette pi\u00e8ce innovante porte l&#039;intimit\u00e9 \u00e0 un niveau sup\u00e9rieur et ajoute une dimension de luxe \u00e0 toute exp\u00e9rience.\" \/>\n<meta name=\"robots\" content=\"index, follow, max-snippet:-1, max-image-preview:large, max-video-preview:-1\" \/>\n<link rel=\"canonical\" href=\"https:\/\/liberatorshop.eu\/fr\/product\/meilleures-ventes\/liberator-black-label-center-stage\/\" \/>\n<meta property=\"og:locale\" content=\"fr_FR\" \/>\n<meta property=\"og:type\" content=\"article\" \/>\n<meta property=\"og:title\" content=\"Liberator Black Label Center Stage - Liberatorshop - Meubles sexuels et oreillers sexuels \u00e0 d\u00e9couvrir\" \/>\n<meta property=\"og:description\" content=\"D\u00e9couvrez le Liberator Black Label Center Stage : une perle dans le mobilier sexuel. Entrez dans un monde de confort in\u00e9gal\u00e9 et d&#039;aventures passionnantes avec le Liberator Black Label Center Stage, le point culminant de notre collection de meubles sexuels. Cette pi\u00e8ce innovante porte l&#039;intimit\u00e9 \u00e0 un niveau sup\u00e9rieur et ajoute une dimension de luxe \u00e0 toute exp\u00e9rience.\" \/>\n<meta property=\"og:url\" content=\"https:\/\/liberatorshop.eu\/fr\/product\/meilleures-ventes\/liberator-black-label-center-stage\/\" \/>\n<meta property=\"og:site_name\" content=\"Liberatorshop - Meubles sexuels et oreillers sexuels \u00e0 d\u00e9couvrir\" \/>\n<meta property=\"article:modified_time\" content=\"2025-12-10T15:17:44+00:00\" \/>\n<meta property=\"og:image\" content=\"https:\/\/liberatorshop.eu\/wp-content\/uploads\/2023\/04\/blcenterstage1.jpg\" \/>\n\t<meta property=\"og:image:width\" content=\"2000\" \/>\n\t<meta property=\"og:image:height\" content=\"2000\" \/>\n\t<meta property=\"og:image:type\" content=\"image\/jpeg\" \/>\n<meta name=\"twitter:card\" content=\"summary_large_image\" \/>\n<meta name=\"twitter:label1\" content=\"Dur\u00e9e de lecture estim\u00e9e\" \/>\n\t<meta name=\"twitter:data1\" content=\"2 minutes\" \/>\n<script type=\"application\/ld+json\" class=\"yoast-schema-graph\">{\"@context\":\"https:\\\/\\\/schema.org\",\"@graph\":[{\"@type\":\"WebPage\",\"@id\":\"https:\\\/\\\/liberatorshop.eu\\\/fr\\\/product\\\/meilleures-ventes\\\/liberator-black-label-center-stage\\\/\",\"url\":\"https:\\\/\\\/liberatorshop.eu\\\/fr\\\/product\\\/meilleures-ventes\\\/liberator-black-label-center-stage\\\/\",\"name\":\"Liberator Black Label Center Stage - Liberatorshop - Meubles sexuels et oreillers sexuels \u00e0 d\u00e9couvrir\",\"isPartOf\":{\"@id\":\"https:\\\/\\\/liberatorshop.eu\\\/fr\\\/#website\"},\"primaryImageOfPage\":{\"@id\":\"https:\\\/\\\/liberatorshop.eu\\\/fr\\\/product\\\/meilleures-ventes\\\/liberator-black-label-center-stage\\\/#primaryimage\"},\"image\":{\"@id\":\"https:\\\/\\\/liberatorshop.eu\\\/fr\\\/product\\\/meilleures-ventes\\\/liberator-black-label-center-stage\\\/#primaryimage\"},\"thumbnailUrl\":\"https:\\\/\\\/liberatorshop.eu\\\/wp-content\\\/uploads\\\/2023\\\/04\\\/blcenterstage1.jpg\",\"datePublished\":\"2023-04-04T19:23:54+00:00\",\"dateModified\":\"2025-12-10T15:17:44+00:00\",\"description\":\"D\u00e9couvrez le Liberator Black Label Center Stage : une perle dans le mobilier sexuel. Entrez dans un monde de confort in\u00e9gal\u00e9 et d'aventures passionnantes avec le Liberator Black Label Center Stage, le point culminant de notre collection de meubles sexuels. Cette pi\u00e8ce innovante porte l'intimit\u00e9 \u00e0 un niveau sup\u00e9rieur et ajoute une dimension de luxe \u00e0 toute exp\u00e9rience.\",\"breadcrumb\":{\"@id\":\"https:\\\/\\\/liberatorshop.eu\\\/fr\\\/product\\\/meilleures-ventes\\\/liberator-black-label-center-stage\\\/#breadcrumb\"},\"inLanguage\":\"fr-FR\",\"potentialAction\":[{\"@type\":\"ReadAction\",\"target\":[\"https:\\\/\\\/liberatorshop.eu\\\/fr\\\/product\\\/meilleures-ventes\\\/liberator-black-label-center-stage\\\/\"]}]},{\"@type\":\"ImageObject\",\"inLanguage\":\"fr-FR\",\"@id\":\"https:\\\/\\\/liberatorshop.eu\\\/fr\\\/product\\\/meilleures-ventes\\\/liberator-black-label-center-stage\\\/#primaryimage\",\"url\":\"https:\\\/\\\/liberatorshop.eu\\\/wp-content\\\/uploads\\\/2023\\\/04\\\/blcenterstage1.jpg\",\"contentUrl\":\"https:\\\/\\\/liberatorshop.eu\\\/wp-content\\\/uploads\\\/2023\\\/04\\\/blcenterstage1.jpg\",\"width\":2000,\"height\":2000},{\"@type\":\"BreadcrumbList\",\"@id\":\"https:\\\/\\\/liberatorshop.eu\\\/fr\\\/product\\\/meilleures-ventes\\\/liberator-black-label-center-stage\\\/#breadcrumb\",\"itemListElement\":[{\"@type\":\"ListItem\",\"position\":1,\"name\":\"Home\",\"item\":\"https:\\\/\\\/liberatorshop.eu\\\/fr\\\/\"},{\"@type\":\"ListItem\",\"position\":2,\"name\":\"Acceuil\",\"item\":\"https:\\\/\\\/liberatorshop.eu\\\/fr\\\/\"},{\"@type\":\"ListItem\",\"position\":3,\"name\":\"Liberator Black Label Center Stage\"}]},{\"@type\":\"WebSite\",\"@id\":\"https:\\\/\\\/liberatorshop.eu\\\/fr\\\/#website\",\"url\":\"https:\\\/\\\/liberatorshop.eu\\\/fr\\\/\",\"name\":\"Liberatorshop.eu\",\"description\":\"Liberatorshop - Love All Ways\",\"publisher\":{\"@id\":\"https:\\\/\\\/liberatorshop.eu\\\/fr\\\/#organization\"},\"potentialAction\":[{\"@type\":\"SearchAction\",\"target\":{\"@type\":\"EntryPoint\",\"urlTemplate\":\"https:\\\/\\\/liberatorshop.eu\\\/fr\\\/?s={search_term_string}\"},\"query-input\":{\"@type\":\"PropertyValueSpecification\",\"valueRequired\":true,\"valueName\":\"search_term_string\"}}],\"inLanguage\":\"fr-FR\"},{\"@type\":\"Organization\",\"@id\":\"https:\\\/\\\/liberatorshop.eu\\\/fr\\\/#organization\",\"name\":\"Liberatorshop\",\"url\":\"https:\\\/\\\/liberatorshop.eu\\\/fr\\\/\",\"logo\":{\"@type\":\"ImageObject\",\"inLanguage\":\"fr-FR\",\"@id\":\"https:\\\/\\\/liberatorshop.eu\\\/fr\\\/#\\\/schema\\\/logo\\\/image\\\/\",\"url\":\"https:\\\/\\\/liberatorshop.eu\\\/wp-content\\\/uploads\\\/2023\\\/09\\\/flip-ramp-EXAMPLES-1500-x-500-px.png\",\"contentUrl\":\"https:\\\/\\\/liberatorshop.eu\\\/wp-content\\\/uploads\\\/2023\\\/09\\\/flip-ramp-EXAMPLES-1500-x-500-px.png\",\"width\":2560,\"height\":854,\"caption\":\"Liberatorshop\"},\"image\":{\"@id\":\"https:\\\/\\\/liberatorshop.eu\\\/fr\\\/#\\\/schema\\\/logo\\\/image\\\/\"}}]}<\/script>\n<!-- \/ Yoast SEO plugin. -->","yoast_head_json":{"title":"Liberator Black Label Center Stage - Liberatorshop - Meubles sexuels et oreillers sexuels \u00e0 d\u00e9couvrir","description":"D\u00e9couvrez le Liberator Black Label Center Stage : une perle dans le mobilier sexuel. Entrez dans un monde de confort in\u00e9gal\u00e9 et d'aventures passionnantes avec le Liberator Black Label Center Stage, le point culminant de notre collection de meubles sexuels. Cette pi\u00e8ce innovante porte l'intimit\u00e9 \u00e0 un niveau sup\u00e9rieur et ajoute une dimension de luxe \u00e0 toute exp\u00e9rience.","robots":{"index":"index","follow":"follow","max-snippet":"max-snippet:-1","max-image-preview":"max-image-preview:large","max-video-preview":"max-video-preview:-1"},"canonical":"https:\/\/liberatorshop.eu\/fr\/product\/meilleures-ventes\/liberator-black-label-center-stage\/","og_locale":"fr_FR","og_type":"article","og_title":"Liberator Black Label Center Stage - Liberatorshop - Meubles sexuels et oreillers sexuels \u00e0 d\u00e9couvrir","og_description":"D\u00e9couvrez le Liberator Black Label Center Stage : une perle dans le mobilier sexuel. Entrez dans un monde de confort in\u00e9gal\u00e9 et d'aventures passionnantes avec le Liberator Black Label Center Stage, le point culminant de notre collection de meubles sexuels. Cette pi\u00e8ce innovante porte l'intimit\u00e9 \u00e0 un niveau sup\u00e9rieur et ajoute une dimension de luxe \u00e0 toute exp\u00e9rience.","og_url":"https:\/\/liberatorshop.eu\/fr\/product\/meilleures-ventes\/liberator-black-label-center-stage\/","og_site_name":"Liberatorshop - Meubles sexuels et oreillers sexuels \u00e0 d\u00e9couvrir","article_modified_time":"2025-12-10T15:17:44+00:00","og_image":[{"width":2000,"height":2000,"url":"https:\/\/liberatorshop.eu\/wp-content\/uploads\/2023\/04\/blcenterstage1.jpg","type":"image\/jpeg"}],"twitter_card":"summary_large_image","twitter_misc":{"Dur\u00e9e de lecture estim\u00e9e":"2 minutes"},"schema":{"@context":"https:\/\/schema.org","@graph":[{"@type":"WebPage","@id":"https:\/\/liberatorshop.eu\/fr\/product\/meilleures-ventes\/liberator-black-label-center-stage\/","url":"https:\/\/liberatorshop.eu\/fr\/product\/meilleures-ventes\/liberator-black-label-center-stage\/","name":"Liberator Black Label Center Stage - Liberatorshop - Meubles sexuels et oreillers sexuels \u00e0 d\u00e9couvrir","isPartOf":{"@id":"https:\/\/liberatorshop.eu\/fr\/#website"},"primaryImageOfPage":{"@id":"https:\/\/liberatorshop.eu\/fr\/product\/meilleures-ventes\/liberator-black-label-center-stage\/#primaryimage"},"image":{"@id":"https:\/\/liberatorshop.eu\/fr\/product\/meilleures-ventes\/liberator-black-label-center-stage\/#primaryimage"},"thumbnailUrl":"https:\/\/liberatorshop.eu\/wp-content\/uploads\/2023\/04\/blcenterstage1.jpg","datePublished":"2023-04-04T19:23:54+00:00","dateModified":"2025-12-10T15:17:44+00:00","description":"D\u00e9couvrez le Liberator Black Label Center Stage : une perle dans le mobilier sexuel. Entrez dans un monde de confort in\u00e9gal\u00e9 et d'aventures passionnantes avec le Liberator Black Label Center Stage, le point culminant de notre collection de meubles sexuels. Cette pi\u00e8ce innovante porte l'intimit\u00e9 \u00e0 un niveau sup\u00e9rieur et ajoute une dimension de luxe \u00e0 toute exp\u00e9rience.","breadcrumb":{"@id":"https:\/\/liberatorshop.eu\/fr\/product\/meilleures-ventes\/liberator-black-label-center-stage\/#breadcrumb"},"inLanguage":"fr-FR","potentialAction":[{"@type":"ReadAction","target":["https:\/\/liberatorshop.eu\/fr\/product\/meilleures-ventes\/liberator-black-label-center-stage\/"]}]},{"@type":"ImageObject","inLanguage":"fr-FR","@id":"https:\/\/liberatorshop.eu\/fr\/product\/meilleures-ventes\/liberator-black-label-center-stage\/#primaryimage","url":"https:\/\/liberatorshop.eu\/wp-content\/uploads\/2023\/04\/blcenterstage1.jpg","contentUrl":"https:\/\/liberatorshop.eu\/wp-content\/uploads\/2023\/04\/blcenterstage1.jpg","width":2000,"height":2000},{"@type":"BreadcrumbList","@id":"https:\/\/liberatorshop.eu\/fr\/product\/meilleures-ventes\/liberator-black-label-center-stage\/#breadcrumb","itemListElement":[{"@type":"ListItem","position":1,"name":"Home","item":"https:\/\/liberatorshop.eu\/fr\/"},{"@type":"ListItem","position":2,"name":"Acceuil","item":"https:\/\/liberatorshop.eu\/fr\/"},{"@type":"ListItem","position":3,"name":"Liberator Black Label Center Stage"}]},{"@type":"WebSite","@id":"https:\/\/liberatorshop.eu\/fr\/#website","url":"https:\/\/liberatorshop.eu\/fr\/","name":"Liberatorshop.eu","description":"Liberatorshop - Love All Ways","publisher":{"@id":"https:\/\/liberatorshop.eu\/fr\/#organization"},"potentialAction":[{"@type":"SearchAction","target":{"@type":"EntryPoint","urlTemplate":"https:\/\/liberatorshop.eu\/fr\/?s={search_term_string}"},"query-input":{"@type":"PropertyValueSpecification","valueRequired":true,"valueName":"search_term_string"}}],"inLanguage":"fr-FR"},{"@type":"Organization","@id":"https:\/\/liberatorshop.eu\/fr\/#organization","name":"Liberatorshop","url":"https:\/\/liberatorshop.eu\/fr\/","logo":{"@type":"ImageObject","inLanguage":"fr-FR","@id":"https:\/\/liberatorshop.eu\/fr\/#\/schema\/logo\/image\/","url":"https:\/\/liberatorshop.eu\/wp-content\/uploads\/2023\/09\/flip-ramp-EXAMPLES-1500-x-500-px.png","contentUrl":"https:\/\/liberatorshop.eu\/wp-content\/uploads\/2023\/09\/flip-ramp-EXAMPLES-1500-x-500-px.png","width":2560,"height":854,"caption":"Liberatorshop"},"image":{"@id":"https:\/\/liberatorshop.eu\/fr\/#\/schema\/logo\/image\/"}}]}},"_links":{"self":[{"href":"https:\/\/liberatorshop.eu\/fr\/wp-json\/wp\/v2\/product\/92785","targetHints":{"allow":["GET"]}}],"collection":[{"href":"https:\/\/liberatorshop.eu\/fr\/wp-json\/wp\/v2\/product"}],"about":[{"href":"https:\/\/liberatorshop.eu\/fr\/wp-json\/wp\/v2\/types\/product"}],"replies":[{"embeddable":true,"href":"https:\/\/liberatorshop.eu\/fr\/wp-json\/wp\/v2\/comments?post=92785"}],"wp:featuredmedia":[{"embeddable":true,"href":"https:\/\/liberatorshop.eu\/fr\/wp-json\/wp\/v2\/media\/92732"}],"wp:attachment":[{"href":"https:\/\/liberatorshop.eu\/fr\/wp-json\/wp\/v2\/media?parent=92785"}],"wp:term":[{"taxonomy":"product_brand","embeddable":true,"href":"https:\/\/liberatorshop.eu\/fr\/wp-json\/wp\/v2\/product_brand?post=92785"},{"taxonomy":"product_cat","embeddable":true,"href":"https:\/\/liberatorshop.eu\/fr\/wp-json\/wp\/v2\/product_cat?post=92785"},{"taxonomy":"product_tag","embeddable":true,"href":"https:\/\/liberatorshop.eu\/fr\/wp-json\/wp\/v2\/product_tag?post=92785"}],"curies":[{"name":"wp","href":"https:\/\/api.w.org\/{rel}","templated":true}]}}