{"id":93303,"date":"2023-04-10T08:12:15","date_gmt":"2023-04-10T07:12:15","guid":{"rendered":"https:\/\/liberatorshop.eu\/product\/non%20class\u00e9\/liberator-center-stage\/"},"modified":"2024-10-21T06:56:38","modified_gmt":"2024-10-21T05:56:38","slug":"liberator-center-stage","status":"publish","type":"product","link":"https:\/\/liberatorshop.eu\/fr\/product\/liberator-fr\/liberator-center-stage\/","title":{"rendered":"Liberator Center Stage"},"content":{"rendered":"<p><strong>Vivez l&rsquo;intimit\u00e9 comme jamais auparavant avec la sc\u00e8ne centrale Liberator<\/strong><\/p>\n<h3>Transformez votre chambre en un th\u00e9\u00e2tre sensuel<\/h3>\n<p>D\u00e9couvrez le <strong>Liberator Center Stage<\/strong>, o\u00f9 chaque instant devient une performance sensuelle. Cette plateforme est parfaite pour les couples qui d\u00e9sirent plus de profondeur dans leurs \u00e9bats amoureux. Des massages \u00e9rotiques aux jeux passionnants, le Center Stage donne le ton.<\/p>\n<h3>Confort et connexion<\/h3>\n<p>Chaque contact devient plus intense gr\u00e2ce au traversin de positionnement ergonomique. Cela fournit un soutien l\u00e0 o\u00f9 cela est n\u00e9cessaire, rend accessibles de nouvelles positions et r\u00e9duit la pression sur le dos. Explorer ensemble n\u2019a jamais \u00e9t\u00e9 aussi confortable.<\/p>\n<h3>Luxe et fonctionnalit\u00e9<\/h3>\n<p>Avec son \u00e9l\u00e9gant simili cuir et sa microfibre de nylon r\u00e9sistante, le Center Stage est une \u0153uvre d&rsquo;art durable dans votre chambre. Il est compatible avec tous les lubrifiants et facile \u00e0 nettoyer, pour des moments intimes sans soucis.<\/p>\n<h3>Simple et discret<\/h3>\n<p>Apr\u00e8s la passion, vous pouvez ranger le Center Stage sans effort. Il se glisse sous n&rsquo;importe quel lit, pr\u00eat pour votre prochaine aventure.<\/p>\n<p>Ajoutez plus d&rsquo;aventure \u00e0 votre vie amoureuse avec notre <a href=\"https:\/\/liberatorshop.eu\/product_cat\/liberator\/\" target=\"_new\" rel=\"noopener\">collection compl\u00e8te de Liberator<\/a>.<\/p>\n<h3>Amenez votre vie amoureuse vers de nouveaux sommets<\/h3>\n<p>Laissez la sc\u00e8ne centrale Liberator devenir le c\u0153ur de votre chambre. O\u00f9 passion et confort se r\u00e9unissent pour des moments inoubliables.<\/p>\n<p>D\u00e9couvrez d\u00e8s maintenant la <strong>Liberator Center Stage<\/strong> et laissez votre vie amoureuse s&rsquo;\u00e9panouir.<\/p>\n","protected":false},"excerpt":{"rendered":"<p>D\u00e9couvrez le <strong>Liberator Center Stage<\/strong>, o\u00f9 chaque instant devient une performance sensuelle. Cette plateforme est parfaite pour les couples qui d\u00e9sirent plus de profondeur dans leurs \u00e9bats amoureux. Des massages \u00e9rotiques aux jeux passionnants, le Center Stage donne le ton.<\/p>\n","protected":false},"featured_media":93058,"comment_status":"open","ping_status":"closed","template":"","meta":[],"product_brand":[],"product_cat":[15763,16185],"product_tag":[15779,15805,15909],"class_list":{"0":"post-93303","1":"product","2":"type-product","3":"status-publish","4":"has-post-thumbnail","6":"product_cat-liberator-fr","7":"product_cat-meilleures-ventes","8":"product_tag-liberator-fr","9":"product_tag-positions-sexuelles","10":"product_tag-positions-sexuelles-fr","11":"product_shipping_class-envoi-1-2-jours-ouvres","13":"first","14":"instock","15":"sale","16":"taxable","17":"shipping-taxable","18":"purchasable","19":"product-type-simple"},"yoast_head":"<!-- This site is optimized with the Yoast SEO plugin v27.3 - https:\/\/yoast.com\/product\/yoast-seo-wordpress\/ -->\n<title>Liberator Center Stage - Liberatorshop - Meubles sexuels et oreillers sexuels \u00e0 d\u00e9couvrir<\/title>\n<meta name=\"description\" content=\"D\u00e9couvrez la magie du Liberator Center Stage : la plateforme pour une intimit\u00e9 plus profonde et des aventures sensuelles. Ajoutez une dimension \u00e0 votre vie amoureuse.\" \/>\n<meta name=\"robots\" content=\"index, follow, max-snippet:-1, max-image-preview:large, max-video-preview:-1\" \/>\n<link rel=\"canonical\" href=\"https:\/\/liberatorshop.eu\/fr\/product\/liberator-fr\/liberator-center-stage\/\" \/>\n<meta property=\"og:locale\" content=\"fr_FR\" \/>\n<meta property=\"og:type\" content=\"article\" \/>\n<meta property=\"og:title\" content=\"Liberator Center Stage - Liberatorshop - Meubles sexuels et oreillers sexuels \u00e0 d\u00e9couvrir\" \/>\n<meta property=\"og:description\" content=\"D\u00e9couvrez la magie du Liberator Center Stage : la plateforme pour une intimit\u00e9 plus profonde et des aventures sensuelles. Ajoutez une dimension \u00e0 votre vie amoureuse.\" \/>\n<meta property=\"og:url\" content=\"https:\/\/liberatorshop.eu\/fr\/product\/liberator-fr\/liberator-center-stage\/\" \/>\n<meta property=\"og:site_name\" content=\"Liberatorshop - Meubles sexuels et oreillers sexuels \u00e0 d\u00e9couvrir\" \/>\n<meta property=\"article:modified_time\" content=\"2024-10-21T05:56:38+00:00\" \/>\n<meta property=\"og:image\" content=\"https:\/\/liberatorshop.eu\/wp-content\/uploads\/2023\/04\/centerstage3.jpg\" \/>\n\t<meta property=\"og:image:width\" content=\"2000\" \/>\n\t<meta property=\"og:image:height\" content=\"2000\" \/>\n\t<meta property=\"og:image:type\" content=\"image\/jpeg\" \/>\n<meta name=\"twitter:card\" content=\"summary_large_image\" \/>\n<meta name=\"twitter:label1\" content=\"Dur\u00e9e de lecture estim\u00e9e\" \/>\n\t<meta name=\"twitter:data1\" content=\"1 minute\" \/>\n<script type=\"application\/ld+json\" class=\"yoast-schema-graph\">{\"@context\":\"https:\\\/\\\/schema.org\",\"@graph\":[{\"@type\":\"WebPage\",\"@id\":\"https:\\\/\\\/liberatorshop.eu\\\/fr\\\/product\\\/liberator-fr\\\/liberator-center-stage\\\/\",\"url\":\"https:\\\/\\\/liberatorshop.eu\\\/fr\\\/product\\\/liberator-fr\\\/liberator-center-stage\\\/\",\"name\":\"Liberator Center Stage - Liberatorshop - Meubles sexuels et oreillers sexuels \u00e0 d\u00e9couvrir\",\"isPartOf\":{\"@id\":\"https:\\\/\\\/liberatorshop.eu\\\/fr\\\/#website\"},\"primaryImageOfPage\":{\"@id\":\"https:\\\/\\\/liberatorshop.eu\\\/fr\\\/product\\\/liberator-fr\\\/liberator-center-stage\\\/#primaryimage\"},\"image\":{\"@id\":\"https:\\\/\\\/liberatorshop.eu\\\/fr\\\/product\\\/liberator-fr\\\/liberator-center-stage\\\/#primaryimage\"},\"thumbnailUrl\":\"https:\\\/\\\/liberatorshop.eu\\\/wp-content\\\/uploads\\\/2023\\\/04\\\/centerstage3.jpg\",\"datePublished\":\"2023-04-10T07:12:15+00:00\",\"dateModified\":\"2024-10-21T05:56:38+00:00\",\"description\":\"D\u00e9couvrez la magie du Liberator Center Stage : la plateforme pour une intimit\u00e9 plus profonde et des aventures sensuelles. Ajoutez une dimension \u00e0 votre vie amoureuse.\",\"breadcrumb\":{\"@id\":\"https:\\\/\\\/liberatorshop.eu\\\/fr\\\/product\\\/liberator-fr\\\/liberator-center-stage\\\/#breadcrumb\"},\"inLanguage\":\"fr-FR\",\"potentialAction\":[{\"@type\":\"ReadAction\",\"target\":[\"https:\\\/\\\/liberatorshop.eu\\\/fr\\\/product\\\/liberator-fr\\\/liberator-center-stage\\\/\"]}]},{\"@type\":\"ImageObject\",\"inLanguage\":\"fr-FR\",\"@id\":\"https:\\\/\\\/liberatorshop.eu\\\/fr\\\/product\\\/liberator-fr\\\/liberator-center-stage\\\/#primaryimage\",\"url\":\"https:\\\/\\\/liberatorshop.eu\\\/wp-content\\\/uploads\\\/2023\\\/04\\\/centerstage3.jpg\",\"contentUrl\":\"https:\\\/\\\/liberatorshop.eu\\\/wp-content\\\/uploads\\\/2023\\\/04\\\/centerstage3.jpg\",\"width\":2000,\"height\":2000},{\"@type\":\"BreadcrumbList\",\"@id\":\"https:\\\/\\\/liberatorshop.eu\\\/fr\\\/product\\\/liberator-fr\\\/liberator-center-stage\\\/#breadcrumb\",\"itemListElement\":[{\"@type\":\"ListItem\",\"position\":1,\"name\":\"Home\",\"item\":\"https:\\\/\\\/liberatorshop.eu\\\/fr\\\/\"},{\"@type\":\"ListItem\",\"position\":2,\"name\":\"Acceuil\",\"item\":\"https:\\\/\\\/liberatorshop.eu\\\/fr\\\/\"},{\"@type\":\"ListItem\",\"position\":3,\"name\":\"Liberator Center Stage\"}]},{\"@type\":\"WebSite\",\"@id\":\"https:\\\/\\\/liberatorshop.eu\\\/fr\\\/#website\",\"url\":\"https:\\\/\\\/liberatorshop.eu\\\/fr\\\/\",\"name\":\"Liberatorshop.eu\",\"description\":\"Liberatorshop - Love All Ways\",\"publisher\":{\"@id\":\"https:\\\/\\\/liberatorshop.eu\\\/fr\\\/#organization\"},\"potentialAction\":[{\"@type\":\"SearchAction\",\"target\":{\"@type\":\"EntryPoint\",\"urlTemplate\":\"https:\\\/\\\/liberatorshop.eu\\\/fr\\\/?s={search_term_string}\"},\"query-input\":{\"@type\":\"PropertyValueSpecification\",\"valueRequired\":true,\"valueName\":\"search_term_string\"}}],\"inLanguage\":\"fr-FR\"},{\"@type\":\"Organization\",\"@id\":\"https:\\\/\\\/liberatorshop.eu\\\/fr\\\/#organization\",\"name\":\"Liberatorshop\",\"url\":\"https:\\\/\\\/liberatorshop.eu\\\/fr\\\/\",\"logo\":{\"@type\":\"ImageObject\",\"inLanguage\":\"fr-FR\",\"@id\":\"https:\\\/\\\/liberatorshop.eu\\\/fr\\\/#\\\/schema\\\/logo\\\/image\\\/\",\"url\":\"https:\\\/\\\/liberatorshop.eu\\\/wp-content\\\/uploads\\\/2023\\\/09\\\/flip-ramp-EXAMPLES-1500-x-500-px.png\",\"contentUrl\":\"https:\\\/\\\/liberatorshop.eu\\\/wp-content\\\/uploads\\\/2023\\\/09\\\/flip-ramp-EXAMPLES-1500-x-500-px.png\",\"width\":2560,\"height\":854,\"caption\":\"Liberatorshop\"},\"image\":{\"@id\":\"https:\\\/\\\/liberatorshop.eu\\\/fr\\\/#\\\/schema\\\/logo\\\/image\\\/\"}}]}<\/script>\n<!-- \/ Yoast SEO plugin. -->","yoast_head_json":{"title":"Liberator Center Stage - Liberatorshop - Meubles sexuels et oreillers sexuels \u00e0 d\u00e9couvrir","description":"D\u00e9couvrez la magie du Liberator Center Stage : la plateforme pour une intimit\u00e9 plus profonde et des aventures sensuelles. Ajoutez une dimension \u00e0 votre vie amoureuse.","robots":{"index":"index","follow":"follow","max-snippet":"max-snippet:-1","max-image-preview":"max-image-preview:large","max-video-preview":"max-video-preview:-1"},"canonical":"https:\/\/liberatorshop.eu\/fr\/product\/liberator-fr\/liberator-center-stage\/","og_locale":"fr_FR","og_type":"article","og_title":"Liberator Center Stage - Liberatorshop - Meubles sexuels et oreillers sexuels \u00e0 d\u00e9couvrir","og_description":"D\u00e9couvrez la magie du Liberator Center Stage : la plateforme pour une intimit\u00e9 plus profonde et des aventures sensuelles. Ajoutez une dimension \u00e0 votre vie amoureuse.","og_url":"https:\/\/liberatorshop.eu\/fr\/product\/liberator-fr\/liberator-center-stage\/","og_site_name":"Liberatorshop - Meubles sexuels et oreillers sexuels \u00e0 d\u00e9couvrir","article_modified_time":"2024-10-21T05:56:38+00:00","og_image":[{"width":2000,"height":2000,"url":"https:\/\/liberatorshop.eu\/wp-content\/uploads\/2023\/04\/centerstage3.jpg","type":"image\/jpeg"}],"twitter_card":"summary_large_image","twitter_misc":{"Dur\u00e9e de lecture estim\u00e9e":"1 minute"},"schema":{"@context":"https:\/\/schema.org","@graph":[{"@type":"WebPage","@id":"https:\/\/liberatorshop.eu\/fr\/product\/liberator-fr\/liberator-center-stage\/","url":"https:\/\/liberatorshop.eu\/fr\/product\/liberator-fr\/liberator-center-stage\/","name":"Liberator Center Stage - Liberatorshop - Meubles sexuels et oreillers sexuels \u00e0 d\u00e9couvrir","isPartOf":{"@id":"https:\/\/liberatorshop.eu\/fr\/#website"},"primaryImageOfPage":{"@id":"https:\/\/liberatorshop.eu\/fr\/product\/liberator-fr\/liberator-center-stage\/#primaryimage"},"image":{"@id":"https:\/\/liberatorshop.eu\/fr\/product\/liberator-fr\/liberator-center-stage\/#primaryimage"},"thumbnailUrl":"https:\/\/liberatorshop.eu\/wp-content\/uploads\/2023\/04\/centerstage3.jpg","datePublished":"2023-04-10T07:12:15+00:00","dateModified":"2024-10-21T05:56:38+00:00","description":"D\u00e9couvrez la magie du Liberator Center Stage : la plateforme pour une intimit\u00e9 plus profonde et des aventures sensuelles. Ajoutez une dimension \u00e0 votre vie amoureuse.","breadcrumb":{"@id":"https:\/\/liberatorshop.eu\/fr\/product\/liberator-fr\/liberator-center-stage\/#breadcrumb"},"inLanguage":"fr-FR","potentialAction":[{"@type":"ReadAction","target":["https:\/\/liberatorshop.eu\/fr\/product\/liberator-fr\/liberator-center-stage\/"]}]},{"@type":"ImageObject","inLanguage":"fr-FR","@id":"https:\/\/liberatorshop.eu\/fr\/product\/liberator-fr\/liberator-center-stage\/#primaryimage","url":"https:\/\/liberatorshop.eu\/wp-content\/uploads\/2023\/04\/centerstage3.jpg","contentUrl":"https:\/\/liberatorshop.eu\/wp-content\/uploads\/2023\/04\/centerstage3.jpg","width":2000,"height":2000},{"@type":"BreadcrumbList","@id":"https:\/\/liberatorshop.eu\/fr\/product\/liberator-fr\/liberator-center-stage\/#breadcrumb","itemListElement":[{"@type":"ListItem","position":1,"name":"Home","item":"https:\/\/liberatorshop.eu\/fr\/"},{"@type":"ListItem","position":2,"name":"Acceuil","item":"https:\/\/liberatorshop.eu\/fr\/"},{"@type":"ListItem","position":3,"name":"Liberator Center Stage"}]},{"@type":"WebSite","@id":"https:\/\/liberatorshop.eu\/fr\/#website","url":"https:\/\/liberatorshop.eu\/fr\/","name":"Liberatorshop.eu","description":"Liberatorshop - Love All Ways","publisher":{"@id":"https:\/\/liberatorshop.eu\/fr\/#organization"},"potentialAction":[{"@type":"SearchAction","target":{"@type":"EntryPoint","urlTemplate":"https:\/\/liberatorshop.eu\/fr\/?s={search_term_string}"},"query-input":{"@type":"PropertyValueSpecification","valueRequired":true,"valueName":"search_term_string"}}],"inLanguage":"fr-FR"},{"@type":"Organization","@id":"https:\/\/liberatorshop.eu\/fr\/#organization","name":"Liberatorshop","url":"https:\/\/liberatorshop.eu\/fr\/","logo":{"@type":"ImageObject","inLanguage":"fr-FR","@id":"https:\/\/liberatorshop.eu\/fr\/#\/schema\/logo\/image\/","url":"https:\/\/liberatorshop.eu\/wp-content\/uploads\/2023\/09\/flip-ramp-EXAMPLES-1500-x-500-px.png","contentUrl":"https:\/\/liberatorshop.eu\/wp-content\/uploads\/2023\/09\/flip-ramp-EXAMPLES-1500-x-500-px.png","width":2560,"height":854,"caption":"Liberatorshop"},"image":{"@id":"https:\/\/liberatorshop.eu\/fr\/#\/schema\/logo\/image\/"}}]}},"_links":{"self":[{"href":"https:\/\/liberatorshop.eu\/fr\/wp-json\/wp\/v2\/product\/93303","targetHints":{"allow":["GET"]}}],"collection":[{"href":"https:\/\/liberatorshop.eu\/fr\/wp-json\/wp\/v2\/product"}],"about":[{"href":"https:\/\/liberatorshop.eu\/fr\/wp-json\/wp\/v2\/types\/product"}],"replies":[{"embeddable":true,"href":"https:\/\/liberatorshop.eu\/fr\/wp-json\/wp\/v2\/comments?post=93303"}],"wp:featuredmedia":[{"embeddable":true,"href":"https:\/\/liberatorshop.eu\/fr\/wp-json\/wp\/v2\/media\/93058"}],"wp:attachment":[{"href":"https:\/\/liberatorshop.eu\/fr\/wp-json\/wp\/v2\/media?parent=93303"}],"wp:term":[{"taxonomy":"product_brand","embeddable":true,"href":"https:\/\/liberatorshop.eu\/fr\/wp-json\/wp\/v2\/product_brand?post=93303"},{"taxonomy":"product_cat","embeddable":true,"href":"https:\/\/liberatorshop.eu\/fr\/wp-json\/wp\/v2\/product_cat?post=93303"},{"taxonomy":"product_tag","embeddable":true,"href":"https:\/\/liberatorshop.eu\/fr\/wp-json\/wp\/v2\/product_tag?post=93303"}],"curies":[{"name":"wp","href":"https:\/\/api.w.org\/{rel}","templated":true}]}}