{"id":94012,"date":"2023-07-30T12:59:35","date_gmt":"2023-08-26T18:54:27","guid":{"rendered":"https:\/\/liberatorshop.eu\/product\/non%20class\u00e9\/palmpower-recharge-wand-masseur-bleu\/"},"modified":"2024-06-12T00:19:18","modified_gmt":"2024-06-11T23:19:18","slug":"palmpower-recharge-wand-massager-blue","status":"publish","type":"product","link":"https:\/\/liberatorshop.eu\/fr\/product\/liberatorshop-jouets-sexuels\/palmpower-recharge-wand-massager-blue\/","title":{"rendered":"PalmPower &#8211; Recharge Wand Masseur Bleu"},"content":{"rendered":"<p>Plongez dans le monde d&rsquo;une relaxation in\u00e9gal\u00e9e avec le <strong>masseur PalmPower Recharge Wand<\/strong> d&rsquo;un bleu enchanteur. Cette baguette compacte mais puissante promet une exp\u00e9rience enchanteresse \u00e0 chaque fois, que vous recherchiez des massages profonds et relaxants ou une stimulation personnelle intense.<\/p>\n<p><strong>Caract\u00e9ristiques les plus importantes :<\/strong><\/p>\n<ul>\n<li><strong>Conception flexible :<\/strong> avec un cou doux et pliable et une t\u00eate en silicone soyeuse, ce masseur s&rsquo;adapte parfaitement \u00e0 votre corps.<\/li>\n<li><strong>Convivial :<\/strong> la technologie unique d&rsquo;appui et de maintien vous permet de passer sans effort d&rsquo;une vitesse \u00e0 l&rsquo;autre, tandis que le verrou de voyage maintient votre masseur en s\u00e9curit\u00e9 lors de vos d\u00e9placements.<\/li>\n<li><strong>Amusement longue dur\u00e9e :<\/strong> profitez jusqu&rsquo;\u00e0 90 minutes d&rsquo;utilisation sans fil apr\u00e8s seulement 2,5 heures de charge via le c\u00e2ble USB inclus.<\/li>\n<\/ul>\n<p><strong>Dimensions :<\/strong> Longueur : 18,8 cm Largeur : 4,1 cm<\/p>\n<p><strong>Votre partenaire de relaxation ultime :<\/strong> Avec sa conception \u00e9tanche, le PalmPower Recharge est votre compagnon id\u00e9al pour des moments de d\u00e9tente dans le bain ou sous la douche. Cela le rend non seulement polyvalent, mais \u00e9galement facile \u00e0 entretenir.<\/p>\n<p><strong>Recommand\u00e9 par les professionnels :<\/strong> prim\u00e9 et recommand\u00e9 par des experts de l&rsquo;industrie comme Sunny Megatron, le PalmPower Recharge est connu pour sa puissance et son efficacit\u00e9 sup\u00e9rieures sans l&rsquo;inconfort d&rsquo;engourdissement qu&rsquo;apportent certains autres masseurs.<\/p>\n<p>D\u00e9couvrez tous nos <a href=\"https:\/\/liberatorshop.eu\/product_cat\/liberatorshop-sextoys\/\">sextoys !<\/a><\/p>\n","protected":false},"excerpt":{"rendered":"<p>Plongez dans le monde d&rsquo;une relaxation in\u00e9gal\u00e9e avec le <strong>masseur PalmPower Recharge Wand<\/strong> d&rsquo;un bleu enchanteur. Cette baguette compacte mais puissante promet une exp\u00e9rience enchanteresse \u00e0 chaque fois, que vous recherchiez des massages profonds et relaxants ou une stimulation personnelle intense.<\/p>\n","protected":false},"featured_media":98940,"comment_status":"closed","ping_status":"closed","template":"","meta":[],"product_brand":[],"product_cat":[20714],"product_tag":[],"class_list":{"0":"post-94012","1":"product","2":"type-product","3":"status-publish","4":"has-post-thumbnail","6":"product_cat-liberatorshop-jouets-sexuels","7":"product_shipping_class-envoi-3-4-jours-ouvres","8":"pa_kleur-noir","9":"pa_merk-palmpower-fr","11":"first","12":"instock","13":"purchasable","14":"product-type-simple"},"yoast_head":"<!-- This site is optimized with the Yoast SEO plugin v27.3 - https:\/\/yoast.com\/product\/yoast-seo-wordpress\/ -->\n<title>PalmPower - Recharge Wand Masseur Bleu - Liberatorshop - Meubles sexuels et oreillers sexuels \u00e0 d\u00e9couvrir<\/title>\n<meta name=\"description\" content=\"Plongez dans le monde d&#039;une relaxation in\u00e9gal\u00e9e avec le masseur PalmPower Recharge Wand d&#039;un bleu enchanteur. Cette baguette compacte mais puissante promet une exp\u00e9rience enchanteresse \u00e0 chaque fois, que vous recherchiez des massages profonds et relaxants ou une stimulation personnelle intense.\" \/>\n<meta name=\"robots\" content=\"index, follow, max-snippet:-1, max-image-preview:large, max-video-preview:-1\" \/>\n<link rel=\"canonical\" href=\"https:\/\/liberatorshop.eu\/fr\/product\/liberatorshop-jouets-sexuels\/palmpower-recharge-wand-massager-blue\/\" \/>\n<meta property=\"og:locale\" content=\"fr_FR\" \/>\n<meta property=\"og:type\" content=\"article\" \/>\n<meta property=\"og:title\" content=\"PalmPower - Recharge Wand Masseur Bleu - Liberatorshop - Meubles sexuels et oreillers sexuels \u00e0 d\u00e9couvrir\" \/>\n<meta property=\"og:description\" content=\"Plongez dans le monde d&#039;une relaxation in\u00e9gal\u00e9e avec le masseur PalmPower Recharge Wand d&#039;un bleu enchanteur. Cette baguette compacte mais puissante promet une exp\u00e9rience enchanteresse \u00e0 chaque fois, que vous recherchiez des massages profonds et relaxants ou une stimulation personnelle intense.\" \/>\n<meta property=\"og:url\" content=\"https:\/\/liberatorshop.eu\/fr\/product\/liberatorshop-jouets-sexuels\/palmpower-recharge-wand-massager-blue\/\" \/>\n<meta property=\"og:site_name\" content=\"Liberatorshop - Meubles sexuels et oreillers sexuels \u00e0 d\u00e9couvrir\" \/>\n<meta property=\"article:modified_time\" content=\"2024-06-11T23:19:18+00:00\" \/>\n<meta property=\"og:image\" content=\"https:\/\/liberatorshop.eu\/wp-content\/uploads\/2023\/07\/E34025.jpg\" \/>\n\t<meta property=\"og:image:width\" content=\"590\" \/>\n\t<meta property=\"og:image:height\" content=\"590\" \/>\n\t<meta property=\"og:image:type\" content=\"image\/jpeg\" \/>\n<meta name=\"twitter:card\" content=\"summary_large_image\" \/>\n<meta name=\"twitter:label1\" content=\"Dur\u00e9e de lecture estim\u00e9e\" \/>\n\t<meta name=\"twitter:data1\" content=\"1 minute\" \/>\n<script type=\"application\/ld+json\" class=\"yoast-schema-graph\">{\"@context\":\"https:\\\/\\\/schema.org\",\"@graph\":[{\"@type\":\"WebPage\",\"@id\":\"https:\\\/\\\/liberatorshop.eu\\\/fr\\\/product\\\/liberatorshop-jouets-sexuels\\\/palmpower-recharge-wand-massager-blue\\\/\",\"url\":\"https:\\\/\\\/liberatorshop.eu\\\/fr\\\/product\\\/liberatorshop-jouets-sexuels\\\/palmpower-recharge-wand-massager-blue\\\/\",\"name\":\"PalmPower - Recharge Wand Masseur Bleu - Liberatorshop - Meubles sexuels et oreillers sexuels \u00e0 d\u00e9couvrir\",\"isPartOf\":{\"@id\":\"https:\\\/\\\/liberatorshop.eu\\\/fr\\\/#website\"},\"primaryImageOfPage\":{\"@id\":\"https:\\\/\\\/liberatorshop.eu\\\/fr\\\/product\\\/liberatorshop-jouets-sexuels\\\/palmpower-recharge-wand-massager-blue\\\/#primaryimage\"},\"image\":{\"@id\":\"https:\\\/\\\/liberatorshop.eu\\\/fr\\\/product\\\/liberatorshop-jouets-sexuels\\\/palmpower-recharge-wand-massager-blue\\\/#primaryimage\"},\"thumbnailUrl\":\"https:\\\/\\\/liberatorshop.eu\\\/wp-content\\\/uploads\\\/2023\\\/07\\\/E34025.jpg\",\"datePublished\":\"2023-08-26T18:54:27+00:00\",\"dateModified\":\"2024-06-11T23:19:18+00:00\",\"description\":\"Plongez dans le monde d'une relaxation in\u00e9gal\u00e9e avec le masseur PalmPower Recharge Wand d'un bleu enchanteur. Cette baguette compacte mais puissante promet une exp\u00e9rience enchanteresse \u00e0 chaque fois, que vous recherchiez des massages profonds et relaxants ou une stimulation personnelle intense.\",\"breadcrumb\":{\"@id\":\"https:\\\/\\\/liberatorshop.eu\\\/fr\\\/product\\\/liberatorshop-jouets-sexuels\\\/palmpower-recharge-wand-massager-blue\\\/#breadcrumb\"},\"inLanguage\":\"fr-FR\",\"potentialAction\":[{\"@type\":\"ReadAction\",\"target\":[\"https:\\\/\\\/liberatorshop.eu\\\/fr\\\/product\\\/liberatorshop-jouets-sexuels\\\/palmpower-recharge-wand-massager-blue\\\/\"]}]},{\"@type\":\"ImageObject\",\"inLanguage\":\"fr-FR\",\"@id\":\"https:\\\/\\\/liberatorshop.eu\\\/fr\\\/product\\\/liberatorshop-jouets-sexuels\\\/palmpower-recharge-wand-massager-blue\\\/#primaryimage\",\"url\":\"https:\\\/\\\/liberatorshop.eu\\\/wp-content\\\/uploads\\\/2023\\\/07\\\/E34025.jpg\",\"contentUrl\":\"https:\\\/\\\/liberatorshop.eu\\\/wp-content\\\/uploads\\\/2023\\\/07\\\/E34025.jpg\",\"width\":590,\"height\":590},{\"@type\":\"BreadcrumbList\",\"@id\":\"https:\\\/\\\/liberatorshop.eu\\\/fr\\\/product\\\/liberatorshop-jouets-sexuels\\\/palmpower-recharge-wand-massager-blue\\\/#breadcrumb\",\"itemListElement\":[{\"@type\":\"ListItem\",\"position\":1,\"name\":\"Home\",\"item\":\"https:\\\/\\\/liberatorshop.eu\\\/fr\\\/\"},{\"@type\":\"ListItem\",\"position\":2,\"name\":\"Acceuil\",\"item\":\"https:\\\/\\\/liberatorshop.eu\\\/fr\\\/\"},{\"@type\":\"ListItem\",\"position\":3,\"name\":\"PalmPower &#8211; Recharge Wand Masseur Bleu\"}]},{\"@type\":\"WebSite\",\"@id\":\"https:\\\/\\\/liberatorshop.eu\\\/fr\\\/#website\",\"url\":\"https:\\\/\\\/liberatorshop.eu\\\/fr\\\/\",\"name\":\"Liberatorshop.eu\",\"description\":\"Liberatorshop - Love All Ways\",\"publisher\":{\"@id\":\"https:\\\/\\\/liberatorshop.eu\\\/fr\\\/#organization\"},\"potentialAction\":[{\"@type\":\"SearchAction\",\"target\":{\"@type\":\"EntryPoint\",\"urlTemplate\":\"https:\\\/\\\/liberatorshop.eu\\\/fr\\\/?s={search_term_string}\"},\"query-input\":{\"@type\":\"PropertyValueSpecification\",\"valueRequired\":true,\"valueName\":\"search_term_string\"}}],\"inLanguage\":\"fr-FR\"},{\"@type\":\"Organization\",\"@id\":\"https:\\\/\\\/liberatorshop.eu\\\/fr\\\/#organization\",\"name\":\"Liberatorshop\",\"url\":\"https:\\\/\\\/liberatorshop.eu\\\/fr\\\/\",\"logo\":{\"@type\":\"ImageObject\",\"inLanguage\":\"fr-FR\",\"@id\":\"https:\\\/\\\/liberatorshop.eu\\\/fr\\\/#\\\/schema\\\/logo\\\/image\\\/\",\"url\":\"https:\\\/\\\/liberatorshop.eu\\\/wp-content\\\/uploads\\\/2023\\\/09\\\/flip-ramp-EXAMPLES-1500-x-500-px.png\",\"contentUrl\":\"https:\\\/\\\/liberatorshop.eu\\\/wp-content\\\/uploads\\\/2023\\\/09\\\/flip-ramp-EXAMPLES-1500-x-500-px.png\",\"width\":2560,\"height\":854,\"caption\":\"Liberatorshop\"},\"image\":{\"@id\":\"https:\\\/\\\/liberatorshop.eu\\\/fr\\\/#\\\/schema\\\/logo\\\/image\\\/\"}}]}<\/script>\n<!-- \/ Yoast SEO plugin. -->","yoast_head_json":{"title":"PalmPower - Recharge Wand Masseur Bleu - Liberatorshop - Meubles sexuels et oreillers sexuels \u00e0 d\u00e9couvrir","description":"Plongez dans le monde d'une relaxation in\u00e9gal\u00e9e avec le masseur PalmPower Recharge Wand d'un bleu enchanteur. Cette baguette compacte mais puissante promet une exp\u00e9rience enchanteresse \u00e0 chaque fois, que vous recherchiez des massages profonds et relaxants ou une stimulation personnelle intense.","robots":{"index":"index","follow":"follow","max-snippet":"max-snippet:-1","max-image-preview":"max-image-preview:large","max-video-preview":"max-video-preview:-1"},"canonical":"https:\/\/liberatorshop.eu\/fr\/product\/liberatorshop-jouets-sexuels\/palmpower-recharge-wand-massager-blue\/","og_locale":"fr_FR","og_type":"article","og_title":"PalmPower - Recharge Wand Masseur Bleu - Liberatorshop - Meubles sexuels et oreillers sexuels \u00e0 d\u00e9couvrir","og_description":"Plongez dans le monde d'une relaxation in\u00e9gal\u00e9e avec le masseur PalmPower Recharge Wand d'un bleu enchanteur. Cette baguette compacte mais puissante promet une exp\u00e9rience enchanteresse \u00e0 chaque fois, que vous recherchiez des massages profonds et relaxants ou une stimulation personnelle intense.","og_url":"https:\/\/liberatorshop.eu\/fr\/product\/liberatorshop-jouets-sexuels\/palmpower-recharge-wand-massager-blue\/","og_site_name":"Liberatorshop - Meubles sexuels et oreillers sexuels \u00e0 d\u00e9couvrir","article_modified_time":"2024-06-11T23:19:18+00:00","og_image":[{"width":590,"height":590,"url":"https:\/\/liberatorshop.eu\/wp-content\/uploads\/2023\/07\/E34025.jpg","type":"image\/jpeg"}],"twitter_card":"summary_large_image","twitter_misc":{"Dur\u00e9e de lecture estim\u00e9e":"1 minute"},"schema":{"@context":"https:\/\/schema.org","@graph":[{"@type":"WebPage","@id":"https:\/\/liberatorshop.eu\/fr\/product\/liberatorshop-jouets-sexuels\/palmpower-recharge-wand-massager-blue\/","url":"https:\/\/liberatorshop.eu\/fr\/product\/liberatorshop-jouets-sexuels\/palmpower-recharge-wand-massager-blue\/","name":"PalmPower - Recharge Wand Masseur Bleu - Liberatorshop - Meubles sexuels et oreillers sexuels \u00e0 d\u00e9couvrir","isPartOf":{"@id":"https:\/\/liberatorshop.eu\/fr\/#website"},"primaryImageOfPage":{"@id":"https:\/\/liberatorshop.eu\/fr\/product\/liberatorshop-jouets-sexuels\/palmpower-recharge-wand-massager-blue\/#primaryimage"},"image":{"@id":"https:\/\/liberatorshop.eu\/fr\/product\/liberatorshop-jouets-sexuels\/palmpower-recharge-wand-massager-blue\/#primaryimage"},"thumbnailUrl":"https:\/\/liberatorshop.eu\/wp-content\/uploads\/2023\/07\/E34025.jpg","datePublished":"2023-08-26T18:54:27+00:00","dateModified":"2024-06-11T23:19:18+00:00","description":"Plongez dans le monde d'une relaxation in\u00e9gal\u00e9e avec le masseur PalmPower Recharge Wand d'un bleu enchanteur. Cette baguette compacte mais puissante promet une exp\u00e9rience enchanteresse \u00e0 chaque fois, que vous recherchiez des massages profonds et relaxants ou une stimulation personnelle intense.","breadcrumb":{"@id":"https:\/\/liberatorshop.eu\/fr\/product\/liberatorshop-jouets-sexuels\/palmpower-recharge-wand-massager-blue\/#breadcrumb"},"inLanguage":"fr-FR","potentialAction":[{"@type":"ReadAction","target":["https:\/\/liberatorshop.eu\/fr\/product\/liberatorshop-jouets-sexuels\/palmpower-recharge-wand-massager-blue\/"]}]},{"@type":"ImageObject","inLanguage":"fr-FR","@id":"https:\/\/liberatorshop.eu\/fr\/product\/liberatorshop-jouets-sexuels\/palmpower-recharge-wand-massager-blue\/#primaryimage","url":"https:\/\/liberatorshop.eu\/wp-content\/uploads\/2023\/07\/E34025.jpg","contentUrl":"https:\/\/liberatorshop.eu\/wp-content\/uploads\/2023\/07\/E34025.jpg","width":590,"height":590},{"@type":"BreadcrumbList","@id":"https:\/\/liberatorshop.eu\/fr\/product\/liberatorshop-jouets-sexuels\/palmpower-recharge-wand-massager-blue\/#breadcrumb","itemListElement":[{"@type":"ListItem","position":1,"name":"Home","item":"https:\/\/liberatorshop.eu\/fr\/"},{"@type":"ListItem","position":2,"name":"Acceuil","item":"https:\/\/liberatorshop.eu\/fr\/"},{"@type":"ListItem","position":3,"name":"PalmPower &#8211; Recharge Wand Masseur Bleu"}]},{"@type":"WebSite","@id":"https:\/\/liberatorshop.eu\/fr\/#website","url":"https:\/\/liberatorshop.eu\/fr\/","name":"Liberatorshop.eu","description":"Liberatorshop - Love All Ways","publisher":{"@id":"https:\/\/liberatorshop.eu\/fr\/#organization"},"potentialAction":[{"@type":"SearchAction","target":{"@type":"EntryPoint","urlTemplate":"https:\/\/liberatorshop.eu\/fr\/?s={search_term_string}"},"query-input":{"@type":"PropertyValueSpecification","valueRequired":true,"valueName":"search_term_string"}}],"inLanguage":"fr-FR"},{"@type":"Organization","@id":"https:\/\/liberatorshop.eu\/fr\/#organization","name":"Liberatorshop","url":"https:\/\/liberatorshop.eu\/fr\/","logo":{"@type":"ImageObject","inLanguage":"fr-FR","@id":"https:\/\/liberatorshop.eu\/fr\/#\/schema\/logo\/image\/","url":"https:\/\/liberatorshop.eu\/wp-content\/uploads\/2023\/09\/flip-ramp-EXAMPLES-1500-x-500-px.png","contentUrl":"https:\/\/liberatorshop.eu\/wp-content\/uploads\/2023\/09\/flip-ramp-EXAMPLES-1500-x-500-px.png","width":2560,"height":854,"caption":"Liberatorshop"},"image":{"@id":"https:\/\/liberatorshop.eu\/fr\/#\/schema\/logo\/image\/"}}]}},"_links":{"self":[{"href":"https:\/\/liberatorshop.eu\/fr\/wp-json\/wp\/v2\/product\/94012","targetHints":{"allow":["GET"]}}],"collection":[{"href":"https:\/\/liberatorshop.eu\/fr\/wp-json\/wp\/v2\/product"}],"about":[{"href":"https:\/\/liberatorshop.eu\/fr\/wp-json\/wp\/v2\/types\/product"}],"replies":[{"embeddable":true,"href":"https:\/\/liberatorshop.eu\/fr\/wp-json\/wp\/v2\/comments?post=94012"}],"wp:featuredmedia":[{"embeddable":true,"href":"https:\/\/liberatorshop.eu\/fr\/wp-json\/wp\/v2\/media\/98940"}],"wp:attachment":[{"href":"https:\/\/liberatorshop.eu\/fr\/wp-json\/wp\/v2\/media?parent=94012"}],"wp:term":[{"taxonomy":"product_brand","embeddable":true,"href":"https:\/\/liberatorshop.eu\/fr\/wp-json\/wp\/v2\/product_brand?post=94012"},{"taxonomy":"product_cat","embeddable":true,"href":"https:\/\/liberatorshop.eu\/fr\/wp-json\/wp\/v2\/product_cat?post=94012"},{"taxonomy":"product_tag","embeddable":true,"href":"https:\/\/liberatorshop.eu\/fr\/wp-json\/wp\/v2\/product_tag?post=94012"}],"curies":[{"name":"wp","href":"https:\/\/api.w.org\/{rel}","templated":true}]}}