{"id":94133,"date":"2023-09-16T21:35:49","date_gmt":"2023-09-16T20:35:49","guid":{"rendered":"https:\/\/liberatorshop.eu\/product\/non%20class\u00e9\/brutus-sling-stand-kit\/"},"modified":"2024-03-23T23:50:24","modified_gmt":"2024-03-23T22:50:24","slug":"brutus-sling-stand-kit","status":"publish","type":"product","link":"https:\/\/liberatorshop.eu\/fr\/product\/meilleures-ventes\/brutus-sling-stand-kit\/","title":{"rendered":"BRUTUS Sling Stand Kit"},"content":{"rendered":"<div class=\"ewa-rteLine\">\n<p>D\u00e9couvrez le summum du plaisir BDSM avec le <strong>kit BRUTUS Sling Stand<\/strong> &#8211; le compl\u00e9ment ultime \u00e0 votre collection de jeux \u00e9rotiques, exclusivement disponible sur liberatorshop.eu. Ce kit tout-en-un fait passer votre exp\u00e9rience de harnais \u00e0 un niveau sup\u00e9rieur sans avoir besoin de percer les murs ou les plafonds, garantissant une installation simple et une discr\u00e9tion ultime.<\/p>\n<p>Con\u00e7u avec le souci du d\u00e9tail et la facilit\u00e9 d&rsquo;utilisation, le kit de cadre de support BRUTUS Sling promet de r\u00e9volutionner votre jeu BDSM. Le kit est livr\u00e9 avec un cadre robuste et des sangles en nylon r\u00e9glables int\u00e9gr\u00e9es, permettant un r\u00e9glage de la hauteur sans effort sans avoir \u00e0 quitter le harnais. L&rsquo;ajout d&rsquo;yeux suppl\u00e9mentaires sur les coins inf\u00e9rieurs du cadre ouvre un nouveau monde de possibilit\u00e9s de bondage, faisant de ce cadre une pi\u00e8ce ma\u00eetresse polyvalente pour toutes vos aventures \u00e9rotiques.<\/p>\n<p>Le BRUTUS Sling Stand est non seulement fonctionnel, mais aussi exceptionnellement robuste, test\u00e9 pour une charge dynamique de 150 kilos. Cela garantit une exp\u00e9rience s\u00fbre et sans souci pour les personnes de toutes tailles. En plus des avantages pratiques, le kit est con\u00e7u pour la discr\u00e9tion et la commodit\u00e9 ; comprenant un \u00e9tui de transport durable et des mat\u00e9riaux faciles \u00e0 laver, ce qui facilite le nettoyage et le rangement.<\/p>\n<p>Inclus dans ce kit :<\/p>\n<ul>\n<li>Cadre solide avec pieds de protection en caoutchouc<\/li>\n<li>Tapis confortable avec coussin, con\u00e7u pour les longues sessions<\/li>\n<li>Sangles et passants de pieds r\u00e9glables pour un confort personnalis\u00e9<\/li>\n<li>Options de bondage avec yeux et sangles suppl\u00e9mentaires<\/li>\n<li>Mallette de transport durable pour le stockage et le transport<\/li>\n<\/ul>\n<p>Le kit BRUTUS Sling Stand incarne l\u2019\u00e9quilibre parfait entre confort, fonctionnalit\u00e9 et aventure, ce qui en fait un atout essentiel pour tout amateur de BDSM. Am\u00e9liorez votre jeu et d\u00e9couvrez des possibilit\u00e9s illimit\u00e9es avec ce kit indispensable de liberatorshop.eu.<\/p>\n<p>D\u00e9couvrez tous nos produits <a href=\"https:\/\/liberatorshop.eu\/product_cat\/liberatorshop-bdsm\/\">BDSM<\/a>.<\/p>\n<\/div>\n","protected":false},"excerpt":{"rendered":"<p>D\u00e9couvrez le summum du plaisir BDSM avec le <strong>kit BRUTUS Sling Stand<\/strong> &#8211; le compl\u00e9ment ultime \u00e0 votre collection de jeux \u00e9rotiques, exclusivement disponible sur liberatorshop.eu.<\/p>\n","protected":false},"featured_media":94070,"comment_status":"open","ping_status":"closed","template":"","meta":[],"product_brand":[],"product_cat":[20714,16185],"product_tag":[16144,20830,15780],"class_list":{"0":"post-94133","1":"product","2":"type-product","3":"status-publish","4":"has-post-thumbnail","6":"product_cat-liberatorshop-jouets-sexuels","7":"product_cat-meilleures-ventes","8":"product_tag-bdsm-fr","9":"product_tag-brutus-fr","10":"product_tag-esclavage","11":"product_shipping_class-envoi-3-4-jours-ouvres","13":"first","14":"instock","15":"taxable","16":"shipping-taxable","17":"purchasable","18":"product-type-simple"},"yoast_head":"<!-- This site is optimized with the Yoast SEO plugin v27.3 - https:\/\/yoast.com\/product\/yoast-seo-wordpress\/ -->\n<title>BRUTUS Sling Stand Kit - Liberatorshop - Meubles sexuels et oreillers sexuels \u00e0 d\u00e9couvrir<\/title>\n<meta name=\"description\" content=\"Le kit BRUTUS Sling Stand incarne l\u2019\u00e9quilibre parfait entre confort, fonctionnalit\u00e9 et aventure, ce qui en fait un atout essentiel pour tout amateur de BDSM. Am\u00e9liorez votre jeu et d\u00e9couvrez des possibilit\u00e9s illimit\u00e9es avec ce kit indispensable de liberatorshop.eu.\" \/>\n<meta name=\"robots\" content=\"index, follow, max-snippet:-1, max-image-preview:large, max-video-preview:-1\" \/>\n<link rel=\"canonical\" href=\"https:\/\/liberatorshop.eu\/fr\/product\/meilleures-ventes\/brutus-sling-stand-kit\/\" \/>\n<meta property=\"og:locale\" content=\"fr_FR\" \/>\n<meta property=\"og:type\" content=\"article\" \/>\n<meta property=\"og:title\" content=\"BRUTUS Sling Stand Kit - Liberatorshop - Meubles sexuels et oreillers sexuels \u00e0 d\u00e9couvrir\" \/>\n<meta property=\"og:description\" content=\"Le kit BRUTUS Sling Stand incarne l\u2019\u00e9quilibre parfait entre confort, fonctionnalit\u00e9 et aventure, ce qui en fait un atout essentiel pour tout amateur de BDSM. Am\u00e9liorez votre jeu et d\u00e9couvrez des possibilit\u00e9s illimit\u00e9es avec ce kit indispensable de liberatorshop.eu.\" \/>\n<meta property=\"og:url\" content=\"https:\/\/liberatorshop.eu\/fr\/product\/meilleures-ventes\/brutus-sling-stand-kit\/\" \/>\n<meta property=\"og:site_name\" content=\"Liberatorshop - Meubles sexuels et oreillers sexuels \u00e0 d\u00e9couvrir\" \/>\n<meta property=\"article:modified_time\" content=\"2024-03-23T22:50:24+00:00\" \/>\n<meta property=\"og:image\" content=\"https:\/\/liberatorshop.eu\/wp-content\/uploads\/2023\/09\/BRUTUS_Sling_Stand_kit_01-scaled.jpg\" \/>\n\t<meta property=\"og:image:width\" content=\"1996\" \/>\n\t<meta property=\"og:image:height\" content=\"2560\" \/>\n\t<meta property=\"og:image:type\" content=\"image\/jpeg\" \/>\n<meta name=\"twitter:card\" content=\"summary_large_image\" \/>\n<meta name=\"twitter:label1\" content=\"Dur\u00e9e de lecture estim\u00e9e\" \/>\n\t<meta name=\"twitter:data1\" content=\"2 minutes\" \/>\n<script type=\"application\/ld+json\" class=\"yoast-schema-graph\">{\"@context\":\"https:\\\/\\\/schema.org\",\"@graph\":[{\"@type\":\"WebPage\",\"@id\":\"https:\\\/\\\/liberatorshop.eu\\\/fr\\\/product\\\/meilleures-ventes\\\/brutus-sling-stand-kit\\\/\",\"url\":\"https:\\\/\\\/liberatorshop.eu\\\/fr\\\/product\\\/meilleures-ventes\\\/brutus-sling-stand-kit\\\/\",\"name\":\"BRUTUS Sling Stand Kit - Liberatorshop - Meubles sexuels et oreillers sexuels \u00e0 d\u00e9couvrir\",\"isPartOf\":{\"@id\":\"https:\\\/\\\/liberatorshop.eu\\\/fr\\\/#website\"},\"primaryImageOfPage\":{\"@id\":\"https:\\\/\\\/liberatorshop.eu\\\/fr\\\/product\\\/meilleures-ventes\\\/brutus-sling-stand-kit\\\/#primaryimage\"},\"image\":{\"@id\":\"https:\\\/\\\/liberatorshop.eu\\\/fr\\\/product\\\/meilleures-ventes\\\/brutus-sling-stand-kit\\\/#primaryimage\"},\"thumbnailUrl\":\"https:\\\/\\\/liberatorshop.eu\\\/wp-content\\\/uploads\\\/2023\\\/09\\\/BRUTUS_Sling_Stand_kit_01-scaled.jpg\",\"datePublished\":\"2023-09-16T20:35:49+00:00\",\"dateModified\":\"2024-03-23T22:50:24+00:00\",\"description\":\"Le kit BRUTUS Sling Stand incarne l\u2019\u00e9quilibre parfait entre confort, fonctionnalit\u00e9 et aventure, ce qui en fait un atout essentiel pour tout amateur de BDSM. Am\u00e9liorez votre jeu et d\u00e9couvrez des possibilit\u00e9s illimit\u00e9es avec ce kit indispensable de liberatorshop.eu.\",\"breadcrumb\":{\"@id\":\"https:\\\/\\\/liberatorshop.eu\\\/fr\\\/product\\\/meilleures-ventes\\\/brutus-sling-stand-kit\\\/#breadcrumb\"},\"inLanguage\":\"fr-FR\",\"potentialAction\":[{\"@type\":\"ReadAction\",\"target\":[\"https:\\\/\\\/liberatorshop.eu\\\/fr\\\/product\\\/meilleures-ventes\\\/brutus-sling-stand-kit\\\/\"]}]},{\"@type\":\"ImageObject\",\"inLanguage\":\"fr-FR\",\"@id\":\"https:\\\/\\\/liberatorshop.eu\\\/fr\\\/product\\\/meilleures-ventes\\\/brutus-sling-stand-kit\\\/#primaryimage\",\"url\":\"https:\\\/\\\/liberatorshop.eu\\\/wp-content\\\/uploads\\\/2023\\\/09\\\/BRUTUS_Sling_Stand_kit_01-scaled.jpg\",\"contentUrl\":\"https:\\\/\\\/liberatorshop.eu\\\/wp-content\\\/uploads\\\/2023\\\/09\\\/BRUTUS_Sling_Stand_kit_01-scaled.jpg\",\"width\":1996,\"height\":2560},{\"@type\":\"BreadcrumbList\",\"@id\":\"https:\\\/\\\/liberatorshop.eu\\\/fr\\\/product\\\/meilleures-ventes\\\/brutus-sling-stand-kit\\\/#breadcrumb\",\"itemListElement\":[{\"@type\":\"ListItem\",\"position\":1,\"name\":\"Home\",\"item\":\"https:\\\/\\\/liberatorshop.eu\\\/fr\\\/\"},{\"@type\":\"ListItem\",\"position\":2,\"name\":\"Acceuil\",\"item\":\"https:\\\/\\\/liberatorshop.eu\\\/fr\\\/\"},{\"@type\":\"ListItem\",\"position\":3,\"name\":\"BRUTUS Sling Stand Kit\"}]},{\"@type\":\"WebSite\",\"@id\":\"https:\\\/\\\/liberatorshop.eu\\\/fr\\\/#website\",\"url\":\"https:\\\/\\\/liberatorshop.eu\\\/fr\\\/\",\"name\":\"Liberatorshop.eu\",\"description\":\"Liberatorshop - Love All Ways\",\"publisher\":{\"@id\":\"https:\\\/\\\/liberatorshop.eu\\\/fr\\\/#organization\"},\"potentialAction\":[{\"@type\":\"SearchAction\",\"target\":{\"@type\":\"EntryPoint\",\"urlTemplate\":\"https:\\\/\\\/liberatorshop.eu\\\/fr\\\/?s={search_term_string}\"},\"query-input\":{\"@type\":\"PropertyValueSpecification\",\"valueRequired\":true,\"valueName\":\"search_term_string\"}}],\"inLanguage\":\"fr-FR\"},{\"@type\":\"Organization\",\"@id\":\"https:\\\/\\\/liberatorshop.eu\\\/fr\\\/#organization\",\"name\":\"Liberatorshop\",\"url\":\"https:\\\/\\\/liberatorshop.eu\\\/fr\\\/\",\"logo\":{\"@type\":\"ImageObject\",\"inLanguage\":\"fr-FR\",\"@id\":\"https:\\\/\\\/liberatorshop.eu\\\/fr\\\/#\\\/schema\\\/logo\\\/image\\\/\",\"url\":\"https:\\\/\\\/liberatorshop.eu\\\/wp-content\\\/uploads\\\/2023\\\/09\\\/flip-ramp-EXAMPLES-1500-x-500-px.png\",\"contentUrl\":\"https:\\\/\\\/liberatorshop.eu\\\/wp-content\\\/uploads\\\/2023\\\/09\\\/flip-ramp-EXAMPLES-1500-x-500-px.png\",\"width\":2560,\"height\":854,\"caption\":\"Liberatorshop\"},\"image\":{\"@id\":\"https:\\\/\\\/liberatorshop.eu\\\/fr\\\/#\\\/schema\\\/logo\\\/image\\\/\"}}]}<\/script>\n<!-- \/ Yoast SEO plugin. -->","yoast_head_json":{"title":"BRUTUS Sling Stand Kit - Liberatorshop - Meubles sexuels et oreillers sexuels \u00e0 d\u00e9couvrir","description":"Le kit BRUTUS Sling Stand incarne l\u2019\u00e9quilibre parfait entre confort, fonctionnalit\u00e9 et aventure, ce qui en fait un atout essentiel pour tout amateur de BDSM. Am\u00e9liorez votre jeu et d\u00e9couvrez des possibilit\u00e9s illimit\u00e9es avec ce kit indispensable de liberatorshop.eu.","robots":{"index":"index","follow":"follow","max-snippet":"max-snippet:-1","max-image-preview":"max-image-preview:large","max-video-preview":"max-video-preview:-1"},"canonical":"https:\/\/liberatorshop.eu\/fr\/product\/meilleures-ventes\/brutus-sling-stand-kit\/","og_locale":"fr_FR","og_type":"article","og_title":"BRUTUS Sling Stand Kit - Liberatorshop - Meubles sexuels et oreillers sexuels \u00e0 d\u00e9couvrir","og_description":"Le kit BRUTUS Sling Stand incarne l\u2019\u00e9quilibre parfait entre confort, fonctionnalit\u00e9 et aventure, ce qui en fait un atout essentiel pour tout amateur de BDSM. Am\u00e9liorez votre jeu et d\u00e9couvrez des possibilit\u00e9s illimit\u00e9es avec ce kit indispensable de liberatorshop.eu.","og_url":"https:\/\/liberatorshop.eu\/fr\/product\/meilleures-ventes\/brutus-sling-stand-kit\/","og_site_name":"Liberatorshop - Meubles sexuels et oreillers sexuels \u00e0 d\u00e9couvrir","article_modified_time":"2024-03-23T22:50:24+00:00","og_image":[{"width":1996,"height":2560,"url":"https:\/\/liberatorshop.eu\/wp-content\/uploads\/2023\/09\/BRUTUS_Sling_Stand_kit_01-scaled.jpg","type":"image\/jpeg"}],"twitter_card":"summary_large_image","twitter_misc":{"Dur\u00e9e de lecture estim\u00e9e":"2 minutes"},"schema":{"@context":"https:\/\/schema.org","@graph":[{"@type":"WebPage","@id":"https:\/\/liberatorshop.eu\/fr\/product\/meilleures-ventes\/brutus-sling-stand-kit\/","url":"https:\/\/liberatorshop.eu\/fr\/product\/meilleures-ventes\/brutus-sling-stand-kit\/","name":"BRUTUS Sling Stand Kit - Liberatorshop - Meubles sexuels et oreillers sexuels \u00e0 d\u00e9couvrir","isPartOf":{"@id":"https:\/\/liberatorshop.eu\/fr\/#website"},"primaryImageOfPage":{"@id":"https:\/\/liberatorshop.eu\/fr\/product\/meilleures-ventes\/brutus-sling-stand-kit\/#primaryimage"},"image":{"@id":"https:\/\/liberatorshop.eu\/fr\/product\/meilleures-ventes\/brutus-sling-stand-kit\/#primaryimage"},"thumbnailUrl":"https:\/\/liberatorshop.eu\/wp-content\/uploads\/2023\/09\/BRUTUS_Sling_Stand_kit_01-scaled.jpg","datePublished":"2023-09-16T20:35:49+00:00","dateModified":"2024-03-23T22:50:24+00:00","description":"Le kit BRUTUS Sling Stand incarne l\u2019\u00e9quilibre parfait entre confort, fonctionnalit\u00e9 et aventure, ce qui en fait un atout essentiel pour tout amateur de BDSM. Am\u00e9liorez votre jeu et d\u00e9couvrez des possibilit\u00e9s illimit\u00e9es avec ce kit indispensable de liberatorshop.eu.","breadcrumb":{"@id":"https:\/\/liberatorshop.eu\/fr\/product\/meilleures-ventes\/brutus-sling-stand-kit\/#breadcrumb"},"inLanguage":"fr-FR","potentialAction":[{"@type":"ReadAction","target":["https:\/\/liberatorshop.eu\/fr\/product\/meilleures-ventes\/brutus-sling-stand-kit\/"]}]},{"@type":"ImageObject","inLanguage":"fr-FR","@id":"https:\/\/liberatorshop.eu\/fr\/product\/meilleures-ventes\/brutus-sling-stand-kit\/#primaryimage","url":"https:\/\/liberatorshop.eu\/wp-content\/uploads\/2023\/09\/BRUTUS_Sling_Stand_kit_01-scaled.jpg","contentUrl":"https:\/\/liberatorshop.eu\/wp-content\/uploads\/2023\/09\/BRUTUS_Sling_Stand_kit_01-scaled.jpg","width":1996,"height":2560},{"@type":"BreadcrumbList","@id":"https:\/\/liberatorshop.eu\/fr\/product\/meilleures-ventes\/brutus-sling-stand-kit\/#breadcrumb","itemListElement":[{"@type":"ListItem","position":1,"name":"Home","item":"https:\/\/liberatorshop.eu\/fr\/"},{"@type":"ListItem","position":2,"name":"Acceuil","item":"https:\/\/liberatorshop.eu\/fr\/"},{"@type":"ListItem","position":3,"name":"BRUTUS Sling Stand Kit"}]},{"@type":"WebSite","@id":"https:\/\/liberatorshop.eu\/fr\/#website","url":"https:\/\/liberatorshop.eu\/fr\/","name":"Liberatorshop.eu","description":"Liberatorshop - Love All Ways","publisher":{"@id":"https:\/\/liberatorshop.eu\/fr\/#organization"},"potentialAction":[{"@type":"SearchAction","target":{"@type":"EntryPoint","urlTemplate":"https:\/\/liberatorshop.eu\/fr\/?s={search_term_string}"},"query-input":{"@type":"PropertyValueSpecification","valueRequired":true,"valueName":"search_term_string"}}],"inLanguage":"fr-FR"},{"@type":"Organization","@id":"https:\/\/liberatorshop.eu\/fr\/#organization","name":"Liberatorshop","url":"https:\/\/liberatorshop.eu\/fr\/","logo":{"@type":"ImageObject","inLanguage":"fr-FR","@id":"https:\/\/liberatorshop.eu\/fr\/#\/schema\/logo\/image\/","url":"https:\/\/liberatorshop.eu\/wp-content\/uploads\/2023\/09\/flip-ramp-EXAMPLES-1500-x-500-px.png","contentUrl":"https:\/\/liberatorshop.eu\/wp-content\/uploads\/2023\/09\/flip-ramp-EXAMPLES-1500-x-500-px.png","width":2560,"height":854,"caption":"Liberatorshop"},"image":{"@id":"https:\/\/liberatorshop.eu\/fr\/#\/schema\/logo\/image\/"}}]}},"_links":{"self":[{"href":"https:\/\/liberatorshop.eu\/fr\/wp-json\/wp\/v2\/product\/94133","targetHints":{"allow":["GET"]}}],"collection":[{"href":"https:\/\/liberatorshop.eu\/fr\/wp-json\/wp\/v2\/product"}],"about":[{"href":"https:\/\/liberatorshop.eu\/fr\/wp-json\/wp\/v2\/types\/product"}],"replies":[{"embeddable":true,"href":"https:\/\/liberatorshop.eu\/fr\/wp-json\/wp\/v2\/comments?post=94133"}],"wp:featuredmedia":[{"embeddable":true,"href":"https:\/\/liberatorshop.eu\/fr\/wp-json\/wp\/v2\/media\/94070"}],"wp:attachment":[{"href":"https:\/\/liberatorshop.eu\/fr\/wp-json\/wp\/v2\/media?parent=94133"}],"wp:term":[{"taxonomy":"product_brand","embeddable":true,"href":"https:\/\/liberatorshop.eu\/fr\/wp-json\/wp\/v2\/product_brand?post=94133"},{"taxonomy":"product_cat","embeddable":true,"href":"https:\/\/liberatorshop.eu\/fr\/wp-json\/wp\/v2\/product_cat?post=94133"},{"taxonomy":"product_tag","embeddable":true,"href":"https:\/\/liberatorshop.eu\/fr\/wp-json\/wp\/v2\/product_tag?post=94133"}],"curies":[{"name":"wp","href":"https:\/\/api.w.org\/{rel}","templated":true}]}}